{"id":240946,"date":"2022-10-24T09:22:03","date_gmt":"2022-10-24T07:22:03","guid":{"rendered":"https:\/\/www.ferrovial.com\/?page_id=240946"},"modified":"2024-09-11T15:47:39","modified_gmt":"2024-09-11T13:47:39","slug":"escalera-de-caracol","status":"publish","type":"page","link":"https:\/\/www.ferrovial.com\/es\/stem\/escalera-de-caracol\/","title":{"rendered":"Escalera de caracol"},"content":{"rendered":"    <m-final-content-header >\n            <c-breadcrumb label-text=\"Breadcrumb\" slot=\"breadcrumbs\" type='2' align='left' wrap='wrapped wrapped' aria-label='Vienes de STEM'>\n                        <ol>\n\n                                                            <li><a href=\"https:\/\/www.ferrovial.com\/es\/\" title=\"Ferrovial\">Ferrovial<\/a><\/li>\n                                                                        <li><a href=\"https:\/\/www.ferrovial.com\/es\/stem\/\" title=\"STEM\">STEM<\/a><\/li>\n                                    \n                <\/ol>\n\n                <\/c-breadcrumb>\n    \n        <div slot=\"header\">\n            <h1>\n                \u00bfQu\u00e9 es una escalera de caracol?            <\/h1>\n                    <\/div>\n    <\/m-final-content-header>\n\n    \n\n\n<m-wysiwig class=\"wp-block-components-wysiwyg\"><div slot=\"maincontent\">\n<p><script>\n{\n  \"@context\": \"https:\/\/schema.org\",\n  \"@type\": \"FAQPage\",\n  \"mainEntity\": [{\n    \"@type\": \"Question\",\n    \"name\": \"\u00bfQu\u00e9 es una escalera de caracol?\",\n    \"acceptedAnswer\": {\n      \"@type\": \"Answer\",\n      \"text\": \"Una escalera de caracol es una estructura que se construye alrededor de un poste central que funciona como eje para la sucesi\u00f3n de escalones.\"\n    }\n  },{\n    \"@type\": \"Question\",\n    \"name\": \"\u00bfCu\u00e1les son las principales caracter\u00edsticas de una escalera de caracol?\",\n    \"acceptedAnswer\": {\n      \"@type\": \"Answer\",\n      \"text\": \"La proyectaci\u00f3n de una escalera de caracol es muy importante y debe tener en cuenta varios aspectos para que no resulte inc\u00f3moda o peligrosa. En primer lugar, se deben tomar en cuenta los puntos de inicio y fin, para calcular: los grados de giro, la altura de los pelda\u00f1os, la superficie y forma de cada escal\u00f3n.\"\n    }\n  },{\n    \"@type\": \"Question\",\n    \"name\": \"\u00bfQu\u00e9 tipos de escaleras de caracol existen?\",\n    \"acceptedAnswer\": {\n      \"@type\": \"Answer\",\n      \"text\": \"Los tipos de escaleras de caracol m\u00e1s conocidos son:\n<ul>\n<li>Escalera de caracol de eje cerrado<\/li>\n<li>Escalera de caracol con alma<\/li>\n<li>Escalera de caracol y de ojo<\/li>\n<\/ul>\"\n    }\n  },{\n    \"@type\": \"Question\",\n    \"name\": \"\u00bfQu\u00e9 diferencia existe entre una escalera de caracol y una escalera helicoidal?\",\n    \"acceptedAnswer\": {\n      \"@type\": \"Answer\",\n      \"text\": \"Si bien ambos tipos de escaleras comparten la caracter\u00edstica de ser la estructura opuesta a una escalera tradicional, guardan las siguientes diferencias:\n<ul>\n<li>La estructura de una escalera de caracol es curva y gira alrededor de una columna recta que funciona como eje central, mientras que una escalera helicoidal no necesita de un poste central, por lo que puede variar en forma y estructura gracias a su eje curvo que acompa\u00f1a la posici\u00f3n de los pelda\u00f1os. <\/li>\n<li>Las escaleras de caracol ocupan menos espacio que las helicoidales y son ideales para espacios reducidos. No obstante, suelen ser m\u00e1s estrechas y pueden resultar, para algunos, inc\u00f3modas. Por su parte, las helicoidales al necesitar m\u00e1s espacio para su instalaci\u00f3n, resultan m\u00e1s c\u00f3modas en su uso. <\/li>\n<\/ul>\"\n    }\n  },{\n    \"@type\": \"Question\",\n    \"name\": \"\u00bfCu\u00e1les son las principales ventajas y desventajas de una escalera de caracol?\",\n    \"acceptedAnswer\": {\n      \"@type\": \"Answer\",\n      \"text\": \"El principal beneficio de una escalera de caracol es la optimizaci\u00f3n del espacio, pues necesita un punto de apoyo peque\u00f1o y, en total, ocupa un \u00e1rea muy reducida respecto a otros tipos de escalera.\"\n    }\n  }]\n}\n<\/script><\/p>\n\n\n\n<p>Una escalera de caracol es una estructura que<strong>\u00a0se construye alrededor de un poste central que funciona como eje para la sucesi\u00f3n de escalones.<\/strong><\/p>\n\n\n\n<p>El origen de este tipo de escalera se remonta a la <strong>Edad Media<\/strong>. Se utilizaban tanto con fines est\u00e9ticos como para la defensa (su estructura dificulta el avance de posibles atacantes). Hoy en d\u00eda todav\u00eda se ven en castillos, fortalezas e iglesias que han sobrevivido en el tiempo.<\/p>\n\n\n\n<h2 class=\"wp-block-heading\"><strong>\u00bfCu\u00e1les son las principales caracter\u00edsticas de una escalera de caracol?<\/strong><\/h2>\n\n\n\n<p>La proyectaci\u00f3n de una escalera de caracol es muy importante y debe tener en cuenta varios aspectos para que no resulte inc\u00f3moda o peligrosa. En primer lugar, se deben tomar en cuenta los <strong>puntos de inicio y fin<\/strong>, para calcular: los <strong>grados de giro<\/strong>, la <strong>altura de los pelda\u00f1os<\/strong>, la <strong>superficie y forma <\/strong>de cada escal\u00f3n.<\/p>\n\n\n\n<p>Todos <strong>los pelda\u00f1os <\/strong>de una escalera de caracol <strong>tienen forma de trapecio,<\/strong> lo que significa que <strong>su parte exterior es m\u00e1s amplia y la superficie va disminuyendo de tama\u00f1o conforme se va acercando al centro<\/strong>.<strong> <\/strong>Quien sube o baja una escalera de caracol deber\u00eda circular por el borde exterior, donde el escal\u00f3n permite un apoyo mayor y m\u00e1s seguro.<\/p>\n\n\n\n<p>Una escalera de caracol puede construirse con el giro a la derecha o a la izquierda. La l\u00ednea de paso <strong>suele seguir las agujas del reloj<\/strong>, y normalmente incluye una barandilla para que las personas puedan sostenerse y aumentar la seguridad, especialmente en la bajada.<\/p>\n\n\n\n<h2 class=\"wp-block-heading\"><strong>&nbsp;\u00bfQu\u00e9 tipos de escaleras de caracol existen?<\/strong><\/h2>\n\n\n\n<p>Los tipos de escaleras de caracol m\u00e1s conocidos son:<\/p>\n\n\n\n<ul class=\"wp-block-list\">\n<li><strong>Escalera de caracol de eje cerrado:<\/strong> tambi\u00e9n llamada <strong><em>de husillo<\/em>,<\/strong> es una estructura circular seguida, sin descanso intermedio, unida y fijada a un eje central.&nbsp;<\/li>\n\n\n\n<li><strong>Escalera de caracol con alma:<\/strong> en <a href=\"https:\/\/www.ferrovial.com\/es\/recursos\/arquitectos\/\" target=\"_blank\" rel=\"noreferrer noopener\">arquitectura<\/a>, se entiende por <em>alma<\/em> al eje vertical de una escalera de caracol o, tambi\u00e9n, a un muro que sostiene los escalones. La caracter\u00edstica principal de este tipo de escalera es que sus pelda\u00f1os salen de un extremo espiral sin dejar hueco en su eje.&nbsp;<\/li>\n\n\n\n<li><strong>Escalera de caracol y de ojo: <\/strong>su eje central est\u00e1 abierto, y puede o no tener una barandilla. Construida alrededor de un pozo circular, con un hueco en el centro que se asemeja a un ojo.&nbsp;<\/li>\n<\/ul>\n\n\n\n<h2 class=\"wp-block-heading\"><strong>\u00bfQu\u00e9 diferencia existe entre una escalera de caracol y una escalera helicoidal?<\/strong><\/h2>\n\n\n\n<p>Si bien ambos tipos de escaleras <strong>comparten la caracter\u00edstica de ser la estructura opuesta a una escalera tradicional,<\/strong> guardan las siguientes diferencias:<\/p>\n\n\n\n<ul class=\"wp-block-list\">\n<li><strong>La estructura de una escalera de caracol es curva y gira alrededor de una columna recta<\/strong> que funciona como eje central, mientras que <strong>una escalera helicoidal no necesita de un poste central,<\/strong> por lo que puede variar en forma y estructura gracias a su eje curvo que acompa\u00f1a la posici\u00f3n de los pelda\u00f1os.&nbsp;<\/li>\n\n\n\n<li><strong>Las escaleras de caracol ocupan menos espacio<\/strong> que las helicoidales y <strong>son ideales para espacios reducidos.<\/strong> No obstante, <strong>suelen ser m\u00e1s estrechas<\/strong> y pueden resultar, para algunos, inc\u00f3modas. Por su parte, las <strong>helicoidales al necesitar m\u00e1s espacio para su instalaci\u00f3n, resultan m\u00e1s c\u00f3modas en su uso.&nbsp;<\/strong><\/li>\n<\/ul>\n\n\n\n<h2 class=\"wp-block-heading\"><strong>\u00bfCu\u00e1les son las principales ventajas y desventajas de una escalera de caracol?<\/strong><\/h2>\n\n\n\n<p>El principal <strong>beneficio <\/strong>de una escalera de caracol es la <strong>optimizaci\u00f3n del espacio<\/strong>, pues necesita un punto de apoyo peque\u00f1o y, en total, ocupa un <strong>\u00e1rea muy reducida <\/strong>respecto a otros tipos de escalera.<\/p>\n\n\n\n<p>En l\u00edneas generales, una escalera de caracol solo admite a <strong>una persona a la vez<\/strong>. Si dos o m\u00e1s personas suben o bajan, deben ir en la misma direcci\u00f3n y una detr\u00e1s de otra; no una al lado de otra, como podr\u00edan hacerlo con una escalera convencional. Por esta raz\u00f3n, las escaleras de caracol <strong>no son viables en espacios de mucho tr\u00e1nsito<\/strong>.<\/p>\n\n\n\n<p>Dado que se enrosca sobre s\u00ed misma, la escalera de caracol <strong>limita en altura <\/strong>el espacio de circulaci\u00f3n. Esto puede hacer que sea inc\u00f3moda para personas de mayor estatura, y hace muy dif\u00edcil, si no imposible, transportar a trav\u00e9s de ellas objetos voluminosos.<\/p>\n\n\n\n<p>Las escaleras de caracol son muy <strong>vers\u00e1tiles<\/strong>. Pueden construirse con gran cantidad de materiales y se adaptan perfectamente tanto a <strong>interiores como exteriores<\/strong>.<\/p>\n<\/div><\/m-wysiwig>\n","protected":false},"excerpt":{"rendered":"","protected":false},"featured_media":0,"parent":227878,"menu_order":0,"comment_status":"closed","ping_status":"closed","template":"","meta":{"_acf_changed":false,"footnotes":""},"class_list":["post-240946","page","type-page","status-publish","hentry"],"acf":[],"yoast_head":"<!-- This site is optimized with the Yoast SEO plugin v27.2 - https:\/\/yoast.com\/product\/yoast-seo-wordpress\/ -->\n<title>Escalera de caracol: qu\u00e9 es, principales caracter\u00edsticas, tipos... - Ferrovial<\/title>\n<meta name=\"description\" content=\"Una escalera de caracol es una estructura que se construye alrededor de un poste central que funciona como eje para la sucesi\u00f3n de escalones.\" \/>\n<meta name=\"robots\" content=\"index, follow, max-snippet:-1, max-image-preview:large, max-video-preview:-1\" \/>\n<link rel=\"canonical\" href=\"https:\/\/www.ferrovial.com\/es\/stem\/escalera-de-caracol\/\" \/>\n<meta property=\"og:locale\" content=\"es_ES\" \/>\n<meta property=\"og:type\" content=\"article\" \/>\n<meta property=\"og:title\" content=\"Escalera de caracol: qu\u00e9 es, principales caracter\u00edsticas, tipos... - Ferrovial\" \/>\n<meta property=\"og:description\" content=\"Una escalera de caracol es una estructura que se construye alrededor de un poste central que funciona como eje para la sucesi\u00f3n de escalones.\" \/>\n<meta property=\"og:url\" content=\"https:\/\/www.ferrovial.com\/es\/stem\/escalera-de-caracol\/\" \/>\n<meta property=\"og:site_name\" content=\"Ferrovial\" \/>\n<meta property=\"article:publisher\" content=\"https:\/\/www.facebook.com\/ferrovial\" \/>\n<meta property=\"article:modified_time\" content=\"2024-09-11T13:47:39+00:00\" \/>\n<meta name=\"twitter:card\" content=\"summary_large_image\" \/>\n<meta name=\"twitter:site\" content=\"@ferrovial\" \/>\n<meta name=\"twitter:label1\" content=\"Est. reading time\" \/>\n\t<meta name=\"twitter:data1\" content=\"5 minutos\" \/>\n<!-- \/ Yoast SEO plugin. -->","yoast_head_json":{"title":"Escalera de caracol: qu\u00e9 es, principales caracter\u00edsticas, tipos... - Ferrovial","description":"Una escalera de caracol es una estructura que se construye alrededor de un poste central que funciona como eje para la sucesi\u00f3n de escalones.","robots":{"index":"index","follow":"follow","max-snippet":"max-snippet:-1","max-image-preview":"max-image-preview:large","max-video-preview":"max-video-preview:-1"},"canonical":"https:\/\/www.ferrovial.com\/es\/stem\/escalera-de-caracol\/","og_locale":"es_ES","og_type":"article","og_title":"Escalera de caracol: qu\u00e9 es, principales caracter\u00edsticas, tipos... - Ferrovial","og_description":"Una escalera de caracol es una estructura que se construye alrededor de un poste central que funciona como eje para la sucesi\u00f3n de escalones.","og_url":"https:\/\/www.ferrovial.com\/es\/stem\/escalera-de-caracol\/","og_site_name":"Ferrovial","article_publisher":"https:\/\/www.facebook.com\/ferrovial","article_modified_time":"2024-09-11T13:47:39+00:00","twitter_card":"summary_large_image","twitter_site":"@ferrovial","twitter_misc":{"Est. reading time":"5 minutos"},"schema":{"@context":"https:\/\/schema.org","@graph":[{"@type":"WebPage","@id":"https:\/\/www.ferrovial.com\/es\/stem\/escalera-de-caracol\/","url":"https:\/\/www.ferrovial.com\/es\/stem\/escalera-de-caracol\/","name":"Escalera de caracol: qu\u00e9 es, principales caracter\u00edsticas, tipos... - Ferrovial","isPartOf":{"@id":"https:\/\/www.ferrovial.com\/es\/#website"},"datePublished":"2022-10-24T07:22:03+00:00","dateModified":"2024-09-11T13:47:39+00:00","description":"Una escalera de caracol es una estructura que se construye alrededor de un poste central que funciona como eje para la sucesi\u00f3n de escalones.","breadcrumb":{"@id":"https:\/\/www.ferrovial.com\/es\/stem\/escalera-de-caracol\/#breadcrumb"},"inLanguage":"es","potentialAction":[{"@type":"ReadAction","target":["https:\/\/www.ferrovial.com\/es\/stem\/escalera-de-caracol\/"]}]},{"@type":"BreadcrumbList","@id":"https:\/\/www.ferrovial.com\/es\/stem\/escalera-de-caracol\/#breadcrumb","itemListElement":[{"@type":"ListItem","position":1,"name":"Portada","item":"https:\/\/www.ferrovial.com\/es\/"},{"@type":"ListItem","position":2,"name":"STEM","item":"https:\/\/www.ferrovial.com\/es\/stem\/"},{"@type":"ListItem","position":3,"name":"Escalera de caracol"}]},{"@type":"WebSite","@id":"https:\/\/www.ferrovial.com\/es\/#website","url":"https:\/\/www.ferrovial.com\/es\/","name":"Ferrovial","description":"Welcome to the Ferrovial&#039;s website, global operator of sustainable infrastructure. Here you can find all the information about the company and subsidiaries.","publisher":{"@id":"https:\/\/www.ferrovial.com\/es\/#organization"},"potentialAction":[{"@type":"SearchAction","target":{"@type":"EntryPoint","urlTemplate":"https:\/\/www.ferrovial.com\/es\/?s={search_term_string}"},"query-input":{"@type":"PropertyValueSpecification","valueRequired":true,"valueName":"search_term_string"}}],"inLanguage":"es"},{"@type":"Organization","@id":"https:\/\/www.ferrovial.com\/es\/#organization","name":"Ferrovial S.A.","url":"https:\/\/www.ferrovial.com\/es\/","logo":{"@type":"ImageObject","inLanguage":"es","@id":"https:\/\/www.ferrovial.com\/es\/#\/schema\/logo\/image\/","url":"https:\/\/static.ferrovial.com\/wp-content\/uploads\/2020\/01\/13124948\/logo-ferrovial-cf7.png","contentUrl":"https:\/\/static.ferrovial.com\/wp-content\/uploads\/2020\/01\/13124948\/logo-ferrovial-cf7.png","width":144,"height":32,"caption":"Ferrovial S.A."},"image":{"@id":"https:\/\/www.ferrovial.com\/es\/#\/schema\/logo\/image\/"},"sameAs":["https:\/\/www.facebook.com\/ferrovial","https:\/\/x.com\/ferrovial","https:\/\/www.instagram.com\/ferrovial\/","https:\/\/www.linkedin.com\/company\/ferrovial","https:\/\/www.pinterest.es\/ferrovial\/","https:\/\/www.youtube.com\/ferrovial","https:\/\/en.wikipedia.org\/wiki\/Ferrovial"]}]}},"_links":{"self":[{"href":"https:\/\/www.ferrovial.com\/es\/wp-json\/wp\/v2\/pages\/240946","targetHints":{"allow":["GET"]}}],"collection":[{"href":"https:\/\/www.ferrovial.com\/es\/wp-json\/wp\/v2\/pages"}],"about":[{"href":"https:\/\/www.ferrovial.com\/es\/wp-json\/wp\/v2\/types\/page"}],"replies":[{"embeddable":true,"href":"https:\/\/www.ferrovial.com\/es\/wp-json\/wp\/v2\/comments?post=240946"}],"version-history":[{"count":3,"href":"https:\/\/www.ferrovial.com\/es\/wp-json\/wp\/v2\/pages\/240946\/revisions"}],"predecessor-version":[{"id":287994,"href":"https:\/\/www.ferrovial.com\/es\/wp-json\/wp\/v2\/pages\/240946\/revisions\/287994"}],"up":[{"embeddable":true,"href":"https:\/\/www.ferrovial.com\/es\/wp-json\/wp\/v2\/pages\/227878"}],"wp:attachment":[{"href":"https:\/\/www.ferrovial.com\/es\/wp-json\/wp\/v2\/media?parent=240946"}],"curies":[{"name":"wp","href":"https:\/\/api.w.org\/{rel}","templated":true}]}}