{"id":240949,"date":"2022-10-24T09:38:32","date_gmt":"2022-10-24T07:38:32","guid":{"rendered":"https:\/\/www.ferrovial.com\/?page_id=240949"},"modified":"2022-10-26T12:45:36","modified_gmt":"2022-10-26T10:45:36","slug":"muros-de-contencion","status":"publish","type":"page","link":"https:\/\/www.ferrovial.com\/es\/stem\/muros-de-contencion\/","title":{"rendered":"Muros de contenci\u00f3n"},"content":{"rendered":"    <m-final-content-header >\n            <c-breadcrumb label-text=\"Breadcrumb\" slot=\"breadcrumbs\" type='2' align='left' wrap='wrapped wrapped' aria-label='Vienes de STEM'>\n                        <ol>\n\n                                                            <li><a href=\"https:\/\/www.ferrovial.com\/es\/\" title=\"Ferrovial\">Ferrovial<\/a><\/li>\n                                                                        <li><a href=\"https:\/\/www.ferrovial.com\/es\/stem\/\" title=\"STEM\">STEM<\/a><\/li>\n                                    \n                <\/ol>\n\n                <\/c-breadcrumb>\n    \n        <div slot=\"header\">\n            <h1>\n                \u00bfQu\u00e9 es un muro de contenci\u00f3n?            <\/h1>\n                    <\/div>\n    <\/m-final-content-header>\n\n    \n\n\n<m-wysiwig class=\"wp-block-components-wysiwyg\"><div slot=\"maincontent\">\n<script type=\"application\/ld+json\">\n{\n  \"@context\": \"https:\/\/schema.org\",\n  \"@type\": \"FAQPage\",\n  \"mainEntity\": [{\n    \"@type\": \"Question\",\n    \"name\": \"\u00bfQu\u00e9 es un muro de contenci\u00f3n?\",\n    \"acceptedAnswer\": {\n      \"@type\": \"Answer\",\n      \"text\": \"Un muro de contenci\u00f3n es una estructura que sirve para evitar que una masa de materia, generalmente tierra o roca en una pendiente, se precipite o se derrumbe.\"\n    }\n  },{\n    \"@type\": \"Question\",\n    \"name\": \"\u00bfQu\u00e9 tipos de muros de contenci\u00f3n hay?\",\n    \"acceptedAnswer\": {\n      \"@type\": \"Answer\",\n      \"text\": \"Seg\u00fan las caracter\u00edsticas del terreno, la forma y las necesidades de cada obra, se construir\u00e1n muros de contenci\u00f3n distintos. Estos pueden ser:\n<ul>\n<li>R\u00edgidos<\/li>\n<li>Flexibles<\/li>\nSeg\u00fan su modo de construcci\u00f3n y funcionamiento, los muros de contenci\u00f3n pueden ser de distintos tipos, algunos de ellos son:\n<ul>\n<li>Anclados<\/li>\n<li>A gravedad<\/li>\n<li>A gravedad armados<\/li>\n<li>Hincados<\/li>\n<li>De suelo reforzado<\/li>\n<li>De tierra armada<\/li>\n<li>Prefabricados<\/li>\n<\/ul>\"\n    }\n  },{\n    \"@type\": \"Question\",\n    \"name\": \"\u00bfQu\u00e9 se debe tomar en cuenta para construir un muro de contenci\u00f3n?\",\n    \"acceptedAnswer\": {\n      \"@type\": \"Answer\",\n      \"text\": \"En la planificaci\u00f3n y c\u00e1lculo de estructuras de los muros de contenci\u00f3n es indispensable tomar en cuenta una enorme cantidad de factores. Para esto, se utiliza el M\u00e9todo de los Elementos Finitos (FEM, por sus siglas en ingl\u00e9s: Finite Elements Method).\n\nAlgunos de los campos de aplicaci\u00f3n del m\u00e9todo son: el an\u00e1lisis de estructuras, la transferencia de calor o el potencial electromagn\u00e9tico, entre otros. Para su aplicaci\u00f3n existen hoy en d\u00eda distintos softwares.\nEn el caso de los muros de contenci\u00f3n, el M\u00e9todo de los Elementos Finitos permite calcular las tensiones de carga, los desplazamientos del terreno y las deformaciones de la estructura, asegurando as\u00ed que los muros sean capaces de soportar las cargas de manera eficiente, duradera y segura.\"\n    }\n  }]\n}\n<\/script><p>Un muro de contenci\u00f3n es una <a href=\"https:\/\/www.ferrovial.com\/es\/stem\/estructuras\/\" target=\"_blank\" rel=\"noreferrer noopener\">estructura<\/a> que sirve para <strong>evitar que una masa de materia<\/strong>, generalmente tierra o roca en una pendiente, <strong>se precipite o se derrumbe<\/strong>.<\/p>\n\n\n\n<p>Algunas construcciones exigen remover suelo o cortar segmentos de una monta\u00f1a, dejando vac\u00edos o caras muy verticales que pueden desmoronarse y colapsar. En estos casos, es necesario incluir muros de contenci\u00f3n en la <strong>planificaci\u00f3n de la <a href=\"https:\/\/www.ferrovial.com\/es\/recursos\/obras\/\" target=\"_blank\" rel=\"noreferrer noopener\">obra<\/a><\/strong>.<\/p>\n\n\n\n<h2 class=\"wp-block-heading\"><strong>\u00bfQu\u00e9 tipos de muros de contenci\u00f3n hay?<\/strong><\/h2>\n\n\n\n<p>Seg\u00fan las caracter\u00edsticas del terreno, la forma y las necesidades de cada obra, se construir\u00e1n muros de contenci\u00f3n distintos. Estos pueden ser:<\/p>\n\n\n\n<ul class=\"wp-block-list\"><li><strong>R\u00edgidos:<\/strong> fabricados con mamposter\u00eda o concreto, crean estructuras inamovibles.<\/li><li><strong>Flexibles:<\/strong> hechos con <a href=\"https:\/\/www.ferrovial.com\/es\/stem\/estructuras\/\" target=\"_blank\" rel=\"noreferrer noopener\">estructuras<\/a> y materiales menos r\u00edgidos, son capaces de ceder un poco ante la carga a la que se les somete sin que lleguen a romperse.<\/li><\/ul>\n\n\n\n<p>Seg\u00fan su modo de construcci\u00f3n y funcionamiento, los muros de contenci\u00f3n pueden ser de distintos tipos, algunos de ellos son:<\/p>\n\n\n\n<ul class=\"wp-block-list\"><li><strong>Anclados: <\/strong>llevan pernos anclados al terreno vertical que soportan las cargas del suelo y la erosi\u00f3n por agua.&nbsp;<\/li><li><strong>A gravedad:<\/strong> sus dimensiones les permiten contrarrestar, con su propio peso, la presi\u00f3n que ejerce el suelo a contener.<\/li><li><strong>A gravedad armados:<\/strong> fabricados en forma de T invertida o en forma de L. Se hacen con <a href=\"https:\/\/www.ferrovial.com\/es\/recursos\/hormigon\/\" target=\"_blank\" rel=\"noreferrer noopener\">hormig\u00f3n armado.<\/a> La base o el pie de estos muros est\u00e1 calzada bajo el terreno.<\/li><li><strong>Hincados:<\/strong> se incrustan en el terreno a gran profundidad mediante <a href=\"https:\/\/www.ferrovial.com\/es\/recursos\/maquinaria\/\" target=\"_blank\" rel=\"noreferrer noopener\">maquinaria <\/a>especializada.<\/li><li><strong>De suelo reforzado: <\/strong>se construyen con capas de poco espesor de material natural (tierra y grava) que se van compactando y superponiendo. Este material est\u00e1 contenido en alguna armadura met\u00e1lica.&nbsp;<\/li><li><strong>De tierra armada: <\/strong>son similares a los muros de contenci\u00f3n de suelo reforzado, pero en estos se usa <strong>geotextil <\/strong>como armadura. El geotextil es un tejido sint\u00e9tico y permeable que sirve para separar tierras de distintas granulometr\u00edas (haci\u00e9ndolas m\u00e1s estables), as\u00ed como para proteger y reforzar.<\/li><li><strong>Prefabricados: <\/strong>se ensamblan con bloques o piezas, y se utilizan para soluciones r\u00e1pidas con pocas exigencias t\u00e9cnicas.<\/li><\/ul>\n\n\n\n<h2 class=\"wp-block-heading\"><strong>\u00bfQu\u00e9 se debe tomar en cuenta para construir un muro de contenci\u00f3n?<\/strong><\/h2>\n\n\n\n<p>En la planificaci\u00f3n y <a href=\"https:\/\/www.ferrovial.com\/es\/stem\/calculo-de-estructuras\/\" target=\"_blank\" rel=\"noreferrer noopener\">c\u00e1lculo de estructuras<\/a> de los muros de contenci\u00f3n es indispensable tomar en cuenta una enorme cantidad de factores. Para esto, se utiliza el <strong>M\u00e9todo de los Elementos Finitos<\/strong> (FEM, por sus siglas en ingl\u00e9s: <em>Finite Elements Method<\/em>).<\/p>\n\n\n\n<p>El FEM se utiliza para resolver problemas en <strong>modelos matem\u00e1ticos <\/strong>y de <strong>ingenier\u00eda f\u00edsica <\/strong>que trabajan con ecuaciones diferenciales. Algunos de los campos de aplicaci\u00f3n del m\u00e9todo son: el an\u00e1lisis de estructuras, la transferencia de calor o el potencial <a href=\"https:\/\/www.ferrovial.com\/es\/stem\/electromagnetismo\/\" target=\"_blank\" rel=\"noreferrer noopener\">electromagn\u00e9tico<\/a>, entre otros. Para su aplicaci\u00f3n existen hoy en d\u00eda distintos <a href=\"https:\/\/www.ferrovial.com\/es\/stem\/software\/\" target=\"_blank\" rel=\"noreferrer noopener\">softwares<\/a>.<\/p>\n\n\n\n<p>En el caso de los muros de contenci\u00f3n, el M\u00e9todo de los Elementos Finitos permite calcular las <strong>tensiones de carga<\/strong>, los <strong>desplazamientos del terreno <\/strong>y las <strong>deformaciones <\/strong>de la estructura, asegurando as\u00ed que los muros sean capaces de soportar las cargas de manera eficiente, duradera y segura.<\/p>\n<\/div><\/m-wysiwig>\n","protected":false},"excerpt":{"rendered":"","protected":false},"featured_media":0,"parent":227878,"menu_order":0,"comment_status":"closed","ping_status":"closed","template":"","meta":{"_acf_changed":false,"footnotes":""},"class_list":["post-240949","page","type-page","status-publish","hentry"],"acf":[],"yoast_head":"<!-- This site is optimized with the Yoast SEO plugin v27.2 - https:\/\/yoast.com\/product\/yoast-seo-wordpress\/ -->\n<title>Qu\u00e9 es un muro de contenci\u00f3n, tipos y consideraciones - Ferrovial<\/title>\n<meta name=\"description\" content=\"Un muro de contenci\u00f3n es una estructura que sirve para evitar que una masa de materia, generalmente tierra o roca en una pendiente, se precipite o se derrumbe.\" \/>\n<meta name=\"robots\" content=\"index, follow, max-snippet:-1, max-image-preview:large, max-video-preview:-1\" \/>\n<link rel=\"canonical\" href=\"https:\/\/www.ferrovial.com\/es\/stem\/muros-de-contencion\/\" \/>\n<meta property=\"og:locale\" content=\"es_ES\" \/>\n<meta property=\"og:type\" content=\"article\" \/>\n<meta property=\"og:title\" content=\"Qu\u00e9 es un muro de contenci\u00f3n, tipos y consideraciones - Ferrovial\" \/>\n<meta property=\"og:description\" content=\"Un muro de contenci\u00f3n es una estructura que sirve para evitar que una masa de materia, generalmente tierra o roca en una pendiente, se precipite o se derrumbe.\" \/>\n<meta property=\"og:url\" content=\"https:\/\/www.ferrovial.com\/es\/stem\/muros-de-contencion\/\" \/>\n<meta property=\"og:site_name\" content=\"Ferrovial\" \/>\n<meta property=\"article:publisher\" content=\"https:\/\/www.facebook.com\/ferrovial\" \/>\n<meta property=\"article:modified_time\" content=\"2022-10-26T10:45:36+00:00\" \/>\n<meta name=\"twitter:card\" content=\"summary_large_image\" \/>\n<meta name=\"twitter:site\" content=\"@ferrovial\" \/>\n<meta name=\"twitter:label1\" content=\"Est. reading time\" \/>\n\t<meta name=\"twitter:data1\" content=\"4 minutos\" \/>\n<!-- \/ Yoast SEO plugin. -->","yoast_head_json":{"title":"Qu\u00e9 es un muro de contenci\u00f3n, tipos y consideraciones - Ferrovial","description":"Un muro de contenci\u00f3n es una estructura que sirve para evitar que una masa de materia, generalmente tierra o roca en una pendiente, se precipite o se derrumbe.","robots":{"index":"index","follow":"follow","max-snippet":"max-snippet:-1","max-image-preview":"max-image-preview:large","max-video-preview":"max-video-preview:-1"},"canonical":"https:\/\/www.ferrovial.com\/es\/stem\/muros-de-contencion\/","og_locale":"es_ES","og_type":"article","og_title":"Qu\u00e9 es un muro de contenci\u00f3n, tipos y consideraciones - Ferrovial","og_description":"Un muro de contenci\u00f3n es una estructura que sirve para evitar que una masa de materia, generalmente tierra o roca en una pendiente, se precipite o se derrumbe.","og_url":"https:\/\/www.ferrovial.com\/es\/stem\/muros-de-contencion\/","og_site_name":"Ferrovial","article_publisher":"https:\/\/www.facebook.com\/ferrovial","article_modified_time":"2022-10-26T10:45:36+00:00","twitter_card":"summary_large_image","twitter_site":"@ferrovial","twitter_misc":{"Est. reading time":"4 minutos"},"schema":{"@context":"https:\/\/schema.org","@graph":[{"@type":"WebPage","@id":"https:\/\/www.ferrovial.com\/es\/stem\/muros-de-contencion\/","url":"https:\/\/www.ferrovial.com\/es\/stem\/muros-de-contencion\/","name":"Qu\u00e9 es un muro de contenci\u00f3n, tipos y consideraciones - Ferrovial","isPartOf":{"@id":"https:\/\/www.ferrovial.com\/es\/#website"},"datePublished":"2022-10-24T07:38:32+00:00","dateModified":"2022-10-26T10:45:36+00:00","description":"Un muro de contenci\u00f3n es una estructura que sirve para evitar que una masa de materia, generalmente tierra o roca en una pendiente, se precipite o se derrumbe.","breadcrumb":{"@id":"https:\/\/www.ferrovial.com\/es\/stem\/muros-de-contencion\/#breadcrumb"},"inLanguage":"es","potentialAction":[{"@type":"ReadAction","target":["https:\/\/www.ferrovial.com\/es\/stem\/muros-de-contencion\/"]}]},{"@type":"BreadcrumbList","@id":"https:\/\/www.ferrovial.com\/es\/stem\/muros-de-contencion\/#breadcrumb","itemListElement":[{"@type":"ListItem","position":1,"name":"Portada","item":"https:\/\/www.ferrovial.com\/es\/"},{"@type":"ListItem","position":2,"name":"STEM","item":"https:\/\/www.ferrovial.com\/es\/stem\/"},{"@type":"ListItem","position":3,"name":"Muros de contenci\u00f3n"}]},{"@type":"WebSite","@id":"https:\/\/www.ferrovial.com\/es\/#website","url":"https:\/\/www.ferrovial.com\/es\/","name":"Ferrovial","description":"Welcome to the Ferrovial&#039;s website, global operator of sustainable infrastructure. Here you can find all the information about the company and subsidiaries.","publisher":{"@id":"https:\/\/www.ferrovial.com\/es\/#organization"},"potentialAction":[{"@type":"SearchAction","target":{"@type":"EntryPoint","urlTemplate":"https:\/\/www.ferrovial.com\/es\/?s={search_term_string}"},"query-input":{"@type":"PropertyValueSpecification","valueRequired":true,"valueName":"search_term_string"}}],"inLanguage":"es"},{"@type":"Organization","@id":"https:\/\/www.ferrovial.com\/es\/#organization","name":"Ferrovial S.A.","url":"https:\/\/www.ferrovial.com\/es\/","logo":{"@type":"ImageObject","inLanguage":"es","@id":"https:\/\/www.ferrovial.com\/es\/#\/schema\/logo\/image\/","url":"https:\/\/static.ferrovial.com\/wp-content\/uploads\/2020\/01\/13124948\/logo-ferrovial-cf7.png","contentUrl":"https:\/\/static.ferrovial.com\/wp-content\/uploads\/2020\/01\/13124948\/logo-ferrovial-cf7.png","width":144,"height":32,"caption":"Ferrovial S.A."},"image":{"@id":"https:\/\/www.ferrovial.com\/es\/#\/schema\/logo\/image\/"},"sameAs":["https:\/\/www.facebook.com\/ferrovial","https:\/\/x.com\/ferrovial","https:\/\/www.instagram.com\/ferrovial\/","https:\/\/www.linkedin.com\/company\/ferrovial","https:\/\/www.pinterest.es\/ferrovial\/","https:\/\/www.youtube.com\/ferrovial","https:\/\/en.wikipedia.org\/wiki\/Ferrovial"]}]}},"_links":{"self":[{"href":"https:\/\/www.ferrovial.com\/es\/wp-json\/wp\/v2\/pages\/240949","targetHints":{"allow":["GET"]}}],"collection":[{"href":"https:\/\/www.ferrovial.com\/es\/wp-json\/wp\/v2\/pages"}],"about":[{"href":"https:\/\/www.ferrovial.com\/es\/wp-json\/wp\/v2\/types\/page"}],"replies":[{"embeddable":true,"href":"https:\/\/www.ferrovial.com\/es\/wp-json\/wp\/v2\/comments?post=240949"}],"version-history":[{"count":3,"href":"https:\/\/www.ferrovial.com\/es\/wp-json\/wp\/v2\/pages\/240949\/revisions"}],"predecessor-version":[{"id":241236,"href":"https:\/\/www.ferrovial.com\/es\/wp-json\/wp\/v2\/pages\/240949\/revisions\/241236"}],"up":[{"embeddable":true,"href":"https:\/\/www.ferrovial.com\/es\/wp-json\/wp\/v2\/pages\/227878"}],"wp:attachment":[{"href":"https:\/\/www.ferrovial.com\/es\/wp-json\/wp\/v2\/media?parent=240949"}],"curies":[{"name":"wp","href":"https:\/\/api.w.org\/{rel}","templated":true}]}}