{"id":240954,"date":"2022-10-24T09:56:55","date_gmt":"2022-10-24T07:56:55","guid":{"rendered":"https:\/\/www.ferrovial.com\/?page_id=240954"},"modified":"2022-10-26T12:52:22","modified_gmt":"2022-10-26T10:52:22","slug":"nitrogeno-liquido","status":"publish","type":"page","link":"https:\/\/www.ferrovial.com\/es\/stem\/nitrogeno-liquido\/","title":{"rendered":"Nitr\u00f3geno l\u00edquido"},"content":{"rendered":"    <m-final-content-header >\n            <c-breadcrumb label-text=\"Breadcrumb\" slot=\"breadcrumbs\" type='2' align='left' wrap='wrapped wrapped' aria-label='Vienes de STEM'>\n                        <ol>\n\n                                                            <li><a href=\"https:\/\/www.ferrovial.com\/es\/\" title=\"Ferrovial\">Ferrovial<\/a><\/li>\n                                                                        <li><a href=\"https:\/\/www.ferrovial.com\/es\/stem\/\" title=\"STEM\">STEM<\/a><\/li>\n                                    \n                <\/ol>\n\n                <\/c-breadcrumb>\n    \n        <div slot=\"header\">\n            <h1>\n                \u00bfQu\u00e9 es el nitr\u00f3geno l\u00edquido?            <\/h1>\n                    <\/div>\n    <\/m-final-content-header>\n\n    \n\n\n<m-wysiwig class=\"wp-block-components-wysiwyg\"><div slot=\"maincontent\">\n<script type=\"application\/ld+json\">\n{\n  \"@context\": \"https:\/\/schema.org\",\n  \"@type\": \"FAQPage\",\n  \"mainEntity\": [{\n    \"@type\": \"Question\",\n    \"name\": \"\u00bfQu\u00e9 es el nitr\u00f3geno l\u00edquido?\",\n    \"acceptedAnswer\": {\n      \"@type\": \"Answer\",\n      \"text\": \"El nitr\u00f3geno l\u00edquido es simplemente nitr\u00f3geno que ha pasado de su estado gaseoso natural a estado l\u00edquido.\"\n    }\n  },{\n    \"@type\": \"Question\",\n    \"name\": \"\u00bfCu\u00e1l es el punto de condensaci\u00f3n del nitr\u00f3geno?\",\n    \"acceptedAnswer\": {\n      \"@type\": \"Answer\",\n      \"text\": \"El nitr\u00f3geno se convierte en l\u00edquido cuando su temperatura llega a estar por debajo de -195,8 \u00b0C. Es por esto que no es com\u00fan encontrarlo en ese estado sin una intervenci\u00f3n artificial.\"\n    }\n  },{\n    \"@type\": \"Question\",\n    \"name\": \"\u00bfC\u00f3mo se hace nitr\u00f3geno l\u00edquido?\",\n    \"acceptedAnswer\": {\n      \"@type\": \"Answer\",\n      \"text\": \"Existen varios procedimientos. En general, la producci\u00f3n industrial de nitr\u00f3geno l\u00edquido puro se consigue por medio de su destilaci\u00f3n a partir de aire l\u00edquido. El aire est\u00e1 compuesto por ox\u00edgeno (21%), nitr\u00f3geno (78%) y un m\u00ednimo porcentaje de otros gases. Para llevar el aire a estado l\u00edquido, se somete a un proceso de licuefacci\u00f3n mediante una fuerte compresi\u00f3n por pistones que inyectan el aire, y luego se enfr\u00eda a muy bajas temperaturas. 700 litros de aire en estado gaseoso se condensan en solo 1 litro de aire l\u00edquido.\"\n    }\n  },{\n    \"@type\": \"Question\",\n    \"name\": \"\u00bfCu\u00e1les son los usos del nitr\u00f3geno l\u00edquido en la industria?\",\n    \"acceptedAnswer\": {\n      \"@type\": \"Answer\",\n      \"text\": \"En la construcci\u00f3n y en el mantenimiento de obras p\u00fablicas se utiliza nitr\u00f3geno l\u00edquido para congelar temporalmente una secci\u00f3n de tuber\u00eda, como podr\u00eda ser una ca\u00f1er\u00eda, y as\u00ed evitar que su contenido se derrame al momento de destaparla para realizar alg\u00fan trabajo.\nEn laboratorios de diversos rubros se emplea para eliminar disolventes o agua que se encuentran en estado gaseoso mediante trampas fr\u00edas.\n\nEn medicina se utiliza en la criocirug\u00eda, sometiendo tejidos anormales, como tumores o verrugas, a fr\u00edo extremo para su eliminaci\u00f3n. El nitr\u00f3geno l\u00edquido tambi\u00e9n es fundamental para la criopreservaci\u00f3n de muestras celulares, tejidos y \u00f3rganos, tanto para su estudio como para su trasplante.\"\n    }\n  },{\n    \"@type\": \"Question\",\n    \"name\": \"\u00bfQu\u00e9 precauciones se deben tener para la manipulaci\u00f3n de nitr\u00f3geno l\u00edquido?\",\n    \"acceptedAnswer\": {\n      \"@type\": \"Answer\",\n      \"text\": \"Al estar a tan bajas temperaturas, el nitr\u00f3geno l\u00edquido puede causar r\u00e1pidamente quemaduras por fr\u00edo o incluso congelaci\u00f3n de miembros. Es recomendado el uso de indumentaria aislante, as\u00ed como guantes y gafas de seguridad. Siempre que se trabaje con nitr\u00f3geno l\u00edquido se debe procurar una adecuada ventilaci\u00f3n o un equipo de respiraci\u00f3n aut\u00f3noma.\nEl nitr\u00f3geno es inoloro e incoloro. Una fuga de nitr\u00f3geno l\u00edquido puede evaporarse hasta acumular una masa de gas imperceptible que desplace el aire de un recinto, ocasionando peligro de asfixia para humanos y otros seres vivos. Se recomienda la revisi\u00f3n peri\u00f3dica de la presi\u00f3n de los contenedores y el resto de sistemas asociados a su utilizaci\u00f3n.\"\n    }\n  }]\n}\n<\/script><p>El nitr\u00f3geno l\u00edquido es simplemente nitr\u00f3geno que ha pasado de su estado gaseoso natural a estado l\u00edquido. El nitr\u00f3geno es un elemento que se encuentra abundantemente en la atm\u00f3sfera terrestre, conformando casi ocho partes de todo el aire de la tierra. Es incoloro e inodoro. Se representa con el s\u00edmbolo N en <a href=\"https:\/\/www.ferrovial.com\/es\/stem\/quimica\/\" target=\"_blank\" rel=\"noreferrer noopener\">qu\u00edmica<\/a>.<\/p>\n\n\n\n<h2 class=\"wp-block-heading\"><strong>\u00bfCu\u00e1l es el punto de condensaci\u00f3n del nitr\u00f3geno?<\/strong><\/h2>\n\n\n\n<p>El nitr\u00f3geno se convierte en l\u00edquido cuando su temperatura llega a estar por debajo de -195,8 \u00b0C. Es por esto que no es com\u00fan encontrarlo en ese estado sin una intervenci\u00f3n artificial. Al entrar en contacto con la temperatura ambiente, el nitr\u00f3geno se evapora en una r\u00e1pida ebullici\u00f3n.<\/p>\n\n\n\n<h2 class=\"wp-block-heading\"><strong>\u00bfC\u00f3mo se hace nitr\u00f3geno l\u00edquido?<\/strong><\/h2>\n\n\n\n<p>Existen varios procedimientos. En general, la producci\u00f3n industrial de nitr\u00f3geno l\u00edquido puro se consigue por medio de su destilaci\u00f3n a partir de aire l\u00edquido. El aire est\u00e1 compuesto por ox\u00edgeno (21%), nitr\u00f3geno (78%) y un m\u00ednimo porcentaje de otros gases. Para llevar el aire a estado l\u00edquido, se somete a un proceso de licuefacci\u00f3n mediante una fuerte compresi\u00f3n por pistones que inyectan el aire, y luego se enfr\u00eda a muy bajas temperaturas. 700 litros de aire en estado gaseoso se condensan en solo 1 litro de aire l\u00edquido.<\/p>\n\n\n\n<p>El nitr\u00f3geno y otros gases l\u00edquidos se almacenan en vasos Dewar, que son recipientes de vac\u00edo que proporcionan un alto aislamiento t\u00e9rmico.<\/p>\n\n\n\n<h2 class=\"wp-block-heading\"><strong>\u00bfCu\u00e1les son los usos del nitr\u00f3geno l\u00edquido en la industria?<\/strong><\/h2>\n\n\n\n<p>En la construcci\u00f3n y en el mantenimiento de <a href=\"https:\/\/www.ferrovial.com\/es\/recursos\/obras-publicas\/\" target=\"_blank\" rel=\"noreferrer noopener\">obras p\u00fablicas<\/a> se utiliza nitr\u00f3geno l\u00edquido para congelar temporalmente una secci\u00f3n de tuber\u00eda, como podr\u00eda ser una ca\u00f1er\u00eda, y as\u00ed evitar que su contenido se derrame al momento de destaparla para realizar alg\u00fan trabajo. Tambi\u00e9n puede inyectarse en un \u00e1rea donde se ha cubierto una fisura con alg\u00fan material sellante, produciendo un tap\u00f3n de materia congelada para ganar tiempo y permitir que se fije la reparaci\u00f3n.<\/p>\n\n\n\n<p>Tambi\u00e9n se usa para la fabricaci\u00f3n de componentes electr\u00f3nicos y como gas de protecci\u00f3n en procesos de soldadura.<\/p>\n\n\n\n<p>En laboratorios de diversos rubros se emplea para eliminar disolventes o agua que se encuentran en estado gaseoso mediante trampas fr\u00edas.<\/p>\n\n\n\n<p>En medicina se utiliza en la criocirug\u00eda, sometiendo tejidos anormales, como tumores o verrugas, a fr\u00edo extremo para su eliminaci\u00f3n. El nitr\u00f3geno l\u00edquido tambi\u00e9n es fundamental para la criopreservaci\u00f3n de muestras celulares, tejidos y \u00f3rganos, tanto para su estudio como para su trasplante.<\/p>\n\n\n\n<p>El nitr\u00f3geno l\u00edquido sirve para la conservaci\u00f3n y almacenamiento de semen, tanto animal como humano. Esta tecnolog\u00eda es crucial para los bancos de semen destinados a la inseminaci\u00f3n artificial.<\/p>\n\n\n\n<p>En la industria alimentaria se emplea en procesos de ultracongelaci\u00f3n de alimentos vegetales y animales, lo que permite su preservaci\u00f3n y transporte. Tambi\u00e9n se usa com\u00fanmente para la fabricaci\u00f3n de helados y c\u00f3cteles.&nbsp;<\/p>\n\n\n\n<h2 class=\"wp-block-heading\"><strong>\u00bfQu\u00e9 precauciones se deben tener para la manipulaci\u00f3n de nitr\u00f3geno l\u00edquido?<\/strong><\/h2>\n\n\n\n<p>El nitr\u00f3geno l\u00edquido no es un material t\u00f3xico, raz\u00f3n por la que se aprovecha ampliamente en la industria alimentaria y m\u00e9dica; sin embargo, sus caracter\u00edsticas exigen ciertas precauciones para su manipulaci\u00f3n.<\/p>\n\n\n\n<p>Al estar a tan bajas temperaturas, el nitr\u00f3geno l\u00edquido puede causar r\u00e1pidamente quemaduras por fr\u00edo o incluso congelaci\u00f3n de miembros. Es recomendado el uso de indumentaria aislante, as\u00ed como guantes y gafas de seguridad. Siempre que se trabaje con nitr\u00f3geno l\u00edquido se debe procurar una adecuada ventilaci\u00f3n o un equipo de respiraci\u00f3n aut\u00f3noma.<\/p>\n\n\n\n<p>El nitr\u00f3geno es inoloro e incoloro. Una fuga de nitr\u00f3geno l\u00edquido puede evaporarse hasta acumular una masa de gas imperceptible que desplace el aire de un recinto, ocasionando peligro de asfixia para humanos y otros seres vivos. Se recomienda la revisi\u00f3n peri\u00f3dica de la presi\u00f3n de los contenedores y el resto de sistemas asociados a su utilizaci\u00f3n.<\/p>\n<\/div><\/m-wysiwig>\n","protected":false},"excerpt":{"rendered":"","protected":false},"featured_media":0,"parent":227878,"menu_order":0,"comment_status":"closed","ping_status":"closed","template":"","meta":{"_acf_changed":false,"footnotes":""},"class_list":["post-240954","page","type-page","status-publish","hentry"],"acf":[],"yoast_head":"<!-- This site is optimized with the Yoast SEO plugin v27.2 - https:\/\/yoast.com\/product\/yoast-seo-wordpress\/ -->\n<title>Nitr\u00f3geno l\u00edquido: qu\u00e9 es, c\u00f3mo se hace, usos y precauciones - Ferrovial<\/title>\n<meta name=\"description\" content=\"El nitr\u00f3geno l\u00edquido es simplemente nitr\u00f3geno que ha pasado de su estado gaseoso natural a estado l\u00edquido. Se convierte en l\u00edquido cuando su temperatura llega a estar por debajo de -195,8 \u00b0C.\" \/>\n<meta name=\"robots\" content=\"index, follow, max-snippet:-1, max-image-preview:large, max-video-preview:-1\" \/>\n<link rel=\"canonical\" href=\"https:\/\/www.ferrovial.com\/es\/stem\/nitrogeno-liquido\/\" \/>\n<meta property=\"og:locale\" content=\"es_ES\" \/>\n<meta property=\"og:type\" content=\"article\" \/>\n<meta property=\"og:title\" content=\"Nitr\u00f3geno l\u00edquido: qu\u00e9 es, c\u00f3mo se hace, usos y precauciones - Ferrovial\" \/>\n<meta property=\"og:description\" content=\"El nitr\u00f3geno l\u00edquido es simplemente nitr\u00f3geno que ha pasado de su estado gaseoso natural a estado l\u00edquido. Se convierte en l\u00edquido cuando su temperatura llega a estar por debajo de -195,8 \u00b0C.\" \/>\n<meta property=\"og:url\" content=\"https:\/\/www.ferrovial.com\/es\/stem\/nitrogeno-liquido\/\" \/>\n<meta property=\"og:site_name\" content=\"Ferrovial\" \/>\n<meta property=\"article:publisher\" content=\"https:\/\/www.facebook.com\/ferrovial\" \/>\n<meta property=\"article:modified_time\" content=\"2022-10-26T10:52:22+00:00\" \/>\n<meta name=\"twitter:card\" content=\"summary_large_image\" \/>\n<meta name=\"twitter:site\" content=\"@ferrovial\" \/>\n<meta name=\"twitter:label1\" content=\"Est. reading time\" \/>\n\t<meta name=\"twitter:data1\" content=\"5 minutos\" \/>\n<!-- \/ Yoast SEO plugin. -->","yoast_head_json":{"title":"Nitr\u00f3geno l\u00edquido: qu\u00e9 es, c\u00f3mo se hace, usos y precauciones - Ferrovial","description":"El nitr\u00f3geno l\u00edquido es simplemente nitr\u00f3geno que ha pasado de su estado gaseoso natural a estado l\u00edquido. Se convierte en l\u00edquido cuando su temperatura llega a estar por debajo de -195,8 \u00b0C.","robots":{"index":"index","follow":"follow","max-snippet":"max-snippet:-1","max-image-preview":"max-image-preview:large","max-video-preview":"max-video-preview:-1"},"canonical":"https:\/\/www.ferrovial.com\/es\/stem\/nitrogeno-liquido\/","og_locale":"es_ES","og_type":"article","og_title":"Nitr\u00f3geno l\u00edquido: qu\u00e9 es, c\u00f3mo se hace, usos y precauciones - Ferrovial","og_description":"El nitr\u00f3geno l\u00edquido es simplemente nitr\u00f3geno que ha pasado de su estado gaseoso natural a estado l\u00edquido. Se convierte en l\u00edquido cuando su temperatura llega a estar por debajo de -195,8 \u00b0C.","og_url":"https:\/\/www.ferrovial.com\/es\/stem\/nitrogeno-liquido\/","og_site_name":"Ferrovial","article_publisher":"https:\/\/www.facebook.com\/ferrovial","article_modified_time":"2022-10-26T10:52:22+00:00","twitter_card":"summary_large_image","twitter_site":"@ferrovial","twitter_misc":{"Est. reading time":"5 minutos"},"schema":{"@context":"https:\/\/schema.org","@graph":[{"@type":"WebPage","@id":"https:\/\/www.ferrovial.com\/es\/stem\/nitrogeno-liquido\/","url":"https:\/\/www.ferrovial.com\/es\/stem\/nitrogeno-liquido\/","name":"Nitr\u00f3geno l\u00edquido: qu\u00e9 es, c\u00f3mo se hace, usos y precauciones - Ferrovial","isPartOf":{"@id":"https:\/\/www.ferrovial.com\/es\/#website"},"datePublished":"2022-10-24T07:56:55+00:00","dateModified":"2022-10-26T10:52:22+00:00","description":"El nitr\u00f3geno l\u00edquido es simplemente nitr\u00f3geno que ha pasado de su estado gaseoso natural a estado l\u00edquido. Se convierte en l\u00edquido cuando su temperatura llega a estar por debajo de -195,8 \u00b0C.","breadcrumb":{"@id":"https:\/\/www.ferrovial.com\/es\/stem\/nitrogeno-liquido\/#breadcrumb"},"inLanguage":"es","potentialAction":[{"@type":"ReadAction","target":["https:\/\/www.ferrovial.com\/es\/stem\/nitrogeno-liquido\/"]}]},{"@type":"BreadcrumbList","@id":"https:\/\/www.ferrovial.com\/es\/stem\/nitrogeno-liquido\/#breadcrumb","itemListElement":[{"@type":"ListItem","position":1,"name":"Portada","item":"https:\/\/www.ferrovial.com\/es\/"},{"@type":"ListItem","position":2,"name":"STEM","item":"https:\/\/www.ferrovial.com\/es\/stem\/"},{"@type":"ListItem","position":3,"name":"Nitr\u00f3geno l\u00edquido"}]},{"@type":"WebSite","@id":"https:\/\/www.ferrovial.com\/es\/#website","url":"https:\/\/www.ferrovial.com\/es\/","name":"Ferrovial","description":"Welcome to the Ferrovial&#039;s website, global operator of sustainable infrastructure. Here you can find all the information about the company and subsidiaries.","publisher":{"@id":"https:\/\/www.ferrovial.com\/es\/#organization"},"potentialAction":[{"@type":"SearchAction","target":{"@type":"EntryPoint","urlTemplate":"https:\/\/www.ferrovial.com\/es\/?s={search_term_string}"},"query-input":{"@type":"PropertyValueSpecification","valueRequired":true,"valueName":"search_term_string"}}],"inLanguage":"es"},{"@type":"Organization","@id":"https:\/\/www.ferrovial.com\/es\/#organization","name":"Ferrovial S.A.","url":"https:\/\/www.ferrovial.com\/es\/","logo":{"@type":"ImageObject","inLanguage":"es","@id":"https:\/\/www.ferrovial.com\/es\/#\/schema\/logo\/image\/","url":"https:\/\/static.ferrovial.com\/wp-content\/uploads\/2020\/01\/13124948\/logo-ferrovial-cf7.png","contentUrl":"https:\/\/static.ferrovial.com\/wp-content\/uploads\/2020\/01\/13124948\/logo-ferrovial-cf7.png","width":144,"height":32,"caption":"Ferrovial S.A."},"image":{"@id":"https:\/\/www.ferrovial.com\/es\/#\/schema\/logo\/image\/"},"sameAs":["https:\/\/www.facebook.com\/ferrovial","https:\/\/x.com\/ferrovial","https:\/\/www.instagram.com\/ferrovial\/","https:\/\/www.linkedin.com\/company\/ferrovial","https:\/\/www.pinterest.es\/ferrovial\/","https:\/\/www.youtube.com\/ferrovial","https:\/\/en.wikipedia.org\/wiki\/Ferrovial"]}]}},"_links":{"self":[{"href":"https:\/\/www.ferrovial.com\/es\/wp-json\/wp\/v2\/pages\/240954","targetHints":{"allow":["GET"]}}],"collection":[{"href":"https:\/\/www.ferrovial.com\/es\/wp-json\/wp\/v2\/pages"}],"about":[{"href":"https:\/\/www.ferrovial.com\/es\/wp-json\/wp\/v2\/types\/page"}],"replies":[{"embeddable":true,"href":"https:\/\/www.ferrovial.com\/es\/wp-json\/wp\/v2\/comments?post=240954"}],"version-history":[{"count":3,"href":"https:\/\/www.ferrovial.com\/es\/wp-json\/wp\/v2\/pages\/240954\/revisions"}],"predecessor-version":[{"id":241237,"href":"https:\/\/www.ferrovial.com\/es\/wp-json\/wp\/v2\/pages\/240954\/revisions\/241237"}],"up":[{"embeddable":true,"href":"https:\/\/www.ferrovial.com\/es\/wp-json\/wp\/v2\/pages\/227878"}],"wp:attachment":[{"href":"https:\/\/www.ferrovial.com\/es\/wp-json\/wp\/v2\/media?parent=240954"}],"curies":[{"name":"wp","href":"https:\/\/api.w.org\/{rel}","templated":true}]}}