{"id":24104,"date":"2019-09-13T14:19:56","date_gmt":"2019-09-13T12:19:56","guid":{"rendered":"https:\/\/www.ferrovial.com\/?page_id=24104"},"modified":"2026-03-18T18:21:36","modified_gmt":"2026-03-18T17:21:36","slug":"documentacion","status":"publish","type":"page","link":"https:\/\/www.ferrovial.com\/es\/accionistas-e-inversores\/informacion-bursatil\/emisiones-y-rating\/documentacion\/","title":{"rendered":"Documentaci\u00f3n de emisiones de deuda"},"content":{"rendered":"    <m-final-content-header >\n            <c-breadcrumb label-text=\"Breadcrumb\" slot=\"breadcrumbs\" type='2' align='left' wrap='wrapped wrapped' aria-label='Vienes de Emisiones y ratings'>\n                        <ol>\n\n                                                            <li><a href=\"https:\/\/www.ferrovial.com\/es\/\" title=\"Ferrovial\">Ferrovial<\/a><\/li>\n                                                                        <li><a href=\"https:\/\/www.ferrovial.com\/es\/accionistas-e-inversores\/\" title=\"Accionistas e inversores\">Accionistas e inversores<\/a><\/li>\n                                                                        <li><a href=\"https:\/\/www.ferrovial.com\/es\/accionistas-e-inversores\/informacion-bursatil\/\" title=\"Informaci\u00f3n burs\u00e1til\">Informaci\u00f3n burs\u00e1til<\/a><\/li>\n                                                                        <li><a href=\"https:\/\/www.ferrovial.com\/es\/accionistas-e-inversores\/informacion-bursatil\/emisiones-y-rating\/\" title=\"Emisiones y ratings\">Emisiones y ratings<\/a><\/li>\n                                    \n                <\/ol>\n\n                <\/c-breadcrumb>\n    \n        <div slot=\"header\">\n            <h1>\n                Documentaci\u00f3n de emisiones de deuda            <\/h1>\n                    <\/div>\n    <\/m-final-content-header>\n\n    \n\n\n<m-table class=\"wp-block-components-table\"><h2>Documentaci\u00f3n de emisiones de deuda<\/h2><div class=\"m-table__group-buttons\" slot=\"buttons\"><a href=\"https:\/\/www.ferrovial.com\/es\/accionistas-e-inversores\/informacion-bursatil\/emisiones-y-rating\/documentacion\/?action=themePrintTable&amp;block=1568884580203\" title=\"Imprimir tabla Documentaci\u00f3n de emisiones de deuda\" icon=\"file\" print=\"true\" target=\"_blank\" rel=\"noopener noreferrer\" sr-only=\"Abrir una nueva ventana\">Imprimir<\/a><\/div><div slot=\"table\">\n<table style=\"border-collapse: collapse; width: 102.228%; height: 2176px;\">\n<thead>\n<tr style=\"height: 44px;\">\n<th style=\"width: 8.2296%; height: 44px;\">C\u00d3DIGO ISIN<\/th>\n<th style=\"width: 14.4533%; height: 44px;\">FECHA DE PUBLICACI\u00d3N<\/th>\n<th style=\"width: 77.5232%; height: 44px;\">DOCUMENTO<\/th>\n<\/tr>\n<\/thead>\n<tbody>\n<tr>\n<td style=\"width: 8.2296%;\">XS3299555246<\/td>\n<td style=\"width: 14.4533%;\">\n<p>18 de marzo de 2026<\/p>\n<\/td>\n<td style=\"width: 77.5232%; text-align: center;\">\n<p><a href=\"https:\/\/static.ferrovial.com\/wp-content\/uploads\/2026\/03\/18181854\/project-iron-x-agency-agreement.pdf\">Agency Agreement<\/a><\/p>\n<\/td>\n<\/tr>\n<tr>\n<td style=\"width: 8.2296%;\">XS3299555246<\/td>\n<td style=\"width: 14.4533%;\">\n<p>18 de marzo de 2026<\/p>\n<\/td>\n<td style=\"width: 77.5232%; text-align: center;\">\n<p><a href=\"https:\/\/static.ferrovial.com\/wp-content\/uploads\/2026\/03\/18181858\/project-iron-x-deed-of-covenant.pdf\">Deed of Covenant<\/a><\/p>\n<\/td>\n<\/tr>\n<tr>\n<td style=\"width: 8.2296%;\">XS3299555246<\/td>\n<td style=\"width: 14.4533%;\">12 de marzo de 2026<\/td>\n<td style=\"width: 77.5232%; text-align: center;\">\n<p><a href=\"https:\/\/static.ferrovial.com\/wp-content\/uploads\/2026\/03\/12164039\/project-iron-x-march-2026-prospectus.pdf\" data-legal-popup=\"326438\">Folleto de emisi\u00f3n de 12 de marzo de 2026<\/a><\/p>\n<\/td>\n<\/tr>\n<tr>\n<td style=\"width: 8.2296%;\">XS3168182692<\/td>\n<td style=\"width: 14.4533%;\">23 de diciembre de 2025<\/td>\n<td style=\"width: 77.5232%; text-align: center;\">\n<p><a href=\"https:\/\/static.ferrovial.com\/wp-content\/uploads\/2026\/01\/07122835\/20251223-ferrovial-notice-to-bondholder.pdf\" data-legal-popup=\"317575\">Comunicado a bonistas \u2013 dividendo interino adicional<\/a><\/p>\n<\/td>\n<\/tr>\n<tr>\n<td style=\"width: 8.2296%;\">XS3168182692<\/td>\n<td style=\"width: 14.4533%;\">20 de noviembre de 2025<\/td>\n<td style=\"width: 77.5232%; text-align: center;\">\n<p><a href=\"https:\/\/static.ferrovial.com\/wp-content\/uploads\/2025\/11\/20160513\/goya-equity-neutral-terms-and-conditions.pdf\" data-legal-popup=\"317575\">T\u00e9rminos y condiciones<\/a><\/p>\n<\/td>\n<\/tr>\n<tr>\n<td style=\"width: 8.2296%;\">\u00a0<\/td>\n<td style=\"width: 14.4533%;\">09 de julio de 2025<\/td>\n<td style=\"width: 77.5232%; text-align: center;\">\n<div data-v-5c34432c=\"\">\u00a0<\/div>\n<div class=\"cell\" data-v-5c34432c=\"\"><a class=\"c-link c-link--primary c-link-- noTouch\" href=\"https:\/\/www.ferrovial.com\/es\/accionistas-e-inversores\/informacion-bursatil\/emisiones-y-rating\/documentacion\/marco-framework-de-financiacion-sostenible\/\" rel=\"noopener\" data-v-a702e414=\"\" data-v-5c34432c=\"\"><span data-v-a702e414=\"\">Marco (Framework) de Financiaci\u00f3n Sostenible<\/span><\/a>\n<div class=\"c-icon c-icon--arrow c-icon--s c-link__icon--s noTouch\" data-v-cddd8152=\"\" data-v-a702e414=\"\">\u00a0<\/div>\n<\/div>\n<\/td>\n<\/tr>\n<tr>\n<td style=\"width: 8.2296%;\">\u00a0<\/td>\n<td style=\"width: 14.4533%;\">23 de mayo de 2025<\/td>\n<td style=\"width: 77.5232%; text-align: center;\">\n<p><a href=\"https:\/\/www.ferrovial.com\/es\/accionistas-e-inversores\/informacion-bursatil\/emisiones-y-rating\/documentacion\/informes-de-verificacion-externa-relacionados-con-programa-de-ecp-con-objetivos-de-sostenibilidad-de-ferrovial-ano-2024\/\">Informes de Verificaci\u00f3n Externa relacionados con Programa de ECP con objetivos de Sostenibilidad de Ferrovial A\u00f1o 2024<\/a><\/p>\n<\/td>\n<\/tr>\n<tr>\n<td style=\"width: 8.2296%;\">XS2969695084<\/td>\n<td style=\"width: 14.4533%;\">10 de enero de 2025<\/td>\n<td style=\"width: 77.5232%; text-align: center;\">\n<p><a href=\"https:\/\/static.ferrovial.com\/wp-content\/uploads\/2025\/01\/17093027\/project-iron-ix-2024-prospectus-final320468667649.pdf\">Folleto de emisi\u00f3n de 10 de enero de 2025<\/a><\/p>\n<\/td>\n<\/tr>\n<tr>\n<td style=\"width: 8.2296%;\">XS2969695084<\/td>\n<td style=\"width: 14.4533%;\">10 de enero de 2025<\/td>\n<td style=\"width: 77.5232%; text-align: center;\">\n<p><a href=\"https:\/\/static.ferrovial.com\/wp-content\/uploads\/2025\/01\/17093017\/project-iron-ix-deed-of-covenant-execution-version20128269191.pdf\">Deed of Covenant<\/a><\/p>\n<\/td>\n<\/tr>\n<tr>\n<td style=\"width: 8.2296%;\">XS2969695084<\/td>\n<td style=\"width: 14.4533%;\">10 de enero de 2025<\/td>\n<td style=\"width: 77.5232%; text-align: center;\">\n<p><a href=\"https:\/\/static.ferrovial.com\/wp-content\/uploads\/2025\/01\/17093022\/project-iron-ix-agency-agreement-agreed-form20130156063.pdf\">Agency Agreement<\/a><\/p>\n<\/td>\n<\/tr>\n<tr style=\"height: 23px;\">\n<td style=\"width: 8.2296%; height: 23px;\">\u00a0<\/td>\n<td style=\"width: 14.4533%; height: 23px;\">28 de mayo de 2024<\/td>\n<td style=\"width: 77.5232%; text-align: center; height: 23px;\">\n<p><a href=\"https:\/\/www.ferrovial.com\/es\/accionistas-e-inversores\/informacion-bursatil\/emisiones-y-rating\/documentacion\/external-verification-reports-related-to-ferrovials-sustainability-target-ecp-programmes\/\">Informes de Verificaci\u00f3n Externa relacionados con Programas de ECP con objetivos de Sostenibilidad de Ferrovial A\u00f1o 2023<\/a><\/p>\n<\/td>\n<\/tr>\n<tr style=\"height: 23px;\">\n<td style=\"width: 8.2296%; height: 23px;\">XS2680945479<\/td>\n<td style=\"width: 14.4533%; height: 23px;\">28 de junio de 2024<\/td>\n<td style=\"width: 77.5232%; text-align: center; height: 23px;\">\n<p><a href=\"https:\/\/static.ferrovial.com\/wp-content\/uploads\/2024\/07\/01113356\/ferrovial-slb-re-notice-noteholders-final32009018072.pdf\">Notificaci\u00f3n evento en RE SLB<\/a><\/p>\n<\/td>\n<\/tr>\n<tr style=\"height: 23px;\">\n<td style=\"width: 8.2296%; height: 23px;\">XS2680945479<\/td>\n<td style=\"width: 14.4533%; height: 23px;\">7 de septiembre de 2023<\/td>\n<td style=\"width: 77.5232%; text-align: center; height: 23px;\">\n<p><a href=\"https:\/\/static.ferrovial.com\/wp-content\/uploads\/2024\/11\/18164143\/euo1-2009663653-v1-planet-2023-agency-agreement-execution-version.pdf\">Agency Agreement<\/a><\/p>\n<\/td>\n<\/tr>\n<tr style=\"height: 41px;\">\n<td style=\"width: 8.2296%; height: 41px;\">XS2680945479<\/td>\n<td style=\"width: 14.4533%; height: 41px;\">7 de septiembre de 2023<\/td>\n<td style=\"width: 77.5232%; text-align: center; height: 41px;\">\n<p><a href=\"https:\/\/static.ferrovial.com\/wp-content\/uploads\/2024\/11\/18114202\/euo1-2009675358-planet-2023-deed-of-covenant-executed.pdf\">Deed of Covenant<\/a><\/p>\n<\/td>\n<\/tr>\n<tr style=\"height: 20px;\">\n<td style=\"width: 8.2296%; height: 20px;\">XS2680945479<\/td>\n<td style=\"width: 14.4533%; height: 20px;\">7 de septiembre de 2023<\/td>\n<td style=\"width: 77.5232%; text-align: center; height: 20px;\">\n<p><a href=\"https:\/\/static.ferrovial.com\/wp-content\/uploads\/2023\/09\/08124027\/a52271202-v10-planet-2023.pdf\">Folleto de emisi\u00f3n 7 de septiembre de 2023<\/a><\/p>\n<\/td>\n<\/tr>\n<tr style=\"height: 20px;\">\n<td style=\"width: 8.2296%; height: 20px;\">\u00a0<\/td>\n<td style=\"width: 14.4533%; height: 20px;\">31 de julio de 2023<\/td>\n<td style=\"width: 77.5232%; text-align: center; height: 20px;\"><a href=\"https:\/\/www.ferrovial.com\/es\/accionistas-e-inversores\/informacion-bursatil\/emisiones-y-rating\/documentacion\/programa-ecp-step-label-de-ferrovial-con-objetivos-de-sostenibilidad\/\" target=\"_blank\" rel=\"noopener\">Programa ECP STEP Label de Ferrovial con objetivos de sostenibilidad<\/a><\/td>\n<\/tr>\n<tr style=\"height: 20px;\">\n<td style=\"width: 8.2296%; height: 20px;\">\u00a0<\/td>\n<td style=\"width: 14.4533%; height: 20px;\">30 de marzo de 2023<\/td>\n<td style=\"width: 77.5232%; text-align: center; height: 20px;\"><a href=\"https:\/\/static.ferrovial.com\/wp-content\/uploads\/2023\/03\/30165031\/oir-iagc-ferrovial-emisiones.pdf\" target=\"_blank\" rel=\"noopener\"><span class=\"ui-provider gp b c d e f g h i j k l m n o p q r s t u v w x y z ab ac ae af ag ah ai aj ak\" dir=\"ltr\">Informe Anual de Gobierno Corporativo 2022<\/span><\/a><\/td>\n<\/tr>\n<tr style=\"height: 23px;\">\n<td style=\"width: 8.2296%; height: 23px;\">\u00a0<\/td>\n<td style=\"width: 14.4533%; height: 23px;\">30 de marzo de 2023<\/td>\n<td style=\"width: 77.5232%; text-align: center; height: 23px;\"><a href=\"https:\/\/www.ferrovial.com\/es\/accionistas-e-inversores\/informacion-bursatil\/emisiones-y-rating\/documentacion\/sustainability-target-euro-commercial-paper-programme-march-30th-2023\/\"><span class=\"ui-provider gp b c d e f g h i j k l m n o p q r s t u v w x y z ab ac ae af ag ah ai aj ak\" dir=\"ltr\">Programa ECP de Ferrovial con objetivos de sostenibilidad<\/span><\/a><\/td>\n<\/tr>\n<tr style=\"height: 23px;\">\n<td style=\"width: 8.2296%; height: 23px;\">\u00a0<\/td>\n<td style=\"width: 14.4533%; height: 23px;\">14 de junio de 2022<\/td>\n<td style=\"width: 77.5232%; text-align: center; height: 23px;\"><a href=\"https:\/\/static.ferrovial.com\/wp-content\/uploads\/2022\/06\/14173309\/memoria-ferrovial-emisiones-sa-2021-vesp.pdf\">Cuentas anuales 2021 de Ferrovial Emisiones S.A.<\/a><\/td>\n<\/tr>\n<tr style=\"height: 22px;\">\n<td style=\"width: 8.2296%; height: 22px;\">\u00a0<\/td>\n<td style=\"width: 14.4533%; height: 22px;\">14 de junio de 2022<\/td>\n<td style=\"width: 77.5232%; text-align: center; height: 22px;\"><a href=\"https:\/\/static.ferrovial.com\/wp-content\/uploads\/2022\/06\/14173245\/ccaa-ferrovial-emisiones-2020-firmadas-def-vesp.pdf\">Cuentas anuales 2020 de Ferrovial Emisiones S.A.<\/a><\/td>\n<\/tr>\n<tr style=\"height: 23px;\">\n<td style=\"width: 8.2296%; height: 23px;\">\u00a0<\/td>\n<td style=\"width: 14.4533%; height: 23px;\">15 de marzo de 2022<\/td>\n<td style=\"width: 77.5232%; text-align: center; height: 23px;\"><a href=\"https:\/\/www.ferrovial.com\/wp-content\/uploads\/2022\/03\/oir-iagc-ferrovial-emisiones-unido.pdf\" target=\"_blank\" rel=\"noopener\">Informe Anual de Gobierno Corporativo 2021<\/a><\/td>\n<\/tr>\n<tr style=\"height: 23px;\">\n<td style=\"width: 8.2296%; height: 23px;\">\u00a0<\/td>\n<td style=\"width: 14.4533%; height: 23px;\">12 de marzo de 2021<\/td>\n<td style=\"width: 77.5232%; text-align: center; height: 23px;\"><a href=\"https:\/\/static.ferrovial.com\/wp-content\/uploads\/2021\/03\/18235803\/oir-iagc-2020-ferrovial-emisiones.pdf\">Informe Anual de Gobierno Corporativo 2020<\/a><\/td>\n<\/tr>\n<tr style=\"height: 44px;\">\n<td style=\"width: 8.2296%; height: 44px;\">ES0205032040<\/td>\n<td style=\"width: 14.4533%; height: 44px;\">12 de noviembre de 2020<\/td>\n<td style=\"width: 77.5232%; text-align: center; height: 44px;\"><a href=\"https:\/\/static.ferrovial.com\/wp-content\/uploads\/2020\/11\/13122714\/iron-viii-prospectus.pdf\">Folleto de emisi\u00f3n 12 de noviembre de 2020<\/a><\/td>\n<\/tr>\n<tr style=\"height: 23px;\">\n<td style=\"width: 8.2296%; height: 23px;\">ES0205032032<\/td>\n<td style=\"width: 14.4533%; height: 23px;\">24 de junio de 2020<\/td>\n<td style=\"width: 77.5232%; text-align: center; height: 23px;\"><a href=\"https:\/\/static.ferrovial.com\/wp-content\/uploads\/2020\/06\/13124342\/ferrovial-tap-june-2020_tcs.pdf\">T\u00e9rminos y condiciones Tap junio 2020<\/a><\/td>\n<\/tr>\n<tr style=\"height: 23px;\">\n<td style=\"width: 8.2296%; height: 23px;\">ES0205032032<\/td>\n<td style=\"width: 14.4533%; height: 23px;\">14 de mayo de 2020<\/td>\n<td style=\"width: 77.5232%; text-align: center; height: 23px;\"><a href=\"https:\/\/static.ferrovial.com\/wp-content\/uploads\/2020\/05\/13124728\/ferrovial-may-2020_prospectus.pdf\">Folleto de emisi\u00f3n 14 de mayo de 2020<\/a><\/td>\n<\/tr>\n<tr style=\"height: 23px;\">\n<td style=\"width: 8.2296%; height: 23px;\">ES0205032032<\/td>\n<td style=\"width: 14.4533%; height: 23px;\">10 de mayo de 2020<\/td>\n<td style=\"width: 77.5232%; text-align: center; height: 23px;\"><a href=\"https:\/\/static.ferrovial.com\/wp-content\/uploads\/2020\/05\/13124749\/ferrovial-emisiones-2019-esp.pdf\">Cuentas anuales 2019 de Ferrovial Emisiones, SA<\/a><\/td>\n<\/tr>\n<tr style=\"height: 23px;\">\n<td style=\"width: 8.2296%; height: 23px;\">ES0205032032<\/td>\n<td style=\"width: 14.4533%; height: 23px;\">10 de mayo de 2020<\/td>\n<td style=\"width: 77.5232%; text-align: center; height: 23px;\"><a href=\"https:\/\/static.ferrovial.com\/wp-content\/uploads\/2020\/05\/13124749\/ferrovial-emisiones-2018-esp.pdf\">Cuentas anuales 2018 de Ferrovial Emisiones, SA<\/a><\/td>\n<\/tr>\n<tr style=\"height: 44px;\">\n<td style=\"width: 8.2296%; height: 44px;\">\u00a0<\/td>\n<td style=\"width: 14.4533%; height: 44px;\">18 de marzo de 2020<\/td>\n<td style=\"width: 77.5232%; text-align: center; height: 44px;\"><a href=\"https:\/\/static.ferrovial.com\/wp-content\/uploads\/2020\/03\/13125223\/oir-ferrovial-emisiones-iagc-2019.pdf\">Informe Anual de Gobierno Corporativo 2019<\/a><\/td>\n<\/tr>\n<tr style=\"height: 44px;\">\n<td style=\"width: 8.2296%; height: 44px;\">\u00a0<\/td>\n<td style=\"width: 14.4533%; height: 44px;\">21 de marzo de 2019<\/td>\n<td style=\"width: 77.5232%; height: 44px; text-align: center;\"><a href=\"https:\/\/static.ferrovial.com\/wp-content\/uploads\/2019\/11\/13133120\/iagc-ferrovial-emisiones.pdf\" target=\"_blank\" rel=\"noopener noreferrer\">Informe Anual de Gobierno Corporativo 2018<\/a>\u00a0(pdf, 579 Kb)<\/td>\n<\/tr>\n<\/tbody>\n<\/table>\n<\/div><\/m-table>\n","protected":false},"excerpt":{"rendered":"","protected":false},"featured_media":0,"parent":23974,"menu_order":0,"comment_status":"closed","ping_status":"closed","template":"","meta":{"_acf_changed":false,"footnotes":""},"class_list":["post-24104","page","type-page","status-publish","hentry"],"acf":[],"yoast_head":"<!-- This site is optimized with the Yoast SEO plugin v27.2 - https:\/\/yoast.com\/product\/yoast-seo-wordpress\/ -->\n<title>Documentaci\u00f3n de emisiones de deuda - Ferrovial<\/title>\n<meta name=\"description\" content=\"Documentaci\u00f3n de Emisiones de Deuda y rating para accionistas e inversores de Ferrovial. Podr\u00e1s descargar todos los documentos en esta p\u00e1gina.\" \/>\n<meta name=\"robots\" content=\"index, follow, max-snippet:-1, max-image-preview:large, max-video-preview:-1\" \/>\n<link rel=\"canonical\" href=\"https:\/\/www.ferrovial.com\/es\/accionistas-e-inversores\/informacion-bursatil\/emisiones-y-rating\/documentacion\/\" \/>\n<meta property=\"og:locale\" content=\"es_ES\" \/>\n<meta property=\"og:type\" content=\"article\" \/>\n<meta property=\"og:title\" content=\"Documentaci\u00f3n de emisiones de deuda - Ferrovial\" \/>\n<meta property=\"og:description\" content=\"Documentaci\u00f3n de Emisiones de Deuda y rating para accionistas e inversores de Ferrovial. Podr\u00e1s descargar todos los documentos en esta p\u00e1gina.\" \/>\n<meta property=\"og:url\" content=\"https:\/\/www.ferrovial.com\/es\/accionistas-e-inversores\/informacion-bursatil\/emisiones-y-rating\/documentacion\/\" \/>\n<meta property=\"og:site_name\" content=\"Ferrovial\" \/>\n<meta property=\"article:publisher\" content=\"https:\/\/www.facebook.com\/ferrovial\" \/>\n<meta property=\"article:modified_time\" content=\"2026-03-18T17:21:36+00:00\" \/>\n<meta name=\"twitter:card\" content=\"summary_large_image\" \/>\n<meta name=\"twitter:site\" content=\"@ferrovial\" \/>\n<meta name=\"twitter:label1\" content=\"Est. reading time\" \/>\n\t<meta name=\"twitter:data1\" content=\"2 minutos\" \/>\n<!-- \/ Yoast SEO plugin. -->","yoast_head_json":{"title":"Documentaci\u00f3n de emisiones de deuda - Ferrovial","description":"Documentaci\u00f3n de Emisiones de Deuda y rating para accionistas e inversores de Ferrovial. Podr\u00e1s descargar todos los documentos en esta p\u00e1gina.","robots":{"index":"index","follow":"follow","max-snippet":"max-snippet:-1","max-image-preview":"max-image-preview:large","max-video-preview":"max-video-preview:-1"},"canonical":"https:\/\/www.ferrovial.com\/es\/accionistas-e-inversores\/informacion-bursatil\/emisiones-y-rating\/documentacion\/","og_locale":"es_ES","og_type":"article","og_title":"Documentaci\u00f3n de emisiones de deuda - Ferrovial","og_description":"Documentaci\u00f3n de Emisiones de Deuda y rating para accionistas e inversores de Ferrovial. Podr\u00e1s descargar todos los documentos en esta p\u00e1gina.","og_url":"https:\/\/www.ferrovial.com\/es\/accionistas-e-inversores\/informacion-bursatil\/emisiones-y-rating\/documentacion\/","og_site_name":"Ferrovial","article_publisher":"https:\/\/www.facebook.com\/ferrovial","article_modified_time":"2026-03-18T17:21:36+00:00","twitter_card":"summary_large_image","twitter_site":"@ferrovial","twitter_misc":{"Est. reading time":"2 minutos"},"schema":{"@context":"https:\/\/schema.org","@graph":[{"@type":"WebPage","@id":"https:\/\/www.ferrovial.com\/es\/accionistas-e-inversores\/informacion-bursatil\/emisiones-y-rating\/documentacion\/","url":"https:\/\/www.ferrovial.com\/es\/accionistas-e-inversores\/informacion-bursatil\/emisiones-y-rating\/documentacion\/","name":"Documentaci\u00f3n de emisiones de deuda - Ferrovial","isPartOf":{"@id":"https:\/\/www.ferrovial.com\/es\/#website"},"datePublished":"2019-09-13T12:19:56+00:00","dateModified":"2026-03-18T17:21:36+00:00","description":"Documentaci\u00f3n de Emisiones de Deuda y rating para accionistas e inversores de Ferrovial. Podr\u00e1s descargar todos los documentos en esta p\u00e1gina.","breadcrumb":{"@id":"https:\/\/www.ferrovial.com\/es\/accionistas-e-inversores\/informacion-bursatil\/emisiones-y-rating\/documentacion\/#breadcrumb"},"inLanguage":"es","potentialAction":[{"@type":"ReadAction","target":["https:\/\/www.ferrovial.com\/es\/accionistas-e-inversores\/informacion-bursatil\/emisiones-y-rating\/documentacion\/"]}]},{"@type":"BreadcrumbList","@id":"https:\/\/www.ferrovial.com\/es\/accionistas-e-inversores\/informacion-bursatil\/emisiones-y-rating\/documentacion\/#breadcrumb","itemListElement":[{"@type":"ListItem","position":1,"name":"Portada","item":"https:\/\/www.ferrovial.com\/es\/"},{"@type":"ListItem","position":2,"name":"Accionistas e inversores","item":"https:\/\/www.ferrovial.com\/es\/accionistas-e-inversores\/"},{"@type":"ListItem","position":3,"name":"Informaci\u00f3n burs\u00e1til","item":"https:\/\/www.ferrovial.com\/es\/accionistas-e-inversores\/informacion-bursatil\/"},{"@type":"ListItem","position":4,"name":"Emisiones y ratings","item":"https:\/\/www.ferrovial.com\/es\/accionistas-e-inversores\/informacion-bursatil\/emisiones-y-rating\/"},{"@type":"ListItem","position":5,"name":"Documentaci\u00f3n de emisiones de deuda"}]},{"@type":"WebSite","@id":"https:\/\/www.ferrovial.com\/es\/#website","url":"https:\/\/www.ferrovial.com\/es\/","name":"Ferrovial","description":"Welcome to the Ferrovial&#039;s website, global operator of sustainable infrastructure. Here you can find all the information about the company and subsidiaries.","publisher":{"@id":"https:\/\/www.ferrovial.com\/es\/#organization"},"potentialAction":[{"@type":"SearchAction","target":{"@type":"EntryPoint","urlTemplate":"https:\/\/www.ferrovial.com\/es\/?s={search_term_string}"},"query-input":{"@type":"PropertyValueSpecification","valueRequired":true,"valueName":"search_term_string"}}],"inLanguage":"es"},{"@type":"Organization","@id":"https:\/\/www.ferrovial.com\/es\/#organization","name":"Ferrovial S.A.","url":"https:\/\/www.ferrovial.com\/es\/","logo":{"@type":"ImageObject","inLanguage":"es","@id":"https:\/\/www.ferrovial.com\/es\/#\/schema\/logo\/image\/","url":"https:\/\/static.ferrovial.com\/wp-content\/uploads\/2020\/01\/13124948\/logo-ferrovial-cf7.png","contentUrl":"https:\/\/static.ferrovial.com\/wp-content\/uploads\/2020\/01\/13124948\/logo-ferrovial-cf7.png","width":144,"height":32,"caption":"Ferrovial S.A."},"image":{"@id":"https:\/\/www.ferrovial.com\/es\/#\/schema\/logo\/image\/"},"sameAs":["https:\/\/www.facebook.com\/ferrovial","https:\/\/x.com\/ferrovial","https:\/\/www.instagram.com\/ferrovial\/","https:\/\/www.linkedin.com\/company\/ferrovial","https:\/\/www.pinterest.es\/ferrovial\/","https:\/\/www.youtube.com\/ferrovial","https:\/\/en.wikipedia.org\/wiki\/Ferrovial"]}]}},"_links":{"self":[{"href":"https:\/\/www.ferrovial.com\/es\/wp-json\/wp\/v2\/pages\/24104","targetHints":{"allow":["GET"]}}],"collection":[{"href":"https:\/\/www.ferrovial.com\/es\/wp-json\/wp\/v2\/pages"}],"about":[{"href":"https:\/\/www.ferrovial.com\/es\/wp-json\/wp\/v2\/types\/page"}],"replies":[{"embeddable":true,"href":"https:\/\/www.ferrovial.com\/es\/wp-json\/wp\/v2\/comments?post=24104"}],"version-history":[{"count":3,"href":"https:\/\/www.ferrovial.com\/es\/wp-json\/wp\/v2\/pages\/24104\/revisions"}],"predecessor-version":[{"id":327552,"href":"https:\/\/www.ferrovial.com\/es\/wp-json\/wp\/v2\/pages\/24104\/revisions\/327552"}],"up":[{"embeddable":true,"href":"https:\/\/www.ferrovial.com\/es\/wp-json\/wp\/v2\/pages\/23974"}],"wp:attachment":[{"href":"https:\/\/www.ferrovial.com\/es\/wp-json\/wp\/v2\/media?parent=24104"}],"curies":[{"name":"wp","href":"https:\/\/api.w.org\/{rel}","templated":true}]}}