{"id":24146,"date":"2019-09-13T14:23:32","date_gmt":"2019-09-13T12:23:32","guid":{"rendered":"https:\/\/www.ferrovial.com\/?page_id=24146"},"modified":"2025-07-30T16:14:05","modified_gmt":"2025-07-30T14:14:05","slug":"presentaciones","status":"publish","type":"page","link":"https:\/\/www.ferrovial.com\/es\/accionistas-e-inversores\/informacion-financiera\/presentaciones\/","title":{"rendered":"Presentaciones"},"content":{"rendered":"    <m-final-content-header bgimage='https:\/\/static.ferrovial.com\/wp-content\/uploads\/2019\/11\/13133107\/erne-river-ferrovial-1200x720.jpg'>\n            <c-breadcrumb label-text=\"Breadcrumb\" slot=\"breadcrumbs\" type='2' align='left' wrap='wrapped wrapped' aria-label='Vienes de Informaci\u00f3n financiera'>\n                        <ol>\n\n                                                            <li><a href=\"https:\/\/www.ferrovial.com\/es\/\" title=\"Ferrovial\">Ferrovial<\/a><\/li>\n                                                                        <li><a href=\"https:\/\/www.ferrovial.com\/es\/accionistas-e-inversores\/\" title=\"Accionistas e inversores\">Accionistas e inversores<\/a><\/li>\n                                                                        <li><a href=\"https:\/\/www.ferrovial.com\/es\/accionistas-e-inversores\/informacion-financiera\/\" title=\"Informaci\u00f3n financiera\">Informaci\u00f3n financiera<\/a><\/li>\n                                    \n                <\/ol>\n\n                <\/c-breadcrumb>\n    \n        <div slot=\"header\">\n            <h1>\n                Presentaciones            <\/h1>\n                    <\/div>\n    <\/m-final-content-header>\n\n    \n\n\n<m-wysiwig class=\"wp-block-components-wysiwyg\"><div slot=\"maincontent\"><\/div><\/m-wysiwig>\n\n\n\n<m-wysiwig class=\"wp-block-components-wysiwyg\"><div slot=\"maincontent\"><\/div><\/m-wysiwig>\n\n\n    <m-historical archivetabs=\"Archivo\" allfiles=\"https:\/\/www.ferrovial.com\/es\/?action=downloadAll&#038;lang=es&#038;time=20260417074629\" selectalltext=\"Seleccionar todos los documentos\" tabsurl=\"https:\/\/www.ferrovial.com\/es\/?action=historical_json_tabs&#038;p_id=24146&#038;part=tabs\" accordionurl='https:\/\/www.ferrovial.com\/es\/?action=historical_json_tabs&#038;p_id=24146&#038;part=accordion'>\n                <span slot=\"downloadText\">\n            descargar art\u00edculos seleccionados        <\/span>\n    <\/m-historical>\n\n    ","protected":false},"excerpt":{"rendered":"","protected":false},"featured_media":0,"parent":22386,"menu_order":0,"comment_status":"closed","ping_status":"closed","template":"","meta":{"_acf_changed":false,"footnotes":""},"class_list":["post-24146","page","type-page","status-publish","hentry"],"acf":[],"yoast_head":"<!-- This site is optimized with the Yoast SEO plugin v27.2 - https:\/\/yoast.com\/product\/yoast-seo-wordpress\/ -->\n<title>Presentaciones - Accionistas e Inversores - Ferrovial<\/title>\n<meta name=\"description\" content=\"\u00daltimas presentaciones para accionistas e Inversores de la compa\u00f1\u00eda espa\u00f1ola Ferrovial. Podr\u00e1s descargar todas las presentaciones e imprimirlas en esta p\u00e1gina.\" \/>\n<meta name=\"robots\" content=\"index, follow, max-snippet:-1, max-image-preview:large, max-video-preview:-1\" \/>\n<link rel=\"canonical\" href=\"https:\/\/www.ferrovial.com\/es\/accionistas-e-inversores\/informacion-financiera\/presentaciones\/\" \/>\n<meta property=\"og:locale\" content=\"es_ES\" \/>\n<meta property=\"og:type\" content=\"article\" \/>\n<meta property=\"og:title\" content=\"Presentaciones - Accionistas e Inversores - Ferrovial\" \/>\n<meta property=\"og:description\" content=\"\u00daltimas presentaciones para accionistas e Inversores de la compa\u00f1\u00eda espa\u00f1ola Ferrovial. Podr\u00e1s descargar todas las presentaciones e imprimirlas en esta p\u00e1gina.\" \/>\n<meta property=\"og:url\" content=\"https:\/\/www.ferrovial.com\/es\/accionistas-e-inversores\/informacion-financiera\/presentaciones\/\" \/>\n<meta property=\"og:site_name\" content=\"Ferrovial\" \/>\n<meta property=\"article:publisher\" content=\"https:\/\/www.facebook.com\/ferrovial\" \/>\n<meta property=\"article:modified_time\" content=\"2025-07-30T14:14:05+00:00\" \/>\n<meta name=\"twitter:card\" content=\"summary_large_image\" \/>\n<meta name=\"twitter:site\" content=\"@ferrovial\" \/>\n<!-- \/ Yoast SEO plugin. -->","yoast_head_json":{"title":"Presentaciones - Accionistas e Inversores - Ferrovial","description":"\u00daltimas presentaciones para accionistas e Inversores de la compa\u00f1\u00eda espa\u00f1ola Ferrovial. Podr\u00e1s descargar todas las presentaciones e imprimirlas en esta p\u00e1gina.","robots":{"index":"index","follow":"follow","max-snippet":"max-snippet:-1","max-image-preview":"max-image-preview:large","max-video-preview":"max-video-preview:-1"},"canonical":"https:\/\/www.ferrovial.com\/es\/accionistas-e-inversores\/informacion-financiera\/presentaciones\/","og_locale":"es_ES","og_type":"article","og_title":"Presentaciones - Accionistas e Inversores - Ferrovial","og_description":"\u00daltimas presentaciones para accionistas e Inversores de la compa\u00f1\u00eda espa\u00f1ola Ferrovial. Podr\u00e1s descargar todas las presentaciones e imprimirlas en esta p\u00e1gina.","og_url":"https:\/\/www.ferrovial.com\/es\/accionistas-e-inversores\/informacion-financiera\/presentaciones\/","og_site_name":"Ferrovial","article_publisher":"https:\/\/www.facebook.com\/ferrovial","article_modified_time":"2025-07-30T14:14:05+00:00","twitter_card":"summary_large_image","twitter_site":"@ferrovial","schema":{"@context":"https:\/\/schema.org","@graph":[{"@type":"WebPage","@id":"https:\/\/www.ferrovial.com\/es\/accionistas-e-inversores\/informacion-financiera\/presentaciones\/","url":"https:\/\/www.ferrovial.com\/es\/accionistas-e-inversores\/informacion-financiera\/presentaciones\/","name":"Presentaciones - Accionistas e Inversores - Ferrovial","isPartOf":{"@id":"https:\/\/www.ferrovial.com\/es\/#website"},"datePublished":"2019-09-13T12:23:32+00:00","dateModified":"2025-07-30T14:14:05+00:00","description":"\u00daltimas presentaciones para accionistas e Inversores de la compa\u00f1\u00eda espa\u00f1ola Ferrovial. Podr\u00e1s descargar todas las presentaciones e imprimirlas en esta p\u00e1gina.","breadcrumb":{"@id":"https:\/\/www.ferrovial.com\/es\/accionistas-e-inversores\/informacion-financiera\/presentaciones\/#breadcrumb"},"inLanguage":"es","potentialAction":[{"@type":"ReadAction","target":["https:\/\/www.ferrovial.com\/es\/accionistas-e-inversores\/informacion-financiera\/presentaciones\/"]}]},{"@type":"BreadcrumbList","@id":"https:\/\/www.ferrovial.com\/es\/accionistas-e-inversores\/informacion-financiera\/presentaciones\/#breadcrumb","itemListElement":[{"@type":"ListItem","position":1,"name":"Portada","item":"https:\/\/www.ferrovial.com\/es\/"},{"@type":"ListItem","position":2,"name":"Accionistas e inversores","item":"https:\/\/www.ferrovial.com\/es\/accionistas-e-inversores\/"},{"@type":"ListItem","position":3,"name":"Informaci\u00f3n financiera","item":"https:\/\/www.ferrovial.com\/es\/accionistas-e-inversores\/informacion-financiera\/"},{"@type":"ListItem","position":4,"name":"Presentaciones"}]},{"@type":"WebSite","@id":"https:\/\/www.ferrovial.com\/es\/#website","url":"https:\/\/www.ferrovial.com\/es\/","name":"Ferrovial","description":"Welcome to the Ferrovial&#039;s website, global operator of sustainable infrastructure. Here you can find all the information about the company and subsidiaries.","publisher":{"@id":"https:\/\/www.ferrovial.com\/es\/#organization"},"potentialAction":[{"@type":"SearchAction","target":{"@type":"EntryPoint","urlTemplate":"https:\/\/www.ferrovial.com\/es\/?s={search_term_string}"},"query-input":{"@type":"PropertyValueSpecification","valueRequired":true,"valueName":"search_term_string"}}],"inLanguage":"es"},{"@type":"Organization","@id":"https:\/\/www.ferrovial.com\/es\/#organization","name":"Ferrovial S.A.","url":"https:\/\/www.ferrovial.com\/es\/","logo":{"@type":"ImageObject","inLanguage":"es","@id":"https:\/\/www.ferrovial.com\/es\/#\/schema\/logo\/image\/","url":"https:\/\/static.ferrovial.com\/wp-content\/uploads\/2020\/01\/13124948\/logo-ferrovial-cf7.png","contentUrl":"https:\/\/static.ferrovial.com\/wp-content\/uploads\/2020\/01\/13124948\/logo-ferrovial-cf7.png","width":144,"height":32,"caption":"Ferrovial S.A."},"image":{"@id":"https:\/\/www.ferrovial.com\/es\/#\/schema\/logo\/image\/"},"sameAs":["https:\/\/www.facebook.com\/ferrovial","https:\/\/x.com\/ferrovial","https:\/\/www.instagram.com\/ferrovial\/","https:\/\/www.linkedin.com\/company\/ferrovial","https:\/\/www.pinterest.es\/ferrovial\/","https:\/\/www.youtube.com\/ferrovial","https:\/\/en.wikipedia.org\/wiki\/Ferrovial"]}]}},"_links":{"self":[{"href":"https:\/\/www.ferrovial.com\/es\/wp-json\/wp\/v2\/pages\/24146","targetHints":{"allow":["GET"]}}],"collection":[{"href":"https:\/\/www.ferrovial.com\/es\/wp-json\/wp\/v2\/pages"}],"about":[{"href":"https:\/\/www.ferrovial.com\/es\/wp-json\/wp\/v2\/types\/page"}],"replies":[{"embeddable":true,"href":"https:\/\/www.ferrovial.com\/es\/wp-json\/wp\/v2\/comments?post=24146"}],"version-history":[{"count":3,"href":"https:\/\/www.ferrovial.com\/es\/wp-json\/wp\/v2\/pages\/24146\/revisions"}],"predecessor-version":[{"id":310683,"href":"https:\/\/www.ferrovial.com\/es\/wp-json\/wp\/v2\/pages\/24146\/revisions\/310683"}],"up":[{"embeddable":true,"href":"https:\/\/www.ferrovial.com\/es\/wp-json\/wp\/v2\/pages\/22386"}],"wp:attachment":[{"href":"https:\/\/www.ferrovial.com\/es\/wp-json\/wp\/v2\/media?parent=24146"}],"curies":[{"name":"wp","href":"https:\/\/api.w.org\/{rel}","templated":true}]}}