{"id":242494,"date":"2022-11-17T13:37:07","date_gmt":"2022-11-17T12:37:07","guid":{"rendered":"https:\/\/www.ferrovial.com\/?page_id=242494"},"modified":"2022-11-22T09:07:42","modified_gmt":"2022-11-22T08:07:42","slug":"electrostatica","status":"publish","type":"page","link":"https:\/\/www.ferrovial.com\/es\/stem\/electrostatica\/","title":{"rendered":"Electrost\u00e1tica"},"content":{"rendered":"    <m-final-content-header >\n            <c-breadcrumb label-text=\"Breadcrumb\" slot=\"breadcrumbs\" type='2' align='left' wrap='wrapped wrapped' aria-label='Vienes de STEM'>\n                        <ol>\n\n                                                            <li><a href=\"https:\/\/www.ferrovial.com\/es\/\" title=\"Ferrovial\">Ferrovial<\/a><\/li>\n                                                                        <li><a href=\"https:\/\/www.ferrovial.com\/es\/stem\/\" title=\"STEM\">STEM<\/a><\/li>\n                                    \n                <\/ol>\n\n                <\/c-breadcrumb>\n    \n        <div slot=\"header\">\n            <h1>\n                \u00bfQu\u00e9 es la electrost\u00e1tica?            <\/h1>\n                    <\/div>\n    <\/m-final-content-header>\n\n    \n\n\n<m-wysiwig class=\"wp-block-components-wysiwyg\"><div slot=\"maincontent\">\n<script type=\"application\/ld+json\">\n{\n  \"@context\": \"https:\/\/schema.org\",\n  \"@type\": \"FAQPage\",\n  \"mainEntity\": [{\n    \"@type\": \"Question\",\n    \"name\": \"\u00bfQu\u00e9 es la electrost\u00e1tica?\",\n    \"acceptedAnswer\": {\n      \"@type\": \"Answer\",\n      \"text\": \"e entiende por electrost\u00e1tica a la rama de la f\u00edsicaque se encarga del estudio y an\u00e1lisis del comportamiento de las cargas el\u00e9ctricas en estado de equilibrio o, lo que es lo mismo, los efectos que se generan en los cuerpos como resultado de sus cargas el\u00e9ctricas, ya sean de atracci\u00f3n o rechazo. A este efecto se le conoce como fen\u00f3meno electrost\u00e1tico.\"\n    }\n  },{\n    \"@type\": \"Question\",\n    \"name\": \"\u00bfCu\u00e1ndo se descubri\u00f3 la electrost\u00e1tica?\",\n    \"acceptedAnswer\": {\n      \"@type\": \"Answer\",\n      \"text\": \"Los primeros indicios del estudio de la electrost\u00e1tica se remontan a la \u00e9poca de los griegos antiguos, cuando el fil\u00f3sofo Tales de Mileto (624 a.C. \u2013 546 a. C.) identific\u00f3 comportamientos extra\u00f1os a partir de la fricci\u00f3n del \u00e1mbar con tejidos como la lana, generando la atracci\u00f3n de objetos con electricidad est\u00e1tica. \nPosteriormente, en el siglo XVII se realizaron los primeros an\u00e1lisis de la relaci\u00f3n entre la electricidad y el magnetismo, con el objetivo de mejorar la precisi\u00f3n de las br\u00fajulas magn\u00e9ticas. El italiano Niccolo Cabeo analiz\u00f3 estudios del f\u00edsico brit\u00e1nico William Gilbert y concluy\u00f3 que exist\u00edan fuerzas de atracci\u00f3n y repulsi\u00f3n entre cuerpos, seg\u00fan sus caracter\u00edsticas. \nEn el a\u00f1o 1733, el f\u00edsico y qu\u00edmico franc\u00e9s Francois de Cisternay du Fay plante\u00f3 la existencia de dos tipos de cargas el\u00e9ctricas: la negativa y la positiva. Luego, en 1785 el tambi\u00e9n f\u00edsico franc\u00e9s Charles Coulomb formaliz\u00f3 en un tratado los conceptos cuantitativos de las fuerzas el\u00e9ctricas, formulando la Ley de Coulomb en la que se plantearon enunciados de atracci\u00f3n y repulsi\u00f3n de cargas el\u00e9ctricas est\u00e1ticas. Esta ley se complement\u00f3 con el Teorema de Gauss en el que se definieron casi todos los fen\u00f3menos electrost\u00e1ticos.\"\n    }\n  },{\n    \"@type\": \"Question\",\n    \"name\": \"\u00bfC\u00f3mo se genera la electrost\u00e1tica?\",\n    \"acceptedAnswer\": {\n      \"@type\": \"Answer\",\n      \"text\": \"La electrost\u00e1tica se produce cuando dos o m\u00e1s cuerpos entran en contacto y se separan de nuevo. Se trata de un fen\u00f3meno de superficies que da lugar a la transferencia de electrones de un \u00e1tomo a otro. Se puede generar de la siguiente manera:\n<ol>\n<li>Carga el\u00e9ctrica por frotaci\u00f3n<\/li>\n<li>Carga el\u00e9ctrica por inducci\u00f3n<\/li>\n<\/ol>\"\n    }\n  },{\n    \"@type\": \"Question\",\n    \"name\": \"\u00bfC\u00f3mo se manifiesta la electrost\u00e1tica en la vida cotidiana?\",\n    \"acceptedAnswer\": {\n      \"@type\": \"Answer\",\n      \"text\": \"<ul>\n<li>Frotar con un pa\u00f1o un trozo de vidrio: cuando el pa\u00f1o es lo suficientemente grueso, el vidrio, que tiene cualidad de material aislante, queda cargado el\u00e9ctricamente y atraer\u00e1 part\u00edculas peque\u00f1as que se encuentren a su alrededor. <\/li>\n<li>Peinarse: el material pl\u00e1stico con el que est\u00e1 fabricado el peine es aislante y, al momento de pasarlo de manera repetida sobre el cabello, este se cargar\u00e1 de electrones, haciendo que el cabello se eleve. <\/li>\n<li>Impresi\u00f3n en m\u00e1quinas fotocopiadoras o de l\u00e1ser: el rayo de luz que ilumina la imagen o texto a trav\u00e9s de un proceso de escaneo le transfiere la carga el\u00e9ctrica a un tambor fotosensible. Por su parte, el t\u00f3ner, que tiene caracter\u00edsticas magn\u00e9ticas, al pasar por el tambor se adhiere a las partes sensibilizadas por el rayo de luz. Luego, cuando el papel pasa por el tambor, el material del t\u00f3ner se desprende y se adhiere a la superficie, transfiriendo el contenido del tambor. <\/li>\n<li>Arrastrar los pies con calcetines sobre una alfombra: la electricidad est\u00e1tica se acumula en el cuerpo y, si despu\u00e9s se toca a alguien, se puede sentir una descarga el\u00e9ctrica entre las pieles. \n<\/li>\n<\/ul>\"\n    }\n  }]\n}\n<\/script><p>Se entiende por electrost\u00e1tica a la<strong> rama de la <\/strong><a href=\"https:\/\/www.ferrovial.com\/es\/stem\/fisica\/\" target=\"_blank\" rel=\"noreferrer noopener\"><strong>f\u00edsica<\/strong><\/a><strong> <\/strong>que se encarga del <strong>estudio y an\u00e1lisis del comportamiento de las cargas el\u00e9ctricas en estado de equilibrio<\/strong> o, lo que es lo mismo, los <strong>efectos que se generan en los cuerpos como resultado de sus cargas el\u00e9ctricas, <\/strong>ya sean de atracci\u00f3n o rechazo. A este efecto se le conoce como <strong>fen\u00f3meno electrost\u00e1tico.&nbsp;<\/strong><\/p>\n\n\n\n<p>La electricidad est\u00e1tica se entiende como el <strong>fen\u00f3meno que ocurre entre dos cuerpos que acumulan carga el\u00e9ctrica, ya sea por procesos de inducci\u00f3n o fricci\u00f3n. <\/strong>Esta acumulaci\u00f3n de energ\u00eda se puede producir, por ejemplo, si dos materiales se frotan entre s\u00ed, pasando los electrones de una superficie a otra a trav\u00e9s del diferencial de nivel energ\u00e9tico.<\/p>\n\n\n\n<p>Si un material con carga el\u00e9ctrica atrae o rechaza los electrones de otro material, se produce lo que se conoce como carga inducida, en la que se genera una zona con mayor carga positiva en el segundo material, provocando atracci\u00f3n.&nbsp;<\/p>\n\n\n\n<p>En electrost\u00e1tica, <strong>el nivel de carga depende de factores como el material<\/strong> (si es conductor, semiconductor o aislante), <strong>as\u00ed como de sus propiedades f\u00edsicas y el\u00e9ctricas, humedad, temperatura, presi\u00f3n y velocidad de separaci\u00f3n de cuerpos.&nbsp;<\/strong><\/p>\n\n\n\n<h2 class=\"wp-block-heading\"><strong>\u00bfCu\u00e1ndo se descubri\u00f3 la electrost\u00e1tica?<\/strong><\/h2>\n\n\n\n<p>Los primeros indicios del estudio de la electrost\u00e1tica se remontan a la \u00e9poca de los griegos antiguos, cuando el fil\u00f3sofo <strong>Tales de Mileto<\/strong> (624 a.C. &#8211; 546 a. C.) identific\u00f3 comportamientos extra\u00f1os a partir de la fricci\u00f3n del \u00e1mbar con tejidos como la lana, generando la atracci\u00f3n de objetos con electricidad est\u00e1tica.&nbsp;<\/p>\n\n\n\n<p>Posteriormente, en el siglo XVII se realizaron los primeros an\u00e1lisis de la relaci\u00f3n entre la electricidad y el magnetismo, con el objetivo de mejorar la precisi\u00f3n de las br\u00fajulas magn\u00e9ticas. El italiano <strong>Niccolo Cabeo<\/strong> analiz\u00f3 estudios del f\u00edsico brit\u00e1nico <strong>William Gilbert<\/strong> y <strong>concluy\u00f3 que exist\u00edan fuerzas de atracci\u00f3n y repulsi\u00f3n entre cuerpos,<\/strong> seg\u00fan sus caracter\u00edsticas.&nbsp;<\/p>\n\n\n\n<p>En el a\u00f1o 1733, el f\u00edsico y qu\u00edmico franc\u00e9s <strong>Francois de Cisternay du Fay <\/strong>plante\u00f3 la existencia de dos tipos de cargas el\u00e9ctricas: la negativa y la positiva. Luego, en 1785 el tambi\u00e9n f\u00edsico franc\u00e9s <strong>Charles Coulomb<\/strong> formaliz\u00f3 en un tratado los conceptos cuantitativos de las fuerzas el\u00e9ctricas, formulando la <strong><em>Ley de Coulomb<\/em><\/strong> en la que se plantearon enunciados de atracci\u00f3n y repulsi\u00f3n de cargas el\u00e9ctricas est\u00e1ticas. Esta ley se complement\u00f3 con el <strong><em>Teorema de Gauss <\/em><\/strong>en el que se definieron casi todos los fen\u00f3menos electrost\u00e1ticos.<br><\/p>\n\n\n\n<h2 class=\"wp-block-heading\"><strong>\u00bfC\u00f3mo se genera la electrost\u00e1tica?<\/strong><\/h2>\n\n\n\n<p>La electrost\u00e1tica se produce cuando <strong>dos o m\u00e1s cuerpos entran en contacto y se separan de nuevo.<\/strong> Se trata de un fen\u00f3meno de superficies que da lugar a la transferencia de electrones de un <a href=\"https:\/\/www.ferrovial.com\/es\/stem\/atomos\/\" target=\"_blank\" rel=\"noreferrer noopener\">\u00e1tomo<\/a> a otro. Se puede generar de la siguiente manera:<\/p>\n\n\n\n<ol class=\"wp-block-list\"><li><strong>Carga el\u00e9ctrica por frotaci\u00f3n<\/strong>: algunos cuerpos pueden cargarse despu\u00e9s de ser frotados uno contra otro, produciendo la transferencia de electrones. De esta manera, un objeto queda cargado electronegativamente y el otro electropositivamente.<br><\/li><li><strong>Carga el\u00e9ctrica por inducci\u00f3n<\/strong>: no requiere de contacto entre objetos para generar la carga el\u00e9ctrica. Por el contrario, si un material tiene carga negativa y se acerca a un cuerpo el\u00e9ctricamente neutro, los electrones del \u00faltimo se sentir\u00e1n repelidos ante el exceso de electrones del primer cuerpo y, por lo tanto, se mover\u00e1 dentro del material contenedor para alejarse del cuerpo cargado.&nbsp;<\/li><\/ol>\n\n\n\n<h2 class=\"wp-block-heading\"><strong>\u00bfC\u00f3mo se manifiesta la electrost\u00e1tica en la vida cotidiana?<\/strong><\/h2>\n\n\n\n<ul class=\"wp-block-list\"><li><strong>Frotar con un pa\u00f1o un trozo de vidrio:<\/strong> cuando el pa\u00f1o es lo suficientemente grueso, el vidrio, que tiene cualidad de material aislante, queda cargado el\u00e9ctricamente y atraer\u00e1 part\u00edculas peque\u00f1as que se encuentren a su alrededor.&nbsp;<\/li><li><strong>Peinarse:<\/strong> el material pl\u00e1stico con el que est\u00e1 fabricado el peine es aislante y, al momento de pasarlo de manera repetida sobre el cabello, este se cargar\u00e1 de electrones, haciendo que el cabello se eleve.&nbsp;<\/li><li><strong>Impresi\u00f3n en m\u00e1quinas fotocopiadoras o de l\u00e1ser:<\/strong> el rayo de luz que ilumina la imagen o texto a trav\u00e9s de un proceso de escaneo le transfiere la carga el\u00e9ctrica a un tambor fotosensible. Por su parte, el t\u00f3ner, que tiene caracter\u00edsticas magn\u00e9ticas, al pasar por el tambor se adhiere a las partes sensibilizadas por el rayo de luz. Luego, cuando el papel pasa por el tambor, el material del t\u00f3ner se desprende y se adhiere a la superficie, transfiriendo el contenido del tambor.&nbsp;<\/li><li><strong>Arrastrar los pies con calcetines sobre una alfombra:<\/strong> la electricidad est\u00e1tica se acumula en el cuerpo y, si despu\u00e9s se toca a alguien, se puede sentir una descarga el\u00e9ctrica entre las pieles.&nbsp;<\/li><\/ul>\n<\/div><\/m-wysiwig>\n","protected":false},"excerpt":{"rendered":"","protected":false},"featured_media":0,"parent":227878,"menu_order":0,"comment_status":"closed","ping_status":"closed","template":"","meta":{"_acf_changed":false,"footnotes":""},"class_list":["post-242494","page","type-page","status-publish","hentry"],"acf":[],"yoast_head":"<!-- This site is optimized with the Yoast SEO plugin v27.2 - https:\/\/yoast.com\/product\/yoast-seo-wordpress\/ -->\n<title>Electrost\u00e1tica: qu\u00e9 es, c\u00f3mo se genera - Ferrovial<\/title>\n<meta name=\"description\" content=\"La electrost\u00e1tica se produce cuando dos o m\u00e1s cuerpos entran en contacto y se separan de nuevo. Es un fen\u00f3meno de superficies que da lugar a la transferencia de electrones de un \u00e1tomo a otro.\" \/>\n<meta name=\"robots\" content=\"index, follow, max-snippet:-1, max-image-preview:large, max-video-preview:-1\" \/>\n<link rel=\"canonical\" href=\"https:\/\/www.ferrovial.com\/es\/stem\/electrostatica\/\" \/>\n<meta property=\"og:locale\" content=\"es_ES\" \/>\n<meta property=\"og:type\" content=\"article\" \/>\n<meta property=\"og:title\" content=\"Electrost\u00e1tica: qu\u00e9 es, c\u00f3mo se genera - Ferrovial\" \/>\n<meta property=\"og:description\" content=\"La electrost\u00e1tica se produce cuando dos o m\u00e1s cuerpos entran en contacto y se separan de nuevo. Es un fen\u00f3meno de superficies que da lugar a la transferencia de electrones de un \u00e1tomo a otro.\" \/>\n<meta property=\"og:url\" content=\"https:\/\/www.ferrovial.com\/es\/stem\/electrostatica\/\" \/>\n<meta property=\"og:site_name\" content=\"Ferrovial\" \/>\n<meta property=\"article:publisher\" content=\"https:\/\/www.facebook.com\/ferrovial\" \/>\n<meta property=\"article:modified_time\" content=\"2022-11-22T08:07:42+00:00\" \/>\n<meta name=\"twitter:card\" content=\"summary_large_image\" \/>\n<meta name=\"twitter:site\" content=\"@ferrovial\" \/>\n<meta name=\"twitter:label1\" content=\"Est. reading time\" \/>\n\t<meta name=\"twitter:data1\" content=\"6 minutos\" \/>\n<!-- \/ Yoast SEO plugin. -->","yoast_head_json":{"title":"Electrost\u00e1tica: qu\u00e9 es, c\u00f3mo se genera - Ferrovial","description":"La electrost\u00e1tica se produce cuando dos o m\u00e1s cuerpos entran en contacto y se separan de nuevo. Es un fen\u00f3meno de superficies que da lugar a la transferencia de electrones de un \u00e1tomo a otro.","robots":{"index":"index","follow":"follow","max-snippet":"max-snippet:-1","max-image-preview":"max-image-preview:large","max-video-preview":"max-video-preview:-1"},"canonical":"https:\/\/www.ferrovial.com\/es\/stem\/electrostatica\/","og_locale":"es_ES","og_type":"article","og_title":"Electrost\u00e1tica: qu\u00e9 es, c\u00f3mo se genera - Ferrovial","og_description":"La electrost\u00e1tica se produce cuando dos o m\u00e1s cuerpos entran en contacto y se separan de nuevo. Es un fen\u00f3meno de superficies que da lugar a la transferencia de electrones de un \u00e1tomo a otro.","og_url":"https:\/\/www.ferrovial.com\/es\/stem\/electrostatica\/","og_site_name":"Ferrovial","article_publisher":"https:\/\/www.facebook.com\/ferrovial","article_modified_time":"2022-11-22T08:07:42+00:00","twitter_card":"summary_large_image","twitter_site":"@ferrovial","twitter_misc":{"Est. reading time":"6 minutos"},"schema":{"@context":"https:\/\/schema.org","@graph":[{"@type":"WebPage","@id":"https:\/\/www.ferrovial.com\/es\/stem\/electrostatica\/","url":"https:\/\/www.ferrovial.com\/es\/stem\/electrostatica\/","name":"Electrost\u00e1tica: qu\u00e9 es, c\u00f3mo se genera - Ferrovial","isPartOf":{"@id":"https:\/\/www.ferrovial.com\/es\/#website"},"datePublished":"2022-11-17T12:37:07+00:00","dateModified":"2022-11-22T08:07:42+00:00","description":"La electrost\u00e1tica se produce cuando dos o m\u00e1s cuerpos entran en contacto y se separan de nuevo. Es un fen\u00f3meno de superficies que da lugar a la transferencia de electrones de un \u00e1tomo a otro.","breadcrumb":{"@id":"https:\/\/www.ferrovial.com\/es\/stem\/electrostatica\/#breadcrumb"},"inLanguage":"es","potentialAction":[{"@type":"ReadAction","target":["https:\/\/www.ferrovial.com\/es\/stem\/electrostatica\/"]}]},{"@type":"BreadcrumbList","@id":"https:\/\/www.ferrovial.com\/es\/stem\/electrostatica\/#breadcrumb","itemListElement":[{"@type":"ListItem","position":1,"name":"Portada","item":"https:\/\/www.ferrovial.com\/es\/"},{"@type":"ListItem","position":2,"name":"STEM","item":"https:\/\/www.ferrovial.com\/es\/stem\/"},{"@type":"ListItem","position":3,"name":"Electrost\u00e1tica"}]},{"@type":"WebSite","@id":"https:\/\/www.ferrovial.com\/es\/#website","url":"https:\/\/www.ferrovial.com\/es\/","name":"Ferrovial","description":"Welcome to the Ferrovial&#039;s website, global operator of sustainable infrastructure. Here you can find all the information about the company and subsidiaries.","publisher":{"@id":"https:\/\/www.ferrovial.com\/es\/#organization"},"potentialAction":[{"@type":"SearchAction","target":{"@type":"EntryPoint","urlTemplate":"https:\/\/www.ferrovial.com\/es\/?s={search_term_string}"},"query-input":{"@type":"PropertyValueSpecification","valueRequired":true,"valueName":"search_term_string"}}],"inLanguage":"es"},{"@type":"Organization","@id":"https:\/\/www.ferrovial.com\/es\/#organization","name":"Ferrovial S.A.","url":"https:\/\/www.ferrovial.com\/es\/","logo":{"@type":"ImageObject","inLanguage":"es","@id":"https:\/\/www.ferrovial.com\/es\/#\/schema\/logo\/image\/","url":"https:\/\/static.ferrovial.com\/wp-content\/uploads\/2020\/01\/13124948\/logo-ferrovial-cf7.png","contentUrl":"https:\/\/static.ferrovial.com\/wp-content\/uploads\/2020\/01\/13124948\/logo-ferrovial-cf7.png","width":144,"height":32,"caption":"Ferrovial S.A."},"image":{"@id":"https:\/\/www.ferrovial.com\/es\/#\/schema\/logo\/image\/"},"sameAs":["https:\/\/www.facebook.com\/ferrovial","https:\/\/x.com\/ferrovial","https:\/\/www.instagram.com\/ferrovial\/","https:\/\/www.linkedin.com\/company\/ferrovial","https:\/\/www.pinterest.es\/ferrovial\/","https:\/\/www.youtube.com\/ferrovial","https:\/\/en.wikipedia.org\/wiki\/Ferrovial"]}]}},"_links":{"self":[{"href":"https:\/\/www.ferrovial.com\/es\/wp-json\/wp\/v2\/pages\/242494","targetHints":{"allow":["GET"]}}],"collection":[{"href":"https:\/\/www.ferrovial.com\/es\/wp-json\/wp\/v2\/pages"}],"about":[{"href":"https:\/\/www.ferrovial.com\/es\/wp-json\/wp\/v2\/types\/page"}],"replies":[{"embeddable":true,"href":"https:\/\/www.ferrovial.com\/es\/wp-json\/wp\/v2\/comments?post=242494"}],"version-history":[{"count":3,"href":"https:\/\/www.ferrovial.com\/es\/wp-json\/wp\/v2\/pages\/242494\/revisions"}],"predecessor-version":[{"id":242735,"href":"https:\/\/www.ferrovial.com\/es\/wp-json\/wp\/v2\/pages\/242494\/revisions\/242735"}],"up":[{"embeddable":true,"href":"https:\/\/www.ferrovial.com\/es\/wp-json\/wp\/v2\/pages\/227878"}],"wp:attachment":[{"href":"https:\/\/www.ferrovial.com\/es\/wp-json\/wp\/v2\/media?parent=242494"}],"curies":[{"name":"wp","href":"https:\/\/api.w.org\/{rel}","templated":true}]}}