{"id":242499,"date":"2022-11-17T13:50:09","date_gmt":"2022-11-17T12:50:09","guid":{"rendered":"https:\/\/www.ferrovial.com\/?page_id=242499"},"modified":"2022-11-22T10:17:17","modified_gmt":"2022-11-22T09:17:17","slug":"tuneladora","status":"publish","type":"page","link":"https:\/\/www.ferrovial.com\/es\/stem\/tuneladora\/","title":{"rendered":"Tuneladora"},"content":{"rendered":"    <m-final-content-header >\n            <c-breadcrumb label-text=\"Breadcrumb\" slot=\"breadcrumbs\" type='2' align='left' wrap='wrapped wrapped' aria-label='Vienes de STEM'>\n                        <ol>\n\n                                                            <li><a href=\"https:\/\/www.ferrovial.com\/es\/\" title=\"Ferrovial\">Ferrovial<\/a><\/li>\n                                                                        <li><a href=\"https:\/\/www.ferrovial.com\/es\/stem\/\" title=\"STEM\">STEM<\/a><\/li>\n                                    \n                <\/ol>\n\n                <\/c-breadcrumb>\n    \n        <div slot=\"header\">\n            <h1>\n                \u00bfQu\u00e9 es una tuneladora?            <\/h1>\n                    <\/div>\n    <\/m-final-content-header>\n\n    \n\n\n<m-wysiwig class=\"wp-block-components-wysiwyg\"><div slot=\"maincontent\">\n<script type=\"application\/ld+json\">\n{\n  \"@context\": \"https:\/\/schema.org\",\n  \"@type\": \"FAQPage\",\n  \"mainEntity\": [{\n    \"@type\": \"Question\",\n    \"name\": \"\u00bfQu\u00e9 es una tuneladora?\",\n    \"acceptedAnswer\": {\n      \"@type\": \"Answer\",\n      \"text\": \"Una tuneladora o Tunnel boring machine (TBM por su denominaci\u00f3n en ingl\u00e9s) es una m\u00e1quina capaz de excavar t\u00faneles bajo tierra a secci\u00f3n completa, es decir, en una sola operaci\u00f3n mec\u00e1nica, mediante la perforaci\u00f3n. Suelen pesar m\u00e1s de 6.000 toneladas y alcanzar m\u00e1s de 150 metros de longitud; y trabajan en terrenos variados, desde rocas sedimentarias y volc\u00e1nicas hasta suelos arenosos o arcillosos.\"\n    }\n  },{\n    \"@type\": \"Question\",\n    \"name\": \"\u00bfC\u00f3mo funciona una tuneladora?\",\n    \"acceptedAnswer\": {\n      \"@type\": \"Answer\",\n      \"text\": \"Una m\u00e1quina tuneladora, generalmente, realiza el proceso de excavaci\u00f3n a trav\u00e9s de su cabeza giratoria que va haciendo hueco en el terreno a trav\u00e9s de un motor con sistema hidr\u00e1ulico o el\u00e9ctrico. La tuneladora de elementos de corte que pueden tener distintas formas y estar fabricados de diferentes materiales. Ambos dependen de las caracter\u00edsticas del t\u00fanel.\"\n    }\n  },{\n    \"@type\": \"Question\",\n    \"name\": \"\u00bfQu\u00e9 tipos de tuneladoras existen?\",\n    \"acceptedAnswer\": {\n      \"@type\": \"Answer\",\n      \"text\": \"Las tuneladoras se clasifican en dos grandes grupos:\n<ol>\n<li>Topos<\/li>\n<li>Escudos<\/li>\n<li>De doble escudo<\/li>\n<\/ol>\"\n    }\n  },{\n    \"@type\": \"Question\",\n    \"name\": \"\u00bfCu\u00e1l es la diferencia entre una tuneladora y una rozadora?\",\n    \"acceptedAnswer\": {\n      \"@type\": \"Answer\",\n      \"text\": \"Hay distintos m\u00e9todos para la excavaci\u00f3n mec\u00e1nica de t\u00faneles y, entre los m\u00e1s destacados, est\u00e1n las tuneladoras y las rozadoras. Si bien ambas cumplen con la funci\u00f3n de excavaci\u00f3n, guardan entre ellas algunas diferencias, tales como:\n<ul>\n<li>Las rozadoras, adem\u00e1s de la cabeza giratoria con la que tambi\u00e9n cuenta la tuneladora, disponen de un brazo articulado con picas de fricci\u00f3n y se mueven a trav\u00e9s de orugas.<\/li>\n<li>Las rozadoras se emplean para arrancar trozos de terreno de baja y media resistencia, mientras que las tuneladoras se utilizan, tambi\u00e9n, para terrenos de alta resistencia. <\/li>\n<li>Las rozadoras, a diferencia de las tuneladoras, se emplean para obras de ingenier\u00eda civil y construcci\u00f3n cuyas longitudes de excavaci\u00f3n no son mayores a 2 kil\u00f3metros,mientras que las tuneladoras pueden ejecutar proyectos de mayor extensi\u00f3n. <\/li>\n<\/ul>\"\n    }\n  },{\n    \"@type\": \"Question\",\n    \"name\": \"\u00bfQu\u00e9 requisitos debe cumplir un operador de tuneladoras?\",\n    \"acceptedAnswer\": {\n      \"@type\": \"Answer\",\n      \"text\": \"Para la manipulaci\u00f3n y uso de una tuneladora, sus operadores deben cumplir con ciertos requisitos y manejar conocimientos espec\u00edficos, tales como:\n<ul>\n<li>Uso de equipamiento de seguridad en la obra de construcci\u00f3n.<\/li>\n<li>Transporte de materiales a utilizar en la obra. <\/li>\n<li>Uso de taladradoras. <\/li>\n<li>Cuidado de la infraestructura de servicios a la hora de poner en funcionamiento la m\u00e1quina, evitando cualquier da\u00f1o. <\/li>\n<li>Trabajo ergon\u00f3mico. <\/li>\n<li>Uso de guantes protectores, casco, calzado de seguridad, ropa de se\u00f1alizaci\u00f3n y arn\u00e9s.<\/li>\n<li>Conocimiento de los procedimientos correspondientes para reaccionar en situaciones de urgencia. <\/li>\n<li>Respeto de los protocolos de seguridad y salud en la construcci\u00f3n.<\/li>\n<li>Uso de protectores auditivos, ya sean tapones o auriculares.<\/li>\n<\/ul>\"\n    }\n  }]\n}\n<\/script>\n<p>Una tuneladora o <em>Tunnel boring machine<\/em> (TBM por su denominaci\u00f3n en ingl\u00e9s) es una <strong>m\u00e1quina capaz de excavar t\u00faneles bajo tierra a secci\u00f3n completa, <\/strong>es decir, en una sola operaci\u00f3n mec\u00e1nica, mediante la perforaci\u00f3n. <strong>Suelen pesar m\u00e1s de 6.000 toneladas y alcanzar m\u00e1s de 150 metros de longitud<\/strong>; y trabajan en terrenos variados, desde rocas sedimentarias y volc\u00e1nicas hasta suelos arenosos o arcillosos.&nbsp;<\/p>\n\n\n\n<p>El uso de una tuneladora exige ciertas caracter\u00edsticas, tanto del terreno como del t\u00fanel a excavar. Este \u00faltimo <strong>debe tener grandes radios de curvatura, ya que la m\u00e1quina no puede realizar curvas cerradas<\/strong>. Es por esta raz\u00f3n que la m\u00e1quina <strong>suele tener precios elevados<\/strong>.<strong> <\/strong>Aquellas de 4 a 6 metros de di\u00e1metro pueden costar hasta 11 millones de euros, mientras que las de 15 metros de di\u00e1metro pueden alcanzar los 25 millones de euros.&nbsp;<\/p>\n\n\n\n<p>Una tuneladora tambi\u00e9n puede utilizarse para colocar <strong>sistemas de entibado<\/strong>, es decir, <strong>mecanismos de contenci\u00f3n provisional para sostener excavaciones y estructuras en construcciones.&nbsp;<\/strong><\/p>\n\n\n\n<h2 class=\"wp-block-heading\"><strong>\u00bfC\u00f3mo funciona una tuneladora?<\/strong><\/h2>\n\n\n\n<p>Una m\u00e1quina tuneladora, generalmente, <strong>realiza el proceso de excavaci\u00f3n a trav\u00e9s de su cabeza giratoria <\/strong>que va haciendo hueco en el terreno a trav\u00e9s de <strong>un motor con sistema hidr\u00e1ulico o el\u00e9ctrico<\/strong>. La tuneladora de elementos de corte que pueden tener distintas formas y estar fabricados de diferentes materiales. Ambos dependen de las caracter\u00edsticas del t\u00fanel.&nbsp;<\/p>\n\n\n\n<p>La fuerza de empuje de la tuneladora es consecuencia de la<strong> acci\u00f3n de gatos perimetrales apoyados en anillos<\/strong> que, a su vez, son empujados por otros gatos contra la pared del t\u00fanel. <strong>Esta acci\u00f3n dota de fuerza y agarre suficiente a la m\u00e1quina <\/strong>para que la cabeza giratoria siga cumpliendo su funci\u00f3n de perforaci\u00f3n.&nbsp;<\/p>\n\n\n\n<p>Detr\u00e1s de la tuneladora se encuentran una <strong>plataforma sobre rieles llamado \u00abequipo de rezaga\u00bb o tambi\u00e9n \u00ab<\/strong><strong><em>buck-up<\/em><\/strong><strong>\u00bb, en el que se encuentran otros equipos de trabajo,<\/strong> tales como <strong>ventiladores, transformadores y una cinta<\/strong> para retirar el material que se va excavando.&nbsp;<\/p>\n\n\n\n<p>Una vez finalizada la excavaci\u00f3n, la tuneladora se detiene y <strong>se procede a la instalaci\u00f3n de anillos a la estructura del t\u00fanel que lo mantendr\u00e1 firme.<\/strong> Para esto, se hace uso de piezas de <a href=\"https:\/\/www.ferrovial.com\/es\/recursos\/hormigon\/\" target=\"_blank\" rel=\"noreferrer noopener\">hormig\u00f3n<\/a> armado prefabricado llamado dovelas.&nbsp;<\/p>\n\n\n\n<h2 class=\"wp-block-heading\"><strong>\u00bfQu\u00e9 tipos de tuneladoras existen?<\/strong><\/h2>\n\n\n\n<p>Las tuneladoras se clasifican en dos grandes grupos:<\/p>\n\n\n\n<ol class=\"wp-block-list\"><li><strong>Topos: <\/strong>dise\u00f1adas para excavar rocas duras o semiduras sin necesidad de un sistema de sostenimiento. Su fuerza de empuje se transfiere a la cabeza giratoria de corte a trav\u00e9s de cilindros de empuje. Este tipo de tuneladora no tiene cilindros de acero tras la rueda de corte, por lo que no realiza la funci\u00f3n de entibaci\u00f3n provisional.&nbsp;<\/li><li><strong>Escudos<\/strong>: dise\u00f1adas para excavar en terrenos que ameritan la instalaci\u00f3n de sistemas de sostenimiento. Normalmente se trata de suelos de roca blanda. <br>Los escudos poseen un chasis met\u00e1lico exterior que sujeta provisionalmente el terreno y se coloca desde el frente para facilitar el montaje de la entibaci\u00f3n definitiva que garantiza la estabilidad del t\u00fanel.<\/li><\/ol>\n\n\n\n<p>Existe un <strong>tercer grupo de tuneladoras de doble escudo<\/strong>.<strong> <\/strong>Se trata de un tipo de tuneladora que puede trabajar como topo o como escudo, seg\u00fan la calidad del terreno rocoso. Esta alternativa es ideal para tramos de terrenos que var\u00edan entre suelo y roca.&nbsp;<\/p>\n\n\n\n<h2 class=\"wp-block-heading\"><strong>\u00bfCu\u00e1l es la diferencia entre una tuneladora y una rozadora?<\/strong><\/h2>\n\n\n\n<p>Hay distintos m\u00e9todos para la excavaci\u00f3n mec\u00e1nica de t\u00faneles y, entre los m\u00e1s destacados, est\u00e1n las tuneladoras y las rozadoras. Si bien ambas cumplen con la funci\u00f3n de excavaci\u00f3n, guardan entre ellas algunas diferencias, tales como:<\/p>\n\n\n\n<ul class=\"wp-block-list\"><li>Las rozadoras, adem\u00e1s de la cabeza giratoria con la que tambi\u00e9n cuenta la tuneladora, <strong>disponen de un brazo articulado con picas de fricci\u00f3n<\/strong> y se mueven a trav\u00e9s de orugas.<\/li><\/ul>\n\n\n\n<ul class=\"wp-block-list\"><li><strong>Las rozadoras se emplean para arrancar trozos de terreno de baja y media resistencia, <\/strong>mientras que las tuneladoras se utilizan, tambi\u00e9n, para terrenos de alta resistencia.&nbsp;<\/li><\/ul>\n\n\n\n<ul class=\"wp-block-list\"><li>Las rozadoras, a diferencia de las tuneladoras, se emplean para obras de <a href=\"https:\/\/www.ferrovial.com\/es\/recursos\/ingenieria-civil\/\" target=\"_blank\" rel=\"noreferrer noopener\">ingenier\u00eda civil<\/a> y construcci\u00f3n<strong> cuyas longitudes de excavaci\u00f3n no son mayores a 2 kil\u00f3metros<\/strong>,<strong> <\/strong>mientras que las tuneladoras pueden ejecutar proyectos de mayor extensi\u00f3n.&nbsp;<\/li><\/ul>\n\n\n\n<h2 class=\"wp-block-heading\"><strong>\u00bfQu\u00e9 requisitos debe cumplir un operador de tuneladoras?<\/strong><\/h2>\n\n\n\n<p>Para la manipulaci\u00f3n y uso de una tuneladora, sus operadores deben cumplir con ciertos requisitos y manejar conocimientos espec\u00edficos, tales como:<\/p>\n\n\n\n<ul class=\"wp-block-list\"><li>Uso de <strong>equipamiento de seguridad <\/strong>en la obra de construcci\u00f3n.<\/li><li><strong>Transporte de materiales a utilizar en la obra.&nbsp;<\/strong><\/li><li>Uso de taladradoras.&nbsp;<\/li><li><strong>Cuidado de la infraestructura<\/strong> de servicios a la hora de poner en funcionamiento la m\u00e1quina, evitando cualquier da\u00f1o.&nbsp;<\/li><li><strong>Trabajo ergon\u00f3mico.&nbsp;<\/strong><\/li><li><strong>Uso de guantes protectores, casco, calzado de seguridad, ropa de se\u00f1alizaci\u00f3n<\/strong> y arn\u00e9s.<\/li><li>Conocimiento de los procedimientos correspondientes <strong>para reaccionar en situaciones de urgencia.&nbsp;<\/strong><\/li><li>Respeto de los <strong>protocolos de seguridad y salud <\/strong>en la construcci\u00f3n.<\/li><li><strong>Uso de protectores auditivos,<\/strong> ya sean tapones o auriculares.<\/li><\/ul>\n<\/div><\/m-wysiwig>\n","protected":false},"excerpt":{"rendered":"","protected":false},"featured_media":0,"parent":227878,"menu_order":0,"comment_status":"closed","ping_status":"closed","template":"","meta":{"_acf_changed":false,"footnotes":""},"class_list":["post-242499","page","type-page","status-publish","hentry"],"acf":[],"yoast_head":"<!-- This site is optimized with the Yoast SEO plugin v27.2 - https:\/\/yoast.com\/product\/yoast-seo-wordpress\/ -->\n<title>Tuneladora: c\u00f3mo funciona, tipos y requisitos para manejarla - Ferrovial<\/title>\n<meta name=\"description\" content=\"Una tuneladora es una m\u00e1quina capaz de excavar t\u00faneles bajo tierra en una sola operaci\u00f3n mec\u00e1nica, mediante la perforaci\u00f3n.\" \/>\n<meta name=\"robots\" content=\"index, follow, max-snippet:-1, max-image-preview:large, max-video-preview:-1\" \/>\n<link rel=\"canonical\" href=\"https:\/\/www.ferrovial.com\/es\/stem\/tuneladora\/\" \/>\n<meta property=\"og:locale\" content=\"es_ES\" \/>\n<meta property=\"og:type\" content=\"article\" \/>\n<meta property=\"og:title\" content=\"Tuneladora: c\u00f3mo funciona, tipos y requisitos para manejarla - Ferrovial\" \/>\n<meta property=\"og:description\" content=\"Una tuneladora es una m\u00e1quina capaz de excavar t\u00faneles bajo tierra en una sola operaci\u00f3n mec\u00e1nica, mediante la perforaci\u00f3n.\" \/>\n<meta property=\"og:url\" content=\"https:\/\/www.ferrovial.com\/es\/stem\/tuneladora\/\" \/>\n<meta property=\"og:site_name\" content=\"Ferrovial\" \/>\n<meta property=\"article:publisher\" content=\"https:\/\/www.facebook.com\/ferrovial\" \/>\n<meta property=\"article:modified_time\" content=\"2022-11-22T09:17:17+00:00\" \/>\n<meta name=\"twitter:card\" content=\"summary_large_image\" \/>\n<meta name=\"twitter:site\" content=\"@ferrovial\" \/>\n<meta name=\"twitter:label1\" content=\"Est. reading time\" \/>\n\t<meta name=\"twitter:data1\" content=\"6 minutos\" \/>\n<!-- \/ Yoast SEO plugin. -->","yoast_head_json":{"title":"Tuneladora: c\u00f3mo funciona, tipos y requisitos para manejarla - Ferrovial","description":"Una tuneladora es una m\u00e1quina capaz de excavar t\u00faneles bajo tierra en una sola operaci\u00f3n mec\u00e1nica, mediante la perforaci\u00f3n.","robots":{"index":"index","follow":"follow","max-snippet":"max-snippet:-1","max-image-preview":"max-image-preview:large","max-video-preview":"max-video-preview:-1"},"canonical":"https:\/\/www.ferrovial.com\/es\/stem\/tuneladora\/","og_locale":"es_ES","og_type":"article","og_title":"Tuneladora: c\u00f3mo funciona, tipos y requisitos para manejarla - Ferrovial","og_description":"Una tuneladora es una m\u00e1quina capaz de excavar t\u00faneles bajo tierra en una sola operaci\u00f3n mec\u00e1nica, mediante la perforaci\u00f3n.","og_url":"https:\/\/www.ferrovial.com\/es\/stem\/tuneladora\/","og_site_name":"Ferrovial","article_publisher":"https:\/\/www.facebook.com\/ferrovial","article_modified_time":"2022-11-22T09:17:17+00:00","twitter_card":"summary_large_image","twitter_site":"@ferrovial","twitter_misc":{"Est. reading time":"6 minutos"},"schema":{"@context":"https:\/\/schema.org","@graph":[{"@type":"WebPage","@id":"https:\/\/www.ferrovial.com\/es\/stem\/tuneladora\/","url":"https:\/\/www.ferrovial.com\/es\/stem\/tuneladora\/","name":"Tuneladora: c\u00f3mo funciona, tipos y requisitos para manejarla - Ferrovial","isPartOf":{"@id":"https:\/\/www.ferrovial.com\/es\/#website"},"datePublished":"2022-11-17T12:50:09+00:00","dateModified":"2022-11-22T09:17:17+00:00","description":"Una tuneladora es una m\u00e1quina capaz de excavar t\u00faneles bajo tierra en una sola operaci\u00f3n mec\u00e1nica, mediante la perforaci\u00f3n.","breadcrumb":{"@id":"https:\/\/www.ferrovial.com\/es\/stem\/tuneladora\/#breadcrumb"},"inLanguage":"es","potentialAction":[{"@type":"ReadAction","target":["https:\/\/www.ferrovial.com\/es\/stem\/tuneladora\/"]}]},{"@type":"BreadcrumbList","@id":"https:\/\/www.ferrovial.com\/es\/stem\/tuneladora\/#breadcrumb","itemListElement":[{"@type":"ListItem","position":1,"name":"Portada","item":"https:\/\/www.ferrovial.com\/es\/"},{"@type":"ListItem","position":2,"name":"STEM","item":"https:\/\/www.ferrovial.com\/es\/stem\/"},{"@type":"ListItem","position":3,"name":"Tuneladora"}]},{"@type":"WebSite","@id":"https:\/\/www.ferrovial.com\/es\/#website","url":"https:\/\/www.ferrovial.com\/es\/","name":"Ferrovial","description":"Welcome to the Ferrovial&#039;s website, global operator of sustainable infrastructure. Here you can find all the information about the company and subsidiaries.","publisher":{"@id":"https:\/\/www.ferrovial.com\/es\/#organization"},"potentialAction":[{"@type":"SearchAction","target":{"@type":"EntryPoint","urlTemplate":"https:\/\/www.ferrovial.com\/es\/?s={search_term_string}"},"query-input":{"@type":"PropertyValueSpecification","valueRequired":true,"valueName":"search_term_string"}}],"inLanguage":"es"},{"@type":"Organization","@id":"https:\/\/www.ferrovial.com\/es\/#organization","name":"Ferrovial S.A.","url":"https:\/\/www.ferrovial.com\/es\/","logo":{"@type":"ImageObject","inLanguage":"es","@id":"https:\/\/www.ferrovial.com\/es\/#\/schema\/logo\/image\/","url":"https:\/\/static.ferrovial.com\/wp-content\/uploads\/2020\/01\/13124948\/logo-ferrovial-cf7.png","contentUrl":"https:\/\/static.ferrovial.com\/wp-content\/uploads\/2020\/01\/13124948\/logo-ferrovial-cf7.png","width":144,"height":32,"caption":"Ferrovial S.A."},"image":{"@id":"https:\/\/www.ferrovial.com\/es\/#\/schema\/logo\/image\/"},"sameAs":["https:\/\/www.facebook.com\/ferrovial","https:\/\/x.com\/ferrovial","https:\/\/www.instagram.com\/ferrovial\/","https:\/\/www.linkedin.com\/company\/ferrovial","https:\/\/www.pinterest.es\/ferrovial\/","https:\/\/www.youtube.com\/ferrovial","https:\/\/en.wikipedia.org\/wiki\/Ferrovial"]}]}},"_links":{"self":[{"href":"https:\/\/www.ferrovial.com\/es\/wp-json\/wp\/v2\/pages\/242499","targetHints":{"allow":["GET"]}}],"collection":[{"href":"https:\/\/www.ferrovial.com\/es\/wp-json\/wp\/v2\/pages"}],"about":[{"href":"https:\/\/www.ferrovial.com\/es\/wp-json\/wp\/v2\/types\/page"}],"replies":[{"embeddable":true,"href":"https:\/\/www.ferrovial.com\/es\/wp-json\/wp\/v2\/comments?post=242499"}],"version-history":[{"count":3,"href":"https:\/\/www.ferrovial.com\/es\/wp-json\/wp\/v2\/pages\/242499\/revisions"}],"predecessor-version":[{"id":242736,"href":"https:\/\/www.ferrovial.com\/es\/wp-json\/wp\/v2\/pages\/242499\/revisions\/242736"}],"up":[{"embeddable":true,"href":"https:\/\/www.ferrovial.com\/es\/wp-json\/wp\/v2\/pages\/227878"}],"wp:attachment":[{"href":"https:\/\/www.ferrovial.com\/es\/wp-json\/wp\/v2\/media?parent=242499"}],"curies":[{"name":"wp","href":"https:\/\/api.w.org\/{rel}","templated":true}]}}