{"id":242503,"date":"2022-11-17T14:27:14","date_gmt":"2022-11-17T13:27:14","guid":{"rendered":"https:\/\/www.ferrovial.com\/?page_id=242503"},"modified":"2022-11-22T10:39:02","modified_gmt":"2022-11-22T09:39:02","slug":"pala-cargadora","status":"publish","type":"page","link":"https:\/\/www.ferrovial.com\/es\/stem\/pala-cargadora\/","title":{"rendered":"Pala cargadora"},"content":{"rendered":"    <m-final-content-header >\n            <c-breadcrumb label-text=\"Breadcrumb\" slot=\"breadcrumbs\" type='2' align='left' wrap='wrapped wrapped' aria-label='Vienes de STEM'>\n                        <ol>\n\n                                                            <li><a href=\"https:\/\/www.ferrovial.com\/es\/\" title=\"Ferrovial\">Ferrovial<\/a><\/li>\n                                                                        <li><a href=\"https:\/\/www.ferrovial.com\/es\/stem\/\" title=\"STEM\">STEM<\/a><\/li>\n                                    \n                <\/ol>\n\n                <\/c-breadcrumb>\n    \n        <div slot=\"header\">\n            <h1>\n                \u00bfQu\u00e9 es una pala cargadora?            <\/h1>\n                    <\/div>\n    <\/m-final-content-header>\n\n    \n\n\n<m-wysiwig class=\"wp-block-components-wysiwyg\"><div slot=\"maincontent\">\n<script type=\"application\/ld+json\">\n{\n  \"@context\": \"https:\/\/schema.org\",\n  \"@type\": \"FAQPage\",\n  \"mainEntity\": [{\n    \"@type\": \"Question\",\n    \"name\": \"\u00bfQu\u00e9 es una pala cargadora?\",\n    \"acceptedAnswer\": {\n      \"@type\": \"Answer\",\n      \"text\": \"Una pala cargadora, tambi\u00e9n llamada pala mec\u00e1nica, tractor con pala o payloader en ingl\u00e9s, es una m\u00e1quina muy utilizada en el sector de la construcci\u00f3n, ya sea de edificios, obras p\u00fablicas, carreteras, autopistas, t\u00faneles o cualquier actividad que amerite el movimiento de tierra o rocas en grandes vol\u00famenes, as\u00ed como la carga y gesti\u00f3n de los residuos.\"\n    }\n  },{\n    \"@type\": \"Question\",\n    \"name\": \"\u00bfCu\u00e1les son las principales caracter\u00edsticas de una pala cargadora?\",\n    \"acceptedAnswer\": {\n      \"@type\": \"Answer\",\n      \"text\": \"<ul>\n<li>Una pala cargadora puede hacer distintos trabajos, pero el m\u00e1s frecuente es el de movimiento de tierras y recogida de residuos. <\/li>\n<li>La versatilidad y eficiencia son dos de sus rasgos m\u00e1s caracter\u00edsticos, ya que permite gran movilidad al mismo tiempo que es f\u00e1cil de maniobrar. <\/li>\n<li>Suele utilizarse para trabajos al descubierto, como la restauraci\u00f3n y el vertedero. <\/li>\n<li>Tiene una gran potencia de empuje en su parte delantera, lo que la hace ideal para cargar y desplazar gran cantidad de materiales.<\/li>\n<li>La elevaci\u00f3n de la pala es resultado de la acci\u00f3n de cilindros hidr\u00e1ulicos ubicados entre el tractor y la primera articulaci\u00f3n del brazo. <\/li>\n<li>Dispone de diferentes tipos de herramientas que se adaptan a las caracter\u00edsticas de la carga que se vaya a manejar.<\/li>\n<li>Dispone de un dispositivo de apoyo que permite mantener estables los brazos elevadores.<\/li>\n<li>Cuenta con mandos para mover los brazos elevadores y las herramientas que se enganchan a ellos. Se encuentran ubicados en el \u00e1rea de conducci\u00f3n del tractor. <\/li>\n<li>Incrementa la rapidez y la productividad en obras de construcci\u00f3n.<\/li>\n<\/ul>\"\n    }\n  },{\n    \"@type\": \"Question\",\n    \"name\": \"\u00bfCu\u00e1les son los principales usos de una pala cargadora?\",\n    \"acceptedAnswer\": {\n      \"@type\": \"Answer\",\n      \"text\": \"Las palas cargadoras facilitan las tareas de construcci\u00f3n, adem\u00e1s de ser capaces de desplazar materiales con rapidez de un punto a otro. Son m\u00e1quinas indispensables para actividades que generan muchos escombros, como es el caso de la excavaci\u00f3n. Por todo esto, se usan con frecuencia para: \n<ul>\n<li>Carga y ajuste en excavaciones.<\/li>\n<li>Obras de demolici\u00f3n.<\/li>\n<li>Trabajo en gesti\u00f3n de residuos.<\/li>\n<li>Construcci\u00f3n de carreteras.<\/li>\n<li>Obras de agricultura.<\/li>\n<li>Obras forestales.<\/li>\n<li>Actividades de explotaci\u00f3n de yacimientos mineros, as\u00ed como para la carga de minerales.<\/li>\n<li>Reconstrucci\u00f3n o limpieza de costas de arroyos y r\u00edos.<\/li>\n<li>Limpieza de v\u00edas y otras zonas en cat\u00e1strofes naturales.<\/li>\n<\/ul>\"\n    }\n  },{\n    \"@type\": \"Question\",\n    \"name\": \"\u00bfQu\u00e9 tipos de palas cargadoras existen?\",\n    \"acceptedAnswer\": {\n      \"@type\": \"Answer\",\n      \"text\": \"Se pueden clasificar:\n<ol>\n<li>Por su tama\u00f1o:\n<ul>\n<li>Minicargadora<\/li>\n<li>Peque\u00f1a<\/li>\n<li>Mediana<\/li>\n<li>Grande<\/li>\n<\/ul>\n<\/li>\n<li>Por sus caracter\u00edsticas:\n<ul>\n<li>Con ruedas<\/li>\n<li>De cadenas<\/li>\n<li>Compacta<\/li>\n<li>Especiales<\/li>\n<li>Articulada<\/li>\n<\/ul>\n<\/li>\n<li>Seg\u00fan el tipo de motor:\n<ul>\n<li>El\u00e9ctrico<\/li>\n<li>Combusti\u00f3n interna<\/li>\n<\/ul>\n<\/li><\/ol>\"\n    }\n  }]\n}\n<\/script>\n<p>Una pala cargadora, tambi\u00e9n llamada pala mec\u00e1nica, tractor con pala o <em>payloader<\/em> en ingl\u00e9s, es una <strong>m\u00e1quina muy utilizada en el sector de la construcci\u00f3n, <\/strong>ya sea de <a href=\"https:\/\/www.ferrovial.com\/es\/recursos\/edificacion\/\" target=\"_blank\" rel=\"noreferrer noopener\">edificios<\/a>, obras p\u00fablicas, <a href=\"https:\/\/www.ferrovial.com\/es-es\/f-construccion\/que-hacemos\/construccion-de-carreteras\/\" target=\"_blank\" rel=\"noreferrer noopener\">carreteras<\/a>,<a href=\"https:\/\/www.ferrovial.com\/es-es\/negocio\/autopistas\/\" target=\"_blank\" rel=\"noreferrer noopener\"> autopistas<\/a>, t\u00faneles o <strong>cualquier actividad que amerite el movimiento de tierra o rocas en grandes vol\u00famenes,<\/strong> as\u00ed como la carga y gesti\u00f3n de los residuos<strong>.&nbsp;<\/strong><\/p>\n\n\n\n<p>Esta m\u00e1quina <strong>est\u00e1 compuesta por un tractor y una pala, tambi\u00e9n llamada cuchara.<\/strong> El tractor puede moverse a trav\u00e9s de neum\u00e1ticos o sobre cadenas, mientras que la cuchara lo hace gracias al brazo articulado que se encuentra unido al chasis de la m\u00e1quina y que permite el movimiento de la pala.&nbsp;<\/p>\n\n\n\n<h2 class=\"wp-block-heading\"><strong>\u00bfCu\u00e1les son las principales caracter\u00edsticas de una pala cargadora?<\/strong><\/h2>\n\n\n\n<ul class=\"wp-block-list\"><li>Una pala cargadora puede hacer distintos trabajos, pero <strong>el m\u00e1s frecuente es el de movimiento de tierras y recogida de residuos.&nbsp;<\/strong><\/li><li><strong>La versatilidad y eficiencia son dos de sus rasgos m\u00e1s caracter\u00edsticos,<\/strong> ya que permite gran movilidad al mismo tiempo que es f\u00e1cil de maniobrar.&nbsp;<\/li><li><strong>Suele utilizarse para trabajos al descubierto, como la restauraci\u00f3n y el vertedero.&nbsp;<\/strong><\/li><li>Tiene una <strong>gran potencia de empuje en su parte delantera<\/strong>, lo que la hace ideal para cargar y desplazar gran cantidad de materiales.<\/li><li>La elevaci\u00f3n de la pala es resultado de la <strong>acci\u00f3n de cilindros hidr\u00e1ulicos <\/strong>ubicados entre el tractor y la primera articulaci\u00f3n del brazo.&nbsp;<\/li><li>Dispone de diferentes <strong>tipos de herramientas que se adaptan <\/strong>a las caracter\u00edsticas de la carga que se vaya a manejar.<\/li><li>Dispone de un <strong>dispositivo de apoyo que permite mantener estables los brazos<\/strong> elevadores.<\/li><li>Cuenta con <strong>mandos para mover los brazos elevadores<\/strong> y las herramientas que se enganchan a ellos. Se encuentran ubicados en el \u00e1rea de conducci\u00f3n del tractor.&nbsp;<\/li><li><strong>Incrementa la rapidez y la productividad en obras de construcci\u00f3n.<\/strong><\/li><\/ul>\n\n\n\n<h2 class=\"wp-block-heading\"><strong>\u00bfCu\u00e1les son los principales usos de una pala cargadora?<\/strong><\/h2>\n\n\n\n<p>Las palas cargadoras facilitan las tareas de construcci\u00f3n, adem\u00e1s de ser capaces de <strong>desplazar materiales con rapidez de un punto a otro.<\/strong> Son m\u00e1quinas <strong>indispensables para actividades que generan muchos escombros, <\/strong>como es el caso de la excavaci\u00f3n. Por todo esto, se usan con frecuencia para:&nbsp;<\/p>\n\n\n\n<ul class=\"wp-block-list\"><li>Carga y ajuste en excavaciones.<\/li><li>Obras de demolici\u00f3n.<\/li><li>Trabajo en gesti\u00f3n de residuos.<\/li><li>Construcci\u00f3n de carreteras.<\/li><li>Obras de agricultura.<\/li><li>Obras forestales.<\/li><li>Actividades de explotaci\u00f3n de yacimientos mineros, as\u00ed como para la carga de minerales.<\/li><li>Reconstrucci\u00f3n o limpieza de costas de arroyos y r\u00edos.<\/li><li>Limpieza de v\u00edas y otras zonas en cat\u00e1strofes naturales.<\/li><\/ul>\n\n\n\n<h2 class=\"wp-block-heading\"><strong>\u00bfQu\u00e9 tipos de palas cargadoras existen?<\/strong><\/h2>\n\n\n\n<p>Se pueden clasificar:<\/p>\n\n\n\n<ol class=\"wp-block-list\"><li><strong>Por su tama\u00f1o:<\/strong><ul><li><a href=\"https:\/\/www.ferrovial.com\/es\/stem\/minicargadora\/\" target=\"_blank\" rel=\"noreferrer noopener\"><strong>Minicargadora<\/strong><\/a><strong>:<\/strong> puede emplearse en espacios reducidos, por lo que son muy vers\u00e1tiles.<\/li><li><strong>Peque\u00f1a: <\/strong>tiene un cubo de carga de un metro c\u00fabico.<\/li><li><strong>Mediana:<\/strong> tiene un cubo de entre un metro y tres metros c\u00fabicos.<\/li><li><strong>Grande: <\/strong>su cuchara tiene una capacidad de carga entre tres y cinco metros c\u00fabicos.<\/li><\/ul><\/li><li><strong>Por sus caracter\u00edsticas:<\/strong><ul><li><strong>Con ruedas:<\/strong> se utiliza para suelos estables y de buena composici\u00f3n. Las ruedas ofrecen velocidad, adem\u00e1s de poder circular por v\u00edas p\u00fablicas.&nbsp;<\/li><li><strong>De cadenas:<\/strong> releva a la cargadora de ruedas en zonas donde esta no puede acceder, como es el caso de suelos fangosos que son inestables, o en terrenos que puedan da\u00f1ar las ruedas. Su desventaja es que suele ser lenta en el desplazamiento.&nbsp;<\/li><li><strong>Compacta:<\/strong> su principal rasgo es la capacidad de maniobra que permite. Puede desplazarse sobre neum\u00e1ticos o sobre cadenas.&nbsp;<\/li><li><strong>Especiales:<\/strong> se fabrican a demanda de las empresas que har\u00e1n uso de ellas, sobre todo aquellas que trabajan en grandes yacimientos mineros.<\/li><li><strong>Articulada:<\/strong> permite que la pala se doble por la mitad para que el retroceso y giro sea m\u00e1s sencillo.&nbsp;<\/li><\/ul><\/li><li><strong>Seg\u00fan el tipo de motor:<\/strong><ul><li><strong>El\u00e9ctrico:<\/strong> no emite gases, a diferencia de las de combusti\u00f3n. Esto la hace ideal para interiores de minas y lugares cerrados con poca ventilaci\u00f3n.<\/li><li><strong>Combusti\u00f3n interna:<\/strong> de las que m\u00e1s abundan en el mercado, variando entre las que mayor o menor potencia en caballo de vapor (CV) tengan. La mayor\u00eda emplea motores di\u00e9sel.<\/li><\/ul><\/li><\/ol>\n<\/div><\/m-wysiwig>\n","protected":false},"excerpt":{"rendered":"","protected":false},"featured_media":0,"parent":227878,"menu_order":0,"comment_status":"closed","ping_status":"closed","template":"","meta":{"_acf_changed":false,"footnotes":""},"class_list":["post-242503","page","type-page","status-publish","hentry"],"acf":[],"yoast_head":"<!-- This site is optimized with the Yoast SEO plugin v27.2 - https:\/\/yoast.com\/product\/yoast-seo-wordpress\/ -->\n<title>Pala cargadora: qu\u00e9 es, caracter\u00edsticas, tipos y usos - Ferrovial<\/title>\n<meta name=\"description\" content=\"La pala cargadora es una m\u00e1quina muy utilizada en el sector de la construcci\u00f3n para cualquier actividad que amerite el movimiento de tierra o rocas en grandes vol\u00famenes, as\u00ed como la carga y gesti\u00f3n de los residuos.\" \/>\n<meta name=\"robots\" content=\"index, follow, max-snippet:-1, max-image-preview:large, max-video-preview:-1\" \/>\n<link rel=\"canonical\" href=\"https:\/\/www.ferrovial.com\/es\/stem\/pala-cargadora\/\" \/>\n<meta property=\"og:locale\" content=\"es_ES\" \/>\n<meta property=\"og:type\" content=\"article\" \/>\n<meta property=\"og:title\" content=\"Pala cargadora: qu\u00e9 es, caracter\u00edsticas, tipos y usos - Ferrovial\" \/>\n<meta property=\"og:description\" content=\"La pala cargadora es una m\u00e1quina muy utilizada en el sector de la construcci\u00f3n para cualquier actividad que amerite el movimiento de tierra o rocas en grandes vol\u00famenes, as\u00ed como la carga y gesti\u00f3n de los residuos.\" \/>\n<meta property=\"og:url\" content=\"https:\/\/www.ferrovial.com\/es\/stem\/pala-cargadora\/\" \/>\n<meta property=\"og:site_name\" content=\"Ferrovial\" \/>\n<meta property=\"article:publisher\" content=\"https:\/\/www.facebook.com\/ferrovial\" \/>\n<meta property=\"article:modified_time\" content=\"2022-11-22T09:39:02+00:00\" \/>\n<meta name=\"twitter:card\" content=\"summary_large_image\" \/>\n<meta name=\"twitter:site\" content=\"@ferrovial\" \/>\n<meta name=\"twitter:label1\" content=\"Est. reading time\" \/>\n\t<meta name=\"twitter:data1\" content=\"5 minutos\" \/>\n<!-- \/ Yoast SEO plugin. -->","yoast_head_json":{"title":"Pala cargadora: qu\u00e9 es, caracter\u00edsticas, tipos y usos - Ferrovial","description":"La pala cargadora es una m\u00e1quina muy utilizada en el sector de la construcci\u00f3n para cualquier actividad que amerite el movimiento de tierra o rocas en grandes vol\u00famenes, as\u00ed como la carga y gesti\u00f3n de los residuos.","robots":{"index":"index","follow":"follow","max-snippet":"max-snippet:-1","max-image-preview":"max-image-preview:large","max-video-preview":"max-video-preview:-1"},"canonical":"https:\/\/www.ferrovial.com\/es\/stem\/pala-cargadora\/","og_locale":"es_ES","og_type":"article","og_title":"Pala cargadora: qu\u00e9 es, caracter\u00edsticas, tipos y usos - Ferrovial","og_description":"La pala cargadora es una m\u00e1quina muy utilizada en el sector de la construcci\u00f3n para cualquier actividad que amerite el movimiento de tierra o rocas en grandes vol\u00famenes, as\u00ed como la carga y gesti\u00f3n de los residuos.","og_url":"https:\/\/www.ferrovial.com\/es\/stem\/pala-cargadora\/","og_site_name":"Ferrovial","article_publisher":"https:\/\/www.facebook.com\/ferrovial","article_modified_time":"2022-11-22T09:39:02+00:00","twitter_card":"summary_large_image","twitter_site":"@ferrovial","twitter_misc":{"Est. reading time":"5 minutos"},"schema":{"@context":"https:\/\/schema.org","@graph":[{"@type":"WebPage","@id":"https:\/\/www.ferrovial.com\/es\/stem\/pala-cargadora\/","url":"https:\/\/www.ferrovial.com\/es\/stem\/pala-cargadora\/","name":"Pala cargadora: qu\u00e9 es, caracter\u00edsticas, tipos y usos - Ferrovial","isPartOf":{"@id":"https:\/\/www.ferrovial.com\/es\/#website"},"datePublished":"2022-11-17T13:27:14+00:00","dateModified":"2022-11-22T09:39:02+00:00","description":"La pala cargadora es una m\u00e1quina muy utilizada en el sector de la construcci\u00f3n para cualquier actividad que amerite el movimiento de tierra o rocas en grandes vol\u00famenes, as\u00ed como la carga y gesti\u00f3n de los residuos.","breadcrumb":{"@id":"https:\/\/www.ferrovial.com\/es\/stem\/pala-cargadora\/#breadcrumb"},"inLanguage":"es","potentialAction":[{"@type":"ReadAction","target":["https:\/\/www.ferrovial.com\/es\/stem\/pala-cargadora\/"]}]},{"@type":"BreadcrumbList","@id":"https:\/\/www.ferrovial.com\/es\/stem\/pala-cargadora\/#breadcrumb","itemListElement":[{"@type":"ListItem","position":1,"name":"Portada","item":"https:\/\/www.ferrovial.com\/es\/"},{"@type":"ListItem","position":2,"name":"STEM","item":"https:\/\/www.ferrovial.com\/es\/stem\/"},{"@type":"ListItem","position":3,"name":"Pala cargadora"}]},{"@type":"WebSite","@id":"https:\/\/www.ferrovial.com\/es\/#website","url":"https:\/\/www.ferrovial.com\/es\/","name":"Ferrovial","description":"Welcome to the Ferrovial&#039;s website, global operator of sustainable infrastructure. Here you can find all the information about the company and subsidiaries.","publisher":{"@id":"https:\/\/www.ferrovial.com\/es\/#organization"},"potentialAction":[{"@type":"SearchAction","target":{"@type":"EntryPoint","urlTemplate":"https:\/\/www.ferrovial.com\/es\/?s={search_term_string}"},"query-input":{"@type":"PropertyValueSpecification","valueRequired":true,"valueName":"search_term_string"}}],"inLanguage":"es"},{"@type":"Organization","@id":"https:\/\/www.ferrovial.com\/es\/#organization","name":"Ferrovial S.A.","url":"https:\/\/www.ferrovial.com\/es\/","logo":{"@type":"ImageObject","inLanguage":"es","@id":"https:\/\/www.ferrovial.com\/es\/#\/schema\/logo\/image\/","url":"https:\/\/static.ferrovial.com\/wp-content\/uploads\/2020\/01\/13124948\/logo-ferrovial-cf7.png","contentUrl":"https:\/\/static.ferrovial.com\/wp-content\/uploads\/2020\/01\/13124948\/logo-ferrovial-cf7.png","width":144,"height":32,"caption":"Ferrovial S.A."},"image":{"@id":"https:\/\/www.ferrovial.com\/es\/#\/schema\/logo\/image\/"},"sameAs":["https:\/\/www.facebook.com\/ferrovial","https:\/\/x.com\/ferrovial","https:\/\/www.instagram.com\/ferrovial\/","https:\/\/www.linkedin.com\/company\/ferrovial","https:\/\/www.pinterest.es\/ferrovial\/","https:\/\/www.youtube.com\/ferrovial","https:\/\/en.wikipedia.org\/wiki\/Ferrovial"]}]}},"_links":{"self":[{"href":"https:\/\/www.ferrovial.com\/es\/wp-json\/wp\/v2\/pages\/242503","targetHints":{"allow":["GET"]}}],"collection":[{"href":"https:\/\/www.ferrovial.com\/es\/wp-json\/wp\/v2\/pages"}],"about":[{"href":"https:\/\/www.ferrovial.com\/es\/wp-json\/wp\/v2\/types\/page"}],"replies":[{"embeddable":true,"href":"https:\/\/www.ferrovial.com\/es\/wp-json\/wp\/v2\/comments?post=242503"}],"version-history":[{"count":3,"href":"https:\/\/www.ferrovial.com\/es\/wp-json\/wp\/v2\/pages\/242503\/revisions"}],"predecessor-version":[{"id":242737,"href":"https:\/\/www.ferrovial.com\/es\/wp-json\/wp\/v2\/pages\/242503\/revisions\/242737"}],"up":[{"embeddable":true,"href":"https:\/\/www.ferrovial.com\/es\/wp-json\/wp\/v2\/pages\/227878"}],"wp:attachment":[{"href":"https:\/\/www.ferrovial.com\/es\/wp-json\/wp\/v2\/media?parent=242503"}],"curies":[{"name":"wp","href":"https:\/\/api.w.org\/{rel}","templated":true}]}}