{"id":242511,"date":"2022-11-17T14:40:01","date_gmt":"2022-11-17T13:40:01","guid":{"rendered":"https:\/\/www.ferrovial.com\/?page_id=242511"},"modified":"2022-11-22T10:45:59","modified_gmt":"2022-11-22T09:45:59","slug":"zanjadora","status":"publish","type":"page","link":"https:\/\/www.ferrovial.com\/es\/stem\/zanjadora\/","title":{"rendered":"Zanjadora"},"content":{"rendered":"    <m-final-content-header >\n            <c-breadcrumb label-text=\"Breadcrumb\" slot=\"breadcrumbs\" type='2' align='left' wrap='wrapped wrapped' aria-label='Vienes de STEM'>\n                        <ol>\n\n                                                            <li><a href=\"https:\/\/www.ferrovial.com\/es\/\" title=\"Ferrovial\">Ferrovial<\/a><\/li>\n                                                                        <li><a href=\"https:\/\/www.ferrovial.com\/es\/stem\/\" title=\"STEM\">STEM<\/a><\/li>\n                                    \n                <\/ol>\n\n                <\/c-breadcrumb>\n    \n        <div slot=\"header\">\n            <h1>\n                \u00bfQu\u00e9 es una zanjadora?            <\/h1>\n                    <\/div>\n    <\/m-final-content-header>\n\n    \n\n\n<m-wysiwig class=\"wp-block-components-wysiwyg\"><div slot=\"maincontent\">\n<script type=\"application\/ld+json\">\n{\n  \"@context\": \"https:\/\/schema.org\",\n  \"@type\": \"FAQPage\",\n  \"mainEntity\": [{\n    \"@type\": \"Question\",\n    \"name\": \"\u00bfQu\u00e9 es una zanjadora?\",\n    \"acceptedAnswer\": {\n      \"@type\": \"Answer\",\n      \"text\": \"Una zanjadora es una m\u00e1quina dise\u00f1ada para hacer excavaciones largas y estrechas en distintos suelos, tanto en entornos urbanos como rurales.\"\n    }\n  },{\n    \"@type\": \"Question\",\n    \"name\": \"\u00bfCu\u00e1les son los usos m\u00e1s comunes de una zanjadora?\",\n    \"acceptedAnswer\": {\n      \"@type\": \"Answer\",\n      \"text\": \"Las zanjadoras son eficaces en el sector de construcci\u00f3n para realizar instalaciones de tuber\u00edas de agua, gas o cables para electricidad o telecomunicaciones que ir\u00e1n bajo tierra. De igual modo, se pueden usar en la excavaci\u00f3n para cimientos de muros de contenci\u00f3n. En agricultura, se emplean para hacer y mantener canales o acequias en redes de riego y zanjas para la inserci\u00f3n de plantas. Las zanjadoras tambi\u00e9n son apropiadas para el mantenimiento de los bordes de las carreteras.\"\n    }\n  },{\n    \"@type\": \"Question\",\n    \"name\": \"\u00bfQu\u00e9 tipos de zanjadoras existen?\",\n    \"acceptedAnswer\": {\n      \"@type\": \"Answer\",\n      \"text\": \"Hay dos tipos principales de zanjadoras:\n<ol>\n<li>Zanjadora de rueda<\/li>\n<li>Zanjadora de cadena<\/li>\n<\/ol>\"\n    }\n  },{\n    \"@type\": \"Question\",\n    \"name\": \"\u00bfC\u00f3mo se mueve una zanjadora?\",\n    \"acceptedAnswer\": {\n      \"@type\": \"Answer\",\n      \"text\": \"Dependiendo del tama\u00f1o y caracter\u00edstica de la zanjadora, esta puede estar dise\u00f1ada como un tractor de locomoci\u00f3n aut\u00f3noma o como un accesorio para tractores de brazo excavador, cargadoras, minicargadoras u otros, tanto de locomoci\u00f3n con ruedas como de orugas. Las zanjadoras suelen operar a modo de arrastre, de tal manera que el veh\u00edculo que la mueve suele ir delante de la zanjadora. Tambi\u00e9n existen zanjadoras port\u00e1tiles que poseen ruedas y son empujadas por un operador, e incluso hay zanjadoras de mano que pesan apenas unos 15 kg.\"\n    }\n  },{\n    \"@type\": \"Question\",\n    \"name\": \"\u00bfCu\u00e1l es la profundidad m\u00e1xima que puede perforar una zanjadora?\",\n    \"acceptedAnswer\": {\n      \"@type\": \"Answer\",\n      \"text\": \"Las zanjadoras m\u00e1s grandes, que suelen usarse en obras p\u00fablicas para la instalaci\u00f3n de tuber\u00edas de gran di\u00e1metro y para la construcci\u00f3n de acueductos, pueden hacer zanjas que superan los 7 metros de profundidad y tienen casi 2 metros de ancho.\"\n    }\n  }]\n}\n<\/script>\n<p>Una zanjadora es una <a href=\"https:\/\/www.ferrovial.com\/es\/stem\/maquinaria-de-obra\/\" target=\"_blank\" rel=\"noreferrer noopener\">m\u00e1quina<\/a> dise\u00f1ada para hacer <strong>excavaciones largas y estrechas <\/strong>en distintos suelos, tanto en entornos <strong>urbanos <\/strong>como <strong>rurales<\/strong>.&nbsp;<\/p>\n\n\n\n<p>En comparaci\u00f3n con las <a href=\"https:\/\/www.ferrovial.com\/es\/stem\/retroexcavadora\/\" target=\"_blank\" rel=\"noreferrer noopener\">retroexcavadoras<\/a>, las zanjadoras son menos vers\u00e1tiles, pero resultan mucho m\u00e1s <strong>eficientes y econ\u00f3micas<\/strong> para trabajos espec\u00edficos en los que es necesario abrir <strong>zanjas de largas distancias<\/strong>.&nbsp;<\/p>\n\n\n\n<p>Las zanjadoras cuentan con sistemas que permiten el <strong>desecho del material <\/strong>que van excavando para impedir que se atore a medida que avanzan. Tambi\u00e9n pueden estar dise\u00f1adas para la colocaci\u00f3n mecanizada de materiales o redes de todo tipo.<\/p>\n\n\n\n<h2 class=\"wp-block-heading\"><strong>\u00bfCu\u00e1les son los usos m\u00e1s comunes de una zanjadora?<\/strong><\/h2>\n\n\n\n<p>Las zanjadoras son eficaces en el sector de construcci\u00f3n para realizar <strong>instalaciones de tuber\u00edas <\/strong>de agua, gas o cables para electricidad o telecomunicaciones que ir\u00e1n bajo tierra. De igual modo, se pueden usar en la excavaci\u00f3n para <strong>cimientos <\/strong>de <a href=\"https:\/\/www.ferrovial.com\/es\/stem\/muros-de-contencion\/\" target=\"_blank\" rel=\"noreferrer noopener\">muros de contenci\u00f3n<\/a>. En <strong>agricultura<\/strong>, se emplean para hacer y mantener canales o acequias en redes de riego y zanjas para la inserci\u00f3n de plantas. Las zanjadoras tambi\u00e9n son apropiadas para el <strong>mantenimiento<\/strong> de los bordes de las <a href=\"https:\/\/www.ferrovial.com\/es\/recursos\/carreteras\/\" target=\"_blank\" rel=\"noreferrer noopener\">carreteras<\/a>.<\/p>\n\n\n\n<h2 class=\"wp-block-heading\"><strong>\u00bfQu\u00e9 tipos de zanjadoras existen?<\/strong><\/h2>\n\n\n\n<p>Hay dos tipos principales de zanjadoras:<\/p>\n\n\n\n<ol class=\"wp-block-list\"><li><strong>Zanjadora de rueda:<\/strong> consiste en un disco en el que se pueden instalar distintos elementos de corte como picas, cangilones o sierras de diversas formas y materiales, seg\u00fan los requerimientos de la obra y del terreno donde se necesite excavar. Existen zanjadoras con ruedas aptas para extraer tierra de m\u00faltiples consistencias, u otras capaces de romper piedra, pavimento u hormig\u00f3n con una precisi\u00f3n y velocidad superior a la de los martillos hidr\u00e1ulicos.<\/li><li><strong>Zanjadora de cadena: <\/strong>consta de un brazo o espada con cadena dentada que funciona con el mismo principio que las motosierras. El espesor y longitud de la espada puede variar ampliamente, al igual que los elementos de corte instalables en la cadena. La zanjadora de cadena es capaz de trabajar a distintos \u00e1ngulos y profundidades, seg\u00fan los requerimientos del terreno.<\/li><\/ol>\n\n\n\n<h2 class=\"wp-block-heading\"><strong>\u00bfC\u00f3mo se mueve una zanjadora?<\/strong><\/h2>\n\n\n\n<p>Dependiendo del tama\u00f1o y caracter\u00edstica de la zanjadora, esta puede estar dise\u00f1ada como un tractor de <strong>locomoci\u00f3n aut\u00f3noma <\/strong>o como un <strong>accesorio <\/strong>para tractores de brazo excavador, cargadoras, <a href=\"https:\/\/www.ferrovial.com\/es\/stem\/minicargadora\/\" target=\"_blank\" rel=\"noreferrer noopener\">minicargadoras<\/a> u otros, tanto de locomoci\u00f3n con ruedas como de orugas. Las zanjadoras suelen operar a <strong>modo de arrastre<\/strong>, de tal manera que el veh\u00edculo que la mueve suele ir delante de la zanjadora. Tambi\u00e9n existen <strong>zanjadoras port\u00e1tiles <\/strong>que poseen ruedas y son empujadas por un operador, e incluso hay <strong>zanjadoras de mano<\/strong> que pesan apenas unos 15 kg.<\/p>\n\n\n\n<h2 class=\"wp-block-heading\"><strong>\u00bfCu\u00e1l es la profundidad m\u00e1xima que puede perforar una zanjadora?<\/strong><\/h2>\n\n\n\n<p>Las dimensiones de las zanjas dependen, naturalmente, de las caracter\u00edsticas de cada m\u00e1quina. Las zanjadoras m\u00e1s grandes, que suelen usarse en <a href=\"https:\/\/www.ferrovial.com\/es\/recursos\/obras-publicas\/\" target=\"_blank\" rel=\"noreferrer noopener\">obras p\u00fablicas<\/a> para la instalaci\u00f3n de tuber\u00edas de gran di\u00e1metro y para la construcci\u00f3n de acueductos, pueden hacer zanjas que superan los <strong>7 metros de profundidad <\/strong>y tienen casi <strong>2 metros de ancho<\/strong>.<\/p>\n<\/div><\/m-wysiwig>\n","protected":false},"excerpt":{"rendered":"","protected":false},"featured_media":0,"parent":227878,"menu_order":0,"comment_status":"closed","ping_status":"closed","template":"","meta":{"_acf_changed":false,"footnotes":""},"class_list":["post-242511","page","type-page","status-publish","hentry"],"acf":[],"yoast_head":"<!-- This site is optimized with the Yoast SEO plugin v27.2 - https:\/\/yoast.com\/product\/yoast-seo-wordpress\/ -->\n<title>Zanjadora: qu\u00e9 es, tipos, usos m\u00e1s comunes y curiosidades - Ferrovial<\/title>\n<meta name=\"description\" content=\"Una zanjadora es una m\u00e1quina dise\u00f1ada para hacer excavaciones largas y estrechas en distintos suelos, tanto en entornos urbanos como rurales.\" \/>\n<meta name=\"robots\" content=\"index, follow, max-snippet:-1, max-image-preview:large, max-video-preview:-1\" \/>\n<link rel=\"canonical\" href=\"https:\/\/www.ferrovial.com\/es\/stem\/zanjadora\/\" \/>\n<meta property=\"og:locale\" content=\"es_ES\" \/>\n<meta property=\"og:type\" content=\"article\" \/>\n<meta property=\"og:title\" content=\"Zanjadora: qu\u00e9 es, tipos, usos m\u00e1s comunes y curiosidades - Ferrovial\" \/>\n<meta property=\"og:description\" content=\"Una zanjadora es una m\u00e1quina dise\u00f1ada para hacer excavaciones largas y estrechas en distintos suelos, tanto en entornos urbanos como rurales.\" \/>\n<meta property=\"og:url\" content=\"https:\/\/www.ferrovial.com\/es\/stem\/zanjadora\/\" \/>\n<meta property=\"og:site_name\" content=\"Ferrovial\" \/>\n<meta property=\"article:publisher\" content=\"https:\/\/www.facebook.com\/ferrovial\" \/>\n<meta property=\"article:modified_time\" content=\"2022-11-22T09:45:59+00:00\" \/>\n<meta name=\"twitter:card\" content=\"summary_large_image\" \/>\n<meta name=\"twitter:site\" content=\"@ferrovial\" \/>\n<meta name=\"twitter:label1\" content=\"Est. reading time\" \/>\n\t<meta name=\"twitter:data1\" content=\"4 minutos\" \/>\n<!-- \/ Yoast SEO plugin. -->","yoast_head_json":{"title":"Zanjadora: qu\u00e9 es, tipos, usos m\u00e1s comunes y curiosidades - Ferrovial","description":"Una zanjadora es una m\u00e1quina dise\u00f1ada para hacer excavaciones largas y estrechas en distintos suelos, tanto en entornos urbanos como rurales.","robots":{"index":"index","follow":"follow","max-snippet":"max-snippet:-1","max-image-preview":"max-image-preview:large","max-video-preview":"max-video-preview:-1"},"canonical":"https:\/\/www.ferrovial.com\/es\/stem\/zanjadora\/","og_locale":"es_ES","og_type":"article","og_title":"Zanjadora: qu\u00e9 es, tipos, usos m\u00e1s comunes y curiosidades - Ferrovial","og_description":"Una zanjadora es una m\u00e1quina dise\u00f1ada para hacer excavaciones largas y estrechas en distintos suelos, tanto en entornos urbanos como rurales.","og_url":"https:\/\/www.ferrovial.com\/es\/stem\/zanjadora\/","og_site_name":"Ferrovial","article_publisher":"https:\/\/www.facebook.com\/ferrovial","article_modified_time":"2022-11-22T09:45:59+00:00","twitter_card":"summary_large_image","twitter_site":"@ferrovial","twitter_misc":{"Est. reading time":"4 minutos"},"schema":{"@context":"https:\/\/schema.org","@graph":[{"@type":"WebPage","@id":"https:\/\/www.ferrovial.com\/es\/stem\/zanjadora\/","url":"https:\/\/www.ferrovial.com\/es\/stem\/zanjadora\/","name":"Zanjadora: qu\u00e9 es, tipos, usos m\u00e1s comunes y curiosidades - Ferrovial","isPartOf":{"@id":"https:\/\/www.ferrovial.com\/es\/#website"},"datePublished":"2022-11-17T13:40:01+00:00","dateModified":"2022-11-22T09:45:59+00:00","description":"Una zanjadora es una m\u00e1quina dise\u00f1ada para hacer excavaciones largas y estrechas en distintos suelos, tanto en entornos urbanos como rurales.","breadcrumb":{"@id":"https:\/\/www.ferrovial.com\/es\/stem\/zanjadora\/#breadcrumb"},"inLanguage":"es","potentialAction":[{"@type":"ReadAction","target":["https:\/\/www.ferrovial.com\/es\/stem\/zanjadora\/"]}]},{"@type":"BreadcrumbList","@id":"https:\/\/www.ferrovial.com\/es\/stem\/zanjadora\/#breadcrumb","itemListElement":[{"@type":"ListItem","position":1,"name":"Portada","item":"https:\/\/www.ferrovial.com\/es\/"},{"@type":"ListItem","position":2,"name":"STEM","item":"https:\/\/www.ferrovial.com\/es\/stem\/"},{"@type":"ListItem","position":3,"name":"Zanjadora"}]},{"@type":"WebSite","@id":"https:\/\/www.ferrovial.com\/es\/#website","url":"https:\/\/www.ferrovial.com\/es\/","name":"Ferrovial","description":"Welcome to the Ferrovial&#039;s website, global operator of sustainable infrastructure. Here you can find all the information about the company and subsidiaries.","publisher":{"@id":"https:\/\/www.ferrovial.com\/es\/#organization"},"potentialAction":[{"@type":"SearchAction","target":{"@type":"EntryPoint","urlTemplate":"https:\/\/www.ferrovial.com\/es\/?s={search_term_string}"},"query-input":{"@type":"PropertyValueSpecification","valueRequired":true,"valueName":"search_term_string"}}],"inLanguage":"es"},{"@type":"Organization","@id":"https:\/\/www.ferrovial.com\/es\/#organization","name":"Ferrovial S.A.","url":"https:\/\/www.ferrovial.com\/es\/","logo":{"@type":"ImageObject","inLanguage":"es","@id":"https:\/\/www.ferrovial.com\/es\/#\/schema\/logo\/image\/","url":"https:\/\/static.ferrovial.com\/wp-content\/uploads\/2020\/01\/13124948\/logo-ferrovial-cf7.png","contentUrl":"https:\/\/static.ferrovial.com\/wp-content\/uploads\/2020\/01\/13124948\/logo-ferrovial-cf7.png","width":144,"height":32,"caption":"Ferrovial S.A."},"image":{"@id":"https:\/\/www.ferrovial.com\/es\/#\/schema\/logo\/image\/"},"sameAs":["https:\/\/www.facebook.com\/ferrovial","https:\/\/x.com\/ferrovial","https:\/\/www.instagram.com\/ferrovial\/","https:\/\/www.linkedin.com\/company\/ferrovial","https:\/\/www.pinterest.es\/ferrovial\/","https:\/\/www.youtube.com\/ferrovial","https:\/\/en.wikipedia.org\/wiki\/Ferrovial"]}]}},"_links":{"self":[{"href":"https:\/\/www.ferrovial.com\/es\/wp-json\/wp\/v2\/pages\/242511","targetHints":{"allow":["GET"]}}],"collection":[{"href":"https:\/\/www.ferrovial.com\/es\/wp-json\/wp\/v2\/pages"}],"about":[{"href":"https:\/\/www.ferrovial.com\/es\/wp-json\/wp\/v2\/types\/page"}],"replies":[{"embeddable":true,"href":"https:\/\/www.ferrovial.com\/es\/wp-json\/wp\/v2\/comments?post=242511"}],"version-history":[{"count":3,"href":"https:\/\/www.ferrovial.com\/es\/wp-json\/wp\/v2\/pages\/242511\/revisions"}],"predecessor-version":[{"id":242738,"href":"https:\/\/www.ferrovial.com\/es\/wp-json\/wp\/v2\/pages\/242511\/revisions\/242738"}],"up":[{"embeddable":true,"href":"https:\/\/www.ferrovial.com\/es\/wp-json\/wp\/v2\/pages\/227878"}],"wp:attachment":[{"href":"https:\/\/www.ferrovial.com\/es\/wp-json\/wp\/v2\/media?parent=242511"}],"curies":[{"name":"wp","href":"https:\/\/api.w.org\/{rel}","templated":true}]}}