{"id":242538,"date":"2022-11-17T14:51:46","date_gmt":"2022-11-17T13:51:46","guid":{"rendered":"https:\/\/www.ferrovial.com\/?page_id=242538"},"modified":"2022-11-22T10:56:07","modified_gmt":"2022-11-22T09:56:07","slug":"dragalina","status":"publish","type":"page","link":"https:\/\/www.ferrovial.com\/es\/stem\/dragalina\/","title":{"rendered":"Dragalina"},"content":{"rendered":"    <m-final-content-header >\n            <c-breadcrumb label-text=\"Breadcrumb\" slot=\"breadcrumbs\" type='2' align='left' wrap='wrapped wrapped' aria-label='Vienes de STEM'>\n                        <ol>\n\n                                                            <li><a href=\"https:\/\/www.ferrovial.com\/es\/\" title=\"Ferrovial\">Ferrovial<\/a><\/li>\n                                                                        <li><a href=\"https:\/\/www.ferrovial.com\/es\/stem\/\" title=\"STEM\">STEM<\/a><\/li>\n                                    \n                <\/ol>\n\n                <\/c-breadcrumb>\n    \n        <div slot=\"header\">\n            <h1>\n                \u00bfQu\u00e9 es una dragalina?            <\/h1>\n                    <\/div>\n    <\/m-final-content-header>\n\n    \n\n\n<m-wysiwig class=\"wp-block-components-wysiwyg\"><div slot=\"maincontent\">\n<script type=\"application\/ld+json\">\n{\n  \"@context\": \"https:\/\/schema.org\",\n  \"@type\": \"FAQPage\",\n  \"mainEntity\": [{\n    \"@type\": \"Question\",\n    \"name\": \"\u00bfQu\u00e9 es una dragalina?\",\n    \"acceptedAnswer\": {\n      \"@type\": \"Answer\",\n      \"text\": \"La dragalina, o excavadora de draga, es una m\u00e1quina excavadora y de arrastre que se utiliza en obras de grandes dimensiones.\"\n    }\n  },{\n    \"@type\": \"Question\",\n    \"name\": \"\u00bfQu\u00e9 elementos componen una dragalina y c\u00f3mo funciona?\",\n    \"acceptedAnswer\": {\n      \"@type\": \"Answer\",\n      \"text\": \"<ul>\n<li>Cuerpo de la m\u00e1quina: es donde se encuentran los motores y la cabina del operador.<\/li>\n<li>M\u00e1stil o pluma: es la estructura met\u00e1lica que se eleva desde el cuerpo de la m\u00e1quina y desde la cual cuelga el cable de elevaci\u00f3n que sostiene la pala. <\/li>\n<li>Pala o cuchara: es el recipiente dentado que realiza el trabajo de erosi\u00f3n y carga de los materiales.<\/li>\n<li>Cable de elevaci\u00f3n: es el que cuelga de la punta del m\u00e1stil. Sostiene la cuchara o pala y la hace subir y bajar.<\/li>\n<li>Cable de arrastre: est\u00e1 fijado a la pala y al cuerpo de la m\u00e1quina. Se acorta o alarga para mover la pala hacia adelante o hacia atr\u00e1s, y para cambiar su inclinaci\u00f3n seg\u00fan sea necesario, en coordinaci\u00f3n con el movimiento del cable de elevaci\u00f3n.<\/li>\n<\/ul>\"\n    }\n  },{\n    \"@type\": \"Question\",\n    \"name\": \"\u00bfC\u00f3mo se transporta una dragalina?\",\n    \"acceptedAnswer\": {\n      \"@type\": \"Answer\",\n      \"text\": \"Las dragalinas est\u00e1n compuestas por piezas desmontables que permiten su traslado. Seg\u00fan sus dimensiones, las dragalinas se distinguen en dos grandes tipos que condicionan la manera en la que se desplazan y se transportan:\n\n<ol>\n<li>Gr\u00faas elevadoras<\/li>\n<li>Unidades pesadas<\/li>\"\n    }\n  },{\n    \"@type\": \"Question\",\n    \"name\": \"\u00bfCu\u00e1les son los principales usos de una dragalina?\",\n    \"acceptedAnswer\": {\n      \"@type\": \"Answer\",\n      \"text\": \"Las dragalinas peque\u00f1as suelen utilizarse para la construcci\u00f3n de carreteras y puertos, fundaci\u00f3n de bases y otras obras civiles. Por su parte, las dragalinas m\u00e1s grandes son la maquinaria fundamental para las operaciones de miner\u00eda en canteras a cielo abierto.\"\n    }\n  },{\n    \"@type\": \"Question\",\n    \"name\": \"\u00bfQui\u00e9n puede operar una dragalina?\",\n    \"acceptedAnswer\": {\n      \"@type\": \"Answer\",\n      \"text\": \"Como ocurre con toda la maquinaria de obra, las dragalinas solamente pueden ser operadas por personal especializado, pero estas m\u00e1quinas tan grandes presentan una dificultad extra: ser\u00eda demasiado costoso ensamblar una m\u00e1quina para entrenar apropiadamente a un operador. Por fortuna, la tecnolog\u00eda permite hacer uso de simuladores durante el proceso de entrenamiento, garantizando as\u00ed una mayor seguridad a costos muy contenidos.\"\n    }\n  },{\n    \"@type\": \"Question\",\n    \"name\": \"\u00bfCu\u00e1l es la capacidad m\u00e1xima de excavaci\u00f3n y carga de una dragalina?\",\n    \"acceptedAnswer\": {\n      \"@type\": \"Answer\",\n      \"text\": \"Las dragalinas m\u00e1s grandes y potentes que existen en la actualidad pueden llegar a tener:\n<ul>\n<li>Motores de 2 500 CV.<\/li>\n<li>Palas con 120 m3.<\/li>\n<li>Capacidad de carga de 150 000 Kg.<\/li>\n<li>Profundidad m\u00e1xima de excavaci\u00f3n de casi 80 metros.<\/li>\n<\/ul>\"\n    }\n  }]\n}\n<\/script>\n<p>La dragalina, o excavadora de draga, es una m\u00e1quina <strong>excavadora y de arrastre <\/strong>que se utiliza en <strong>obras de grandes dimensiones<\/strong>.<\/p>\n\n\n\n<p>Opera con una pala o cuchara que est\u00e1 unida a la m\u00e1quina solamente a trav\u00e9s de cables, lo cual le permite un gran rango de acci\u00f3n y carga, pero le resta potencia, por lo que la dragalina es ideal para la <strong>excavaci\u00f3n y arrastre de materiales de poca dureza<\/strong>.<\/p>\n\n\n\n<h2 class=\"wp-block-heading\"><strong>\u00bfQu\u00e9 elementos componen una dragalina y c\u00f3mo funciona?<\/strong><\/h2>\n\n\n\n<ul class=\"wp-block-list\"><li><strong>Cuerpo de la m\u00e1quina: <\/strong>es donde se encuentran los<strong> motores y la cabina <\/strong>del operador. A partir de este cuerpo principal se ensamblan los dem\u00e1s elementos de la m\u00e1quina. El cuerpo puede tener <strong>ruedas de oruga <\/strong>o estar situado <strong>sobre pontones<\/strong>, seg\u00fan sea el caso.<br>Dependiendo de su tipo y tama\u00f1o, la dragalina puede tener distinta cantidad de <strong>motores de desplazamiento, arrastre y rotaci\u00f3n<\/strong>, con diversas potencias.<\/li><li><strong>M\u00e1stil o pluma: <\/strong>es la <strong>estructura met\u00e1lica <\/strong>que se eleva desde el cuerpo de la m\u00e1quina y <strong>desde la cual cuelga el cable de elevaci\u00f3n <\/strong>que sostiene la pala.&nbsp;<\/li><li><strong>Pala o cuchara: <\/strong>es el recipiente dentado que realiza el <strong>trabajo de erosi\u00f3n y carga <\/strong>de los materiales. <strong>Sube y baja <\/strong>gracias a la acci\u00f3n del <strong>cable de elevaci\u00f3n <\/strong>y se <strong>mueve hacia adelante <\/strong>(excavando) y <strong>hacia atr\u00e1s <\/strong>gracias al <strong>cable de arrastre<\/strong>. Gracias a la acci\u00f3n de ambos cables y a la pericia de quien opera la m\u00e1quina, la pala puede desplazarse, excavar, cargar y descargar materiales, etc. Seg\u00fan las dimensiones de la m\u00e1quina, las condiciones del trabajo y las caracter\u00edsticas de los materiales, se utilizan <strong>diversas t\u00e9cnicas para operar la pala<\/strong>.<\/li><li><strong>Cable de elevaci\u00f3n: <\/strong>es el que <strong>cuelga de la punta del m\u00e1stil<\/strong>. Sostiene la cuchara o pala y la hace subir y bajar.<\/li><li><strong>Cable de arrastre: <\/strong>est\u00e1 <strong>fijado a la pala y al cuerpo de la m\u00e1quina<\/strong>. Se acorta o alarga para mover la pala <strong>hacia adelante o hacia atr\u00e1s<\/strong>, y para cambiar su inclinaci\u00f3n seg\u00fan sea necesario, en coordinaci\u00f3n con el movimiento del cable de elevaci\u00f3n.<\/li><\/ul>\n\n\n\n<p>Las dragalinas est\u00e1n entre las m\u00e1quinas m\u00e1s grandes jam\u00e1s construidas. Las m\u00e1s peque\u00f1as pesan alrededor de <strong>8 000 toneladas<\/strong>, mientras que las de mayor tama\u00f1o pueden llegar a pesar <strong>13 000 toneladas<\/strong>.<\/p>\n\n\n\n<h2 class=\"wp-block-heading\"><strong>\u00bfC\u00f3mo se transporta una dragalina?<\/strong><\/h2>\n\n\n\n<p>Las dragalinas est\u00e1n compuestas por <strong>piezas desmontables <\/strong>que permiten su traslado. Seg\u00fan sus <strong>dimensiones<\/strong>, las dragalinas se distinguen en <strong>dos grandes tipos <\/strong>que condicionan la manera en la que se desplazan y se transportan:<\/p>\n\n\n\n<ol class=\"wp-block-list\"><li><strong>Gr\u00faas elevadoras: <\/strong>son de tama\u00f1o m\u00e1s contenido y su cuerpo reposa sobre <strong>orugas<\/strong>, que le permiten desplazarse en el terreno de trabajo. Tradicionalmente, est\u00e1n dise\u00f1adas para ser <strong>transportadas sobre veh\u00edculos de carga con plataforma <\/strong>habiendo desmontado previamente las partes m\u00f3viles.<br> Sin embargo, el dise\u00f1o de la dragalina moderna ha ido evolucionando para crear m\u00e1quinas m\u00e1s ligeras y port\u00e1tiles que, una vez <strong>desmontadas las partes m\u00f3viles y cargadas sobre el propio cuerpo de la m\u00e1quina<\/strong>, puedan desplazarse por las principales carreteras y v\u00edas de comunicaci\u00f3n terrestre. De esta manera, se <strong>optimizan los tiempos y costos<\/strong>, <strong>aumentando la rentabilidad<\/strong>.<\/li><li><strong>Unidades pesadas: <\/strong>son las dragalinas de mayor tama\u00f1o cuyas partes deben ser transportadas por veh\u00edculos de carga y que deben <strong>ensamblarse enteramente sobre el lugar de trabajo<\/strong>. Debido a su peso propio y al que alcanzan con su carga, estas dragalinas no se apoyan sobre ning\u00fan tipo de rueda ni sistema de oruga, sino que est\u00e1n dotadas de <strong>pies o pontones<\/strong>.<br>Las dragalinas de estas dimensiones tienen un <strong>gran rango de acci\u00f3n<\/strong>, por lo que no necesitan desplazarse tanto como las peque\u00f1as para cumplir con sus labores. En caso de desplazamiento dentro de la obra, la dragalina se mueve apenas unos <strong>pocos metros por minuto<\/strong>, debido a que debe desplazarse con el reposicionamiento de los pies en los que est\u00e1 apoyada. Cuando la dragalina necesita moverse una distancia media (hasta unos 100 km) dentro de la propia obra, se suelen utilizar <strong>veh\u00edculos transportadores de dragalinas<\/strong>. Para trasladar la m\u00e1quina en distancias superiores, siempre es <strong>indispensable su desmontaje<\/strong>.<\/li><\/ol>\n\n\n\n<h2 class=\"wp-block-heading\"><strong>\u00bfCu\u00e1les son los principales usos de una dragalina?<\/strong><\/h2>\n\n\n\n<p>Las dragalinas peque\u00f1as suelen utilizarse para la <strong>construcci\u00f3n de carreteras y puertos, fundaci\u00f3n de bases<\/strong> y otras <a href=\"https:\/\/www.ferrovial.com\/es\/recursos\/obra-civil\/\" target=\"_blank\" rel=\"noreferrer noopener\">obras civiles<\/a>. Por su parte, las dragalinas m\u00e1s grandes son la maquinaria fundamental para las <strong>operaciones de miner\u00eda <\/strong>en canteras a cielo abierto.<\/p>\n\n\n\n<h2 class=\"wp-block-heading\"><strong>\u00bfQui\u00e9n puede operar una dragalina?<\/strong><\/h2>\n\n\n\n<p>Como ocurre con toda la <a href=\"https:\/\/www.ferrovial.com\/es\/stem\/maquinaria-de-obra\/\" target=\"_blank\" rel=\"noreferrer noopener\">maquinaria de obra<\/a>, las dragalinas solamente pueden ser operadas por <strong>personal especializado<\/strong>, pero estas m\u00e1quinas tan grandes presentan una dificultad extra: ser\u00eda demasiado costoso ensamblar una m\u00e1quina para entrenar apropiadamente a un operador. Por fortuna, la tecnolog\u00eda permite hacer uso de <strong>simuladores <\/strong>durante el proceso de entrenamiento, garantizando as\u00ed una mayor seguridad a costos muy contenidos.<\/p>\n\n\n\n<h2 class=\"wp-block-heading\"><strong>\u00bfCu\u00e1l es la capacidad m\u00e1xima de excavaci\u00f3n y carga de una dragalina?<\/strong><\/h2>\n\n\n\n<p>Las dragalinas m\u00e1s grandes y potentes que existen en la actualidad pueden llegar a tener:<\/p>\n\n\n\n<ul class=\"wp-block-list\"><li>Motores de 2 500 CV.<\/li><li>Palas con 120 m<sup>3<\/sup>.<\/li><li>Capacidad de carga de 150 000 Kg.<\/li><li>Profundidad m\u00e1xima de excavaci\u00f3n de casi 80 metros.<\/li><\/ul>\n<\/div><\/m-wysiwig>\n","protected":false},"excerpt":{"rendered":"","protected":false},"featured_media":0,"parent":227878,"menu_order":0,"comment_status":"closed","ping_status":"closed","template":"","meta":{"_acf_changed":false,"footnotes":""},"class_list":["post-242538","page","type-page","status-publish","hentry"],"acf":[],"yoast_head":"<!-- This site is optimized with the Yoast SEO plugin v27.2 - https:\/\/yoast.com\/product\/yoast-seo-wordpress\/ -->\n<title>Dragalina: que elementos la componen, funcionamiento y usos - Ferrovial<\/title>\n<meta name=\"description\" content=\"La dragalina, o excavadora de draga, es una m\u00e1quina excavadora y de arrastre que se utiliza en obras de grandes dimensiones.\" \/>\n<meta name=\"robots\" content=\"index, follow, max-snippet:-1, max-image-preview:large, max-video-preview:-1\" \/>\n<link rel=\"canonical\" href=\"https:\/\/www.ferrovial.com\/es\/stem\/dragalina\/\" \/>\n<meta property=\"og:locale\" content=\"es_ES\" \/>\n<meta property=\"og:type\" content=\"article\" \/>\n<meta property=\"og:title\" content=\"Dragalina: que elementos la componen, funcionamiento y usos - Ferrovial\" \/>\n<meta property=\"og:description\" content=\"La dragalina, o excavadora de draga, es una m\u00e1quina excavadora y de arrastre que se utiliza en obras de grandes dimensiones.\" \/>\n<meta property=\"og:url\" content=\"https:\/\/www.ferrovial.com\/es\/stem\/dragalina\/\" \/>\n<meta property=\"og:site_name\" content=\"Ferrovial\" \/>\n<meta property=\"article:publisher\" content=\"https:\/\/www.facebook.com\/ferrovial\" \/>\n<meta property=\"article:modified_time\" content=\"2022-11-22T09:56:07+00:00\" \/>\n<meta name=\"twitter:card\" content=\"summary_large_image\" \/>\n<meta name=\"twitter:site\" content=\"@ferrovial\" \/>\n<meta name=\"twitter:label1\" content=\"Est. reading time\" \/>\n\t<meta name=\"twitter:data1\" content=\"6 minutos\" \/>\n<!-- \/ Yoast SEO plugin. -->","yoast_head_json":{"title":"Dragalina: que elementos la componen, funcionamiento y usos - Ferrovial","description":"La dragalina, o excavadora de draga, es una m\u00e1quina excavadora y de arrastre que se utiliza en obras de grandes dimensiones.","robots":{"index":"index","follow":"follow","max-snippet":"max-snippet:-1","max-image-preview":"max-image-preview:large","max-video-preview":"max-video-preview:-1"},"canonical":"https:\/\/www.ferrovial.com\/es\/stem\/dragalina\/","og_locale":"es_ES","og_type":"article","og_title":"Dragalina: que elementos la componen, funcionamiento y usos - Ferrovial","og_description":"La dragalina, o excavadora de draga, es una m\u00e1quina excavadora y de arrastre que se utiliza en obras de grandes dimensiones.","og_url":"https:\/\/www.ferrovial.com\/es\/stem\/dragalina\/","og_site_name":"Ferrovial","article_publisher":"https:\/\/www.facebook.com\/ferrovial","article_modified_time":"2022-11-22T09:56:07+00:00","twitter_card":"summary_large_image","twitter_site":"@ferrovial","twitter_misc":{"Est. reading time":"6 minutos"},"schema":{"@context":"https:\/\/schema.org","@graph":[{"@type":"WebPage","@id":"https:\/\/www.ferrovial.com\/es\/stem\/dragalina\/","url":"https:\/\/www.ferrovial.com\/es\/stem\/dragalina\/","name":"Dragalina: que elementos la componen, funcionamiento y usos - Ferrovial","isPartOf":{"@id":"https:\/\/www.ferrovial.com\/es\/#website"},"datePublished":"2022-11-17T13:51:46+00:00","dateModified":"2022-11-22T09:56:07+00:00","description":"La dragalina, o excavadora de draga, es una m\u00e1quina excavadora y de arrastre que se utiliza en obras de grandes dimensiones.","breadcrumb":{"@id":"https:\/\/www.ferrovial.com\/es\/stem\/dragalina\/#breadcrumb"},"inLanguage":"es","potentialAction":[{"@type":"ReadAction","target":["https:\/\/www.ferrovial.com\/es\/stem\/dragalina\/"]}]},{"@type":"BreadcrumbList","@id":"https:\/\/www.ferrovial.com\/es\/stem\/dragalina\/#breadcrumb","itemListElement":[{"@type":"ListItem","position":1,"name":"Portada","item":"https:\/\/www.ferrovial.com\/es\/"},{"@type":"ListItem","position":2,"name":"STEM","item":"https:\/\/www.ferrovial.com\/es\/stem\/"},{"@type":"ListItem","position":3,"name":"Dragalina"}]},{"@type":"WebSite","@id":"https:\/\/www.ferrovial.com\/es\/#website","url":"https:\/\/www.ferrovial.com\/es\/","name":"Ferrovial","description":"Welcome to the Ferrovial&#039;s website, global operator of sustainable infrastructure. Here you can find all the information about the company and subsidiaries.","publisher":{"@id":"https:\/\/www.ferrovial.com\/es\/#organization"},"potentialAction":[{"@type":"SearchAction","target":{"@type":"EntryPoint","urlTemplate":"https:\/\/www.ferrovial.com\/es\/?s={search_term_string}"},"query-input":{"@type":"PropertyValueSpecification","valueRequired":true,"valueName":"search_term_string"}}],"inLanguage":"es"},{"@type":"Organization","@id":"https:\/\/www.ferrovial.com\/es\/#organization","name":"Ferrovial S.A.","url":"https:\/\/www.ferrovial.com\/es\/","logo":{"@type":"ImageObject","inLanguage":"es","@id":"https:\/\/www.ferrovial.com\/es\/#\/schema\/logo\/image\/","url":"https:\/\/static.ferrovial.com\/wp-content\/uploads\/2020\/01\/13124948\/logo-ferrovial-cf7.png","contentUrl":"https:\/\/static.ferrovial.com\/wp-content\/uploads\/2020\/01\/13124948\/logo-ferrovial-cf7.png","width":144,"height":32,"caption":"Ferrovial S.A."},"image":{"@id":"https:\/\/www.ferrovial.com\/es\/#\/schema\/logo\/image\/"},"sameAs":["https:\/\/www.facebook.com\/ferrovial","https:\/\/x.com\/ferrovial","https:\/\/www.instagram.com\/ferrovial\/","https:\/\/www.linkedin.com\/company\/ferrovial","https:\/\/www.pinterest.es\/ferrovial\/","https:\/\/www.youtube.com\/ferrovial","https:\/\/en.wikipedia.org\/wiki\/Ferrovial"]}]}},"_links":{"self":[{"href":"https:\/\/www.ferrovial.com\/es\/wp-json\/wp\/v2\/pages\/242538","targetHints":{"allow":["GET"]}}],"collection":[{"href":"https:\/\/www.ferrovial.com\/es\/wp-json\/wp\/v2\/pages"}],"about":[{"href":"https:\/\/www.ferrovial.com\/es\/wp-json\/wp\/v2\/types\/page"}],"replies":[{"embeddable":true,"href":"https:\/\/www.ferrovial.com\/es\/wp-json\/wp\/v2\/comments?post=242538"}],"version-history":[{"count":3,"href":"https:\/\/www.ferrovial.com\/es\/wp-json\/wp\/v2\/pages\/242538\/revisions"}],"predecessor-version":[{"id":242739,"href":"https:\/\/www.ferrovial.com\/es\/wp-json\/wp\/v2\/pages\/242538\/revisions\/242739"}],"up":[{"embeddable":true,"href":"https:\/\/www.ferrovial.com\/es\/wp-json\/wp\/v2\/pages\/227878"}],"wp:attachment":[{"href":"https:\/\/www.ferrovial.com\/es\/wp-json\/wp\/v2\/media?parent=242538"}],"curies":[{"name":"wp","href":"https:\/\/api.w.org\/{rel}","templated":true}]}}