{"id":242542,"date":"2022-11-17T14:59:12","date_gmt":"2022-11-17T13:59:12","guid":{"rendered":"https:\/\/www.ferrovial.com\/?page_id=242542"},"modified":"2022-12-07T23:53:10","modified_gmt":"2022-12-07T22:53:10","slug":"martillo-mecanico","status":"publish","type":"page","link":"https:\/\/www.ferrovial.com\/es\/stem\/martillo-mecanico\/","title":{"rendered":"Martillo mec\u00e1nico"},"content":{"rendered":"    <m-final-content-header >\n            <c-breadcrumb label-text=\"Breadcrumb\" slot=\"breadcrumbs\" type='2' align='left' wrap='wrapped wrapped' aria-label='Vienes de STEM'>\n                        <ol>\n\n                                                            <li><a href=\"https:\/\/www.ferrovial.com\/es\/\" title=\"Ferrovial\">Ferrovial<\/a><\/li>\n                                                                        <li><a href=\"https:\/\/www.ferrovial.com\/es\/stem\/\" title=\"STEM\">STEM<\/a><\/li>\n                                    \n                <\/ol>\n\n                <\/c-breadcrumb>\n    \n        <div slot=\"header\">\n            <h1>\n                \u00bfQu\u00e9 es un martillo mec\u00e1nico?            <\/h1>\n                    <\/div>\n    <\/m-final-content-header>\n\n    \n\n\n<m-wysiwig class=\"wp-block-components-wysiwyg\"><div slot=\"maincontent\">\n<script type=\"application\/ld+json\">\n{\n  \"@context\": \"https:\/\/schema.org\",\n  \"@type\": \"FAQPage\",\n  \"mainEntity\": [{\n    \"@type\": \"Question\",\n    \"name\": \"\u00bfQu\u00e9 es un martillo mec\u00e1nico?\",\n    \"acceptedAnswer\": {\n      \"@type\": \"Answer\",\n      \"text\": \"Un martillo mec\u00e1nico es una m\u00e1quina perforadora de percusi\u00f3n operada manualmente por una persona, que suele sostenerlo de forma vertical sobre la superficie que se desea perforar.\"\n    }\n  },{\n    \"@type\": \"Question\",\n    \"name\": \"\u00bfCu\u00e1les son los or\u00edgenes de los martillos mec\u00e1nicos?\",\n    \"acceptedAnswer\": {\n      \"@type\": \"Answer\",\n      \"text\": \"El martillo mec\u00e1nico nace como respuesta a una necesidad imperante de la miner\u00eda a mediados del siglo XIX. Antes de su llegada, se utilizaban m\u00e1quinas a vapor para la perforaci\u00f3n de las minas, pero esto implicaba grandes incomodidades y riesgos.\nOtros \u00e1mbitos en los que los martillos mec\u00e1nicos fueron ampliamente utilizados fueron la construcci\u00f3n de t\u00faneles y de v\u00edas f\u00e9rreas.\"\n    }\n  },{\n    \"@type\": \"Question\",\n    \"name\": \"\u00bfQu\u00e9 tipos de martillos mec\u00e1nicos existen?\",\n    \"acceptedAnswer\": {\n      \"@type\": \"Answer\",\n      \"text\": \"<ul>\n<li>Martillo neum\u00e1tico<\/li>\n<li>Martillo hidr\u00e1ulico<\/li>\n<li>Martillo el\u00e9ctrico<\/li>\n<\/ul>\"\n    }\n  },{\n    \"@type\": \"Question\",\n    \"name\": \"\u00bfPara qu\u00e9 se usa un martillo mec\u00e1nico?\",\n    \"acceptedAnswer\": {\n      \"@type\": \"Answer\",\n      \"text\": \"<ul>\n<li>Romper pavimentaciones.<\/li>\n<li>Hacer agujeros de grandes dimensiones.<\/li>\n<li>Demoler paredes o estructuras peque\u00f1as.<\/li>\n<li>Levantar terrenos endurecidos.<\/li>\n<li>Perforar roca.<\/li>\n<li>Abrir canaletas para tuber\u00edas y cableado.<\/li>\n<li>Desmontar revestimientos cer\u00e1micos.<\/li>\n<\/ul>\"\n    }\n  },{\n    \"@type\": \"Question\",\n    \"name\": \"\u00bfQu\u00e9 medidas de seguridad deben adoptarse al utilizar un martillo mec\u00e1nico?\",\n    \"acceptedAnswer\": {\n      \"@type\": \"Answer\",\n      \"text\": \"Para emplear un martillo mec\u00e1nico es indispensable utilizar:\n<ul>\n<li>Zapatos de seguridad con puntera reforzada.<\/li>\n<li>Gafas protectoras.<\/li>\n<li>Casco antigolpe.<\/li>\n<li>Guantes de trabajo antivibraci\u00f3n.<\/li>\n<li>Protector ac\u00fastico.<\/li>\n<li>Mascarilla con filtro mec\u00e1nico.<\/li>\n<\/ul>\"\n    }\n  },{\n    \"@type\": \"Question\",\n    \"name\": \"\u00bfQu\u00e9 consecuencias para la salud puede tener el uso sostenido del martillo mec\u00e1nico?\",\n    \"acceptedAnswer\": {\n      \"@type\": \"Answer\",\n      \"text\": \"El uso de un martillo mec\u00e1nico, especialmente neum\u00e1tico, de manera prolongada puede acarrear diversos problemas de salud. Los principales son:\n<ul>\n<li>S\u00edndrome de Raynaud<\/li>\n<li>S\u00edndrome del t\u00fanel carpiano<\/li>\n<li>Ac\u00fafenos o tinnitus<\/li>\n<\/ul>\"\n    }\n  }]\n}\n<\/script>\n<p>Un martillo mec\u00e1nico es una <strong>m\u00e1quina perforadora de percusi\u00f3n <\/strong>operada manualmente por una persona, que suele sostenerlo de forma vertical sobre la superficie que se desea perforar.<\/p>\n\n\n\n<h2 class=\"wp-block-heading\"><strong>\u00bfCu\u00e1les son los or\u00edgenes de los martillos mec\u00e1nicos?<\/strong><\/h2>\n\n\n\n<p>El martillo mec\u00e1nico nace como respuesta a una <strong>necesidad <\/strong>imperante de la <strong>miner\u00eda a mediados del siglo XIX<\/strong>. Antes de su llegada, se utilizaban m\u00e1quinas a vapor para la perforaci\u00f3n de las minas, pero esto implicaba grandes incomodidades y riesgos.<\/p>\n\n\n\n<p>Las <strong>m\u00e1quinas de vapor <\/strong>implican la presencia de <strong>fuego<\/strong>, cuyo <strong>humo <\/strong>no es compatible con la estrechez y <strong>falta de ventilaci\u00f3n <\/strong>de las minas subterr\u00e1neas. La fuente de vapor tampoco pod\u00eda estar muy distante del lugar donde la m\u00e1quina estaba operando, porque <strong>el vapor no se pod\u00eda transportar <\/strong>sin grandes p\u00e9rdidas. Adem\u00e1s, la excavaci\u00f3n de las minas con frecuencia liberaba <strong>gases inflamables<\/strong>, como el metano, que invad\u00edan los t\u00faneles de manera r\u00e1pida, por lo que el fuego en cercan\u00eda aumentaba enormemente los riesgos de <strong>explosi\u00f3n e incendio<\/strong>.<\/p>\n\n\n\n<p>Fue as\u00ed como se desarrollaron los primeros modelos de martillos neum\u00e1ticos. El aire comprimido pod\u00eda viajar distancias relativamente largas sin perder su energ\u00eda, y al ser liberado contribu\u00eda a ventilar los t\u00faneles. Por supuesto, el <strong>potencial econ\u00f3mico <\/strong>de estas herramientas r\u00e1pidamente condujo a una carrera sucesiva de <strong>patentes<\/strong>, as\u00ed como al mejoramiento de los dise\u00f1os y la producci\u00f3n de otras variedades.<\/p>\n\n\n\n<p>Otros \u00e1mbitos en los que los martillos mec\u00e1nicos fueron ampliamente utilizados fueron la construcci\u00f3n de <a href=\"https:\/\/www.ferrovial.com\/es\/recursos\/tuneles\/\" target=\"_blank\" rel=\"noreferrer noopener\">t\u00faneles<\/a> y de <a href=\"https:\/\/www.ferrovial.com\/es\/recursos\/ferroviarias\/\" target=\"_blank\" rel=\"noreferrer noopener\">v\u00edas f\u00e9rreas<\/a>.<\/p>\n\n\n\n<h2 class=\"wp-block-heading\"><strong>\u00bfQu\u00e9 tipos de martillos mec\u00e1nicos existen?<\/strong><\/h2>\n\n\n\n<ul class=\"wp-block-list\"><li><strong>Martillo neum\u00e1tico:<\/strong> funciona con <strong>aire comprimido<\/strong>, que llena el \u00e9mbolo, empujando la cabeza del martillo. El aire viene de una m\u00e1quina independiente, llamada <strong>compresor<\/strong>, que est\u00e1 conectada a la empu\u00f1adura del martillo a trav\u00e9s de una v\u00e1lvula.<br>A este tipo de martillo se pueden <strong>acoplar diversos accesorios<\/strong>, como cinceles y barrenos, para realizar con m\u00e1s eficiencia trabajos distintos.<br>&nbsp;El martillo neum\u00e1tico se utiliza preferentemente para <strong>superficies horizontales<\/strong>, dado que su forma, tama\u00f1o y peso no son las ideales para un trabajo vertical.<\/li><li><strong>Martillo hidr\u00e1ulico:<\/strong> funciona con el mismo principio f\u00edsico que el martillo neum\u00e1tico, pero en lugar de necesitar aire comprimido, utiliza <strong><em>fluido hidr\u00e1ulico<\/em><\/strong>. Suele usarse <strong>acopl\u00e1ndolo a otra m\u00e1quina<\/strong>, como un tractor, <a href=\"https:\/\/www.ferrovial.com\/es\/stem\/minicargadora\/\" target=\"_blank\" rel=\"noreferrer noopener\">minicargadora<\/a>, <a href=\"https:\/\/www.ferrovial.com\/es\/stem\/retroexcavadora\/\" target=\"_blank\" rel=\"noreferrer noopener\">retroexcavadora<\/a>, etc.<br>Aunque se usa en superficies horizontales, este es el tipo de martillo ideal para trabajar <strong>superficies verticales<\/strong>, por lo que se prefiere en la miner\u00eda. Su dise\u00f1o sigue siendo muy similar al de los primeros martillos hidr\u00e1ulicos, de finales del siglo XIX.<br>A su vez, este tipo de martillo puede dividirse en:<ul><li><strong>Alta presi\u00f3n<\/strong>, que usa un acumulador de presi\u00f3n de membrana.<\/li><li><strong>Alta presi\u00f3n m\u00e1s gas<\/strong>,<strong> <\/strong>que tiene un acumulador de nitr\u00f3geno.<\/li><li><strong>Presi\u00f3n de gas<\/strong>.<\/li><li><strong>Baja presi\u00f3n<\/strong>.<\/li><\/ul><\/li><li><strong>Martillo el\u00e9ctrico:<\/strong> es m\u00e1s peque\u00f1o, requiere menos especializaci\u00f3n para su uso y su capacidad tambi\u00e9n es m\u00e1s limitada. Suele utilizarse para <strong>trabajos de car\u00e1cter m\u00e1s dom\u00e9stico<\/strong>.<\/li><\/ul>\n\n\n\n<h2 class=\"wp-block-heading\"><strong>\u00bfPara qu\u00e9 se usa un martillo mec\u00e1nico?<\/strong><\/h2>\n\n\n\n<p>Se usa normalmente para:<\/p>\n\n\n\n<ul class=\"wp-block-list\"><li>Romper pavimentaciones.<\/li><li>Hacer agujeros de grandes dimensiones.<\/li><li>Demoler paredes o estructuras peque\u00f1as.<\/li><li>Levantar terrenos endurecidos.<\/li><li>Perforar roca.<\/li><li>Abrir canaletas para tuber\u00edas y cableado.<\/li><li>Desmontar revestimientos cer\u00e1micos.<\/li><\/ul>\n\n\n\n<h2 class=\"wp-block-heading\"><strong>\u00bfQu\u00e9 medidas de seguridad deben adoptarse al utilizar un martillo mec\u00e1nico?<\/strong><\/h2>\n\n\n\n<p>El martillo mec\u00e1nico, a pesar de ser una m\u00e1quina relativamente peque\u00f1a, exige <strong>muchas medidas de seguridad <\/strong>debido a lo expuesta que suele estar la persona que lo opera. Para emplear un martillo mec\u00e1nico es indispensable utilizar:<\/p>\n\n\n\n<ul class=\"wp-block-list\"><li><strong>Zapatos de seguridad <\/strong>con puntera reforzada.<\/li><li><strong>Gafas <\/strong>protectoras.<\/li><li><strong>Casco <\/strong>antigolpe.<\/li><li><strong>Guantes<\/strong> de trabajo antivibraci\u00f3n.<\/li><li><strong>Protector ac\u00fastico.<\/strong><\/li><li><strong>Mascarilla <\/strong>con filtro mec\u00e1nico.<\/li><\/ul>\n\n\n\n<h2 class=\"wp-block-heading\"><strong>\u00bfQu\u00e9 consecuencias para la salud puede tener el uso sostenido del martillo mec\u00e1nico?<\/strong><\/h2>\n\n\n\n<p>El uso de un martillo mec\u00e1nico, especialmente neum\u00e1tico, de manera prolongada puede acarrear diversos problemas de salud. Los principales son:<\/p>\n\n\n\n<ul class=\"wp-block-list\"><li><strong>S\u00edndrome de Raynaud:<\/strong> desorden vascular que afecta, en el caso de los operadores de martillos mec\u00e1nicos, los dedos de las manos. Produce adormecimiento, hormigueo, entumecimiento, sensaci\u00f3n de fr\u00edo, calambres y cambio de color de la piel (a blanco y azul).<\/li><\/ul>\n\n\n\n<ul class=\"wp-block-list\"><li><strong>S\u00edndrome del t\u00fanel carpiano:<\/strong> el t\u00fanel carpiano es el canal por donde entran los nervios a la mano. Cuando un nervio se inflama \u2014por ejemplo, a causa de peque\u00f1os y constantes traumatismos causados por la vibraci\u00f3n de un martillo mec\u00e1nico\u2014, los nervios se comprimen dentro del t\u00fanel carpiano, causando dolor, debilidad, entumecimiento, hormigueo y mayor sensibilidad al fr\u00edo.<\/li><\/ul>\n\n\n\n<ul class=\"wp-block-list\"><li><strong>Ac\u00fafenos o tinnitus: <\/strong>es la percepci\u00f3n constante de un ruido en uno o ambos o\u00eddos. No se trata de sonidos que provengan del exterior, sino de una afecci\u00f3n interna que, entre otras cosas, puede ser causada por la exposici\u00f3n prolongada a ruidos fuertes, como los elevados decibeles de los martillos mec\u00e1nicos.<\/li><\/ul>\n<\/div><\/m-wysiwig>\n","protected":false},"excerpt":{"rendered":"","protected":false},"featured_media":0,"parent":227878,"menu_order":0,"comment_status":"closed","ping_status":"closed","template":"","meta":{"_acf_changed":false,"footnotes":""},"class_list":["post-242542","page","type-page","status-publish","hentry"],"acf":[],"yoast_head":"<!-- This site is optimized with the Yoast SEO plugin v27.2 - https:\/\/yoast.com\/product\/yoast-seo-wordpress\/ -->\n<title>Martillo mec\u00e1nico: qu\u00e9 es, caracter\u00edsticas - Ferrovial<\/title>\n<meta name=\"description\" content=\"Un martillo mec\u00e1nico es una m\u00e1quina perforadora de percusi\u00f3n operada manualmente por una persona, que suele sostenerlo de forma vertical sobre la superficie que se desea perforar.\" \/>\n<meta name=\"robots\" content=\"index, follow, max-snippet:-1, max-image-preview:large, max-video-preview:-1\" \/>\n<link rel=\"canonical\" href=\"https:\/\/www.ferrovial.com\/es\/stem\/martillo-mecanico\/\" \/>\n<meta property=\"og:locale\" content=\"es_ES\" \/>\n<meta property=\"og:type\" content=\"article\" \/>\n<meta property=\"og:title\" content=\"Martillo mec\u00e1nico: qu\u00e9 es, caracter\u00edsticas - Ferrovial\" \/>\n<meta property=\"og:description\" content=\"Un martillo mec\u00e1nico es una m\u00e1quina perforadora de percusi\u00f3n operada manualmente por una persona, que suele sostenerlo de forma vertical sobre la superficie que se desea perforar.\" \/>\n<meta property=\"og:url\" content=\"https:\/\/www.ferrovial.com\/es\/stem\/martillo-mecanico\/\" \/>\n<meta property=\"og:site_name\" content=\"Ferrovial\" \/>\n<meta property=\"article:publisher\" content=\"https:\/\/www.facebook.com\/ferrovial\" \/>\n<meta property=\"article:modified_time\" content=\"2022-12-07T22:53:10+00:00\" \/>\n<meta name=\"twitter:card\" content=\"summary_large_image\" \/>\n<meta name=\"twitter:site\" content=\"@ferrovial\" \/>\n<meta name=\"twitter:label1\" content=\"Est. reading time\" \/>\n\t<meta name=\"twitter:data1\" content=\"5 minutos\" \/>\n<!-- \/ Yoast SEO plugin. -->","yoast_head_json":{"title":"Martillo mec\u00e1nico: qu\u00e9 es, caracter\u00edsticas - Ferrovial","description":"Un martillo mec\u00e1nico es una m\u00e1quina perforadora de percusi\u00f3n operada manualmente por una persona, que suele sostenerlo de forma vertical sobre la superficie que se desea perforar.","robots":{"index":"index","follow":"follow","max-snippet":"max-snippet:-1","max-image-preview":"max-image-preview:large","max-video-preview":"max-video-preview:-1"},"canonical":"https:\/\/www.ferrovial.com\/es\/stem\/martillo-mecanico\/","og_locale":"es_ES","og_type":"article","og_title":"Martillo mec\u00e1nico: qu\u00e9 es, caracter\u00edsticas - Ferrovial","og_description":"Un martillo mec\u00e1nico es una m\u00e1quina perforadora de percusi\u00f3n operada manualmente por una persona, que suele sostenerlo de forma vertical sobre la superficie que se desea perforar.","og_url":"https:\/\/www.ferrovial.com\/es\/stem\/martillo-mecanico\/","og_site_name":"Ferrovial","article_publisher":"https:\/\/www.facebook.com\/ferrovial","article_modified_time":"2022-12-07T22:53:10+00:00","twitter_card":"summary_large_image","twitter_site":"@ferrovial","twitter_misc":{"Est. reading time":"5 minutos"},"schema":{"@context":"https:\/\/schema.org","@graph":[{"@type":"WebPage","@id":"https:\/\/www.ferrovial.com\/es\/stem\/martillo-mecanico\/","url":"https:\/\/www.ferrovial.com\/es\/stem\/martillo-mecanico\/","name":"Martillo mec\u00e1nico: qu\u00e9 es, caracter\u00edsticas - Ferrovial","isPartOf":{"@id":"https:\/\/www.ferrovial.com\/es\/#website"},"datePublished":"2022-11-17T13:59:12+00:00","dateModified":"2022-12-07T22:53:10+00:00","description":"Un martillo mec\u00e1nico es una m\u00e1quina perforadora de percusi\u00f3n operada manualmente por una persona, que suele sostenerlo de forma vertical sobre la superficie que se desea perforar.","breadcrumb":{"@id":"https:\/\/www.ferrovial.com\/es\/stem\/martillo-mecanico\/#breadcrumb"},"inLanguage":"es","potentialAction":[{"@type":"ReadAction","target":["https:\/\/www.ferrovial.com\/es\/stem\/martillo-mecanico\/"]}]},{"@type":"BreadcrumbList","@id":"https:\/\/www.ferrovial.com\/es\/stem\/martillo-mecanico\/#breadcrumb","itemListElement":[{"@type":"ListItem","position":1,"name":"Portada","item":"https:\/\/www.ferrovial.com\/es\/"},{"@type":"ListItem","position":2,"name":"STEM","item":"https:\/\/www.ferrovial.com\/es\/stem\/"},{"@type":"ListItem","position":3,"name":"Martillo mec\u00e1nico"}]},{"@type":"WebSite","@id":"https:\/\/www.ferrovial.com\/es\/#website","url":"https:\/\/www.ferrovial.com\/es\/","name":"Ferrovial","description":"Welcome to the Ferrovial&#039;s website, global operator of sustainable infrastructure. Here you can find all the information about the company and subsidiaries.","publisher":{"@id":"https:\/\/www.ferrovial.com\/es\/#organization"},"potentialAction":[{"@type":"SearchAction","target":{"@type":"EntryPoint","urlTemplate":"https:\/\/www.ferrovial.com\/es\/?s={search_term_string}"},"query-input":{"@type":"PropertyValueSpecification","valueRequired":true,"valueName":"search_term_string"}}],"inLanguage":"es"},{"@type":"Organization","@id":"https:\/\/www.ferrovial.com\/es\/#organization","name":"Ferrovial S.A.","url":"https:\/\/www.ferrovial.com\/es\/","logo":{"@type":"ImageObject","inLanguage":"es","@id":"https:\/\/www.ferrovial.com\/es\/#\/schema\/logo\/image\/","url":"https:\/\/static.ferrovial.com\/wp-content\/uploads\/2020\/01\/13124948\/logo-ferrovial-cf7.png","contentUrl":"https:\/\/static.ferrovial.com\/wp-content\/uploads\/2020\/01\/13124948\/logo-ferrovial-cf7.png","width":144,"height":32,"caption":"Ferrovial S.A."},"image":{"@id":"https:\/\/www.ferrovial.com\/es\/#\/schema\/logo\/image\/"},"sameAs":["https:\/\/www.facebook.com\/ferrovial","https:\/\/x.com\/ferrovial","https:\/\/www.instagram.com\/ferrovial\/","https:\/\/www.linkedin.com\/company\/ferrovial","https:\/\/www.pinterest.es\/ferrovial\/","https:\/\/www.youtube.com\/ferrovial","https:\/\/en.wikipedia.org\/wiki\/Ferrovial"]}]}},"_links":{"self":[{"href":"https:\/\/www.ferrovial.com\/es\/wp-json\/wp\/v2\/pages\/242542","targetHints":{"allow":["GET"]}}],"collection":[{"href":"https:\/\/www.ferrovial.com\/es\/wp-json\/wp\/v2\/pages"}],"about":[{"href":"https:\/\/www.ferrovial.com\/es\/wp-json\/wp\/v2\/types\/page"}],"replies":[{"embeddable":true,"href":"https:\/\/www.ferrovial.com\/es\/wp-json\/wp\/v2\/comments?post=242542"}],"version-history":[{"count":3,"href":"https:\/\/www.ferrovial.com\/es\/wp-json\/wp\/v2\/pages\/242542\/revisions"}],"predecessor-version":[{"id":244604,"href":"https:\/\/www.ferrovial.com\/es\/wp-json\/wp\/v2\/pages\/242542\/revisions\/244604"}],"up":[{"embeddable":true,"href":"https:\/\/www.ferrovial.com\/es\/wp-json\/wp\/v2\/pages\/227878"}],"wp:attachment":[{"href":"https:\/\/www.ferrovial.com\/es\/wp-json\/wp\/v2\/media?parent=242542"}],"curies":[{"name":"wp","href":"https:\/\/api.w.org\/{rel}","templated":true}]}}