{"id":242545,"date":"2022-11-17T15:12:31","date_gmt":"2022-11-17T14:12:31","guid":{"rendered":"https:\/\/www.ferrovial.com\/?page_id=242545"},"modified":"2022-12-08T00:01:04","modified_gmt":"2022-12-07T23:01:04","slug":"muro-de-carga","status":"publish","type":"page","link":"https:\/\/www.ferrovial.com\/es\/stem\/muro-de-carga\/","title":{"rendered":"Muro de carga"},"content":{"rendered":"    <m-final-content-header >\n            <c-breadcrumb label-text=\"Breadcrumb\" slot=\"breadcrumbs\" type='2' align='left' wrap='wrapped wrapped' aria-label='Vienes de STEM'>\n                        <ol>\n\n                                                            <li><a href=\"https:\/\/www.ferrovial.com\/es\/\" title=\"Ferrovial\">Ferrovial<\/a><\/li>\n                                                                        <li><a href=\"https:\/\/www.ferrovial.com\/es\/stem\/\" title=\"STEM\">STEM<\/a><\/li>\n                                    \n                <\/ol>\n\n                <\/c-breadcrumb>\n    \n        <div slot=\"header\">\n            <h1>\n                \u00bfQu\u00e9 es un muro de carga?            <\/h1>\n                    <\/div>\n    <\/m-final-content-header>\n\n    \n\n\n<m-wysiwig class=\"wp-block-components-wysiwyg\"><div slot=\"maincontent\">\n<script type=\"application\/ld+json\">\n{\n  \"@context\": \"https:\/\/schema.org\",\n  \"@type\": \"FAQPage\",\n  \"mainEntity\": [{\n    \"@type\": \"Question\",\n    \"name\": \"\u00bfQu\u00e9 es un muro de carga?\",\n    \"acceptedAnswer\": {\n      \"@type\": \"Answer\",\n      \"text\": \"Se entiende por muro de carga a las paredes de una edificaci\u00f3n que forma parte de su estructura y que cumple la funci\u00f3n de darle soporte a ella y a otros elementos constitutivos, tales como vigas, b\u00f3vedas, dinteles, pilares, columnas, entre otros.\"\n    }\n  },{\n    \"@type\": \"Question\",\n    \"name\": \"\u00bfCu\u00e1les son las caracter\u00edsticas de un muro de carga?\",\n    \"acceptedAnswer\": {\n      \"@type\": \"Answer\",\n      \"text\": \"<ul>\n<li>Los muros de carga est\u00e1n hechos con materiales resistentes, tales como piedra, acero, hormig\u00f3n o ladrillo.<\/li>\n<li>Los muros de carga son para sostener la edificaci\u00f3n.<\/li>\n<li>Los muros de carga no pueden derrumbarse para reformas.<\/li>\n<li>El peso que sostienen los muros de carga se distribuye desde el techo, haciendo presi\u00f3n hacia abajo y hacia afuera a trav\u00e9s de los cimientos.<\/li>\n<li>Los muros de carga se dise\u00f1an y planifican para soportar m\u00e1s cantidad de peso del esperado, de manera que mantenga tanto la estructura como los elementos que est\u00e9n dentro de ella. <\/li>\n<li>Todas las paredes exteriores de una edificaci\u00f3n soportan la carga, por lo tanto, son muros de carga.<\/li>\n<li>Los muros de carga tienen un ancho superior a 30 cent\u00edmetros.<\/li>\n<\/ul>\"\n    }\n  },{\n    \"@type\": \"Question\",\n    \"name\": \"\u00bfC\u00f3mo identificar un muro de carga?\",\n    \"acceptedAnswer\": {\n      \"@type\": \"Answer\",\n      \"text\": \"Existen diversas formas de reconocer cuando una pared es un muro de carga. Algunas de ellas son a trav\u00e9s de:\n<ol>\n<li>Los planos<\/li>\n<li>Los planos<\/li>\n<li>Materiales empleados<\/li>\n<li>Espesor<\/li>\n<li>Estructura<\/li>\n<li>Distribuci\u00f3n de plantas<\/li>\n<li>Sonido<\/li>\n<\/ol>\"\n    }\n  },{\n    \"@type\": \"Question\",\n    \"name\": \"\u00bfCu\u00e1l es la diferencia entre un muro de carga y un tabique?\",\n    \"acceptedAnswer\": {\n      \"@type\": \"Answer\",\n      \"text\": \"Un tabique es una pared delgada, de alrededor 10 cent\u00edmetros de espesor, mientras que los muros de carga, generalmente, tienen un grosor de 30 cent\u00edmetros o m\u00e1s.\n\nDiferenciar un muro de carga de otro tipo de pared o elementos divisorios de edificios es indispensable para llevar a cabo medidas de reforma y mantenimiento. Los tabiques son muros divisorios que no ponen en riesgo la estabilidad del edificio en el caso de que se derribe, ya que no soportan cargas, a diferencia de los muros de carga.\"\n    }\n  }]\n}\n<\/script>\n<p>Se entiende por muro de carga a las <strong>paredes de una <\/strong><a href=\"https:\/\/www.ferrovial.com\/es\/recursos\/edificacion\/\" target=\"_blank\" rel=\"noreferrer noopener\"><strong>edificaci\u00f3n<\/strong><\/a><strong> que forma parte de su estructura y que cumple la funci\u00f3n de darle soporte <\/strong>a ella y a otros elementos constitutivos, tales como vigas, b\u00f3vedas, dinteles, pilares, columnas, entre otros.&nbsp;<\/p>\n\n\n\n<p>A la hora de realizar reformas es importante<strong> respetar y mantener la estructura del muro de carga, <\/strong>ya que eliminarlo podr\u00eda suponer da\u00f1os de estabilidad para el edificio que podr\u00edan provocar, incluso, su derrumbamiento, ya que se anula<strong> su funci\u00f3n principal: soportar las cargas del inmueble.&nbsp;<\/strong><\/p>\n\n\n\n<p>Como un muro de carga <strong>se encarga de transmitir las cargas al terreno donde est\u00e1 instalado, <\/strong>\u00e9ste debe estar hecho <strong>sobre <\/strong><a href=\"https:\/\/www.ferrovial.com\/es\/stem\/cimentaciones\/\" target=\"_blank\" rel=\"noreferrer noopener\"><strong>cimentaciones<\/strong><\/a><strong> estables que eviten que el muro se clave en el terreno. <\/strong>La cimentaci\u00f3n de los muros de carga consiste en una zapata lineal o corrida; es decir, un fundamento (generalmente de hormig\u00f3n) situado debajo de los pilares de la estructura.&nbsp;<\/p>\n\n\n\n<h2 class=\"wp-block-heading\"><strong>\u00bfCu\u00e1les son las caracter\u00edsticas de un muro de carga?<\/strong><\/h2>\n\n\n\n<ul class=\"wp-block-list\"><li>Los muros de carga <strong>est\u00e1n hechos con materiales resistentes,<\/strong> tales como <strong>piedra, acero, hormig\u00f3n o ladrillo. <\/strong>Estos materiales permiten soportar grandes cargas sin deformarse.&nbsp;<\/li><li>Los muros de carga son para sostener la edificaci\u00f3n. <strong>Se diferencian de otros tipos de paredes cuya funci\u00f3n es la de separar el espacio.&nbsp;<\/strong><\/li><li>Los muros de carga <strong>no pueden derrumbarse para reformas.<\/strong><\/li><li>El peso que sostienen los muros de carga <strong>se distribuye desde el techo, <\/strong>haciendo presi\u00f3n hacia abajo y hacia afuera a trav\u00e9s de los cimientos.<\/li><li>Los muros de carga <strong>se dise\u00f1an y planifican para soportar m\u00e1s cantidad de peso del esperado,<\/strong> de manera que mantenga tanto la estructura como los elementos que est\u00e9n dentro de ella.&nbsp;<\/li><li><strong>Todas las paredes exteriores de una edificaci\u00f3n soportan la carga,<\/strong> por lo tanto, son muros de carga.<\/li><li><strong>Los muros de carga tienen un ancho superior a 30 cent\u00edmetros.<\/strong><\/li><\/ul>\n\n\n\n<h2 class=\"wp-block-heading\"><strong>\u00bfC\u00f3mo identificar un muro de carga?<\/strong><\/h2>\n\n\n\n<p>Existen diversas formas de reconocer cuando una pared es un muro de carga. Algunas de ellas son a trav\u00e9s de:<\/p>\n\n\n\n<ol class=\"wp-block-list\"><li><strong>Los planos:<\/strong> se trata de los muros trazados con contorno grueso, distintas texturas en su interior y un eje grueso en el centro.&nbsp;<\/li><li><strong>La ubicaci\u00f3n:<\/strong> en la infraestructura, los muros de carga se encuentran en el per\u00edmetro de la edificaci\u00f3n y sostienen al techo.&nbsp;<\/li><li><strong>Materiales empleados:<\/strong> tienen que ser de gran resistencia para soportar la carga.<\/li><li><strong>Espesor:<\/strong> los muros de carga son voluminosos y robustos, acordes a la funci\u00f3n que cumplen.<\/li><li><strong>Estructura:<\/strong> si la estructura est\u00e1 construida a base de vigas, el muro de carga se identifica como soporte de ellas. Es decir, que cualquier pared perpendicular a una o varias vigas es un muro de carga.&nbsp;<\/li><li><strong>Distribuci\u00f3n de plantas: <\/strong>los muros de carga son paredes que parten de la planta baja hasta llegar a la planta m\u00e1s alta, respetando la misma distribuci\u00f3n entre ellas.<\/li><li><strong>Sonido:<\/strong> los muros de carga son macizos. Una forma de identificarlos es por el sonido que hacen cuando se golpea sobre ellos, el cual debe ser seco. Si el sonido es hueco, probablemente se trate de un tabique.<\/li><\/ol>\n\n\n\n<h2 class=\"wp-block-heading\"><strong>\u00bfCu\u00e1l es la diferencia entre un muro de carga y un tabique?<\/strong><\/h2>\n\n\n\n<p><strong>Un tabique es una pared delgada, de alrededor 10 cent\u00edmetros de espesor, mientras que los muros de carga<\/strong>, generalmente, <strong>tienen un grosor de 30 cent\u00edmetros o m\u00e1s.<\/strong><\/p>\n\n\n\n<p>Diferenciar un muro de carga de otro tipo de pared o elementos divisorios de edificios es indispensable para llevar a cabo medidas de reforma y mantenimiento. <strong>Los tabiques son muros divisorios que no ponen en riesgo la estabilidad del edificio<\/strong> en el caso de que se derribe, <strong>ya que no soportan cargas,<\/strong> a diferencia de los muros de carga.<\/p>\n<\/div><\/m-wysiwig>\n","protected":false},"excerpt":{"rendered":"","protected":false},"featured_media":0,"parent":227878,"menu_order":0,"comment_status":"closed","ping_status":"closed","template":"","meta":{"_acf_changed":false,"footnotes":""},"class_list":["post-242545","page","type-page","status-publish","hentry"],"acf":[],"yoast_head":"<!-- This site is optimized with the Yoast SEO plugin v27.2 - https:\/\/yoast.com\/product\/yoast-seo-wordpress\/ -->\n<title>Muro de carga: qu\u00e9 es, caracter\u00edsticas, identificaci\u00f3n - Ferrovial<\/title>\n<meta name=\"description\" content=\"Muro de carga son las paredes de una edificaci\u00f3n que forma parte de su estructura y que cumple la funci\u00f3n de darle soporte a ella y a otros elementos constitutivos, tales como vigas, b\u00f3vedas, dinteles, pilares, columnas...\" \/>\n<meta name=\"robots\" content=\"index, follow, max-snippet:-1, max-image-preview:large, max-video-preview:-1\" \/>\n<link rel=\"canonical\" href=\"https:\/\/www.ferrovial.com\/es\/stem\/muro-de-carga\/\" \/>\n<meta property=\"og:locale\" content=\"es_ES\" \/>\n<meta property=\"og:type\" content=\"article\" \/>\n<meta property=\"og:title\" content=\"Muro de carga: qu\u00e9 es, caracter\u00edsticas, identificaci\u00f3n - Ferrovial\" \/>\n<meta property=\"og:description\" content=\"Muro de carga son las paredes de una edificaci\u00f3n que forma parte de su estructura y que cumple la funci\u00f3n de darle soporte a ella y a otros elementos constitutivos, tales como vigas, b\u00f3vedas, dinteles, pilares, columnas...\" \/>\n<meta property=\"og:url\" content=\"https:\/\/www.ferrovial.com\/es\/stem\/muro-de-carga\/\" \/>\n<meta property=\"og:site_name\" content=\"Ferrovial\" \/>\n<meta property=\"article:publisher\" content=\"https:\/\/www.facebook.com\/ferrovial\" \/>\n<meta property=\"article:modified_time\" content=\"2022-12-07T23:01:04+00:00\" \/>\n<meta name=\"twitter:card\" content=\"summary_large_image\" \/>\n<meta name=\"twitter:site\" content=\"@ferrovial\" \/>\n<meta name=\"twitter:label1\" content=\"Est. reading time\" \/>\n\t<meta name=\"twitter:data1\" content=\"5 minutos\" \/>\n<!-- \/ Yoast SEO plugin. -->","yoast_head_json":{"title":"Muro de carga: qu\u00e9 es, caracter\u00edsticas, identificaci\u00f3n - Ferrovial","description":"Muro de carga son las paredes de una edificaci\u00f3n que forma parte de su estructura y que cumple la funci\u00f3n de darle soporte a ella y a otros elementos constitutivos, tales como vigas, b\u00f3vedas, dinteles, pilares, columnas...","robots":{"index":"index","follow":"follow","max-snippet":"max-snippet:-1","max-image-preview":"max-image-preview:large","max-video-preview":"max-video-preview:-1"},"canonical":"https:\/\/www.ferrovial.com\/es\/stem\/muro-de-carga\/","og_locale":"es_ES","og_type":"article","og_title":"Muro de carga: qu\u00e9 es, caracter\u00edsticas, identificaci\u00f3n - Ferrovial","og_description":"Muro de carga son las paredes de una edificaci\u00f3n que forma parte de su estructura y que cumple la funci\u00f3n de darle soporte a ella y a otros elementos constitutivos, tales como vigas, b\u00f3vedas, dinteles, pilares, columnas...","og_url":"https:\/\/www.ferrovial.com\/es\/stem\/muro-de-carga\/","og_site_name":"Ferrovial","article_publisher":"https:\/\/www.facebook.com\/ferrovial","article_modified_time":"2022-12-07T23:01:04+00:00","twitter_card":"summary_large_image","twitter_site":"@ferrovial","twitter_misc":{"Est. reading time":"5 minutos"},"schema":{"@context":"https:\/\/schema.org","@graph":[{"@type":"WebPage","@id":"https:\/\/www.ferrovial.com\/es\/stem\/muro-de-carga\/","url":"https:\/\/www.ferrovial.com\/es\/stem\/muro-de-carga\/","name":"Muro de carga: qu\u00e9 es, caracter\u00edsticas, identificaci\u00f3n - Ferrovial","isPartOf":{"@id":"https:\/\/www.ferrovial.com\/es\/#website"},"datePublished":"2022-11-17T14:12:31+00:00","dateModified":"2022-12-07T23:01:04+00:00","description":"Muro de carga son las paredes de una edificaci\u00f3n que forma parte de su estructura y que cumple la funci\u00f3n de darle soporte a ella y a otros elementos constitutivos, tales como vigas, b\u00f3vedas, dinteles, pilares, columnas...","breadcrumb":{"@id":"https:\/\/www.ferrovial.com\/es\/stem\/muro-de-carga\/#breadcrumb"},"inLanguage":"es","potentialAction":[{"@type":"ReadAction","target":["https:\/\/www.ferrovial.com\/es\/stem\/muro-de-carga\/"]}]},{"@type":"BreadcrumbList","@id":"https:\/\/www.ferrovial.com\/es\/stem\/muro-de-carga\/#breadcrumb","itemListElement":[{"@type":"ListItem","position":1,"name":"Portada","item":"https:\/\/www.ferrovial.com\/es\/"},{"@type":"ListItem","position":2,"name":"STEM","item":"https:\/\/www.ferrovial.com\/es\/stem\/"},{"@type":"ListItem","position":3,"name":"Muro de carga"}]},{"@type":"WebSite","@id":"https:\/\/www.ferrovial.com\/es\/#website","url":"https:\/\/www.ferrovial.com\/es\/","name":"Ferrovial","description":"Welcome to the Ferrovial&#039;s website, global operator of sustainable infrastructure. Here you can find all the information about the company and subsidiaries.","publisher":{"@id":"https:\/\/www.ferrovial.com\/es\/#organization"},"potentialAction":[{"@type":"SearchAction","target":{"@type":"EntryPoint","urlTemplate":"https:\/\/www.ferrovial.com\/es\/?s={search_term_string}"},"query-input":{"@type":"PropertyValueSpecification","valueRequired":true,"valueName":"search_term_string"}}],"inLanguage":"es"},{"@type":"Organization","@id":"https:\/\/www.ferrovial.com\/es\/#organization","name":"Ferrovial S.A.","url":"https:\/\/www.ferrovial.com\/es\/","logo":{"@type":"ImageObject","inLanguage":"es","@id":"https:\/\/www.ferrovial.com\/es\/#\/schema\/logo\/image\/","url":"https:\/\/static.ferrovial.com\/wp-content\/uploads\/2020\/01\/13124948\/logo-ferrovial-cf7.png","contentUrl":"https:\/\/static.ferrovial.com\/wp-content\/uploads\/2020\/01\/13124948\/logo-ferrovial-cf7.png","width":144,"height":32,"caption":"Ferrovial S.A."},"image":{"@id":"https:\/\/www.ferrovial.com\/es\/#\/schema\/logo\/image\/"},"sameAs":["https:\/\/www.facebook.com\/ferrovial","https:\/\/x.com\/ferrovial","https:\/\/www.instagram.com\/ferrovial\/","https:\/\/www.linkedin.com\/company\/ferrovial","https:\/\/www.pinterest.es\/ferrovial\/","https:\/\/www.youtube.com\/ferrovial","https:\/\/en.wikipedia.org\/wiki\/Ferrovial"]}]}},"_links":{"self":[{"href":"https:\/\/www.ferrovial.com\/es\/wp-json\/wp\/v2\/pages\/242545","targetHints":{"allow":["GET"]}}],"collection":[{"href":"https:\/\/www.ferrovial.com\/es\/wp-json\/wp\/v2\/pages"}],"about":[{"href":"https:\/\/www.ferrovial.com\/es\/wp-json\/wp\/v2\/types\/page"}],"replies":[{"embeddable":true,"href":"https:\/\/www.ferrovial.com\/es\/wp-json\/wp\/v2\/comments?post=242545"}],"version-history":[{"count":2,"href":"https:\/\/www.ferrovial.com\/es\/wp-json\/wp\/v2\/pages\/242545\/revisions"}],"predecessor-version":[{"id":244605,"href":"https:\/\/www.ferrovial.com\/es\/wp-json\/wp\/v2\/pages\/242545\/revisions\/244605"}],"up":[{"embeddable":true,"href":"https:\/\/www.ferrovial.com\/es\/wp-json\/wp\/v2\/pages\/227878"}],"wp:attachment":[{"href":"https:\/\/www.ferrovial.com\/es\/wp-json\/wp\/v2\/media?parent=242545"}],"curies":[{"name":"wp","href":"https:\/\/api.w.org\/{rel}","templated":true}]}}