{"id":242549,"date":"2022-11-17T15:20:06","date_gmt":"2022-11-17T14:20:06","guid":{"rendered":"https:\/\/www.ferrovial.com\/?page_id=242549"},"modified":"2024-09-10T15:01:23","modified_gmt":"2024-09-10T13:01:23","slug":"estructura-reticular","status":"publish","type":"page","link":"https:\/\/www.ferrovial.com\/es\/stem\/estructura-reticular\/","title":{"rendered":"Estructura reticular"},"content":{"rendered":"    <m-final-content-header >\n            <c-breadcrumb label-text=\"Breadcrumb\" slot=\"breadcrumbs\" type='2' align='left' wrap='wrapped wrapped' aria-label='Vienes de STEM'>\n                        <ol>\n\n                                                            <li><a href=\"https:\/\/www.ferrovial.com\/es\/\" title=\"Ferrovial\">Ferrovial<\/a><\/li>\n                                                                        <li><a href=\"https:\/\/www.ferrovial.com\/es\/stem\/\" title=\"STEM\">STEM<\/a><\/li>\n                                    \n                <\/ol>\n\n                <\/c-breadcrumb>\n    \n        <div slot=\"header\">\n            <h1>\n                \u00bfQu\u00e9 son las estructuras reticulares?            <\/h1>\n                    <\/div>\n    <\/m-final-content-header>\n\n    \n\n\n<m-wysiwig class=\"wp-block-components-wysiwyg\"><div slot=\"maincontent\">\n<p><script type=\"application\/ld+json\">\n{\n  \"@context\": \"https:\/\/schema.org\",\n  \"@type\": \"FAQPage\",\n  \"mainEntity\": [{\n    \"@type\": \"Question\",\n    \"name\": \"\u00bfQu\u00e9 son las estructuras reticulares?\",\n    \"acceptedAnswer\": {\n      \"@type\": \"Answer\",\n      \"text\": \"Se trata de un t\u00e9rmino gen\u00e9rico que hace referencia a una estructura creada con barras interconectadas en forma de tri\u00e1ngulos para crear una red. Las uniones de las barras se llaman nudos, y estos pueden ser r\u00edgidos o articulados.\"\n    }\n  },{\n    \"@type\": \"Question\",\n    \"name\": \"\u00bfQu\u00e9 diferencia hacen los nudos r\u00edgidos y los articulados en una estructura reticular?\",\n    \"acceptedAnswer\": {\n      \"@type\": \"Answer\",\n      \"text\": \"El tipo de nudo implica una diferencia en cuanto al soporte de cargas, y cada uno es m\u00e1s adecuado seg\u00fan el tipo de estructura que se desee construir. Los nudos articulados solamente soportan el esfuerzo axial; es decir, los esfuerzos de tracci\u00f3n o compresi\u00f3n. Por su parte, los nudos r\u00edgidos permiten que las barras soporten el esfuerzo axil, cortante y el momento flector.\"\n    }\n  },{\n    \"@type\": \"Question\",\n    \"name\": \"\u00bfCu\u00e1les son las principales aplicaciones de las estructuras reticulares?\",\n    \"acceptedAnswer\": {\n      \"@type\": \"Answer\",\n      \"text\": \"Este tipo de estructuras suele asociarse con la construcci\u00f3n de puentes, pero el mismo principio se puede utilizar en el desarrollo de gran cantidad de estructuras y aplicaciones, por ejemplo:\n<ul>\n<li>Forjados reticulares<\/li>\n<li>Torres el\u00e9ctricas<\/li>\n<li>Altura activa<\/li>\n<\/ul>\"\n    }\n  },{\n    \"@type\": \"Question\",\n    \"name\": \"\u00bfCu\u00e1les son las principales ventajas de las estructuras reticulares?\",\n    \"acceptedAnswer\": {\n      \"@type\": \"Answer\",\n      \"text\": \"<ul>\n<li>Permiten aumentar la capacidad de carga de las grandes estructuras sin incrementar el peso muerto.<\/li>\n<li>Sus elementos son capaces de distribuir las cargas que se les aplican en dos direcciones.<\/li>\n<li>Permiten trabajar con elementos de menores dimensiones, haciendo m\u00e1s sencilla la obtenci\u00f3n de algunas materias primas (como la madera), as\u00ed como la producci\u00f3n, transporte y ensamblaje de los elementos.<\/li>\n<\/ul>\"\n    }\n  },{\n    \"@type\": \"Question\",\n    \"name\": \"\u00bfQu\u00e9 factores hay que tomar en cuenta para el dise\u00f1o de una estructura reticular?\",\n    \"acceptedAnswer\": {\n      \"@type\": \"Answer\",\n      \"text\": \"El proyecto de una estructura reticular debe partir de las necesidades y caracter\u00edsticas espec\u00edficas de cada estructura; sin embargo, hay algunos factores que siempre deben considerarse:\n<ul>\n<li>Forma final de la estructura.<\/li>\n<li>C\u00e1lculo geom\u00e9trico de la ret\u00edcula interior.<\/li>\n<li>An\u00e1lisis de las fuerzas externas e internas que debe soportar la estructura.<\/li>\n<li>Caracter\u00edsticas de los materiales de construcci\u00f3n.<\/li>\n<li>Sistema de montaje (necesidad de andamiaje y otras estructuras, as\u00ed como su costo).<\/li>\n<\/ul>\"\n    }\n  },{\n    \"@type\": \"Question\",\n    \"name\": \"\u00bfQu\u00e9 estructuras reticulares famosas hay?\",\n    \"acceptedAnswer\": {\n      \"@type\": \"Answer\",\n      \"text\": \"<ul>\n<li>La Pir\u00e1mide del Museo del Louvre<\/li>\n<li>El Puente Golden Gate<\/li>\n<li>La Torre Eiffel<\/li>\n<\/ul>\"\n    }\n  }]\n}\n<\/script>\n<p>Se trata de un t\u00e9rmino gen\u00e9rico que hace referencia a una estructura creada con <strong>barras interconectadas en forma de tri\u00e1ngulos <\/strong>para crear una red. Las uniones de las barras se llaman <strong><em>nudos<\/em><\/strong>, y estos pueden ser <strong>r\u00edgidos o articulados<\/strong>.<\/p><\/p>\n\n\n\n<p>Tambi\u00e9n son conocidas como <strong>estructura reticulada o de barras<\/strong>.<\/p>\n\n\n\n<h2 class=\"wp-block-heading\"><strong>\u00bfQu\u00e9 diferencia hacen los nudos r\u00edgidos y los articulados en una estructura reticular?<\/strong><\/h2>\n\n\n\n<p>El tipo de nudo implica una diferencia en cuanto al soporte de cargas, y cada uno es m\u00e1s adecuado seg\u00fan el tipo de estructura que se desee construir. Los <strong>nudos articulados<\/strong> solamente soportan el <strong>esfuerzo axial<\/strong>; es decir, los esfuerzos de<strong> tracci\u00f3n o compresi\u00f3n<\/strong>. Por su parte, los <strong>nudos r\u00edgidos<\/strong> permiten que las barras soporten el <strong>esfuerzo axil, cortante y el momento flector<\/strong>.<\/p>\n\n\n\n<h2 class=\"wp-block-heading\"><strong>\u00bfCu\u00e1les son las principales aplicaciones de las estructuras reticulares?<\/strong><\/h2>\n\n\n\n<p>Este tipo de estructuras suele asociarse con la construcci\u00f3n de <strong>puentes<\/strong>, pero el mismo principio se puede utilizar en el desarrollo de gran cantidad de estructuras y aplicaciones, por ejemplo:<\/p>\n\n\n\n<ul class=\"wp-block-list\">\n<li><strong>Forjados reticulares:<\/strong> elementos horizontales estructurales que soportan su propio peso, como techos de construcciones.<\/li>\n\n\n\n<li><strong>Torres el\u00e9ctricas: <\/strong>piezas clave para la distribuci\u00f3n en la <a href=\"https:\/\/www.ferrovial.com\/es\/stem\/distribucion-electrica\/\" target=\"_blank\" rel=\"noreferrer noopener\">red el\u00e9ctrica<\/a>.<\/li>\n\n\n\n<li><strong>Altura activa:<\/strong> un sistema de construcci\u00f3n de grandes rascacielos que en su planificaci\u00f3n de obra y <a href=\"https:\/\/www.ferrovial.com\/es\/stem\/calculo-de-estructuras\/\" target=\"_blank\" rel=\"noreferrer noopener\">c\u00e1lculo de estructuras<\/a> incluye las estructuras reticulares como m\u00e9todo para la distribuci\u00f3n de cargas.<\/li>\n<\/ul>\n\n\n\n<h2 class=\"wp-block-heading\"><strong>\u00bfCu\u00e1les son las principales ventajas de las estructuras reticulares?<\/strong><\/h2>\n\n\n\n<ul class=\"wp-block-list\">\n<li>Permiten <strong>aumentar la capacidad de carga <\/strong>de las grandes estructuras sin incrementar el <strong>peso muerto<\/strong>.<\/li>\n\n\n\n<li>Sus elementos son capaces de <strong>distribuir las cargas <\/strong>que se les aplican <strong>en dos direcciones<\/strong>.<\/li>\n\n\n\n<li>Permiten trabajar con <strong>elementos de menores dimensiones<\/strong>, haciendo m\u00e1s sencilla la obtenci\u00f3n de algunas materias primas (como la madera), as\u00ed como la producci\u00f3n, transporte y ensamblaje de los elementos.<\/li>\n<\/ul>\n\n\n\n<h2 class=\"wp-block-heading\"><strong>\u00bfQu\u00e9 factores hay que tomar en cuenta para el dise\u00f1o de una estructura reticular?<\/strong><\/h2>\n\n\n\n<p>El proyecto de una estructura reticular debe partir de las necesidades y caracter\u00edsticas espec\u00edficas de cada estructura; sin embargo, hay algunos factores que siempre deben considerarse:<\/p>\n\n\n\n<ul class=\"wp-block-list\">\n<li>Forma final de la estructura.<\/li>\n\n\n\n<li>C\u00e1lculo geom\u00e9trico de la ret\u00edcula interior.<\/li>\n\n\n\n<li>An\u00e1lisis de las fuerzas externas e internas que debe soportar la estructura.<\/li>\n\n\n\n<li>Caracter\u00edsticas de los materiales de construcci\u00f3n.<\/li>\n\n\n\n<li>Sistema de montaje (necesidad de andamiaje y otras estructuras, as\u00ed como su costo).<\/li>\n<\/ul>\n\n\n\n<p>Con frecuencia, las estructuras reticulares exig\u00edan la construcci\u00f3n de modelos a escala para el c\u00e1lculo y dimensionamiento de las barras, que eran de dif\u00edcil resoluci\u00f3n con modelos \u00fanicamente te\u00f3ricos. La <strong>tecnolog\u00eda ha aportado una simplificaci\u00f3n en la planificaci\u00f3n <\/strong>de los proyectos gracias a la posibilidad de desarrollar modelos digitales y maquetas con impresi\u00f3n 3D.<\/p>\n\n\n\n<h2 class=\"wp-block-heading\"><strong>\u00bfQu\u00e9 estructuras reticulares famosas hay?<\/strong><\/h2>\n\n\n\n<p>La<strong> Pir\u00e1mide del Museo del Louvre <\/strong>fue dise\u00f1ada por el arquitecto chino-estadounidense Ieoh Ming Pei bajo el encargo del presidente franc\u00e9s Fran\u00e7ois Mitterrand, quien deseaba una entrada luminosa para el museo, cuya forma contrastara con los edificios en torno a ella. Probablemente, la <strong>forma piramidal <\/strong>retoma una idea del arquitecto Louis Ernest Lheureux para el <strong>centenario de la Revoluci\u00f3n Francesa<\/strong>.<\/p>\n\n\n\n<p>La estructura est\u00e1 compuesta por <strong>200 toneladas de aluminio, hierro y vidrio laminado <\/strong>\u2014material utilizado por primera vez en una gran construcci\u00f3n\u2014. Se dise\u00f1\u00f3 para recibir entre 3 y 5 millones de visitantes al a\u00f1o, pero a principios del siglo XXI, el museo estaba recibiendo aproximadamente el doble de visitas, lo que oblig\u00f3 a redise\u00f1ar los sistemas de ingreso.<\/p>\n\n\n\n<p>El <strong>Puente Golden Gate <\/strong>t\u00e9cnicamente se define como <strong>puente colgante<\/strong>, puesto que la plataforma que soporta la carga est\u00e1 colgada de cables de suspensi\u00f3n. Sin embargo, este, como la mayor\u00eda de puentes colgantes, utiliza una <strong>estructura reticular como soporte<\/strong>. Esta estructura minimiza el riesgo de torsi\u00f3n que pueden ocasionar los vientos fuertes.<\/p>\n\n\n\n<p>La <strong>Torre Eiffel <\/strong>es probablemente la estructura reticular m\u00e1s <strong>famosa del mundo<\/strong>. Inicialmente fue construida como una <strong>estructura ef\u00edmera<\/strong>, en ocasi\u00f3n de la Exposici\u00f3n Universal de 1889. Su construcci\u00f3n tom\u00f3 m\u00e1s de dos a\u00f1os, y su tiempo de vida deb\u00eda ser de uno (la duraci\u00f3n de la exposici\u00f3n), pero finalmente se decidi\u00f3 conservarla. Durante m\u00e1s de 40 a\u00f1os, ostent\u00f3 el t\u00edtulo de <strong>la estructura m\u00e1s alta del mundo<\/strong>. Ha desempe\u00f1ado funciones pr\u00e1cticas y est\u00e9ticas. Hoy en d\u00eda sigue siendo <strong>uno de los monumentos m\u00e1s visitados del mundo<\/strong>.<\/p>\n<\/div><\/m-wysiwig>\n","protected":false},"excerpt":{"rendered":"","protected":false},"featured_media":0,"parent":227878,"menu_order":0,"comment_status":"closed","ping_status":"closed","template":"","meta":{"_acf_changed":false,"footnotes":""},"class_list":["post-242549","page","type-page","status-publish","hentry"],"acf":[],"yoast_head":"<!-- This site is optimized with the Yoast SEO plugin v27.2 - https:\/\/yoast.com\/product\/yoast-seo-wordpress\/ -->\n<title>Estructura reticular:principales aplicaciones y ejemplos famosos - Ferrovial<\/title>\n<meta name=\"description\" content=\"Estructura reticular es una estructura creada con barras interconectadas en forma de tri\u00e1ngulos para crear una red.\" \/>\n<meta name=\"robots\" content=\"index, follow, max-snippet:-1, max-image-preview:large, max-video-preview:-1\" \/>\n<link rel=\"canonical\" href=\"https:\/\/www.ferrovial.com\/es\/stem\/estructura-reticular\/\" \/>\n<meta property=\"og:locale\" content=\"es_ES\" \/>\n<meta property=\"og:type\" content=\"article\" \/>\n<meta property=\"og:title\" content=\"Estructura reticular:principales aplicaciones y ejemplos famosos - Ferrovial\" \/>\n<meta property=\"og:description\" content=\"Estructura reticular es una estructura creada con barras interconectadas en forma de tri\u00e1ngulos para crear una red.\" \/>\n<meta property=\"og:url\" content=\"https:\/\/www.ferrovial.com\/es\/stem\/estructura-reticular\/\" \/>\n<meta property=\"og:site_name\" content=\"Ferrovial\" \/>\n<meta property=\"article:publisher\" content=\"https:\/\/www.facebook.com\/ferrovial\" \/>\n<meta property=\"article:modified_time\" content=\"2024-09-10T13:01:23+00:00\" \/>\n<meta name=\"twitter:card\" content=\"summary_large_image\" \/>\n<meta name=\"twitter:site\" content=\"@ferrovial\" \/>\n<meta name=\"twitter:label1\" content=\"Est. reading time\" \/>\n\t<meta name=\"twitter:data1\" content=\"5 minutos\" \/>\n<!-- \/ Yoast SEO plugin. -->","yoast_head_json":{"title":"Estructura reticular:principales aplicaciones y ejemplos famosos - Ferrovial","description":"Estructura reticular es una estructura creada con barras interconectadas en forma de tri\u00e1ngulos para crear una red.","robots":{"index":"index","follow":"follow","max-snippet":"max-snippet:-1","max-image-preview":"max-image-preview:large","max-video-preview":"max-video-preview:-1"},"canonical":"https:\/\/www.ferrovial.com\/es\/stem\/estructura-reticular\/","og_locale":"es_ES","og_type":"article","og_title":"Estructura reticular:principales aplicaciones y ejemplos famosos - Ferrovial","og_description":"Estructura reticular es una estructura creada con barras interconectadas en forma de tri\u00e1ngulos para crear una red.","og_url":"https:\/\/www.ferrovial.com\/es\/stem\/estructura-reticular\/","og_site_name":"Ferrovial","article_publisher":"https:\/\/www.facebook.com\/ferrovial","article_modified_time":"2024-09-10T13:01:23+00:00","twitter_card":"summary_large_image","twitter_site":"@ferrovial","twitter_misc":{"Est. reading time":"5 minutos"},"schema":{"@context":"https:\/\/schema.org","@graph":[{"@type":"WebPage","@id":"https:\/\/www.ferrovial.com\/es\/stem\/estructura-reticular\/","url":"https:\/\/www.ferrovial.com\/es\/stem\/estructura-reticular\/","name":"Estructura reticular:principales aplicaciones y ejemplos famosos - Ferrovial","isPartOf":{"@id":"https:\/\/www.ferrovial.com\/es\/#website"},"datePublished":"2022-11-17T14:20:06+00:00","dateModified":"2024-09-10T13:01:23+00:00","description":"Estructura reticular es una estructura creada con barras interconectadas en forma de tri\u00e1ngulos para crear una red.","breadcrumb":{"@id":"https:\/\/www.ferrovial.com\/es\/stem\/estructura-reticular\/#breadcrumb"},"inLanguage":"es","potentialAction":[{"@type":"ReadAction","target":["https:\/\/www.ferrovial.com\/es\/stem\/estructura-reticular\/"]}]},{"@type":"BreadcrumbList","@id":"https:\/\/www.ferrovial.com\/es\/stem\/estructura-reticular\/#breadcrumb","itemListElement":[{"@type":"ListItem","position":1,"name":"Portada","item":"https:\/\/www.ferrovial.com\/es\/"},{"@type":"ListItem","position":2,"name":"STEM","item":"https:\/\/www.ferrovial.com\/es\/stem\/"},{"@type":"ListItem","position":3,"name":"Estructura reticular"}]},{"@type":"WebSite","@id":"https:\/\/www.ferrovial.com\/es\/#website","url":"https:\/\/www.ferrovial.com\/es\/","name":"Ferrovial","description":"Welcome to the Ferrovial&#039;s website, global operator of sustainable infrastructure. Here you can find all the information about the company and subsidiaries.","publisher":{"@id":"https:\/\/www.ferrovial.com\/es\/#organization"},"potentialAction":[{"@type":"SearchAction","target":{"@type":"EntryPoint","urlTemplate":"https:\/\/www.ferrovial.com\/es\/?s={search_term_string}"},"query-input":{"@type":"PropertyValueSpecification","valueRequired":true,"valueName":"search_term_string"}}],"inLanguage":"es"},{"@type":"Organization","@id":"https:\/\/www.ferrovial.com\/es\/#organization","name":"Ferrovial S.A.","url":"https:\/\/www.ferrovial.com\/es\/","logo":{"@type":"ImageObject","inLanguage":"es","@id":"https:\/\/www.ferrovial.com\/es\/#\/schema\/logo\/image\/","url":"https:\/\/static.ferrovial.com\/wp-content\/uploads\/2020\/01\/13124948\/logo-ferrovial-cf7.png","contentUrl":"https:\/\/static.ferrovial.com\/wp-content\/uploads\/2020\/01\/13124948\/logo-ferrovial-cf7.png","width":144,"height":32,"caption":"Ferrovial S.A."},"image":{"@id":"https:\/\/www.ferrovial.com\/es\/#\/schema\/logo\/image\/"},"sameAs":["https:\/\/www.facebook.com\/ferrovial","https:\/\/x.com\/ferrovial","https:\/\/www.instagram.com\/ferrovial\/","https:\/\/www.linkedin.com\/company\/ferrovial","https:\/\/www.pinterest.es\/ferrovial\/","https:\/\/www.youtube.com\/ferrovial","https:\/\/en.wikipedia.org\/wiki\/Ferrovial"]}]}},"_links":{"self":[{"href":"https:\/\/www.ferrovial.com\/es\/wp-json\/wp\/v2\/pages\/242549","targetHints":{"allow":["GET"]}}],"collection":[{"href":"https:\/\/www.ferrovial.com\/es\/wp-json\/wp\/v2\/pages"}],"about":[{"href":"https:\/\/www.ferrovial.com\/es\/wp-json\/wp\/v2\/types\/page"}],"replies":[{"embeddable":true,"href":"https:\/\/www.ferrovial.com\/es\/wp-json\/wp\/v2\/comments?post=242549"}],"version-history":[{"count":3,"href":"https:\/\/www.ferrovial.com\/es\/wp-json\/wp\/v2\/pages\/242549\/revisions"}],"predecessor-version":[{"id":287940,"href":"https:\/\/www.ferrovial.com\/es\/wp-json\/wp\/v2\/pages\/242549\/revisions\/287940"}],"up":[{"embeddable":true,"href":"https:\/\/www.ferrovial.com\/es\/wp-json\/wp\/v2\/pages\/227878"}],"wp:attachment":[{"href":"https:\/\/www.ferrovial.com\/es\/wp-json\/wp\/v2\/media?parent=242549"}],"curies":[{"name":"wp","href":"https:\/\/api.w.org\/{rel}","templated":true}]}}