{"id":242670,"date":"2022-11-21T09:39:34","date_gmt":"2022-11-21T08:39:34","guid":{"rendered":"https:\/\/www.ferrovial.com\/?page_id=242670"},"modified":"2022-12-09T10:58:57","modified_gmt":"2022-12-09T09:58:57","slug":"escalera-helicoidal","status":"publish","type":"page","link":"https:\/\/www.ferrovial.com\/es\/stem\/escalera-helicoidal\/","title":{"rendered":"Escalera helicoidal"},"content":{"rendered":"    <m-final-content-header >\n            <c-breadcrumb label-text=\"Breadcrumb\" slot=\"breadcrumbs\" type='2' align='left' wrap='wrapped wrapped' aria-label='Vienes de STEM'>\n                        <ol>\n\n                                                            <li><a href=\"https:\/\/www.ferrovial.com\/es\/\" title=\"Ferrovial\">Ferrovial<\/a><\/li>\n                                                                        <li><a href=\"https:\/\/www.ferrovial.com\/es\/stem\/\" title=\"STEM\">STEM<\/a><\/li>\n                                    \n                <\/ol>\n\n                <\/c-breadcrumb>\n    \n        <div slot=\"header\">\n            <h1>\n                \u00bfQu\u00e9 es una escalera helicoidal?            <\/h1>\n                    <\/div>\n    <\/m-final-content-header>\n\n    \n\n\n<m-wysiwig class=\"wp-block-components-wysiwyg\"><div slot=\"maincontent\">\n<script type=\"application\/ld+json\">\n{\n  \"@context\": \"https:\/\/schema.org\",\n  \"@type\": \"FAQPage\",\n  \"mainEntity\": [{\n    \"@type\": \"Question\",\n    \"name\": \"\u00bfQu\u00e9 es una escalera helicoidal?\",\n    \"acceptedAnswer\": {\n      \"@type\": \"Answer\",\n      \"text\": \"Una escalera helicoidal recibe su nombre por la similitud con una h\u00e9lice: suele tener un formato circular y gira en torno a un eje central que permanece vac\u00edo o est\u00e1 ocupado por otros elementos no estructurales de la escalera; esta es la principal diferencia que tiene con la escalera de caracol (cuyos pelda\u00f1os est\u00e1n anclados a un poste central).\"\n    }\n  },{\n    \"@type\": \"Question\",\n    \"name\": \"\u00bfQu\u00e9 factores deben tomarse en cuenta a la hora de proyectar una escalera helicoidal?\",\n    \"acceptedAnswer\": {\n      \"@type\": \"Answer\",\n      \"text\": \"Los tres datos principales que deben conocerse para dise\u00f1ar una escalera helicoidal son:\n<ul>\n<li>La altura que debe salvar la escalera.<\/li>\n<li>El \u00e1ngulo de rotaci\u00f3n.<\/li>\n<li>El di\u00e1metro total de la planta de la escalera.<\/li>\n<\/ul>\"\n    }\n  },{\n    \"@type\": \"Question\",\n    \"name\": \"\u00bfCu\u00e1les son las principales ventajas de una escalera helicoidal?\",\n    \"acceptedAnswer\": {\n      \"@type\": \"Answer\",\n      \"text\": \"<ul>\n<li>Respecto a las escaleras convencionales, las estructuras helicoidales representan un ahorro en el espacio de planteamiento y desarrollo de la escalera.<\/li>\n<li>Las escaleras helicoidales tienen un gran potencial est\u00e9tico, por lo que suelen usarse, no solo como elemento utilitario, sino como elemento caracter\u00edstico en el dise\u00f1o de estructuras.<\/li>\n<li>Adem\u00e1s, la amplitud de posibilidades de su configuraci\u00f3n permite que sea una escalera c\u00f3moda y segura, apta tanto para un \u00e1mbito restringido como para de \u00e1mbito p\u00fablico <\/li>\n<\/ul>\"\n    }\n  },{\n    \"@type\": \"Question\",\n    \"name\": \"\u00bfQu\u00e9 escaleras helicoidales famosas hay?\",\n    \"acceptedAnswer\": {\n      \"@type\": \"Answer\",\n      \"text\": \"Existen por lo menos dos escaleras helicoidales c\u00e9lebres:\n<ul>\n<li>El Pozo Inici\u00e1tico o Torre Invertida de Sintra<\/li>\n<li>Escalera de Bramante en los Museos Vaticanos<\/li>\n<\/ul>\"\n    }\n  }]\n}\n<\/script>\n<p>Una escalera helicoidal recibe su nombre por la similitud con una <strong>h\u00e9lice<\/strong>: suele tener un formato circular y <strong>gira en torno a un eje central<\/strong> <strong>que permanece vac\u00edo<\/strong> o est\u00e1 ocupado por otros elementos no estructurales de la escalera; esta es la principal diferencia que tiene con la <a href=\"https:\/\/www.ferrovial.com\/es\/stem\/escalera-de-caracol\/\" target=\"_blank\" rel=\"noreferrer noopener\">escalera de caracol<\/a> (cuyos pelda\u00f1os est\u00e1n anclados a un poste central).<\/p>\n\n\n\n<p>Sus dimensiones, configuraci\u00f3n y materiales pueden ser muy variados. La <strong>planta de una escalera helicoidal <\/strong>puede ser redonda, ovalada, el\u00edptica o curva.<\/p>\n\n\n\n<h2 class=\"wp-block-heading\"><strong>\u00bfQu\u00e9 factores deben tomarse en cuenta a la hora de proyectar una escalera helicoidal?<\/strong><\/h2>\n\n\n\n<p>Los tres datos principales que deben conocerse para dise\u00f1ar una escalera helicoidal son:<\/p>\n\n\n\n<ul class=\"wp-block-list\"><li>La altura que debe salvar la escalera.<\/li><li>El \u00e1ngulo de rotaci\u00f3n.<\/li><li>El di\u00e1metro total de la planta de la escalera.<\/li><\/ul>\n\n\n\n<p>A partir de ah\u00ed, se debe aplicar la siguiente f\u00f3rmula para conocer el <strong>per\u00edmetro <\/strong>(es decir, la longitud total de la escalera):<\/p>\n\n\n\n<figure class=\"wp-block-image size-full\"><img v-lazy=\"'https:\/\/static.ferrovial.com\/wp-content\/uploads\/2022\/11\/21093947\/formula.jpg'\" alt=\"\" class=\"wp-image-242672\"\/><\/figure>\n\n\n\n<p>De este resultado, dividido entre la distancia vertical que debe salvar la escalera, se desprende el n\u00famero total de <strong>escalones<\/strong>, as\u00ed como sus dimensiones. Se considera que la <strong>l\u00ednea \u00fatil <\/strong>\u2014es decir, el espacio por donde se desplaza el usuario\u2014 se encuentra ubicada a \u2154 del centro.<\/p>\n\n\n\n<h2 class=\"wp-block-heading\"><strong>\u00bfCu\u00e1les son las principales ventajas de una escalera helicoidal?<\/strong><\/h2>\n\n\n\n<p>Respecto a las escaleras convencionales, las estructuras helicoidales representan un <strong>ahorro en el espacio <\/strong>de planteamiento y desarrollo de la escalera. Sin embargo, no se trata de la estructura m\u00e1s ahorrativa. La escalera de caracol necesita menos espacio, pero tambi\u00e9n presenta otros problemas: es menos c\u00f3moda y segura, y puede ser est\u00e9ticamente menos interesante.<\/p>\n\n\n\n<p>Las escaleras helicoidales tienen un gran <strong>potencial est\u00e9tico<\/strong>, por lo que suelen usarse, no solo como elemento utilitario, sino como elemento caracter\u00edstico en el dise\u00f1o de estructuras.<\/p>\n\n\n\n<p>Adem\u00e1s, la amplitud de posibilidades de su configuraci\u00f3n permite que sea una escalera <strong>c\u00f3moda y segura<\/strong>, apta tanto para un <strong>\u00e1mbito restringido <\/strong>(una cantidad limitada de personas en un espacio privado) como para de <strong>\u00e1mbito p\u00fablico <\/strong>(gran tr\u00e1fico de personas).<\/p>\n\n\n\n<h2 class=\"wp-block-heading\"><strong>\u00bfQu\u00e9 escaleras helicoidales famosas hay?<\/strong><\/h2>\n\n\n\n<p>Existen por lo menos dos escaleras helicoidales c\u00e9lebres:<\/p>\n\n\n\n<p><strong>El Pozo Inici\u00e1tico o Torre Invertida de Sintra<\/strong><\/p>\n\n\n\n<p>Se trata de una <strong>estructura subterr\u00e1nea <\/strong>de 27 metros de profundidad ubicada en la <a href=\"https:\/\/www.regaleira.pt\/es\/\" target=\"_blank\" rel=\"noreferrer noopener\">Quinta da Regaleira<\/a>, en Sintra (a pocos kil\u00f3metros de distancia de Lisboa, <strong>Portugal<\/strong>). Est\u00e1 compuesta por 9 plantas (que corresponden a los 9 c\u00edrculos del Infierno de la <em>Comedia <\/em>de Dante), separadas entre ellas por escaleras de 15 escalones cada una.<\/p>\n\n\n\n<p>El Pozo Inici\u00e1tico est\u00e1 lleno de misterios, pero se sabe que fue pensado para ser utilizado en <strong>ritos de iniciaci\u00f3n mas\u00f3nica<\/strong>. Los aspirantes recorr\u00edan una serie de t\u00faneles subterr\u00e1neos sin iluminaci\u00f3n para llegar al fondo del pozo, en cuyo centro se ubica una rosa de los vientos sobre una cruz templaria. Luego, deb\u00edan ascender la escalera helicoidal de la torre hasta emerger en los jardines, simbolizando un renacimiento.<\/p>\n\n\n\n<p><strong>Escalera de Bramante en los Museos Vaticanos<\/strong><\/p>\n\n\n\n<p>Se trata de una <strong>estructura helicoidal continua de tres niveles <\/strong>dise\u00f1ada por Donato Bramante, tras la comisi\u00f3n del Papa Julio II. Su construcci\u00f3n comenz\u00f3 en 1507, y se termin\u00f3 muchos a\u00f1os despu\u00e9s de la muerte del arquitecto (quien falleci\u00f3 7 a\u00f1os despu\u00e9s de haber empezado la obra). T\u00e9cnicamente, esta estructura no es una escalera, pues Bramante la dise\u00f1\u00f3 sin pelda\u00f1os.<\/p>\n\n\n\n<p>En cada uno de sus giros se disponen 8 <strong>columnas de \u00f3rdenes distintos <\/strong>(d\u00f3rico, j\u00f3nico y corintio) que se suceden planta por planta. A medida que se asciende, las columnas tienen una <strong>altura mayor y una anchura menor<\/strong>, creando, junto con la h\u00e9lice, un efecto de <strong>perspectiva din\u00e1mica de ascenso<\/strong>. Simb\u00f3licamente, esto representa la idea de <strong>conexi\u00f3n divina<\/strong>.<\/p>\n\n\n\n<p>A menudo se confunde la Escalera de Bramante con la moderna escalera de doble espiral de Giuseppe Momo, construida en 1932, inspirada en la obra de Bramante. Esta estructura s\u00ed posee escalones, aunque casi imperceptibles. Mientras la escalera de Bramante \u2014que durante siglos ha sido recorrida por algunos de los artistas y personalidades m\u00e1s importantes e influyentes de la historia de la humanidad\u2014 es de acceso restringido y dif\u00edcilmente visitable, la escalera de Momo actualmente est\u00e1 integrada en el recorrido de los <a href=\"https:\/\/www.musei-vaticani.it\/\" target=\"_blank\" rel=\"noreferrer noopener\">Museos Vaticanos<\/a> y es utilizada por cientos de visitantes a diario.<\/p>\n<\/div><\/m-wysiwig>\n","protected":false},"excerpt":{"rendered":"","protected":false},"featured_media":0,"parent":227878,"menu_order":0,"comment_status":"closed","ping_status":"closed","template":"","meta":{"_acf_changed":false,"footnotes":""},"class_list":["post-242670","page","type-page","status-publish","hentry"],"acf":[],"yoast_head":"<!-- This site is optimized with the Yoast SEO plugin v27.2 - https:\/\/yoast.com\/product\/yoast-seo-wordpress\/ -->\n<title>Escalera helicoidal: qu\u00e9 es, factores a tener en cuenta, ventajas... - Ferrovial<\/title>\n<meta name=\"description\" content=\"Una escalera helicoidal recibe su nombre por la similitud con una h\u00e9lice: suele tener un formato circular y gira en torno a un eje central que permanece vac\u00edo o est\u00e1 ocupado por otros elementos no estructurales de la escalera.\" \/>\n<meta name=\"robots\" content=\"index, follow, max-snippet:-1, max-image-preview:large, max-video-preview:-1\" \/>\n<link rel=\"canonical\" href=\"https:\/\/www.ferrovial.com\/es\/stem\/escalera-helicoidal\/\" \/>\n<meta property=\"og:locale\" content=\"es_ES\" \/>\n<meta property=\"og:type\" content=\"article\" \/>\n<meta property=\"og:title\" content=\"Escalera helicoidal: qu\u00e9 es, factores a tener en cuenta, ventajas... - Ferrovial\" \/>\n<meta property=\"og:description\" content=\"Una escalera helicoidal recibe su nombre por la similitud con una h\u00e9lice: suele tener un formato circular y gira en torno a un eje central que permanece vac\u00edo o est\u00e1 ocupado por otros elementos no estructurales de la escalera.\" \/>\n<meta property=\"og:url\" content=\"https:\/\/www.ferrovial.com\/es\/stem\/escalera-helicoidal\/\" \/>\n<meta property=\"og:site_name\" content=\"Ferrovial\" \/>\n<meta property=\"article:publisher\" content=\"https:\/\/www.facebook.com\/ferrovial\" \/>\n<meta property=\"article:modified_time\" content=\"2022-12-09T09:58:57+00:00\" \/>\n<meta property=\"og:image\" content=\"https:\/\/www.ferrovial.com\/wp-content\/uploads\/2022\/11\/formula.jpg\" \/>\n<meta name=\"twitter:card\" content=\"summary_large_image\" \/>\n<meta name=\"twitter:site\" content=\"@ferrovial\" \/>\n<meta name=\"twitter:label1\" content=\"Est. reading time\" \/>\n\t<meta name=\"twitter:data1\" content=\"5 minutos\" \/>\n<!-- \/ Yoast SEO plugin. -->","yoast_head_json":{"title":"Escalera helicoidal: qu\u00e9 es, factores a tener en cuenta, ventajas... - Ferrovial","description":"Una escalera helicoidal recibe su nombre por la similitud con una h\u00e9lice: suele tener un formato circular y gira en torno a un eje central que permanece vac\u00edo o est\u00e1 ocupado por otros elementos no estructurales de la escalera.","robots":{"index":"index","follow":"follow","max-snippet":"max-snippet:-1","max-image-preview":"max-image-preview:large","max-video-preview":"max-video-preview:-1"},"canonical":"https:\/\/www.ferrovial.com\/es\/stem\/escalera-helicoidal\/","og_locale":"es_ES","og_type":"article","og_title":"Escalera helicoidal: qu\u00e9 es, factores a tener en cuenta, ventajas... - Ferrovial","og_description":"Una escalera helicoidal recibe su nombre por la similitud con una h\u00e9lice: suele tener un formato circular y gira en torno a un eje central que permanece vac\u00edo o est\u00e1 ocupado por otros elementos no estructurales de la escalera.","og_url":"https:\/\/www.ferrovial.com\/es\/stem\/escalera-helicoidal\/","og_site_name":"Ferrovial","article_publisher":"https:\/\/www.facebook.com\/ferrovial","article_modified_time":"2022-12-09T09:58:57+00:00","og_image":[{"url":"https:\/\/www.ferrovial.com\/wp-content\/uploads\/2022\/11\/formula.jpg","type":"","width":"","height":""}],"twitter_card":"summary_large_image","twitter_site":"@ferrovial","twitter_misc":{"Est. reading time":"5 minutos"},"schema":{"@context":"https:\/\/schema.org","@graph":[{"@type":"WebPage","@id":"https:\/\/www.ferrovial.com\/es\/stem\/escalera-helicoidal\/","url":"https:\/\/www.ferrovial.com\/es\/stem\/escalera-helicoidal\/","name":"Escalera helicoidal: qu\u00e9 es, factores a tener en cuenta, ventajas... - Ferrovial","isPartOf":{"@id":"https:\/\/www.ferrovial.com\/es\/#website"},"primaryImageOfPage":{"@id":"https:\/\/www.ferrovial.com\/es\/stem\/escalera-helicoidal\/#primaryimage"},"image":{"@id":"https:\/\/www.ferrovial.com\/es\/stem\/escalera-helicoidal\/#primaryimage"},"thumbnailUrl":"https:\/\/www.ferrovial.com\/wp-content\/uploads\/2022\/11\/formula.jpg","datePublished":"2022-11-21T08:39:34+00:00","dateModified":"2022-12-09T09:58:57+00:00","description":"Una escalera helicoidal recibe su nombre por la similitud con una h\u00e9lice: suele tener un formato circular y gira en torno a un eje central que permanece vac\u00edo o est\u00e1 ocupado por otros elementos no estructurales de la escalera.","breadcrumb":{"@id":"https:\/\/www.ferrovial.com\/es\/stem\/escalera-helicoidal\/#breadcrumb"},"inLanguage":"es","potentialAction":[{"@type":"ReadAction","target":["https:\/\/www.ferrovial.com\/es\/stem\/escalera-helicoidal\/"]}]},{"@type":"ImageObject","inLanguage":"es","@id":"https:\/\/www.ferrovial.com\/es\/stem\/escalera-helicoidal\/#primaryimage","url":"https:\/\/www.ferrovial.com\/wp-content\/uploads\/2022\/11\/formula.jpg","contentUrl":"https:\/\/www.ferrovial.com\/wp-content\/uploads\/2022\/11\/formula.jpg"},{"@type":"BreadcrumbList","@id":"https:\/\/www.ferrovial.com\/es\/stem\/escalera-helicoidal\/#breadcrumb","itemListElement":[{"@type":"ListItem","position":1,"name":"Portada","item":"https:\/\/www.ferrovial.com\/es\/"},{"@type":"ListItem","position":2,"name":"STEM","item":"https:\/\/www.ferrovial.com\/es\/stem\/"},{"@type":"ListItem","position":3,"name":"Escalera helicoidal"}]},{"@type":"WebSite","@id":"https:\/\/www.ferrovial.com\/es\/#website","url":"https:\/\/www.ferrovial.com\/es\/","name":"Ferrovial","description":"Welcome to the Ferrovial&#039;s website, global operator of sustainable infrastructure. Here you can find all the information about the company and subsidiaries.","publisher":{"@id":"https:\/\/www.ferrovial.com\/es\/#organization"},"potentialAction":[{"@type":"SearchAction","target":{"@type":"EntryPoint","urlTemplate":"https:\/\/www.ferrovial.com\/es\/?s={search_term_string}"},"query-input":{"@type":"PropertyValueSpecification","valueRequired":true,"valueName":"search_term_string"}}],"inLanguage":"es"},{"@type":"Organization","@id":"https:\/\/www.ferrovial.com\/es\/#organization","name":"Ferrovial S.A.","url":"https:\/\/www.ferrovial.com\/es\/","logo":{"@type":"ImageObject","inLanguage":"es","@id":"https:\/\/www.ferrovial.com\/es\/#\/schema\/logo\/image\/","url":"https:\/\/static.ferrovial.com\/wp-content\/uploads\/2020\/01\/13124948\/logo-ferrovial-cf7.png","contentUrl":"https:\/\/static.ferrovial.com\/wp-content\/uploads\/2020\/01\/13124948\/logo-ferrovial-cf7.png","width":144,"height":32,"caption":"Ferrovial S.A."},"image":{"@id":"https:\/\/www.ferrovial.com\/es\/#\/schema\/logo\/image\/"},"sameAs":["https:\/\/www.facebook.com\/ferrovial","https:\/\/x.com\/ferrovial","https:\/\/www.instagram.com\/ferrovial\/","https:\/\/www.linkedin.com\/company\/ferrovial","https:\/\/www.pinterest.es\/ferrovial\/","https:\/\/www.youtube.com\/ferrovial","https:\/\/en.wikipedia.org\/wiki\/Ferrovial"]}]}},"_links":{"self":[{"href":"https:\/\/www.ferrovial.com\/es\/wp-json\/wp\/v2\/pages\/242670","targetHints":{"allow":["GET"]}}],"collection":[{"href":"https:\/\/www.ferrovial.com\/es\/wp-json\/wp\/v2\/pages"}],"about":[{"href":"https:\/\/www.ferrovial.com\/es\/wp-json\/wp\/v2\/types\/page"}],"replies":[{"embeddable":true,"href":"https:\/\/www.ferrovial.com\/es\/wp-json\/wp\/v2\/comments?post=242670"}],"version-history":[{"count":3,"href":"https:\/\/www.ferrovial.com\/es\/wp-json\/wp\/v2\/pages\/242670\/revisions"}],"predecessor-version":[{"id":244609,"href":"https:\/\/www.ferrovial.com\/es\/wp-json\/wp\/v2\/pages\/242670\/revisions\/244609"}],"up":[{"embeddable":true,"href":"https:\/\/www.ferrovial.com\/es\/wp-json\/wp\/v2\/pages\/227878"}],"wp:attachment":[{"href":"https:\/\/www.ferrovial.com\/es\/wp-json\/wp\/v2\/media?parent=242670"}],"curies":[{"name":"wp","href":"https:\/\/api.w.org\/{rel}","templated":true}]}}