{"id":242684,"date":"2022-11-21T10:09:48","date_gmt":"2022-11-21T09:09:48","guid":{"rendered":"https:\/\/www.ferrovial.com\/?page_id=242684"},"modified":"2022-12-09T11:19:49","modified_gmt":"2022-12-09T10:19:49","slug":"escalera-compensada","status":"publish","type":"page","link":"https:\/\/www.ferrovial.com\/es\/stem\/escalera-compensada\/","title":{"rendered":"Escalera compensada"},"content":{"rendered":"    <m-final-content-header >\n            <c-breadcrumb label-text=\"Breadcrumb\" slot=\"breadcrumbs\" type='2' align='left' wrap='wrapped wrapped' aria-label='Vienes de STEM'>\n                        <ol>\n\n                                                            <li><a href=\"https:\/\/www.ferrovial.com\/es\/\" title=\"Ferrovial\">Ferrovial<\/a><\/li>\n                                                                        <li><a href=\"https:\/\/www.ferrovial.com\/es\/stem\/\" title=\"STEM\">STEM<\/a><\/li>\n                                    \n                <\/ol>\n\n                <\/c-breadcrumb>\n    \n        <div slot=\"header\">\n            <h1>\n                \u00bfQu\u00e9 es una escalera compensada?            <\/h1>\n                    <\/div>\n    <\/m-final-content-header>\n\n    \n\n\n<m-wysiwig class=\"wp-block-components-wysiwyg\"><div slot=\"maincontent\">\n<script type=\"application\/ld+json\">\n{\n  \"@context\": \"https:\/\/schema.org\",\n  \"@type\": \"FAQPage\",\n  \"mainEntity\": [{\n    \"@type\": \"Question\",\n    \"name\": \"\u00bfQu\u00e9 es una escalera compensada?\",\n    \"acceptedAnswer\": {\n      \"@type\": \"Answer\",\n      \"text\": \"Una escalera compensada es un tipo de escalera mixta (que combina tramos rectos y curvos) sin descansillos, mesetas o rellanos; es decir, los giros de la escalera se aprovechan para a\u00f1adir pelda\u00f1os o escalones, acortando as\u00ed el desarrollo de la escalera.\"\n    }\n  },{\n    \"@type\": \"Question\",\n    \"name\": \"\u00bfQu\u00e9 tipos de escaleras compensadas existen?\",\n    \"acceptedAnswer\": {\n      \"@type\": \"Answer\",\n      \"text\": \"Las escaleras compensadas pueden ser muy distintas entre ellas, pero se pueden distinguir dos tipos:\n<ol>\n<li>Escaleras de media vuelta: tienen un giro de 180\u00ba.<\/li>\n<li>Escaletas de un cuarto de vuelta: tienen un giro de 90\u00ba.<\/li>\n<\/ol>\"\n    }\n  },{\n    \"@type\": \"Question\",\n    \"name\": \"\u00bfCu\u00e1les son las ventajas y desventajas de una escalera compensada?\",\n    \"acceptedAnswer\": {\n      \"@type\": \"Answer\",\n      \"text\": \"<ul>\n<li>La principal ventaja de una escalera compensada es el ahorro de espacio. Tambi\u00e9n se trata de una escalera muy vers\u00e1til desde el punto de vista pr\u00e1ctico y est\u00e9tico.<\/li>\n<li>La principal desventaja es la dificultad en el c\u00e1lculo de su estructura.<\/li>\n<\/ul>\nOtras posibles desventajas son parecidas a las de la escalera de caracol:\n<ul>\n<li>Si el lado m\u00e1s estrecho de los pelda\u00f1os en \u00e1ngulo es demasiado peque\u00f1o para permitir la circulaci\u00f3n, la escalera funcionar\u00e1 en un \u00fanico sentido, porque no ser\u00e1 posible que dos personas que van en direcciones opuestas la utilicen a la vez. Por tanto, en ese caso, no podr\u00eda ser una escalera de mucho tr\u00e1nsito.<\/li>\n<li>Seg\u00fan la forma de la escalera y el \u00e1ngulo de giro, la escalera podr\u00eda ser inc\u00f3moda para personas de mayor estatura.<\/li>\"\n    }\n  },{\n    \"@type\": \"Question\",\n    \"name\": \"\u00bfCu\u00e1les son las principales normas de seguridad que debe cumplir una escalera compensada?\",\n    \"acceptedAnswer\": {\n      \"@type\": \"Answer\",\n      \"text\": \"Como sucede con todas las normas de seguridad, estas var\u00edan seg\u00fan el pa\u00eds, el tiempo y la naturaleza de cada construcci\u00f3n. Sin embargo, las normas generales para la fabricaci\u00f3n de escaleras compensadas tienen que ver con los siguientes aspectos:\n<ul>\n<li>Anchura de los tramos.<\/li>\n<li>Anchura m\u00e1xima y m\u00ednima de la huella en tramos curvos.<\/li>\n<li>Tama\u00f1o m\u00ednimo del ojo de escalera.<\/li>\n<li>Distancia a compensar respecto al \u00e1mbito de la escalera.<\/li>\n<li>Pendiente.<\/li>\n<li>Relaci\u00f3n de huella y contrahuella.<\/li>\n<\/ul>\"\n    }\n  },{\n    \"@type\": \"Question\",\n    \"name\": \"\u00bfQu\u00e9 son huella y contrahuella en una escalera?\",\n    \"acceptedAnswer\": {\n      \"@type\": \"Answer\",\n      \"text\": \"La huella es la profundidad del pelda\u00f1o; es decir, el espacio disponible para poner el pie. La contrahuella, por su parte, es la altura del pelda\u00f1o; es decir la distancia a la que se debe elevar el pie para subir al siguiente pelda\u00f1o.\"\n    }\n  }]\n}\n<\/script>\n<p>Una escalera compensada es un tipo de escalera mixta (que combina tramos rectos y curvos) <strong>sin descansillos<\/strong>, mesetas o rellanos; es decir, <strong>los giros de la escalera <\/strong>se aprovechan para <strong>a\u00f1adir pelda\u00f1os <\/strong>o escalones, acortando as\u00ed el desarrollo de la escalera.<\/p>\n\n\n\n<h2 class=\"wp-block-heading\"><strong>\u00bfQu\u00e9 tipos de escaleras compensadas existen?<\/strong><\/h2>\n\n\n\n<p>Las escaleras compensadas pueden ser muy distintas entre ellas, pero se pueden distinguir dos tipos:<\/p>\n\n\n\n<ol class=\"wp-block-list\"><li><strong>Escaleras de media vuelta:<\/strong> tienen un giro de 180\u00ba.<\/li><li><strong>Escaletas de un cuarto de vuelta:<\/strong> tienen un giro de 90\u00ba.<\/li><\/ol>\n\n\n\n<p>Es en estos giros, que en otros tipos de escaleras se dedicar\u00edan a un descansillo, donde se ubicar\u00e1n los pelda\u00f1os extra.<\/p>\n\n\n\n<h2 class=\"wp-block-heading\"><strong>\u00bfCu\u00e1les son las ventajas y desventajas de una escalera compensada?<\/strong><\/h2>\n\n\n\n<p>La principal <strong>ventaja <\/strong>de una escalera compensada es el <strong>ahorro de espacio<\/strong>, dado que en los espacios de giro tambi\u00e9n se necesita una menor longitud de la escalera para cubrir la misma distancia de ascenso y descenso. Tambi\u00e9n se trata de una escalera <strong>muy vers\u00e1til <\/strong>desde el punto de vista pr\u00e1ctico y est\u00e9tico.<\/p>\n\n\n\n<p>La principal <strong>desventaja<\/strong> es la dificultad en el c\u00e1lculo de su estructura. Como cualquier otra escalera, la compensada debe respetar los par\u00e1metros establecidos por el C\u00f3digo T\u00e9cnico de Edificaci\u00f3n (CTE), seg\u00fan los cuales ser\u00e1 posible que la escalera sea de <strong>\u00e1mbito restringido <\/strong>(es decir, que ser\u00e1 utilizada por una cantidad limitada de personas y se ubicar\u00e1 prevalentemente en un espacio privado) o de <strong>\u00e1mbito p\u00fablico<\/strong>. En cualquier caso, para que la escalera sea considerada <strong>segura<\/strong>, debe cumplir con una serie de <strong>medidas t\u00e9cnicas <\/strong>relacionadas con la pendiente, los \u00e1ngulos, las alturas, los pelda\u00f1os, etc.<\/p>\n\n\n\n<p>Otras <strong>posibles desventajas <\/strong>son parecidas a las de la escalera de caracol:<\/p>\n\n\n\n<ul class=\"wp-block-list\"><li>Si el lado m\u00e1s estrecho de los pelda\u00f1os en \u00e1ngulo es demasiado peque\u00f1o para permitir la circulaci\u00f3n, la escalera <strong>funcionar\u00e1 en un \u00fanico sentido<\/strong>, porque no ser\u00e1 posible que dos personas que van en direcciones opuestas la utilicen a la vez. Por tanto, en ese caso, no podr\u00eda ser una escalera de mucho tr\u00e1nsito.<\/li><li>Seg\u00fan la forma de la escalera y el \u00e1ngulo de giro, la escalera podr\u00eda ser <strong>inc\u00f3moda para personas de mayor estatura<\/strong>.<\/li><\/ul>\n\n\n\n<p>Una <strong>ventaja <\/strong>de este tipo de escaleras es su <strong>potencial est\u00e9tico<\/strong>. En el caso de la <strong>escalera compensada vista<\/strong>, se puede jugar con las formas de los pelda\u00f1os, as\u00ed como con los materiales de la estructura de soporte y las barandillas para crear <strong>composiciones creativas<\/strong>. Por otro lado, la <strong>escalera compensada forrada<\/strong>, gracias a la combinaci\u00f3n de formas rectas y curvas y a la torsi\u00f3n de su recubrimiento inferior, ofrece <strong>formas fluidas y din\u00e1micas <\/strong>que tienen un gran atractivo visual y que pueden combinarse de maneras distintas tanto con entornos <strong>minimalistas <\/strong>como con otros ambientes m\u00e1s cl\u00e1sicos.<\/p>\n\n\n\n<h2 class=\"wp-block-heading\"><strong>\u00bfCu\u00e1les son las principales normas de seguridad que debe cumplir una escalera compensada?<\/strong><\/h2>\n\n\n\n<p>Como sucede con todas las normas de seguridad, estas <strong>var\u00edan seg\u00fan el pa\u00eds<\/strong>, el tiempo y la <strong>naturaleza de cada construcci\u00f3n <\/strong>(p\u00fablica, privada, de uso masivo, etc.). Sin embargo, las normas generales para la fabricaci\u00f3n de escaleras compensadas tienen que ver con los siguientes aspectos:<\/p>\n\n\n\n<ul class=\"wp-block-list\"><li>Anchura de los tramos.<\/li><li>Anchura m\u00e1xima y m\u00ednima de la huella en tramos curvos.<\/li><li>Tama\u00f1o m\u00ednimo del ojo de escalera.<\/li><li>Distancia a compensar respecto al \u00e1mbito de la escalera.<\/li><li>Pendiente.<\/li><li>Relaci\u00f3n de huella y contrahuella.<\/li><\/ul>\n\n\n\n<h2 class=\"wp-block-heading\"><strong>\u00bfQu\u00e9 son <\/strong><strong><em>huella <\/em><\/strong><strong>y <\/strong><strong><em>contrahuella <\/em><\/strong><strong>en una escalera?<\/strong><\/h2>\n\n\n\n<p>La <strong>huella <\/strong>es la <strong>profundidad del pelda\u00f1o<\/strong>; es decir, el espacio disponible para poner el pie. La <strong>contrahuella<\/strong>, por su parte, es la <strong>altura del pelda\u00f1o<\/strong>; es decir la distancia a la que se debe elevar el pie para subir al siguiente pelda\u00f1o.<\/p>\n\n\n\n<p>Al momento de proyectar una escalera, la <strong>altura <\/strong>a superar se divide entre las contrahuellas, mientras que la <strong>distancia <\/strong>a recorrer se reparte entre las huellas. La relaci\u00f3n entre estas dar\u00e1 como resultado la <strong>pendiente <\/strong>de la escalera.<\/p>\n<\/div><\/m-wysiwig>\n","protected":false},"excerpt":{"rendered":"","protected":false},"featured_media":0,"parent":227878,"menu_order":0,"comment_status":"closed","ping_status":"closed","template":"","meta":{"_acf_changed":false,"footnotes":""},"class_list":["post-242684","page","type-page","status-publish","hentry"],"acf":[],"yoast_head":"<!-- This site is optimized with the Yoast SEO plugin v27.2 - https:\/\/yoast.com\/product\/yoast-seo-wordpress\/ -->\n<title>Escalera compensada: qu\u00e9 es, tipos, ventajas y desventajas... - Ferrovial<\/title>\n<meta name=\"description\" content=\"Una escalera compensada es un tipo de escalera mixta sin descansillos, mesetas o rellanos; es decir, los giros de la escalera se aprovechan para a\u00f1adir pelda\u00f1os o escalones, acortando as\u00ed el desarrollo de la escalera.\" \/>\n<meta name=\"robots\" content=\"index, follow, max-snippet:-1, max-image-preview:large, max-video-preview:-1\" \/>\n<link rel=\"canonical\" href=\"https:\/\/www.ferrovial.com\/es\/stem\/escalera-compensada\/\" \/>\n<meta property=\"og:locale\" content=\"es_ES\" \/>\n<meta property=\"og:type\" content=\"article\" \/>\n<meta property=\"og:title\" content=\"Escalera compensada: qu\u00e9 es, tipos, ventajas y desventajas... - Ferrovial\" \/>\n<meta property=\"og:description\" content=\"Una escalera compensada es un tipo de escalera mixta sin descansillos, mesetas o rellanos; es decir, los giros de la escalera se aprovechan para a\u00f1adir pelda\u00f1os o escalones, acortando as\u00ed el desarrollo de la escalera.\" \/>\n<meta property=\"og:url\" content=\"https:\/\/www.ferrovial.com\/es\/stem\/escalera-compensada\/\" \/>\n<meta property=\"og:site_name\" content=\"Ferrovial\" \/>\n<meta property=\"article:publisher\" content=\"https:\/\/www.facebook.com\/ferrovial\" \/>\n<meta property=\"article:modified_time\" content=\"2022-12-09T10:19:49+00:00\" \/>\n<meta name=\"twitter:card\" content=\"summary_large_image\" \/>\n<meta name=\"twitter:site\" content=\"@ferrovial\" \/>\n<meta name=\"twitter:label1\" content=\"Est. reading time\" \/>\n\t<meta name=\"twitter:data1\" content=\"5 minutos\" \/>\n<!-- \/ Yoast SEO plugin. -->","yoast_head_json":{"title":"Escalera compensada: qu\u00e9 es, tipos, ventajas y desventajas... - Ferrovial","description":"Una escalera compensada es un tipo de escalera mixta sin descansillos, mesetas o rellanos; es decir, los giros de la escalera se aprovechan para a\u00f1adir pelda\u00f1os o escalones, acortando as\u00ed el desarrollo de la escalera.","robots":{"index":"index","follow":"follow","max-snippet":"max-snippet:-1","max-image-preview":"max-image-preview:large","max-video-preview":"max-video-preview:-1"},"canonical":"https:\/\/www.ferrovial.com\/es\/stem\/escalera-compensada\/","og_locale":"es_ES","og_type":"article","og_title":"Escalera compensada: qu\u00e9 es, tipos, ventajas y desventajas... - Ferrovial","og_description":"Una escalera compensada es un tipo de escalera mixta sin descansillos, mesetas o rellanos; es decir, los giros de la escalera se aprovechan para a\u00f1adir pelda\u00f1os o escalones, acortando as\u00ed el desarrollo de la escalera.","og_url":"https:\/\/www.ferrovial.com\/es\/stem\/escalera-compensada\/","og_site_name":"Ferrovial","article_publisher":"https:\/\/www.facebook.com\/ferrovial","article_modified_time":"2022-12-09T10:19:49+00:00","twitter_card":"summary_large_image","twitter_site":"@ferrovial","twitter_misc":{"Est. reading time":"5 minutos"},"schema":{"@context":"https:\/\/schema.org","@graph":[{"@type":"WebPage","@id":"https:\/\/www.ferrovial.com\/es\/stem\/escalera-compensada\/","url":"https:\/\/www.ferrovial.com\/es\/stem\/escalera-compensada\/","name":"Escalera compensada: qu\u00e9 es, tipos, ventajas y desventajas... - Ferrovial","isPartOf":{"@id":"https:\/\/www.ferrovial.com\/es\/#website"},"datePublished":"2022-11-21T09:09:48+00:00","dateModified":"2022-12-09T10:19:49+00:00","description":"Una escalera compensada es un tipo de escalera mixta sin descansillos, mesetas o rellanos; es decir, los giros de la escalera se aprovechan para a\u00f1adir pelda\u00f1os o escalones, acortando as\u00ed el desarrollo de la escalera.","breadcrumb":{"@id":"https:\/\/www.ferrovial.com\/es\/stem\/escalera-compensada\/#breadcrumb"},"inLanguage":"es","potentialAction":[{"@type":"ReadAction","target":["https:\/\/www.ferrovial.com\/es\/stem\/escalera-compensada\/"]}]},{"@type":"BreadcrumbList","@id":"https:\/\/www.ferrovial.com\/es\/stem\/escalera-compensada\/#breadcrumb","itemListElement":[{"@type":"ListItem","position":1,"name":"Portada","item":"https:\/\/www.ferrovial.com\/es\/"},{"@type":"ListItem","position":2,"name":"STEM","item":"https:\/\/www.ferrovial.com\/es\/stem\/"},{"@type":"ListItem","position":3,"name":"Escalera compensada"}]},{"@type":"WebSite","@id":"https:\/\/www.ferrovial.com\/es\/#website","url":"https:\/\/www.ferrovial.com\/es\/","name":"Ferrovial","description":"Welcome to the Ferrovial&#039;s website, global operator of sustainable infrastructure. Here you can find all the information about the company and subsidiaries.","publisher":{"@id":"https:\/\/www.ferrovial.com\/es\/#organization"},"potentialAction":[{"@type":"SearchAction","target":{"@type":"EntryPoint","urlTemplate":"https:\/\/www.ferrovial.com\/es\/?s={search_term_string}"},"query-input":{"@type":"PropertyValueSpecification","valueRequired":true,"valueName":"search_term_string"}}],"inLanguage":"es"},{"@type":"Organization","@id":"https:\/\/www.ferrovial.com\/es\/#organization","name":"Ferrovial S.A.","url":"https:\/\/www.ferrovial.com\/es\/","logo":{"@type":"ImageObject","inLanguage":"es","@id":"https:\/\/www.ferrovial.com\/es\/#\/schema\/logo\/image\/","url":"https:\/\/static.ferrovial.com\/wp-content\/uploads\/2020\/01\/13124948\/logo-ferrovial-cf7.png","contentUrl":"https:\/\/static.ferrovial.com\/wp-content\/uploads\/2020\/01\/13124948\/logo-ferrovial-cf7.png","width":144,"height":32,"caption":"Ferrovial S.A."},"image":{"@id":"https:\/\/www.ferrovial.com\/es\/#\/schema\/logo\/image\/"},"sameAs":["https:\/\/www.facebook.com\/ferrovial","https:\/\/x.com\/ferrovial","https:\/\/www.instagram.com\/ferrovial\/","https:\/\/www.linkedin.com\/company\/ferrovial","https:\/\/www.pinterest.es\/ferrovial\/","https:\/\/www.youtube.com\/ferrovial","https:\/\/en.wikipedia.org\/wiki\/Ferrovial"]}]}},"_links":{"self":[{"href":"https:\/\/www.ferrovial.com\/es\/wp-json\/wp\/v2\/pages\/242684","targetHints":{"allow":["GET"]}}],"collection":[{"href":"https:\/\/www.ferrovial.com\/es\/wp-json\/wp\/v2\/pages"}],"about":[{"href":"https:\/\/www.ferrovial.com\/es\/wp-json\/wp\/v2\/types\/page"}],"replies":[{"embeddable":true,"href":"https:\/\/www.ferrovial.com\/es\/wp-json\/wp\/v2\/comments?post=242684"}],"version-history":[{"count":3,"href":"https:\/\/www.ferrovial.com\/es\/wp-json\/wp\/v2\/pages\/242684\/revisions"}],"predecessor-version":[{"id":244610,"href":"https:\/\/www.ferrovial.com\/es\/wp-json\/wp\/v2\/pages\/242684\/revisions\/244610"}],"up":[{"embeddable":true,"href":"https:\/\/www.ferrovial.com\/es\/wp-json\/wp\/v2\/pages\/227878"}],"wp:attachment":[{"href":"https:\/\/www.ferrovial.com\/es\/wp-json\/wp\/v2\/media?parent=242684"}],"curies":[{"name":"wp","href":"https:\/\/api.w.org\/{rel}","templated":true}]}}