{"id":242687,"date":"2022-11-21T10:23:43","date_gmt":"2022-11-21T09:23:43","guid":{"rendered":"https:\/\/www.ferrovial.com\/?page_id=242687"},"modified":"2022-12-09T11:27:36","modified_gmt":"2022-12-09T10:27:36","slug":"transformadores","status":"publish","type":"page","link":"https:\/\/www.ferrovial.com\/es\/stem\/transformadores\/","title":{"rendered":"Transformadores"},"content":{"rendered":"    <m-final-content-header >\n            <c-breadcrumb label-text=\"Breadcrumb\" slot=\"breadcrumbs\" type='2' align='left' wrap='wrapped wrapped' aria-label='Vienes de STEM'>\n                        <ol>\n\n                                                            <li><a href=\"https:\/\/www.ferrovial.com\/es\/\" title=\"Ferrovial\">Ferrovial<\/a><\/li>\n                                                                        <li><a href=\"https:\/\/www.ferrovial.com\/es\/stem\/\" title=\"STEM\">STEM<\/a><\/li>\n                                    \n                <\/ol>\n\n                <\/c-breadcrumb>\n    \n        <div slot=\"header\">\n            <h1>\n                \u00bfQu\u00e9 es un transformador?            <\/h1>\n                    <\/div>\n    <\/m-final-content-header>\n\n    \n\n\n<m-wysiwig class=\"wp-block-components-wysiwyg\"><div slot=\"maincontent\">\n<script type=\"application\/ld+json\">\n{\n  \"@context\": \"https:\/\/schema.org\",\n  \"@type\": \"FAQPage\",\n  \"mainEntity\": [{\n    \"@type\": \"Question\",\n    \"name\": \"\u00bfQu\u00e9 es un transformador?\",\n    \"acceptedAnswer\": {\n      \"@type\": \"Answer\",\n      \"text\": \"Los transformadores son elementos el\u00e9ctricos cruciales para la distribuci\u00f3n y el aprovechamiento dom\u00e9stico de la energ\u00eda el\u00e9ctrica. Los transformadores aumentan o disminuyen la tensi\u00f3n de una corriente alterna, pero te\u00f3ricamente no cambian su potencia.\"\n    }\n  },{\n    \"@type\": \"Question\",\n    \"name\": \"\u00bfQu\u00e9 elementos componen un transformador?\",\n    \"acceptedAnswer\": {\n      \"@type\": \"Answer\",\n      \"text\": \"<ol>\n<li>N\u00facleo: es el centro del transformador.<\/li>\n<li>Bobinas: normalmente est\u00e1n compuestas por hilos de cobre enrollados alrededor del n\u00facleo. Son las que producen el cambio de voltaje.<\/li>\n<li>Aislantes: los elementos de un transformador (n\u00facleo, devanado primario y devanado secundario, y cada espira) se encuentran separados entre s\u00ed por un aislante, debido a que cada uno de ellos tiene tensiones diferentes.<\/li>\n<\/ol>\nDependiendo de las caracter\u00edsticas espec\u00edficas y las funciones de los transformadores, estos pueden tener m\u00e1s componentes; por ejemplo:\n<ul>\n<li>Tablero de control.<\/li>\n<li>Diversos tipos de rel\u00e9s,elementos mec\u00e1nicos o electr\u00f3nicos de protecci\u00f3n de los transformadores para distintos tipos de desequilibrios.<\/li>\n<li>Dep\u00f3sito de expansi\u00f3n, para contener el aumento de volumen de los elementos l\u00edquidos en los transformadores de ba\u00f1o de aceite.<\/li>\n<\/ul>\"\n    }\n  },{\n    \"@type\": \"Question\",\n    \"name\": \"\u00bfQu\u00e9 es un transformador ideal y por qu\u00e9 no existe?\",\n    \"acceptedAnswer\": {\n      \"@type\": \"Answer\",\n      \"text\": \"Un transformador ideal es siempre un transformador te\u00f3rico. Cuando se dise\u00f1a un transformador, en este no existen p\u00e9rdidas de ning\u00fan tipo; sin embargo, en la pr\u00e1ctica, es imposible construir un transformador as\u00ed: los transformadores reales siempre tienen p\u00e9rdidas.\nUno de los fen\u00f3menos que intervienen en la p\u00e9rdida de energ\u00eda de los transformadores son las corrientes de Foucault: corrientes par\u00e1sitas que aparecen en campos electromagn\u00e9ticos variables creando electroimanes que se oponen al efecto del campo magn\u00e9tico.\nA pesar de que sea imposible de construir, el transformador ideal es \u00fatil para comprender el funcionamiento del transformador real.\"\n    }\n  },{\n    \"@type\": \"Question\",\n    \"name\": \"\u00bfPara qu\u00e9 se utiliza un transformador?\",\n    \"acceptedAnswer\": {\n      \"@type\": \"Answer\",\n      \"text\": \"A niveles macro, un transformador permite transportar energ\u00eda el\u00e9ctrica minimizando las p\u00e9rdidas. Al utilizar cables de alta tensi\u00f3n para los grandes recorridos, las p\u00e9rdidas de energ\u00eda que se producen son m\u00ednimas. Gracias a los transformadores, la corriente el\u00e9ctrica cambia su voltaje cerca del punto de llegada y consumo en lugar de tener que hacerlo en el punto de generaci\u00f3n o almacenamiento.\n\nA niveles dom\u00e9sticos, el transformador est\u00e1 muy presente. La mayor\u00eda de los aparatos que se utilizan en la vida cotidiana funcionan con una tensi\u00f3n inferior a la que se obtiene de la toma de corriente. Casi todos los electrodom\u00e9sticos incorporan en sus cables, o en su interior, transformadores de corriente que les permiten funcionar, aunque la corriente de alimentaci\u00f3n sea superior a sus requerimientos.\"\n    }\n  }]\n}\n<\/script>\n<p>Los transformadores son <strong>elementos el\u00e9ctricos <\/strong>cruciales para la <a href=\"https:\/\/www.ferrovial.com\/es\/stem\/distribucion-electrica\/\" target=\"_blank\" rel=\"noreferrer noopener\">distribuci\u00f3n<\/a> y el aprovechamiento dom\u00e9stico de la energ\u00eda <a href=\"https:\/\/www.ferrovial.com\/es\/recursos\/electricidad\/\" target=\"_blank\" rel=\"noreferrer noopener\">el\u00e9ctrica<\/a>. Los transformadores <strong>aumentan o disminuyen la tensi\u00f3n <\/strong>de una <a href=\"https:\/\/www.ferrovial.com\/es\/stem\/corriente-electrica\/\" target=\"_blank\" rel=\"noreferrer noopener\">corriente alterna<\/a>, pero te\u00f3ricamente <strong>no cambian su potencia<\/strong>.&nbsp;<\/p>\n\n\n\n<h2 class=\"wp-block-heading\"><strong>\u00bfQu\u00e9 elementos componen un transformador?<\/strong><\/h2>\n\n\n\n<ol class=\"wp-block-list\"><li><strong>N\u00facleo: <\/strong>es el centro del transformador. En \u00e9l <strong>circula el campo electromagn\u00e9tico <\/strong>producido por los devanados y su funci\u00f3n es mantener ese flujo magn\u00e9tico contenido para <strong>evitar las p\u00e9rdidas <\/strong>producidas por las <strong>corrientes de Foucault<\/strong>. <br>Normalmente est\u00e1 hecho de <strong>l\u00e1minas de metal apiladas<\/strong>, pero seg\u00fan el tipo de transformador, puede estar hecho de distintos materiales y con distintas formas; por ejemplo: <strong>acorazado, en columnas, toroidal<\/strong>, etc. Algunos transformadores especiales pueden no tener n\u00facleo; a estos se les conoce como transformadores <strong>sin n\u00facleo o de n\u00facleo de aire<\/strong>.<\/li><li><strong>Bobinas: <\/strong>normalmente est\u00e1n compuestas por <strong>hilos de cobre <\/strong>enrollados alrededor del n\u00facleo. Son las que producen el <strong>cambio de voltaje<\/strong>. El n\u00famero de vueltas (<strong><em>espiras<\/em><\/strong>) de cada bobina tiene relaci\u00f3n directa con el voltaje; <strong>mientras m\u00e1s espiras, m\u00e1s voltaje<\/strong>. <br>Un transformador tiene, por lo menos, <strong>dos bobinas<\/strong>: una primaria, por donde entra la corriente, conocida como <strong>devanado primario<\/strong>; y una secundaria, por donde sale la corriente, conocida como <strong>devanado secundario<\/strong>. La cantidad de espiras de la bobina primaria corresponde al voltaje de entrada, y la cantidad de espiras de la bobina secundaria corresponde al voltaje de salida del transformador. <br>Normalmente, los devanados se encuentran enrollados <strong>uno encima del otro <\/strong>\u2014el de mayor tensi\u00f3n sobre el de menor tensi\u00f3n\u2014 para aprovechar mejor el campo magn\u00e9tico y evitar p\u00e9rdidas. Los <strong>transformadores trif\u00e1sicos <\/strong>tienen tres bobinas para el devanado primario y tres bobinas para el devanado secundario. Tambi\u00e9n se puede entender que el transformador trif\u00e1sico est\u00e1 compuesto por <strong>tres transformadores monof\u00e1sicos<\/strong>, uno para cada fase, cuyos campos electromagn\u00e9ticos no interfieren entre s\u00ed.<\/li><li><strong>Aislantes:<\/strong> los elementos de un transformador (n\u00facleo, devanado primario y devanado secundario, y cada espira) se encuentran <strong>separados entre s\u00ed por un <\/strong><a href=\"https:\/\/www.ferrovial.com\/es\/stem\/aislamiento\/#:~:text=Estos%20materiales%20aislantes%20pueden%20ser,reduciendo%20la%20incidencia%20de%20riesgos.\"><strong>aislante<\/strong><\/a>, debido a que cada uno de ellos tiene <strong>tensiones diferentes<\/strong>. <br>En <strong>transformadores de alta tensi\u00f3n<\/strong>, suele utilizarse una <strong>capa de papel impregnada en aceite mineral <\/strong>para aislar el n\u00facleo de los devanados y los devanados entre s\u00ed. Por su parte, las espiras consecutivas suelen estar aisladas por una delgada capa de <strong>laca de cobre<\/strong>. Las espiras no consecutivas pueden estar aisladas entre s\u00ed por laca o papel, seg\u00fan sea necesario.<\/li><\/ol>\n\n\n\n<p>Dependiendo de las caracter\u00edsticas espec\u00edficas y las funciones de los transformadores, estos pueden tener m\u00e1s componentes; por ejemplo:<\/p>\n\n\n\n<ul class=\"wp-block-list\"><li><strong>Tablero de control<\/strong>.<\/li><li>Diversos tipos de <strong>rel\u00e9s<\/strong>,<strong> <\/strong>elementos mec\u00e1nicos o electr\u00f3nicos de protecci\u00f3n de los transformadores para distintos tipos de desequilibrios.<\/li><li><strong>Dep\u00f3sito de expansi\u00f3n<\/strong>, para contener el aumento de volumen de los elementos l\u00edquidos en los transformadores de ba\u00f1o de aceite.<\/li><\/ul>\n\n\n\n<h2 class=\"wp-block-heading\"><strong>\u00bfQu\u00e9 es un <\/strong><strong><em>transformador ideal <\/em><\/strong><strong>y por qu\u00e9 no existe?<\/strong><\/h2>\n\n\n\n<p><strong>Un <\/strong><strong><em>transformador ideal <\/em><\/strong><strong>es siempre un <\/strong><strong><em>transformador te\u00f3rico<\/em><\/strong>. Cuando se dise\u00f1a un transformador, en este <strong>no existen p\u00e9rdidas <\/strong>de ning\u00fan tipo; sin embargo, en la pr\u00e1ctica, <strong>es imposible construir <\/strong>un transformador as\u00ed: los transformadores reales siempre tienen p\u00e9rdidas.<\/p>\n\n\n\n<p>Uno de los fen\u00f3menos que intervienen en la p\u00e9rdida de energ\u00eda de los transformadores son las <strong>corrientes de Foucault<\/strong>: corrientes par\u00e1sitas que aparecen en campos electromagn\u00e9ticos variables creando electroimanes que se oponen al efecto del campo magn\u00e9tico.<\/p>\n\n\n\n<p>A pesar de que sea imposible de construir, el transformador ideal es <strong>\u00fatil para comprender el funcionamiento <\/strong>del transformador real.<\/p>\n\n\n\n<h2 class=\"wp-block-heading\"><strong>\u00bfPara qu\u00e9 se utiliza un transformador?<\/strong><\/h2>\n\n\n\n<p>A <strong>niveles macro<\/strong>, un transformador permite transportar energ\u00eda el\u00e9ctrica minimizando las p\u00e9rdidas. Al utilizar cables de alta tensi\u00f3n para los grandes recorridos, las p\u00e9rdidas de energ\u00eda que se producen son m\u00ednimas. Gracias a los transformadores, <strong>la corriente el\u00e9ctrica cambia su voltaje cerca del punto de llegada y consumo <\/strong>en lugar de tener que hacerlo en el punto de generaci\u00f3n o almacenamiento.<\/p>\n\n\n\n<p>A <strong>niveles dom\u00e9sticos<\/strong>, el transformador est\u00e1 muy presente. La mayor\u00eda de los aparatos que se utilizan en la vida cotidiana funcionan con una tensi\u00f3n inferior a la que se obtiene de la toma de corriente. Casi todos los <strong>electrodom\u00e9sticos <\/strong>incorporan en sus cables, o en su interior, transformadores de corriente que les permiten funcionar, aunque la <strong>corriente de alimentaci\u00f3n sea superior a sus requerimientos<\/strong>.<\/p>\n<\/div><\/m-wysiwig>\n","protected":false},"excerpt":{"rendered":"","protected":false},"featured_media":0,"parent":227878,"menu_order":0,"comment_status":"closed","ping_status":"closed","template":"","meta":{"_acf_changed":false,"footnotes":""},"class_list":["post-242687","page","type-page","status-publish","hentry"],"acf":[],"yoast_head":"<!-- This site is optimized with the Yoast SEO plugin v27.2 - https:\/\/yoast.com\/product\/yoast-seo-wordpress\/ -->\n<title>Transformadores: qu\u00e9 es, elementos que lo componen, usos... - Ferrovial<\/title>\n<meta name=\"description\" content=\"Los transformadores son elementos el\u00e9ctricos cruciales para la distribuci\u00f3n y el aprovechamiento dom\u00e9stico de la energ\u00eda el\u00e9ctrica. Los transformadores aumentan o disminuyen la tensi\u00f3n de una corriente alterna, pero te\u00f3ricamente no cambian su potencia.\" \/>\n<meta name=\"robots\" content=\"index, follow, max-snippet:-1, max-image-preview:large, max-video-preview:-1\" \/>\n<link rel=\"canonical\" href=\"https:\/\/www.ferrovial.com\/es\/stem\/transformadores\/\" \/>\n<meta property=\"og:locale\" content=\"es_ES\" \/>\n<meta property=\"og:type\" content=\"article\" \/>\n<meta property=\"og:title\" content=\"Transformadores: qu\u00e9 es, elementos que lo componen, usos... - Ferrovial\" \/>\n<meta property=\"og:description\" content=\"Los transformadores son elementos el\u00e9ctricos cruciales para la distribuci\u00f3n y el aprovechamiento dom\u00e9stico de la energ\u00eda el\u00e9ctrica. Los transformadores aumentan o disminuyen la tensi\u00f3n de una corriente alterna, pero te\u00f3ricamente no cambian su potencia.\" \/>\n<meta property=\"og:url\" content=\"https:\/\/www.ferrovial.com\/es\/stem\/transformadores\/\" \/>\n<meta property=\"og:site_name\" content=\"Ferrovial\" \/>\n<meta property=\"article:publisher\" content=\"https:\/\/www.facebook.com\/ferrovial\" \/>\n<meta property=\"article:modified_time\" content=\"2022-12-09T10:27:36+00:00\" \/>\n<meta name=\"twitter:card\" content=\"summary_large_image\" \/>\n<meta name=\"twitter:site\" content=\"@ferrovial\" \/>\n<meta name=\"twitter:label1\" content=\"Est. reading time\" \/>\n\t<meta name=\"twitter:data1\" content=\"6 minutos\" \/>\n<!-- \/ Yoast SEO plugin. -->","yoast_head_json":{"title":"Transformadores: qu\u00e9 es, elementos que lo componen, usos... - Ferrovial","description":"Los transformadores son elementos el\u00e9ctricos cruciales para la distribuci\u00f3n y el aprovechamiento dom\u00e9stico de la energ\u00eda el\u00e9ctrica. Los transformadores aumentan o disminuyen la tensi\u00f3n de una corriente alterna, pero te\u00f3ricamente no cambian su potencia.","robots":{"index":"index","follow":"follow","max-snippet":"max-snippet:-1","max-image-preview":"max-image-preview:large","max-video-preview":"max-video-preview:-1"},"canonical":"https:\/\/www.ferrovial.com\/es\/stem\/transformadores\/","og_locale":"es_ES","og_type":"article","og_title":"Transformadores: qu\u00e9 es, elementos que lo componen, usos... - Ferrovial","og_description":"Los transformadores son elementos el\u00e9ctricos cruciales para la distribuci\u00f3n y el aprovechamiento dom\u00e9stico de la energ\u00eda el\u00e9ctrica. Los transformadores aumentan o disminuyen la tensi\u00f3n de una corriente alterna, pero te\u00f3ricamente no cambian su potencia.","og_url":"https:\/\/www.ferrovial.com\/es\/stem\/transformadores\/","og_site_name":"Ferrovial","article_publisher":"https:\/\/www.facebook.com\/ferrovial","article_modified_time":"2022-12-09T10:27:36+00:00","twitter_card":"summary_large_image","twitter_site":"@ferrovial","twitter_misc":{"Est. reading time":"6 minutos"},"schema":{"@context":"https:\/\/schema.org","@graph":[{"@type":"WebPage","@id":"https:\/\/www.ferrovial.com\/es\/stem\/transformadores\/","url":"https:\/\/www.ferrovial.com\/es\/stem\/transformadores\/","name":"Transformadores: qu\u00e9 es, elementos que lo componen, usos... - Ferrovial","isPartOf":{"@id":"https:\/\/www.ferrovial.com\/es\/#website"},"datePublished":"2022-11-21T09:23:43+00:00","dateModified":"2022-12-09T10:27:36+00:00","description":"Los transformadores son elementos el\u00e9ctricos cruciales para la distribuci\u00f3n y el aprovechamiento dom\u00e9stico de la energ\u00eda el\u00e9ctrica. Los transformadores aumentan o disminuyen la tensi\u00f3n de una corriente alterna, pero te\u00f3ricamente no cambian su potencia.","breadcrumb":{"@id":"https:\/\/www.ferrovial.com\/es\/stem\/transformadores\/#breadcrumb"},"inLanguage":"es","potentialAction":[{"@type":"ReadAction","target":["https:\/\/www.ferrovial.com\/es\/stem\/transformadores\/"]}]},{"@type":"BreadcrumbList","@id":"https:\/\/www.ferrovial.com\/es\/stem\/transformadores\/#breadcrumb","itemListElement":[{"@type":"ListItem","position":1,"name":"Portada","item":"https:\/\/www.ferrovial.com\/es\/"},{"@type":"ListItem","position":2,"name":"STEM","item":"https:\/\/www.ferrovial.com\/es\/stem\/"},{"@type":"ListItem","position":3,"name":"Transformadores"}]},{"@type":"WebSite","@id":"https:\/\/www.ferrovial.com\/es\/#website","url":"https:\/\/www.ferrovial.com\/es\/","name":"Ferrovial","description":"Welcome to the Ferrovial&#039;s website, global operator of sustainable infrastructure. Here you can find all the information about the company and subsidiaries.","publisher":{"@id":"https:\/\/www.ferrovial.com\/es\/#organization"},"potentialAction":[{"@type":"SearchAction","target":{"@type":"EntryPoint","urlTemplate":"https:\/\/www.ferrovial.com\/es\/?s={search_term_string}"},"query-input":{"@type":"PropertyValueSpecification","valueRequired":true,"valueName":"search_term_string"}}],"inLanguage":"es"},{"@type":"Organization","@id":"https:\/\/www.ferrovial.com\/es\/#organization","name":"Ferrovial S.A.","url":"https:\/\/www.ferrovial.com\/es\/","logo":{"@type":"ImageObject","inLanguage":"es","@id":"https:\/\/www.ferrovial.com\/es\/#\/schema\/logo\/image\/","url":"https:\/\/static.ferrovial.com\/wp-content\/uploads\/2020\/01\/13124948\/logo-ferrovial-cf7.png","contentUrl":"https:\/\/static.ferrovial.com\/wp-content\/uploads\/2020\/01\/13124948\/logo-ferrovial-cf7.png","width":144,"height":32,"caption":"Ferrovial S.A."},"image":{"@id":"https:\/\/www.ferrovial.com\/es\/#\/schema\/logo\/image\/"},"sameAs":["https:\/\/www.facebook.com\/ferrovial","https:\/\/x.com\/ferrovial","https:\/\/www.instagram.com\/ferrovial\/","https:\/\/www.linkedin.com\/company\/ferrovial","https:\/\/www.pinterest.es\/ferrovial\/","https:\/\/www.youtube.com\/ferrovial","https:\/\/en.wikipedia.org\/wiki\/Ferrovial"]}]}},"_links":{"self":[{"href":"https:\/\/www.ferrovial.com\/es\/wp-json\/wp\/v2\/pages\/242687","targetHints":{"allow":["GET"]}}],"collection":[{"href":"https:\/\/www.ferrovial.com\/es\/wp-json\/wp\/v2\/pages"}],"about":[{"href":"https:\/\/www.ferrovial.com\/es\/wp-json\/wp\/v2\/types\/page"}],"replies":[{"embeddable":true,"href":"https:\/\/www.ferrovial.com\/es\/wp-json\/wp\/v2\/comments?post=242687"}],"version-history":[{"count":3,"href":"https:\/\/www.ferrovial.com\/es\/wp-json\/wp\/v2\/pages\/242687\/revisions"}],"predecessor-version":[{"id":244611,"href":"https:\/\/www.ferrovial.com\/es\/wp-json\/wp\/v2\/pages\/242687\/revisions\/244611"}],"up":[{"embeddable":true,"href":"https:\/\/www.ferrovial.com\/es\/wp-json\/wp\/v2\/pages\/227878"}],"wp:attachment":[{"href":"https:\/\/www.ferrovial.com\/es\/wp-json\/wp\/v2\/media?parent=242687"}],"curies":[{"name":"wp","href":"https:\/\/api.w.org\/{rel}","templated":true}]}}