{"id":242690,"date":"2022-11-21T10:33:06","date_gmt":"2022-11-21T09:33:06","guid":{"rendered":"https:\/\/www.ferrovial.com\/?page_id=242690"},"modified":"2022-12-09T11:37:55","modified_gmt":"2022-12-09T10:37:55","slug":"torres-electricas","status":"publish","type":"page","link":"https:\/\/www.ferrovial.com\/es\/stem\/torres-electricas\/","title":{"rendered":"Torres el\u00e9ctricas"},"content":{"rendered":"    <m-final-content-header >\n            <c-breadcrumb label-text=\"Breadcrumb\" slot=\"breadcrumbs\" type='2' align='left' wrap='wrapped wrapped' aria-label='Vienes de STEM'>\n                        <ol>\n\n                                                            <li><a href=\"https:\/\/www.ferrovial.com\/es\/\" title=\"Ferrovial\">Ferrovial<\/a><\/li>\n                                                                        <li><a href=\"https:\/\/www.ferrovial.com\/es\/stem\/\" title=\"STEM\">STEM<\/a><\/li>\n                                    \n                <\/ol>\n\n                <\/c-breadcrumb>\n    \n        <div slot=\"header\">\n            <h1>\n                \u00bfQu\u00e9 es una torre el\u00e9ctrica?            <\/h1>\n                    <\/div>\n    <\/m-final-content-header>\n\n    \n\n\n<m-wysiwig class=\"wp-block-components-wysiwyg\"><div slot=\"maincontent\">\n<script type=\"application\/ld+json\">\n{\n  \"@context\": \"https:\/\/schema.org\",\n  \"@type\": \"FAQPage\",\n  \"mainEntity\": [{\n    \"@type\": \"Question\",\n    \"name\": \"\u00bfQu\u00e9 es una torre el\u00e9ctrica?\",\n    \"acceptedAnswer\": {\n      \"@type\": \"Answer\",\n      \"text\": \"Una torre el\u00e9ctrica es una estructura reticular de acero que tiene la funci\u00f3n de ser soporte a\u00e9reo de l\u00edneas de transmisi\u00f3n para la distribuci\u00f3n de energ\u00eda el\u00e9ctrica, ya sea de alta o baja tensi\u00f3n. Seg\u00fan el uso que se le d\u00e9 o del voltaje de la energ\u00eda distribuida, puede variar en formas y tama\u00f1os.\"\n    }\n  },{\n    \"@type\": \"Question\",\n    \"name\": \"\u00bfCu\u00e1les son las caracter\u00edsticas de una torre el\u00e9ctrica?\",\n    \"acceptedAnswer\": {\n      \"@type\": \"Answer\",\n      \"text\": \"<ul>\n<li>Forma parte de un sistema de red el\u00e9ctrica, y se utiliza para la distribuci\u00f3n de energ\u00eda por medio de l\u00edneas de transmisi\u00f3n desde las centrales generadoras hasta las subestaciones.<\/li>\n<li>Se diferencia de los postes de servicio el\u00e9ctrico p\u00fablico, ya que los \u00faltimos se utilizan para soportar l\u00edneas de distribuci\u00f3n y transmisi\u00f3n de medio o bajo voltaje, transportando la energ\u00eda desde las subestaciones hasta los puntos de consumo final.<\/li>\n<li>Una torre el\u00e9ctrica puede soportar voltajes que oscilan entre los 23.000 y 69.000 voltios.<\/li>\n<li>Las torres el\u00e9ctricas soportan el peso de los cables conductores de electricidad, manteni\u00e9ndolos alejados del suelo y transmitiendo su peso y esfuerzo a las cimentaciones de la torre.<\/li>\n<li>El dise\u00f1o de una torre el\u00e9ctrica toma en cuenta factores propios de la estructura como la tensi\u00f3n mec\u00e1nica, el\u00e9ctrica y n\u00famero de conductores a sujetar, as\u00ed como factores externos como el viento, lluvia y otros fen\u00f3menos, as\u00ed como tambi\u00e9n la composici\u00f3n del suelo y el anclaje de las torres a este.<\/li>\n<\/ul>\"\n    }\n  },{\n    \"@type\": \"Question\",\n    \"name\": \"\u00bfQu\u00e9 tipos de torres el\u00e9ctricas existen?\",\n    \"acceptedAnswer\": {\n      \"@type\": \"Answer\",\n      \"text\": \"Las torres el\u00e9ctricas pueden ser:\n<ol>\n<li>Torre de suspensi\u00f3n<\/li>\n<li>Torre de anclaje<\/li>\n<li>Torre de \u00e1ngulo<\/li>\n<li>Torre de fin de l\u00ednea<\/li>\n<li>Torres especiales<\/li>\n<\/ol>\"\n    }\n  },{\n    \"@type\": \"Question\",\n    \"name\": \"\u00bfQu\u00e9 necesita una torre el\u00e9ctrica para funcionar?\",\n    \"acceptedAnswer\": {\n      \"@type\": \"Answer\",\n      \"text\": \"Para que una torre el\u00e9ctrica funcione correctamente, debe contar con dos elementos fundamentales:\n<ul>\n<li>Voltaje<\/li>\n<li>Sistema de cables y cableado<\/li>\n<\/ul>\"\n    }\n  }]\n}\n<\/script>\n<p>Una torre el\u00e9ctrica es una <strong><a href=\"https:\/\/www.ferrovial.com\/es\/stem\/estructura-reticular\/\" target=\"_blank\" rel=\"noreferrer noopener\">estructura reticular<\/a> de acero<\/strong> que tiene la funci\u00f3n de <strong>ser soporte a\u00e9reo de l\u00edneas de transmisi\u00f3n para la<\/strong><a href=\"https:\/\/www.ferrovial.com\/es\/stem\/distribucion-electrica\/\" target=\"_blank\" rel=\"noreferrer noopener\"><strong> distribuci\u00f3n de energ\u00eda el\u00e9ctrica<\/strong><\/a>, ya sea de alta o baja tensi\u00f3n. Seg\u00fan el uso que se le d\u00e9 o del voltaje de la energ\u00eda distribuida, puede variar en formas y tama\u00f1os.<\/p>\n\n\n\n<p><strong>La altura de una torre el\u00e9ctrica puede ir desde los 15 metros hasta los 55 metros<\/strong>, aunque existen algunos tipos, generalmente para la distribuci\u00f3n de corrientes de alta tensi\u00f3n, que <strong>pueden alcanzar los 300 metros<\/strong>. Su altura y robustez son para hacerle frente a las adversidades ambientales a las que se encuentra sometida, sin que las l\u00edneas de transmisi\u00f3n se vean afectadas, as\u00ed como tampoco la integridad de las personas, animales u objetos que se encuentran a su alrededor.<\/p>\n\n\n\n<h2 class=\"wp-block-heading\"><strong>\u00bfCu\u00e1les son las caracter\u00edsticas de una torre el\u00e9ctrica?<\/strong><\/h2>\n\n\n\n<ul class=\"wp-block-list\"><li>Forma parte de un sistema de red el\u00e9ctrica, y se utiliza para la <a href=\"https:\/\/www.ferrovial.com\/es\/stem\/distribucion-electrica\/\" target=\"_blank\" rel=\"noreferrer noopener\"><strong>distribuci\u00f3n de energ\u00eda<\/strong><\/a><strong> por medio de l\u00edneas de transmisi\u00f3n desde las centrales generadoras hasta<\/strong> las subestaciones.<br><\/li><li>Se diferencia de los postes de servicio el\u00e9ctrico p\u00fablico, ya que los \u00faltimos se utilizan para soportar l\u00edneas de distribuci\u00f3n y transmisi\u00f3n de medio o bajo voltaje, transportando la energ\u00eda desde las subestaciones hasta los puntos de consumo final. Esto significa que las <strong>torres el\u00e9ctricas est\u00e1n en un nivel anterior en el transporte de energ\u00eda respecto a los postes el\u00e9ctricos.<\/strong><br><\/li><li>Una torre el\u00e9ctrica <strong>puede soportar voltajes que oscilan entre los 23.000 y 69.000 voltios.<\/strong><br><\/li><li>Las torres el\u00e9ctricas <strong>soportan el peso de los cables conductores de electricidad, <\/strong>manteni\u00e9ndolos alejados del suelo y transmitiendo su peso y esfuerzo a las<a href=\"https:\/\/www.ferrovial.com\/es\/stem\/cimentaciones\/\"> cimentaciones<\/a> de la torre.<br><\/li><li>El dise\u00f1o de una torre el\u00e9ctrica toma en cuenta factores propios de la estructura como <strong>la tensi\u00f3n mec\u00e1nica, el\u00e9ctrica y n\u00famero de conductores a sujetar,<\/strong> as\u00ed como factores externos como el <strong>viento, lluvia y otros fen\u00f3menos<\/strong>, as\u00ed como tambi\u00e9n la composici\u00f3n del suelo y el anclaje de las torres a este.<\/li><\/ul>\n\n\n\n<h2 class=\"wp-block-heading\"><strong>\u00bfQu\u00e9 tipos de torres el\u00e9ctricas existen?<\/strong><\/h2>\n\n\n\n<p>Las torres el\u00e9ctricas pueden ser:<\/p>\n\n\n\n<ol class=\"wp-block-list\"><li><strong>Torre de suspensi\u00f3n:<\/strong> soportan los conductores que est\u00e1n suspendidos de la torre. Tienen la misma tensi\u00f3n mec\u00e1nica por cada lado.<\/li><li><strong>Torre de anclaje: <\/strong>le otorgan estabilidad y firmeza a la l\u00ednea, y limita su posible destrucci\u00f3n cuando, por diversas razones, se rompa un conductor o apoyo.<\/li><li><strong>Torre de \u00e1ngulo:<\/strong> se utiliza para sostener los cables conductores en los \u00e1ngulos.<\/li><li><strong>Torre de fin de l\u00ednea:<\/strong> son capaces de soportar tensiones generadas por la misma l\u00ednea de distribuci\u00f3n el\u00e9ctrica, por lo que representa un punto de anclaje de mucha resistencia.<\/li><li><strong>Torres especiales:<\/strong> se suelen crear y utilizar para cruzar sobre l\u00edneas de ferrocarril, v\u00edas fluviales o de telecomunicaciones.<\/li><\/ol>\n\n\n\n<h2 class=\"wp-block-heading\"><strong>\u00bfQu\u00e9 necesita una torre el\u00e9ctrica para funcionar?<\/strong><\/h2>\n\n\n\n<p>Para que una torre el\u00e9ctrica funcione correctamente, debe contar con dos elementos fundamentales:<\/p>\n\n\n\n<ul class=\"wp-block-list\"><li><strong>Voltaje:<\/strong> se trata de la presi\u00f3n de una fuente de energ\u00eda a trav\u00e9s de un circuito el\u00e9ctrico que <strong>permite el flujo de una corriente.<\/strong> Para soportar altos voltajes, las l\u00edneas el\u00e9ctricas <strong>requieren de mucho espacio entre sus torres.<br><\/strong><\/li><li><strong>Sistema de<\/strong><a href=\"https:\/\/www.ferrovial.com\/es\/stem\/cables-y-cableado\/\" target=\"_blank\" rel=\"noreferrer noopener\"><strong> cables y cableado<\/strong><\/a><strong>:<\/strong> se trata del conjunto de <strong>cables a\u00e9reos que funcionan como conductores de electricidad de la torre de transmisi\u00f3n. <\/strong>Est\u00e1n hechos de aluminio reforzado con acero y suelen agruparse en tres v\u00edas para ayudar a que la electricidad viaje de la forma m\u00e1s eficiente posible. Las torres el\u00e9ctricas cuentan con un par de cables solitarios, m\u00e1s peque\u00f1os, que cumplen la funci\u00f3n de absorber o desviar la incidencia de rayos, trasladando el exceso de electricidad al suelo.<\/li><\/ul>\n<\/div><\/m-wysiwig>\n","protected":false},"excerpt":{"rendered":"","protected":false},"featured_media":0,"parent":227878,"menu_order":0,"comment_status":"closed","ping_status":"closed","template":"","meta":{"_acf_changed":false,"footnotes":""},"class_list":["post-242690","page","type-page","status-publish","hentry"],"acf":[],"yoast_head":"<!-- This site is optimized with the Yoast SEO plugin v27.2 - https:\/\/yoast.com\/product\/yoast-seo-wordpress\/ -->\n<title>Torres el\u00e9ctricas, caracter\u00edsticas, tipos y funcionamiento - Ferrovial<\/title>\n<meta name=\"description\" content=\"Una torre el\u00e9ctrica es una estructura reticular de acero que tiene la funci\u00f3n de ser soporte a\u00e9reo de l\u00edneas de transmisi\u00f3n para la distribuci\u00f3n de energ\u00eda el\u00e9ctrica.\" \/>\n<meta name=\"robots\" content=\"index, follow, max-snippet:-1, max-image-preview:large, max-video-preview:-1\" \/>\n<link rel=\"canonical\" href=\"https:\/\/www.ferrovial.com\/es\/stem\/torres-electricas\/\" \/>\n<meta property=\"og:locale\" content=\"es_ES\" \/>\n<meta property=\"og:type\" content=\"article\" \/>\n<meta property=\"og:title\" content=\"Torres el\u00e9ctricas, caracter\u00edsticas, tipos y funcionamiento - Ferrovial\" \/>\n<meta property=\"og:description\" content=\"Una torre el\u00e9ctrica es una estructura reticular de acero que tiene la funci\u00f3n de ser soporte a\u00e9reo de l\u00edneas de transmisi\u00f3n para la distribuci\u00f3n de energ\u00eda el\u00e9ctrica.\" \/>\n<meta property=\"og:url\" content=\"https:\/\/www.ferrovial.com\/es\/stem\/torres-electricas\/\" \/>\n<meta property=\"og:site_name\" content=\"Ferrovial\" \/>\n<meta property=\"article:publisher\" content=\"https:\/\/www.facebook.com\/ferrovial\" \/>\n<meta property=\"article:modified_time\" content=\"2022-12-09T10:37:55+00:00\" \/>\n<meta name=\"twitter:card\" content=\"summary_large_image\" \/>\n<meta name=\"twitter:site\" content=\"@ferrovial\" \/>\n<meta name=\"twitter:label1\" content=\"Est. reading time\" \/>\n\t<meta name=\"twitter:data1\" content=\"5 minutos\" \/>\n<!-- \/ Yoast SEO plugin. -->","yoast_head_json":{"title":"Torres el\u00e9ctricas, caracter\u00edsticas, tipos y funcionamiento - Ferrovial","description":"Una torre el\u00e9ctrica es una estructura reticular de acero que tiene la funci\u00f3n de ser soporte a\u00e9reo de l\u00edneas de transmisi\u00f3n para la distribuci\u00f3n de energ\u00eda el\u00e9ctrica.","robots":{"index":"index","follow":"follow","max-snippet":"max-snippet:-1","max-image-preview":"max-image-preview:large","max-video-preview":"max-video-preview:-1"},"canonical":"https:\/\/www.ferrovial.com\/es\/stem\/torres-electricas\/","og_locale":"es_ES","og_type":"article","og_title":"Torres el\u00e9ctricas, caracter\u00edsticas, tipos y funcionamiento - Ferrovial","og_description":"Una torre el\u00e9ctrica es una estructura reticular de acero que tiene la funci\u00f3n de ser soporte a\u00e9reo de l\u00edneas de transmisi\u00f3n para la distribuci\u00f3n de energ\u00eda el\u00e9ctrica.","og_url":"https:\/\/www.ferrovial.com\/es\/stem\/torres-electricas\/","og_site_name":"Ferrovial","article_publisher":"https:\/\/www.facebook.com\/ferrovial","article_modified_time":"2022-12-09T10:37:55+00:00","twitter_card":"summary_large_image","twitter_site":"@ferrovial","twitter_misc":{"Est. reading time":"5 minutos"},"schema":{"@context":"https:\/\/schema.org","@graph":[{"@type":"WebPage","@id":"https:\/\/www.ferrovial.com\/es\/stem\/torres-electricas\/","url":"https:\/\/www.ferrovial.com\/es\/stem\/torres-electricas\/","name":"Torres el\u00e9ctricas, caracter\u00edsticas, tipos y funcionamiento - Ferrovial","isPartOf":{"@id":"https:\/\/www.ferrovial.com\/es\/#website"},"datePublished":"2022-11-21T09:33:06+00:00","dateModified":"2022-12-09T10:37:55+00:00","description":"Una torre el\u00e9ctrica es una estructura reticular de acero que tiene la funci\u00f3n de ser soporte a\u00e9reo de l\u00edneas de transmisi\u00f3n para la distribuci\u00f3n de energ\u00eda el\u00e9ctrica.","breadcrumb":{"@id":"https:\/\/www.ferrovial.com\/es\/stem\/torres-electricas\/#breadcrumb"},"inLanguage":"es","potentialAction":[{"@type":"ReadAction","target":["https:\/\/www.ferrovial.com\/es\/stem\/torres-electricas\/"]}]},{"@type":"BreadcrumbList","@id":"https:\/\/www.ferrovial.com\/es\/stem\/torres-electricas\/#breadcrumb","itemListElement":[{"@type":"ListItem","position":1,"name":"Portada","item":"https:\/\/www.ferrovial.com\/es\/"},{"@type":"ListItem","position":2,"name":"STEM","item":"https:\/\/www.ferrovial.com\/es\/stem\/"},{"@type":"ListItem","position":3,"name":"Torres el\u00e9ctricas"}]},{"@type":"WebSite","@id":"https:\/\/www.ferrovial.com\/es\/#website","url":"https:\/\/www.ferrovial.com\/es\/","name":"Ferrovial","description":"Welcome to the Ferrovial&#039;s website, global operator of sustainable infrastructure. Here you can find all the information about the company and subsidiaries.","publisher":{"@id":"https:\/\/www.ferrovial.com\/es\/#organization"},"potentialAction":[{"@type":"SearchAction","target":{"@type":"EntryPoint","urlTemplate":"https:\/\/www.ferrovial.com\/es\/?s={search_term_string}"},"query-input":{"@type":"PropertyValueSpecification","valueRequired":true,"valueName":"search_term_string"}}],"inLanguage":"es"},{"@type":"Organization","@id":"https:\/\/www.ferrovial.com\/es\/#organization","name":"Ferrovial S.A.","url":"https:\/\/www.ferrovial.com\/es\/","logo":{"@type":"ImageObject","inLanguage":"es","@id":"https:\/\/www.ferrovial.com\/es\/#\/schema\/logo\/image\/","url":"https:\/\/static.ferrovial.com\/wp-content\/uploads\/2020\/01\/13124948\/logo-ferrovial-cf7.png","contentUrl":"https:\/\/static.ferrovial.com\/wp-content\/uploads\/2020\/01\/13124948\/logo-ferrovial-cf7.png","width":144,"height":32,"caption":"Ferrovial S.A."},"image":{"@id":"https:\/\/www.ferrovial.com\/es\/#\/schema\/logo\/image\/"},"sameAs":["https:\/\/www.facebook.com\/ferrovial","https:\/\/x.com\/ferrovial","https:\/\/www.instagram.com\/ferrovial\/","https:\/\/www.linkedin.com\/company\/ferrovial","https:\/\/www.pinterest.es\/ferrovial\/","https:\/\/www.youtube.com\/ferrovial","https:\/\/en.wikipedia.org\/wiki\/Ferrovial"]}]}},"_links":{"self":[{"href":"https:\/\/www.ferrovial.com\/es\/wp-json\/wp\/v2\/pages\/242690","targetHints":{"allow":["GET"]}}],"collection":[{"href":"https:\/\/www.ferrovial.com\/es\/wp-json\/wp\/v2\/pages"}],"about":[{"href":"https:\/\/www.ferrovial.com\/es\/wp-json\/wp\/v2\/types\/page"}],"replies":[{"embeddable":true,"href":"https:\/\/www.ferrovial.com\/es\/wp-json\/wp\/v2\/comments?post=242690"}],"version-history":[{"count":3,"href":"https:\/\/www.ferrovial.com\/es\/wp-json\/wp\/v2\/pages\/242690\/revisions"}],"predecessor-version":[{"id":244613,"href":"https:\/\/www.ferrovial.com\/es\/wp-json\/wp\/v2\/pages\/242690\/revisions\/244613"}],"up":[{"embeddable":true,"href":"https:\/\/www.ferrovial.com\/es\/wp-json\/wp\/v2\/pages\/227878"}],"wp:attachment":[{"href":"https:\/\/www.ferrovial.com\/es\/wp-json\/wp\/v2\/media?parent=242690"}],"curies":[{"name":"wp","href":"https:\/\/api.w.org\/{rel}","templated":true}]}}