{"id":242697,"date":"2022-11-21T10:58:17","date_gmt":"2022-11-21T09:58:17","guid":{"rendered":"https:\/\/www.ferrovial.com\/?page_id=242697"},"modified":"2022-12-09T12:00:40","modified_gmt":"2022-12-09T11:00:40","slug":"galvanometro","status":"publish","type":"page","link":"https:\/\/www.ferrovial.com\/es\/stem\/galvanometro\/","title":{"rendered":"Galvan\u00f3metro"},"content":{"rendered":"    <m-final-content-header >\n            <c-breadcrumb label-text=\"Breadcrumb\" slot=\"breadcrumbs\" type='2' align='left' wrap='wrapped wrapped' aria-label='Vienes de STEM'>\n                        <ol>\n\n                                                            <li><a href=\"https:\/\/www.ferrovial.com\/es\/\" title=\"Ferrovial\">Ferrovial<\/a><\/li>\n                                                                        <li><a href=\"https:\/\/www.ferrovial.com\/es\/stem\/\" title=\"STEM\">STEM<\/a><\/li>\n                                    \n                <\/ol>\n\n                <\/c-breadcrumb>\n    \n        <div slot=\"header\">\n            <h1>\n                \u00bfQu\u00e9 es un galvan\u00f3metro?            <\/h1>\n                    <\/div>\n    <\/m-final-content-header>\n\n    \n\n\n<m-wysiwig class=\"wp-block-components-wysiwyg\"><div slot=\"maincontent\">\n<script type=\"application\/ld+json\">\n{\n  \"@context\": \"https:\/\/schema.org\",\n  \"@type\": \"FAQPage\",\n  \"mainEntity\": [{\n    \"@type\": \"Question\",\n    \"name\": \"\u00bfQu\u00e9 es un galvan\u00f3metro?\",\n    \"acceptedAnswer\": {\n      \"@type\": \"Answer\",\n      \"text\": \"Un galvan\u00f3metro es uno de los instrumentos de medida de corriente el\u00e9ctrica por excelencia. Se trata de un dispositivo empleado en circuitos el\u00e9ctricos para conocer y medir la intensidad y sentido de la corriente el\u00e9ctrica. \n\nPuede usarse tanto en entornos dom\u00e9sticos como industriales. Existen galvan\u00f3metros sencillos, y tambi\u00e9n los hay con una mayor escala de medici\u00f3n, as\u00ed como de m\u00e1s complejidad, que permiten la medida en \u00e1mbitos industriales.\"\n    }\n  },{\n    \"@type\": \"Question\",\n    \"name\": \"\u00bfC\u00f3mo se invent\u00f3 el galvan\u00f3metro?\",\n    \"acceptedAnswer\": {\n      \"@type\": \"Answer\",\n      \"text\": \"En 1820, el f\u00edsico alem\u00e1n Hans Oersted describi\u00f3 c\u00f3mo las agujas de una br\u00fajula magn\u00e9tica pod\u00edan desviarse ante la presencia de una corriente el\u00e9ctrica generada en un alambre. Ese mismo a\u00f1o fue el qu\u00edmico alem\u00e1n Johann Schweigger quien describi\u00f3 la posibilidad del uso de un instrumento capaz de medir dicho fen\u00f3meno. \n\nNo obstante, no es hasta 1836 que se habla, formalmente, del galvan\u00f3metro, obra del italiano Luigi Galvani. El investigador descubri\u00f3 que, aplicando una corriente el\u00e9ctrica en la m\u00e9dula espinal de una rana muerta, se pod\u00edan generar contracciones musculares en sus miembros, logrando un movimiento similar al que realizaba el animal en vida.\"\n    }\n  },{\n    \"@type\": \"Question\",\n    \"name\": \"\u00bfCu\u00e1les son las partes de un galvan\u00f3metro?\",\n    \"acceptedAnswer\": {\n      \"@type\": \"Answer\",\n      \"text\": \"Si bien existen varios tipos de galvan\u00f3metros, todos guardan en com\u00fan las mismas piezas que permiten obtener la medici\u00f3n del paso de la corriente el\u00e9ctrica con precisi\u00f3n:\n<ol>\n<li>Bobina: parte del galvan\u00f3metro por la que circula la corriente el\u00e9ctrica que se busca medir.<\/li>\n<li>Resorte: tambi\u00e9n llamado muelle, se trata de la uni\u00f3n entre la bobina y la aguja que indica la medici\u00f3n. <\/li>\n<li>Aguja: pieza que indica el valor de la corriente el\u00e9ctrica medida.<\/li>\n<li>Im\u00e1n permanente: es el encargado de producir el campo magn\u00e9tico que genera el movimiento de la bobina en funci\u00f3n de la corriente.<\/li>\n<li>Escala: en la que se representan los valores de magnitud e intensidad de la corriente.<\/li>\n<\/ol>\"\n    }\n  },{\n    \"@type\": \"Question\",\n    \"name\": \"\u00bfC\u00f3mo funciona un galvan\u00f3metro?\",\n    \"acceptedAnswer\": {\n      \"@type\": \"Answer\",\n      \"text\": \"El funcionamiento de un galvan\u00f3metro viene determinado por la fuerza magn\u00e9tica que provoca el giro de una aguja; su movimiento es directamente proporcional a la intensidad de la corriente el\u00e9ctrica del circuito; es decir, que la fuerza magn\u00e9tica, seg\u00fan sea mayor o menor, har\u00e1 girar m\u00e1s o menos la aguja del instrumento de medida. \nEn el galvan\u00f3metro se encuentra un im\u00e1n permanente que somete a la bobina a su campo magn\u00e9tico. Cuando circula electricidad dentro de la bobina, la aguja dentro de ella empieza a girar con mayor o menor intensidad en funci\u00f3n de la corriente que circula en su interior. A su vez, el giro de la bobina provoca que el resorte, que est\u00e1 conectado a ella, tambi\u00e9n se mueva.\"\n    }\n  },{\n    \"@type\": \"Question\",\n    \"name\": \"\u00bfQu\u00e9 tipos de galvan\u00f3metros existen?\",\n    \"acceptedAnswer\": {\n      \"@type\": \"Answer\",\n      \"text\": \"Los galvan\u00f3metros se pueden dividir en dos tipos:\n<ol>\n<li>Galvan\u00f3metro de cuadro m\u00f3vil: es el m\u00e1s com\u00fan. En este tipo de instrumento la aguja est\u00e1 conectada a una bobina mediante un resorte o muelle, y un im\u00e1n fijo es el que genera el campo magn\u00e9tico que hace mover la bobina. Cuando la corriente el\u00e9ctrica circula, mueve la aguja de manera proporcional a la intensidad de la corriente. <\/li>\n<li>Galvan\u00f3metro de im\u00e1n m\u00f3vil: en este tipo, la parte m\u00f3vil es el im\u00e1n, no la bobina y, cuando circula la corriente el\u00e9ctrica por la \u00faltima, se genera una fuerza magn\u00e9tica que hace mover al im\u00e1n. En consecuencia, la aguja est\u00e1 asociada al im\u00e1n, que tambi\u00e9n se mueve en funci\u00f3n a la intensidad de la corriente el\u00e9ctrica. \n<\/li>\n<\/ol>\nTambi\u00e9n existen galvan\u00f3metros port\u00e1tiles que, de igual manera, pueden ser de cuadro m\u00f3vil o de im\u00e1n m\u00f3vil seg\u00fan su dise\u00f1o.\"\n    }\n  }]\n}\n<\/script>\n<p>Un galvan\u00f3metro es uno de los <a href=\"https:\/\/www.ferrovial.com\/es\/stem\/instrumentos-de-medida\/\" target=\"_blank\" rel=\"noreferrer noopener\">instrumentos de medida<\/a> de corriente el\u00e9ctrica por excelencia. Se trata de un <strong>dispositivo empleado en circuitos el\u00e9ctricos para conocer y medir la intensidad y sentido de la corriente el\u00e9ctrica.&nbsp;<\/strong><\/p>\n\n\n\n<p>Cualquier dispositivo puede sufrir da\u00f1os irreparables si llega a recibir una sobrecarga el\u00e9ctrica. Para evitar que esto suceda, se puede hacer uso de un galvan\u00f3metro, fabricado para<strong> medir la intensidad de una corriente el\u00e9ctrica y, en consecuencia, poder controlarla.<\/strong>&nbsp;<\/p>\n\n\n\n<p><strong>Puede usarse tanto en entornos dom\u00e9sticos como industriales<\/strong>. Existen galvan\u00f3metros sencillos, y tambi\u00e9n los hay con una mayor escala de medici\u00f3n, as\u00ed como de m\u00e1s complejidad, que permiten la medida en \u00e1mbitos industriales.<\/p>\n\n\n\n<h2 class=\"wp-block-heading\"><strong>\u00bfC\u00f3mo se invent\u00f3 el galvan\u00f3metro?<\/strong><\/h2>\n\n\n\n<p>En 1820, el f\u00edsico alem\u00e1n <strong>Hans Oersted<\/strong> describi\u00f3 c\u00f3mo las agujas de una br\u00fajula magn\u00e9tica pod\u00edan desviarse ante la presencia de una corriente el\u00e9ctrica generada en un alambre. Ese mismo a\u00f1o fue el qu\u00edmico alem\u00e1n <strong>Johann Schweigger quien describi\u00f3 la posibilidad del uso de un instrumento capaz de medir dicho fen\u00f3meno.&nbsp;<\/strong><\/p>\n\n\n\n<p>No obstante, no es hasta 1836 que se habla, formalmente, del galvan\u00f3metro, <strong>obra del italiano Luigi Galvani<\/strong>. El investigador descubri\u00f3 que,<strong> aplicando una corriente el\u00e9ctrica en la m\u00e9dula espinal de una rana muerta,<\/strong> <strong>se pod\u00edan generar contracciones musculares en sus miembros,<\/strong> logrando un movimiento similar al que realizaba el animal en vida.&nbsp;<\/p>\n\n\n\n<h2 class=\"wp-block-heading\"><strong>\u00bfCu\u00e1les son las partes de un galvan\u00f3metro?<\/strong><\/h2>\n\n\n\n<p>Si bien existen varios tipos de galvan\u00f3metros, todos guardan en com\u00fan las mismas piezas que permiten obtener la medici\u00f3n del paso de la corriente el\u00e9ctrica con precisi\u00f3n:<\/p>\n\n\n\n<ol class=\"wp-block-list\"><li><strong>Bobina:<\/strong> parte del galvan\u00f3metro por la que circula la corriente el\u00e9ctrica que se busca medir.<\/li><li><strong>Resorte: <\/strong>tambi\u00e9n llamado muelle, se trata de la uni\u00f3n entre la bobina y la aguja que indica la medici\u00f3n.&nbsp;<\/li><li><strong>Aguja:<\/strong> pieza que indica el valor de la corriente el\u00e9ctrica medida.<\/li><li><strong>Im\u00e1n permanente:<\/strong> es el encargado de producir el campo magn\u00e9tico que genera el movimiento de la bobina en funci\u00f3n de la corriente.<\/li><li><strong>Escala:<\/strong> en la que se representan los valores de magnitud e intensidad de la corriente.<\/li><\/ol>\n\n\n\n<h2 class=\"wp-block-heading\"><strong>\u00bfC\u00f3mo funciona un galvan\u00f3metro?<\/strong><\/h2>\n\n\n\n<p>El funcionamiento de un galvan\u00f3metro <strong>viene determinado por la fuerza magn\u00e9tica que provoca el giro de una aguja<\/strong>; su movimiento es directamente proporcional a la intensidad de la corriente el\u00e9ctrica del circuito; es decir, que la fuerza magn\u00e9tica, seg\u00fan sea mayor o menor, har\u00e1 girar m\u00e1s o menos la aguja del instrumento de medida.&nbsp;<\/p>\n\n\n\n<p>En el galvan\u00f3metro <strong>se encuentra un im\u00e1n permanente que somete a la bobina a su campo magn\u00e9tico<\/strong>. Cuando circula electricidad dentro de la bobina, la aguja dentro de ella empieza a girar con mayor o menor intensidad en funci\u00f3n de la corriente que circula en su interior. A su vez, <strong>el giro de la bobina provoca que el resorte, que est\u00e1 conectado a ella, tambi\u00e9n se mueva.&nbsp;<\/strong><\/p>\n\n\n\n<p>La escala en la que se grad\u00faa el galvan\u00f3metro marca el valor final de la medici\u00f3n, que se corresponde con la intensidad de la corriente el\u00e9ctrica y que est\u00e1 indicada por la aguja del instrumento.&nbsp;<\/p>\n\n\n\n<h2 class=\"wp-block-heading\"><strong>\u00bfQu\u00e9 tipos de galvan\u00f3metros existen?<\/strong><\/h2>\n\n\n\n<p>Los galvan\u00f3metros se pueden dividir en dos tipos:<\/p>\n\n\n\n<ol class=\"wp-block-list\"><li><strong>Galvan\u00f3metro de cuadro m\u00f3vil: <\/strong>es el m\u00e1s com\u00fan. En este tipo de instrumento la aguja est\u00e1 conectada a una bobina mediante un resorte o muelle, y un im\u00e1n fijo es el que genera el campo magn\u00e9tico que hace mover la bobina. Cuando la corriente el\u00e9ctrica circula, mueve la aguja de manera proporcional a la intensidad de la corriente.&nbsp;<\/li><li><strong>Galvan\u00f3metro de im\u00e1n m\u00f3vil: <\/strong>en este tipo, la parte m\u00f3vil es el im\u00e1n, no la bobina y, cuando circula la corriente el\u00e9ctrica por la \u00faltima, se genera una fuerza magn\u00e9tica que hace mover al im\u00e1n. En consecuencia, la aguja est\u00e1 asociada al im\u00e1n, que tambi\u00e9n se mueve en funci\u00f3n a la intensidad de la corriente el\u00e9ctrica.&nbsp;<\/li><\/ol>\n\n\n\n<p>Tambi\u00e9n existen <strong>galvan\u00f3metros port\u00e1tiles<\/strong> que, de igual manera, pueden ser de cuadro m\u00f3vil o de im\u00e1n m\u00f3vil seg\u00fan su dise\u00f1o.&nbsp;<\/p>\n<\/div><\/m-wysiwig>\n","protected":false},"excerpt":{"rendered":"","protected":false},"featured_media":0,"parent":227878,"menu_order":0,"comment_status":"closed","ping_status":"closed","template":"","meta":{"_acf_changed":false,"footnotes":""},"class_list":["post-242697","page","type-page","status-publish","hentry"],"acf":[],"yoast_head":"<!-- This site is optimized with the Yoast SEO plugin v27.2 - https:\/\/yoast.com\/product\/yoast-seo-wordpress\/ -->\n<title>Galvan\u00f3metro: qu\u00e9 es, partes, funcionamiento, tipos... - Ferrovial<\/title>\n<meta name=\"description\" content=\"Un galvan\u00f3metro es un dispositivo empleado en circuitos el\u00e9ctricos para conocer y medir la intensidad y sentido de la corriente el\u00e9ctrica.\" \/>\n<meta name=\"robots\" content=\"index, follow, max-snippet:-1, max-image-preview:large, max-video-preview:-1\" \/>\n<link rel=\"canonical\" href=\"https:\/\/www.ferrovial.com\/es\/stem\/galvanometro\/\" \/>\n<meta property=\"og:locale\" content=\"es_ES\" \/>\n<meta property=\"og:type\" content=\"article\" \/>\n<meta property=\"og:title\" content=\"Galvan\u00f3metro: qu\u00e9 es, partes, funcionamiento, tipos... - Ferrovial\" \/>\n<meta property=\"og:description\" content=\"Un galvan\u00f3metro es un dispositivo empleado en circuitos el\u00e9ctricos para conocer y medir la intensidad y sentido de la corriente el\u00e9ctrica.\" \/>\n<meta property=\"og:url\" content=\"https:\/\/www.ferrovial.com\/es\/stem\/galvanometro\/\" \/>\n<meta property=\"og:site_name\" content=\"Ferrovial\" \/>\n<meta property=\"article:publisher\" content=\"https:\/\/www.facebook.com\/ferrovial\" \/>\n<meta property=\"article:modified_time\" content=\"2022-12-09T11:00:40+00:00\" \/>\n<meta name=\"twitter:card\" content=\"summary_large_image\" \/>\n<meta name=\"twitter:site\" content=\"@ferrovial\" \/>\n<meta name=\"twitter:label1\" content=\"Est. reading time\" \/>\n\t<meta name=\"twitter:data1\" content=\"6 minutos\" \/>\n<!-- \/ Yoast SEO plugin. -->","yoast_head_json":{"title":"Galvan\u00f3metro: qu\u00e9 es, partes, funcionamiento, tipos... - Ferrovial","description":"Un galvan\u00f3metro es un dispositivo empleado en circuitos el\u00e9ctricos para conocer y medir la intensidad y sentido de la corriente el\u00e9ctrica.","robots":{"index":"index","follow":"follow","max-snippet":"max-snippet:-1","max-image-preview":"max-image-preview:large","max-video-preview":"max-video-preview:-1"},"canonical":"https:\/\/www.ferrovial.com\/es\/stem\/galvanometro\/","og_locale":"es_ES","og_type":"article","og_title":"Galvan\u00f3metro: qu\u00e9 es, partes, funcionamiento, tipos... - Ferrovial","og_description":"Un galvan\u00f3metro es un dispositivo empleado en circuitos el\u00e9ctricos para conocer y medir la intensidad y sentido de la corriente el\u00e9ctrica.","og_url":"https:\/\/www.ferrovial.com\/es\/stem\/galvanometro\/","og_site_name":"Ferrovial","article_publisher":"https:\/\/www.facebook.com\/ferrovial","article_modified_time":"2022-12-09T11:00:40+00:00","twitter_card":"summary_large_image","twitter_site":"@ferrovial","twitter_misc":{"Est. reading time":"6 minutos"},"schema":{"@context":"https:\/\/schema.org","@graph":[{"@type":"WebPage","@id":"https:\/\/www.ferrovial.com\/es\/stem\/galvanometro\/","url":"https:\/\/www.ferrovial.com\/es\/stem\/galvanometro\/","name":"Galvan\u00f3metro: qu\u00e9 es, partes, funcionamiento, tipos... - Ferrovial","isPartOf":{"@id":"https:\/\/www.ferrovial.com\/es\/#website"},"datePublished":"2022-11-21T09:58:17+00:00","dateModified":"2022-12-09T11:00:40+00:00","description":"Un galvan\u00f3metro es un dispositivo empleado en circuitos el\u00e9ctricos para conocer y medir la intensidad y sentido de la corriente el\u00e9ctrica.","breadcrumb":{"@id":"https:\/\/www.ferrovial.com\/es\/stem\/galvanometro\/#breadcrumb"},"inLanguage":"es","potentialAction":[{"@type":"ReadAction","target":["https:\/\/www.ferrovial.com\/es\/stem\/galvanometro\/"]}]},{"@type":"BreadcrumbList","@id":"https:\/\/www.ferrovial.com\/es\/stem\/galvanometro\/#breadcrumb","itemListElement":[{"@type":"ListItem","position":1,"name":"Portada","item":"https:\/\/www.ferrovial.com\/es\/"},{"@type":"ListItem","position":2,"name":"STEM","item":"https:\/\/www.ferrovial.com\/es\/stem\/"},{"@type":"ListItem","position":3,"name":"Galvan\u00f3metro"}]},{"@type":"WebSite","@id":"https:\/\/www.ferrovial.com\/es\/#website","url":"https:\/\/www.ferrovial.com\/es\/","name":"Ferrovial","description":"Welcome to the Ferrovial&#039;s website, global operator of sustainable infrastructure. Here you can find all the information about the company and subsidiaries.","publisher":{"@id":"https:\/\/www.ferrovial.com\/es\/#organization"},"potentialAction":[{"@type":"SearchAction","target":{"@type":"EntryPoint","urlTemplate":"https:\/\/www.ferrovial.com\/es\/?s={search_term_string}"},"query-input":{"@type":"PropertyValueSpecification","valueRequired":true,"valueName":"search_term_string"}}],"inLanguage":"es"},{"@type":"Organization","@id":"https:\/\/www.ferrovial.com\/es\/#organization","name":"Ferrovial S.A.","url":"https:\/\/www.ferrovial.com\/es\/","logo":{"@type":"ImageObject","inLanguage":"es","@id":"https:\/\/www.ferrovial.com\/es\/#\/schema\/logo\/image\/","url":"https:\/\/static.ferrovial.com\/wp-content\/uploads\/2020\/01\/13124948\/logo-ferrovial-cf7.png","contentUrl":"https:\/\/static.ferrovial.com\/wp-content\/uploads\/2020\/01\/13124948\/logo-ferrovial-cf7.png","width":144,"height":32,"caption":"Ferrovial S.A."},"image":{"@id":"https:\/\/www.ferrovial.com\/es\/#\/schema\/logo\/image\/"},"sameAs":["https:\/\/www.facebook.com\/ferrovial","https:\/\/x.com\/ferrovial","https:\/\/www.instagram.com\/ferrovial\/","https:\/\/www.linkedin.com\/company\/ferrovial","https:\/\/www.pinterest.es\/ferrovial\/","https:\/\/www.youtube.com\/ferrovial","https:\/\/en.wikipedia.org\/wiki\/Ferrovial"]}]}},"_links":{"self":[{"href":"https:\/\/www.ferrovial.com\/es\/wp-json\/wp\/v2\/pages\/242697","targetHints":{"allow":["GET"]}}],"collection":[{"href":"https:\/\/www.ferrovial.com\/es\/wp-json\/wp\/v2\/pages"}],"about":[{"href":"https:\/\/www.ferrovial.com\/es\/wp-json\/wp\/v2\/types\/page"}],"replies":[{"embeddable":true,"href":"https:\/\/www.ferrovial.com\/es\/wp-json\/wp\/v2\/comments?post=242697"}],"version-history":[{"count":3,"href":"https:\/\/www.ferrovial.com\/es\/wp-json\/wp\/v2\/pages\/242697\/revisions"}],"predecessor-version":[{"id":244615,"href":"https:\/\/www.ferrovial.com\/es\/wp-json\/wp\/v2\/pages\/242697\/revisions\/244615"}],"up":[{"embeddable":true,"href":"https:\/\/www.ferrovial.com\/es\/wp-json\/wp\/v2\/pages\/227878"}],"wp:attachment":[{"href":"https:\/\/www.ferrovial.com\/es\/wp-json\/wp\/v2\/media?parent=242697"}],"curies":[{"name":"wp","href":"https:\/\/api.w.org\/{rel}","templated":true}]}}