{"id":25286,"date":"2019-09-17T15:48:01","date_gmt":"2019-09-17T13:48:01","guid":{"rendered":"https:\/\/www.ferrovial.com\/?page_id=25286"},"modified":"2023-06-16T13:38:50","modified_gmt":"2023-06-16T11:38:50","slug":"politica-de-cookies","status":"publish","type":"page","link":"https:\/\/www.ferrovial.com\/es\/politica-de-cookies\/","title":{"rendered":"Pol\u00edtica de Cookies"},"content":{"rendered":"    <m-final-content-header >\n            <c-breadcrumb label-text=\"Breadcrumb\" slot=\"breadcrumbs\" type='2' align='left' wrap='wrapped wrapped'>\n                        <ol>\n\n                                                            <li><a href=\"https:\/\/www.ferrovial.com\/es\/\" title=\"Ferrovial\">Ferrovial<\/a><\/li>\n                                    \n                <\/ol>\n\n                <\/c-breadcrumb>\n    \n        <div slot=\"header\">\n            <h1>\n                Pol\u00edtica de Cookies            <\/h1>\n                    <\/div>\n    <\/m-final-content-header>\n\n    \n\n\n<m-wysiwig class=\"wp-block-components-wysiwyg\"><div slot=\"maincontent\">\n<p><em>Este documento es una traducci\u00f3n no oficial al espa\u00f1ol de un documento originalmente redactado en ingl\u00e9s. En caso de discrepancia entre esta versi\u00f3n y su original en ingl\u00e9s, la versi\u00f3n inglesa prevalecer\u00e1.<\/em><\/p>\n\n\n\n<p>1.&nbsp;<strong>\u00bfQu\u00e9 son las cookies?<\/strong>&nbsp;Una cookie es un peque\u00f1o fichero que se descarga en su terminal (ya sea un ordenador, tel\u00e9fono inteligente o tableta) cuando accede a una p\u00e1gina web o utiliza una aplicaci\u00f3n y que permite al titular de la p\u00e1gina almacenar o recuperar informaci\u00f3n sobre aspectos de su navegaci\u00f3n. <\/p>\n\n\n\n<p>Desde FERROVIAL SE (en adelante, la SOCIEDAD) queremos ofrecerle la informaci\u00f3n necesaria sobre las cookies utilizadas en el Sitio Web y\/o la Aplicaci\u00f3n, para que usted tenga plena capacidad de decisi\u00f3n sobre el uso de las mismas y con respecto a la protecci\u00f3n de su privacidad.&nbsp;<a aria-label=\"Esta pol\u00edtica de cookies complementa a la pol\u00edtica de privacidad del sitio web (opens in a new tab)\" class=\"ek-link\" href=\"https:\/\/www.ferrovial.com\/es\/politica-de-privacidad\/\" target=\"_blank\" rel=\"noreferrer noopener\">Esta pol\u00edtica de cookies complementa a la pol\u00edtica de privacidad del sitio web<\/a>.<\/p>\n\n\n\n<p>2.&nbsp;<strong>\u00bfQu\u00e9 cookies utilizamos?<\/strong>&nbsp;Utilizamos cookies con la finalidad de posibilitar, personalizar y analizar la navegaci\u00f3n, mejorando la calidad de los servicios ofrecidos. Las cookies utilizadas se clasifican en varias categor\u00edas, si bien una cookie puede estar incluida en m\u00e1s de una categor\u00eda:<\/p>\n\n\n\n<ul class=\"wp-block-list\">\n<li><strong>Cookies de sesi\u00f3n:<\/strong>&nbsp;son cookies temporales que no se almacenan en su terminal, sino que desaparecen cuando finaliza la sesi\u00f3n de navegaci\u00f3n.<\/li>\n\n\n\n<li><strong>Cookies persistentes:<\/strong>&nbsp;son aqu\u00e9llas que permiten que los datos permanezcan en su terminal y puedan ser tratados m\u00e1s all\u00e1 de la finalizaci\u00f3n de la sesi\u00f3n.<\/li>\n\n\n\n<li><strong>Cookies propias:<\/strong>&nbsp;son aqu\u00e9llas que se env\u00edan a su terminal desde el Sitio Web y\/o la Aplicaci\u00f3n, si bien algunas de ellas son proporcionadas por la herramienta Google Analytics.<\/li>\n\n\n\n<li><strong>Cookies de tercera parte:<\/strong>&nbsp;son cookies que se env\u00edan a su terminal desde un dominio que no es gestionado por la SOCIEDAD, sino por otra entidad que trata los datos obtenidos a trav\u00e9s de las cookies. Con la finalidad de permitir diversas funcionalidades, nuestro Sitio Web utiliza cookies de (i) YouTube, Inc. para la reproducci\u00f3n de videos (<a href=\"https:\/\/www.google.com\/intl\/es_es\/policies\/technologies\/cookies\/\">https:\/\/www.google.com\/intl\/es_es\/policies\/technologies\/cookies\/<\/a>) (ii) Slideshare Inc. para la descarga de documentos (<a href=\"http:\/\/www.linkedin.com\/legal\/cookie-policy\">http:\/\/www.linkedin.com\/legal\/cookie-policy<\/a>), (iii) cookies t\u00e9cnicas de Euroland.com AB para posibilitar la consulta a informaci\u00f3n burs\u00e1til.<\/li>\n\n\n\n<li><strong>Cookies t\u00e9cnicas:<\/strong>&nbsp;son cookies que posibilitan la navegaci\u00f3n a trav\u00e9s del Sitio Web y\/o la Aplicaci\u00f3n y la utilizaci\u00f3n de sus opciones o servicios, tales como las que permiten controlar el tr\u00e1fico y la comunicaci\u00f3n de datos, identificar la sesi\u00f3n, acceder a \u00e1reas de acceso restringido o utilizar elementos de seguridad durante la navegaci\u00f3n.<\/li>\n\n\n\n<li><strong>Cookies de personalizaci\u00f3n:<\/strong>&nbsp;son aqu\u00e9llas, que le permiten acceder al Sitio Web y\/o la Aplicaci\u00f3n con algunas caracter\u00edsticas predefinidas en funci\u00f3n de criterios tales como el idioma, el tipo de navegador o la configuraci\u00f3n regional desde donde accede al servicio.<\/li>\n\n\n\n<li><strong>Cookies anal\u00edticas:<\/strong>&nbsp;son cookies utilizadas para el seguimiento y an\u00e1lisis del comportamiento de los usuarios. Este tipo de cookies nos permite medir la actividad en el Sitio Web y\/o la Aplicaci\u00f3n a trav\u00e9s de informaci\u00f3n agregada o de car\u00e1cter estad\u00edstico sobre los h\u00e1bitos de navegaci\u00f3n.Utilizamos cookies anal\u00edticas, algunas de las cuales son proporcionadas por la herramienta Google Analytics (<a href=\"https:\/\/www.google.com\/intl\/es_es\/policies\/technologies\/cookies\/\" target=\"_blank\" rel=\"noreferrer noopener\">https:\/\/www.google.com\/intl\/es_es\/policies\/technologies\/cookies\/<\/a>) y la herramienta de generaci\u00f3n de mapas de calor (representaci\u00f3n gr\u00e1fica del comportamiento de los usuarios en una web) de Hotjar Ltd (<a href=\"https:\/\/www.hotjar.com\/legal\/policies\/cookie-information\" target=\"_blank\" rel=\"noreferrer noopener\">https:\/\/www.hotjar.com\/legal\/policies\/cookie-information<\/a>).<\/li>\n<\/ul>\n\n\n\n<p>3.&nbsp;<strong>\u00bfQui\u00e9n utiliza las cookies?<\/strong>&nbsp;La informaci\u00f3n que se recaba a trav\u00e9s de las cookies descargadas desde el dominio gestionado por la SOCIEDAD, es utilizada por la SOCIEDAD y por Google Inc. y Hotjar Ltd., en tanto prestadores de los servicios de an\u00e1lisis. Otros terceros como YouTube, Inc., Slideshare y Euroland.com AB acceden a la informaci\u00f3n recabada por las cookies gestionadas desde sus dominios. Para m\u00e1s informaci\u00f3n se recomienda acceder a los enlaces facilitados al efecto anteriormente, en especial en lo relativo a poder conocer informaci\u00f3n sobre las transferencias internacionales que realizan.<\/p>\n\n\n\n<p>4.&nbsp;<strong>\u00bfC\u00f3mo puede gestionar las cookies?<\/strong>&nbsp;Cuando el usuario accede por primera vez al Sitio Web es informado de la existencia de cookies y de la presente Pol\u00edtica de Cookies, solicit\u00e1ndose su consentimiento en funci\u00f3n de las distintas cookies que, en cada momento, instale el Sitio Web.<\/p>\n\n\n\n<p>Posteriormente, el usuario puede consultar la presente Pol\u00edtica desde el enlace habilitado al efecto, por si deseara retirar en cualquier momento su consentimiento en relaci\u00f3n con las cookies instaladas. Si deseas volver a configurar tus preferencias en materia de cookies, accede a nuestro panel de configuraci\u00f3n en la esquina inferior derecha del Sitio Web.<\/p>\n\n\n\n<p>Asimismo, el usuario tambi\u00e9n cuenta con la posibilidad de eliminar las cookies almacenadas en su terminal. No obstante, le informamos de que si impide la instalaci\u00f3n o elimina las cookies, algunas funcionalidades, servicios y contenidos del Sitio Web pueden verse afectados. <\/p>\n\n\n\n<p>Los navegadores de Internet permiten visualizar, desactivar, restringir, bloquear o eliminar las cookies. A continuaci\u00f3n se muestra c\u00f3mo puede configurar las cookies en los principales navegadores, si bien le recomendamos que consulte el Soporte o la Ayuda de su navegador para obtener informaci\u00f3n detallada y actualizada en funci\u00f3n de la versi\u00f3n de su navegador y el terminal utilizado:<\/p>\n\n\n\n<ul class=\"wp-block-list\">\n<li><strong>Internet Explorer<\/strong>: Herramientas -&gt; Opciones de Internet&nbsp;-&gt; Privacidad&nbsp;-&gt; Configuraci\u00f3n.<\/li>\n<\/ul>\n\n\n\n<p>Para m\u00e1s informaci\u00f3n, puede consultar el&nbsp;<a rel=\"noreferrer noopener\" aria-label=\" (opens in a new tab)\" href=\"http:\/\/windows.microsoft.com\/es-ES\/windows\/support\" target=\"_blank\">soporte de Microsoft<\/a>&nbsp;o la Ayuda del navegador. Tambi\u00e9n puede conocer informaci\u00f3n en materia de cookies pinchando en el enlace <a href=\"https:\/\/support.microsoft.com\/es-es\/topic\/eliminar-y-administrar-cookies-168dab11-0753-043d-7c16-ede5947fc64d#ie=\" target=\"_blank\" aria-label=\"https:\/\/support.microsoft.com\/es-es\/topic\/eliminar-y-administrar-cookies-168dab11-0753-043d-7c16-ede5947fc64d#ie= (opens in a new tab)\" rel=\"noreferrer noopener\" class=\"ek-link\">https:\/\/support.microsoft.com\/es-es\/topic\/eliminar-y-administrar-cookies-168dab11-0753-043d-7c16-ede5947fc64d#ie=<\/a><\/p>\n\n\n\n<ul class=\"wp-block-list\">\n<li><strong>Firefox<\/strong>: Herramientas&nbsp;-&gt; Opciones&nbsp;-&gt; Privacidad&nbsp;-&gt; Historial&nbsp;-&gt; Configuraci\u00f3n Personalizada.<\/li>\n<\/ul>\n\n\n\n<p>Para m\u00e1s informaci\u00f3n, puede consultar el&nbsp;<a title=\"Ayuda de Mozilla\" rel=\"noreferrer noopener\" aria-label=\" (opens in a new tab)\" href=\"http:\/\/support.mozilla.org\/es\/home\" target=\"_blank\">soporte de Mozilla<\/a>&nbsp;o la Ayuda del navegador. Tambi\u00e9n puede conocer informaci\u00f3n en materia de cookies pinchando en el enlace <a href=\"https:\/\/support.mozilla.org\/es\/kb\/Borrar%20cookies\" target=\"_blank\" aria-label=\"https:\/\/support.mozilla.org\/es\/kb\/Borrar%20cookies (opens in a new tab)\" rel=\"noreferrer noopener\" class=\"ek-link\">https:\/\/support.mozilla.org\/es\/kb\/Borrar%20cookies<\/a><\/p>\n\n\n\n<ul class=\"wp-block-list\">\n<li><strong>Chrome<\/strong>: Configuraci\u00f3n&nbsp;-&gt; Mostrar opciones avanzadas&nbsp;-&gt; Privacidad&nbsp;-&gt; Configuraci\u00f3n de contenido.<\/li>\n<\/ul>\n\n\n\n<p>Para m\u00e1s informaci\u00f3n, puede consultar el&nbsp;<a title=\"Ayuda de Google Chrome\" aria-label=\" (opens in a new tab)\" href=\"http:\/\/support.google.com\/chrome\/?hl=es\" target=\"_blank\" rel=\"noreferrer noopener\">soporte de Google<\/a>&nbsp;o la Ayuda del navegador. Tambi\u00e9n puede conocer informaci\u00f3n en materia de cookies pinchando en el enlace <a href=\"https:\/\/support.google.com\/chrome\/answer\/95647?hl=\" target=\"_blank\" aria-label=\"https:\/\/support.google.com\/chrome\/answer\/95647?hl= (opens in a new tab)\" rel=\"noreferrer noopener\" class=\"ek-link\">https:\/\/support.google.com\/chrome\/answer\/95647?hl=<\/a><\/p>\n\n\n\n<ul class=\"wp-block-list\">\n<li><strong>Safari<\/strong>: Preferencias&nbsp;-&gt; Seguridad.<\/li>\n<\/ul>\n\n\n\n<p>Para m\u00e1s informaci\u00f3n, puede consultar el&nbsp;<a title=\"Safari - Soporte t\u00e9cnico oficial de Apple\" rel=\"noreferrer noopener\" aria-label=\" (opens in a new tab)\" href=\"http:\/\/www.apple.com\/es\/support\/safari\/\" target=\"_blank\">soporte de Apple<\/a>&nbsp;o la Ayuda del navegador. Tambi\u00e9n puede conocer informaci\u00f3n en materia de cookies pinchando en el enlace https:\/\/www.apple.com\/legal\/privacy\/es\/cookies\/<\/p>\n\n\n\n<p>Asimismo, le informamos de que algunos navegadores permiten activar un modo privado o inc\u00f3gnito de navegaci\u00f3n en virtud del cual las cookies se instalan en el terminal pero se eliminan de manera autom\u00e1tica cuando finaliza la sesi\u00f3n de navegaci\u00f3n.<\/p>\n\n\n\n<p>5. <strong>\u00bfDurante cu\u00e1nto tiempo se mantiene la informaci\u00f3n recabada con el empleo de cookies?<\/strong>&nbsp;En caso de que mediante el empleo de las cookies descritas se recaben datos de car\u00e1cter personal, los mismos ser\u00e1n conservados mientras sean necesarios para la finalidad para la cual son tratados. Posteriormente, sus datos se conservar\u00e1n bloqueados a disposici\u00f3n de la Administraci\u00f3n de Justicia durante los plazos establecidos legalmente para atender a las posibles responsabilidades nacidas del tratamiento de los mismos.<\/p>\n\n\n\n<p><strong>Actualizaciones y cambios en la pol\u00edtica de \u201ccookies\u201d<\/strong><\/p>\n\n\n\n<p>La SOCIEDAD podr\u00e1 modificar la Pol\u00edtica de Cookies total o parcialmente, publicando cualquier cambio en la misma forma en que aparece esta pol\u00edtica o a trav\u00e9s de cualquier tipo de comunicaci\u00f3n dirigida a los usuarios, en funci\u00f3n de exigencias legislativas, reglamentarias o con la finalidad de adaptar dicha pol\u00edtica a las instrucciones de la autoridad de protecci\u00f3n de datos en Pa\u00edses Bajos &#171;Autoriteit Persoonsgegevens&#187;. Por ello, te aconsejamos la visita peri\u00f3dica a su contenido.<\/p>\n\n\n\n<p>\u00daltima fecha de actualizaci\u00f3n: 16 de junio de 2023.<\/p>\n<\/div><\/m-wysiwig>\n","protected":false},"excerpt":{"rendered":"","protected":false},"featured_media":0,"parent":0,"menu_order":0,"comment_status":"closed","ping_status":"closed","template":"","meta":{"_acf_changed":false,"footnotes":""},"class_list":["post-25286","page","type-page","status-publish","hentry"],"acf":[],"yoast_head":"<!-- This site is optimized with the Yoast SEO plugin v27.2 - https:\/\/yoast.com\/product\/yoast-seo-wordpress\/ -->\n<title>Pol\u00edtica de Cookies - Ferrovial<\/title>\n<meta name=\"description\" content=\"En este documento se puede consultar la Pol\u00edtica de Privacidad y Cookies del sitio web de Ferrovial.\" \/>\n<meta name=\"robots\" content=\"index, follow, max-snippet:-1, max-image-preview:large, max-video-preview:-1\" \/>\n<link rel=\"canonical\" href=\"https:\/\/www.ferrovial.com\/es\/politica-de-cookies\/\" \/>\n<meta property=\"og:locale\" content=\"es_ES\" \/>\n<meta property=\"og:type\" content=\"article\" \/>\n<meta property=\"og:title\" content=\"Pol\u00edtica de Cookies - Ferrovial\" \/>\n<meta property=\"og:description\" content=\"En este documento se puede consultar la Pol\u00edtica de Privacidad y Cookies del sitio web de Ferrovial.\" \/>\n<meta property=\"og:url\" content=\"https:\/\/www.ferrovial.com\/es\/politica-de-cookies\/\" \/>\n<meta property=\"og:site_name\" content=\"Ferrovial\" \/>\n<meta property=\"article:publisher\" content=\"https:\/\/www.facebook.com\/ferrovial\" \/>\n<meta property=\"article:modified_time\" content=\"2023-06-16T11:38:50+00:00\" \/>\n<meta name=\"twitter:card\" content=\"summary_large_image\" \/>\n<meta name=\"twitter:site\" content=\"@ferrovial\" \/>\n<meta name=\"twitter:label1\" content=\"Est. reading time\" \/>\n\t<meta name=\"twitter:data1\" content=\"6 minutos\" \/>\n<!-- \/ Yoast SEO plugin. -->","yoast_head_json":{"title":"Pol\u00edtica de Cookies - Ferrovial","description":"En este documento se puede consultar la Pol\u00edtica de Privacidad y Cookies del sitio web de Ferrovial.","robots":{"index":"index","follow":"follow","max-snippet":"max-snippet:-1","max-image-preview":"max-image-preview:large","max-video-preview":"max-video-preview:-1"},"canonical":"https:\/\/www.ferrovial.com\/es\/politica-de-cookies\/","og_locale":"es_ES","og_type":"article","og_title":"Pol\u00edtica de Cookies - Ferrovial","og_description":"En este documento se puede consultar la Pol\u00edtica de Privacidad y Cookies del sitio web de Ferrovial.","og_url":"https:\/\/www.ferrovial.com\/es\/politica-de-cookies\/","og_site_name":"Ferrovial","article_publisher":"https:\/\/www.facebook.com\/ferrovial","article_modified_time":"2023-06-16T11:38:50+00:00","twitter_card":"summary_large_image","twitter_site":"@ferrovial","twitter_misc":{"Est. reading time":"6 minutos"},"schema":{"@context":"https:\/\/schema.org","@graph":[{"@type":"WebPage","@id":"https:\/\/www.ferrovial.com\/es\/politica-de-cookies\/","url":"https:\/\/www.ferrovial.com\/es\/politica-de-cookies\/","name":"Pol\u00edtica de Cookies - Ferrovial","isPartOf":{"@id":"https:\/\/www.ferrovial.com\/es\/#website"},"datePublished":"2019-09-17T13:48:01+00:00","dateModified":"2023-06-16T11:38:50+00:00","description":"En este documento se puede consultar la Pol\u00edtica de Privacidad y Cookies del sitio web de Ferrovial.","breadcrumb":{"@id":"https:\/\/www.ferrovial.com\/es\/politica-de-cookies\/#breadcrumb"},"inLanguage":"es","potentialAction":[{"@type":"ReadAction","target":["https:\/\/www.ferrovial.com\/es\/politica-de-cookies\/"]}]},{"@type":"BreadcrumbList","@id":"https:\/\/www.ferrovial.com\/es\/politica-de-cookies\/#breadcrumb","itemListElement":[{"@type":"ListItem","position":1,"name":"Portada","item":"https:\/\/www.ferrovial.com\/es\/"},{"@type":"ListItem","position":2,"name":"Pol\u00edtica de Cookies"}]},{"@type":"WebSite","@id":"https:\/\/www.ferrovial.com\/es\/#website","url":"https:\/\/www.ferrovial.com\/es\/","name":"Ferrovial","description":"Welcome to the Ferrovial&#039;s website, global operator of sustainable infrastructure. Here you can find all the information about the company and subsidiaries.","publisher":{"@id":"https:\/\/www.ferrovial.com\/es\/#organization"},"potentialAction":[{"@type":"SearchAction","target":{"@type":"EntryPoint","urlTemplate":"https:\/\/www.ferrovial.com\/es\/?s={search_term_string}"},"query-input":{"@type":"PropertyValueSpecification","valueRequired":true,"valueName":"search_term_string"}}],"inLanguage":"es"},{"@type":"Organization","@id":"https:\/\/www.ferrovial.com\/es\/#organization","name":"Ferrovial S.A.","url":"https:\/\/www.ferrovial.com\/es\/","logo":{"@type":"ImageObject","inLanguage":"es","@id":"https:\/\/www.ferrovial.com\/es\/#\/schema\/logo\/image\/","url":"https:\/\/static.ferrovial.com\/wp-content\/uploads\/2020\/01\/13124948\/logo-ferrovial-cf7.png","contentUrl":"https:\/\/static.ferrovial.com\/wp-content\/uploads\/2020\/01\/13124948\/logo-ferrovial-cf7.png","width":144,"height":32,"caption":"Ferrovial S.A."},"image":{"@id":"https:\/\/www.ferrovial.com\/es\/#\/schema\/logo\/image\/"},"sameAs":["https:\/\/www.facebook.com\/ferrovial","https:\/\/x.com\/ferrovial","https:\/\/www.instagram.com\/ferrovial\/","https:\/\/www.linkedin.com\/company\/ferrovial","https:\/\/www.pinterest.es\/ferrovial\/","https:\/\/www.youtube.com\/ferrovial","https:\/\/en.wikipedia.org\/wiki\/Ferrovial"]}]}},"_links":{"self":[{"href":"https:\/\/www.ferrovial.com\/es\/wp-json\/wp\/v2\/pages\/25286","targetHints":{"allow":["GET"]}}],"collection":[{"href":"https:\/\/www.ferrovial.com\/es\/wp-json\/wp\/v2\/pages"}],"about":[{"href":"https:\/\/www.ferrovial.com\/es\/wp-json\/wp\/v2\/types\/page"}],"replies":[{"embeddable":true,"href":"https:\/\/www.ferrovial.com\/es\/wp-json\/wp\/v2\/comments?post=25286"}],"version-history":[{"count":3,"href":"https:\/\/www.ferrovial.com\/es\/wp-json\/wp\/v2\/pages\/25286\/revisions"}],"predecessor-version":[{"id":263496,"href":"https:\/\/www.ferrovial.com\/es\/wp-json\/wp\/v2\/pages\/25286\/revisions\/263496"}],"wp:attachment":[{"href":"https:\/\/www.ferrovial.com\/es\/wp-json\/wp\/v2\/media?parent=25286"}],"curies":[{"name":"wp","href":"https:\/\/api.w.org\/{rel}","templated":true}]}}