{"id":25290,"date":"2019-09-17T15:49:14","date_gmt":"2019-09-17T13:49:14","guid":{"rendered":"https:\/\/www.ferrovial.com\/?page_id=25290"},"modified":"2025-07-10T13:16:07","modified_gmt":"2025-07-10T11:16:07","slug":"aviso-legal","status":"publish","type":"page","link":"https:\/\/www.ferrovial.com\/es\/aviso-legal\/","title":{"rendered":"Aviso legal"},"content":{"rendered":"    <m-final-content-header >\n            <c-breadcrumb label-text=\"Breadcrumb\" slot=\"breadcrumbs\" type='2' align='left' wrap='wrapped wrapped'>\n                        <ol>\n\n                                                            <li><a href=\"https:\/\/www.ferrovial.com\/es\/\" title=\"Ferrovial\">Ferrovial<\/a><\/li>\n                                    \n                <\/ol>\n\n                <\/c-breadcrumb>\n    \n        <div slot=\"header\">\n            <h1>\n                Aviso legal            <\/h1>\n                    <\/div>\n    <\/m-final-content-header>\n\n    \n\n\n<m-wysiwig class=\"wp-block-components-wysiwyg\"><div slot=\"maincontent\">\n<p><em>Este documento es una traducci\u00f3n no oficial al espa\u00f1ol de un documento originalmente redactado en ingl\u00e9s. En caso de discrepancia entre esta versi\u00f3n y su original en ingl\u00e9s, la versi\u00f3n inglesa prevalecer\u00e1.<\/em><\/p>\n\n\n\n<h2 class=\"wp-block-heading\">1. Introducci\u00f3n e informaci\u00f3n de la empresa<\/h2>\n\n\n\n<p>El presente texto se constituye como el Aviso Legal de los sitios web propiedad de Ferrovial S.E., ubicados bajo el dominio\u201cferrovial.com\u201dy sus respectivos subdominios (en adelante, el \u201cSitio Web\u201d).<\/p>\n\n\n\n<p>Ferrovial S.E. tiene domicilio social en Gustav Mahlerplein 61-63&nbsp;(Symphony Towers, 14<sup>th<\/sup>&nbsp;floor),&nbsp;1082 MS Amsterdam,&nbsp;Pa\u00edses Bajos. Est\u00e1 registrado en el Dutch Trade Register KvK73422134 (en adelante, el Sitio Web de \u201cFERROVIAL\u201d).<\/p>\n\n\n\n<p>Puede ponerse en contacto directamente con FERROVIAL enviando un correo electr\u00f3nico a web@ferrovial.como llamando al +31 207 98 37 02<\/p>\n\n\n\n<p>\u201cGrupo\u201d o Grupo Ferrovial\u201d hace referencia a Ferrovial S.E. y las entidades que forman parte de su grupo consolidado, salvo que se indique lo contrato.<\/p>\n\n\n\n<p>Los proyectos y activos de las divisiones de negocio de Grupo Ferrovial son jur\u00eddicamente independientes. Dichos proyectos y activos tienen sus propios gestores.<br><\/p>\n\n\n\n<h2 class=\"wp-block-heading\">2. Prop\u00f3sito y alcance<\/h2>\n\n\n\n<p>&nbsp;El presente Aviso Legal regula el acceso y uso de los contenidos ofrecidos por FERROVIAL en sus Sitios Web. No obstante, FERROVIAL se reserva el derecho a modificar la presentaci\u00f3n, configuraci\u00f3n y contenidos del Sitio Web y de los servicios, as\u00ed como las condiciones para su acceso y\/o uso.<\/p>\n\n\n\n<p>La \u00faltima fecha de actualizaci\u00f3n de estos textos fue el 16 de junio de 2023.<\/p>\n\n\n\n<p>No obstante, el acceso a determinados contenidos y la utilizaci\u00f3n de determinados servicios pueden estar sujetos a Condiciones Particulares, que sustituir\u00e1n, complementar\u00e1n y\/o modificar\u00e1n, seg\u00fan los casos, el presente Aviso Legal o las Condiciones Generales o las Condiciones Particulares (si las hubiere); en caso de discrepancia, las Condiciones Particulares prevalecer\u00e1n sobre las Condiciones Generales y el contenido de este Aviso Legal.<\/p>\n\n\n\n<p>El acceso, navegaci\u00f3n o uso de este Sitio Web implica la aceptaci\u00f3n impl\u00edcita por parte del Usuario de las condiciones del presente Aviso Legal en su formato vigente en cada momento.<\/p>\n\n\n\n<p>En este sentido, se entender\u00e1 por Usuario la persona que acceda, navegue o visualice los contenidos del Sitio Web; Usuario Registrado hace referencia a la persona que accede, navega y se registra para usar, visualizar, navegar, almacenar y\/o descargar contenidos y\/o utilizar los servicios del Sitio Web.<br><\/p>\n\n\n\n<h2 class=\"wp-block-heading\">3. Obligaciones del Usuario<\/h2>\n\n\n\n<p>El acceso y uso del Sitio Web no requiere registro; sin embargo, para usar ciertas funciones, es posible que los usuarios deban proporcionar informaci\u00f3n como su nombre y direcci\u00f3n de correo electr\u00f3nico.<\/p>\n\n\n\n<p>El Usuario acepta:<\/p>\n\n\n\n<ul class=\"wp-block-list\">\n<li>Aceptar y cumplir lo dispuesto en este Aviso Legal y en los documentos que formen parte integrante del mismo.<\/li>\n\n\n\n<li>No calumniar, abusar, molestar, acosar, amenazar o de otra manera violar los derechos de cualquier otro Usuario o cualquier otra persona.<\/li>\n\n\n\n<li>No eliminar o intentar eludir ninguna de las medidas de seguridad que se adopten e implementen en el Sitio Web.<\/li>\n\n\n\n<li>Cumplir con la legislaci\u00f3n vigente.<br><\/li>\n<\/ul>\n\n\n\n<h2 class=\"wp-block-heading\">4. Derechos de Propiedad Intelectual e Industrial<\/h2>\n\n\n\n<p>FERROVIAL es titular o ha obtenido los derechos de explotaci\u00f3n de la propiedad intelectual e industrial del Sitio Web, as\u00ed como los derechos de propiedad intelectual e industrial de la informaci\u00f3n y materiales, estructura, selecci\u00f3n, organizaci\u00f3n y presentaci\u00f3n de los contenidos, servicios y productos disponibles a trav\u00e9s del mismo. , as\u00ed como los programas inform\u00e1ticos utilizados en relaci\u00f3n con los mismos.<br><br>El acceso, navegaci\u00f3n, uso, almacenamiento y\/o descarga de contenidos y\/o uso de los servicios del Sitio Web por parte del Usuario no se considerar\u00e1 en ning\u00fan caso como una renuncia, transmisi\u00f3n, licencia o cesi\u00f3n total o parcial de dichos derechos por parte de FERROVIAL o el titular de los derechos, en su caso.<br><br>En consecuencia, no est\u00e1 permitido al usuario suprimir, eludir o manipular el aviso de copyright o cualquier otra informaci\u00f3n identificativa de los derechos de FERROVIAL o de sus respectivos titulares incluida en los contenidos y\/o servicios, as\u00ed como las medidas t\u00e9cnicas de protecci\u00f3n o cualquier informaci\u00f3n y\/o mecanismos de identificaci\u00f3n que pudieran estar contenidos en el mismo.<br><br>Las referencias a nombres comerciales y marcas o marcas registradas, logotipos u otros signos distintivos, sean de titularidad de FERROVIAL o de terceros, llevan impl\u00edcita la prohibici\u00f3n de su uso sin el consentimiento por escrito de FERROVIAL o de sus correspondientes leg\u00edtimos titulares. En ning\u00fan momento, salvo manifestaci\u00f3n expresa en contrario, el acceso o uso del Sitio Web y\/o de sus contenidos y\/o servicios confiere al usuario derecho alguno sobre las marcas, logotipos y\/o signos distintivos protegidos por ley.<br><br>Quedan reservados todos los derechos de propiedad intelectual e industrial y, en particular, queda prohibido modificar, copiar, reutilizar, explotar, reproducir, transformar, comunicar p\u00fablicamente, realizar segundas o posteriores publicaciones, cargar archivos, enviar por correo, transmitir, utilizar, tratar o de cualquier otro modo distribuir la totalidad o parte de los contenidos y productos incluidos en el Sitio Web con fines p\u00fablicos o comerciales sin la autorizaci\u00f3n expresa y por escrito de FERROVIAL o del titular de los correspondientes derechos, seg\u00fan corresponda.<br><\/p>\n\n\n\n<h2 class=\"wp-block-heading\">5. Licencia de comunicaciones<\/h2>\n\n\n\n<p>En el caso de que el Usuario env\u00ede informaci\u00f3n de cualquier tipo a FERROVIAL a trav\u00e9s del Sitio Web, utilizando los canales habilitados al efecto, el Usuario manifiesta, garantiza y acepta que tiene derecho a hacerlo libremente, que la informaci\u00f3n no infringe ning\u00fan propiedad intelectual, marca registrada, patente, secreto comercial o cualquier otro derecho de terceros, que no sea confidencial y que no sea perjudicial para terceros.<em><\/em><\/p>\n\n\n\n<p>El Usuario asume la responsabilidad y mantendr\u00e1 indemne a FERROVIAL por cualquier comunicaci\u00f3n que suministre personalmente o a su nombre, incluyendo, pero sin limitarse a, la responsabilidad por la exactitud, legalidad, originalidad y titularidad de las mismas.<\/p>\n\n\n\n<h2 class=\"wp-block-heading\">6. Responsabilidades y Garant\u00edas<\/h2>\n\n\n\n<p>El contenido del Sitio Web tiene una finalidad informativa y no constituye una recomendaci\u00f3n para ning\u00fan tipo de inversi\u00f3n, transacci\u00f3n u operaci\u00f3n similar.<\/p>\n\n\n\n<p>FERROVIAL declara que ha adoptado todas las medidas necesarias, dentro de sus posibilidades y de las posibilidades de la tecnolog\u00eda actual, para garantizar el funcionamiento del Sitio Web y evitar la existencia y transmisi\u00f3n de virus y dem\u00e1s componentes da\u00f1inos a los Usuarios.<\/p>\n\n\n\n<p>No obstante, FERROVIAL no ofrece garant\u00eda alguna sobre la idoneidad o utilidad de los contenidos del Sitio Web, y no se responsabiliza de los da\u00f1os que cause, a s\u00ed mismo o a un tercero, la persona que infringiera las condiciones, normas e instrucciones que FERROVIAL establece en el Sitio Web o a trav\u00e9s de la vulneraci\u00f3n de los sistemas de seguridad del Sitio Web.<\/p>\n\n\n\n<p>Si el Usuario tuviera conocimiento de la existencia de alg\u00fan contenido prohibido, il\u00edcito, contrario a las leyes o que pudiera suponer una violaci\u00f3n de los derechos de propiedad intelectual y\/o industrial, deber\u00e1 comunicarlo inmediatamente a FERROVIAL para que se tomen las medidas oportunas. <br><\/p>\n\n\n\n<h2 class=\"wp-block-heading\">7. Enlaces<\/h2>\n\n\n\n<h3 class=\"wp-block-heading\">7.1. Enlaces a otros sitios web<\/h3>\n\n\n\n<p>FERROVIAL no se responsabiliza por cualquier aspecto relativo a los sitios web de terceros a los que se pueda acceder por enlaces desde este Sitio Web, en particular, a t\u00edtulo enunciativo, pero no limitativo, sobre su funcionamiento, accesibilidad, contenido de datos, informaci\u00f3n, archivos, calidad y fiabilidad de los productos. y servicios prestados, los propios enlaces y\/o cualquiera de sus contenidos en general.<\/p>\n\n\n\n<p>El establecimiento de cualquier tipo de enlace desde el Sitio Web a un sitio web ajeno no implica ning\u00fan tipo de relaci\u00f3n, colaboraci\u00f3n o relaci\u00f3n de dependencia entre FERROVIAL y los responsables del sitio web ajeno.<\/p>\n\n\n\n<h3 class=\"wp-block-heading\">7.2. Enlaces a este sitio web desde otros sitios web<\/h3>\n\n\n\n<p>Todo Usuario, entidad o sitio web que desee establecer alg\u00fan tipo de enlace con destino al<br>Sitio Web deber\u00e1 cumplir con las siguientes condiciones:<\/p>\n\n\n\n<ul class=\"wp-block-list\">\n<li>El enlace debe ser absoluto y completo, es decir, debe llevar al Usuario a la direcci\u00f3n URL<br>del Sitio Web en un solo clic y debe abarcar la pantalla completa de la P\u00e1gina de Inicio del<br>Sitio Web. En ning\u00fan caso, salvo autorizaci\u00f3n expresa y por escrito de FERROVIAL, el sitio<br>web del enlace podr\u00e1 reproducir el Sitio Web de cualquier forma, incluirlo como parte de su<br>propio sitio web o dentro de uno de sus marcos, o crear un navegador para cualquiera de las<br>p\u00e1ginas del Sitio Web.<\/li>\n\n\n\n<li>En la p\u00e1gina que establezca dicho enlace no se podr\u00e1 afirmar de ninguna forma que<br>FERROVIAL ha autorizado tal enlace, salvo que FERROVIAL lo haya hecho expresamente y<br>por escrito. Si la entidad que realiza un enlace desde su propia p\u00e1gina al Sitio Web desea<br>incluir en su sitio web la marca, denominaci\u00f3n, nombre comercial, r\u00f3tulo, logotipo, eslogan<br>o cualquier otro elemento identificativo de FERROVIAL y\/o de su Sitio Web, deber\u00e1 obtener<br>la autorizaci\u00f3n expresa de FERROVIAL. permiso por escrito de antemano.<\/li>\n\n\n\n<li>FERROVIAL no autoriza el establecimiento de un enlace al Sitio Web desde sitios web que<br>contengan material, informaci\u00f3n o contenidos il\u00edcitos, ilegales, denigrantes, obscenos o, en<br>general, contrarios a la moral, el orden p\u00fablico o las normas sociales generalmente aceptadas.<\/li>\n<\/ul>\n\n\n\n<h2 class=\"wp-block-heading\">8. Privacidad y Cookies<\/h2>\n\n\n\n<p>La pol\u00edtica de privacidad y cookies del Sitio Web se encuentra recogida en la <a title=\"Pol\u00edtica de Cookies - Ferrovial\" href=\"https:\/\/www.ferrovial.com\/es\/politica-de-privacidad\/\" rel=\"dofollow\">Pol\u00edtica de Privacidad<\/a>&nbsp;y&nbsp;&nbsp;<a title=\"Pol\u00edtica de Cookies - Ferrovial\" href=\"https:\/\/www.ferrovial.com\/es\/politica-de-cookies\/\" rel=\"dofollow\">Pol\u00edtica de Cookies<\/a>.<\/p>\n\n\n\n<h2 class=\"wp-block-heading\">9. Duraci\u00f3n y Modificaci\u00f3n<\/h2>\n\n\n\n<p>FERROVIAL podr\u00e1 modificar en cualquier momento cualquiera o todos estos t\u00e9rminos y condiciones, publicando cualquier cambio en el mismo formato que este Aviso Legal o mediante cualquier otro tipo de comunicaci\u00f3n dirigida a los Usuarios.<\/p>\n\n\n\n<p>Por tanto, la vigencia en el tiempo de este Aviso Legal coincide con el per\u00edodo de tiempo de su exposici\u00f3n, hasta que sea modificado, total o parcialmente, momento en el cual el Aviso Legal modificado entrar\u00e1 en vigor y ser\u00e1 publicado en este Sitio Web.<\/p>\n\n\n\n<p>Con independencia de lo dispuesto en las Condiciones Particulares, FERROVIAL podr\u00e1, en cualquier momento y sin necesidad de preaviso, dar por terminado, suspender o interrumpir el acceso a los contenidos del Sitio Web, sin que el Usuario tenga derecho a exigir indemnizaci\u00f3n alguna. Las prohibiciones de uso de contenidos expresadas anteriormente en este Aviso Legal subsistir\u00e1n a dicha terminaci\u00f3n.<\/p>\n\n\n\n<h2 class=\"wp-block-heading\">10. Varios<\/h2>\n\n\n\n<p>Los encabezamientos de las cl\u00e1usulas tienen una finalidad meramente informativa y no afectan, califican o ampl\u00edan la interpretaci\u00f3n del Aviso Legal.<\/p>\n\n\n\n<p>En caso de discrepancia entre lo dispuesto en este Aviso Legal y las Condiciones Particulares de un servicio concreto, prevalecer\u00e1n estas \u00faltimas.<\/p>\n\n\n\n<p>En el caso de que cualquier disposici\u00f3n de este Aviso Legal fuera declarada nula o inaplicable, en todo o en parte, por cualquier Juzgado, Tribunal o cualquier otro \u00f3rgano administrativo competente, dicha decisi\u00f3n no afectar\u00e1 a las dem\u00e1s disposiciones del presente Aviso Legal. el Aviso Legal.<\/p>\n\n\n\n<p>El hecho de que FERROVIAL no ejercite o ejecute alguno de los derechos o disposiciones contenidos en este Aviso Legal, no constituir\u00e1 una renuncia a tales derechos o disposiciones salvo que as\u00ed lo acuerde y reconozca.<\/p>\n\n\n\n<h2 class=\"wp-block-heading\">11. Jurisdicci\u00f3n y Ley Aplicable<\/h2>\n\n\n\n<p>La ley de Pa\u00edses Bajos regir\u00e1 el Sitio Web de FERROVIAL y su contenido.<\/p>\n\n\n\n<p>La relaci\u00f3n establecida entre FERROVIAL y el Usuario se rige por la normativa vigente acerca de la legislaci\u00f3n aplicable y la jurisdicci\u00f3n competente, no obstante, cuando la ley prevea la posibilidad de que las partes se sometan a un fuero, FERROVIAL y el Usuario someter\u00e1n todas las controversias y\/o demandas a los Juzgados y Tribunales de Pa\u00edses Bajos, y con renuncia expresa a cualquier otro fuero que pudiera corresponderles.<\/p>\n<\/div><\/m-wysiwig>\n","protected":false},"excerpt":{"rendered":"","protected":false},"featured_media":0,"parent":0,"menu_order":0,"comment_status":"closed","ping_status":"closed","template":"","meta":{"_acf_changed":false,"footnotes":""},"class_list":["post-25290","page","type-page","status-publish","hentry"],"acf":[],"yoast_head":"<!-- This site is optimized with the Yoast SEO plugin v27.2 - https:\/\/yoast.com\/product\/yoast-seo-wordpress\/ -->\n<title>Aviso Legal - Ferrovial<\/title>\n<meta name=\"description\" content=\"Aviso Legal de las p\u00e1ginas web propiedad de Ferrovial, S.A. ubicadas bajo el dominio \u201cferrovial.com\u201d y sus respectivos subdominios.\" \/>\n<meta name=\"robots\" content=\"index, follow, max-snippet:-1, max-image-preview:large, max-video-preview:-1\" \/>\n<link rel=\"canonical\" href=\"https:\/\/www.ferrovial.com\/es\/aviso-legal\/\" \/>\n<meta property=\"og:locale\" content=\"es_ES\" \/>\n<meta property=\"og:type\" content=\"article\" \/>\n<meta property=\"og:title\" content=\"Aviso Legal - Ferrovial\" \/>\n<meta property=\"og:description\" content=\"Aviso Legal de las p\u00e1ginas web propiedad de Ferrovial, S.A. ubicadas bajo el dominio \u201cferrovial.com\u201d y sus respectivos subdominios.\" \/>\n<meta property=\"og:url\" content=\"https:\/\/www.ferrovial.com\/es\/aviso-legal\/\" \/>\n<meta property=\"og:site_name\" content=\"Ferrovial\" \/>\n<meta property=\"article:publisher\" content=\"https:\/\/www.facebook.com\/ferrovial\" \/>\n<meta property=\"article:modified_time\" content=\"2025-07-10T11:16:07+00:00\" \/>\n<meta name=\"twitter:card\" content=\"summary_large_image\" \/>\n<meta name=\"twitter:site\" content=\"@ferrovial\" \/>\n<meta name=\"twitter:label1\" content=\"Est. reading time\" \/>\n\t<meta name=\"twitter:data1\" content=\"9 minutos\" \/>\n<!-- \/ Yoast SEO plugin. -->","yoast_head_json":{"title":"Aviso Legal - Ferrovial","description":"Aviso Legal de las p\u00e1ginas web propiedad de Ferrovial, S.A. ubicadas bajo el dominio \u201cferrovial.com\u201d y sus respectivos subdominios.","robots":{"index":"index","follow":"follow","max-snippet":"max-snippet:-1","max-image-preview":"max-image-preview:large","max-video-preview":"max-video-preview:-1"},"canonical":"https:\/\/www.ferrovial.com\/es\/aviso-legal\/","og_locale":"es_ES","og_type":"article","og_title":"Aviso Legal - Ferrovial","og_description":"Aviso Legal de las p\u00e1ginas web propiedad de Ferrovial, S.A. ubicadas bajo el dominio \u201cferrovial.com\u201d y sus respectivos subdominios.","og_url":"https:\/\/www.ferrovial.com\/es\/aviso-legal\/","og_site_name":"Ferrovial","article_publisher":"https:\/\/www.facebook.com\/ferrovial","article_modified_time":"2025-07-10T11:16:07+00:00","twitter_card":"summary_large_image","twitter_site":"@ferrovial","twitter_misc":{"Est. reading time":"9 minutos"},"schema":{"@context":"https:\/\/schema.org","@graph":[{"@type":"WebPage","@id":"https:\/\/www.ferrovial.com\/es\/aviso-legal\/","url":"https:\/\/www.ferrovial.com\/es\/aviso-legal\/","name":"Aviso Legal - Ferrovial","isPartOf":{"@id":"https:\/\/www.ferrovial.com\/es\/#website"},"datePublished":"2019-09-17T13:49:14+00:00","dateModified":"2025-07-10T11:16:07+00:00","description":"Aviso Legal de las p\u00e1ginas web propiedad de Ferrovial, S.A. ubicadas bajo el dominio \u201cferrovial.com\u201d y sus respectivos subdominios.","breadcrumb":{"@id":"https:\/\/www.ferrovial.com\/es\/aviso-legal\/#breadcrumb"},"inLanguage":"es","potentialAction":[{"@type":"ReadAction","target":["https:\/\/www.ferrovial.com\/es\/aviso-legal\/"]}]},{"@type":"BreadcrumbList","@id":"https:\/\/www.ferrovial.com\/es\/aviso-legal\/#breadcrumb","itemListElement":[{"@type":"ListItem","position":1,"name":"Portada","item":"https:\/\/www.ferrovial.com\/es\/"},{"@type":"ListItem","position":2,"name":"Aviso legal"}]},{"@type":"WebSite","@id":"https:\/\/www.ferrovial.com\/es\/#website","url":"https:\/\/www.ferrovial.com\/es\/","name":"Ferrovial","description":"Welcome to the Ferrovial&#039;s website, global operator of sustainable infrastructure. Here you can find all the information about the company and subsidiaries.","publisher":{"@id":"https:\/\/www.ferrovial.com\/es\/#organization"},"potentialAction":[{"@type":"SearchAction","target":{"@type":"EntryPoint","urlTemplate":"https:\/\/www.ferrovial.com\/es\/?s={search_term_string}"},"query-input":{"@type":"PropertyValueSpecification","valueRequired":true,"valueName":"search_term_string"}}],"inLanguage":"es"},{"@type":"Organization","@id":"https:\/\/www.ferrovial.com\/es\/#organization","name":"Ferrovial S.A.","url":"https:\/\/www.ferrovial.com\/es\/","logo":{"@type":"ImageObject","inLanguage":"es","@id":"https:\/\/www.ferrovial.com\/es\/#\/schema\/logo\/image\/","url":"https:\/\/static.ferrovial.com\/wp-content\/uploads\/2020\/01\/13124948\/logo-ferrovial-cf7.png","contentUrl":"https:\/\/static.ferrovial.com\/wp-content\/uploads\/2020\/01\/13124948\/logo-ferrovial-cf7.png","width":144,"height":32,"caption":"Ferrovial S.A."},"image":{"@id":"https:\/\/www.ferrovial.com\/es\/#\/schema\/logo\/image\/"},"sameAs":["https:\/\/www.facebook.com\/ferrovial","https:\/\/x.com\/ferrovial","https:\/\/www.instagram.com\/ferrovial\/","https:\/\/www.linkedin.com\/company\/ferrovial","https:\/\/www.pinterest.es\/ferrovial\/","https:\/\/www.youtube.com\/ferrovial","https:\/\/en.wikipedia.org\/wiki\/Ferrovial"]}]}},"_links":{"self":[{"href":"https:\/\/www.ferrovial.com\/es\/wp-json\/wp\/v2\/pages\/25290","targetHints":{"allow":["GET"]}}],"collection":[{"href":"https:\/\/www.ferrovial.com\/es\/wp-json\/wp\/v2\/pages"}],"about":[{"href":"https:\/\/www.ferrovial.com\/es\/wp-json\/wp\/v2\/types\/page"}],"replies":[{"embeddable":true,"href":"https:\/\/www.ferrovial.com\/es\/wp-json\/wp\/v2\/comments?post=25290"}],"version-history":[{"count":3,"href":"https:\/\/www.ferrovial.com\/es\/wp-json\/wp\/v2\/pages\/25290\/revisions"}],"predecessor-version":[{"id":309454,"href":"https:\/\/www.ferrovial.com\/es\/wp-json\/wp\/v2\/pages\/25290\/revisions\/309454"}],"wp:attachment":[{"href":"https:\/\/www.ferrovial.com\/es\/wp-json\/wp\/v2\/media?parent=25290"}],"curies":[{"name":"wp","href":"https:\/\/api.w.org\/{rel}","templated":true}]}}