{"id":252954,"date":"2023-01-09T13:11:30","date_gmt":"2023-01-09T12:11:30","guid":{"rendered":"https:\/\/www.ferrovial.com\/?page_id=252954"},"modified":"2023-01-10T12:16:39","modified_gmt":"2023-01-10T11:16:39","slug":"teoria-de-la-informacion","status":"publish","type":"page","link":"https:\/\/www.ferrovial.com\/es\/stem\/teoria-de-la-informacion\/","title":{"rendered":"Teor\u00eda de la informaci\u00f3n"},"content":{"rendered":"    <m-final-content-header >\n            <c-breadcrumb label-text=\"Breadcrumb\" slot=\"breadcrumbs\" type='2' align='left' wrap='wrapped wrapped' aria-label='Vienes de STEM'>\n                        <ol>\n\n                                                            <li><a href=\"https:\/\/www.ferrovial.com\/es\/\" title=\"Ferrovial\">Ferrovial<\/a><\/li>\n                                                                        <li><a href=\"https:\/\/www.ferrovial.com\/es\/stem\/\" title=\"STEM\">STEM<\/a><\/li>\n                                    \n                <\/ol>\n\n                <\/c-breadcrumb>\n    \n        <div slot=\"header\">\n            <h1>\n                \u00bfQu\u00e9 es la teor\u00eda de la informaci\u00f3n?            <\/h1>\n                    <\/div>\n    <\/m-final-content-header>\n\n    \n\n\n<m-wysiwig class=\"wp-block-components-wysiwyg\"><div slot=\"maincontent\">\n<script type=\"application\/ld+json\">\n{\n  \"@context\": \"https:\/\/schema.org\",\n  \"@type\": \"FAQPage\",\n  \"mainEntity\": [{\n    \"@type\": \"Question\",\n    \"name\": \"\u00bfQu\u00e9 es la teor\u00eda de la informaci\u00f3n?\",\n    \"acceptedAnswer\": {\n      \"@type\": \"Answer\",\n      \"text\": \"La teor\u00eda de la informaci\u00f3n, tambi\u00e9n conocida como teor\u00eda matem\u00e1tica de la comunicaci\u00f3n, es un planteamiento que estudia el procesamiento y medici\u00f3n de datos en la transmisi\u00f3n de una informaci\u00f3n. El proceso de comunicaci\u00f3n planteado por sus creadores establece el flujo de un mensaje entre un emisor y un receptor a trav\u00e9s de un canal determinado.\"\n    }\n  },{\n    \"@type\": \"Question\",\n    \"name\": \"\u00bfC\u00f3mo surge la teor\u00eda de la informaci\u00f3n?\",\n    \"acceptedAnswer\": {\n      \"@type\": \"Answer\",\n      \"text\": \"La teor\u00eda matem\u00e1tica de la informaci\u00f3n fue propuesta en 1949 por el matem\u00e1tico e ingeniero Claude Shannon y el bi\u00f3logo Warren Weaver. No obstante, es el resultado de investigaciones iniciadas casi treinta a\u00f1os antes por cient\u00edficos como Andrei Markovi y Ralph Hartley, este \u00faltimo conocido por ser uno de los primeros representantes del lenguaje binario. \nEl aporte de Alan Turing, quien llev\u00f3 a cabo un esquema de una m\u00e1quina capaz de procesar los datos de la informaci\u00f3n a trav\u00e9s de emisiones de s\u00edmbolos, fue el \u00faltimo precedente para el desarrollo, culminaci\u00f3n y consagraci\u00f3n de la que se llam\u00f3 Teor\u00eda Matem\u00e1tica de la Comunicaci\u00f3n.\"\n    }\n  },{\n    \"@type\": \"Question\",\n    \"name\": \"\u00bfCu\u00e1les son los elementos de la teor\u00eda de la informaci\u00f3n?\",\n    \"acceptedAnswer\": {\n      \"@type\": \"Answer\",\n      \"text\": \"<ol>\n<li>Fuente de informaci\u00f3n o emisor<ul><li>Aleatorias<\/li><li>Estructuradas<\/li><li>No estructuradas<\/li>\n<\/ul><\/li>\n<li>Mensaje<\/li>\n<li>C\u00f3digo<\/li>\n<li>Canal<\/li>\n<li>Informaci\u00f3n<\/li>\n<li>Receptor o destinatario<\/li>\n<li>Ruido<\/li>\n<\/ol>\"\n    }\n  },{\n    \"@type\": \"Question\",\n    \"name\": \"\u00bfCu\u00e1les son los planteamientos generales de la teor\u00eda de la informaci\u00f3n?\",\n    \"acceptedAnswer\": {\n      \"@type\": \"Answer\",\n      \"text\": \"<ul>\n<li>Sirve para estudiar el proceso informativo, como los posibles canales de comunicaci\u00f3n y la comprensi\u00f3n de datos transferidos. <\/li>\n<li>Determina la forma m\u00e1s sencilla y eficaz de transmitir un mensaje sin que haya alteraciones en el proceso. <\/li>\n<li>Reconoce elementos de distorsi\u00f3n o impedimentos para que un mensaje llegue de manera \u00f3ptima a un destinatario.  <\/li>\n<li>Establece que tanto emisor como receptor deben ser capaces de codificar y decodificar los mensajes. <\/li>\n<li>Analiza la velocidad con la que se transmiten los mensajes. <\/li>\n<li>Considera que un mensaje tiene m\u00faltiples sentidos, de manera que el destinatario lo dota de significado, siempre y cuando guarde el mismo c\u00f3digo que el emisor. <\/li>\n<li>Si la selecci\u00f3n del mensaje se presenta entre dos \u00fanicas alternativas, el valor de la informaci\u00f3n es igual a uno (unidad denominada bit). Para que la informaci\u00f3n sea un bit, deben existir alternativas igual de probables en el proceso. Adem\u00e1s, plantea que hay m\u00e1s informaci\u00f3n mientras m\u00e1s alternativas existan y todas sean igual de probables. \n<\/li>\n<\/ul>\"\n    }\n  },{\n    \"@type\": \"Question\",\n    \"name\": \"\u00bfQu\u00e9 aplicaciones tiene la teor\u00eda de la informaci\u00f3n?\",\n    \"acceptedAnswer\": {\n      \"@type\": \"Answer\",\n      \"text\": \"La teor\u00eda de la informaci\u00f3n representa una de las ramas m\u00e1s importantes de la matem\u00e1tica aplicada. Algunos de sus m\u00faltiples usos son:\n<ul>\n<li>Ciencias de la computaci\u00f3n, como la criptograf\u00eda y la comprensi\u00f3n de datos.<\/li>\n<li>Ingenier\u00eda el\u00e9ctrica, como la teor\u00eda de la comunicaci\u00f3n y la teor\u00eda de la codificaci\u00f3n.<\/li>\n<li>Estad\u00edstica. <\/li>\n<li>La biolog\u00eda, en el estudio de las secuencias de ADN y el c\u00f3digo gen\u00e9tico. <\/li>\n<li>Pagos, transacciones electr\u00f3nicas y procesos de autentificaci\u00f3n. <\/li>\n<li>Encriptaci\u00f3n de mensajes o esteganograf\u00eda.<\/li>\n<\/ul>\"\n    }\n  }]\n}\n<\/script><p>La teor\u00eda de la informaci\u00f3n, tambi\u00e9n conocida como <strong>teor\u00eda matem\u00e1tica de la comunicaci\u00f3n, <\/strong>es un planteamiento que estudia el <strong>procesamiento y medici\u00f3n de datos en la transmisi\u00f3n de una informaci\u00f3n.<\/strong> El proceso de comunicaci\u00f3n planteado por sus creadores establece el <strong>flujo de un mensaje <\/strong>entre un <strong>emisor y <\/strong>un <strong>receptor <\/strong>a trav\u00e9s de un <strong>canal determinado.<\/strong><\/p>\n\n\n\n<p>La teor\u00eda de la informaci\u00f3n tambi\u00e9n se encarga de <strong>medir y representar la informaci\u00f3n, <\/strong>as\u00ed como la <strong>capacidad de procesamiento de los sistemas de comunicaci\u00f3n <\/strong>para transmitir dicha informaci\u00f3n. Es, adem\u00e1s, <strong>una rama de la teor\u00eda de la probabilidad matem\u00e1tica.&nbsp;<\/strong><\/p>\n\n\n\n<h2 class=\"wp-block-heading\"><strong>\u00bfC\u00f3mo surge la teor\u00eda de la informaci\u00f3n?<\/strong><\/h2>\n\n\n\n<p>La teor\u00eda matem\u00e1tica de la informaci\u00f3n fue propuesta en <strong>1949<\/strong> por el matem\u00e1tico e ingeniero <strong>Claude Shannon<\/strong> y el bi\u00f3logo <strong>Warren Weaver<\/strong>. No obstante, es el resultado de investigaciones iniciadas casi treinta a\u00f1os antes por cient\u00edficos como <strong>Andrei Markovi <\/strong>y <strong>Ralph Hartley<\/strong>, este \u00faltimo conocido por ser uno de los primeros representantes del lenguaje binario.&nbsp;<\/p>\n\n\n\n<p>El aporte de <strong>Alan Turing<\/strong>, quien llev\u00f3 a cabo un esquema de una m\u00e1quina capaz de procesar los datos de la informaci\u00f3n a trav\u00e9s de emisiones de s\u00edmbolos, fue el \u00faltimo precedente para el desarrollo, culminaci\u00f3n y consagraci\u00f3n de la que se llam\u00f3 <em>Teor\u00eda Matem\u00e1tica de la Comunicaci\u00f3n<\/em>.<\/p>\n\n\n\n<p>Todos los estudios de la \u00e9poca ten\u00edan en com\u00fan el mismo objetivo: buscar<strong> formas eficientes de utilizar canales de comunicaci\u00f3n <\/strong>para enviar una informaci\u00f3n por medio de un canal sin que se viera afectada la <strong>calidad del mensaje <\/strong>que llegaba.<strong>&nbsp;<\/strong><\/p>\n\n\n\n<h2 class=\"wp-block-heading\"><strong>\u00bfCu\u00e1les son los elementos de la teor\u00eda de la informaci\u00f3n?<\/strong><\/h2>\n\n\n\n<ol class=\"wp-block-list\"><li><strong>Fuente de informaci\u00f3n o emisor: <\/strong>elemento capaz de emitir un mensaje. En la teor\u00eda de la informaci\u00f3n, las fuentes principales son:<ul><li><strong>Aleatorias:<\/strong> cuando el mensaje no se puede predecir.<\/li><li><strong>Estructuradas: <\/strong>cuando hay cierto nivel de redundancia y orden.<\/li><li><strong>No estructuradas:<\/strong> en la que todos los mensajes son aleatorios, sin relaci\u00f3n ni sentido, por lo que hay una p\u00e9rdida de parte del mensaje.&nbsp;<\/li><\/ul><\/li><li><strong>Mensaje:<\/strong> se trata de un conjunto de datos que son transportados a trav\u00e9s de un canal.&nbsp;<\/li><li><strong>C\u00f3digo:<\/strong> conjunto de elementos que siguen una serie de normas para su combinaci\u00f3n, de manera que puedan ser interpretados.&nbsp;<\/li><li><strong>Canal:<\/strong> medio por el que se transmite el mensaje para que llegue al receptor.&nbsp;<\/li><li><strong>Informaci\u00f3n:<\/strong> es lo que se busca transmitir a trav\u00e9s de un mensaje. Desde el punto de vista de la probabilidad matem\u00e1tica, marco te\u00f3rico de la teor\u00eda de la informaci\u00f3n, la informaci\u00f3n debe ser proporcional al n\u00famero de <em>bits<\/em> que se necesita para reconocer el mensaje.<\/li><li><strong>Receptor o destinatario:<\/strong> quien recibe el mensaje. Es indispensable que sea capaz de asimilar el contenido del mensaje que se origina desde la fuente o emisor.&nbsp;<\/li><li><strong>Ruido:<\/strong> diferentes causas que impiden que el mensaje llegue con normalidad en el proceso de flujo de la informaci\u00f3n, de manera que el receptor no podr\u00e1 entenderlo completamente.<\/li><\/ol>\n\n\n\n<h2 class=\"wp-block-heading\"><strong>\u00bfCu\u00e1les son los planteamientos generales de la teor\u00eda de la informaci\u00f3n?<\/strong><\/h2>\n\n\n\n<ul class=\"wp-block-list\"><li>Sirve para <strong>estudiar el proceso informativo<\/strong>, como los posibles canales de comunicaci\u00f3n y la comprensi\u00f3n de datos transferidos.&nbsp;<\/li><li><strong>Determina la forma m\u00e1s sencilla y eficaz de transmitir un mensaje<\/strong> sin que haya alteraciones en el proceso.&nbsp;<\/li><li><strong>Reconoce elementos de distorsi\u00f3n o impedimentos<\/strong> para que un mensaje llegue de manera \u00f3ptima a un destinatario.&nbsp;&nbsp;<\/li><li>Establece que tanto <strong>emisor como receptor <\/strong>deben ser capaces de <strong>codificar y decodificar los mensajes.&nbsp;<\/strong><\/li><li><strong>Analiza la velocidad <\/strong>con la que se transmiten los mensajes.&nbsp;<\/li><li>Considera que <strong>un mensaje tiene m\u00faltiples sentidos, <\/strong>de manera que el destinatario lo dota de significado, siempre y cuando <strong>guarde el mismo c\u00f3digo que el emisor.<\/strong>&nbsp;<\/li><li>Si la selecci\u00f3n del mensaje se presenta entre dos \u00fanicas alternativas, <strong>el valor de la informaci\u00f3n es igual a uno <\/strong>(unidad denominada<em> bit<\/em>). Para que la informaci\u00f3n sea un <em>bit<\/em>, deben existir alternativas igual de probables en el proceso. Adem\u00e1s, plantea que <strong>hay m\u00e1s informaci\u00f3n mientras m\u00e1s alternativas existan y todas sean igual de probables.&nbsp;<\/strong><\/li><\/ul>\n\n\n\n<h2 class=\"wp-block-heading\"><strong>\u00bfQu\u00e9 aplicaciones tiene la teor\u00eda de la informaci\u00f3n?<\/strong><\/h2>\n\n\n\n<p>La teor\u00eda de la informaci\u00f3n representa una de las ramas m\u00e1s importantes de la <strong>matem\u00e1tica aplicada. <\/strong>Algunos de sus m\u00faltiples usos son:<\/p>\n\n\n\n<ul class=\"wp-block-list\"><li>Ciencias de la computaci\u00f3n, como la <strong>criptograf\u00eda y la comprensi\u00f3n de datos.<\/strong><\/li><li><strong>Ingenier\u00eda el\u00e9ctrica<\/strong>, como la teor\u00eda de la comunicaci\u00f3n y la teor\u00eda de la codificaci\u00f3n.<\/li><li><strong>Estad\u00edstica.&nbsp;<\/strong><\/li><li><strong>La biolog\u00eda, <\/strong>en el estudio de las secuencias de ADN y el <strong>c\u00f3digo gen\u00e9tico.&nbsp;<\/strong><\/li><li><strong>Pagos, transacciones electr\u00f3nicas <\/strong>y procesos de <strong>autentificaci\u00f3n<\/strong>.&nbsp;<\/li><li>Encriptaci\u00f3n de mensajes o <strong>esteganograf\u00eda.<\/strong><\/li><\/ul>\n<\/div><\/m-wysiwig>\n","protected":false},"excerpt":{"rendered":"","protected":false},"featured_media":0,"parent":227878,"menu_order":0,"comment_status":"closed","ping_status":"closed","template":"","meta":{"_acf_changed":false,"footnotes":""},"class_list":["post-252954","page","type-page","status-publish","hentry"],"acf":[],"yoast_head":"<!-- This site is optimized with the Yoast SEO plugin v27.2 - https:\/\/yoast.com\/product\/yoast-seo-wordpress\/ -->\n<title>Teor\u00eda de la informaci\u00f3n: qu\u00e9 es, c\u00f3mo surge, elementos y aplicaciones<\/title>\n<meta name=\"description\" content=\"La teor\u00eda de la informaci\u00f3n, tambi\u00e9n conocida como teor\u00eda matem\u00e1tica de la comunicaci\u00f3n, es un planteamiento que estudia el procesamiento y medici\u00f3n de datos en la transmisi\u00f3n de una informaci\u00f3n.\" \/>\n<meta name=\"robots\" content=\"index, follow, max-snippet:-1, max-image-preview:large, max-video-preview:-1\" \/>\n<link rel=\"canonical\" href=\"https:\/\/www.ferrovial.com\/es\/stem\/teoria-de-la-informacion\/\" \/>\n<meta property=\"og:locale\" content=\"es_ES\" \/>\n<meta property=\"og:type\" content=\"article\" \/>\n<meta property=\"og:title\" content=\"Teor\u00eda de la informaci\u00f3n: qu\u00e9 es, c\u00f3mo surge, elementos y aplicaciones\" \/>\n<meta property=\"og:description\" content=\"La teor\u00eda de la informaci\u00f3n, tambi\u00e9n conocida como teor\u00eda matem\u00e1tica de la comunicaci\u00f3n, es un planteamiento que estudia el procesamiento y medici\u00f3n de datos en la transmisi\u00f3n de una informaci\u00f3n.\" \/>\n<meta property=\"og:url\" content=\"https:\/\/www.ferrovial.com\/es\/stem\/teoria-de-la-informacion\/\" \/>\n<meta property=\"og:site_name\" content=\"Ferrovial\" \/>\n<meta property=\"article:publisher\" content=\"https:\/\/www.facebook.com\/ferrovial\" \/>\n<meta property=\"article:modified_time\" content=\"2023-01-10T11:16:39+00:00\" \/>\n<meta name=\"twitter:card\" content=\"summary_large_image\" \/>\n<meta name=\"twitter:site\" content=\"@ferrovial\" \/>\n<meta name=\"twitter:label1\" content=\"Est. reading time\" \/>\n\t<meta name=\"twitter:data1\" content=\"6 minutos\" \/>\n<!-- \/ Yoast SEO plugin. -->","yoast_head_json":{"title":"Teor\u00eda de la informaci\u00f3n: qu\u00e9 es, c\u00f3mo surge, elementos y aplicaciones","description":"La teor\u00eda de la informaci\u00f3n, tambi\u00e9n conocida como teor\u00eda matem\u00e1tica de la comunicaci\u00f3n, es un planteamiento que estudia el procesamiento y medici\u00f3n de datos en la transmisi\u00f3n de una informaci\u00f3n.","robots":{"index":"index","follow":"follow","max-snippet":"max-snippet:-1","max-image-preview":"max-image-preview:large","max-video-preview":"max-video-preview:-1"},"canonical":"https:\/\/www.ferrovial.com\/es\/stem\/teoria-de-la-informacion\/","og_locale":"es_ES","og_type":"article","og_title":"Teor\u00eda de la informaci\u00f3n: qu\u00e9 es, c\u00f3mo surge, elementos y aplicaciones","og_description":"La teor\u00eda de la informaci\u00f3n, tambi\u00e9n conocida como teor\u00eda matem\u00e1tica de la comunicaci\u00f3n, es un planteamiento que estudia el procesamiento y medici\u00f3n de datos en la transmisi\u00f3n de una informaci\u00f3n.","og_url":"https:\/\/www.ferrovial.com\/es\/stem\/teoria-de-la-informacion\/","og_site_name":"Ferrovial","article_publisher":"https:\/\/www.facebook.com\/ferrovial","article_modified_time":"2023-01-10T11:16:39+00:00","twitter_card":"summary_large_image","twitter_site":"@ferrovial","twitter_misc":{"Est. reading time":"6 minutos"},"schema":{"@context":"https:\/\/schema.org","@graph":[{"@type":"WebPage","@id":"https:\/\/www.ferrovial.com\/es\/stem\/teoria-de-la-informacion\/","url":"https:\/\/www.ferrovial.com\/es\/stem\/teoria-de-la-informacion\/","name":"Teor\u00eda de la informaci\u00f3n: qu\u00e9 es, c\u00f3mo surge, elementos y aplicaciones","isPartOf":{"@id":"https:\/\/www.ferrovial.com\/es\/#website"},"datePublished":"2023-01-09T12:11:30+00:00","dateModified":"2023-01-10T11:16:39+00:00","description":"La teor\u00eda de la informaci\u00f3n, tambi\u00e9n conocida como teor\u00eda matem\u00e1tica de la comunicaci\u00f3n, es un planteamiento que estudia el procesamiento y medici\u00f3n de datos en la transmisi\u00f3n de una informaci\u00f3n.","breadcrumb":{"@id":"https:\/\/www.ferrovial.com\/es\/stem\/teoria-de-la-informacion\/#breadcrumb"},"inLanguage":"es","potentialAction":[{"@type":"ReadAction","target":["https:\/\/www.ferrovial.com\/es\/stem\/teoria-de-la-informacion\/"]}]},{"@type":"BreadcrumbList","@id":"https:\/\/www.ferrovial.com\/es\/stem\/teoria-de-la-informacion\/#breadcrumb","itemListElement":[{"@type":"ListItem","position":1,"name":"Portada","item":"https:\/\/www.ferrovial.com\/es\/"},{"@type":"ListItem","position":2,"name":"STEM","item":"https:\/\/www.ferrovial.com\/es\/stem\/"},{"@type":"ListItem","position":3,"name":"Teor\u00eda de la informaci\u00f3n"}]},{"@type":"WebSite","@id":"https:\/\/www.ferrovial.com\/es\/#website","url":"https:\/\/www.ferrovial.com\/es\/","name":"Ferrovial","description":"Welcome to the Ferrovial&#039;s website, global operator of sustainable infrastructure. Here you can find all the information about the company and subsidiaries.","publisher":{"@id":"https:\/\/www.ferrovial.com\/es\/#organization"},"potentialAction":[{"@type":"SearchAction","target":{"@type":"EntryPoint","urlTemplate":"https:\/\/www.ferrovial.com\/es\/?s={search_term_string}"},"query-input":{"@type":"PropertyValueSpecification","valueRequired":true,"valueName":"search_term_string"}}],"inLanguage":"es"},{"@type":"Organization","@id":"https:\/\/www.ferrovial.com\/es\/#organization","name":"Ferrovial S.A.","url":"https:\/\/www.ferrovial.com\/es\/","logo":{"@type":"ImageObject","inLanguage":"es","@id":"https:\/\/www.ferrovial.com\/es\/#\/schema\/logo\/image\/","url":"https:\/\/static.ferrovial.com\/wp-content\/uploads\/2020\/01\/13124948\/logo-ferrovial-cf7.png","contentUrl":"https:\/\/static.ferrovial.com\/wp-content\/uploads\/2020\/01\/13124948\/logo-ferrovial-cf7.png","width":144,"height":32,"caption":"Ferrovial S.A."},"image":{"@id":"https:\/\/www.ferrovial.com\/es\/#\/schema\/logo\/image\/"},"sameAs":["https:\/\/www.facebook.com\/ferrovial","https:\/\/x.com\/ferrovial","https:\/\/www.instagram.com\/ferrovial\/","https:\/\/www.linkedin.com\/company\/ferrovial","https:\/\/www.pinterest.es\/ferrovial\/","https:\/\/www.youtube.com\/ferrovial","https:\/\/en.wikipedia.org\/wiki\/Ferrovial"]}]}},"_links":{"self":[{"href":"https:\/\/www.ferrovial.com\/es\/wp-json\/wp\/v2\/pages\/252954","targetHints":{"allow":["GET"]}}],"collection":[{"href":"https:\/\/www.ferrovial.com\/es\/wp-json\/wp\/v2\/pages"}],"about":[{"href":"https:\/\/www.ferrovial.com\/es\/wp-json\/wp\/v2\/types\/page"}],"replies":[{"embeddable":true,"href":"https:\/\/www.ferrovial.com\/es\/wp-json\/wp\/v2\/comments?post=252954"}],"version-history":[{"count":3,"href":"https:\/\/www.ferrovial.com\/es\/wp-json\/wp\/v2\/pages\/252954\/revisions"}],"predecessor-version":[{"id":253072,"href":"https:\/\/www.ferrovial.com\/es\/wp-json\/wp\/v2\/pages\/252954\/revisions\/253072"}],"up":[{"embeddable":true,"href":"https:\/\/www.ferrovial.com\/es\/wp-json\/wp\/v2\/pages\/227878"}],"wp:attachment":[{"href":"https:\/\/www.ferrovial.com\/es\/wp-json\/wp\/v2\/media?parent=252954"}],"curies":[{"name":"wp","href":"https:\/\/api.w.org\/{rel}","templated":true}]}}