{"id":252973,"date":"2023-01-09T13:17:50","date_gmt":"2023-01-09T12:17:50","guid":{"rendered":"https:\/\/www.ferrovial.com\/?page_id=252973"},"modified":"2023-02-02T09:19:02","modified_gmt":"2023-02-02T08:19:02","slug":"oscilaciones-y-ondas","status":"publish","type":"page","link":"https:\/\/www.ferrovial.com\/es\/stem\/oscilaciones-y-ondas\/","title":{"rendered":"Oscilaciones y ondas"},"content":{"rendered":"    <m-final-content-header >\n            <c-breadcrumb label-text=\"Breadcrumb\" slot=\"breadcrumbs\" type='2' align='left' wrap='wrapped wrapped' aria-label='Vienes de STEM'>\n                        <ol>\n\n                                                            <li><a href=\"https:\/\/www.ferrovial.com\/es\/\" title=\"Ferrovial\">Ferrovial<\/a><\/li>\n                                                                        <li><a href=\"https:\/\/www.ferrovial.com\/es\/stem\/\" title=\"STEM\">STEM<\/a><\/li>\n                                    \n                <\/ol>\n\n                <\/c-breadcrumb>\n    \n        <div slot=\"header\">\n            <h1>\n                Oscilaciones y ondas            <\/h1>\n                    <\/div>\n    <\/m-final-content-header>\n\n    \n\n\n<m-wysiwig class=\"wp-block-components-wysiwyg\"><div slot=\"maincontent\">\n<p><script>\n{\n  \"@context\": \"https:\/\/schema.org\",\n  \"@type\": \"FAQPage\",\n  \"mainEntity\": [{\n    \"@type\": \"Question\",\n    \"name\": \"\u00bfQu\u00e9 son las oscilaciones?\",\n    \"acceptedAnswer\": {\n      \"@type\": \"Answer\",\n      \"text\": \"Las oscilaciones son variaciones de un medio o sistema en un periodo de tiempo, un movimiento reiterado alrededor de una posici\u00f3n de equilibrio. Se dice que un sistema oscila cuando algunos de sus par\u00e1metros (tales como la tensi\u00f3n, la intensidad o la velocidad) consiguen unos valores que se repiten con recurrencia.\"\n    }\n  },{\n    \"@type\": \"Question\",\n    \"name\": \"\u00bfQu\u00e9 son las ondas?\",\n    \"acceptedAnswer\": {\n      \"@type\": \"Answer\",\n      \"text\": \"Por su parte, las ondas son las perturbaciones de medios del espacio, tales como la densidad, la presi\u00f3n o el campo magn\u00e9tico, que pueden ser el\u00e1sticos o deformables, e implican el transporte de energ\u00eda sin necesidad de que haya movimiento de materia.\"\n    }\n  },{\n    \"@type\": \"Question\",\n    \"name\": \"\u00bfCu\u00e1l es la relaci\u00f3n entre las oscilaciones y las ondas?\",\n    \"acceptedAnswer\": {\n      \"@type\": \"Answer\",\n      \"text\": \"El fen\u00f3meno de las oscilaciones y las ondas puede explicarse en una situaci\u00f3n tan cotidiana como la de lanzar una piedra a una masa de agua: si esta \u00faltima est\u00e1 en un estado de reposo, al incidir la piedra en ella crea una perturbaci\u00f3n que se traslada y transmite a los elementos que tiene a su alrededor. Con el paso del tiempo, esa perturbaci\u00f3n va llegando a m\u00e1s puntos.\n\nEn este proceso no hay movimiento de masa en el medio; por el contrario, lo que se transmite es la energ\u00eda, que va pasando de un elemento a otro a trav\u00e9s del medio que propaga la perturbaci\u00f3n.\"\n    }\n  },{\n    \"@type\": \"Question\",\n    \"name\": \"\u00bfCu\u00e1les son los conceptos b\u00e1sicos asociados a las oscilaciones?\",\n    \"acceptedAnswer\": {\n      \"@type\": \"Answer\",\n      \"text\": \"<ul>\n<li>Per\u00edodo (T): tiempo empleado por el cuerpo en realizar una oscilaci\u00f3n.<\/li>\n<li>Frecuencia (f): n\u00famero de oscilaciones que realiza un cuerpo en una unidad de tiempo.<\/li>\n<li>Elongaci\u00f3n (x): distancia que existe entre una posici\u00f3n de equilibrio y el cuerpo en un periodo de tiempo cualquiera.<\/li>\n<li>Amplitud (A): distancia que existe entre una posici\u00f3n de equilibrio y cualquiera de las posiciones extremas.<\/li>\n<\/ul>\"\n    }\n  },{\n    \"@type\": \"Question\",\n    \"name\": \"\u00bfCu\u00e1les son los conceptos b\u00e1sicos asociados a las ondas?\",\n    \"acceptedAnswer\": {\n      \"@type\": \"Answer\",\n      \"text\": \"<ul>\n<li>Ciclo o fase: se trata del movimiento ordenado por una onda que se encuentra entre dos puntos consecutivos, y de posici\u00f3n semejante.<\/li>\n<li>Per\u00edodo (T): tiempo de realizaci\u00f3n de un ciclo.<\/li>\n<li>Frecuencia (f): n\u00famero de ciclos realizados en una unidad de tiempo.<\/li>\n<li>Longitud de onda: distancia que se mide en la direcci\u00f3n en la que se propaga una onda, se encuentra entre dos puntos consecutivos de una posici\u00f3n semejante.<\/li>\n<li>Velocidad (v): rapidez con la que una onda se propaga en un medio. Normalmente, se propaga en l\u00ednea recta y a una velocidad constante.<\/li>\n<li>Crestas: puntos m\u00e1s altos de las ondas.<\/li>\n<li>Valles: puntos m\u00e1s bajos de las ondas.<\/li>\n<li>Amplitud (A): altura de una cresta o profundidad de un valle.<\/li>\n<\/ul>\"\n    }\n  },{\n    \"@type\": \"Question\",\n    \"name\": \"\u00bfQu\u00e9 tipos de oscilaciones existen?\",\n    \"acceptedAnswer\": {\n      \"@type\": \"Answer\",\n      \"text\": \"<ol>\n<li>Oscilaciones simples<\/li>\n<li>Oscilaciones dobles o completas<\/li>\n<li>Oscilaciones libres<\/li>\n<li>Oscilaciones amortiguadas<\/li>\n<li>Oscilaciones forzadas<\/li>\n<\/ol>\"\n    }\n  },{\n    \"@type\": \"Question\",\n    \"name\": \"\u00bfQu\u00e9 tipos de ondas existen?\",\n    \"acceptedAnswer\": {\n      \"@type\": \"Answer\",\n      \"text\": \"<ol>\n<li>Ondas longitudinales<\/li>\n<li>Ondas transversales<\/li>\n<\/ol>\"\n    }\n  },{\n    \"@type\": \"Question\",\n    \"name\": \"\u00bfPor qu\u00e9 son importantes las oscilaciones y las ondas?\",\n    \"acceptedAnswer\": {\n      \"@type\": \"Answer\",\n      \"text\": \"Tanto las oscilaciones como las ondas son importantes porque explican el comportamiento de los fen\u00f3menos peri\u00f3dicos, as\u00ed como la transmisi\u00f3n de energ\u00eda sin necesidad de que exista la presencia de una masa o cuerpo. \nEstos movimientos, por lo tanto, son la base para entender las caracter\u00edsticas de las variaciones soportadas por campos, tal como el sonido al hablar. Hablar supone una liberaci\u00f3n mec\u00e1nica del aire, un medio que permite la propagaci\u00f3n del sonido; al hablar se generan ondas sonoras que se transmiten a trav\u00e9s de un medio material y que cambia la densidad del aire dentro del medio.\"\n    }\n  }]\n}\n<\/script><\/p>\n\n\n\n<h2 class=\"wp-block-heading\">\u00bfQu\u00e9 son las oscilaciones?<\/h2>\n\n\n\n<p><p>Las oscilaciones son <strong>variaciones de un medio o sistema en un periodo de tiempo, <\/strong>un <strong>movimiento reiterado alrededor de una posici\u00f3n de equilibrio.<\/strong> Se dice que un sistema oscila cuando algunos de sus par\u00e1metros (tales como la tensi\u00f3n, la intensidad o la velocidad) consiguen unos <strong>valores que se repiten con recurrencia.<\/strong><\/p><\/p>\n\n\n\n<h2 class=\"wp-block-heading\"><strong>\u00bfQu\u00e9 son las ondas?<\/strong><\/h2>\n\n\n\n<p>Por su parte, las ondas son las <strong>perturbaciones de medios del espacio,<\/strong> tales como la densidad, la presi\u00f3n o el campo magn\u00e9tico, que pueden ser el\u00e1sticos o deformables, e <strong>implican el transporte de energ\u00eda sin necesidad de que haya movimiento de materia.&nbsp;<\/strong><\/p>\n\n\n\n<h2 class=\"wp-block-heading\"><strong>\u00bfCu\u00e1l es la relaci\u00f3n entre las oscilaciones y las ondas?<\/strong><\/h2>\n\n\n\n<p>Entender el funcionamiento de las oscilaciones permite, en consecuencia, describir los movimientos ondulares, pues los \u00faltimos se generan a partir de las primeras.<\/p>\n\n\n\n<p>El fen\u00f3meno de las oscilaciones y las ondas puede explicarse en una situaci\u00f3n tan cotidiana como la de lanzar una piedra a una masa de agua: si esta \u00faltima est\u00e1 en un estado de reposo, <strong>al incidir la piedra en ella crea una perturbaci\u00f3n que se traslada y transmite a los elementos que tiene a su alrededor.<\/strong> Con el paso del tiempo, esa perturbaci\u00f3n va llegando a m\u00e1s puntos.<\/p>\n\n\n\n<p>En este proceso <strong>no hay movimiento de masa en el medio<\/strong>; por el contrario, lo que se transmite es la <strong>energ\u00eda<\/strong>, que va pasando de un elemento a otro a trav\u00e9s del medio que propaga la perturbaci\u00f3n.<\/p>\n\n\n\n<h2 class=\"wp-block-heading\"><strong>\u00bfCu\u00e1les son los conceptos b\u00e1sicos asociados a las oscilaciones?<\/strong><\/h2>\n\n\n\n<ul class=\"wp-block-list\"><li><strong>Per\u00edodo (T):<\/strong> tiempo empleado por el cuerpo en realizar una oscilaci\u00f3n.<\/li><li><strong>Frecuencia (f):<\/strong> n\u00famero de oscilaciones que realiza un cuerpo en una unidad de tiempo.<\/li><li><strong>Elongaci\u00f3n (x):<\/strong> distancia que existe entre una posici\u00f3n de equilibrio y el cuerpo en un periodo de tiempo cualquiera.<\/li><li><strong>Amplitud (A):<\/strong> distancia que existe entre una posici\u00f3n de equilibrio y cualquiera de las posiciones extremas.<\/li><\/ul>\n\n\n\n<h2 class=\"wp-block-heading\"><strong>\u00bfCu\u00e1les son los conceptos b\u00e1sicos asociados a las ondas?<\/strong><\/h2>\n\n\n\n<ul class=\"wp-block-list\"><li><strong>Ciclo o fase:<\/strong> se trata del movimiento ordenado por una onda que se encuentra entre dos puntos consecutivos, y de posici\u00f3n semejante.<\/li><li><strong>Per\u00edodo (T):<\/strong> tiempo de realizaci\u00f3n de un ciclo.<\/li><li><strong>Frecuencia (f):<\/strong> n\u00famero de ciclos realizados en una unidad de tiempo.<\/li><li><strong>Longitud de onda:<\/strong> distancia que se mide en la direcci\u00f3n en la que se propaga una onda, se encuentra entre dos puntos consecutivos de una posici\u00f3n semejante.<\/li><li><strong>Velocidad (v):<\/strong> rapidez con la que una onda se propaga en un medio. Normalmente, se propaga en l\u00ednea recta y a una velocidad constante.<\/li><li><strong>Crestas:<\/strong> puntos m\u00e1s altos de las ondas.<\/li><li><strong>Valles:<\/strong> puntos m\u00e1s bajos de las ondas.<\/li><li><strong>Amplitud (A):<\/strong> altura de una cresta o profundidad de un valle.<\/li><\/ul>\n\n\n\n<h2 class=\"wp-block-heading\"><strong>\u00bfQu\u00e9 tipos de oscilaciones existen?<\/strong><\/h2>\n\n\n\n<ol class=\"wp-block-list\"><li><strong>Oscilaciones simples:<\/strong> movimientos que realiza un cuerpo al ir de un extremo a otro.<\/li><li><strong>Oscilaciones dobles o completas:<\/strong> movimientos que realiza un cuerpo en ir de una posici\u00f3n extrema a otra, y de regreso a la primera.<\/li><li><strong>Oscilaciones libres: <\/strong>ocurren cuando un sistema mec\u00e1nico se estira o se comprime y se libera, pudiendo mantenerse as\u00ed indefinidamente si no existiera una fuerza disipadora. Un ejemplo de este tipo de oscilaci\u00f3n es la del movimiento de un columpio.&nbsp;<\/li><li><strong>Oscilaciones amortiguadas: <\/strong>ocurren cuando la energ\u00eda de un sistema se disipa de forma gradual por fricci\u00f3n u otro tipo de resistencia. Su elongaci\u00f3n se reduce poco a poco, a un ritmo inferior a la oscilaci\u00f3n libre, hasta llegar a una posici\u00f3n de equilibrio. Un ejemplo de este tipo de oscilaci\u00f3n es el movimiento de una aguja de medici\u00f3n de una balanza que alcanza su punto de equilibrio despu\u00e9s de pesar un objeto.<\/li><li><strong>Oscilaciones forzadas:<\/strong> son aquellas que se producen cuando se aplica desde el exterior una fuerza peri\u00f3dica que alimenta las oscilaciones propias del sistema. Volviendo al ejemplo del columpio, una oscilaci\u00f3n forzada es cuando una persona empuja el columpio de manera peri\u00f3dica para mantener la oscilaci\u00f3n.<\/li><\/ol>\n\n\n\n<h2 class=\"wp-block-heading\"><strong>\u00bfQu\u00e9 tipos de ondas existen?<\/strong><\/h2>\n\n\n\n<ol class=\"wp-block-list\"><li><strong>Ondas longitudinales:<\/strong> aquellas en las que las partes del medio vibran de forma paralela a la direcci\u00f3n de las ondas; por ejemplo, las ondas de sonido.<br><\/li><li><strong>Ondas transversales:<\/strong> aquellas en las que las part\u00edculas del medio vibran de forma perpendicular a la direcci\u00f3n de las ondas; por ejemplo, las ondas de una cuerda.&nbsp;<\/li><\/ol>\n\n\n\n<h2 class=\"wp-block-heading\"><strong>\u00bfPor qu\u00e9 son importantes las oscilaciones y las ondas?<\/strong><\/h2>\n\n\n\n<p>Tanto las oscilaciones como las ondas son importantes porque <strong>explican el comportamiento de los fen\u00f3menos peri\u00f3dicos,<\/strong> as\u00ed como la<strong> transmisi\u00f3n de energ\u00eda sin necesidad de que exista la presencia de una masa o cuerpo.<\/strong>&nbsp;<\/p>\n\n\n\n<p>Estos movimientos, por lo tanto, son la base para entender las caracter\u00edsticas de las <strong>variaciones soportadas por campos<\/strong>, tal como <strong>el sonido al hablar. <\/strong>Hablar supone una liberaci\u00f3n mec\u00e1nica del aire,<strong> <\/strong>un medio que permite la propagaci\u00f3n del sonido;<strong> <\/strong>al hablar se generan <strong>ondas sonoras<\/strong> que se transmiten a trav\u00e9s de un medio material y que cambia la densidad del aire dentro del medio.&nbsp;<\/p>\n<\/div><\/m-wysiwig>\n","protected":false},"excerpt":{"rendered":"","protected":false},"featured_media":0,"parent":227878,"menu_order":0,"comment_status":"closed","ping_status":"closed","template":"","meta":{"_acf_changed":false,"footnotes":""},"class_list":["post-252973","page","type-page","status-publish","hentry"],"acf":[],"yoast_head":"<!-- This site is optimized with the Yoast SEO plugin v27.2 - https:\/\/yoast.com\/product\/yoast-seo-wordpress\/ -->\n<title>Oscilaciones y ondas: qu\u00e9 son, relaci\u00f3n entre ambas, tipos e importancia<\/title>\n<meta name=\"description\" content=\"Las oscilaciones son variaciones de un medio o sistema en un periodo de tiempo, un movimiento reiterado alrededor de una posici\u00f3n de equilibrio. Por su parte, las ondas son las perturbaciones de medios del espacio, tales como la densidad, la presi\u00f3n o el campo magn\u00e9tico, que pueden ser el\u00e1sticos o deformables, e implican el transporte de energ\u00eda sin necesidad de que haya movimiento de materia.\" \/>\n<meta name=\"robots\" content=\"index, follow, max-snippet:-1, max-image-preview:large, max-video-preview:-1\" \/>\n<link rel=\"canonical\" href=\"https:\/\/www.ferrovial.com\/es\/stem\/oscilaciones-y-ondas\/\" \/>\n<meta property=\"og:locale\" content=\"es_ES\" \/>\n<meta property=\"og:type\" content=\"article\" \/>\n<meta property=\"og:title\" content=\"Oscilaciones y ondas: qu\u00e9 son, relaci\u00f3n entre ambas, tipos e importancia\" \/>\n<meta property=\"og:description\" content=\"Las oscilaciones son variaciones de un medio o sistema en un periodo de tiempo, un movimiento reiterado alrededor de una posici\u00f3n de equilibrio. Por su parte, las ondas son las perturbaciones de medios del espacio, tales como la densidad, la presi\u00f3n o el campo magn\u00e9tico, que pueden ser el\u00e1sticos o deformables, e implican el transporte de energ\u00eda sin necesidad de que haya movimiento de materia.\" \/>\n<meta property=\"og:url\" content=\"https:\/\/www.ferrovial.com\/es\/stem\/oscilaciones-y-ondas\/\" \/>\n<meta property=\"og:site_name\" content=\"Ferrovial\" \/>\n<meta property=\"article:publisher\" content=\"https:\/\/www.facebook.com\/ferrovial\" \/>\n<meta property=\"article:modified_time\" content=\"2023-02-02T08:19:02+00:00\" \/>\n<meta name=\"twitter:card\" content=\"summary_large_image\" \/>\n<meta name=\"twitter:site\" content=\"@ferrovial\" \/>\n<meta name=\"twitter:label1\" content=\"Est. reading time\" \/>\n\t<meta name=\"twitter:data1\" content=\"7 minutos\" \/>\n<!-- \/ Yoast SEO plugin. -->","yoast_head_json":{"title":"Oscilaciones y ondas: qu\u00e9 son, relaci\u00f3n entre ambas, tipos e importancia","description":"Las oscilaciones son variaciones de un medio o sistema en un periodo de tiempo, un movimiento reiterado alrededor de una posici\u00f3n de equilibrio. Por su parte, las ondas son las perturbaciones de medios del espacio, tales como la densidad, la presi\u00f3n o el campo magn\u00e9tico, que pueden ser el\u00e1sticos o deformables, e implican el transporte de energ\u00eda sin necesidad de que haya movimiento de materia.","robots":{"index":"index","follow":"follow","max-snippet":"max-snippet:-1","max-image-preview":"max-image-preview:large","max-video-preview":"max-video-preview:-1"},"canonical":"https:\/\/www.ferrovial.com\/es\/stem\/oscilaciones-y-ondas\/","og_locale":"es_ES","og_type":"article","og_title":"Oscilaciones y ondas: qu\u00e9 son, relaci\u00f3n entre ambas, tipos e importancia","og_description":"Las oscilaciones son variaciones de un medio o sistema en un periodo de tiempo, un movimiento reiterado alrededor de una posici\u00f3n de equilibrio. Por su parte, las ondas son las perturbaciones de medios del espacio, tales como la densidad, la presi\u00f3n o el campo magn\u00e9tico, que pueden ser el\u00e1sticos o deformables, e implican el transporte de energ\u00eda sin necesidad de que haya movimiento de materia.","og_url":"https:\/\/www.ferrovial.com\/es\/stem\/oscilaciones-y-ondas\/","og_site_name":"Ferrovial","article_publisher":"https:\/\/www.facebook.com\/ferrovial","article_modified_time":"2023-02-02T08:19:02+00:00","twitter_card":"summary_large_image","twitter_site":"@ferrovial","twitter_misc":{"Est. reading time":"7 minutos"},"schema":{"@context":"https:\/\/schema.org","@graph":[{"@type":"WebPage","@id":"https:\/\/www.ferrovial.com\/es\/stem\/oscilaciones-y-ondas\/","url":"https:\/\/www.ferrovial.com\/es\/stem\/oscilaciones-y-ondas\/","name":"Oscilaciones y ondas: qu\u00e9 son, relaci\u00f3n entre ambas, tipos e importancia","isPartOf":{"@id":"https:\/\/www.ferrovial.com\/es\/#website"},"datePublished":"2023-01-09T12:17:50+00:00","dateModified":"2023-02-02T08:19:02+00:00","description":"Las oscilaciones son variaciones de un medio o sistema en un periodo de tiempo, un movimiento reiterado alrededor de una posici\u00f3n de equilibrio. Por su parte, las ondas son las perturbaciones de medios del espacio, tales como la densidad, la presi\u00f3n o el campo magn\u00e9tico, que pueden ser el\u00e1sticos o deformables, e implican el transporte de energ\u00eda sin necesidad de que haya movimiento de materia.","breadcrumb":{"@id":"https:\/\/www.ferrovial.com\/es\/stem\/oscilaciones-y-ondas\/#breadcrumb"},"inLanguage":"es","potentialAction":[{"@type":"ReadAction","target":["https:\/\/www.ferrovial.com\/es\/stem\/oscilaciones-y-ondas\/"]}]},{"@type":"BreadcrumbList","@id":"https:\/\/www.ferrovial.com\/es\/stem\/oscilaciones-y-ondas\/#breadcrumb","itemListElement":[{"@type":"ListItem","position":1,"name":"Portada","item":"https:\/\/www.ferrovial.com\/es\/"},{"@type":"ListItem","position":2,"name":"STEM","item":"https:\/\/www.ferrovial.com\/es\/stem\/"},{"@type":"ListItem","position":3,"name":"Oscilaciones y ondas"}]},{"@type":"WebSite","@id":"https:\/\/www.ferrovial.com\/es\/#website","url":"https:\/\/www.ferrovial.com\/es\/","name":"Ferrovial","description":"Welcome to the Ferrovial&#039;s website, global operator of sustainable infrastructure. Here you can find all the information about the company and subsidiaries.","publisher":{"@id":"https:\/\/www.ferrovial.com\/es\/#organization"},"potentialAction":[{"@type":"SearchAction","target":{"@type":"EntryPoint","urlTemplate":"https:\/\/www.ferrovial.com\/es\/?s={search_term_string}"},"query-input":{"@type":"PropertyValueSpecification","valueRequired":true,"valueName":"search_term_string"}}],"inLanguage":"es"},{"@type":"Organization","@id":"https:\/\/www.ferrovial.com\/es\/#organization","name":"Ferrovial S.A.","url":"https:\/\/www.ferrovial.com\/es\/","logo":{"@type":"ImageObject","inLanguage":"es","@id":"https:\/\/www.ferrovial.com\/es\/#\/schema\/logo\/image\/","url":"https:\/\/static.ferrovial.com\/wp-content\/uploads\/2020\/01\/13124948\/logo-ferrovial-cf7.png","contentUrl":"https:\/\/static.ferrovial.com\/wp-content\/uploads\/2020\/01\/13124948\/logo-ferrovial-cf7.png","width":144,"height":32,"caption":"Ferrovial S.A."},"image":{"@id":"https:\/\/www.ferrovial.com\/es\/#\/schema\/logo\/image\/"},"sameAs":["https:\/\/www.facebook.com\/ferrovial","https:\/\/x.com\/ferrovial","https:\/\/www.instagram.com\/ferrovial\/","https:\/\/www.linkedin.com\/company\/ferrovial","https:\/\/www.pinterest.es\/ferrovial\/","https:\/\/www.youtube.com\/ferrovial","https:\/\/en.wikipedia.org\/wiki\/Ferrovial"]}]}},"_links":{"self":[{"href":"https:\/\/www.ferrovial.com\/es\/wp-json\/wp\/v2\/pages\/252973","targetHints":{"allow":["GET"]}}],"collection":[{"href":"https:\/\/www.ferrovial.com\/es\/wp-json\/wp\/v2\/pages"}],"about":[{"href":"https:\/\/www.ferrovial.com\/es\/wp-json\/wp\/v2\/types\/page"}],"replies":[{"embeddable":true,"href":"https:\/\/www.ferrovial.com\/es\/wp-json\/wp\/v2\/comments?post=252973"}],"version-history":[{"count":2,"href":"https:\/\/www.ferrovial.com\/es\/wp-json\/wp\/v2\/pages\/252973\/revisions"}],"predecessor-version":[{"id":253851,"href":"https:\/\/www.ferrovial.com\/es\/wp-json\/wp\/v2\/pages\/252973\/revisions\/253851"}],"up":[{"embeddable":true,"href":"https:\/\/www.ferrovial.com\/es\/wp-json\/wp\/v2\/pages\/227878"}],"wp:attachment":[{"href":"https:\/\/www.ferrovial.com\/es\/wp-json\/wp\/v2\/media?parent=252973"}],"curies":[{"name":"wp","href":"https:\/\/api.w.org\/{rel}","templated":true}]}}