{"id":252986,"date":"2023-01-09T13:32:33","date_gmt":"2023-01-09T12:32:33","guid":{"rendered":"https:\/\/www.ferrovial.com\/?page_id=252986"},"modified":"2023-01-10T12:41:38","modified_gmt":"2023-01-10T11:41:38","slug":"comburente","status":"publish","type":"page","link":"https:\/\/www.ferrovial.com\/es\/stem\/comburente\/","title":{"rendered":"Comburente"},"content":{"rendered":"    <m-final-content-header >\n            <c-breadcrumb label-text=\"Breadcrumb\" slot=\"breadcrumbs\" type='2' align='left' wrap='wrapped wrapped' aria-label='Vienes de STEM'>\n                        <ol>\n\n                                                            <li><a href=\"https:\/\/www.ferrovial.com\/es\/\" title=\"Ferrovial\">Ferrovial<\/a><\/li>\n                                                                        <li><a href=\"https:\/\/www.ferrovial.com\/es\/stem\/\" title=\"STEM\">STEM<\/a><\/li>\n                                    \n                <\/ol>\n\n                <\/c-breadcrumb>\n    \n        <div slot=\"header\">\n            <h1>\n                \u00bfQu\u00e9 es un comburente?            <\/h1>\n                    <\/div>\n    <\/m-final-content-header>\n\n    \n\n\n<m-wysiwig class=\"wp-block-components-wysiwyg\"><div slot=\"maincontent\">\n<script type=\"application\/ld+json\">\n{\n  \"@context\": \"https:\/\/schema.org\",\n  \"@type\": \"FAQPage\",\n  \"mainEntity\": [{\n    \"@type\": \"Question\",\n    \"name\": \"\u00bfQu\u00e9 es un comburente?\",\n    \"acceptedAnswer\": {\n      \"@type\": \"Answer\",\n      \"text\": \"El t\u00e9rmino comburente se refiere a sustancias que en determinadas condiciones de temperatura y presi\u00f3n pueden reaccionar con los combustibles para favorecer reacciones de combusti\u00f3n. Esto se debe a que son sustancias oxidantes, por lo que propician reacciones de reducci\u00f3n-oxidaci\u00f3n.\n\nPor analog\u00eda, tambi\u00e9n se llama comburente a cualquier medio en el que es posible la combusti\u00f3n.\"\n    }\n  },{\n    \"@type\": \"Question\",\n    \"name\": \"\u00bfQu\u00e9 son las reacciones de reducci\u00f3n-oxidaci\u00f3n?\",\n    \"acceptedAnswer\": {\n      \"@type\": \"Answer\",\n      \"text\": \"Tambi\u00e9n conocidas como redox, las reacciones de reducci\u00f3n-oxidaci\u00f3n son transferencias de electrones compuestas de dos semirreacciones que ocurren de manera simult\u00e1nea:\n<ol>\n<li>La oxidaci\u00f3n o p\u00e9rdida de electrones.<\/li>\n<li>La reducci\u00f3n o adquisici\u00f3n de electrones.<\/li>\n<\/ol>\"\n    }\n  },{\n    \"@type\": \"Question\",\n    \"name\": \"\u00bfCu\u00e1les son algunos ejemplos de sustancias comburentes?\",\n    \"acceptedAnswer\": {\n      \"@type\": \"Answer\",\n      \"text\": \"<ul>\n<li>Ox\u00edgeno<\/li>\n<li>Ozono<\/li>\n<li>Hipocloritos<\/li>\n<li>Peroxiacetona (per\u00f3xido de acetona)<\/li>\n<\/ul>\"\n    }\n  },{\n    \"@type\": \"Question\",\n    \"name\": \"\u00bfCu\u00e1les son algunas aplicaciones de los comburentes?\",\n    \"acceptedAnswer\": {\n      \"@type\": \"Answer\",\n      \"text\": \"Los comburentes est\u00e1n presentes en numerosos procesos naturales e industriales de transformaci\u00f3n de materia, pero algunas aplicaciones pueden ser:\n<ul>\n<li>Industria espacial<\/li>\n<li>Medicina<\/li>\n<li>Limpieza<\/li>\n<li>Combusti\u00f3n dom\u00e9stica<\/li>\n<\/ul>\"\n    }\n  }]\n}\n<\/script><p>El t\u00e9rmino <em>comburente<\/em> se refiere a sustancias que en determinadas condiciones de temperatura y presi\u00f3n <strong>pueden reaccionar con los combustibles para favorecer reacciones de combusti\u00f3n<\/strong>. Esto se debe a que son <strong>sustancias oxidantes<\/strong>, por lo que propician reacciones de reducci\u00f3n-oxidaci\u00f3n.<\/p>\n\n\n\n<p>Por analog\u00eda, tambi\u00e9n se llama <em>comburente <\/em>a cualquier medio en el que es posible la combusti\u00f3n.<\/p>\n\n\n\n<h2 class=\"wp-block-heading\"><strong>\u00bfQu\u00e9 son las reacciones de reducci\u00f3n-oxidaci\u00f3n?<\/strong><\/h2>\n\n\n\n<p>Tambi\u00e9n conocidas como <strong><em>redox<\/em><\/strong>, las reacciones de reducci\u00f3n-oxidaci\u00f3n son <strong>transferencias de electrones <\/strong>compuestas de <strong>dos semirreacciones <\/strong>que ocurren de manera <strong>simult\u00e1nea<\/strong>:<\/p>\n\n\n\n<ol class=\"wp-block-list\"><li>La <strong>oxidaci\u00f3n <\/strong>o <strong>p\u00e9rdida de electrones<\/strong>.<\/li><li>La <strong>reducci\u00f3n<\/strong> o <strong>adquisici\u00f3n de electrones<\/strong>.<\/li><\/ol>\n\n\n\n<p>Los elementos que forman parte de los sistemas redox se denominan <strong>oxidante <\/strong>y <strong>reductor<\/strong>. Cuando la reacci\u00f3n tiene lugar, <strong>los oxidantes se reducen <\/strong>y <strong>los reductores se oxidan<\/strong>.<strong> <\/strong>Mientras que los <strong>comburentes son <\/strong>elementos <strong>oxidantes<\/strong>, los <strong>combustibles son <\/strong>elementos <strong>reductores<\/strong>.<\/p>\n\n\n\n<p>Las reacciones redox son <strong>reacciones exot\u00e9rmicas<\/strong>; es decir, que producen calor. Por esta raz\u00f3n, los comburentes son <strong>sustancias peligrosas<\/strong>, que deben manejarse bajo estrictas condiciones de seguridad. Los accidentes con agentes comburentes pueden ocasionar graves incendios y quemaduras.<\/p>\n\n\n\n<p>Si las <strong>reacciones de reducci\u00f3n-oxidaci\u00f3n <\/strong>ocurren de forma <strong>muy r\u00e1pida<\/strong>, generan una <strong>explosi\u00f3n<\/strong>.<\/p>\n\n\n\n<h2 class=\"wp-block-heading\"><strong>\u00bfCu\u00e1les son algunos ejemplos de sustancias comburentes?<\/strong><\/h2>\n\n\n\n<ul class=\"wp-block-list\"><li><strong>Ox\u00edgeno:<\/strong> es el comburente por excelencia, y est\u00e1 involucrado en la gran mayor\u00eda de las reacciones inflamables y explosivas. Las reacciones redox en las que est\u00e1 involucrado generan energ\u00eda, di\u00f3xido de carbono y agua.<\/li><li><strong>Ozono: <\/strong>es una mol\u00e9cula gaseosa cuyo poder oxidante tiene amplias aplicaciones en los procesos de purificaci\u00f3n de agua.<\/li><li><strong>Hipocloritos: <\/strong>son iones inestables que se descomponen bajo la luz solar y en presencia de calor.<\/li><li><strong>Peroxiacetona (per\u00f3xido de acetona):<\/strong> es un compuesto org\u00e1nico muy inestable, que reacciona con facilidad al calor, la fricci\u00f3n o el impacto.<\/li><\/ul>\n\n\n\n<h2 class=\"wp-block-heading\"><strong>\u00bfCu\u00e1les son algunas aplicaciones de los comburentes?<\/strong><\/h2>\n\n\n\n<p>Los comburentes est\u00e1n presentes en numerosos procesos naturales e industriales de transformaci\u00f3n de materia, pero algunas aplicaciones pueden ser:<\/p>\n\n\n\n<ul class=\"wp-block-list\"><li><strong>Industria espacial: <\/strong>los transbordadores espaciales tienen dep\u00f3sitos de <strong>diox\u00edgeno l\u00edquido<\/strong>. Este comburente posibilita las reacciones de combusti\u00f3n en el espacio exterior, donde no existen las concentraciones de ox\u00edgeno de la atm\u00f3sfera terrestre. En cambio, en la mayor\u00eda de los veh\u00edculos terrestres, la combusti\u00f3n se produce gracias al ox\u00edgeno atmosf\u00e9rico.<\/li><li><strong>Medicina: <\/strong>el <strong>per\u00f3xido de hidr\u00f3geno<\/strong>, mejor conocido como <em>agua oxigenada<\/em>, se utiliza de forma dom\u00e9stica y hospitalaria para la desinfecci\u00f3n de heridas. Por otra parte, los <strong>sulf\u00f3xidos <\/strong>se utilizan en la fabricaci\u00f3n de una amplia gama de medicamentos, incluyendo los antibi\u00f3ticos.<\/li><li><strong>Limpieza: <\/strong>el <strong>\u00e1cido peroxosulf\u00farico <\/strong>se utiliza como limpiador desinfectante.<\/li><li><strong>Combusti\u00f3n dom\u00e9stica: <\/strong>algunos comburentes, como el <strong>cerio<\/strong>, se utilizan para la fabricaci\u00f3n de materiales e instrumentos de producci\u00f3n de fuego a peque\u00f1a escala en situaciones cotidianas, como f\u00f3sforos o yesca para encendedores.<\/li><\/ul>\n<\/div><\/m-wysiwig>\n","protected":false},"excerpt":{"rendered":"","protected":false},"featured_media":0,"parent":227878,"menu_order":0,"comment_status":"closed","ping_status":"closed","template":"","meta":{"_acf_changed":false,"footnotes":""},"class_list":["post-252986","page","type-page","status-publish","hentry"],"acf":[],"yoast_head":"<!-- This site is optimized with the Yoast SEO plugin v27.2 - https:\/\/yoast.com\/product\/yoast-seo-wordpress\/ -->\n<title>Comburente: qu\u00e9 es, ejemplos de sustancias comburentes y aplicaciones<\/title>\n<meta name=\"description\" content=\"El t\u00e9rmino comburente se refiere a sustancias que en determinadas condiciones de temperatura y presi\u00f3n pueden reaccionar con los combustibles para favorecer reacciones de combusti\u00f3n.\" \/>\n<meta name=\"robots\" content=\"index, follow, max-snippet:-1, max-image-preview:large, max-video-preview:-1\" \/>\n<link rel=\"canonical\" href=\"https:\/\/www.ferrovial.com\/es\/stem\/comburente\/\" \/>\n<meta property=\"og:locale\" content=\"es_ES\" \/>\n<meta property=\"og:type\" content=\"article\" \/>\n<meta property=\"og:title\" content=\"Comburente: qu\u00e9 es, ejemplos de sustancias comburentes y aplicaciones\" \/>\n<meta property=\"og:description\" content=\"El t\u00e9rmino comburente se refiere a sustancias que en determinadas condiciones de temperatura y presi\u00f3n pueden reaccionar con los combustibles para favorecer reacciones de combusti\u00f3n.\" \/>\n<meta property=\"og:url\" content=\"https:\/\/www.ferrovial.com\/es\/stem\/comburente\/\" \/>\n<meta property=\"og:site_name\" content=\"Ferrovial\" \/>\n<meta property=\"article:publisher\" content=\"https:\/\/www.facebook.com\/ferrovial\" \/>\n<meta property=\"article:modified_time\" content=\"2023-01-10T11:41:38+00:00\" \/>\n<meta name=\"twitter:card\" content=\"summary_large_image\" \/>\n<meta name=\"twitter:site\" content=\"@ferrovial\" \/>\n<meta name=\"twitter:label1\" content=\"Est. reading time\" \/>\n\t<meta name=\"twitter:data1\" content=\"3 minutos\" \/>\n<!-- \/ Yoast SEO plugin. -->","yoast_head_json":{"title":"Comburente: qu\u00e9 es, ejemplos de sustancias comburentes y aplicaciones","description":"El t\u00e9rmino comburente se refiere a sustancias que en determinadas condiciones de temperatura y presi\u00f3n pueden reaccionar con los combustibles para favorecer reacciones de combusti\u00f3n.","robots":{"index":"index","follow":"follow","max-snippet":"max-snippet:-1","max-image-preview":"max-image-preview:large","max-video-preview":"max-video-preview:-1"},"canonical":"https:\/\/www.ferrovial.com\/es\/stem\/comburente\/","og_locale":"es_ES","og_type":"article","og_title":"Comburente: qu\u00e9 es, ejemplos de sustancias comburentes y aplicaciones","og_description":"El t\u00e9rmino comburente se refiere a sustancias que en determinadas condiciones de temperatura y presi\u00f3n pueden reaccionar con los combustibles para favorecer reacciones de combusti\u00f3n.","og_url":"https:\/\/www.ferrovial.com\/es\/stem\/comburente\/","og_site_name":"Ferrovial","article_publisher":"https:\/\/www.facebook.com\/ferrovial","article_modified_time":"2023-01-10T11:41:38+00:00","twitter_card":"summary_large_image","twitter_site":"@ferrovial","twitter_misc":{"Est. reading time":"3 minutos"},"schema":{"@context":"https:\/\/schema.org","@graph":[{"@type":"WebPage","@id":"https:\/\/www.ferrovial.com\/es\/stem\/comburente\/","url":"https:\/\/www.ferrovial.com\/es\/stem\/comburente\/","name":"Comburente: qu\u00e9 es, ejemplos de sustancias comburentes y aplicaciones","isPartOf":{"@id":"https:\/\/www.ferrovial.com\/es\/#website"},"datePublished":"2023-01-09T12:32:33+00:00","dateModified":"2023-01-10T11:41:38+00:00","description":"El t\u00e9rmino comburente se refiere a sustancias que en determinadas condiciones de temperatura y presi\u00f3n pueden reaccionar con los combustibles para favorecer reacciones de combusti\u00f3n.","breadcrumb":{"@id":"https:\/\/www.ferrovial.com\/es\/stem\/comburente\/#breadcrumb"},"inLanguage":"es","potentialAction":[{"@type":"ReadAction","target":["https:\/\/www.ferrovial.com\/es\/stem\/comburente\/"]}]},{"@type":"BreadcrumbList","@id":"https:\/\/www.ferrovial.com\/es\/stem\/comburente\/#breadcrumb","itemListElement":[{"@type":"ListItem","position":1,"name":"Portada","item":"https:\/\/www.ferrovial.com\/es\/"},{"@type":"ListItem","position":2,"name":"STEM","item":"https:\/\/www.ferrovial.com\/es\/stem\/"},{"@type":"ListItem","position":3,"name":"Comburente"}]},{"@type":"WebSite","@id":"https:\/\/www.ferrovial.com\/es\/#website","url":"https:\/\/www.ferrovial.com\/es\/","name":"Ferrovial","description":"Welcome to the Ferrovial&#039;s website, global operator of sustainable infrastructure. Here you can find all the information about the company and subsidiaries.","publisher":{"@id":"https:\/\/www.ferrovial.com\/es\/#organization"},"potentialAction":[{"@type":"SearchAction","target":{"@type":"EntryPoint","urlTemplate":"https:\/\/www.ferrovial.com\/es\/?s={search_term_string}"},"query-input":{"@type":"PropertyValueSpecification","valueRequired":true,"valueName":"search_term_string"}}],"inLanguage":"es"},{"@type":"Organization","@id":"https:\/\/www.ferrovial.com\/es\/#organization","name":"Ferrovial S.A.","url":"https:\/\/www.ferrovial.com\/es\/","logo":{"@type":"ImageObject","inLanguage":"es","@id":"https:\/\/www.ferrovial.com\/es\/#\/schema\/logo\/image\/","url":"https:\/\/static.ferrovial.com\/wp-content\/uploads\/2020\/01\/13124948\/logo-ferrovial-cf7.png","contentUrl":"https:\/\/static.ferrovial.com\/wp-content\/uploads\/2020\/01\/13124948\/logo-ferrovial-cf7.png","width":144,"height":32,"caption":"Ferrovial S.A."},"image":{"@id":"https:\/\/www.ferrovial.com\/es\/#\/schema\/logo\/image\/"},"sameAs":["https:\/\/www.facebook.com\/ferrovial","https:\/\/x.com\/ferrovial","https:\/\/www.instagram.com\/ferrovial\/","https:\/\/www.linkedin.com\/company\/ferrovial","https:\/\/www.pinterest.es\/ferrovial\/","https:\/\/www.youtube.com\/ferrovial","https:\/\/en.wikipedia.org\/wiki\/Ferrovial"]}]}},"_links":{"self":[{"href":"https:\/\/www.ferrovial.com\/es\/wp-json\/wp\/v2\/pages\/252986","targetHints":{"allow":["GET"]}}],"collection":[{"href":"https:\/\/www.ferrovial.com\/es\/wp-json\/wp\/v2\/pages"}],"about":[{"href":"https:\/\/www.ferrovial.com\/es\/wp-json\/wp\/v2\/types\/page"}],"replies":[{"embeddable":true,"href":"https:\/\/www.ferrovial.com\/es\/wp-json\/wp\/v2\/comments?post=252986"}],"version-history":[{"count":2,"href":"https:\/\/www.ferrovial.com\/es\/wp-json\/wp\/v2\/pages\/252986\/revisions"}],"predecessor-version":[{"id":253089,"href":"https:\/\/www.ferrovial.com\/es\/wp-json\/wp\/v2\/pages\/252986\/revisions\/253089"}],"up":[{"embeddable":true,"href":"https:\/\/www.ferrovial.com\/es\/wp-json\/wp\/v2\/pages\/227878"}],"wp:attachment":[{"href":"https:\/\/www.ferrovial.com\/es\/wp-json\/wp\/v2\/media?parent=252986"}],"curies":[{"name":"wp","href":"https:\/\/api.w.org\/{rel}","templated":true}]}}