{"id":252993,"date":"2023-01-09T13:40:24","date_gmt":"2023-01-09T12:40:24","guid":{"rendered":"https:\/\/www.ferrovial.com\/?page_id=252993"},"modified":"2023-01-10T12:54:05","modified_gmt":"2023-01-10T11:54:05","slug":"draga","status":"publish","type":"page","link":"https:\/\/www.ferrovial.com\/es\/stem\/draga\/","title":{"rendered":"Draga"},"content":{"rendered":"    <m-final-content-header >\n            <c-breadcrumb label-text=\"Breadcrumb\" slot=\"breadcrumbs\" type='2' align='left' wrap='wrapped wrapped' aria-label='Vienes de STEM'>\n                        <ol>\n\n                                                            <li><a href=\"https:\/\/www.ferrovial.com\/es\/\" title=\"Ferrovial\">Ferrovial<\/a><\/li>\n                                                                        <li><a href=\"https:\/\/www.ferrovial.com\/es\/stem\/\" title=\"STEM\">STEM<\/a><\/li>\n                                    \n                <\/ol>\n\n                <\/c-breadcrumb>\n    \n        <div slot=\"header\">\n            <h1>\n                \u00bfQu\u00e9 es una draga?            <\/h1>\n                    <\/div>\n    <\/m-final-content-header>\n\n    \n\n\n<m-wysiwig class=\"wp-block-components-wysiwyg\"><div slot=\"maincontent\">\n<script type=\"application\/ld+json\">\n{\n  \"@context\": \"https:\/\/schema.org\",\n  \"@type\": \"FAQPage\",\n  \"mainEntity\": [{\n    \"@type\": \"Question\",\n    \"name\": \"\u00bfQu\u00e9 es una draga?\",\n    \"acceptedAnswer\": {\n      \"@type\": \"Answer\",\n      \"text\": \"Una draga es una m\u00e1quina acu\u00e1tica que sirve para extraer material sumergido y sacarlo a la superficie. Las dragas pueden instalarse a la orilla de r\u00edos, lagos, canales, mares, ci\u00e9nagas u otras masas de agua, o bien operar desde una embarcaci\u00f3n. La draga no debe confundirse con la dragalina.\"\n    }\n  },{\n    \"@type\": \"Question\",\n    \"name\": \"\u00bfQu\u00e9 usos tiene una draga?\",\n    \"acceptedAnswer\": {\n      \"@type\": \"Answer\",\n      \"text\": \"La draga se emplea principalmente para limpiar, excavar y ahondar fondos acu\u00e1ticos, o para extraer materia valiosa sumergida en estos. \n\nEn construcci\u00f3n, algunos de sus usos son:\n<ul>\n<li>Mejorar la navegabilidad de v\u00edas fluviales, puertos y atracaderos.<\/li>\n<li>Drenar \u00e1reas.<\/li>\n<li>Hacer diques o presas.<\/li>\n<li>Preparar el terreno para poner cimientos de puentes, embarcaderos y otras construcciones cuyas bases se encuentran sumergidas.<\/li>\n<li>Regenerar playas con fines recreativos o ecol\u00f3gicos.<\/li>\n<li>Extraer de materia \u00fatil, como arena, grava, arcilla y otros materiales para la construcci\u00f3n.<\/li>\n<li>Recolectar moluscos y crust\u00e1ceos para la industria alimenticia.<\/li>\n<li>Dar mantenimiento a fondos acu\u00e1ticos naturales o artificiales.<\/li>\n<li>Recuperar zonas eutrofizadas o contaminadas por derrames qu\u00edmicos o de otra naturaleza.<\/li>\n<\/ul>\"\n    }\n  },{\n    \"@type\": \"Question\",\n    \"name\": \"\u00bfQu\u00e9 tipos de dragas hay?\",\n    \"acceptedAnswer\": {\n      \"@type\": \"Answer\",\n      \"text\": \"Las dragas se dividen en dos tipos principales: las dragas de succi\u00f3n y las dragas mec\u00e1nicas, aunque dentro de estas dos familias existe una gran variedad de ingenios que atienden necesidades muy diversas.\n\n<ol>\n<li>Dragas de succi\u00f3n <ul><li>Dotadas de cuchillas cortadoras para desintegrar la materia cuando pasa por la boca de la tuber\u00eda.\n<\/li><li>Equipadas con inyectores de agua capaces de suavizar el fondo para succionarlo en forma de fango.\n<\/li>\n<\/ul><\/li>\n<li>Dragas mec\u00e1nicas <ul><li>En forma de gr\u00faa<\/li><li>De tolva continua<\/li>\n<\/ul><\/li>\n<\/ol>\"\n    }\n  },{\n    \"@type\": \"Question\",\n    \"name\": \"\u00bfCu\u00e1les son las implicaciones ecol\u00f3gicas del uso de dragas?\",\n    \"acceptedAnswer\": {\n      \"@type\": \"Answer\",\n      \"text\": \"Muchos procesos de dragado pueden conllevar un impacto ambiental importante, agitando los dep\u00f3sitos de sedimentos que se encuentran en los fondos acu\u00e1ticos y destruyendo ecosistemas que dependen del lecho acu\u00e1tico. Por eso, antes de emplearla es indispensable realizar rigurosos estudios para determinar la viabilidad de su uso.\"\n    }\n  }]\n}\n<\/script><p>Una draga es una <strong>m\u00e1quina acu\u00e1tica<\/strong> que sirve para extraer <strong>material sumergido <\/strong>y sacarlo a la superficie. Las dragas pueden instalarse a la orilla de r\u00edos, lagos, canales, mares, ci\u00e9nagas u otras masas de agua, o bien operar desde una embarcaci\u00f3n. La draga no debe confundirse con la <a href=\"https:\/\/www.ferrovial.com\/es\/stem\/dragalina\/\" target=\"_blank\" rel=\"noreferrer noopener\">dragalina<\/a>.<\/p>\n\n\n\n<h2 class=\"wp-block-heading\"><strong>\u00bfQu\u00e9 usos tiene una draga?<\/strong><\/h2>\n\n\n\n<p>La draga se emplea principalmente para <strong>limpiar, excavar y ahondar fondos acu\u00e1ticos<\/strong>, o para <strong>extraer materia valiosa<\/strong> sumergida en estos.&nbsp;<\/p>\n\n\n\n<p><strong>En construcci\u00f3n<\/strong>, algunos de sus usos son:<\/p>\n\n\n\n<ul class=\"wp-block-list\"><li>Mejorar la <strong>navegabilidad <\/strong>de v\u00edas fluviales, puertos y atracaderos.<\/li><li><strong>Drenar <\/strong>\u00e1reas.<\/li><li>Hacer <strong>diques o presas<\/strong>.<\/li><li><strong>Preparar el terreno <\/strong>para poner cimientos de <a href=\"https:\/\/www.ferrovial.com\/es-es\/f-construccion\/que-hacemos\/puentes-y-viaductos\/\" target=\"_blank\" rel=\"noreferrer noopener\">puentes<\/a>, embarcaderos y otras construcciones cuyas <strong>bases <\/strong>se encuentran sumergidas.<\/li><li><strong>Regenerar playas<\/strong> con fines recreativos o ecol\u00f3gicos.<\/li><li><strong>Extraer de materia \u00fatil<\/strong>, como arena, grava, arcilla y otros <a href=\"https:\/\/www.ferrovial.com\/es\/recursos\/materiales-construccion\/\" target=\"_blank\" rel=\"noreferrer noopener\">materiales para la construcci\u00f3n<\/a>.<\/li><li>Recolectar moluscos y crust\u00e1ceos para la <strong>industria alimenticia<\/strong>.<\/li><li>Dar <strong>mantenimiento a fondos acu\u00e1ticos <\/strong>naturales o artificiales.<\/li><li><strong>Recuperar zonas eutrofizadas o contaminadas <\/strong>por derrames qu\u00edmicos o de otra naturaleza.<\/li><\/ul>\n\n\n\n<h2 class=\"wp-block-heading\"><strong>\u00bfQu\u00e9 tipos de dragas hay?<\/strong><\/h2>\n\n\n\n<p>Las dragas se dividen en dos tipos principales: las <strong>dragas de succi\u00f3n<\/strong> y las <strong>dragas mec\u00e1nicas<\/strong>, aunque <strong>dentro de estas dos familias existe una gran variedad <\/strong>de ingenios que atienden necesidades muy diversas.<\/p>\n\n\n\n<ol class=\"wp-block-list\"><li><strong>Dragas de succi\u00f3n: <\/strong>son aquellas que <strong>poseen una tuber\u00eda sumergible con una potente bomba de succi\u00f3n<\/strong> capaz de&nbsp; extraer el material del fondo. Seg\u00fan su dise\u00f1o, adem\u00e1s, pueden estar:<ul><li>Dotadas de <strong>cuchillas cortadoras <\/strong>para desintegrar la materia cuando pasa por la boca de la tuber\u00eda.<\/li><li>Equipadas con <strong>inyectores de agua<\/strong> capaces de suavizar el fondo para succionarlo en forma de fango.<\/li><\/ul><\/li><li><strong>Dragas mec\u00e1nicas:<\/strong> funcionan m\u00e1s <strong>como excavadoras<\/strong>. Las hay:<ul><li><strong>En forma de gr\u00faa <\/strong>con una cuchara sumergible o con pala y brazo mec\u00e1nico.<\/li><li><strong>De tolva continua,<\/strong> que se parecen m\u00e1s a una <a href=\"https:\/\/www.ferrovial.com\/es\/stem\/zanjadora\/\" target=\"_blank\" rel=\"noreferrer noopener\">zanjadora<\/a> sumergible dotada de una rueda o cadena giratoria con recipientes met\u00e1licos, llamados cangilones, con los que se va extrayendo el material del fondo.<\/li><\/ul><\/li><\/ol>\n\n\n\n<h2 class=\"wp-block-heading\"><strong>\u00bfCu\u00e1les son las implicaciones ecol\u00f3gicas del uso de dragas?<\/strong><\/h2>\n\n\n\n<p>Muchos procesos de dragado pueden conllevar un impacto ambiental importante, <strong>agitando los dep\u00f3sitos de sedimentos <\/strong>que se encuentran en los fondos acu\u00e1ticos y <strong>destruyendo ecosistemas <\/strong>que dependen del <strong>lecho acu\u00e1tico<\/strong>. Por eso, antes de emplearla es indispensable realizar rigurosos estudios para determinar la viabilidad de su uso.<\/p>\n<\/div><\/m-wysiwig>\n","protected":false},"excerpt":{"rendered":"","protected":false},"featured_media":0,"parent":227878,"menu_order":0,"comment_status":"closed","ping_status":"closed","template":"","meta":{"_acf_changed":false,"footnotes":""},"class_list":["post-252993","page","type-page","status-publish","hentry"],"acf":[],"yoast_head":"<!-- This site is optimized with the Yoast SEO plugin v27.2 - https:\/\/yoast.com\/product\/yoast-seo-wordpress\/ -->\n<title>Draga: qu\u00e9 es, usos, tipos e implicaciones ecol\u00f3gicas - Ferrovial<\/title>\n<meta name=\"description\" content=\"Una draga es una m\u00e1quina acu\u00e1tica que sirve para extraer material sumergido y sacarlo a la superficie. No debe confundirse con la dragalina.\" \/>\n<meta name=\"robots\" content=\"index, follow, max-snippet:-1, max-image-preview:large, max-video-preview:-1\" \/>\n<link rel=\"canonical\" href=\"https:\/\/www.ferrovial.com\/es\/stem\/draga\/\" \/>\n<meta property=\"og:locale\" content=\"es_ES\" \/>\n<meta property=\"og:type\" content=\"article\" \/>\n<meta property=\"og:title\" content=\"Draga: qu\u00e9 es, usos, tipos e implicaciones ecol\u00f3gicas - Ferrovial\" \/>\n<meta property=\"og:description\" content=\"Una draga es una m\u00e1quina acu\u00e1tica que sirve para extraer material sumergido y sacarlo a la superficie. No debe confundirse con la dragalina.\" \/>\n<meta property=\"og:url\" content=\"https:\/\/www.ferrovial.com\/es\/stem\/draga\/\" \/>\n<meta property=\"og:site_name\" content=\"Ferrovial\" \/>\n<meta property=\"article:publisher\" content=\"https:\/\/www.facebook.com\/ferrovial\" \/>\n<meta property=\"article:modified_time\" content=\"2023-01-10T11:54:05+00:00\" \/>\n<meta name=\"twitter:card\" content=\"summary_large_image\" \/>\n<meta name=\"twitter:site\" content=\"@ferrovial\" \/>\n<meta name=\"twitter:label1\" content=\"Est. reading time\" \/>\n\t<meta name=\"twitter:data1\" content=\"4 minutos\" \/>\n<!-- \/ Yoast SEO plugin. -->","yoast_head_json":{"title":"Draga: qu\u00e9 es, usos, tipos e implicaciones ecol\u00f3gicas - Ferrovial","description":"Una draga es una m\u00e1quina acu\u00e1tica que sirve para extraer material sumergido y sacarlo a la superficie. No debe confundirse con la dragalina.","robots":{"index":"index","follow":"follow","max-snippet":"max-snippet:-1","max-image-preview":"max-image-preview:large","max-video-preview":"max-video-preview:-1"},"canonical":"https:\/\/www.ferrovial.com\/es\/stem\/draga\/","og_locale":"es_ES","og_type":"article","og_title":"Draga: qu\u00e9 es, usos, tipos e implicaciones ecol\u00f3gicas - Ferrovial","og_description":"Una draga es una m\u00e1quina acu\u00e1tica que sirve para extraer material sumergido y sacarlo a la superficie. No debe confundirse con la dragalina.","og_url":"https:\/\/www.ferrovial.com\/es\/stem\/draga\/","og_site_name":"Ferrovial","article_publisher":"https:\/\/www.facebook.com\/ferrovial","article_modified_time":"2023-01-10T11:54:05+00:00","twitter_card":"summary_large_image","twitter_site":"@ferrovial","twitter_misc":{"Est. reading time":"4 minutos"},"schema":{"@context":"https:\/\/schema.org","@graph":[{"@type":"WebPage","@id":"https:\/\/www.ferrovial.com\/es\/stem\/draga\/","url":"https:\/\/www.ferrovial.com\/es\/stem\/draga\/","name":"Draga: qu\u00e9 es, usos, tipos e implicaciones ecol\u00f3gicas - Ferrovial","isPartOf":{"@id":"https:\/\/www.ferrovial.com\/es\/#website"},"datePublished":"2023-01-09T12:40:24+00:00","dateModified":"2023-01-10T11:54:05+00:00","description":"Una draga es una m\u00e1quina acu\u00e1tica que sirve para extraer material sumergido y sacarlo a la superficie. No debe confundirse con la dragalina.","breadcrumb":{"@id":"https:\/\/www.ferrovial.com\/es\/stem\/draga\/#breadcrumb"},"inLanguage":"es","potentialAction":[{"@type":"ReadAction","target":["https:\/\/www.ferrovial.com\/es\/stem\/draga\/"]}]},{"@type":"BreadcrumbList","@id":"https:\/\/www.ferrovial.com\/es\/stem\/draga\/#breadcrumb","itemListElement":[{"@type":"ListItem","position":1,"name":"Portada","item":"https:\/\/www.ferrovial.com\/es\/"},{"@type":"ListItem","position":2,"name":"STEM","item":"https:\/\/www.ferrovial.com\/es\/stem\/"},{"@type":"ListItem","position":3,"name":"Draga"}]},{"@type":"WebSite","@id":"https:\/\/www.ferrovial.com\/es\/#website","url":"https:\/\/www.ferrovial.com\/es\/","name":"Ferrovial","description":"Welcome to the Ferrovial&#039;s website, global operator of sustainable infrastructure. Here you can find all the information about the company and subsidiaries.","publisher":{"@id":"https:\/\/www.ferrovial.com\/es\/#organization"},"potentialAction":[{"@type":"SearchAction","target":{"@type":"EntryPoint","urlTemplate":"https:\/\/www.ferrovial.com\/es\/?s={search_term_string}"},"query-input":{"@type":"PropertyValueSpecification","valueRequired":true,"valueName":"search_term_string"}}],"inLanguage":"es"},{"@type":"Organization","@id":"https:\/\/www.ferrovial.com\/es\/#organization","name":"Ferrovial S.A.","url":"https:\/\/www.ferrovial.com\/es\/","logo":{"@type":"ImageObject","inLanguage":"es","@id":"https:\/\/www.ferrovial.com\/es\/#\/schema\/logo\/image\/","url":"https:\/\/static.ferrovial.com\/wp-content\/uploads\/2020\/01\/13124948\/logo-ferrovial-cf7.png","contentUrl":"https:\/\/static.ferrovial.com\/wp-content\/uploads\/2020\/01\/13124948\/logo-ferrovial-cf7.png","width":144,"height":32,"caption":"Ferrovial S.A."},"image":{"@id":"https:\/\/www.ferrovial.com\/es\/#\/schema\/logo\/image\/"},"sameAs":["https:\/\/www.facebook.com\/ferrovial","https:\/\/x.com\/ferrovial","https:\/\/www.instagram.com\/ferrovial\/","https:\/\/www.linkedin.com\/company\/ferrovial","https:\/\/www.pinterest.es\/ferrovial\/","https:\/\/www.youtube.com\/ferrovial","https:\/\/en.wikipedia.org\/wiki\/Ferrovial"]}]}},"_links":{"self":[{"href":"https:\/\/www.ferrovial.com\/es\/wp-json\/wp\/v2\/pages\/252993","targetHints":{"allow":["GET"]}}],"collection":[{"href":"https:\/\/www.ferrovial.com\/es\/wp-json\/wp\/v2\/pages"}],"about":[{"href":"https:\/\/www.ferrovial.com\/es\/wp-json\/wp\/v2\/types\/page"}],"replies":[{"embeddable":true,"href":"https:\/\/www.ferrovial.com\/es\/wp-json\/wp\/v2\/comments?post=252993"}],"version-history":[{"count":2,"href":"https:\/\/www.ferrovial.com\/es\/wp-json\/wp\/v2\/pages\/252993\/revisions"}],"predecessor-version":[{"id":253096,"href":"https:\/\/www.ferrovial.com\/es\/wp-json\/wp\/v2\/pages\/252993\/revisions\/253096"}],"up":[{"embeddable":true,"href":"https:\/\/www.ferrovial.com\/es\/wp-json\/wp\/v2\/pages\/227878"}],"wp:attachment":[{"href":"https:\/\/www.ferrovial.com\/es\/wp-json\/wp\/v2\/media?parent=252993"}],"curies":[{"name":"wp","href":"https:\/\/api.w.org\/{rel}","templated":true}]}}