{"id":253006,"date":"2023-01-09T14:38:02","date_gmt":"2023-01-09T13:38:02","guid":{"rendered":"https:\/\/www.ferrovial.com\/?page_id=253006"},"modified":"2023-01-10T13:07:39","modified_gmt":"2023-01-10T12:07:39","slug":"topadora","status":"publish","type":"page","link":"https:\/\/www.ferrovial.com\/es\/stem\/topadora\/","title":{"rendered":"Topadora"},"content":{"rendered":"    <m-final-content-header >\n            <c-breadcrumb label-text=\"Breadcrumb\" slot=\"breadcrumbs\" type='2' align='left' wrap='wrapped wrapped' aria-label='Vienes de STEM'>\n                        <ol>\n\n                                                            <li><a href=\"https:\/\/www.ferrovial.com\/es\/\" title=\"Ferrovial\">Ferrovial<\/a><\/li>\n                                                                        <li><a href=\"https:\/\/www.ferrovial.com\/es\/stem\/\" title=\"STEM\">STEM<\/a><\/li>\n                                    \n                <\/ol>\n\n                <\/c-breadcrumb>\n    \n        <div slot=\"header\">\n            <h1>\n                \u00bfQu\u00e9 es una topadora?            <\/h1>\n                    <\/div>\n    <\/m-final-content-header>\n\n    \n\n\n<m-wysiwig class=\"wp-block-components-wysiwyg\"><div slot=\"maincontent\">\n<script type=\"application\/ld+json\">\n{\n  \"@context\": \"https:\/\/schema.org\",\n  \"@type\": \"FAQPage\",\n  \"mainEntity\": [{\n    \"@type\": \"Question\",\n    \"name\": \"\u00bfQu\u00e9 es una topadora?\",\n    \"acceptedAnswer\": {\n      \"@type\": \"Answer\",\n      \"text\": \"Una topadora, tambi\u00e9n llamada bulldozer, buld\u00f3cer, excavadora o dozer, es una m\u00e1quina empleada para empujar y excavar terrenos, especialmente utilizada en el \u00e1rea de la construcci\u00f3n y la miner\u00eda. \n\nDispone de una cuchilla de acero, u hoja de empuje, acoplada en la parte delantera del cami\u00f3n, y su funci\u00f3n es movilizar y desplazar la tierra, materiales o residuos de construcci\u00f3n a trav\u00e9s de ella. Una topadora tiene una fase productiva, durante la cual excava y empuja, y otra fase no productiva, durante la cual vuelve a su posici\u00f3n inicial.\"\n    }\n  },{\n    \"@type\": \"Question\",\n    \"name\": \"\u00bfCu\u00e1les son las caracter\u00edsticas de una topadora?\",\n    \"acceptedAnswer\": {\n      \"@type\": \"Answer\",\n      \"text\": \"<ul>\n<li>La hoja de empuje cuenta con cuchillas de acero para poder romper piedras y dem\u00e1s materiales s\u00f3lidos presentes en un determinado terreno.<\/li>\n<li>Las topadoras, adem\u00e1s de facilitar el movimiento de suelo, tambi\u00e9n permiten el transporte de material a corta distancia. Si el tractor de la m\u00e1quina funciona sobre orugas, su per\u00edmetro de movimiento es de 100 metros; si el tractor est\u00e1 sobre neum\u00e1ticos, es de 150 metros.<\/li>\n<li>Las topadoras, ya sea que funcionen a trav\u00e9s de orugas o neum\u00e1ticos, distribuyen el peso de la carga en todo el veh\u00edculo, impidiendo que pierda el equilibrio en el terreno en el que circule.<\/li>\n<\/ul>\"\n    }\n  },{\n    \"@type\": \"Question\",\n    \"name\": \"\u00bfQu\u00e9 usos tiene una topadora?\",\n    \"acceptedAnswer\": {\n      \"@type\": \"Answer\",\n      \"text\": \"Este tipo de m\u00e1quina destaca por su versatilidad, por lo que sus usos son muy variados. Algunos de ellos son:\n<ul>\n<li>Roturaci\u00f3n de suelos y terrenos.<\/li>\n<li>Acarreo de rocas y apertura de zanjas.<\/li>\n<li>Empuje de materiales.<\/li>\n<li>Nivelaci\u00f3n.<\/li>\n<li>Excavaci\u00f3n en l\u00ednea recta.<\/li>\n<li>Formaci\u00f3n de pilas.<\/li>\n<li>Remolque de grandes cargas.<\/li>\n<li>Exploraci\u00f3n de yacimientos.<\/li>\n<li>Manipulaci\u00f3n de materiales de obras de construcci\u00f3n.<\/li>\n<\/ul>\"\n    }\n  },{\n    \"@type\": \"Question\",\n    \"name\": \"\u00bfCu\u00e1les son las partes de una topadora?\",\n    \"acceptedAnswer\": {\n      \"@type\": \"Answer\",\n      \"text\": \"Una topadora est\u00e1 compuesta por:\n<ol>\n<li>Un tractor que avanza sobre un sistema de orugas o sobre neum\u00e1ticos.<\/li>\n<li>Un chasis r\u00edgido o articulado dentro del cual se encuentra un sistema de mandos hidr\u00e1ulicos que controlan el sistema de cableado que pone en funcionamiento a la cuchilla de la m\u00e1quina.<\/li>\n<li>Una cuchilla delantera, que se mueve verticalmente y realiza un recorrido corto. Esta puede ser:\n<ul><li>Recta: cumple la \u00fanica funci\u00f3n de cortar el terreno.<\/li>\n<li>C\u00f3ncava: adem\u00e1s de cortar el terreno, voltea y mueve la tierra que arrastra.<\/li>\n<li>En U: permite arrastrar m\u00e1s cantidad de material que el tipo anterior.<\/li>\n<li>Semi universal (SU): combina las caracter\u00edsticas de la recta y de la cuchilla en U. Su capacidad es mayor, ya que tiene alas cortas integradas que, adem\u00e1s, pueden soportar m\u00e1s carga.<\/li>\n<\/ul><\/li>\n<\/ol>\"\n    }\n  },{\n    \"@type\": \"Question\",\n    \"name\": \"\u00bfQu\u00e9 tipos de topadoras existen?\",\n    \"acceptedAnswer\": {\n      \"@type\": \"Answer\",\n      \"text\": \"<ol>\n<li>Topadora aplanadora o buld\u00f3cer<\/li>\n<li>Topadora de hoja orientable o angledozer<\/li>\n<li>Topadora de l\u00e1mina inclinable o tiltdozer<\/li>\n<\/ol>\"\n    }\n  }]\n}\n<\/script><p>Una topadora, tambi\u00e9n llamada <em>bulldozer<\/em>, <em>buld\u00f3cer<\/em>, excavadora o <em>dozer<\/em>, es una <a href=\"https:\/\/www.ferrovial.com\/es\/stem\/maquinaria-de-obra\/\" target=\"_blank\" rel=\"noreferrer noopener\">m\u00e1quina<\/a> empleada para <strong>empujar y excavar terrenos,<\/strong> especialmente utilizada en el \u00e1rea de la <strong>construcci\u00f3n y la miner\u00eda.<\/strong>&nbsp;<\/p>\n\n\n\n<p>Dispone de una cuchilla de acero, u hoja de empuje, acoplada en la parte delantera del cami\u00f3n, y su funci\u00f3n es <strong>movilizar y desplazar la tierra, materiales o residuos de construcci\u00f3n<\/strong> a trav\u00e9s de ella. Una topadora tiene una <strong>fase productiva<\/strong>, durante la cual excava y empuja, y otra <strong>fase no productiva<\/strong>, durante la cual vuelve a su posici\u00f3n inicial.<\/p>\n\n\n\n<h2 class=\"wp-block-heading\"><strong>\u00bfCu\u00e1les son las caracter\u00edsticas de una topadora?<\/strong><\/h2>\n\n\n\n<ul class=\"wp-block-list\"><li>La hoja de empuje cuenta con <strong>cuchillas de acero <\/strong>para poder romper piedras y dem\u00e1s materiales s\u00f3lidos presentes en un determinado terreno.<\/li><li>Las topadoras, adem\u00e1s de facilitar el movimiento de suelo, tambi\u00e9n permiten el <strong>transporte de material a corta distancia. <\/strong>Si el tractor de la m\u00e1quina funciona sobre orugas, su per\u00edmetro de movimiento es de 100 metros; si el tractor est\u00e1 sobre neum\u00e1ticos, es de 150 metros.<\/li><li>Las topadoras, ya sea que funcionen a trav\u00e9s de orugas o neum\u00e1ticos, <strong>distribuyen el peso de la carga en todo el veh\u00edculo<\/strong>, impidiendo que pierda el equilibrio en el terreno en el que circule.<\/li><\/ul>\n\n\n\n<h2 class=\"wp-block-heading\"><strong>\u00bfQu\u00e9 usos tiene una topadora?<\/strong><\/h2>\n\n\n\n<p>Este tipo de m\u00e1quina destaca por su <strong>versatilidad, <\/strong>por lo que sus usos son muy variados. Algunos de ellos son:<\/p>\n\n\n\n<ul class=\"wp-block-list\"><li>Roturaci\u00f3n de suelos y terrenos.<\/li><li>Acarreo de rocas y apertura de zanjas.<\/li><li>Empuje de materiales.<\/li><li>Nivelaci\u00f3n.<\/li><li>Excavaci\u00f3n en l\u00ednea recta.<\/li><li>Formaci\u00f3n de pilas.<\/li><li>Remolque de grandes cargas.<\/li><li>Exploraci\u00f3n de yacimientos.<\/li><li>Manipulaci\u00f3n de materiales de obras de construcci\u00f3n.<\/li><\/ul>\n\n\n\n<h2 class=\"wp-block-heading\">&nbsp;<strong>\u00bfCu\u00e1les son las partes de una topadora?<\/strong><\/h2>\n\n\n\n<p>Una topadora est\u00e1 compuesta por:<\/p>\n\n\n\n<ol class=\"wp-block-list\"><li><strong> Un tractor<\/strong> que avanza sobre un sistema de orugas o sobre neum\u00e1ticos.<\/li><li> <strong>Un chasis r\u00edgido o articulado<\/strong> dentro del cual se encuentra un <strong>sistema de mandos hidr\u00e1ulicos <\/strong>que controlan el sistema de cableado que pone en funcionamiento a la cuchilla de la m\u00e1quina.<\/li><li> <strong>Una cuchilla delantera<\/strong>, que se mueve verticalmente y realiza un recorrido corto. Esta puede ser:<ul><li><strong>Recta: <\/strong>cumple la \u00fanica funci\u00f3n de cortar el terreno.<\/li><li><strong>C\u00f3ncava<\/strong>: adem\u00e1s de cortar el terreno, voltea y mueve la tierra que arrastra.<\/li><li><strong>En U:<\/strong> permite arrastrar m\u00e1s cantidad de material que el tipo anterior.<\/li><li><strong>Semi universal (SU): <\/strong>combina las caracter\u00edsticas de la recta y de la cuchilla en U. Su capacidad es mayor, ya que tiene alas cortas integradas que, adem\u00e1s, pueden soportar m\u00e1s carga.<\/li><\/ul><\/li><\/ol>\n\n\n\n<p>Muchas topadoras cuentan con <strong>un rastrillo como herramienta accesoria para la limpieza de terrenos,<\/strong> con gran capacidad de penetraci\u00f3n en el suelo para sacar troncos, rocas y ra\u00edces. Este rastrillo suele reemplazarse con periodicidad, dado que sus puntas van perdiendo el filo.<\/p>\n\n\n\n<h2 class=\"wp-block-heading\"><strong>\u00bfQu\u00e9 tipos de topadoras existen?<\/strong><\/h2>\n\n\n\n<ol class=\"wp-block-list\"><li> <strong>Topadora aplanadora o buld\u00f3cer:<\/strong> su hoja de empuje est\u00e1 fijada al chasis del tractor y funciona por medio de cilindros hidr\u00e1ulicos que la mueven de manera perpendicular a la m\u00e1quina. Los movimientos de la cuchilla suelen denominarse de <em>tilt<\/em>, es decir, de inclinaci\u00f3n lateral, y de <em>pitch<\/em>, es decir, de inclinaci\u00f3n respecto al eje vertical.<\/li><li><strong>Topadora de hoja orientable o <em>angledozer<\/em>:<\/strong> la hoja est\u00e1 puesta en \u00e1ngulo con respecto a la direcci\u00f3n del movimiento de trabajo. Suele ser m\u00e1s baja y ancha, de manera que pueda ampliar el rango de trabajo a pesar de estar inclinada.<\/li><li> <strong>Topadora de l\u00e1mina inclinable o <em>tiltdozer<\/em>: <\/strong>la hoja gira alrededor del eje longitudinal del tractor y tambi\u00e9n puede tumbarse alrededor de un eje horizontal. Dependiendo del giro y movimiento, tendr\u00e1 m\u00e1s capacidad de corte o mayor capacidad de arrastre. Es de los tipos m\u00e1s usados, dada su versatilidad en cuanto al movimiento de la hoja.<\/li><\/ol>\n<\/div><\/m-wysiwig>\n","protected":false},"excerpt":{"rendered":"","protected":false},"featured_media":0,"parent":227878,"menu_order":0,"comment_status":"closed","ping_status":"closed","template":"","meta":{"_acf_changed":false,"footnotes":""},"class_list":["post-253006","page","type-page","status-publish","hentry"],"acf":[],"yoast_head":"<!-- This site is optimized with the Yoast SEO plugin v27.2 - https:\/\/yoast.com\/product\/yoast-seo-wordpress\/ -->\n<title>Topadora: qu\u00e9 es, caracter\u00edsticas, usos, partes y tipos - Ferrovial<\/title>\n<meta name=\"description\" content=\"Una topadora, tambi\u00e9n llamada bulldozer, buld\u00f3cer, excavadora o dozer, es una m\u00e1quina empleada para empujar y excavar terrenos, especialmente utilizada en construcci\u00f3n y miner\u00eda.\" \/>\n<meta name=\"robots\" content=\"index, follow, max-snippet:-1, max-image-preview:large, max-video-preview:-1\" \/>\n<link rel=\"canonical\" href=\"https:\/\/www.ferrovial.com\/es\/stem\/topadora\/\" \/>\n<meta property=\"og:locale\" content=\"es_ES\" \/>\n<meta property=\"og:type\" content=\"article\" \/>\n<meta property=\"og:title\" content=\"Topadora: qu\u00e9 es, caracter\u00edsticas, usos, partes y tipos - Ferrovial\" \/>\n<meta property=\"og:description\" content=\"Una topadora, tambi\u00e9n llamada bulldozer, buld\u00f3cer, excavadora o dozer, es una m\u00e1quina empleada para empujar y excavar terrenos, especialmente utilizada en construcci\u00f3n y miner\u00eda.\" \/>\n<meta property=\"og:url\" content=\"https:\/\/www.ferrovial.com\/es\/stem\/topadora\/\" \/>\n<meta property=\"og:site_name\" content=\"Ferrovial\" \/>\n<meta property=\"article:publisher\" content=\"https:\/\/www.facebook.com\/ferrovial\" \/>\n<meta property=\"article:modified_time\" content=\"2023-01-10T12:07:39+00:00\" \/>\n<meta name=\"twitter:card\" content=\"summary_large_image\" \/>\n<meta name=\"twitter:site\" content=\"@ferrovial\" \/>\n<meta name=\"twitter:label1\" content=\"Est. reading time\" \/>\n\t<meta name=\"twitter:data1\" content=\"5 minutos\" \/>\n<!-- \/ Yoast SEO plugin. -->","yoast_head_json":{"title":"Topadora: qu\u00e9 es, caracter\u00edsticas, usos, partes y tipos - Ferrovial","description":"Una topadora, tambi\u00e9n llamada bulldozer, buld\u00f3cer, excavadora o dozer, es una m\u00e1quina empleada para empujar y excavar terrenos, especialmente utilizada en construcci\u00f3n y miner\u00eda.","robots":{"index":"index","follow":"follow","max-snippet":"max-snippet:-1","max-image-preview":"max-image-preview:large","max-video-preview":"max-video-preview:-1"},"canonical":"https:\/\/www.ferrovial.com\/es\/stem\/topadora\/","og_locale":"es_ES","og_type":"article","og_title":"Topadora: qu\u00e9 es, caracter\u00edsticas, usos, partes y tipos - Ferrovial","og_description":"Una topadora, tambi\u00e9n llamada bulldozer, buld\u00f3cer, excavadora o dozer, es una m\u00e1quina empleada para empujar y excavar terrenos, especialmente utilizada en construcci\u00f3n y miner\u00eda.","og_url":"https:\/\/www.ferrovial.com\/es\/stem\/topadora\/","og_site_name":"Ferrovial","article_publisher":"https:\/\/www.facebook.com\/ferrovial","article_modified_time":"2023-01-10T12:07:39+00:00","twitter_card":"summary_large_image","twitter_site":"@ferrovial","twitter_misc":{"Est. reading time":"5 minutos"},"schema":{"@context":"https:\/\/schema.org","@graph":[{"@type":"WebPage","@id":"https:\/\/www.ferrovial.com\/es\/stem\/topadora\/","url":"https:\/\/www.ferrovial.com\/es\/stem\/topadora\/","name":"Topadora: qu\u00e9 es, caracter\u00edsticas, usos, partes y tipos - Ferrovial","isPartOf":{"@id":"https:\/\/www.ferrovial.com\/es\/#website"},"datePublished":"2023-01-09T13:38:02+00:00","dateModified":"2023-01-10T12:07:39+00:00","description":"Una topadora, tambi\u00e9n llamada bulldozer, buld\u00f3cer, excavadora o dozer, es una m\u00e1quina empleada para empujar y excavar terrenos, especialmente utilizada en construcci\u00f3n y miner\u00eda.","breadcrumb":{"@id":"https:\/\/www.ferrovial.com\/es\/stem\/topadora\/#breadcrumb"},"inLanguage":"es","potentialAction":[{"@type":"ReadAction","target":["https:\/\/www.ferrovial.com\/es\/stem\/topadora\/"]}]},{"@type":"BreadcrumbList","@id":"https:\/\/www.ferrovial.com\/es\/stem\/topadora\/#breadcrumb","itemListElement":[{"@type":"ListItem","position":1,"name":"Portada","item":"https:\/\/www.ferrovial.com\/es\/"},{"@type":"ListItem","position":2,"name":"STEM","item":"https:\/\/www.ferrovial.com\/es\/stem\/"},{"@type":"ListItem","position":3,"name":"Topadora"}]},{"@type":"WebSite","@id":"https:\/\/www.ferrovial.com\/es\/#website","url":"https:\/\/www.ferrovial.com\/es\/","name":"Ferrovial","description":"Welcome to the Ferrovial&#039;s website, global operator of sustainable infrastructure. Here you can find all the information about the company and subsidiaries.","publisher":{"@id":"https:\/\/www.ferrovial.com\/es\/#organization"},"potentialAction":[{"@type":"SearchAction","target":{"@type":"EntryPoint","urlTemplate":"https:\/\/www.ferrovial.com\/es\/?s={search_term_string}"},"query-input":{"@type":"PropertyValueSpecification","valueRequired":true,"valueName":"search_term_string"}}],"inLanguage":"es"},{"@type":"Organization","@id":"https:\/\/www.ferrovial.com\/es\/#organization","name":"Ferrovial S.A.","url":"https:\/\/www.ferrovial.com\/es\/","logo":{"@type":"ImageObject","inLanguage":"es","@id":"https:\/\/www.ferrovial.com\/es\/#\/schema\/logo\/image\/","url":"https:\/\/static.ferrovial.com\/wp-content\/uploads\/2020\/01\/13124948\/logo-ferrovial-cf7.png","contentUrl":"https:\/\/static.ferrovial.com\/wp-content\/uploads\/2020\/01\/13124948\/logo-ferrovial-cf7.png","width":144,"height":32,"caption":"Ferrovial S.A."},"image":{"@id":"https:\/\/www.ferrovial.com\/es\/#\/schema\/logo\/image\/"},"sameAs":["https:\/\/www.facebook.com\/ferrovial","https:\/\/x.com\/ferrovial","https:\/\/www.instagram.com\/ferrovial\/","https:\/\/www.linkedin.com\/company\/ferrovial","https:\/\/www.pinterest.es\/ferrovial\/","https:\/\/www.youtube.com\/ferrovial","https:\/\/en.wikipedia.org\/wiki\/Ferrovial"]}]}},"_links":{"self":[{"href":"https:\/\/www.ferrovial.com\/es\/wp-json\/wp\/v2\/pages\/253006","targetHints":{"allow":["GET"]}}],"collection":[{"href":"https:\/\/www.ferrovial.com\/es\/wp-json\/wp\/v2\/pages"}],"about":[{"href":"https:\/\/www.ferrovial.com\/es\/wp-json\/wp\/v2\/types\/page"}],"replies":[{"embeddable":true,"href":"https:\/\/www.ferrovial.com\/es\/wp-json\/wp\/v2\/comments?post=253006"}],"version-history":[{"count":2,"href":"https:\/\/www.ferrovial.com\/es\/wp-json\/wp\/v2\/pages\/253006\/revisions"}],"predecessor-version":[{"id":253098,"href":"https:\/\/www.ferrovial.com\/es\/wp-json\/wp\/v2\/pages\/253006\/revisions\/253098"}],"up":[{"embeddable":true,"href":"https:\/\/www.ferrovial.com\/es\/wp-json\/wp\/v2\/pages\/227878"}],"wp:attachment":[{"href":"https:\/\/www.ferrovial.com\/es\/wp-json\/wp\/v2\/media?parent=253006"}],"curies":[{"name":"wp","href":"https:\/\/api.w.org\/{rel}","templated":true}]}}