{"id":253009,"date":"2023-01-09T14:44:48","date_gmt":"2023-01-09T13:44:48","guid":{"rendered":"https:\/\/www.ferrovial.com\/?page_id=253009"},"modified":"2023-01-10T13:16:45","modified_gmt":"2023-01-10T12:16:45","slug":"aplanadora","status":"publish","type":"page","link":"https:\/\/www.ferrovial.com\/es\/stem\/aplanadora\/","title":{"rendered":"Aplanadora"},"content":{"rendered":"    <m-final-content-header >\n            <c-breadcrumb label-text=\"Breadcrumb\" slot=\"breadcrumbs\" type='2' align='left' wrap='wrapped wrapped' aria-label='Vienes de STEM'>\n                        <ol>\n\n                                                            <li><a href=\"https:\/\/www.ferrovial.com\/es\/\" title=\"Ferrovial\">Ferrovial<\/a><\/li>\n                                                                        <li><a href=\"https:\/\/www.ferrovial.com\/es\/stem\/\" title=\"STEM\">STEM<\/a><\/li>\n                                    \n                <\/ol>\n\n                <\/c-breadcrumb>\n    \n        <div slot=\"header\">\n            <h1>\n                \u00bfQu\u00e9 es una aplanadora?            <\/h1>\n                    <\/div>\n    <\/m-final-content-header>\n\n    \n\n\n<m-wysiwig class=\"wp-block-components-wysiwyg\"><div slot=\"maincontent\">\n<script type=\"application\/ld+json\">\n{\n  \"@context\": \"https:\/\/schema.org\",\n  \"@type\": \"FAQPage\",\n  \"mainEntity\": [{\n    \"@type\": \"Question\",\n    \"name\": \"\u00bfQu\u00e9 es una aplanadora?\",\n    \"acceptedAnswer\": {\n      \"@type\": \"Answer\",\n      \"text\": \"Tambi\u00e9n conocida como apisonadora o compactadora est\u00e1tica, la aplanadora es una m\u00e1quina de gran peso y dimensi\u00f3n que permite la compactaci\u00f3n de suelos, asfaltos o gravas gracias a su propio peso. Este veh\u00edculo consta de un tractor que lo impulsa y un cilindro, o rodillo muy pesado, ubicado, generalmente, en su frente, que funciona como rueda delantera para aplanar un determinado pavimento. \n\nLa aplanadora suele ser una de las principales m\u00e1quinas a la hora de construir carreteras y aplanar pr\u00e1cticamente cualquier tipo de terreno, por lo que es uno de los principales veh\u00edculos indispensables en el campo de la ingenier\u00eda civil.\"\n    }\n  },{\n    \"@type\": \"Question\",\n    \"name\": \"\u00bfCu\u00e1les son las caracter\u00edsticas principales de una aplanadora?\",\n    \"acceptedAnswer\": {\n      \"@type\": \"Answer\",\n      \"text\": \"<ul>\n<li>Una aplanadora cumple la funci\u00f3n de triturar, amasar y vibrar para que los materiales que se encuentran en el suelo de manera dispersa puedan compactarse por medio de la presi\u00f3n directa que ejerce la m\u00e1quina. <\/li>\n<li>Dentro del cilindro de la aplanadora se encuentra un elemento vibratorio que facilita la compactaci\u00f3n del suelo a trav\u00e9s de su propio peso.<\/li>\n<li>Existen equipos m\u00e1s peque\u00f1os y livianos, y otros m\u00e1s grandes y pesados, que se eligen en funci\u00f3n del \u00e1rea de trabajo. <\/li>\n<li>El efecto vibratorio del cilindro de una aplanadora permite reducir los vac\u00edos de aire, acci\u00f3n necesaria para densificar los suelos que son del tipo granulado. <\/li>\n<li>Aunque su uso m\u00e1s com\u00fan es en el sector de la construcci\u00f3n, las aplanadoras tambi\u00e9n se utilizan en el sector agr\u00edcola y en vertederos. <\/li>\n<\/ul>\"\n    }\n  },{\n    \"@type\": \"Question\",\n    \"name\": \"\u00bfC\u00f3mo funciona una aplanadora?\",\n    \"acceptedAnswer\": {\n      \"@type\": \"Answer\",\n      \"text\": \"El cilindro o rodillo central de acero que tiene toda aplanadora realiza un giro de su eje central gracias a la energ\u00eda suministrada por el motor. Esto permite una tracci\u00f3n ondular cuya fuerza se traslada al suelo en el que se va a ejecutar la tarea de compactaci\u00f3n. \n\nMientras el cilindro va girando, agita las part\u00edculas del suelo y provoca su reordenaci\u00f3n para alcanzar la m\u00e1xima densidad y, en consecuencia, su compactaci\u00f3n. Adem\u00e1s, a trav\u00e9s de la potencia de la vibraci\u00f3n, la placa cil\u00edndrica aplica presi\u00f3n hacia el suelo, comprime el sustrato y elimina los espacios o vac\u00edos de aire entre los elementos, formando as\u00ed un manto de tierra firme y compacto.\"\n    }\n  },{\n    \"@type\": \"Question\",\n    \"name\": \"\u00bfQu\u00e9 tipos de aplanadoras existen?\",\n    \"acceptedAnswer\": {\n      \"@type\": \"Answer\",\n      \"text\": \"En el mercado existen diferentes tipos de aplanadoras, seg\u00fan las caracter\u00edsticas y funciones de su cilindro o rodillo aplanador:\n<ol>\n<li>De rodillo liso<\/li>\n<li>De rodillo de ruedas neum\u00e1ticas<\/li>\n<li>De rodillo vibratorio<\/li>\n<li>De rodillo de patas apisonadoras<\/li>\n<li>Rodillo de malla o reja<\/li>\n<\/ol>\"\n    }\n  }]\n}\n<\/script><p>Tambi\u00e9n conocida como <strong>apisonadora <\/strong>o<strong> compactadora est\u00e1tica, <\/strong>la aplanadora es una m\u00e1quina de gran peso y dimensi\u00f3n que permite la <strong>compactaci\u00f3n de suelos, asfaltos o gravas <\/strong>gracias a su propio peso. Este veh\u00edculo <strong>consta de un tractor que lo impulsa y un cilindro, o rodillo muy pesado, <\/strong>ubicado, generalmente, en su frente, que funciona como rueda delantera para <strong>aplanar un determinado pavimento.&nbsp;<\/strong><\/p>\n\n\n\n<p>La aplanadora suele ser una de las principales m\u00e1quinas a la hora de <strong>construir <\/strong><a href=\"https:\/\/www.ferrovial.com\/es-es\/f-construccion\/que-hacemos\/\" target=\"_blank\" rel=\"noreferrer noopener\"><strong>carreteras<\/strong><\/a><strong> y aplanar pr\u00e1cticamente cualquier tipo de terreno<\/strong>, por lo que es uno de los principales veh\u00edculos indispensables en el campo de la <a href=\"https:\/\/www.ferrovial.com\/es\/recursos\/ingenieria-civil\/\" target=\"_blank\" rel=\"noreferrer noopener\">ingenier\u00eda civil<\/a>.<\/p>\n\n\n\n<h2 class=\"wp-block-heading\"><strong>\u00bfCu\u00e1les son las caracter\u00edsticas principales de una aplanadora?<\/strong><\/h2>\n\n\n\n<ul class=\"wp-block-list\"><li>Una aplanadora cumple la funci\u00f3n de <strong>triturar, amasar y vibrar<\/strong> para que los materiales que se encuentran en el suelo de manera dispersa puedan compactarse por medio de la presi\u00f3n directa que ejerce la m\u00e1quina.&nbsp;<\/li><li>Dentro del cilindro de la aplanadora se encuentra un elemento vibratorio que facilita la compactaci\u00f3n del suelo a trav\u00e9s de su propio peso.<\/li><li>Existen equipos m\u00e1s peque\u00f1os y livianos, y otros m\u00e1s grandes y pesados, que se eligen en funci\u00f3n del \u00e1rea de trabajo.&nbsp;<\/li><li>El efecto vibratorio del cilindro de una aplanadora permite <strong>reducir los vac\u00edos de aire, <\/strong>acci\u00f3n necesaria para densificar los suelos que son del tipo granulado.&nbsp;<\/li><li>Aunque su uso m\u00e1s com\u00fan es en el sector de la <strong>construcci\u00f3n<\/strong>, las aplanadoras tambi\u00e9n se utilizan en el <strong>sector agr\u00edcola <\/strong>y en <strong>vertederos.&nbsp;<\/strong><\/li><\/ul>\n\n\n\n<h2 class=\"wp-block-heading\"><strong>\u00bfC\u00f3mo funciona una aplanadora?<\/strong><\/h2>\n\n\n\n<p>El cilindro o rodillo central de acero que tiene toda aplanadora realiza un giro de su eje central gracias a la energ\u00eda suministrada por el <a href=\"https:\/\/www.ferrovial.com\/es\/stem\/motores\/\" target=\"_blank\" rel=\"noreferrer noopener\">motor<\/a>. Esto permite <strong>una tracci\u00f3n ondular cuya fuerza se traslada al suelo<\/strong> en el que se va a ejecutar la tarea de compactaci\u00f3n.&nbsp;<\/p>\n\n\n\n<p>Mientras el cilindro va girando, <strong>agita las part\u00edculas del suelo y provoca su reordenaci\u00f3n para alcanzar la m\u00e1xima densidad <\/strong>y, en consecuencia, su compactaci\u00f3n. Adem\u00e1s, a trav\u00e9s de la potencia de la vibraci\u00f3n, la placa cil\u00edndrica <strong>aplica presi\u00f3n hacia el suelo<\/strong>, comprime el sustrato y elimina los espacios o vac\u00edos de aire entre los elementos, formando as\u00ed un manto de tierra firme y compacto.&nbsp;<\/p>\n\n\n\n<h2 class=\"wp-block-heading\"><strong>\u00bfQu\u00e9 tipos de aplanadoras existen?<\/strong><\/h2>\n\n\n\n<p>En el mercado existen diferentes tipos de aplanadoras, seg\u00fan las caracter\u00edsticas y funciones de su cilindro o rodillo aplanador:<\/p>\n\n\n\n<ol class=\"wp-block-list\"><li><strong>De rodillo liso:<\/strong> este tipo de aplanadora consiste en un cilindro de acero que compacta el material a trav\u00e9s de un efecto de presi\u00f3n. El cilindro es sostenido y llevado por un <a href=\"https:\/\/www.ferrovial.com\/es\/stem\/pala-cargadora\/\">tractor<\/a>, aunque tambi\u00e9n puede ser un modelo autopropulsado, que es el tipo m\u00e1s com\u00fan.<\/li><li><strong>De rodillo de ruedas neum\u00e1ticas:<\/strong> consta de una fila de neum\u00e1ticos, separados unos de otros y distribuidos en la parte delantera y trasera de la m\u00e1quina. Se suele utilizar en suelos no pegadizos, de materiales no granulados.<\/li><li><strong>De rodillo vibratorio: <\/strong>consta de uno o dos tambores de superficie lisa que ejercen vibraci\u00f3n a trav\u00e9s de un eje exc\u00e9ntrico en la parte interna.&nbsp;<\/li><li><strong>De rodillo de patas apisonadoras: <\/strong>tambi\u00e9n llamados rodillos de <strong>pata de cabra<\/strong>, son aplanadoras cuyos rodillos de apisonamiento constan de muchas orejetas rectangulares, ideales para compactar tierra arcillosa para la construcci\u00f3n de <a href=\"https:\/\/www.ferrovial.com\/es\/recursos\/carreteras\/\" target=\"_blank\" rel=\"noreferrer noopener\">carreteras<\/a>. Este tipo de rodillo puede mejorar zonas compactadas previamente por un rodillo neum\u00e1tico.&nbsp;<\/li><li><strong>Rodillo de malla o reja:<\/strong> es un tipo de rodillo hecho por una red de barras de acero con un patr\u00f3n en forma de rejilla en el tambor de acero. Su dise\u00f1o permite una alta presi\u00f3n de contacto en terrenos con poca acci\u00f3n de amasado para la compactaci\u00f3n. Son ideales para suelos gruesos y rocas erosionadas.<\/li><\/ol>\n<\/div><\/m-wysiwig>\n","protected":false},"excerpt":{"rendered":"","protected":false},"featured_media":0,"parent":227878,"menu_order":0,"comment_status":"closed","ping_status":"closed","template":"","meta":{"_acf_changed":false,"footnotes":""},"class_list":["post-253009","page","type-page","status-publish","hentry"],"acf":[],"yoast_head":"<!-- This site is optimized with the Yoast SEO plugin v27.2 - https:\/\/yoast.com\/product\/yoast-seo-wordpress\/ -->\n<title>Aplanadora: qu\u00e9 es, caracter\u00edsticas, funcionamiento, tipos - Ferrovial<\/title>\n<meta name=\"description\" content=\"Aplanadora, apisonadora o compactadora est\u00e1tica, es una m\u00e1quina de gran peso y dimensi\u00f3n que permite la compactaci\u00f3n de suelos, asfaltos o gravas gracias a su propio peso.\" \/>\n<meta name=\"robots\" content=\"index, follow, max-snippet:-1, max-image-preview:large, max-video-preview:-1\" \/>\n<link rel=\"canonical\" href=\"https:\/\/www.ferrovial.com\/es\/stem\/aplanadora\/\" \/>\n<meta property=\"og:locale\" content=\"es_ES\" \/>\n<meta property=\"og:type\" content=\"article\" \/>\n<meta property=\"og:title\" content=\"Aplanadora: qu\u00e9 es, caracter\u00edsticas, funcionamiento, tipos - Ferrovial\" \/>\n<meta property=\"og:description\" content=\"Aplanadora, apisonadora o compactadora est\u00e1tica, es una m\u00e1quina de gran peso y dimensi\u00f3n que permite la compactaci\u00f3n de suelos, asfaltos o gravas gracias a su propio peso.\" \/>\n<meta property=\"og:url\" content=\"https:\/\/www.ferrovial.com\/es\/stem\/aplanadora\/\" \/>\n<meta property=\"og:site_name\" content=\"Ferrovial\" \/>\n<meta property=\"article:publisher\" content=\"https:\/\/www.facebook.com\/ferrovial\" \/>\n<meta property=\"article:modified_time\" content=\"2023-01-10T12:16:45+00:00\" \/>\n<meta name=\"twitter:card\" content=\"summary_large_image\" \/>\n<meta name=\"twitter:site\" content=\"@ferrovial\" \/>\n<meta name=\"twitter:label1\" content=\"Est. reading time\" \/>\n\t<meta name=\"twitter:data1\" content=\"5 minutos\" \/>\n<!-- \/ Yoast SEO plugin. -->","yoast_head_json":{"title":"Aplanadora: qu\u00e9 es, caracter\u00edsticas, funcionamiento, tipos - Ferrovial","description":"Aplanadora, apisonadora o compactadora est\u00e1tica, es una m\u00e1quina de gran peso y dimensi\u00f3n que permite la compactaci\u00f3n de suelos, asfaltos o gravas gracias a su propio peso.","robots":{"index":"index","follow":"follow","max-snippet":"max-snippet:-1","max-image-preview":"max-image-preview:large","max-video-preview":"max-video-preview:-1"},"canonical":"https:\/\/www.ferrovial.com\/es\/stem\/aplanadora\/","og_locale":"es_ES","og_type":"article","og_title":"Aplanadora: qu\u00e9 es, caracter\u00edsticas, funcionamiento, tipos - Ferrovial","og_description":"Aplanadora, apisonadora o compactadora est\u00e1tica, es una m\u00e1quina de gran peso y dimensi\u00f3n que permite la compactaci\u00f3n de suelos, asfaltos o gravas gracias a su propio peso.","og_url":"https:\/\/www.ferrovial.com\/es\/stem\/aplanadora\/","og_site_name":"Ferrovial","article_publisher":"https:\/\/www.facebook.com\/ferrovial","article_modified_time":"2023-01-10T12:16:45+00:00","twitter_card":"summary_large_image","twitter_site":"@ferrovial","twitter_misc":{"Est. reading time":"5 minutos"},"schema":{"@context":"https:\/\/schema.org","@graph":[{"@type":"WebPage","@id":"https:\/\/www.ferrovial.com\/es\/stem\/aplanadora\/","url":"https:\/\/www.ferrovial.com\/es\/stem\/aplanadora\/","name":"Aplanadora: qu\u00e9 es, caracter\u00edsticas, funcionamiento, tipos - Ferrovial","isPartOf":{"@id":"https:\/\/www.ferrovial.com\/es\/#website"},"datePublished":"2023-01-09T13:44:48+00:00","dateModified":"2023-01-10T12:16:45+00:00","description":"Aplanadora, apisonadora o compactadora est\u00e1tica, es una m\u00e1quina de gran peso y dimensi\u00f3n que permite la compactaci\u00f3n de suelos, asfaltos o gravas gracias a su propio peso.","breadcrumb":{"@id":"https:\/\/www.ferrovial.com\/es\/stem\/aplanadora\/#breadcrumb"},"inLanguage":"es","potentialAction":[{"@type":"ReadAction","target":["https:\/\/www.ferrovial.com\/es\/stem\/aplanadora\/"]}]},{"@type":"BreadcrumbList","@id":"https:\/\/www.ferrovial.com\/es\/stem\/aplanadora\/#breadcrumb","itemListElement":[{"@type":"ListItem","position":1,"name":"Portada","item":"https:\/\/www.ferrovial.com\/es\/"},{"@type":"ListItem","position":2,"name":"STEM","item":"https:\/\/www.ferrovial.com\/es\/stem\/"},{"@type":"ListItem","position":3,"name":"Aplanadora"}]},{"@type":"WebSite","@id":"https:\/\/www.ferrovial.com\/es\/#website","url":"https:\/\/www.ferrovial.com\/es\/","name":"Ferrovial","description":"Welcome to the Ferrovial&#039;s website, global operator of sustainable infrastructure. Here you can find all the information about the company and subsidiaries.","publisher":{"@id":"https:\/\/www.ferrovial.com\/es\/#organization"},"potentialAction":[{"@type":"SearchAction","target":{"@type":"EntryPoint","urlTemplate":"https:\/\/www.ferrovial.com\/es\/?s={search_term_string}"},"query-input":{"@type":"PropertyValueSpecification","valueRequired":true,"valueName":"search_term_string"}}],"inLanguage":"es"},{"@type":"Organization","@id":"https:\/\/www.ferrovial.com\/es\/#organization","name":"Ferrovial S.A.","url":"https:\/\/www.ferrovial.com\/es\/","logo":{"@type":"ImageObject","inLanguage":"es","@id":"https:\/\/www.ferrovial.com\/es\/#\/schema\/logo\/image\/","url":"https:\/\/static.ferrovial.com\/wp-content\/uploads\/2020\/01\/13124948\/logo-ferrovial-cf7.png","contentUrl":"https:\/\/static.ferrovial.com\/wp-content\/uploads\/2020\/01\/13124948\/logo-ferrovial-cf7.png","width":144,"height":32,"caption":"Ferrovial S.A."},"image":{"@id":"https:\/\/www.ferrovial.com\/es\/#\/schema\/logo\/image\/"},"sameAs":["https:\/\/www.facebook.com\/ferrovial","https:\/\/x.com\/ferrovial","https:\/\/www.instagram.com\/ferrovial\/","https:\/\/www.linkedin.com\/company\/ferrovial","https:\/\/www.pinterest.es\/ferrovial\/","https:\/\/www.youtube.com\/ferrovial","https:\/\/en.wikipedia.org\/wiki\/Ferrovial"]}]}},"_links":{"self":[{"href":"https:\/\/www.ferrovial.com\/es\/wp-json\/wp\/v2\/pages\/253009","targetHints":{"allow":["GET"]}}],"collection":[{"href":"https:\/\/www.ferrovial.com\/es\/wp-json\/wp\/v2\/pages"}],"about":[{"href":"https:\/\/www.ferrovial.com\/es\/wp-json\/wp\/v2\/types\/page"}],"replies":[{"embeddable":true,"href":"https:\/\/www.ferrovial.com\/es\/wp-json\/wp\/v2\/comments?post=253009"}],"version-history":[{"count":2,"href":"https:\/\/www.ferrovial.com\/es\/wp-json\/wp\/v2\/pages\/253009\/revisions"}],"predecessor-version":[{"id":253099,"href":"https:\/\/www.ferrovial.com\/es\/wp-json\/wp\/v2\/pages\/253009\/revisions\/253099"}],"up":[{"embeddable":true,"href":"https:\/\/www.ferrovial.com\/es\/wp-json\/wp\/v2\/pages\/227878"}],"wp:attachment":[{"href":"https:\/\/www.ferrovial.com\/es\/wp-json\/wp\/v2\/media?parent=253009"}],"curies":[{"name":"wp","href":"https:\/\/api.w.org\/{rel}","templated":true}]}}