{"id":253011,"date":"2023-01-09T14:50:06","date_gmt":"2023-01-09T13:50:06","guid":{"rendered":"https:\/\/www.ferrovial.com\/?page_id=253011"},"modified":"2023-01-10T13:22:39","modified_gmt":"2023-01-10T12:22:39","slug":"contrafuerte","status":"publish","type":"page","link":"https:\/\/www.ferrovial.com\/es\/stem\/contrafuerte\/","title":{"rendered":"Contrafuerte"},"content":{"rendered":"    <m-final-content-header >\n            <c-breadcrumb label-text=\"Breadcrumb\" slot=\"breadcrumbs\" type='2' align='left' wrap='wrapped wrapped' aria-label='Vienes de STEM'>\n                        <ol>\n\n                                                            <li><a href=\"https:\/\/www.ferrovial.com\/es\/\" title=\"Ferrovial\">Ferrovial<\/a><\/li>\n                                                                        <li><a href=\"https:\/\/www.ferrovial.com\/es\/stem\/\" title=\"STEM\">STEM<\/a><\/li>\n                                    \n                <\/ol>\n\n                <\/c-breadcrumb>\n    \n        <div slot=\"header\">\n            <h1>\n                \u00bfQu\u00e9 es un contrafuerte?            <\/h1>\n                    <\/div>\n    <\/m-final-content-header>\n\n    \n\n\n<m-wysiwig class=\"wp-block-components-wysiwyg\"><div slot=\"maincontent\">\n<script type=\"application\/ld+json\">\n{\n  \"@context\": \"https:\/\/schema.org\",\n  \"@type\": \"FAQPage\",\n  \"mainEntity\": [{\n    \"@type\": \"Question\",\n    \"name\": \"\u00bfQu\u00e9 es un contrafuerte?\",\n    \"acceptedAnswer\": {\n      \"@type\": \"Answer\",\n      \"text\": \"El contrafuerte, estribo o botarel, es un elemento arquitect\u00f3nico dise\u00f1ado para transmitir cargas transversales de una estructura directamente a los cimientos.\n\nGeneralmente, los contrafuertes tienen forma prism\u00e1tica, pero tambi\u00e9n pueden ser cil\u00edndricos. Suelen estar en la cara exterior de los muros, en ocasiones est\u00e1n rematados con pin\u00e1culos y a veces trabajan en conjunto con arbotantes.\"\n    }\n  },{\n    \"@type\": \"Question\",\n    \"name\": \"\u00bfPara qu\u00e9 se utilizan los contrafuertes?\",\n    \"acceptedAnswer\": {\n      \"@type\": \"Answer\",\n      \"text\": \"Aunque los contrafuertes se conocen y emplean desde la antig\u00fcedad, vieron su \u00e9poca de mayor auge en la Edad Media, cuando  se empezaron a idear proyectos arquitect\u00f3nicos m\u00e1s ambiciosos respecto a la \u00e9poca cl\u00e1sica.\nLa construcci\u00f3n de grandes c\u00fapulas ejerce una carga transversal demasiado grande sobre los muros portantes, empuj\u00e1ndolos hacia afuera, lo cual demandaba soporte extra. Los contrafuertes fueron fundamentales para apuntalar los muros y evitar su colapso, pero tambi\u00e9n fueron exaltados como elementos est\u00e9ticos en la arquitectura g\u00f3tica y rom\u00e1nica,de la cual son caracter\u00edsticos.\"\n    }\n  },{\n    \"@type\": \"Question\",\n    \"name\": \"\u00bfQu\u00e9 es un arbotante?\",\n    \"acceptedAnswer\": {\n      \"@type\": \"Answer\",\n      \"text\": \"Es un elemento estructural que conecta la b\u00f3veda con el contrafuerte, y tiene forma de medio arco. Se utiliz\u00f3 por primera vez en 1180, en la catedral de Notre Dame, en Par\u00eds.\n\nEl arbotante es uno de los elementos m\u00e1s caracter\u00edsticos de la arquitectura g\u00f3tica.\n\nLos contrafuertes que no est\u00e1n adosados al muro, sino que se erigen como pilares independientes unidos a la estructura a trav\u00e9s de los arbotantes, se conocen como contrafuertes voladores.\"\n    }\n  },{\n    \"@type\": \"Question\",\n    \"name\": \"\u00bfQu\u00e9 es un pin\u00e1culo y cu\u00e1l es su importancia?\",\n    \"acceptedAnswer\": {\n      \"@type\": \"Answer\",\n      \"text\": \"El pin\u00e1culo es un elemento arquitect\u00f3nico c\u00f3nico o piramidal que remata el contrafuerte.\n\nA simple vista, el pin\u00e1culo puede parecer un elemento ornamental; y, en efecto, le aporta adorno al edificio, al tiempo que crea el efecto visual de altura, debido a su forma acabada en punta. Si bien cumple una funci\u00f3n est\u00e9tica, el pin\u00e1culo tambi\u00e9n tiene una funci\u00f3n estructural. Su peso crea una fuerza vertical que contrarresta los empujes laterales de los arbotantes, y dota de estabilidad al contrafuerte.\"\n    }\n  },{\n    \"@type\": \"Question\",\n    \"name\": \"\u00bfQu\u00e9 tipos de contrafuertes existen?\",\n    \"acceptedAnswer\": {\n      \"@type\": \"Answer\",\n      \"text\": \"Los contrafuertes que se ubican a lo largo de las paredes de un edificio pueden ser cil\u00edndricos o prism\u00e1ticos. En las esquinas, seg\u00fan su posici\u00f3n respecto a los par\u00e1metros (o caras) de un edificio, los contrafuertes pueden ser de los siguientes tipos:\n<ul>\n<li>Angulados a escuadra.<\/li>\n<li>Esquinados.<\/li>\n<li>Diagonal o franc\u00e9s.<\/li>\n<li>Retranqueado.<\/li>\n<\/ul>\"\n    }\n  }]\n}\n<\/script><p>El <strong>contrafuerte<\/strong>, <strong>estribo <\/strong>o <strong>botarel<\/strong>, es un elemento arquitect\u00f3nico dise\u00f1ado para <strong>transmitir cargas transversales <\/strong>de una estructura directamente <strong>a los cimientos<\/strong>.<\/p>\n\n\n\n<p>Generalmente, los contrafuertes tienen <strong>forma prism\u00e1tica<\/strong>, pero tambi\u00e9n pueden ser <strong>cil\u00edndricos<\/strong>. Suelen estar en <strong>la cara exterior de los muros<\/strong>, en ocasiones est\u00e1n <strong>rematados con pin\u00e1culos <\/strong>y a veces trabajan en conjunto <strong>con arbotantes<\/strong>.&nbsp;<\/p>\n\n\n\n<h2 class=\"wp-block-heading\"><strong>\u00bfPara qu\u00e9 se utilizan los contrafuertes?<\/strong><\/h2>\n\n\n\n<p>Aunque los contrafuertes se conocen y emplean <strong>desde la antig\u00fcedad<\/strong>, vieron su \u00e9poca de mayor auge en la <strong>Edad Media<\/strong>, cuando&nbsp; se empezaron a idear <strong>proyectos arquitect\u00f3nicos m\u00e1s ambiciosos <\/strong>respecto a la \u00e9poca cl\u00e1sica.<\/p>\n\n\n\n<p>La construcci\u00f3n de <strong>grandes c\u00fapulas <\/strong>ejerce una carga transversal demasiado grande sobre los muros portantes, empuj\u00e1ndolos hacia afuera, lo cual demandaba soporte extra. Los contrafuertes fueron fundamentales para <strong>apuntalar los muros <\/strong>y evitar su colapso, pero tambi\u00e9n fueron exaltados como <strong>elementos est\u00e9ticos <\/strong>en la <strong>arquitectura g\u00f3tica y rom\u00e1nica<\/strong>,<strong> <\/strong>de la cual son caracter\u00edsticos.<\/p>\n\n\n\n<h2 class=\"wp-block-heading\"><strong>\u00bfQu\u00e9 es un arbotante?<\/strong><\/h2>\n\n\n\n<p>Es un elemento estructural que <strong>conecta la b\u00f3veda con el contrafuerte<\/strong>, y tiene forma de <strong>medio arco<\/strong>. Se utiliz\u00f3 por primera vez en 1180, en la catedral de Notre Dame, en Par\u00eds.<\/p>\n\n\n\n<p>El arbotante es uno de los elementos m\u00e1s <strong>caracter\u00edsticos de la arquitectura g\u00f3tica<\/strong>.<\/p>\n\n\n\n<p>Los contrafuertes que no est\u00e1n adosados al muro, sino que se erigen como pilares independientes unidos a la estructura a trav\u00e9s de los arbotantes, se conocen como <strong>contrafuertes voladores<\/strong>.<\/p>\n\n\n\n<h2 class=\"wp-block-heading\"><strong>\u00bfQu\u00e9 es un pin\u00e1culo y cu\u00e1l es su importancia?<\/strong><\/h2>\n\n\n\n<p>El pin\u00e1culo es un elemento arquitect\u00f3nico c\u00f3nico o piramidal que <strong>remata el contrafuerte<\/strong>.<\/p>\n\n\n\n<p>A simple vista, el pin\u00e1culo puede parecer un <strong>elemento ornamental<\/strong>; y, en efecto, le aporta <strong>adorno <\/strong>al edificio, al tiempo que crea el <strong>efecto visual de altura<\/strong>, debido a su forma acabada en punta. Si bien cumple una funci\u00f3n est\u00e9tica, el pin\u00e1culo tambi\u00e9n tiene una <strong>funci\u00f3n estructural<\/strong>. Su peso crea una <strong>fuerza vertical <\/strong>que contrarresta los empujes laterales de los arbotantes, y <strong>dota de estabilidad al contrafuerte<\/strong>.<\/p>\n\n\n\n<h2 class=\"wp-block-heading\"><strong>\u00bfQu\u00e9 tipos de contrafuertes existen?<\/strong><\/h2>\n\n\n\n<p>Los contrafuertes que se ubican <strong>a lo largo de las paredes <\/strong>de un edificio pueden ser <strong>cil\u00edndricos<\/strong> o <strong>prism\u00e1ticos<\/strong>. En las <strong>esquinas<\/strong>, seg\u00fan su posici\u00f3n respecto a los par\u00e1metros (o caras) de un edificio, los contrafuertes pueden ser de los siguientes tipos:<\/p>\n\n\n\n<ul class=\"wp-block-list\"><li>Angulados a escuadra.<\/li><li>Esquinados.<\/li><li>Diagonal o franc\u00e9s.<\/li><li>Retranqueado.<\/li><\/ul>\n<\/div><\/m-wysiwig>\n","protected":false},"excerpt":{"rendered":"","protected":false},"featured_media":0,"parent":227878,"menu_order":0,"comment_status":"closed","ping_status":"closed","template":"","meta":{"_acf_changed":false,"footnotes":""},"class_list":["post-253011","page","type-page","status-publish","hentry"],"acf":[],"yoast_head":"<!-- This site is optimized with the Yoast SEO plugin v27.2 - https:\/\/yoast.com\/product\/yoast-seo-wordpress\/ -->\n<title>Contrafuerte: qu\u00e9 es, usos, tipos y elementos que lo componen - Ferrovial<\/title>\n<meta name=\"description\" content=\"El contrafuerte, estribo o botarel, es un elemento arquitect\u00f3nico dise\u00f1ado para transmitir cargas transversales de una estructura directamente a los cimientos.\" \/>\n<meta name=\"robots\" content=\"index, follow, max-snippet:-1, max-image-preview:large, max-video-preview:-1\" \/>\n<link rel=\"canonical\" href=\"https:\/\/www.ferrovial.com\/es\/stem\/contrafuerte\/\" \/>\n<meta property=\"og:locale\" content=\"es_ES\" \/>\n<meta property=\"og:type\" content=\"article\" \/>\n<meta property=\"og:title\" content=\"Contrafuerte: qu\u00e9 es, usos, tipos y elementos que lo componen - Ferrovial\" \/>\n<meta property=\"og:description\" content=\"El contrafuerte, estribo o botarel, es un elemento arquitect\u00f3nico dise\u00f1ado para transmitir cargas transversales de una estructura directamente a los cimientos.\" \/>\n<meta property=\"og:url\" content=\"https:\/\/www.ferrovial.com\/es\/stem\/contrafuerte\/\" \/>\n<meta property=\"og:site_name\" content=\"Ferrovial\" \/>\n<meta property=\"article:publisher\" content=\"https:\/\/www.facebook.com\/ferrovial\" \/>\n<meta property=\"article:modified_time\" content=\"2023-01-10T12:22:39+00:00\" \/>\n<meta name=\"twitter:card\" content=\"summary_large_image\" \/>\n<meta name=\"twitter:site\" content=\"@ferrovial\" \/>\n<meta name=\"twitter:label1\" content=\"Est. reading time\" \/>\n\t<meta name=\"twitter:data1\" content=\"4 minutos\" \/>\n<!-- \/ Yoast SEO plugin. -->","yoast_head_json":{"title":"Contrafuerte: qu\u00e9 es, usos, tipos y elementos que lo componen - Ferrovial","description":"El contrafuerte, estribo o botarel, es un elemento arquitect\u00f3nico dise\u00f1ado para transmitir cargas transversales de una estructura directamente a los cimientos.","robots":{"index":"index","follow":"follow","max-snippet":"max-snippet:-1","max-image-preview":"max-image-preview:large","max-video-preview":"max-video-preview:-1"},"canonical":"https:\/\/www.ferrovial.com\/es\/stem\/contrafuerte\/","og_locale":"es_ES","og_type":"article","og_title":"Contrafuerte: qu\u00e9 es, usos, tipos y elementos que lo componen - Ferrovial","og_description":"El contrafuerte, estribo o botarel, es un elemento arquitect\u00f3nico dise\u00f1ado para transmitir cargas transversales de una estructura directamente a los cimientos.","og_url":"https:\/\/www.ferrovial.com\/es\/stem\/contrafuerte\/","og_site_name":"Ferrovial","article_publisher":"https:\/\/www.facebook.com\/ferrovial","article_modified_time":"2023-01-10T12:22:39+00:00","twitter_card":"summary_large_image","twitter_site":"@ferrovial","twitter_misc":{"Est. reading time":"4 minutos"},"schema":{"@context":"https:\/\/schema.org","@graph":[{"@type":"WebPage","@id":"https:\/\/www.ferrovial.com\/es\/stem\/contrafuerte\/","url":"https:\/\/www.ferrovial.com\/es\/stem\/contrafuerte\/","name":"Contrafuerte: qu\u00e9 es, usos, tipos y elementos que lo componen - Ferrovial","isPartOf":{"@id":"https:\/\/www.ferrovial.com\/es\/#website"},"datePublished":"2023-01-09T13:50:06+00:00","dateModified":"2023-01-10T12:22:39+00:00","description":"El contrafuerte, estribo o botarel, es un elemento arquitect\u00f3nico dise\u00f1ado para transmitir cargas transversales de una estructura directamente a los cimientos.","breadcrumb":{"@id":"https:\/\/www.ferrovial.com\/es\/stem\/contrafuerte\/#breadcrumb"},"inLanguage":"es","potentialAction":[{"@type":"ReadAction","target":["https:\/\/www.ferrovial.com\/es\/stem\/contrafuerte\/"]}]},{"@type":"BreadcrumbList","@id":"https:\/\/www.ferrovial.com\/es\/stem\/contrafuerte\/#breadcrumb","itemListElement":[{"@type":"ListItem","position":1,"name":"Portada","item":"https:\/\/www.ferrovial.com\/es\/"},{"@type":"ListItem","position":2,"name":"STEM","item":"https:\/\/www.ferrovial.com\/es\/stem\/"},{"@type":"ListItem","position":3,"name":"Contrafuerte"}]},{"@type":"WebSite","@id":"https:\/\/www.ferrovial.com\/es\/#website","url":"https:\/\/www.ferrovial.com\/es\/","name":"Ferrovial","description":"Welcome to the Ferrovial&#039;s website, global operator of sustainable infrastructure. Here you can find all the information about the company and subsidiaries.","publisher":{"@id":"https:\/\/www.ferrovial.com\/es\/#organization"},"potentialAction":[{"@type":"SearchAction","target":{"@type":"EntryPoint","urlTemplate":"https:\/\/www.ferrovial.com\/es\/?s={search_term_string}"},"query-input":{"@type":"PropertyValueSpecification","valueRequired":true,"valueName":"search_term_string"}}],"inLanguage":"es"},{"@type":"Organization","@id":"https:\/\/www.ferrovial.com\/es\/#organization","name":"Ferrovial S.A.","url":"https:\/\/www.ferrovial.com\/es\/","logo":{"@type":"ImageObject","inLanguage":"es","@id":"https:\/\/www.ferrovial.com\/es\/#\/schema\/logo\/image\/","url":"https:\/\/static.ferrovial.com\/wp-content\/uploads\/2020\/01\/13124948\/logo-ferrovial-cf7.png","contentUrl":"https:\/\/static.ferrovial.com\/wp-content\/uploads\/2020\/01\/13124948\/logo-ferrovial-cf7.png","width":144,"height":32,"caption":"Ferrovial S.A."},"image":{"@id":"https:\/\/www.ferrovial.com\/es\/#\/schema\/logo\/image\/"},"sameAs":["https:\/\/www.facebook.com\/ferrovial","https:\/\/x.com\/ferrovial","https:\/\/www.instagram.com\/ferrovial\/","https:\/\/www.linkedin.com\/company\/ferrovial","https:\/\/www.pinterest.es\/ferrovial\/","https:\/\/www.youtube.com\/ferrovial","https:\/\/en.wikipedia.org\/wiki\/Ferrovial"]}]}},"_links":{"self":[{"href":"https:\/\/www.ferrovial.com\/es\/wp-json\/wp\/v2\/pages\/253011","targetHints":{"allow":["GET"]}}],"collection":[{"href":"https:\/\/www.ferrovial.com\/es\/wp-json\/wp\/v2\/pages"}],"about":[{"href":"https:\/\/www.ferrovial.com\/es\/wp-json\/wp\/v2\/types\/page"}],"replies":[{"embeddable":true,"href":"https:\/\/www.ferrovial.com\/es\/wp-json\/wp\/v2\/comments?post=253011"}],"version-history":[{"count":2,"href":"https:\/\/www.ferrovial.com\/es\/wp-json\/wp\/v2\/pages\/253011\/revisions"}],"predecessor-version":[{"id":253100,"href":"https:\/\/www.ferrovial.com\/es\/wp-json\/wp\/v2\/pages\/253011\/revisions\/253100"}],"up":[{"embeddable":true,"href":"https:\/\/www.ferrovial.com\/es\/wp-json\/wp\/v2\/pages\/227878"}],"wp:attachment":[{"href":"https:\/\/www.ferrovial.com\/es\/wp-json\/wp\/v2\/media?parent=253011"}],"curies":[{"name":"wp","href":"https:\/\/api.w.org\/{rel}","templated":true}]}}