{"id":253021,"date":"2023-01-09T15:24:44","date_gmt":"2023-01-09T14:24:44","guid":{"rendered":"https:\/\/www.ferrovial.com\/?page_id=253021"},"modified":"2023-01-10T13:44:08","modified_gmt":"2023-01-10T12:44:08","slug":"carga-puntual","status":"publish","type":"page","link":"https:\/\/www.ferrovial.com\/es\/stem\/carga-puntual\/","title":{"rendered":"Carga puntual"},"content":{"rendered":"    <m-final-content-header >\n            <c-breadcrumb label-text=\"Breadcrumb\" slot=\"breadcrumbs\" type='2' align='left' wrap='wrapped wrapped' aria-label='Vienes de STEM'>\n                        <ol>\n\n                                                            <li><a href=\"https:\/\/www.ferrovial.com\/es\/\" title=\"Ferrovial\">Ferrovial<\/a><\/li>\n                                                                        <li><a href=\"https:\/\/www.ferrovial.com\/es\/stem\/\" title=\"STEM\">STEM<\/a><\/li>\n                                    \n                <\/ol>\n\n                <\/c-breadcrumb>\n    \n        <div slot=\"header\">\n            <h1>\n                \u00bfQu\u00e9 es una carga puntual?            <\/h1>\n                    <\/div>\n    <\/m-final-content-header>\n\n    \n\n\n<m-wysiwig class=\"wp-block-components-wysiwyg\"><div slot=\"maincontent\">\n<script type=\"application\/ld+json\">\n{\n  \"@context\": \"https:\/\/schema.org\",\n  \"@type\": \"FAQPage\",\n  \"mainEntity\": [{\n    \"@type\": \"Question\",\n    \"name\": \"\u00bfQu\u00e9 es una carga puntual?\",\n    \"acceptedAnswer\": {\n      \"@type\": \"Answer\",\n      \"text\": \"Tambi\u00e9n llamada carga concentrada, la carga puntual es la que se aplica a un \u00e1rea muy peque\u00f1a o a un punto espec\u00edfico dentro de una estructura.\nNormalmente, las cargas puntuales se aplican a nodos, en el caso de estructuras reticulares, y columnas y vigas. Pueden aplicarse de forma perpendicular o en \u00e1ngulo.\n\nSe representa como si actuara sobre un \u00fanico punto, siguiendo el concepto f\u00edsico de punto material.\"\n    }\n  },{\n    \"@type\": \"Question\",\n    \"name\": \"\u00bfQu\u00e9 es el punto material?\",\n    \"acceptedAnswer\": {\n      \"@type\": \"Answer\",\n      \"text\": \"Tambi\u00e9n conocido como part\u00edcula ideal o part\u00edcula puntual, es una idealizaci\u00f3n de la f\u00edsica cl\u00e1sica seg\u00fan la cual el tama\u00f1o, forma y estructura de un objeto son irrelevantes siempre y cuando su contexto as\u00ed lo permita. En t\u00e9rminos de masa, esto implica que el objeto en cuesti\u00f3n se piensa o se modela como un elemento infinitesimal, es decir, infinitamente peque\u00f1o en su volumen.\"\n    }\n  },{\n    \"@type\": \"Question\",\n    \"name\": \"\u00bfQu\u00e9 unidad de medida se utiliza para expresar la carga puntual?\",\n    \"acceptedAnswer\": {\n      \"@type\": \"Answer\",\n      \"text\": \"Se utilizan medidas de peso, como kilogramos, kilonewton, libras, toneladas, etc. A diferencia de lo que ocurre con las cargas distribuidas (que se expresan, por ejemplo, como kg\/m), no se expresa el \u00e1rea de actuaci\u00f3n de la carga.\"\n    }\n  },{\n    \"@type\": \"Question\",\n    \"name\": \"\u00bfQu\u00e9 efecto tiene una carga puntual sobre una viga?\",\n    \"acceptedAnswer\": {\n      \"@type\": \"Answer\",\n      \"text\": \"Las cargas puntuales, entre otras, deben tomarse en cuenta en el an\u00e1lisis de estructuras, y como parte de este, se debe calcular el efecto de las cargas sobre los elementos estructurales. En las vigas, dada su estructura lineal, las cargas generan flexi\u00f3n (es decir, una deformaci\u00f3n perpendicular al eje longitudinal), y esto provoca fuerzas de tracci\u00f3n y compresi\u00f3n.\nEn la relaci\u00f3n entre una viga y una carga puntual entran en juego, entre otros, estos elementos:\n<ul>\n<li>Esfuerzo cortante<\/li>\n<li>Reacci\u00f3n de apoyo<\/li>\n<li>Momento flector<\/li>\n<li>Segundo momento de inercia<\/li>\n<\/ul>\"\n    }\n  },{\n    \"@type\": \"Question\",\n    \"name\": \"\u00bfQu\u00e9 m\u00e9todos se utilizan para resolver los problemas relacionados con las cargas puntuales?\",\n    \"acceptedAnswer\": {\n      \"@type\": \"Answer\",\n      \"text\": \"Para realizar los c\u00e1lculos relacionados con las cargas puntuales se utilizan, entre otros:\n<ul>\n<li>Teor\u00eda de vigas de Euler-Bernoulli: simplifica de forma te\u00f3rica la mec\u00e1nica de s\u00f3lidos deformables para conseguir un c\u00e1lculo aproximado de los esfuerzos y deformaciones de las vigas.<\/li>\n<li>Teorema de Clapeyron o teorema de los tres momentos: demostrado a principios del siglo XIX, se desprende de la teor\u00eda de flexi\u00f3n de vigas y sirve para resolver algunos problemas de flexi\u00f3n hiperest\u00e1tica.<\/li>\n<li>Teor\u00eda de Euler-Bernoulli: se deriva de la hip\u00f3tesis cinem\u00e1tica del mismo nombre, y se utiliza para calcular tensiones y desplazamientos en las vigas.<\/li>\n<li>Teor\u00eda de Timoshenko: a diferencia de la teor\u00eda de Euler-Bernoulli, no desprecia el esfuerzo cortante respecto al momento flector, por lo que utiliza ecuaciones m\u00e1s complejas aplicables a la curva el\u00e1stica de vigas cortas.<\/li>\n<\/ul>\"\n    }\n  }]\n}\n<\/script><p>Tambi\u00e9n llamada<strong> carga concentrada<\/strong>, la carga puntual es la que se aplica a un <strong>\u00e1rea muy peque\u00f1a <\/strong>o a un <strong>punto espec\u00edfico<\/strong> dentro de una estructura.<\/p>\n\n\n\n<p>Normalmente, las cargas puntuales se aplican a <strong>nodos<\/strong>, en el caso de <a href=\"https:\/\/www.ferrovial.com\/es\/stem\/estructura-reticular\/\" target=\"_blank\" rel=\"noreferrer noopener\">estructuras reticulares<\/a>, y columnas y vigas. Pueden aplicarse de forma <strong>perpendicular o en \u00e1ngulo<\/strong>.<\/p>\n\n\n\n<p>Se representa como si actuara sobre un \u00fanico punto, siguiendo el concepto f\u00edsico de <strong><em>punto material<\/em><\/strong>.<\/p>\n\n\n\n<h2 class=\"wp-block-heading\"><strong>\u00bfQu\u00e9 es el punto material?<\/strong><\/h2>\n\n\n\n<p>Tambi\u00e9n conocido como <strong>part\u00edcula ideal <\/strong>o <strong>part\u00edcula puntual<\/strong>, es una <strong>idealizaci\u00f3n <\/strong>de la f\u00edsica cl\u00e1sica seg\u00fan la cual el <strong>tama\u00f1o, forma y estructura de un objeto son irrelevantes <\/strong>siempre y cuando su contexto as\u00ed lo permita. En t\u00e9rminos de masa, esto implica que el objeto en cuesti\u00f3n <strong>se piensa o se modela como un elemento infinitesimal<\/strong>, es decir, infinitamente peque\u00f1o en su volumen.<\/p>\n\n\n\n<p>Por ejemplo, a pesar de que ocupan un volumen, las part\u00edculas elementales suelen considerarse part\u00edculas puntuales cuando se ponen en relaci\u00f3n con part\u00edculas complejas, dado que las part\u00edculas elementales no tienen estructura interna conocida.<\/p>\n\n\n\n<h2 class=\"wp-block-heading\"><strong>\u00bfQu\u00e9 unidad de medida se utiliza para expresar la carga puntual?<\/strong><\/h2>\n\n\n\n<p>Se utilizan <strong>medidas de peso<\/strong>, como kilogramos, kilonewton, libras, toneladas, etc. A diferencia de lo que ocurre con las cargas distribuidas (que se expresan, por ejemplo, como kg\/m), no se expresa el \u00e1rea de actuaci\u00f3n de la carga.<\/p>\n\n\n\n<h2 class=\"wp-block-heading\"><strong>\u00bfQu\u00e9 efecto tiene una carga puntual sobre una viga?<\/strong><\/h2>\n\n\n\n<p>Las cargas puntuales, entre otras, deben tomarse en cuenta en el <a href=\"https:\/\/www.ferrovial.com\/es\/stem\/calculo-de-estructuras\/\" target=\"_blank\" rel=\"noreferrer noopener\">an\u00e1lisis de estructuras<\/a>, y como parte de este, se debe calcular el efecto de las cargas sobre los elementos estructurales. En las <strong>vigas<\/strong>, dada su estructura lineal, las cargas generan <strong>flexi\u00f3n <\/strong>(es decir, una deformaci\u00f3n perpendicular al eje longitudinal), y esto provoca fuerzas de <strong>tracci\u00f3n y compresi\u00f3n<\/strong>.<\/p>\n\n\n\n<p>En la relaci\u00f3n entre una viga y una carga puntual entran en juego, entre otros, estos elementos:<\/p>\n\n\n\n<ul class=\"wp-block-list\"><li><strong>Esfuerzo cortante: <\/strong>resultante de todos los esfuerzos verticales aplicados a la viga.<\/li><li><strong>Reacci\u00f3n de apoyo: <\/strong>las fuerzas generadas por los apoyos del elemento estructural (la viga) que est\u00e1 recibiendo la carga puntual.<\/li><li><strong>Momento flector<\/strong> (o momento flexor)<strong>:<\/strong> momento de fuerza resultante de la distribuci\u00f3n de tensiones.<\/li><li><strong>Segundo momento de inercia<\/strong> (o segundo momento de \u00e1rea)<strong>:<\/strong> es la deformaci\u00f3n m\u00e1xima que puede sufrir un elemento por flexi\u00f3n.<\/li><\/ul>\n\n\n\n<h2 class=\"wp-block-heading\"><strong>\u00bfQu\u00e9 m\u00e9todos se utilizan para resolver los problemas relacionados con las cargas puntuales?<\/strong><\/h2>\n\n\n\n<p>Para realizar los c\u00e1lculos relacionados con las cargas puntuales se utilizan, entre otros:<\/p>\n\n\n\n<ul class=\"wp-block-list\"><li><strong>Teor\u00eda de vigas de Euler-Bernoulli: <\/strong>simplifica de forma te\u00f3rica la mec\u00e1nica de s\u00f3lidos deformables para conseguir un c\u00e1lculo aproximado de los esfuerzos y deformaciones de las vigas.<\/li><li><strong>Teorema de Clapeyron o teorema de los tres momentos: <\/strong>demostrado a principios del siglo XIX, se desprende de la teor\u00eda de flexi\u00f3n de vigas y sirve para resolver algunos problemas de flexi\u00f3n hiperest\u00e1tica.<\/li><li><strong>Teor\u00eda de Euler-Bernoulli: <\/strong>se deriva de la hip\u00f3tesis cinem\u00e1tica del mismo nombre, y se utiliza para calcular tensiones y desplazamientos en las vigas.<\/li><li><strong>Teor\u00eda de Timoshenko: <\/strong>a diferencia de la teor\u00eda de Euler-Bernoulli, no desprecia el esfuerzo cortante respecto al momento flector, por lo que utiliza ecuaciones m\u00e1s complejas aplicables a la curva el\u00e1stica de vigas cortas.<\/li><\/ul>\n<\/div><\/m-wysiwig>\n","protected":false},"excerpt":{"rendered":"","protected":false},"featured_media":0,"parent":227878,"menu_order":0,"comment_status":"closed","ping_status":"closed","template":"","meta":{"_acf_changed":false,"footnotes":""},"class_list":["post-253021","page","type-page","status-publish","hentry"],"acf":[],"yoast_head":"<!-- This site is optimized with the Yoast SEO plugin v27.2 - https:\/\/yoast.com\/product\/yoast-seo-wordpress\/ -->\n<title>Carga puntual: c\u00f3mo se mide, efectos y m\u00e9todos de resoluci\u00f3n de problemas<\/title>\n<meta name=\"description\" content=\"Carga puntual o carga concentrada, es la que se aplica a un \u00e1rea muy peque\u00f1a o a un punto espec\u00edfico dentro de una estructura.\" \/>\n<meta name=\"robots\" content=\"index, follow, max-snippet:-1, max-image-preview:large, max-video-preview:-1\" \/>\n<link rel=\"canonical\" href=\"https:\/\/www.ferrovial.com\/es\/stem\/carga-puntual\/\" \/>\n<meta property=\"og:locale\" content=\"es_ES\" \/>\n<meta property=\"og:type\" content=\"article\" \/>\n<meta property=\"og:title\" content=\"Carga puntual: c\u00f3mo se mide, efectos y m\u00e9todos de resoluci\u00f3n de problemas\" \/>\n<meta property=\"og:description\" content=\"Carga puntual o carga concentrada, es la que se aplica a un \u00e1rea muy peque\u00f1a o a un punto espec\u00edfico dentro de una estructura.\" \/>\n<meta property=\"og:url\" content=\"https:\/\/www.ferrovial.com\/es\/stem\/carga-puntual\/\" \/>\n<meta property=\"og:site_name\" content=\"Ferrovial\" \/>\n<meta property=\"article:publisher\" content=\"https:\/\/www.facebook.com\/ferrovial\" \/>\n<meta property=\"article:modified_time\" content=\"2023-01-10T12:44:08+00:00\" \/>\n<meta name=\"twitter:card\" content=\"summary_large_image\" \/>\n<meta name=\"twitter:site\" content=\"@ferrovial\" \/>\n<meta name=\"twitter:label1\" content=\"Est. reading time\" \/>\n\t<meta name=\"twitter:data1\" content=\"5 minutos\" \/>\n<!-- \/ Yoast SEO plugin. -->","yoast_head_json":{"title":"Carga puntual: c\u00f3mo se mide, efectos y m\u00e9todos de resoluci\u00f3n de problemas","description":"Carga puntual o carga concentrada, es la que se aplica a un \u00e1rea muy peque\u00f1a o a un punto espec\u00edfico dentro de una estructura.","robots":{"index":"index","follow":"follow","max-snippet":"max-snippet:-1","max-image-preview":"max-image-preview:large","max-video-preview":"max-video-preview:-1"},"canonical":"https:\/\/www.ferrovial.com\/es\/stem\/carga-puntual\/","og_locale":"es_ES","og_type":"article","og_title":"Carga puntual: c\u00f3mo se mide, efectos y m\u00e9todos de resoluci\u00f3n de problemas","og_description":"Carga puntual o carga concentrada, es la que se aplica a un \u00e1rea muy peque\u00f1a o a un punto espec\u00edfico dentro de una estructura.","og_url":"https:\/\/www.ferrovial.com\/es\/stem\/carga-puntual\/","og_site_name":"Ferrovial","article_publisher":"https:\/\/www.facebook.com\/ferrovial","article_modified_time":"2023-01-10T12:44:08+00:00","twitter_card":"summary_large_image","twitter_site":"@ferrovial","twitter_misc":{"Est. reading time":"5 minutos"},"schema":{"@context":"https:\/\/schema.org","@graph":[{"@type":"WebPage","@id":"https:\/\/www.ferrovial.com\/es\/stem\/carga-puntual\/","url":"https:\/\/www.ferrovial.com\/es\/stem\/carga-puntual\/","name":"Carga puntual: c\u00f3mo se mide, efectos y m\u00e9todos de resoluci\u00f3n de problemas","isPartOf":{"@id":"https:\/\/www.ferrovial.com\/es\/#website"},"datePublished":"2023-01-09T14:24:44+00:00","dateModified":"2023-01-10T12:44:08+00:00","description":"Carga puntual o carga concentrada, es la que se aplica a un \u00e1rea muy peque\u00f1a o a un punto espec\u00edfico dentro de una estructura.","breadcrumb":{"@id":"https:\/\/www.ferrovial.com\/es\/stem\/carga-puntual\/#breadcrumb"},"inLanguage":"es","potentialAction":[{"@type":"ReadAction","target":["https:\/\/www.ferrovial.com\/es\/stem\/carga-puntual\/"]}]},{"@type":"BreadcrumbList","@id":"https:\/\/www.ferrovial.com\/es\/stem\/carga-puntual\/#breadcrumb","itemListElement":[{"@type":"ListItem","position":1,"name":"Portada","item":"https:\/\/www.ferrovial.com\/es\/"},{"@type":"ListItem","position":2,"name":"STEM","item":"https:\/\/www.ferrovial.com\/es\/stem\/"},{"@type":"ListItem","position":3,"name":"Carga puntual"}]},{"@type":"WebSite","@id":"https:\/\/www.ferrovial.com\/es\/#website","url":"https:\/\/www.ferrovial.com\/es\/","name":"Ferrovial","description":"Welcome to the Ferrovial&#039;s website, global operator of sustainable infrastructure. Here you can find all the information about the company and subsidiaries.","publisher":{"@id":"https:\/\/www.ferrovial.com\/es\/#organization"},"potentialAction":[{"@type":"SearchAction","target":{"@type":"EntryPoint","urlTemplate":"https:\/\/www.ferrovial.com\/es\/?s={search_term_string}"},"query-input":{"@type":"PropertyValueSpecification","valueRequired":true,"valueName":"search_term_string"}}],"inLanguage":"es"},{"@type":"Organization","@id":"https:\/\/www.ferrovial.com\/es\/#organization","name":"Ferrovial S.A.","url":"https:\/\/www.ferrovial.com\/es\/","logo":{"@type":"ImageObject","inLanguage":"es","@id":"https:\/\/www.ferrovial.com\/es\/#\/schema\/logo\/image\/","url":"https:\/\/static.ferrovial.com\/wp-content\/uploads\/2020\/01\/13124948\/logo-ferrovial-cf7.png","contentUrl":"https:\/\/static.ferrovial.com\/wp-content\/uploads\/2020\/01\/13124948\/logo-ferrovial-cf7.png","width":144,"height":32,"caption":"Ferrovial S.A."},"image":{"@id":"https:\/\/www.ferrovial.com\/es\/#\/schema\/logo\/image\/"},"sameAs":["https:\/\/www.facebook.com\/ferrovial","https:\/\/x.com\/ferrovial","https:\/\/www.instagram.com\/ferrovial\/","https:\/\/www.linkedin.com\/company\/ferrovial","https:\/\/www.pinterest.es\/ferrovial\/","https:\/\/www.youtube.com\/ferrovial","https:\/\/en.wikipedia.org\/wiki\/Ferrovial"]}]}},"_links":{"self":[{"href":"https:\/\/www.ferrovial.com\/es\/wp-json\/wp\/v2\/pages\/253021","targetHints":{"allow":["GET"]}}],"collection":[{"href":"https:\/\/www.ferrovial.com\/es\/wp-json\/wp\/v2\/pages"}],"about":[{"href":"https:\/\/www.ferrovial.com\/es\/wp-json\/wp\/v2\/types\/page"}],"replies":[{"embeddable":true,"href":"https:\/\/www.ferrovial.com\/es\/wp-json\/wp\/v2\/comments?post=253021"}],"version-history":[{"count":2,"href":"https:\/\/www.ferrovial.com\/es\/wp-json\/wp\/v2\/pages\/253021\/revisions"}],"predecessor-version":[{"id":253106,"href":"https:\/\/www.ferrovial.com\/es\/wp-json\/wp\/v2\/pages\/253021\/revisions\/253106"}],"up":[{"embeddable":true,"href":"https:\/\/www.ferrovial.com\/es\/wp-json\/wp\/v2\/pages\/227878"}],"wp:attachment":[{"href":"https:\/\/www.ferrovial.com\/es\/wp-json\/wp\/v2\/media?parent=253021"}],"curies":[{"name":"wp","href":"https:\/\/api.w.org\/{rel}","templated":true}]}}