{"id":253028,"date":"2023-01-09T15:33:42","date_gmt":"2023-01-09T14:33:42","guid":{"rendered":"https:\/\/www.ferrovial.com\/?page_id=253028"},"modified":"2023-01-10T13:56:52","modified_gmt":"2023-01-10T12:56:52","slug":"viga-en-voladizo","status":"publish","type":"page","link":"https:\/\/www.ferrovial.com\/es\/stem\/viga-en-voladizo\/","title":{"rendered":"Viga en voladizo"},"content":{"rendered":"    <m-final-content-header >\n            <c-breadcrumb label-text=\"Breadcrumb\" slot=\"breadcrumbs\" type='2' align='left' wrap='wrapped wrapped' aria-label='Vienes de STEM'>\n                        <ol>\n\n                                                            <li><a href=\"https:\/\/www.ferrovial.com\/es\/\" title=\"Ferrovial\">Ferrovial<\/a><\/li>\n                                                                        <li><a href=\"https:\/\/www.ferrovial.com\/es\/stem\/\" title=\"STEM\">STEM<\/a><\/li>\n                                    \n                <\/ol>\n\n                <\/c-breadcrumb>\n    \n        <div slot=\"header\">\n            <h1>\n                \u00bfQu\u00e9 es un voladizo?            <\/h1>\n                    <\/div>\n    <\/m-final-content-header>\n\n    \n\n\n<m-wysiwig class=\"wp-block-components-wysiwyg\"><div slot=\"maincontent\">\n<script type=\"application\/ld+json\">\n{\n  \"@context\": \"https:\/\/schema.org\",\n  \"@type\": \"FAQPage\",\n  \"mainEntity\": [{\n    \"@type\": \"Question\",\n    \"name\": \"\u00bfQu\u00e9 es un voladizo?\",\n    \"acceptedAnswer\": {\n      \"@type\": \"Answer\",\n      \"text\": \"Un voladizo es un elemento estructural r\u00edgido que se encuentra apoyado sobre otro elemento de un \u00fanico lado, quedando as\u00ed una buena parte de su superficie sin punto de apoyo aparente. Uno de los elementos estructurales m\u00e1s comunes en los voladizos son las vigas en voladizo; sin embargo, tambi\u00e9n pueden construirse voladizos con celos\u00edas o forjados.\nEl ejemplo m\u00e1s cotidiano de vigas en voladizo son los balcones de viviendas y edificios.\"\n    }\n  },{\n    \"@type\": \"Question\",\n    \"name\": \"\u00bfC\u00f3mo soporta las cargas una viga en voladizo?\",\n    \"acceptedAnswer\": {\n      \"@type\": \"Answer\",\n      \"text\": \"Mec\u00e1nicamente, las cargas soportadas por el voladizo se transmiten al elemento de apoyo mediante un momento, y produciendo una tensi\u00f3n cortante.\nLas cargas de una viga en voladizo pueden ser:\n<ul>\n<li>Permanentes, variables o accidentales<\/li>\n<li>Est\u00e1ticas o din\u00e1micas<\/li>\n<li>Vivas o muertas<\/li>\n<li>Puntuales o distribuidas<\/li>\n<\/ul>\nNinguna de estas cargas es excluyente de las otras, y para el an\u00e1lisis estructural es necesario tomarlas en cuenta todas y su reacci\u00f3n de apoyo; es decir, la reacci\u00f3n del elemento sobre el cual la viga est\u00e1 apoyada.\"\n    }\n  },{\n    \"@type\": \"Question\",\n    \"name\": \"\u00bfQu\u00e9 aplicaciones tiene el concepto de viga en voladizo fuera del mundo de la construcci\u00f3n?\",\n    \"acceptedAnswer\": {\n      \"@type\": \"Answer\",\n      \"text\": \"El concepto estructural de viga en voladizo tiene otras aplicaciones pr\u00e1cticas en \u00e1reas muy variadas; algunas de ellas son:\n<ul>\n<li>Electromec\u00e1nica<\/li>\n<li>Medicina<\/li>\n<li>Qu\u00edmica anal\u00edtica<\/li>\n<li>Log\u00edstica<\/li>\n<li>Aviaci\u00f3n<\/li>\n<li>Turismo<\/li>\n<\/ul>\"\n    }\n  }]\n}\n<\/script><p>Un voladizo es un <strong>elemento estructural r\u00edgido <\/strong>que se encuentra <strong>apoyado<\/strong> sobre otro elemento de un <strong>\u00fanico lado<\/strong>, quedando as\u00ed una buena parte de su superficie sin punto de apoyo aparente. Uno de los elementos estructurales m\u00e1s comunes en los voladizos son las <strong>vigas en voladizo<\/strong>; sin embargo, tambi\u00e9n pueden construirse voladizos con <strong>celos\u00edas o forjados<\/strong>.<\/p>\n\n\n\n<p>El ejemplo m\u00e1s cotidiano de vigas en voladizo son los <strong>balcones<\/strong> de viviendas y edificios.<\/p>\n\n\n\n<h2 class=\"wp-block-heading\"><strong>\u00bfC\u00f3mo soporta las cargas una viga en voladizo?<\/strong><\/h2>\n\n\n\n<p>Mec\u00e1nicamente, las<strong> cargas <\/strong>soportadas por el voladizo <strong>se transmiten al elemento de apoyo <\/strong>mediante un <strong>momento<\/strong>, y produciendo una <strong>tensi\u00f3n cortante<\/strong>.<\/p>\n\n\n\n<p>Las <strong>cargas de una viga en voladizo<\/strong> pueden ser:<\/p>\n\n\n\n<ul class=\"wp-block-list\"><li>Permanentes, variables o accidentales<\/li><li>Est\u00e1ticas o din\u00e1micas<\/li><li><a href=\"https:\/\/www.ferrovial.com\/es\/stem\/carga-viva\/\" target=\"_blank\" rel=\"noreferrer noopener\">Vivas<\/a> o muertas<\/li><li><a href=\"https:\/\/www.ferrovial.com\/es\/stem\/carga-puntual\/\" target=\"_blank\" rel=\"noreferrer noopener\">Puntuales<\/a> o distribuidas<\/li><\/ul>\n\n\n\n<p>Ninguna de estas cargas es excluyente de las otras, y para el <a href=\"https:\/\/www.ferrovial.com\/es\/stem\/calculo-de-estructuras\/\" target=\"_blank\" rel=\"noreferrer noopener\">an\u00e1lisis estructural<\/a> es necesario tomarlas en cuenta todas y su <strong>reacci\u00f3n de apoyo<\/strong>; es decir, la reacci\u00f3n del elemento sobre el cual la viga est\u00e1 apoyada.<\/p>\n\n\n\n<p>La principal <strong>deformaci\u00f3n <\/strong>que ocurre en las vigas en voladizo es de <strong>flexi\u00f3n <\/strong>(que, a su vez, provoca <strong>fuerzas de tracci\u00f3n y compresi\u00f3n<\/strong>). Para <strong>proyectar el comportamiento <\/strong>de estos elementos se pueden utilizar distintos modelos matem\u00e1ticos, seg\u00fan las caracter\u00edsticas particulares de cada estructura y sus aplicaciones. Algunos de los modelos son:<\/p>\n\n\n\n<ul class=\"wp-block-list\"><li><strong>Teor\u00eda de vigas de Euler-Bernoulli: <\/strong>simplifica te\u00f3ricamente la mec\u00e1nica de s\u00f3lidos deformables para calcular los esfuerzos y deformaciones de las vigas.<\/li><li><strong>Teorema de Clapeyron o teorema de los tres momentos: <\/strong>se desprende de la teor\u00eda de flexi\u00f3n de vigas y se usa para resolver algunos problemas de flexi\u00f3n hiperest\u00e1tica.<\/li><li><strong>Teor\u00eda de Timoshenko: <\/strong>funciona como la teor\u00eda de Euler-Bernoulli, pero no desprecia el esfuerzo cortante respecto al momento flector, por lo que utiliza ecuaciones m\u00e1s complejas aplicables a la curva el\u00e1stica de vigas cortas, y es de mucha utilidad para las vigas en voladizo.<\/li><\/ul>\n\n\n\n<h2 class=\"wp-block-heading\"><strong>\u00bfQu\u00e9 aplicaciones tiene el concepto de viga en voladizo fuera del mundo de la construcci\u00f3n?<\/strong><\/h2>\n\n\n\n<p>El concepto estructural de viga en voladizo tiene otras aplicaciones pr\u00e1cticas en <strong>\u00e1reas muy variadas<\/strong>; algunas de ellas son:<\/p>\n\n\n\n<ul class=\"wp-block-list\"><li><strong>Electromec\u00e1nica: <\/strong>transductores para microscopios de fuerza at\u00f3mica, capaces de detectar fuerzas del orden de los Nanonewtons.<\/li><li><strong>Medicina: <\/strong>biosensores de diagn\u00f3stico.<\/li><li><strong>Qu\u00edmica anal\u00edtica: <\/strong>las vigas en micro voladizos se recubren de receptores y funcionan como sensores o elementos vibrantes que se comparan con par\u00e1metros fijos para obtener informaci\u00f3n qu\u00edmica espec\u00edfica.&nbsp;<\/li><li><strong>Log\u00edstica: <\/strong>sistemas de almacenamiento fijo o port\u00e1til, como cajas de herramientas,&nbsp;<\/li><li><strong>Aviaci\u00f3n: <\/strong>las alas de los aviones.<\/li><li><strong>Turismo: <\/strong>recorridos panor\u00e1micos, algunos de ellos tan famosos como el Gran Canyon Skywalk.<\/li><\/ul>\n<\/div><\/m-wysiwig>\n","protected":false},"excerpt":{"rendered":"","protected":false},"featured_media":0,"parent":227878,"menu_order":0,"comment_status":"closed","ping_status":"closed","template":"","meta":{"_acf_changed":false,"footnotes":""},"class_list":["post-253028","page","type-page","status-publish","hentry"],"acf":[],"yoast_head":"<!-- This site is optimized with the Yoast SEO plugin v27.2 - https:\/\/yoast.com\/product\/yoast-seo-wordpress\/ -->\n<title>Viga en voladizo: qu\u00e9 es, c\u00f3mo soporta las cargas, aplicaciones - Ferrovial<\/title>\n<meta name=\"description\" content=\"Un voladizo es un elemento estructural r\u00edgido que se encuentra apoyado sobre otro elemento de un \u00fanico lado, quedando as\u00ed una buena parte de su superficie sin punto de apoyo aparente.\" \/>\n<meta name=\"robots\" content=\"index, follow, max-snippet:-1, max-image-preview:large, max-video-preview:-1\" \/>\n<link rel=\"canonical\" href=\"https:\/\/www.ferrovial.com\/es\/stem\/viga-en-voladizo\/\" \/>\n<meta property=\"og:locale\" content=\"es_ES\" \/>\n<meta property=\"og:type\" content=\"article\" \/>\n<meta property=\"og:title\" content=\"Viga en voladizo: qu\u00e9 es, c\u00f3mo soporta las cargas, aplicaciones - Ferrovial\" \/>\n<meta property=\"og:description\" content=\"Un voladizo es un elemento estructural r\u00edgido que se encuentra apoyado sobre otro elemento de un \u00fanico lado, quedando as\u00ed una buena parte de su superficie sin punto de apoyo aparente.\" \/>\n<meta property=\"og:url\" content=\"https:\/\/www.ferrovial.com\/es\/stem\/viga-en-voladizo\/\" \/>\n<meta property=\"og:site_name\" content=\"Ferrovial\" \/>\n<meta property=\"article:publisher\" content=\"https:\/\/www.facebook.com\/ferrovial\" \/>\n<meta property=\"article:modified_time\" content=\"2023-01-10T12:56:52+00:00\" \/>\n<meta name=\"twitter:card\" content=\"summary_large_image\" \/>\n<meta name=\"twitter:site\" content=\"@ferrovial\" \/>\n<meta name=\"twitter:label1\" content=\"Est. reading time\" \/>\n\t<meta name=\"twitter:data1\" content=\"4 minutos\" \/>\n<!-- \/ Yoast SEO plugin. -->","yoast_head_json":{"title":"Viga en voladizo: qu\u00e9 es, c\u00f3mo soporta las cargas, aplicaciones - Ferrovial","description":"Un voladizo es un elemento estructural r\u00edgido que se encuentra apoyado sobre otro elemento de un \u00fanico lado, quedando as\u00ed una buena parte de su superficie sin punto de apoyo aparente.","robots":{"index":"index","follow":"follow","max-snippet":"max-snippet:-1","max-image-preview":"max-image-preview:large","max-video-preview":"max-video-preview:-1"},"canonical":"https:\/\/www.ferrovial.com\/es\/stem\/viga-en-voladizo\/","og_locale":"es_ES","og_type":"article","og_title":"Viga en voladizo: qu\u00e9 es, c\u00f3mo soporta las cargas, aplicaciones - Ferrovial","og_description":"Un voladizo es un elemento estructural r\u00edgido que se encuentra apoyado sobre otro elemento de un \u00fanico lado, quedando as\u00ed una buena parte de su superficie sin punto de apoyo aparente.","og_url":"https:\/\/www.ferrovial.com\/es\/stem\/viga-en-voladizo\/","og_site_name":"Ferrovial","article_publisher":"https:\/\/www.facebook.com\/ferrovial","article_modified_time":"2023-01-10T12:56:52+00:00","twitter_card":"summary_large_image","twitter_site":"@ferrovial","twitter_misc":{"Est. reading time":"4 minutos"},"schema":{"@context":"https:\/\/schema.org","@graph":[{"@type":"WebPage","@id":"https:\/\/www.ferrovial.com\/es\/stem\/viga-en-voladizo\/","url":"https:\/\/www.ferrovial.com\/es\/stem\/viga-en-voladizo\/","name":"Viga en voladizo: qu\u00e9 es, c\u00f3mo soporta las cargas, aplicaciones - Ferrovial","isPartOf":{"@id":"https:\/\/www.ferrovial.com\/es\/#website"},"datePublished":"2023-01-09T14:33:42+00:00","dateModified":"2023-01-10T12:56:52+00:00","description":"Un voladizo es un elemento estructural r\u00edgido que se encuentra apoyado sobre otro elemento de un \u00fanico lado, quedando as\u00ed una buena parte de su superficie sin punto de apoyo aparente.","breadcrumb":{"@id":"https:\/\/www.ferrovial.com\/es\/stem\/viga-en-voladizo\/#breadcrumb"},"inLanguage":"es","potentialAction":[{"@type":"ReadAction","target":["https:\/\/www.ferrovial.com\/es\/stem\/viga-en-voladizo\/"]}]},{"@type":"BreadcrumbList","@id":"https:\/\/www.ferrovial.com\/es\/stem\/viga-en-voladizo\/#breadcrumb","itemListElement":[{"@type":"ListItem","position":1,"name":"Portada","item":"https:\/\/www.ferrovial.com\/es\/"},{"@type":"ListItem","position":2,"name":"STEM","item":"https:\/\/www.ferrovial.com\/es\/stem\/"},{"@type":"ListItem","position":3,"name":"Viga en voladizo"}]},{"@type":"WebSite","@id":"https:\/\/www.ferrovial.com\/es\/#website","url":"https:\/\/www.ferrovial.com\/es\/","name":"Ferrovial","description":"Welcome to the Ferrovial&#039;s website, global operator of sustainable infrastructure. Here you can find all the information about the company and subsidiaries.","publisher":{"@id":"https:\/\/www.ferrovial.com\/es\/#organization"},"potentialAction":[{"@type":"SearchAction","target":{"@type":"EntryPoint","urlTemplate":"https:\/\/www.ferrovial.com\/es\/?s={search_term_string}"},"query-input":{"@type":"PropertyValueSpecification","valueRequired":true,"valueName":"search_term_string"}}],"inLanguage":"es"},{"@type":"Organization","@id":"https:\/\/www.ferrovial.com\/es\/#organization","name":"Ferrovial S.A.","url":"https:\/\/www.ferrovial.com\/es\/","logo":{"@type":"ImageObject","inLanguage":"es","@id":"https:\/\/www.ferrovial.com\/es\/#\/schema\/logo\/image\/","url":"https:\/\/static.ferrovial.com\/wp-content\/uploads\/2020\/01\/13124948\/logo-ferrovial-cf7.png","contentUrl":"https:\/\/static.ferrovial.com\/wp-content\/uploads\/2020\/01\/13124948\/logo-ferrovial-cf7.png","width":144,"height":32,"caption":"Ferrovial S.A."},"image":{"@id":"https:\/\/www.ferrovial.com\/es\/#\/schema\/logo\/image\/"},"sameAs":["https:\/\/www.facebook.com\/ferrovial","https:\/\/x.com\/ferrovial","https:\/\/www.instagram.com\/ferrovial\/","https:\/\/www.linkedin.com\/company\/ferrovial","https:\/\/www.pinterest.es\/ferrovial\/","https:\/\/www.youtube.com\/ferrovial","https:\/\/en.wikipedia.org\/wiki\/Ferrovial"]}]}},"_links":{"self":[{"href":"https:\/\/www.ferrovial.com\/es\/wp-json\/wp\/v2\/pages\/253028","targetHints":{"allow":["GET"]}}],"collection":[{"href":"https:\/\/www.ferrovial.com\/es\/wp-json\/wp\/v2\/pages"}],"about":[{"href":"https:\/\/www.ferrovial.com\/es\/wp-json\/wp\/v2\/types\/page"}],"replies":[{"embeddable":true,"href":"https:\/\/www.ferrovial.com\/es\/wp-json\/wp\/v2\/comments?post=253028"}],"version-history":[{"count":2,"href":"https:\/\/www.ferrovial.com\/es\/wp-json\/wp\/v2\/pages\/253028\/revisions"}],"predecessor-version":[{"id":253107,"href":"https:\/\/www.ferrovial.com\/es\/wp-json\/wp\/v2\/pages\/253028\/revisions\/253107"}],"up":[{"embeddable":true,"href":"https:\/\/www.ferrovial.com\/es\/wp-json\/wp\/v2\/pages\/227878"}],"wp:attachment":[{"href":"https:\/\/www.ferrovial.com\/es\/wp-json\/wp\/v2\/media?parent=253028"}],"curies":[{"name":"wp","href":"https:\/\/api.w.org\/{rel}","templated":true}]}}