{"id":253030,"date":"2023-01-09T15:56:57","date_gmt":"2023-01-09T14:56:57","guid":{"rendered":"https:\/\/www.ferrovial.com\/?page_id=253030"},"modified":"2023-01-10T14:06:20","modified_gmt":"2023-01-10T13:06:20","slug":"carga-distribuida","status":"publish","type":"page","link":"https:\/\/www.ferrovial.com\/es\/stem\/carga-distribuida\/","title":{"rendered":"Carga distribuida"},"content":{"rendered":"    <m-final-content-header >\n            <c-breadcrumb label-text=\"Breadcrumb\" slot=\"breadcrumbs\" type='2' align='left' wrap='wrapped wrapped' aria-label='Vienes de STEM'>\n                        <ol>\n\n                                                            <li><a href=\"https:\/\/www.ferrovial.com\/es\/\" title=\"Ferrovial\">Ferrovial<\/a><\/li>\n                                                                        <li><a href=\"https:\/\/www.ferrovial.com\/es\/stem\/\" title=\"STEM\">STEM<\/a><\/li>\n                                    \n                <\/ol>\n\n                <\/c-breadcrumb>\n    \n        <div slot=\"header\">\n            <h1>\n                \u00bfQu\u00e9 es una carga distribuida?            <\/h1>\n                    <\/div>\n    <\/m-final-content-header>\n\n    \n\n\n<m-wysiwig class=\"wp-block-components-wysiwyg\"><div slot=\"maincontent\">\n<script type=\"application\/ld+json\">\n{\n  \"@context\": \"https:\/\/schema.org\",\n  \"@type\": \"FAQPage\",\n  \"mainEntity\": [{\n    \"@type\": \"Question\",\n    \"name\": \"\u00bfQu\u00e9 es una carga distribuida?\",\n    \"acceptedAnswer\": {\n      \"@type\": \"Answer\",\n      \"text\": \"Tambi\u00e9n llamada carga lineal, carga repartida o carga no puntual, es la que act\u00faa de manera uniforme sobre un elemento estructural.\nSus efectos en las estructuras son menores que los de las cargas puntuales, por lo que generalmente no se analizan. Sin embargo, se utiliza el concepto de carga distribuida para el an\u00e1lisis de otro tipo de cargas, como la carga viva, por ejemplo.\"\n    }\n  },{\n    \"@type\": \"Question\",\n    \"name\": \"\u00bfQu\u00e9 unidad de medida se utiliza para expresar la carga distribuida?\",\n    \"acceptedAnswer\": {\n      \"@type\": \"Answer\",\n      \"text\": \"Para las cargas distribuidas es necesario conocer el peso de la carga, pero tambi\u00e9n las dimensiones de la superficie sobre la cual se distribuye, por lo que sus unidades de medida combinan estos dos elementos: peso\/superficie. Por ejemplo, puede medirse en: kilogramos\/ml, libras\/pie o toneladas\/ml.\"\n    }\n  },{\n    \"@type\": \"Question\",\n    \"name\": \"\u00bfQu\u00e9 tipos de cargas distribuidas existen?\",\n    \"acceptedAnswer\": {\n      \"@type\": \"Answer\",\n      \"text\": \"Las cargas distribuidas se clasifican seg\u00fan su forma; esta es relevante para poder calcular la carga real y sus efectos sobre la estructura. Para fines de c\u00e1lculo, se considera que una carga distribuida puede ser:\n<ul>\n<li>Rectangular<\/li>\n<li>Triangular<\/li>\n<li>Combinada (combina secciones rectangulares y triangulares)<\/li>\n<\/ul>\"\n    }\n  },{\n    \"@type\": \"Question\",\n    \"name\": \"\u00bfC\u00f3mo se transforma la carga distribuida a carga puntual y para qu\u00e9?\",\n    \"acceptedAnswer\": {\n      \"@type\": \"Answer\",\n      \"text\": \"Cuando existe una carga distribuida, es necesario transformarla te\u00f3ricamente en carga puntual para conocer la magnitud total de la fuerza, y conocer as\u00ed las reacciones de los apoyos a las cargas en el an\u00e1lisis de estructuras.\nLos elementos de la ecuaci\u00f3n que se utiliza para pasar una carga distribuida a una carga puntual son:\n<ul>\n<li>W: carga distribuida<\/li>\n<li>F: fuerza de la carga puntual<\/li>\n<li>L: distancia que recorre la carga distribuida<\/li>\n<\/ul>\nSeg\u00fan la forma de la carga, el c\u00e1lculo de la fuerza se har\u00e1 de la siguiente manera:\n<ul>\n<li>Carga rectangular: se calcula como si la carga puntual estuviera ubicada en el punto medio de la longitud de la estructura, y se utiliza la f\u00f3rmula F=WL<\/li>\n<li>Carga triangular: se calcula como si la carga puntual estuviera ubicada a un tercio de la distancia, dejando mayor distancia en el lado m\u00e1s bajo del tri\u00e1ngulo, y menor en el m\u00e1s alto; y se utiliza la f\u00f3rmula F=WL2<\/li>\n<li>Carga combinada: para hacer el c\u00e1lculo es necesario seccionar la carga por zonas y calcular cada una de ellas como carga rectangular o triangular, seg\u00fan corresponda.<\/li>\n<\/ul>\"\n    }\n  },{\n    \"@type\": \"Question\",\n    \"name\": \"\u00bfCu\u00e1les son las cargas distribuidas m\u00e1s comunes?\",\n    \"acceptedAnswer\": {\n      \"@type\": \"Answer\",\n      \"text\": \"<ul>\n<li>Entrepisos<\/li>\n<li>Placa de techo<\/li>\n<li>Cargas accidentales y ambientales, como la nieve<\/li>\n<\/ul>\"\n    }\n  }]\n}\n<\/script><p>Tambi\u00e9n llamada <strong>carga lineal<\/strong>, carga repartida o carga no puntual, es la que act\u00faa de <strong>manera uniforme <\/strong>sobre un elemento estructural.<\/p>\n\n\n\n<p>Sus efectos en las estructuras son menores que los de las <a href=\"https:\/\/www.ferrovial.com\/es\/stem\/carga-puntual\/\" target=\"_blank\" rel=\"noreferrer noopener\">cargas puntuales<\/a>, por lo que <strong>generalmente no se analizan<\/strong>. Sin embargo, se utiliza el concepto de carga distribuida para el an\u00e1lisis de otro tipo de cargas, como la <a href=\"https:\/\/www.ferrovial.com\/es\/stem\/carga-viva\/\" target=\"_blank\" rel=\"noreferrer noopener\">carga viva<\/a>, por ejemplo.<\/p>\n\n\n\n<h2 class=\"wp-block-heading\"><strong>\u00bfQu\u00e9 unidad de medida se utiliza para expresar la carga distribuida?<\/strong><\/h2>\n\n\n\n<p>Para las cargas distribuidas es necesario conocer el <strong>peso de la carga<\/strong>, pero tambi\u00e9n las <strong>dimensiones de la superficie <\/strong>sobre la cual se distribuye, por lo que sus unidades de medida combinan estos dos elementos: <strong>peso\/superficie<\/strong>. Por ejemplo, puede medirse en: kilogramos\/ml, libras\/pie o toneladas\/ml.<\/p>\n\n\n\n<h2 class=\"wp-block-heading\"><strong>\u00bfQu\u00e9 tipos de cargas distribuidas existen?<\/strong><\/h2>\n\n\n\n<p>Las cargas distribuidas se clasifican <strong>seg\u00fan su forma<\/strong>; esta es <strong>relevante <\/strong>para poder calcular la carga real y sus <strong>efectos sobre la estructura<\/strong>. Para fines de c\u00e1lculo, se considera que una carga distribuida puede ser:<\/p>\n\n\n\n<ul class=\"wp-block-list\"><li><strong>Rectangular<\/strong>.<\/li><li><strong>Triangular<\/strong>.<\/li><li><strong>Combinada<\/strong> (combina secciones rectangulares y triangulares).<\/li><\/ul>\n\n\n\n<h2 class=\"wp-block-heading\"><strong>\u00bfC\u00f3mo se transforma la carga distribuida a carga puntual y para qu\u00e9?<\/strong><\/h2>\n\n\n\n<p>Cuando existe una carga distribuida, es necesario transformarla te\u00f3ricamente en carga puntual para conocer la magnitud total de la fuerza, y conocer as\u00ed las <strong>reacciones de los apoyos <\/strong>a las cargas en el <a href=\"https:\/\/www.ferrovial.com\/es\/stem\/calculo-de-estructuras\/\" target=\"_blank\" rel=\"noreferrer noopener\">an\u00e1lisis de estructuras<\/a>.<\/p>\n\n\n\n<p>Los <strong>elementos de la ecuaci\u00f3n <\/strong>que se utiliza para pasar una carga distribuida a una carga puntual son:<\/p>\n\n\n\n<p><strong>W:<\/strong> carga distribuida<\/p>\n\n\n\n<p><strong>F: <\/strong>fuerza de la carga puntual<\/p>\n\n\n\n<p><strong>L: <\/strong>distancia que recorre la carga distribuida<\/p>\n\n\n\n<p>Seg\u00fan la forma de la carga, el c\u00e1lculo de la fuerza se har\u00e1 de la siguiente manera:<\/p>\n\n\n\n<ul class=\"wp-block-list\"><li><strong>Carga rectangular: <\/strong>se calcula como si la carga puntual estuviera ubicada en el punto medio de la longitud de la estructura, y se utiliza la f\u00f3rmula F=WL<\/li><li><strong>Carga triangular: <\/strong>se calcula como si la carga puntual estuviera ubicada a un tercio de la distancia, dejando mayor distancia en el lado m\u00e1s bajo del tri\u00e1ngulo, y menor en el m\u00e1s alto; y se utiliza la f\u00f3rmula F=WL2<\/li><li><strong>Carga combinada: <\/strong>para hacer el c\u00e1lculo es necesario seccionar la carga por zonas y calcular cada una de ellas como carga rectangular o triangular, seg\u00fan corresponda.<\/li><\/ul>\n\n\n\n<h2 class=\"wp-block-heading\"><strong>\u00bfCu\u00e1les son las cargas distribuidas m\u00e1s comunes?<\/strong><\/h2>\n\n\n\n<ul class=\"wp-block-list\"><li>Entrepisos.<\/li><li>Placa de techo.<\/li><li>Cargas accidentales y ambientales, como la nieve.<\/li><\/ul>\n<\/div><\/m-wysiwig>\n","protected":false},"excerpt":{"rendered":"","protected":false},"featured_media":0,"parent":227878,"menu_order":0,"comment_status":"closed","ping_status":"closed","template":"","meta":{"_acf_changed":false,"footnotes":""},"class_list":["post-253030","page","type-page","status-publish","hentry"],"acf":[],"yoast_head":"<!-- This site is optimized with the Yoast SEO plugin v27.2 - https:\/\/yoast.com\/product\/yoast-seo-wordpress\/ -->\n<title>Carga distribuida: qu\u00e9 es, unidad de medida, tipos, c\u00f3mo se transforma<\/title>\n<meta name=\"description\" content=\"Carga distribuida, carga lineal, carga repartida o carga no puntual, es la que act\u00faa de manera uniforme sobre un elemento estructural.\" \/>\n<meta name=\"robots\" content=\"index, follow, max-snippet:-1, max-image-preview:large, max-video-preview:-1\" \/>\n<link rel=\"canonical\" href=\"https:\/\/www.ferrovial.com\/es\/stem\/carga-distribuida\/\" \/>\n<meta property=\"og:locale\" content=\"es_ES\" \/>\n<meta property=\"og:type\" content=\"article\" \/>\n<meta property=\"og:title\" content=\"Carga distribuida: qu\u00e9 es, unidad de medida, tipos, c\u00f3mo se transforma\" \/>\n<meta property=\"og:description\" content=\"Carga distribuida, carga lineal, carga repartida o carga no puntual, es la que act\u00faa de manera uniforme sobre un elemento estructural.\" \/>\n<meta property=\"og:url\" content=\"https:\/\/www.ferrovial.com\/es\/stem\/carga-distribuida\/\" \/>\n<meta property=\"og:site_name\" content=\"Ferrovial\" \/>\n<meta property=\"article:publisher\" content=\"https:\/\/www.facebook.com\/ferrovial\" \/>\n<meta property=\"article:modified_time\" content=\"2023-01-10T13:06:20+00:00\" \/>\n<meta name=\"twitter:card\" content=\"summary_large_image\" \/>\n<meta name=\"twitter:site\" content=\"@ferrovial\" \/>\n<meta name=\"twitter:label1\" content=\"Est. reading time\" \/>\n\t<meta name=\"twitter:data1\" content=\"4 minutos\" \/>\n<!-- \/ Yoast SEO plugin. -->","yoast_head_json":{"title":"Carga distribuida: qu\u00e9 es, unidad de medida, tipos, c\u00f3mo se transforma","description":"Carga distribuida, carga lineal, carga repartida o carga no puntual, es la que act\u00faa de manera uniforme sobre un elemento estructural.","robots":{"index":"index","follow":"follow","max-snippet":"max-snippet:-1","max-image-preview":"max-image-preview:large","max-video-preview":"max-video-preview:-1"},"canonical":"https:\/\/www.ferrovial.com\/es\/stem\/carga-distribuida\/","og_locale":"es_ES","og_type":"article","og_title":"Carga distribuida: qu\u00e9 es, unidad de medida, tipos, c\u00f3mo se transforma","og_description":"Carga distribuida, carga lineal, carga repartida o carga no puntual, es la que act\u00faa de manera uniforme sobre un elemento estructural.","og_url":"https:\/\/www.ferrovial.com\/es\/stem\/carga-distribuida\/","og_site_name":"Ferrovial","article_publisher":"https:\/\/www.facebook.com\/ferrovial","article_modified_time":"2023-01-10T13:06:20+00:00","twitter_card":"summary_large_image","twitter_site":"@ferrovial","twitter_misc":{"Est. reading time":"4 minutos"},"schema":{"@context":"https:\/\/schema.org","@graph":[{"@type":"WebPage","@id":"https:\/\/www.ferrovial.com\/es\/stem\/carga-distribuida\/","url":"https:\/\/www.ferrovial.com\/es\/stem\/carga-distribuida\/","name":"Carga distribuida: qu\u00e9 es, unidad de medida, tipos, c\u00f3mo se transforma","isPartOf":{"@id":"https:\/\/www.ferrovial.com\/es\/#website"},"datePublished":"2023-01-09T14:56:57+00:00","dateModified":"2023-01-10T13:06:20+00:00","description":"Carga distribuida, carga lineal, carga repartida o carga no puntual, es la que act\u00faa de manera uniforme sobre un elemento estructural.","breadcrumb":{"@id":"https:\/\/www.ferrovial.com\/es\/stem\/carga-distribuida\/#breadcrumb"},"inLanguage":"es","potentialAction":[{"@type":"ReadAction","target":["https:\/\/www.ferrovial.com\/es\/stem\/carga-distribuida\/"]}]},{"@type":"BreadcrumbList","@id":"https:\/\/www.ferrovial.com\/es\/stem\/carga-distribuida\/#breadcrumb","itemListElement":[{"@type":"ListItem","position":1,"name":"Portada","item":"https:\/\/www.ferrovial.com\/es\/"},{"@type":"ListItem","position":2,"name":"STEM","item":"https:\/\/www.ferrovial.com\/es\/stem\/"},{"@type":"ListItem","position":3,"name":"Carga distribuida"}]},{"@type":"WebSite","@id":"https:\/\/www.ferrovial.com\/es\/#website","url":"https:\/\/www.ferrovial.com\/es\/","name":"Ferrovial","description":"Welcome to the Ferrovial&#039;s website, global operator of sustainable infrastructure. Here you can find all the information about the company and subsidiaries.","publisher":{"@id":"https:\/\/www.ferrovial.com\/es\/#organization"},"potentialAction":[{"@type":"SearchAction","target":{"@type":"EntryPoint","urlTemplate":"https:\/\/www.ferrovial.com\/es\/?s={search_term_string}"},"query-input":{"@type":"PropertyValueSpecification","valueRequired":true,"valueName":"search_term_string"}}],"inLanguage":"es"},{"@type":"Organization","@id":"https:\/\/www.ferrovial.com\/es\/#organization","name":"Ferrovial S.A.","url":"https:\/\/www.ferrovial.com\/es\/","logo":{"@type":"ImageObject","inLanguage":"es","@id":"https:\/\/www.ferrovial.com\/es\/#\/schema\/logo\/image\/","url":"https:\/\/static.ferrovial.com\/wp-content\/uploads\/2020\/01\/13124948\/logo-ferrovial-cf7.png","contentUrl":"https:\/\/static.ferrovial.com\/wp-content\/uploads\/2020\/01\/13124948\/logo-ferrovial-cf7.png","width":144,"height":32,"caption":"Ferrovial S.A."},"image":{"@id":"https:\/\/www.ferrovial.com\/es\/#\/schema\/logo\/image\/"},"sameAs":["https:\/\/www.facebook.com\/ferrovial","https:\/\/x.com\/ferrovial","https:\/\/www.instagram.com\/ferrovial\/","https:\/\/www.linkedin.com\/company\/ferrovial","https:\/\/www.pinterest.es\/ferrovial\/","https:\/\/www.youtube.com\/ferrovial","https:\/\/en.wikipedia.org\/wiki\/Ferrovial"]}]}},"_links":{"self":[{"href":"https:\/\/www.ferrovial.com\/es\/wp-json\/wp\/v2\/pages\/253030","targetHints":{"allow":["GET"]}}],"collection":[{"href":"https:\/\/www.ferrovial.com\/es\/wp-json\/wp\/v2\/pages"}],"about":[{"href":"https:\/\/www.ferrovial.com\/es\/wp-json\/wp\/v2\/types\/page"}],"replies":[{"embeddable":true,"href":"https:\/\/www.ferrovial.com\/es\/wp-json\/wp\/v2\/comments?post=253030"}],"version-history":[{"count":3,"href":"https:\/\/www.ferrovial.com\/es\/wp-json\/wp\/v2\/pages\/253030\/revisions"}],"predecessor-version":[{"id":253108,"href":"https:\/\/www.ferrovial.com\/es\/wp-json\/wp\/v2\/pages\/253030\/revisions\/253108"}],"up":[{"embeddable":true,"href":"https:\/\/www.ferrovial.com\/es\/wp-json\/wp\/v2\/pages\/227878"}],"wp:attachment":[{"href":"https:\/\/www.ferrovial.com\/es\/wp-json\/wp\/v2\/media?parent=253030"}],"curies":[{"name":"wp","href":"https:\/\/api.w.org\/{rel}","templated":true}]}}