{"id":253033,"date":"2023-01-09T16:03:36","date_gmt":"2023-01-09T15:03:36","guid":{"rendered":"https:\/\/www.ferrovial.com\/?page_id=253033"},"modified":"2023-01-10T14:11:20","modified_gmt":"2023-01-10T13:11:20","slug":"carga-estatica","status":"publish","type":"page","link":"https:\/\/www.ferrovial.com\/es\/stem\/carga-estatica\/","title":{"rendered":"Carga est\u00e1tica"},"content":{"rendered":"    <m-final-content-header >\n            <c-breadcrumb label-text=\"Breadcrumb\" slot=\"breadcrumbs\" type='2' align='left' wrap='wrapped wrapped' aria-label='Vienes de STEM'>\n                        <ol>\n\n                                                            <li><a href=\"https:\/\/www.ferrovial.com\/es\/\" title=\"Ferrovial\">Ferrovial<\/a><\/li>\n                                                                        <li><a href=\"https:\/\/www.ferrovial.com\/es\/stem\/\" title=\"STEM\">STEM<\/a><\/li>\n                                    \n                <\/ol>\n\n                <\/c-breadcrumb>\n    \n        <div slot=\"header\">\n            <h1>\n                \u00bfQu\u00e9 es una carga est\u00e1tica?            <\/h1>\n                    <\/div>\n    <\/m-final-content-header>\n\n    \n\n\n<m-wysiwig class=\"wp-block-components-wysiwyg\"><div slot=\"maincontent\">\n<script type=\"application\/ld+json\">\n{\n  \"@context\": \"https:\/\/schema.org\",\n  \"@type\": \"FAQPage\",\n  \"mainEntity\": [{\n    \"@type\": \"Question\",\n    \"name\": \"\u00bfQu\u00e9 es una carga est\u00e1tica?\",\n    \"acceptedAnswer\": {\n      \"@type\": \"Answer\",\n      \"text\": \"La carga est\u00e1tica, tambi\u00e9n llamada carga fija, es aquella carga constante, que no var\u00eda en el transcurso del tiempo. Para considerar que una carga es est\u00e1tica, debe tener magnitud, direcci\u00f3n y ubicaci\u00f3n invariables.\"\n    }\n  },{\n    \"@type\": \"Question\",\n    \"name\": \"\u00bfQu\u00e9 tipos de cargas est\u00e1ticas existen?\",\n    \"acceptedAnswer\": {\n      \"@type\": \"Answer\",\n      \"text\": \"Algunas de las cargas est\u00e1ticas pueden ser:\n<ul>\n<li>Permanentes: son las cargas estructurales, o cargas muertas.<\/li>\n<li>De asentamiento: se produce cuando el peso de la estructura ocasiona el hundimiento del suelo en el que reposa. <\/li>\n<li>Accidentales: son aquellas que se derivan del uso de la estructura, as\u00ed como de las condiciones clim\u00e1ticas en las que se encuentra ubicada. Algunas de estas son:\n<ul>\n<li>Carga viva<\/li>\n<li>Cargas ambientales relativas a la lluvia o a la nieve<\/li>\n<\/ul><\/li>\n<\/ul>\nLa deformaci\u00f3n de las estructuras frente a las cargas est\u00e1ticas alcanza su c\u00e9nit cuando la fuerza est\u00e1tica es m\u00e1xima.\"\n    }\n  },{\n    \"@type\": \"Question\",\n    \"name\": \"\u00bfQu\u00e9 es la est\u00e1tica aplicada?\",\n    \"acceptedAnswer\": {\n      \"@type\": \"Answer\",\n      \"text\": \"Es la rama de la mec\u00e1nica que estudia el equilibrio de cuerpos r\u00edgidos. Esta disciplina es fundamental para el an\u00e1lisis de estructuras en la Ingenier\u00eda Civil.\"\n    }\n  },{\n    \"@type\": \"Question\",\n    \"name\": \"\u00bfCu\u00e1l es la diferencia entre una carga est\u00e1tica y una carga din\u00e1mica?\",\n    \"acceptedAnswer\": {\n      \"@type\": \"Answer\",\n      \"text\": \"Las cargas est\u00e1ticas son aquellas que se pueden considerar constantes a lo largo de la vida de una estructura, mientras que las cargas din\u00e1micas se presentan de manera repentina y sus caracter\u00edsticas var\u00edan cada vez que se presentan, incluso dentro de una misma ocurrencia.\n\nLas cargas din\u00e1micas generan sacudidas y vibraciones en las estructuras, a diferencia de las cargas est\u00e1ticas, que permanecen, o aparecen y desaparecen de forma lenta y gradual, sin variar de forma r\u00e1pida su magnitud.\n\nAlgunos ejemplos de cargas din\u00e1micas son: el efecto del viento y los movimientos s\u00edsmicos.\"\n    }\n  }]\n}\n<\/script><p>La <strong>carga est\u00e1tica<\/strong>, tambi\u00e9n llamada <strong>carga fija<\/strong>, es aquella carga <strong>constante<\/strong>, que <strong>no var\u00eda <\/strong>en el transcurso del tiempo. Para considerar que una carga es est\u00e1tica, debe tener <strong>magnitud, direcci\u00f3n y ubicaci\u00f3n invariables<\/strong>.<\/p>\n\n\n\n<h2 class=\"wp-block-heading\"><strong>\u00bfQu\u00e9 tipos de cargas est\u00e1ticas existen?<\/strong><\/h2>\n\n\n\n<p>Algunas de las cargas est\u00e1ticas pueden ser:<\/p>\n\n\n\n<ul class=\"wp-block-list\"><li><strong>Permanentes: <\/strong>son las cargas <strong>estructurales<\/strong>, o cargas <strong>muertas<\/strong>. Est\u00e1n constituidas por todos los elementos estructurales y no estructurales de un edificio; es decir, por su propio peso.<\/li><li><strong>De asentamiento: <\/strong>se produce cuando el peso de la estructura ocasiona el <strong>hundimiento del suelo <\/strong>en el que reposa. Esto puede ocasionar el asentamiento diferencial de la estructura; es decir, que exista una diferencia entre el punto de apoyo de una parte de la estructura y otra. Estas diferencias deber\u00edan ser salvadas por las <a href=\"https:\/\/www.ferrovial.com\/es\/stem\/cimentaciones\/\" target=\"_blank\" rel=\"noreferrer noopener\">cimentaciones<\/a> y no deber\u00edan ocasionar ning\u00fan problema estructural.<\/li><li><strong>Accidentales: <\/strong>son aquellas que se derivan del uso de la estructura, as\u00ed como de las condiciones clim\u00e1ticas en las que se encuentra ubicada. Algunas de estas son:<ul><li><a href=\"https:\/\/www.ferrovial.com\/es\/stem\/carga-viva\/\" target=\"_blank\" rel=\"noreferrer noopener\">Carga viva.<\/a><\/li><li>Cargas ambientales relativas a la <strong>lluvia <\/strong>y a la <strong>nieve <\/strong>(pero no al viento ni a los movimientos s\u00edsmicos, que se consideran cargas din\u00e1micas).<\/li><\/ul><\/li><\/ul>\n\n\n\n<p>La <strong>deformaci\u00f3n <\/strong>de las estructuras frente a las cargas est\u00e1ticas alcanza su c\u00e9nit cuando la <strong>fuerza est\u00e1tica es m\u00e1xima<\/strong>.<\/p>\n\n\n\n<h2 class=\"wp-block-heading\"><strong>\u00bfQu\u00e9 es la est\u00e1tica aplicada?<\/strong><\/h2>\n\n\n\n<p>Es la rama de la <strong>mec\u00e1nica<\/strong> que estudia el <strong>equilibrio de cuerpos r\u00edgidos<\/strong>. Esta disciplina es fundamental para el <a href=\"https:\/\/www.ferrovial.com\/es\/stem\/calculo-de-estructuras\/\" target=\"_blank\" rel=\"noreferrer noopener\">an\u00e1lisis de estructuras<\/a> en la <a href=\"https:\/\/www.ferrovial.com\/es-es\/negocio\/construccion\/\" target=\"_blank\" rel=\"noreferrer noopener\">Ingenier\u00eda Civil<\/a>.<\/p>\n\n\n\n<h2 class=\"wp-block-heading\"><strong>\u00bfCu\u00e1l es la diferencia entre una carga est\u00e1tica y una carga din\u00e1mica?<\/strong><\/h2>\n\n\n\n<p>Las cargas est\u00e1ticas son aquellas que <strong>se pueden considerar constantes<\/strong> a lo largo de la vida de una estructura, mientras que las <strong>cargas din\u00e1micas <\/strong>se presentan de manera <strong>repentina y sus caracter\u00edsticas var\u00edan <\/strong>cada vez que se presentan, incluso dentro de una misma ocurrencia.<\/p>\n\n\n\n<p>Las <strong>cargas din\u00e1micas <\/strong>generan <strong>sacudidas y vibraciones <\/strong>en las estructuras, a diferencia de las <strong>cargas est\u00e1ticas<\/strong>, que permanecen, o aparecen y desaparecen de forma lenta y gradual, sin variar de forma r\u00e1pida su magnitud.<\/p>\n\n\n\n<p>Algunos ejemplos de <strong>cargas din\u00e1micas<\/strong> son: el efecto del <strong>viento <\/strong>y los <strong>movimientos s\u00edsmicos<\/strong>.<\/p>\n<\/div><\/m-wysiwig>\n","protected":false},"excerpt":{"rendered":"","protected":false},"featured_media":0,"parent":227878,"menu_order":0,"comment_status":"closed","ping_status":"closed","template":"","meta":{"_acf_changed":false,"footnotes":""},"class_list":["post-253033","page","type-page","status-publish","hentry"],"acf":[],"yoast_head":"<!-- This site is optimized with the Yoast SEO plugin v27.2 - https:\/\/yoast.com\/product\/yoast-seo-wordpress\/ -->\n<title>Carga est\u00e1tica: qu\u00e9 es, tipos, diferencia con carga din\u00e1mica - Ferrovial<\/title>\n<meta name=\"description\" content=\"La carga est\u00e1tica, tambi\u00e9n llamada carga fija, es aquella carga constante, que no var\u00eda en el transcurso del tiempo. Para considerar que una carga es est\u00e1tica, debe tener magnitud, direcci\u00f3n y ubicaci\u00f3n invariables.\" \/>\n<meta name=\"robots\" content=\"index, follow, max-snippet:-1, max-image-preview:large, max-video-preview:-1\" \/>\n<link rel=\"canonical\" href=\"https:\/\/www.ferrovial.com\/es\/stem\/carga-estatica\/\" \/>\n<meta property=\"og:locale\" content=\"es_ES\" \/>\n<meta property=\"og:type\" content=\"article\" \/>\n<meta property=\"og:title\" content=\"Carga est\u00e1tica: qu\u00e9 es, tipos, diferencia con carga din\u00e1mica - Ferrovial\" \/>\n<meta property=\"og:description\" content=\"La carga est\u00e1tica, tambi\u00e9n llamada carga fija, es aquella carga constante, que no var\u00eda en el transcurso del tiempo. Para considerar que una carga es est\u00e1tica, debe tener magnitud, direcci\u00f3n y ubicaci\u00f3n invariables.\" \/>\n<meta property=\"og:url\" content=\"https:\/\/www.ferrovial.com\/es\/stem\/carga-estatica\/\" \/>\n<meta property=\"og:site_name\" content=\"Ferrovial\" \/>\n<meta property=\"article:publisher\" content=\"https:\/\/www.facebook.com\/ferrovial\" \/>\n<meta property=\"article:modified_time\" content=\"2023-01-10T13:11:20+00:00\" \/>\n<meta name=\"twitter:card\" content=\"summary_large_image\" \/>\n<meta name=\"twitter:site\" content=\"@ferrovial\" \/>\n<meta name=\"twitter:label1\" content=\"Est. reading time\" \/>\n\t<meta name=\"twitter:data1\" content=\"4 minutos\" \/>\n<!-- \/ Yoast SEO plugin. -->","yoast_head_json":{"title":"Carga est\u00e1tica: qu\u00e9 es, tipos, diferencia con carga din\u00e1mica - Ferrovial","description":"La carga est\u00e1tica, tambi\u00e9n llamada carga fija, es aquella carga constante, que no var\u00eda en el transcurso del tiempo. Para considerar que una carga es est\u00e1tica, debe tener magnitud, direcci\u00f3n y ubicaci\u00f3n invariables.","robots":{"index":"index","follow":"follow","max-snippet":"max-snippet:-1","max-image-preview":"max-image-preview:large","max-video-preview":"max-video-preview:-1"},"canonical":"https:\/\/www.ferrovial.com\/es\/stem\/carga-estatica\/","og_locale":"es_ES","og_type":"article","og_title":"Carga est\u00e1tica: qu\u00e9 es, tipos, diferencia con carga din\u00e1mica - Ferrovial","og_description":"La carga est\u00e1tica, tambi\u00e9n llamada carga fija, es aquella carga constante, que no var\u00eda en el transcurso del tiempo. Para considerar que una carga es est\u00e1tica, debe tener magnitud, direcci\u00f3n y ubicaci\u00f3n invariables.","og_url":"https:\/\/www.ferrovial.com\/es\/stem\/carga-estatica\/","og_site_name":"Ferrovial","article_publisher":"https:\/\/www.facebook.com\/ferrovial","article_modified_time":"2023-01-10T13:11:20+00:00","twitter_card":"summary_large_image","twitter_site":"@ferrovial","twitter_misc":{"Est. reading time":"4 minutos"},"schema":{"@context":"https:\/\/schema.org","@graph":[{"@type":"WebPage","@id":"https:\/\/www.ferrovial.com\/es\/stem\/carga-estatica\/","url":"https:\/\/www.ferrovial.com\/es\/stem\/carga-estatica\/","name":"Carga est\u00e1tica: qu\u00e9 es, tipos, diferencia con carga din\u00e1mica - Ferrovial","isPartOf":{"@id":"https:\/\/www.ferrovial.com\/es\/#website"},"datePublished":"2023-01-09T15:03:36+00:00","dateModified":"2023-01-10T13:11:20+00:00","description":"La carga est\u00e1tica, tambi\u00e9n llamada carga fija, es aquella carga constante, que no var\u00eda en el transcurso del tiempo. Para considerar que una carga es est\u00e1tica, debe tener magnitud, direcci\u00f3n y ubicaci\u00f3n invariables.","breadcrumb":{"@id":"https:\/\/www.ferrovial.com\/es\/stem\/carga-estatica\/#breadcrumb"},"inLanguage":"es","potentialAction":[{"@type":"ReadAction","target":["https:\/\/www.ferrovial.com\/es\/stem\/carga-estatica\/"]}]},{"@type":"BreadcrumbList","@id":"https:\/\/www.ferrovial.com\/es\/stem\/carga-estatica\/#breadcrumb","itemListElement":[{"@type":"ListItem","position":1,"name":"Portada","item":"https:\/\/www.ferrovial.com\/es\/"},{"@type":"ListItem","position":2,"name":"STEM","item":"https:\/\/www.ferrovial.com\/es\/stem\/"},{"@type":"ListItem","position":3,"name":"Carga est\u00e1tica"}]},{"@type":"WebSite","@id":"https:\/\/www.ferrovial.com\/es\/#website","url":"https:\/\/www.ferrovial.com\/es\/","name":"Ferrovial","description":"Welcome to the Ferrovial&#039;s website, global operator of sustainable infrastructure. Here you can find all the information about the company and subsidiaries.","publisher":{"@id":"https:\/\/www.ferrovial.com\/es\/#organization"},"potentialAction":[{"@type":"SearchAction","target":{"@type":"EntryPoint","urlTemplate":"https:\/\/www.ferrovial.com\/es\/?s={search_term_string}"},"query-input":{"@type":"PropertyValueSpecification","valueRequired":true,"valueName":"search_term_string"}}],"inLanguage":"es"},{"@type":"Organization","@id":"https:\/\/www.ferrovial.com\/es\/#organization","name":"Ferrovial S.A.","url":"https:\/\/www.ferrovial.com\/es\/","logo":{"@type":"ImageObject","inLanguage":"es","@id":"https:\/\/www.ferrovial.com\/es\/#\/schema\/logo\/image\/","url":"https:\/\/static.ferrovial.com\/wp-content\/uploads\/2020\/01\/13124948\/logo-ferrovial-cf7.png","contentUrl":"https:\/\/static.ferrovial.com\/wp-content\/uploads\/2020\/01\/13124948\/logo-ferrovial-cf7.png","width":144,"height":32,"caption":"Ferrovial S.A."},"image":{"@id":"https:\/\/www.ferrovial.com\/es\/#\/schema\/logo\/image\/"},"sameAs":["https:\/\/www.facebook.com\/ferrovial","https:\/\/x.com\/ferrovial","https:\/\/www.instagram.com\/ferrovial\/","https:\/\/www.linkedin.com\/company\/ferrovial","https:\/\/www.pinterest.es\/ferrovial\/","https:\/\/www.youtube.com\/ferrovial","https:\/\/en.wikipedia.org\/wiki\/Ferrovial"]}]}},"_links":{"self":[{"href":"https:\/\/www.ferrovial.com\/es\/wp-json\/wp\/v2\/pages\/253033","targetHints":{"allow":["GET"]}}],"collection":[{"href":"https:\/\/www.ferrovial.com\/es\/wp-json\/wp\/v2\/pages"}],"about":[{"href":"https:\/\/www.ferrovial.com\/es\/wp-json\/wp\/v2\/types\/page"}],"replies":[{"embeddable":true,"href":"https:\/\/www.ferrovial.com\/es\/wp-json\/wp\/v2\/comments?post=253033"}],"version-history":[{"count":2,"href":"https:\/\/www.ferrovial.com\/es\/wp-json\/wp\/v2\/pages\/253033\/revisions"}],"predecessor-version":[{"id":253109,"href":"https:\/\/www.ferrovial.com\/es\/wp-json\/wp\/v2\/pages\/253033\/revisions\/253109"}],"up":[{"embeddable":true,"href":"https:\/\/www.ferrovial.com\/es\/wp-json\/wp\/v2\/pages\/227878"}],"wp:attachment":[{"href":"https:\/\/www.ferrovial.com\/es\/wp-json\/wp\/v2\/media?parent=253033"}],"curies":[{"name":"wp","href":"https:\/\/api.w.org\/{rel}","templated":true}]}}