{"id":253035,"date":"2023-01-09T16:14:30","date_gmt":"2023-01-09T15:14:30","guid":{"rendered":"https:\/\/www.ferrovial.com\/?page_id=253035"},"modified":"2024-09-10T14:42:13","modified_gmt":"2024-09-10T12:42:13","slug":"linea-de-transmision","status":"publish","type":"page","link":"https:\/\/www.ferrovial.com\/es\/stem\/linea-de-transmision\/","title":{"rendered":"L\u00ednea de transmisi\u00f3n"},"content":{"rendered":"    <m-final-content-header >\n            <c-breadcrumb label-text=\"Breadcrumb\" slot=\"breadcrumbs\" type='2' align='left' wrap='wrapped wrapped' aria-label='Vienes de STEM'>\n                        <ol>\n\n                                                            <li><a href=\"https:\/\/www.ferrovial.com\/es\/\" title=\"Ferrovial\">Ferrovial<\/a><\/li>\n                                                                        <li><a href=\"https:\/\/www.ferrovial.com\/es\/stem\/\" title=\"STEM\">STEM<\/a><\/li>\n                                    \n                <\/ol>\n\n                <\/c-breadcrumb>\n    \n        <div slot=\"header\">\n            <h1>\n                \u00bfQu\u00e9 es una l\u00ednea de transmisi\u00f3n el\u00e9ctrica?            <\/h1>\n                    <\/div>\n    <\/m-final-content-header>\n\n    \n\n\n<m-wysiwig class=\"wp-block-components-wysiwyg\"><div slot=\"maincontent\">\n<p>Una l\u00ednea de transmisi\u00f3n es el\u00a0<strong>canal o medio por el cual ocurre la transmisi\u00f3n y\u00a0<\/strong><a href=\"https:\/\/www.ferrovial.com\/es\/stem\/distribucion-electrica\/\" target=\"_blank\" rel=\"noreferrer noopener\"><strong>distribuci\u00f3n de energ\u00eda el\u00e9ctrica<\/strong><\/a><strong>.<\/strong>\u00a0Se trata de una\u00a0<strong>estructura met\u00e1lica<\/strong>\u00a0que funciona como\u00a0<strong>soporte de conductores el\u00e9ctricos<\/strong>\u00a0por donde se transmite, a grandes distancias, la energ\u00eda.<\/p>\n\n\n\n<p><strong>Las l\u00edneas de transmisi\u00f3n el\u00e9ctrica son de <\/strong><a href=\"https:\/\/www.ferrovial.com\/es\/stem\/alta-tension-electrica\/\" target=\"_blank\" rel=\"noreferrer noopener\"><strong>alta tensi\u00f3n<\/strong><\/a> y, junto con las subestaciones, constituyen la red de transporte el\u00e9ctrico. En ellas, el abastecimiento de energ\u00eda sigue siendo posible aunque se produzca alguna incidencia en el proceso de transmisi\u00f3n, ya que la energ\u00eda <strong>puede llegar desde otra l\u00ednea con la que el sistema est\u00e1 interconectado.\u00a0<\/strong><\/p>\n\n\n\n<h2 class=\"wp-block-heading\"><strong>\u00bfQu\u00e9 elementos componen una l\u00ednea de transmisi\u00f3n?<\/strong><\/h2>\n\n\n\n<ol class=\"wp-block-list\">\n<li><a href=\"https:\/\/www.ferrovial.com\/es\/recursos\/materiales-conductores\/\" target=\"_blank\" rel=\"noreferrer noopener\"><strong>Conductores<\/strong><\/a><strong>:<\/strong> materiales que sirven como medio de transporte de la energ\u00eda, desde el inicio hasta el final de la l\u00ednea. Presentan poca resistencia al movimiento de energ\u00eda para que esta pueda circular sin dificultad. En una l\u00ednea de transmisi\u00f3n, el n\u00famero de conductores depender\u00e1 de la cantidad de circuitos por fase. Suele utilizarse el cobre, aunque con el paso del tiempo ha sido sustituido por el, dada su ligereza y misma capacidad de resistencia.<\/li>\n\n\n\n<li><strong>Estructuras de soporte:<\/strong> generalmente se trata de <a href=\"https:\/\/www.ferrovial.com\/es\/stem\/estructura-reticular\/\" target=\"_blank\" rel=\"noreferrer noopener\">estructuras reticulares<\/a> que soportan las l\u00edneas a\u00e9reas y <a href=\"https:\/\/www.ferrovial.com\/es\/stem\/cables-y-cableado\/\" target=\"_blank\" rel=\"noreferrer noopener\">cables<\/a> de una l\u00ednea de transmisi\u00f3n el\u00e9ctrica.<\/li>\n\n\n\n<li><strong>Aisladores:<\/strong> son los elementos que sujetan mec\u00e1nicamente a los conductores, manteni\u00e9ndolos aislados entre ellos y la tierra.&nbsp;<\/li>\n\n\n\n<li><strong>Cables de guarda o cables de tierra: <\/strong>se utilizan en las l\u00edneas de alta tensi\u00f3n para proteger el resto de conductores frente a posibles incidencias atmosf\u00e9ricas, como la ca\u00edda de rayos.&nbsp;<\/li>\n<\/ol>\n\n\n\n<h2 class=\"wp-block-heading\"><strong>\u00bfQu\u00e9 caracter\u00edsticas tiene una l\u00ednea de transmisi\u00f3n?<\/strong><\/h2>\n\n\n\n<p>Toda l\u00ednea de transmisi\u00f3n cuenta con elementos que afectan la capacidad de transmisi\u00f3n del sistema el\u00e9ctrico, tales como:&nbsp;<\/p>\n\n\n\n<ol class=\"wp-block-list\">\n<li><strong>Resistencia (R):<\/strong> es la oposici\u00f3n al paso de una <a href=\"https:\/\/www.ferrovial.com\/es\/stem\/corriente-electrica\/\" target=\"_blank\" rel=\"noreferrer noopener\">corriente el\u00e9ctrica<\/a>. En una l\u00ednea de transmisi\u00f3n, la resistencia es del material frente al paso de las se\u00f1ales electromagn\u00e9ticas.&nbsp;<\/li>\n\n\n\n<li><strong>Inductancia en serie (L):<\/strong> es la oposici\u00f3n al cambio de corriente de una bobina, que almacena la energ\u00eda el\u00e9ctrica dentro del campo electromagn\u00e9tico, afectando la parte superficial de la l\u00ednea de transmisi\u00f3n.&nbsp;<\/li>\n\n\n\n<li><strong>Capacitancia de derivaci\u00f3n (C): <\/strong>se trata de la capacidad de la l\u00ednea de transmisi\u00f3n para recibir y almacenar energ\u00eda durante su paso por ella.&nbsp;<\/li>\n\n\n\n<li><strong>Conductancia de derivaci\u00f3n (G): <\/strong>es la capacidad del material empleado en la l\u00ednea de transmisi\u00f3n para soportar el paso de la se\u00f1al. Esta propiedad es lo opuesto a la resistencia.<\/li>\n<\/ol>\n\n\n\n<p>La resistencia y la inductancia en serie ocurren a lo largo de la l\u00ednea de transmisi\u00f3n, mientras que la capacitancia y la conductancia de derivaci\u00f3n ocurren entre los conductores.&nbsp;<\/p>\n\n\n\n<h2 class=\"wp-block-heading\"><strong>\u00bfCu\u00e1les son los tipos de l\u00edneas de transmisi\u00f3n?<\/strong><\/h2>\n\n\n\n<p>Las l\u00edneas de transmisi\u00f3n pueden clasificarse en dos <strong>seg\u00fan su equilibrio el\u00e9ctrico:<\/strong><\/p>\n\n\n\n<ul class=\"wp-block-list\">\n<li><strong>Balanceadas: <\/strong>aquellas en las que cada conductor lleva una corriente, una de transmisi\u00f3n de se\u00f1al y otra de regreso. La se\u00f1al que va a lo largo del cable se mide como<strong> la diferencia de potencial entre los conductores.<\/strong> Todo cable puede operar de forma balanceada siempre y cuando ninguno de ellos est\u00e9 conectado a tierra.<\/li>\n\n\n\n<li><strong>Desbalanceadas: <\/strong>uno de los conductores est\u00e1 vinculado a tierra, por lo que es lo opuesto al modelo anterior. Mientras uno se encuentra en el potencial de tierra, el otro est\u00e1 en el potencial de la se\u00f1al.<\/li>\n<\/ul>\n\n\n\n<p><strong>Seg\u00fan la geometr\u00eda de sus cables<\/strong>, las l\u00edneas de transmisi\u00f3n pueden clasificarse como:<\/p>\n\n\n\n<ul class=\"wp-block-list\">\n<li><strong>Unifilares:<\/strong> se trata de una \u00fanica l\u00ednea en la que se incluyen todos los conductores de un tramo el\u00e9ctrico.&nbsp;<\/li>\n\n\n\n<li><strong>Bifilares:<\/strong> l\u00ednea de transmisi\u00f3n en la que la distancia entre conductores paralelos es posible gracias a un material aislante de baja conductividad el\u00e9ctrica.<\/li>\n\n\n\n<li><strong>Coaxiales:<\/strong> permiten transportar se\u00f1ales el\u00e9ctricas de alta frecuencia entre conductores conc\u00e9ntricos: uno central, encargado de llevar la se\u00f1al, y uno exterior, a modo de tubo, que sirve como referencia de tierra y retorno de corriente.<\/li>\n\n\n\n<li><strong>Cables radiantes:<\/strong> son cables coaxiales con peque\u00f1as ranuras transversales en el conductor externo que permiten irradiar energ\u00eda fuera del cable, funcionando como antena en el recorrido de la corriente el\u00e9ctrica.&nbsp;<\/li>\n<\/ul>\n<\/div><\/m-wysiwig>\n","protected":false},"excerpt":{"rendered":"","protected":false},"featured_media":0,"parent":227878,"menu_order":0,"comment_status":"closed","ping_status":"closed","template":"","meta":{"_acf_changed":false,"footnotes":""},"class_list":["post-253035","page","type-page","status-publish","hentry"],"acf":[],"yoast_head":"<!-- This site is optimized with the Yoast SEO plugin v27.2 - https:\/\/yoast.com\/product\/yoast-seo-wordpress\/ -->\n<title>L\u00ednea de transmisi\u00f3n, qu\u00e9 es, caracter\u00edsticas y tipos - Ferrovial<\/title>\n<meta name=\"description\" content=\"Una l\u00ednea de transmisi\u00f3n es el canal o medio por el cual ocurre la transmisi\u00f3n y distribuci\u00f3n de energ\u00eda el\u00e9ctrica. Se trata de una estructura met\u00e1lica que funciona como soporte de conductores el\u00e9ctricos por donde se transmite, a grandes distancias, la energ\u00eda.\u00a0\" \/>\n<meta name=\"robots\" content=\"index, follow, max-snippet:-1, max-image-preview:large, max-video-preview:-1\" \/>\n<link rel=\"canonical\" href=\"https:\/\/www.ferrovial.com\/es\/stem\/linea-de-transmision\/\" \/>\n<meta property=\"og:locale\" content=\"es_ES\" \/>\n<meta property=\"og:type\" content=\"article\" \/>\n<meta property=\"og:title\" content=\"L\u00ednea de transmisi\u00f3n, qu\u00e9 es, caracter\u00edsticas y tipos - Ferrovial\" \/>\n<meta property=\"og:description\" content=\"Una l\u00ednea de transmisi\u00f3n es el canal o medio por el cual ocurre la transmisi\u00f3n y distribuci\u00f3n de energ\u00eda el\u00e9ctrica. Se trata de una estructura met\u00e1lica que funciona como soporte de conductores el\u00e9ctricos por donde se transmite, a grandes distancias, la energ\u00eda.\u00a0\" \/>\n<meta property=\"og:url\" content=\"https:\/\/www.ferrovial.com\/es\/stem\/linea-de-transmision\/\" \/>\n<meta property=\"og:site_name\" content=\"Ferrovial\" \/>\n<meta property=\"article:publisher\" content=\"https:\/\/www.facebook.com\/ferrovial\" \/>\n<meta property=\"article:modified_time\" content=\"2024-09-10T12:42:13+00:00\" \/>\n<meta name=\"twitter:card\" content=\"summary_large_image\" \/>\n<meta name=\"twitter:site\" content=\"@ferrovial\" \/>\n<meta name=\"twitter:label1\" content=\"Est. reading time\" \/>\n\t<meta name=\"twitter:data1\" content=\"3 minutos\" \/>\n<!-- \/ Yoast SEO plugin. -->","yoast_head_json":{"title":"L\u00ednea de transmisi\u00f3n, qu\u00e9 es, caracter\u00edsticas y tipos - Ferrovial","description":"Una l\u00ednea de transmisi\u00f3n es el canal o medio por el cual ocurre la transmisi\u00f3n y distribuci\u00f3n de energ\u00eda el\u00e9ctrica. Se trata de una estructura met\u00e1lica que funciona como soporte de conductores el\u00e9ctricos por donde se transmite, a grandes distancias, la energ\u00eda.\u00a0","robots":{"index":"index","follow":"follow","max-snippet":"max-snippet:-1","max-image-preview":"max-image-preview:large","max-video-preview":"max-video-preview:-1"},"canonical":"https:\/\/www.ferrovial.com\/es\/stem\/linea-de-transmision\/","og_locale":"es_ES","og_type":"article","og_title":"L\u00ednea de transmisi\u00f3n, qu\u00e9 es, caracter\u00edsticas y tipos - Ferrovial","og_description":"Una l\u00ednea de transmisi\u00f3n es el canal o medio por el cual ocurre la transmisi\u00f3n y distribuci\u00f3n de energ\u00eda el\u00e9ctrica. Se trata de una estructura met\u00e1lica que funciona como soporte de conductores el\u00e9ctricos por donde se transmite, a grandes distancias, la energ\u00eda.\u00a0","og_url":"https:\/\/www.ferrovial.com\/es\/stem\/linea-de-transmision\/","og_site_name":"Ferrovial","article_publisher":"https:\/\/www.facebook.com\/ferrovial","article_modified_time":"2024-09-10T12:42:13+00:00","twitter_card":"summary_large_image","twitter_site":"@ferrovial","twitter_misc":{"Est. reading time":"3 minutos"},"schema":{"@context":"https:\/\/schema.org","@graph":[{"@type":"WebPage","@id":"https:\/\/www.ferrovial.com\/es\/stem\/linea-de-transmision\/","url":"https:\/\/www.ferrovial.com\/es\/stem\/linea-de-transmision\/","name":"L\u00ednea de transmisi\u00f3n, qu\u00e9 es, caracter\u00edsticas y tipos - Ferrovial","isPartOf":{"@id":"https:\/\/www.ferrovial.com\/es\/#website"},"datePublished":"2023-01-09T15:14:30+00:00","dateModified":"2024-09-10T12:42:13+00:00","description":"Una l\u00ednea de transmisi\u00f3n es el canal o medio por el cual ocurre la transmisi\u00f3n y distribuci\u00f3n de energ\u00eda el\u00e9ctrica. Se trata de una estructura met\u00e1lica que funciona como soporte de conductores el\u00e9ctricos por donde se transmite, a grandes distancias, la energ\u00eda.\u00a0","breadcrumb":{"@id":"https:\/\/www.ferrovial.com\/es\/stem\/linea-de-transmision\/#breadcrumb"},"inLanguage":"es","potentialAction":[{"@type":"ReadAction","target":["https:\/\/www.ferrovial.com\/es\/stem\/linea-de-transmision\/"]}]},{"@type":"BreadcrumbList","@id":"https:\/\/www.ferrovial.com\/es\/stem\/linea-de-transmision\/#breadcrumb","itemListElement":[{"@type":"ListItem","position":1,"name":"Portada","item":"https:\/\/www.ferrovial.com\/es\/"},{"@type":"ListItem","position":2,"name":"STEM","item":"https:\/\/www.ferrovial.com\/es\/stem\/"},{"@type":"ListItem","position":3,"name":"L\u00ednea de transmisi\u00f3n"}]},{"@type":"WebSite","@id":"https:\/\/www.ferrovial.com\/es\/#website","url":"https:\/\/www.ferrovial.com\/es\/","name":"Ferrovial","description":"Welcome to the Ferrovial&#039;s website, global operator of sustainable infrastructure. Here you can find all the information about the company and subsidiaries.","publisher":{"@id":"https:\/\/www.ferrovial.com\/es\/#organization"},"potentialAction":[{"@type":"SearchAction","target":{"@type":"EntryPoint","urlTemplate":"https:\/\/www.ferrovial.com\/es\/?s={search_term_string}"},"query-input":{"@type":"PropertyValueSpecification","valueRequired":true,"valueName":"search_term_string"}}],"inLanguage":"es"},{"@type":"Organization","@id":"https:\/\/www.ferrovial.com\/es\/#organization","name":"Ferrovial S.A.","url":"https:\/\/www.ferrovial.com\/es\/","logo":{"@type":"ImageObject","inLanguage":"es","@id":"https:\/\/www.ferrovial.com\/es\/#\/schema\/logo\/image\/","url":"https:\/\/static.ferrovial.com\/wp-content\/uploads\/2020\/01\/13124948\/logo-ferrovial-cf7.png","contentUrl":"https:\/\/static.ferrovial.com\/wp-content\/uploads\/2020\/01\/13124948\/logo-ferrovial-cf7.png","width":144,"height":32,"caption":"Ferrovial S.A."},"image":{"@id":"https:\/\/www.ferrovial.com\/es\/#\/schema\/logo\/image\/"},"sameAs":["https:\/\/www.facebook.com\/ferrovial","https:\/\/x.com\/ferrovial","https:\/\/www.instagram.com\/ferrovial\/","https:\/\/www.linkedin.com\/company\/ferrovial","https:\/\/www.pinterest.es\/ferrovial\/","https:\/\/www.youtube.com\/ferrovial","https:\/\/en.wikipedia.org\/wiki\/Ferrovial"]}]}},"_links":{"self":[{"href":"https:\/\/www.ferrovial.com\/es\/wp-json\/wp\/v2\/pages\/253035","targetHints":{"allow":["GET"]}}],"collection":[{"href":"https:\/\/www.ferrovial.com\/es\/wp-json\/wp\/v2\/pages"}],"about":[{"href":"https:\/\/www.ferrovial.com\/es\/wp-json\/wp\/v2\/types\/page"}],"replies":[{"embeddable":true,"href":"https:\/\/www.ferrovial.com\/es\/wp-json\/wp\/v2\/comments?post=253035"}],"version-history":[{"count":3,"href":"https:\/\/www.ferrovial.com\/es\/wp-json\/wp\/v2\/pages\/253035\/revisions"}],"predecessor-version":[{"id":287934,"href":"https:\/\/www.ferrovial.com\/es\/wp-json\/wp\/v2\/pages\/253035\/revisions\/287934"}],"up":[{"embeddable":true,"href":"https:\/\/www.ferrovial.com\/es\/wp-json\/wp\/v2\/pages\/227878"}],"wp:attachment":[{"href":"https:\/\/www.ferrovial.com\/es\/wp-json\/wp\/v2\/media?parent=253035"}],"curies":[{"name":"wp","href":"https:\/\/api.w.org\/{rel}","templated":true}]}}