{"id":253038,"date":"2023-01-09T16:21:49","date_gmt":"2023-01-09T15:21:49","guid":{"rendered":"https:\/\/www.ferrovial.com\/?page_id=253038"},"modified":"2023-01-10T14:24:30","modified_gmt":"2023-01-10T13:24:30","slug":"condensadora","status":"publish","type":"page","link":"https:\/\/www.ferrovial.com\/es\/stem\/condensadora\/","title":{"rendered":"Condensadora"},"content":{"rendered":"    <m-final-content-header >\n            <c-breadcrumb label-text=\"Breadcrumb\" slot=\"breadcrumbs\" type='2' align='left' wrap='wrapped wrapped' aria-label='Vienes de STEM'>\n                        <ol>\n\n                                                            <li><a href=\"https:\/\/www.ferrovial.com\/es\/\" title=\"Ferrovial\">Ferrovial<\/a><\/li>\n                                                                        <li><a href=\"https:\/\/www.ferrovial.com\/es\/stem\/\" title=\"STEM\">STEM<\/a><\/li>\n                                    \n                <\/ol>\n\n                <\/c-breadcrumb>\n    \n        <div slot=\"header\">\n            <h1>\n                \u00bfQu\u00e9 es una condensadora?            <\/h1>\n                    <\/div>\n    <\/m-final-content-header>\n\n    \n\n\n<m-wysiwig class=\"wp-block-components-wysiwyg\"><div slot=\"maincontent\">\n<script type=\"application\/ld+json\">\n{\n  \"@context\": \"https:\/\/schema.org\",\n  \"@type\": \"FAQPage\",\n  \"mainEntity\": [{\n    \"@type\": \"Question\",\n    \"name\": \"\u00bfQu\u00e9 es una condensadora?\",\n    \"acceptedAnswer\": {\n      \"@type\": \"Answer\",\n      \"text\": \"Una unidad condensadora (CDU, por sus siglas en ingl\u00e9s) es un aparato que se usa en los sistemas de refrigeraci\u00f3n para condensar y llevar de estado gaseoso a l\u00edquido la sustancia refrigerante que circula en su interior. \nEn los sistemas de aire acondicionado, la unidad condensadora es una de las tres estaciones fundamentales del sistema de enfriamiento y se encuentra, normalmente, fuera del recinto a enfriar.\"\n    }\n  },{\n    \"@type\": \"Question\",\n    \"name\": \"\u00bfCu\u00e1l es la funci\u00f3n de una condensadora?\",\n    \"acceptedAnswer\": {\n      \"@type\": \"Answer\",\n      \"text\": \"Reducir la temperatura del refrigerante que ha llegado a estado gaseoso, llev\u00e1ndolo de vuelta a estado l\u00edquido, para hacerlo recircular en el sistema de refrigeraci\u00f3n.\"\n    }\n  },{\n    \"@type\": \"Question\",\n    \"name\": \"\u00bfQu\u00e9 aplicaciones tiene una condensadora?\",\n    \"acceptedAnswer\": {\n      \"@type\": \"Answer\",\n      \"text\": \"Las CDU se presentan en una incre\u00edble variedad de tama\u00f1os y dise\u00f1os tan heterog\u00e9nea como sus aplicaciones. Las hay de tama\u00f1o industrial para centrales el\u00e9ctricas con turbinas de vapor, pasando por sistemas de refrigeraci\u00f3n de la industria alimenticia y laboratorios qu\u00edmicos, hasta refrigeradores y aires acondicionados dom\u00e9sticos.\"\n    }\n  },{\n    \"@type\": \"Question\",\n    \"name\": \"\u00bfC\u00f3mo funciona una condensadora?\",\n    \"acceptedAnswer\": {\n      \"@type\": \"Answer\",\n      \"text\": \"En general, las unidades de condensaci\u00f3n cuentan con:\n<ul>\n<li>Una bobina o tuber\u00eda serpenteada por donde debe pasar el gas a condensar.<\/li>\n<li>Un ventilador que sopla aire por fuera y ayuda a disipar el calor de la tuber\u00eda.<\/li>\n<li>Un compresor que mantiene el refrigerante de la tuber\u00eda en movimiento.<\/li>\n<\/ul>\nEste ciclo es el que permite que el gas baje su temperatura y regrese a estado l\u00edquido para volver a circular.\"\n    }\n  },{\n    \"@type\": \"Question\",\n    \"name\": \"\u00bfQu\u00e9 otras condensadoras existen?\",\n    \"acceptedAnswer\": {\n      \"@type\": \"Answer\",\n      \"text\": \"Otras t\u00edpicas unidades de condensaci\u00f3n son las superficies de condensaci\u00f3n de plantas de vapor. En los sistemas de vapor, se calienta agua hasta hacerla hervir; la presi\u00f3n de ese gas caliente se usa para mover turbinas y generar energ\u00eda; y el condensador recupera el agua para volverla a llevar al ciclo. Sin el uso de la condensadora, el desperdicio de vapor ser\u00eda tal que la tecnolog\u00eda resultar\u00eda inviable.\nDe igual manera, y visto de una forma muy esencial, un alambique es tambi\u00e9n una herramienta condensadora que permite destilar una sustancia, sometiendo a la misma a calentamiento y volatilizaci\u00f3n, y haci\u00e9ndola pasar por un conducto, generalmente en forma de bobina, que permite que el gas vuelva a bajar a temperatura de condensaci\u00f3n.\"\n    }\n  }]\n}\n<\/script><p>Una unidad condensadora (<strong>CDU<\/strong>, por sus siglas en ingl\u00e9s) es un aparato que se usa en los <strong>sistemas de refrigeraci\u00f3n para condensar y llevar de estado gaseoso a l\u00edquido <\/strong>la sustancia refrigerante que circula en su interior.&nbsp;<\/p>\n\n\n\n<p>En los <strong>sistemas de aire acondicionado<\/strong>, la unidad condensadora es una de las tres estaciones fundamentales del sistema de enfriamiento y se encuentra, normalmente, fuera del recinto a enfriar.<\/p>\n\n\n\n<h2 class=\"wp-block-heading\"><strong>\u00bfCu\u00e1l es la funci\u00f3n de una condensadora?<\/strong><\/h2>\n\n\n\n<p><strong>Reducir la temperatura del refrigerante<\/strong> que ha llegado a estado gaseoso, llev\u00e1ndolo de vuelta a estado l\u00edquido, para hacerlo recircular en el sistema de refrigeraci\u00f3n.<\/p>\n\n\n\n<h2 class=\"wp-block-heading\"><strong>\u00bfQu\u00e9 aplicaciones tiene una condensadora?<\/strong><\/h2>\n\n\n\n<p>Las CDU se presentan en una incre\u00edble variedad de tama\u00f1os y dise\u00f1os tan heterog\u00e9nea como sus aplicaciones. Las hay de <strong>tama\u00f1o industrial <\/strong>para centrales el\u00e9ctricas con turbinas de vapor, pasando por sistemas de refrigeraci\u00f3n de la <strong>industria <\/strong>alimenticia y laboratorios qu\u00edmicos, hasta refrigeradores y aires acondicionados <strong>dom\u00e9sticos<\/strong>.<\/p>\n\n\n\n<h2 class=\"wp-block-heading\"><strong>\u00bfC\u00f3mo funciona una condensadora?<\/strong><\/h2>\n\n\n\n<p>En general, las unidades de condensaci\u00f3n cuentan con:<\/p>\n\n\n\n<ul class=\"wp-block-list\"><li>Una <strong>bobina <\/strong>o tuber\u00eda serpenteada por donde debe pasar el gas a condensar.<\/li><li>Un <strong>ventilador<\/strong> que sopla aire por fuera y ayuda a disipar el calor de la tuber\u00eda.<\/li><li>Un <strong>compresor<\/strong> que mantiene el refrigerante de la tuber\u00eda en movimiento.<\/li><\/ul>\n\n\n\n<p>Este ciclo es el que permite que el gas baje su temperatura y regrese a estado l\u00edquido para volver a circular.<\/p>\n\n\n\n<h2 class=\"wp-block-heading\"><strong>\u00bfQu\u00e9 otras condensadoras existen?<\/strong><\/h2>\n\n\n\n<p>Otras t\u00edpicas unidades de condensaci\u00f3n son las <strong>superficies de condensaci\u00f3n de plantas de vapor<\/strong>. En los sistemas de vapor, se calienta agua hasta hacerla hervir; la presi\u00f3n de ese gas caliente se usa para mover turbinas y generar energ\u00eda; y el condensador recupera el agua para volverla a llevar al ciclo. <strong>Sin el uso de la condensadora, el desperdicio de vapor ser\u00eda tal que la tecnolog\u00eda resultar\u00eda inviable<\/strong>.<\/p>\n\n\n\n<p>De igual manera, y visto de una forma muy esencial, <strong>un alambique es tambi\u00e9n una herramienta condensadora <\/strong>que permite destilar una sustancia, sometiendo a la misma a calentamiento y volatilizaci\u00f3n, y haci\u00e9ndola pasar por un conducto, generalmente en forma de bobina, que permite que el gas vuelva a bajar a temperatura de condensaci\u00f3n.<\/p>\n<\/div><\/m-wysiwig>\n","protected":false},"excerpt":{"rendered":"","protected":false},"featured_media":0,"parent":227878,"menu_order":0,"comment_status":"closed","ping_status":"closed","template":"","meta":{"_acf_changed":false,"footnotes":""},"class_list":["post-253038","page","type-page","status-publish","hentry"],"acf":[],"yoast_head":"<!-- This site is optimized with the Yoast SEO plugin v27.2 - https:\/\/yoast.com\/product\/yoast-seo-wordpress\/ -->\n<title>Condensadora: qu\u00e9 es, cu\u00e1l es su funci\u00f3n, aplicaciones, tipos - Ferrovial<\/title>\n<meta name=\"description\" content=\"Una unidad condensadora (CDU, por sus siglas en ingl\u00e9s) es un aparato que se usa en los sistemas de refrigeraci\u00f3n para condensar y llevar de estado gaseoso a l\u00edquido la sustancia refrigerante que circula en su interior.\" \/>\n<meta name=\"robots\" content=\"index, follow, max-snippet:-1, max-image-preview:large, max-video-preview:-1\" \/>\n<link rel=\"canonical\" href=\"https:\/\/www.ferrovial.com\/es\/stem\/condensadora\/\" \/>\n<meta property=\"og:locale\" content=\"es_ES\" \/>\n<meta property=\"og:type\" content=\"article\" \/>\n<meta property=\"og:title\" content=\"Condensadora: qu\u00e9 es, cu\u00e1l es su funci\u00f3n, aplicaciones, tipos - Ferrovial\" \/>\n<meta property=\"og:description\" content=\"Una unidad condensadora (CDU, por sus siglas en ingl\u00e9s) es un aparato que se usa en los sistemas de refrigeraci\u00f3n para condensar y llevar de estado gaseoso a l\u00edquido la sustancia refrigerante que circula en su interior.\" \/>\n<meta property=\"og:url\" content=\"https:\/\/www.ferrovial.com\/es\/stem\/condensadora\/\" \/>\n<meta property=\"og:site_name\" content=\"Ferrovial\" \/>\n<meta property=\"article:publisher\" content=\"https:\/\/www.facebook.com\/ferrovial\" \/>\n<meta property=\"article:modified_time\" content=\"2023-01-10T13:24:30+00:00\" \/>\n<meta name=\"twitter:card\" content=\"summary_large_image\" \/>\n<meta name=\"twitter:site\" content=\"@ferrovial\" \/>\n<meta name=\"twitter:label1\" content=\"Est. reading time\" \/>\n\t<meta name=\"twitter:data1\" content=\"4 minutos\" \/>\n<!-- \/ Yoast SEO plugin. -->","yoast_head_json":{"title":"Condensadora: qu\u00e9 es, cu\u00e1l es su funci\u00f3n, aplicaciones, tipos - Ferrovial","description":"Una unidad condensadora (CDU, por sus siglas en ingl\u00e9s) es un aparato que se usa en los sistemas de refrigeraci\u00f3n para condensar y llevar de estado gaseoso a l\u00edquido la sustancia refrigerante que circula en su interior.","robots":{"index":"index","follow":"follow","max-snippet":"max-snippet:-1","max-image-preview":"max-image-preview:large","max-video-preview":"max-video-preview:-1"},"canonical":"https:\/\/www.ferrovial.com\/es\/stem\/condensadora\/","og_locale":"es_ES","og_type":"article","og_title":"Condensadora: qu\u00e9 es, cu\u00e1l es su funci\u00f3n, aplicaciones, tipos - Ferrovial","og_description":"Una unidad condensadora (CDU, por sus siglas en ingl\u00e9s) es un aparato que se usa en los sistemas de refrigeraci\u00f3n para condensar y llevar de estado gaseoso a l\u00edquido la sustancia refrigerante que circula en su interior.","og_url":"https:\/\/www.ferrovial.com\/es\/stem\/condensadora\/","og_site_name":"Ferrovial","article_publisher":"https:\/\/www.facebook.com\/ferrovial","article_modified_time":"2023-01-10T13:24:30+00:00","twitter_card":"summary_large_image","twitter_site":"@ferrovial","twitter_misc":{"Est. reading time":"4 minutos"},"schema":{"@context":"https:\/\/schema.org","@graph":[{"@type":"WebPage","@id":"https:\/\/www.ferrovial.com\/es\/stem\/condensadora\/","url":"https:\/\/www.ferrovial.com\/es\/stem\/condensadora\/","name":"Condensadora: qu\u00e9 es, cu\u00e1l es su funci\u00f3n, aplicaciones, tipos - Ferrovial","isPartOf":{"@id":"https:\/\/www.ferrovial.com\/es\/#website"},"datePublished":"2023-01-09T15:21:49+00:00","dateModified":"2023-01-10T13:24:30+00:00","description":"Una unidad condensadora (CDU, por sus siglas en ingl\u00e9s) es un aparato que se usa en los sistemas de refrigeraci\u00f3n para condensar y llevar de estado gaseoso a l\u00edquido la sustancia refrigerante que circula en su interior.","breadcrumb":{"@id":"https:\/\/www.ferrovial.com\/es\/stem\/condensadora\/#breadcrumb"},"inLanguage":"es","potentialAction":[{"@type":"ReadAction","target":["https:\/\/www.ferrovial.com\/es\/stem\/condensadora\/"]}]},{"@type":"BreadcrumbList","@id":"https:\/\/www.ferrovial.com\/es\/stem\/condensadora\/#breadcrumb","itemListElement":[{"@type":"ListItem","position":1,"name":"Portada","item":"https:\/\/www.ferrovial.com\/es\/"},{"@type":"ListItem","position":2,"name":"STEM","item":"https:\/\/www.ferrovial.com\/es\/stem\/"},{"@type":"ListItem","position":3,"name":"Condensadora"}]},{"@type":"WebSite","@id":"https:\/\/www.ferrovial.com\/es\/#website","url":"https:\/\/www.ferrovial.com\/es\/","name":"Ferrovial","description":"Welcome to the Ferrovial&#039;s website, global operator of sustainable infrastructure. Here you can find all the information about the company and subsidiaries.","publisher":{"@id":"https:\/\/www.ferrovial.com\/es\/#organization"},"potentialAction":[{"@type":"SearchAction","target":{"@type":"EntryPoint","urlTemplate":"https:\/\/www.ferrovial.com\/es\/?s={search_term_string}"},"query-input":{"@type":"PropertyValueSpecification","valueRequired":true,"valueName":"search_term_string"}}],"inLanguage":"es"},{"@type":"Organization","@id":"https:\/\/www.ferrovial.com\/es\/#organization","name":"Ferrovial S.A.","url":"https:\/\/www.ferrovial.com\/es\/","logo":{"@type":"ImageObject","inLanguage":"es","@id":"https:\/\/www.ferrovial.com\/es\/#\/schema\/logo\/image\/","url":"https:\/\/static.ferrovial.com\/wp-content\/uploads\/2020\/01\/13124948\/logo-ferrovial-cf7.png","contentUrl":"https:\/\/static.ferrovial.com\/wp-content\/uploads\/2020\/01\/13124948\/logo-ferrovial-cf7.png","width":144,"height":32,"caption":"Ferrovial S.A."},"image":{"@id":"https:\/\/www.ferrovial.com\/es\/#\/schema\/logo\/image\/"},"sameAs":["https:\/\/www.facebook.com\/ferrovial","https:\/\/x.com\/ferrovial","https:\/\/www.instagram.com\/ferrovial\/","https:\/\/www.linkedin.com\/company\/ferrovial","https:\/\/www.pinterest.es\/ferrovial\/","https:\/\/www.youtube.com\/ferrovial","https:\/\/en.wikipedia.org\/wiki\/Ferrovial"]}]}},"_links":{"self":[{"href":"https:\/\/www.ferrovial.com\/es\/wp-json\/wp\/v2\/pages\/253038","targetHints":{"allow":["GET"]}}],"collection":[{"href":"https:\/\/www.ferrovial.com\/es\/wp-json\/wp\/v2\/pages"}],"about":[{"href":"https:\/\/www.ferrovial.com\/es\/wp-json\/wp\/v2\/types\/page"}],"replies":[{"embeddable":true,"href":"https:\/\/www.ferrovial.com\/es\/wp-json\/wp\/v2\/comments?post=253038"}],"version-history":[{"count":2,"href":"https:\/\/www.ferrovial.com\/es\/wp-json\/wp\/v2\/pages\/253038\/revisions"}],"predecessor-version":[{"id":253111,"href":"https:\/\/www.ferrovial.com\/es\/wp-json\/wp\/v2\/pages\/253038\/revisions\/253111"}],"up":[{"embeddable":true,"href":"https:\/\/www.ferrovial.com\/es\/wp-json\/wp\/v2\/pages\/227878"}],"wp:attachment":[{"href":"https:\/\/www.ferrovial.com\/es\/wp-json\/wp\/v2\/media?parent=253038"}],"curies":[{"name":"wp","href":"https:\/\/api.w.org\/{rel}","templated":true}]}}