{"id":253156,"date":"2023-01-10T17:28:27","date_gmt":"2023-01-10T16:28:27","guid":{"rendered":"https:\/\/www.ferrovial.com\/webber\/infrastructure-management\/"},"modified":"2023-01-10T17:42:59","modified_gmt":"2023-01-10T16:42:59","slug":"gestion-infraestructuras","status":"publish","type":"page","link":"https:\/\/www.ferrovial.com\/es\/webber\/gestion-infraestructuras\/","title":{"rendered":"Gesti\u00f3n de infraestructuras"},"content":{"rendered":"    <m-hero type='reduced' :translations='{\n        &quot;play&quot;:&quot;Reproducir v\u00eddeo de fondo&quot;,\n        &quot;pause&quot;:&quot;Pausar v\u00eddeo de fondo&quot;,\n        &quot;prev&quot;:&quot;Anterior&quot;,\n        &quot;next&quot;:&quot;Siguiente&quot;,\n        &quot;paginationseparator&quot;:&quot;de&quot;,\n        &quot;goto&quot;:&quot;Ir al slide&quot;,\n        &quot;external&quot;:&quot;Abrir una nueva ventana&quot;\n    }'>\n            <c-breadcrumb label-text=\"Breadcrumb\" slot=\"breadcrumbs\" type='1' align='left left' wrap='wrapped wrapped' aria-label='Vienes de Webber'>\n                        <ol>\n\n                                                            <li><a href=\"https:\/\/www.ferrovial.com\/es\/\" title=\"Ferrovial\">Ferrovial<\/a><\/li>\n                                                                        <li><a href=\"https:\/\/www.ferrovial.com\/es\/webber\/\" title=\"Webber\">Webber<\/a><\/li>\n                                    \n                <\/ol>\n\n                <\/c-breadcrumb>\n                            <div slot=\"carouselItem\">\n                            <c-background-image>\n                                <picture>\n                                                                            <source media=\"(max-width: 667px)\" srcset=\"https:\/\/static.ferrovial.com\/wp-content\/uploads\/2022\/12\/20174932\/project-from-infrastructure-management-at-denver-600x800.jpg\">\n                                                                                                                <source media=\"(max-width: 1023px)\" srcset=\"https:\/\/static.ferrovial.com\/wp-content\/uploads\/2022\/12\/20174932\/project-from-infrastructure-management-at-denver-1280x720.jpg\">\n                                    \n                                    <img decoding=\"async\" src=\"https:\/\/static.ferrovial.com\/wp-content\/uploads\/2022\/12\/20174932\/project-from-infrastructure-management-at-denver-1920x1080.jpg\" alt=\"\" style=\"object-position: center center;\">\n                                <\/picture>\n                            <\/c-background-image>\n                        <\/div>\n        <section slot=\"hero\">\n            <article>\n                                        <h1>\n                            Gesti\u00f3n de infraestructuras                        <\/h1>\n                                                <p>Descripci\u00f3n por defecto<\/p>\n                                    <\/article>\n        <\/section>\n    <\/m-hero>\n\n    \n\n    <m-introduction-subhome type='primary' pathfront='1' pathback='2' icon='webber-heavy-civil'>\n        <img decoding=\"async\" class=\"dots hidden\" slot=\"bg\" src=\"https:\/\/www.ferrovial.com\/wp-content\/themes\/global\/front\/dist\/static\/img\/dots.svg\" alt=\"\" \/>\n                        <h3 slot=\"title\">\n                    L\u00edderes en el mantenimiento de infraestructuras y activos                <\/h3>\n                    <\/m-introduction-subhome>\n    \n\n\n<m-wysiwig class=\"wp-block-components-wysiwyg\"><div slot=\"maincontent\">\n<p>Nuestra divisi\u00f3n de <strong>Gesti\u00f3n de Infraestructuras de Webber<\/strong> es un proveedor de operaciones y mantenimiento de infraestructuras innovador y orientado a soluciones que presta una amplia gama de servicios cr\u00edticos. Contamos con la capacidad demostrada para gestionar activos complejos, una fuerte presencia en econom\u00edas estables y en crecimiento, amplias capacidades diferenciadas y transferibles y un claro enfoque hacia la excelencia operativa a trav\u00e9s de la mejora continua de la eficiencia.<\/p>\n\n\n\n<p>Proporcionamos soluciones de operaci\u00f3n y mantenimiento para activos de infraestructuras cr\u00edticas en Estados Unidos y Canad\u00e1 a clientes como el Departamento de Transporte de Florida y el Ministerio de Transporte de Ontario, entre muchos otros. Algunos de los activos m\u00e1s emblem\u00e1ticos contratados son el <strong>t\u00fanel del puerto de Miami, la red de t\u00faneles de Washington D.C. y la autopista Presidio Parkway de San Francisco<\/strong>.<\/p>\n\n\n\n<p>Los servicios prestados son muy variados, desde la inspecci\u00f3n y el mantenimiento de carreteras, t\u00faneles y puentes, tanto fijos como m\u00f3viles, hasta la respuesta a emergencias y la vialidad invernal. En todas nuestras l\u00edneas de servicio, nuestros objetivos siguen siendo los mismos: maximizar los ciclos de vida de los activos y garantizar la seguridad p\u00fablica.<\/p>\n<\/div><\/m-wysiwig>\n\n\n    <m-gallery :translations='{\n        &quot;prev&quot;:&quot;Anterior&quot;,\n        &quot;next&quot;:&quot;Siguiente&quot;,\n        &quot;paginationseparator&quot;:&quot;de&quot;,\n        &quot;close&quot;:&quot;Cerrar&quot;\n    }' class='gutenberg'>\n\n    <div slot=\"header\">\n                    <p>Descripci\u00f3n por defecto<\/p>\n                <\/div>\n\n                    <div slot=\"carouselItem\" v-lazy:background-image=\"'https:\/\/static.ferrovial.com\/wp-content\/uploads\/2022\/12\/20174900\/ferrovial-employee-working-on-infrastructure-management-project-1280x720.jpg'\">\n                                    <\/div>\n                                <div slot=\"carouselItem\" v-lazy:background-image=\"'https:\/\/static.ferrovial.com\/wp-content\/uploads\/2022\/12\/20174833\/infrastructure-management-project-ferrovial.png'\">\n                                    <\/div>\n                                <div slot=\"carouselItem\" v-lazy:background-image=\"'https:\/\/static.ferrovial.com\/wp-content\/uploads\/2022\/12\/20174932\/project-from-infrastructure-management-at-denver-1280x720.jpg'\">\n                                    <\/div>\n                                <div slot=\"carouselItem\" v-lazy:background-image=\"'https:\/\/static.ferrovial.com\/wp-content\/uploads\/2022\/12\/20174801\/the-team-from-infrastructure-management-at-denver-1280x720.jpg'\">\n                                    <\/div>\n                                <div slot=\"modalItem\">\n                    <img v-lazy=\"'https:\/\/static.ferrovial.com\/wp-content\/uploads\/2022\/12\/20174900\/ferrovial-employee-working-on-infrastructure-management-project-1280x720.jpg'\" alt=\"Ferrovial Employee working on Infrastructure Management project\" hidden\/>\n                <\/div>\n                                <div slot=\"modalItem\">\n                    <img v-lazy=\"'https:\/\/static.ferrovial.com\/wp-content\/uploads\/2022\/12\/20174833\/infrastructure-management-project-ferrovial.png'\" alt=\"Infrastructure Management project - Ferrovial\" hidden\/>\n                <\/div>\n                                <div slot=\"modalItem\">\n                    <img v-lazy=\"'https:\/\/static.ferrovial.com\/wp-content\/uploads\/2022\/12\/20174932\/project-from-infrastructure-management-at-denver-1280x720.jpg'\" alt=\"Project from Infrastructure Management at Denver\" hidden\/>\n                <\/div>\n                                <div slot=\"modalItem\">\n                    <img v-lazy=\"'https:\/\/static.ferrovial.com\/wp-content\/uploads\/2022\/12\/20174801\/the-team-from-infrastructure-management-at-denver-1280x720.jpg'\" alt=\"The Team from Infrastructure Management at Denver\" hidden\/>\n                <\/div>\n                    <\/m-gallery>\n\n    ","protected":false},"excerpt":{"rendered":"","protected":false},"featured_media":0,"parent":18029,"menu_order":0,"comment_status":"closed","ping_status":"closed","template":"","meta":{"_acf_changed":false,"footnotes":""},"class_list":["post-253156","page","type-page","status-publish","hentry"],"acf":[],"yoast_head":"<!-- This site is optimized with the Yoast SEO plugin v27.2 - https:\/\/yoast.com\/product\/yoast-seo-wordpress\/ -->\n<title>Gesti\u00f3n de infraestructuras - Ferrovial<\/title>\n<meta name=\"description\" content=\"Welcome to the Ferrovial&#039;s website, global operator of sustainable infrastructure. Here you can find all the information about the company and subsidiaries.\" \/>\n<meta name=\"robots\" content=\"index, follow, max-snippet:-1, max-image-preview:large, max-video-preview:-1\" \/>\n<link rel=\"canonical\" href=\"https:\/\/www.ferrovial.com\/es\/webber\/gestion-infraestructuras\/\" \/>\n<meta property=\"og:locale\" content=\"es_ES\" \/>\n<meta property=\"og:type\" content=\"article\" \/>\n<meta property=\"og:title\" content=\"Gesti\u00f3n de infraestructuras - Ferrovial\" \/>\n<meta property=\"og:description\" content=\"Welcome to the Ferrovial&#039;s website, global operator of sustainable infrastructure. Here you can find all the information about the company and subsidiaries.\" \/>\n<meta property=\"og:url\" content=\"https:\/\/www.ferrovial.com\/es\/webber\/gestion-infraestructuras\/\" \/>\n<meta property=\"og:site_name\" content=\"Ferrovial\" \/>\n<meta property=\"article:publisher\" content=\"https:\/\/www.facebook.com\/ferrovial\" \/>\n<meta property=\"article:modified_time\" content=\"2023-01-10T16:42:59+00:00\" \/>\n<meta property=\"og:image\" content=\"https:\/\/www.ferrovial.com\/wp-content\/themes\/global\/front\/dist\/static\/img\/dots.svg\" \/>\n<meta name=\"twitter:card\" content=\"summary_large_image\" \/>\n<meta name=\"twitter:site\" content=\"@ferrovial\" \/>\n<meta name=\"twitter:label1\" content=\"Est. reading time\" \/>\n\t<meta name=\"twitter:data1\" content=\"2 minutos\" \/>\n<!-- \/ Yoast SEO plugin. -->","yoast_head_json":{"title":"Gesti\u00f3n de infraestructuras - Ferrovial","description":"Welcome to the Ferrovial's website, global operator of sustainable infrastructure. Here you can find all the information about the company and subsidiaries.","robots":{"index":"index","follow":"follow","max-snippet":"max-snippet:-1","max-image-preview":"max-image-preview:large","max-video-preview":"max-video-preview:-1"},"canonical":"https:\/\/www.ferrovial.com\/es\/webber\/gestion-infraestructuras\/","og_locale":"es_ES","og_type":"article","og_title":"Gesti\u00f3n de infraestructuras - Ferrovial","og_description":"Welcome to the Ferrovial's website, global operator of sustainable infrastructure. Here you can find all the information about the company and subsidiaries.","og_url":"https:\/\/www.ferrovial.com\/es\/webber\/gestion-infraestructuras\/","og_site_name":"Ferrovial","article_publisher":"https:\/\/www.facebook.com\/ferrovial","article_modified_time":"2023-01-10T16:42:59+00:00","og_image":[{"url":"https:\/\/www.ferrovial.com\/wp-content\/themes\/global\/front\/dist\/static\/img\/dots.svg","type":"","width":"","height":""}],"twitter_card":"summary_large_image","twitter_site":"@ferrovial","twitter_misc":{"Est. reading time":"2 minutos"},"schema":{"@context":"https:\/\/schema.org","@graph":[{"@type":"WebPage","@id":"https:\/\/www.ferrovial.com\/es\/webber\/gestion-infraestructuras\/","url":"https:\/\/www.ferrovial.com\/es\/webber\/gestion-infraestructuras\/","name":"Gesti\u00f3n de infraestructuras - Ferrovial","isPartOf":{"@id":"https:\/\/www.ferrovial.com\/es\/#website"},"primaryImageOfPage":{"@id":"https:\/\/www.ferrovial.com\/es\/webber\/gestion-infraestructuras\/#primaryimage"},"image":{"@id":"https:\/\/www.ferrovial.com\/es\/webber\/gestion-infraestructuras\/#primaryimage"},"thumbnailUrl":"https:\/\/www.ferrovial.com\/wp-content\/themes\/global\/front\/dist\/static\/img\/dots.svg","datePublished":"2023-01-10T16:28:27+00:00","dateModified":"2023-01-10T16:42:59+00:00","description":"Welcome to the Ferrovial's website, global operator of sustainable infrastructure. Here you can find all the information about the company and subsidiaries.","breadcrumb":{"@id":"https:\/\/www.ferrovial.com\/es\/webber\/gestion-infraestructuras\/#breadcrumb"},"inLanguage":"es","potentialAction":[{"@type":"ReadAction","target":["https:\/\/www.ferrovial.com\/es\/webber\/gestion-infraestructuras\/"]}]},{"@type":"ImageObject","inLanguage":"es","@id":"https:\/\/www.ferrovial.com\/es\/webber\/gestion-infraestructuras\/#primaryimage","url":"https:\/\/www.ferrovial.com\/wp-content\/themes\/global\/front\/dist\/static\/img\/dots.svg","contentUrl":"https:\/\/www.ferrovial.com\/wp-content\/themes\/global\/front\/dist\/static\/img\/dots.svg"},{"@type":"BreadcrumbList","@id":"https:\/\/www.ferrovial.com\/es\/webber\/gestion-infraestructuras\/#breadcrumb","itemListElement":[{"@type":"ListItem","position":1,"name":"Portada","item":"https:\/\/www.ferrovial.com\/es\/"},{"@type":"ListItem","position":2,"name":"Webber","item":"https:\/\/www.ferrovial.com\/es\/webber\/"},{"@type":"ListItem","position":3,"name":"Gesti\u00f3n de infraestructuras"}]},{"@type":"WebSite","@id":"https:\/\/www.ferrovial.com\/es\/#website","url":"https:\/\/www.ferrovial.com\/es\/","name":"Ferrovial","description":"Welcome to the Ferrovial&#039;s website, global operator of sustainable infrastructure. Here you can find all the information about the company and subsidiaries.","publisher":{"@id":"https:\/\/www.ferrovial.com\/es\/#organization"},"potentialAction":[{"@type":"SearchAction","target":{"@type":"EntryPoint","urlTemplate":"https:\/\/www.ferrovial.com\/es\/?s={search_term_string}"},"query-input":{"@type":"PropertyValueSpecification","valueRequired":true,"valueName":"search_term_string"}}],"inLanguage":"es"},{"@type":"Organization","@id":"https:\/\/www.ferrovial.com\/es\/#organization","name":"Ferrovial S.A.","url":"https:\/\/www.ferrovial.com\/es\/","logo":{"@type":"ImageObject","inLanguage":"es","@id":"https:\/\/www.ferrovial.com\/es\/#\/schema\/logo\/image\/","url":"https:\/\/static.ferrovial.com\/wp-content\/uploads\/2020\/01\/13124948\/logo-ferrovial-cf7.png","contentUrl":"https:\/\/static.ferrovial.com\/wp-content\/uploads\/2020\/01\/13124948\/logo-ferrovial-cf7.png","width":144,"height":32,"caption":"Ferrovial S.A."},"image":{"@id":"https:\/\/www.ferrovial.com\/es\/#\/schema\/logo\/image\/"},"sameAs":["https:\/\/www.facebook.com\/ferrovial","https:\/\/x.com\/ferrovial","https:\/\/www.instagram.com\/ferrovial\/","https:\/\/www.linkedin.com\/company\/ferrovial","https:\/\/www.pinterest.es\/ferrovial\/","https:\/\/www.youtube.com\/ferrovial","https:\/\/en.wikipedia.org\/wiki\/Ferrovial"]}]}},"_links":{"self":[{"href":"https:\/\/www.ferrovial.com\/es\/wp-json\/wp\/v2\/pages\/253156","targetHints":{"allow":["GET"]}}],"collection":[{"href":"https:\/\/www.ferrovial.com\/es\/wp-json\/wp\/v2\/pages"}],"about":[{"href":"https:\/\/www.ferrovial.com\/es\/wp-json\/wp\/v2\/types\/page"}],"replies":[{"embeddable":true,"href":"https:\/\/www.ferrovial.com\/es\/wp-json\/wp\/v2\/comments?post=253156"}],"version-history":[{"count":1,"href":"https:\/\/www.ferrovial.com\/es\/wp-json\/wp\/v2\/pages\/253156\/revisions"}],"predecessor-version":[{"id":253158,"href":"https:\/\/www.ferrovial.com\/es\/wp-json\/wp\/v2\/pages\/253156\/revisions\/253158"}],"up":[{"embeddable":true,"href":"https:\/\/www.ferrovial.com\/es\/wp-json\/wp\/v2\/pages\/18029"}],"wp:attachment":[{"href":"https:\/\/www.ferrovial.com\/es\/wp-json\/wp\/v2\/media?parent=253156"}],"curies":[{"name":"wp","href":"https:\/\/api.w.org\/{rel}","templated":true}]}}