{"id":254340,"date":"2023-02-08T16:46:03","date_gmt":"2023-02-08T15:46:03","guid":{"rendered":"https:\/\/www.ferrovial.com\/the-movers\/"},"modified":"2025-03-03T17:12:07","modified_gmt":"2025-03-03T16:12:07","slug":"the-movers","status":"publish","type":"page","link":"https:\/\/www.ferrovial.com\/es\/the-movers\/","title":{"rendered":"The Movers: la docuserie de nuestros empleados"},"content":{"rendered":"    <m-hero type='reduced' :translations='{\n        &quot;play&quot;:&quot;Reproducir v\u00eddeo de fondo&quot;,\n        &quot;pause&quot;:&quot;Pausar v\u00eddeo de fondo&quot;,\n        &quot;prev&quot;:&quot;Anterior&quot;,\n        &quot;next&quot;:&quot;Siguiente&quot;,\n        &quot;paginationseparator&quot;:&quot;de&quot;,\n        &quot;goto&quot;:&quot;Ir al slide&quot;,\n        &quot;external&quot;:&quot;Abrir una nueva ventana&quot;\n    }'>\n        \n                        <div slot=\"carouselItem\">\n                            <c-background-video :sources=\"['https:\/\/static.ferrovial.com\/wp-content\/uploads\/2025\/02\/07165923\/bucle-home-01-1.mp4']\" position=\"center center\" poster=\"https:\/\/static.ferrovial.com\/wp-content\/uploads\/2019\/09\/13134314\/lbj-1.jpg\" :translations=\"{&quot;play&quot;:&quot;Reproducir v\u00eddeo de fondo&quot;,&quot;pause&quot;:&quot;Pausar v\u00eddeo de fondo&quot;}\"><\/c-background-video>\n                        <\/div>\n        <section slot=\"hero\">\n            <article>\n                                        <h1>\n                            The Movers                        <\/h1>\n                                                <p>Descripci\u00f3n por defecto<\/p>\n                                    <\/article>\n        <\/section>\n    <\/m-hero>\n\n    \n\n\n<m-wysiwig class=\"wp-block-components-wysiwyg\"><div slot=\"maincontent\"><\/div><\/m-wysiwig>\n\n\n    <m-introduction-subhome type='primary' pathfront='1' pathback='2' icon='gestion-instalaciones'>\n        <img decoding=\"async\" class=\"dots hidden\" slot=\"bg\" src=\"https:\/\/www.ferrovial.com\/wp-content\/themes\/global\/front\/dist\/static\/img\/dots.svg\" alt=\"\" \/>\n                        <h3 slot=\"title\">\n                    Lanzamos nuestra docuserie, The Movers                <\/h3>\n                                <p slot=\"description\">\n                    Aqu\u00ed compartiremos el d\u00eda a d\u00eda de las personas que ayudan a mover el mundo, nuestros empleados. \u00a1Esperamos que lo disfrutes!\n                <\/p>\n                    <\/m-introduction-subhome>\n    \n\n\n<m-wysiwig class=\"wp-block-components-wysiwyg\"><div slot=\"maincontent\">\n<h2 class=\"wp-block-heading\">Episodio 6<\/h2>\n<\/div><\/m-wysiwig>\n\n\n    <m-video fullwidth>\n                <a class='m-video__modal' slot='modal' href='https:\/\/www.youtube-nocookie.com\/embed\/cqMfuuZN24o'>\n            <img slot=\"poster\" v-lazy=\"'https:\/\/static.ferrovial.com\/wp-content\/uploads\/2023\/11\/27125850\/portadillas-the-movers-6-es-1.png'\" title=\"\" width=\"1280\" height=\"100%\" >\n        <\/a>\n            <\/m-video>\n    \n\n\n<m-wysiwig class=\"wp-block-components-wysiwyg\"><div slot=\"maincontent\">\n<h3 class=\"wp-block-heading\">Santiago de Compostela y la iluminaci\u00f3n urbana eficiente<\/h3>\n\n\n\n<p>Una de las aportaciones que m\u00e1s interesantes de los proyectos de iluminaci\u00f3n urbana es c\u00f3mo se modifica la noche de las ciudades. En cierta medida tienes un cierto poder en tus manos para hacer que la ciudad se mueva de manera que t\u00fa consideres. Estamos en Santiago de Compostela y en este episodio entrevistamos a \u00c1lvaro Pi\u00f1eiro, gerente de la Divisi\u00f3n de Energ\u00eda de Galicia y Asturias de Ferrovial. \u00c1lvaro es un ingeniero industrial que empez\u00f3 la andadura profesional hace 26 a\u00f1os. En este episodio nos cuenta c\u00f3mo se define la luz de una ciudad y c\u00f3mo se consigue una iluminaci\u00f3n urbana m\u00e1s eficiente.<\/p>\n<\/div><\/m-wysiwig>\n\n\n\n<m-wysiwig class=\"wp-block-components-wysiwyg\"><div slot=\"maincontent\">\n<h2 class=\"wp-block-heading\">Episodio 5<\/h2>\n<\/div><\/m-wysiwig>\n\n\n    <m-video fullwidth>\n                <a class='m-video__modal' slot='modal' href='https:\/\/www.youtube-nocookie.com\/embed\/znpdKAgClKI'>\n            <img slot=\"poster\" v-lazy=\"'https:\/\/static.ferrovial.com\/wp-content\/uploads\/2023\/10\/18171849\/themovers-meenasalem-es.webp'\" title=\"\" width=\"1280\" height=\"100%\" >\n        <\/a>\n            <\/m-video>\n    \n\n\n<m-wysiwig class=\"wp-block-components-wysiwyg\"><div slot=\"maincontent\">\n<h3 class=\"wp-block-heading\">Humanizando el tr\u00e1fico<\/h3>\n\n\n\n<p>Meena Salem adora los n\u00fameros. Naci\u00f3n en Bombay, al norte de India, y estudi\u00f3 en Chennai, al sur de India, donde se gradu\u00f3 en matem\u00e1ticas. Cuando lleg\u00f3 a Estados Unidos comenz\u00f3 como analista de control de calidad y ahora su trabajo, como directora de operaciones de peaje, es asegurarse que los conductores est\u00e1n teniendo una experiencia segura durante su viaje por las autopistas de Ferrovial. En este episodio nos cuenta su recorrido y nos ense\u00f1a c\u00f3mo se controla una autopista.<\/p>\n<\/div><\/m-wysiwig>\n\n\n\n<m-wysiwig class=\"wp-block-components-wysiwyg\"><div slot=\"maincontent\">\n<h2 class=\"wp-block-heading\">Episodio 4<\/h2>\n<\/div><\/m-wysiwig>\n\n\n    <m-video fullwidth>\n                <a class='m-video__modal' slot='modal' href='https:\/\/www.youtube-nocookie.com\/embed\/v_ytrJoYe2U'>\n            <img slot=\"poster\" v-lazy=\"'https:\/\/static.ferrovial.com\/wp-content\/uploads\/2023\/07\/21131930\/portadilla-generica-the-movers-4-es.png'\" title=\"\" width=\"1280\" height=\"100%\" >\n        <\/a>\n            <\/m-video>\n    \n\n\n<m-wysiwig class=\"wp-block-components-wysiwyg\"><div slot=\"maincontent\">\n<h3 class=\"wp-block-heading\"><strong>Comunicaci\u00f3n: Nexo de Uni\u00f3n entre Infraestructuras y Comunidades<\/strong><\/h3>\n\n\n\n<p>Gina Torres siempre ha buscado generar impacto utilizando la herramienta m\u00e1s poderosa: su voz. Pronto descubri\u00f3 que su pasi\u00f3n eran las relaciones p\u00fablicas y no los medios, y desde hace m\u00e1s de seis a\u00f1os lidera la comunicaci\u00f3n con las comunidades para Ferrovial Construcci\u00f3n desde Fresno, California. Siguiendo los pasos de su abuela, trabaja para mantener a todas las partes informadas, cuidando las relaciones con vecinos, autoridades, agricultores, y socios. <\/p>\n\n\n\n<p>En este episodio, nos adentramos en su ajetreado d\u00eda para conocer la importancia de la comunicaci\u00f3n (\u00a1y de siempre tener el m\u00f3vil cargado!).<\/p>\n<\/div><\/m-wysiwig>\n\n\n\n<m-wysiwig class=\"wp-block-components-wysiwyg\"><div slot=\"maincontent\">\n<h2 class=\"wp-block-heading\">Episodio 3<\/h2>\n<\/div><\/m-wysiwig>\n\n\n    <m-video fullwidth>\n                <a class='m-video__modal' slot='modal' href='https:\/\/www.youtube-nocookie.com\/embed\/TQ0oB71ZTeM'>\n            <img slot=\"poster\" v-lazy=\"'https:\/\/static.ferrovial.com\/wp-content\/uploads\/2023\/06\/13165513\/portadilla-the-movers-t3-es.png'\" title=\"\" width=\"1280\" height=\"100%\" >\n        <\/a>\n            <\/m-video>\n    \n\n\n<m-wysiwig class=\"wp-block-components-wysiwyg\"><div slot=\"maincontent\">\n<h3 class=\"wp-block-heading\"><strong>Vuelo con destino a un sector de la aviaci\u00f3n m\u00e1s inclusivo e innovador<\/strong><\/h3>\n\n\n\n<p>Fiona Smith naci\u00f3 en un pueblo cerca de Glasgow y, desde peque\u00f1a ha estado muy interesada en las ciencias y las matem\u00e1ticas, tanto que decidi\u00f3 estudiar ingenier\u00eda aeroespacial, un emocionante reto. Hered\u00f3 de su madre su capacidad de liderazgo, que combinada con sus otras muchas cualidades est\u00e1 consiguiendo que Fiona cambie el sector de la aviaci\u00f3n. Como jefa de estrategia de aer\u00f3dromos para AGS Airports, pone todo su empe\u00f1o en <strong>conseguir que el sector sea m\u00e1s innovador e inclusivo.<\/strong><\/p>\n\n\n\n<p>En este episodio nos desvela c\u00f3mo es el d\u00eda a d\u00eda trabajando en un aeropuerto y c\u00f3mo hace que el sector evolucione en Escocia.<\/p>\n<\/div><\/m-wysiwig>\n\n\n\n<m-wysiwig class=\"wp-block-components-wysiwyg\"><div slot=\"maincontent\">\n<h2 class=\"wp-block-heading\">Episodio 2<\/h2>\n<\/div><\/m-wysiwig>\n\n\n    <m-video fullwidth>\n                <a class='m-video__modal' slot='modal' href='https:\/\/www.youtube-nocookie.com\/embed\/RAJsH4_Dxvs'>\n            <img slot=\"poster\" v-lazy=\"'https:\/\/static.ferrovial.com\/wp-content\/uploads\/2023\/03\/23095823\/thumbnail-themovers-ryan-es-1280x720.png'\" title=\"\" width=\"1280\" height=\"100%\" >\n        <\/a>\n            <\/m-video>\n    \n\n\n<m-wysiwig class=\"wp-block-components-wysiwyg\"><div slot=\"maincontent\">\n<h3 class=\"wp-block-heading\">Transformando Houston con el desarrollo de infraestructuras<\/h3>\n\n\n\n<p>Desde ni\u00f1o, <strong>a Ryan McCalla siempre le fascin\u00f3 la construcci\u00f3n<\/strong>. Creci\u00f3 en Houston y, como ingeniero, ha tenido la oportunidad de participar activamente en el desarrollo de su ciudad. Actualmente, es Vicepresidente de Operaciones de Obra Civil en Texas para Webber. Pero <strong>no empez\u00f3 en este puesto, sino como becario de esta misma compa\u00f1\u00eda<\/strong>. <\/p>\n\n\n\n<p>\u00bfC\u00f3mo acab\u00f3 siendo Vicepresidente?<a href=\"https:\/\/www.ferrovial.com\/blog\/es\/2023\/03\/redisenando-la-infraestructura-de-texas\/\" target=\"_blank\" rel=\"noreferrer noopener\"> En este episodio, le seguimos durante un d\u00eda y aprendemos m\u00e1s sobre su viaje<\/a>.<\/p>\n\n\n\n<p><a href=\"https:\/\/www.youtube.com\/@ferrovial\"><\/a><\/p>\n<\/div><\/m-wysiwig>\n\n\n\n<m-wysiwig class=\"wp-block-components-wysiwyg\"><div slot=\"maincontent\">\n<h2 class=\"wp-block-heading\"><strong>Episodio 1<\/strong><\/h2>\n<\/div><\/m-wysiwig>\n\n\n    <m-video fullwidth>\n                <a class='m-video__modal' slot='modal' href='https:\/\/www.youtube-nocookie.com\/embed\/nSpbxp2CHvM'>\n            <img slot=\"poster\" v-lazy=\"'https:\/\/static.ferrovial.com\/wp-content\/uploads\/2023\/02\/08171241\/thumbnail-docuserie-themovers-laura-soler-ferrovial-es-1280x720.png'\" title=\"\" width=\"1280\" height=\"100%\" >\n        <\/a>\n            <\/m-video>\n    \n\n\n<m-wysiwig class=\"wp-block-components-wysiwyg\"><div slot=\"maincontent\">\n<h3 class=\"wp-block-heading\"><strong>La arquitectura de Madrid: as\u00ed es definir la ciudad en la que naces<\/strong><\/h3>\n\n\n\n<p>El front\u00f3n Beti-Jai, la Casa de la Panader\u00eda o las Escuelas P\u00edas de San Fernando&#8230; A lo largo de su carrera como jefa de obra, <a href=\"https:\/\/www.ferrovial.com\/blog\/es\/2023\/02\/arquitectura-de-madrid-asi-es-trabajar-en-ciudad-que-naci\/\" target=\"_blank\" rel=\"noreferrer noopener\">Laura Soler ha tenido la oportunidad de trabajar en muchos edificios emblem\u00e1ticos de Madrid<\/a>, la ciudad en la que naci\u00f3, que quiere y que disfruta. Y todo comenz\u00f3 cuando, terminando la carrera de arquitectura t\u00e9cnica, pas\u00f3 a formar parte del equipo de Ferrovial.<\/p>\n<\/div><\/m-wysiwig>\n\n\n\n    <m-distributor-basic >\n                        <h2 slot=\"label\">\n                    For a World on the Move                <\/h2>\n                                <h3 slot=\"title\">\n                    Sonidos por un mundo en movimiento                <\/h3>\n                                <p slot=\"text\">\n                    Nuestra empresa es invisible. Y as\u00ed es como deber\u00eda ser. \u00bfQuieres escucharlos?                <\/p>\n                                    <c-button slot='cta' type='primary' disabled='false' href='#'>\n                        <span>Descubre m\u00e1s<\/span>\n                                        <\/c-button>\n                    \n        \n\n    <\/m-distributor-basic>\n    ","protected":false},"excerpt":{"rendered":"","protected":false},"featured_media":0,"parent":0,"menu_order":0,"comment_status":"closed","ping_status":"closed","template":"","meta":{"_acf_changed":false,"footnotes":""},"class_list":["post-254340","page","type-page","status-publish","hentry"],"acf":[],"yoast_head":"<!-- This site is optimized with the Yoast SEO plugin v27.2 - https:\/\/yoast.com\/product\/yoast-seo-wordpress\/ -->\n<title>The Movers: la docuserie de nuestros empleados - Ferrovial<\/title>\n<meta name=\"description\" content=\"Welcome to the Ferrovial&#039;s website, global operator of sustainable infrastructure. Here you can find all the information about the company and subsidiaries.\" \/>\n<meta name=\"robots\" content=\"index, follow, max-snippet:-1, max-image-preview:large, max-video-preview:-1\" \/>\n<link rel=\"canonical\" href=\"https:\/\/www.ferrovial.com\/es\/the-movers\/\" \/>\n<meta property=\"og:locale\" content=\"es_ES\" \/>\n<meta property=\"og:type\" content=\"article\" \/>\n<meta property=\"og:title\" content=\"The Movers: la docuserie de nuestros empleados - Ferrovial\" \/>\n<meta property=\"og:description\" content=\"Welcome to the Ferrovial&#039;s website, global operator of sustainable infrastructure. Here you can find all the information about the company and subsidiaries.\" \/>\n<meta property=\"og:url\" content=\"https:\/\/www.ferrovial.com\/es\/the-movers\/\" \/>\n<meta property=\"og:site_name\" content=\"Ferrovial\" \/>\n<meta property=\"article:publisher\" content=\"https:\/\/www.facebook.com\/ferrovial\" \/>\n<meta property=\"article:modified_time\" content=\"2025-03-03T16:12:07+00:00\" \/>\n<meta property=\"og:image\" content=\"https:\/\/www.ferrovial.com\/wp-content\/themes\/global\/front\/dist\/static\/img\/dots.svg\" \/>\n<meta name=\"twitter:card\" content=\"summary_large_image\" \/>\n<meta name=\"twitter:site\" content=\"@ferrovial\" \/>\n<meta name=\"twitter:label1\" content=\"Est. reading time\" \/>\n\t<meta name=\"twitter:data1\" content=\"3 minutos\" \/>\n<!-- \/ Yoast SEO plugin. -->","yoast_head_json":{"title":"The Movers: la docuserie de nuestros empleados - Ferrovial","description":"Welcome to the Ferrovial's website, global operator of sustainable infrastructure. Here you can find all the information about the company and subsidiaries.","robots":{"index":"index","follow":"follow","max-snippet":"max-snippet:-1","max-image-preview":"max-image-preview:large","max-video-preview":"max-video-preview:-1"},"canonical":"https:\/\/www.ferrovial.com\/es\/the-movers\/","og_locale":"es_ES","og_type":"article","og_title":"The Movers: la docuserie de nuestros empleados - Ferrovial","og_description":"Welcome to the Ferrovial's website, global operator of sustainable infrastructure. Here you can find all the information about the company and subsidiaries.","og_url":"https:\/\/www.ferrovial.com\/es\/the-movers\/","og_site_name":"Ferrovial","article_publisher":"https:\/\/www.facebook.com\/ferrovial","article_modified_time":"2025-03-03T16:12:07+00:00","og_image":[{"url":"https:\/\/www.ferrovial.com\/wp-content\/themes\/global\/front\/dist\/static\/img\/dots.svg","type":"","width":"","height":""}],"twitter_card":"summary_large_image","twitter_site":"@ferrovial","twitter_misc":{"Est. reading time":"3 minutos"},"schema":{"@context":"https:\/\/schema.org","@graph":[{"@type":"WebPage","@id":"https:\/\/www.ferrovial.com\/es\/the-movers\/","url":"https:\/\/www.ferrovial.com\/es\/the-movers\/","name":"The Movers: la docuserie de nuestros empleados - Ferrovial","isPartOf":{"@id":"https:\/\/www.ferrovial.com\/es\/#website"},"primaryImageOfPage":{"@id":"https:\/\/www.ferrovial.com\/es\/the-movers\/#primaryimage"},"image":{"@id":"https:\/\/www.ferrovial.com\/es\/the-movers\/#primaryimage"},"thumbnailUrl":"https:\/\/www.ferrovial.com\/wp-content\/themes\/global\/front\/dist\/static\/img\/dots.svg","datePublished":"2023-02-08T15:46:03+00:00","dateModified":"2025-03-03T16:12:07+00:00","description":"Welcome to the Ferrovial's website, global operator of sustainable infrastructure. Here you can find all the information about the company and subsidiaries.","breadcrumb":{"@id":"https:\/\/www.ferrovial.com\/es\/the-movers\/#breadcrumb"},"inLanguage":"es","potentialAction":[{"@type":"ReadAction","target":["https:\/\/www.ferrovial.com\/es\/the-movers\/"]}]},{"@type":"ImageObject","inLanguage":"es","@id":"https:\/\/www.ferrovial.com\/es\/the-movers\/#primaryimage","url":"https:\/\/www.ferrovial.com\/wp-content\/themes\/global\/front\/dist\/static\/img\/dots.svg","contentUrl":"https:\/\/www.ferrovial.com\/wp-content\/themes\/global\/front\/dist\/static\/img\/dots.svg"},{"@type":"BreadcrumbList","@id":"https:\/\/www.ferrovial.com\/es\/the-movers\/#breadcrumb","itemListElement":[{"@type":"ListItem","position":1,"name":"Portada","item":"https:\/\/www.ferrovial.com\/es\/"},{"@type":"ListItem","position":2,"name":"The Movers: la docuserie de nuestros empleados"}]},{"@type":"WebSite","@id":"https:\/\/www.ferrovial.com\/es\/#website","url":"https:\/\/www.ferrovial.com\/es\/","name":"Ferrovial","description":"Welcome to the Ferrovial&#039;s website, global operator of sustainable infrastructure. Here you can find all the information about the company and subsidiaries.","publisher":{"@id":"https:\/\/www.ferrovial.com\/es\/#organization"},"potentialAction":[{"@type":"SearchAction","target":{"@type":"EntryPoint","urlTemplate":"https:\/\/www.ferrovial.com\/es\/?s={search_term_string}"},"query-input":{"@type":"PropertyValueSpecification","valueRequired":true,"valueName":"search_term_string"}}],"inLanguage":"es"},{"@type":"Organization","@id":"https:\/\/www.ferrovial.com\/es\/#organization","name":"Ferrovial S.A.","url":"https:\/\/www.ferrovial.com\/es\/","logo":{"@type":"ImageObject","inLanguage":"es","@id":"https:\/\/www.ferrovial.com\/es\/#\/schema\/logo\/image\/","url":"https:\/\/static.ferrovial.com\/wp-content\/uploads\/2020\/01\/13124948\/logo-ferrovial-cf7.png","contentUrl":"https:\/\/static.ferrovial.com\/wp-content\/uploads\/2020\/01\/13124948\/logo-ferrovial-cf7.png","width":144,"height":32,"caption":"Ferrovial S.A."},"image":{"@id":"https:\/\/www.ferrovial.com\/es\/#\/schema\/logo\/image\/"},"sameAs":["https:\/\/www.facebook.com\/ferrovial","https:\/\/x.com\/ferrovial","https:\/\/www.instagram.com\/ferrovial\/","https:\/\/www.linkedin.com\/company\/ferrovial","https:\/\/www.pinterest.es\/ferrovial\/","https:\/\/www.youtube.com\/ferrovial","https:\/\/en.wikipedia.org\/wiki\/Ferrovial"]}]}},"_links":{"self":[{"href":"https:\/\/www.ferrovial.com\/es\/wp-json\/wp\/v2\/pages\/254340","targetHints":{"allow":["GET"]}}],"collection":[{"href":"https:\/\/www.ferrovial.com\/es\/wp-json\/wp\/v2\/pages"}],"about":[{"href":"https:\/\/www.ferrovial.com\/es\/wp-json\/wp\/v2\/types\/page"}],"replies":[{"embeddable":true,"href":"https:\/\/www.ferrovial.com\/es\/wp-json\/wp\/v2\/comments?post=254340"}],"version-history":[{"count":3,"href":"https:\/\/www.ferrovial.com\/es\/wp-json\/wp\/v2\/pages\/254340\/revisions"}],"predecessor-version":[{"id":300731,"href":"https:\/\/www.ferrovial.com\/es\/wp-json\/wp\/v2\/pages\/254340\/revisions\/300731"}],"wp:attachment":[{"href":"https:\/\/www.ferrovial.com\/es\/wp-json\/wp\/v2\/media?parent=254340"}],"curies":[{"name":"wp","href":"https:\/\/api.w.org\/{rel}","templated":true}]}}