{"id":254543,"date":"2023-02-16T11:48:53","date_gmt":"2023-02-16T10:48:53","guid":{"rendered":"https:\/\/www.ferrovial.com\/?page_id=254543"},"modified":"2024-01-09T11:56:19","modified_gmt":"2024-01-09T10:56:19","slug":"almacenamiento-energia","status":"publish","type":"page","link":"https:\/\/www.ferrovial.com\/es\/foresight\/escenarios\/almacenamiento-energia\/","title":{"rendered":"Almacenamiento de Energ\u00eda &#8211; Foresight"},"content":{"rendered":"\n    <m-hero-form bg='https:\/\/static.ferrovial.com\/wp-content\/uploads\/2023\/02\/10110712\/energy-storage-foresight-landscape.png' type='bgYellowImg'>\n                    <h2 slot=\"title\">\n                Conoce el futuro del almacenamiento de energ\u00eda            <\/h2>\n        \n                    <p slot=\"subtitle\">\n                Rellena el formulario y recibe informaci\u00f3n en tu email            <\/p>\n        \n                    <div slot=\"inputs\">\n                \n<div class=\"wpcf7 no-js\" id=\"wpcf7-f254600-o1\" lang=\"es-ES\" dir=\"ltr\" data-wpcf7-id=\"254600\">\n<div class=\"screen-reader-response\"><p role=\"status\" aria-live=\"polite\" aria-atomic=\"true\"><\/p> <ul><\/ul><\/div>\n<form action=\"\/es\/wp-json\/wp\/v2\/pages\/254543#wpcf7-f254600-o1\" method=\"post\" class=\"wpcf7-form init\" aria-label=\"Formulario de contacto\" novalidate=\"novalidate\" data-status=\"init\">\n<fieldset class=\"hidden-fields-container\"><input type=\"hidden\" name=\"_wpcf7\" value=\"254600\" \/><input type=\"hidden\" name=\"_wpcf7_version\" value=\"6.1.3\" \/><input type=\"hidden\" name=\"_wpcf7_locale\" value=\"es_ES\" \/><input type=\"hidden\" name=\"_wpcf7_unit_tag\" value=\"wpcf7-f254600-o1\" \/><input type=\"hidden\" name=\"_wpcf7_container_post\" value=\"0\" \/><input type=\"hidden\" name=\"_wpcf7_posted_data_hash\" value=\"\" \/><input type=\"hidden\" name=\"_wpcf7_recaptcha_response\" value=\"\" \/>\n<\/fieldset>\n<p>Los datos obligatorios est\u00e1n marcados con asterisco (*)\n<\/p>\n<p><label>Nombre y apellidos *<br \/>\n<span class=\"wpcf7-form-control-wrap\" data-name=\"sm-name\"><input size=\"40\" maxlength=\"400\" class=\"wpcf7-form-control wpcf7-text wpcf7-validates-as-required input-long\" aria-required=\"true\" aria-invalid=\"false\" placeholder=\"\" value=\"\" type=\"text\" name=\"sm-name\" \/><\/span><\/label>\n<\/p>\n<p><label>Cargo *<br \/>\n<span class=\"wpcf7-form-control-wrap\" data-name=\"sm-properties1\"><input size=\"40\" maxlength=\"400\" class=\"wpcf7-form-control wpcf7-text wpcf7-validates-as-required input-long\" aria-required=\"true\" aria-invalid=\"false\" placeholder=\"\" value=\"\" type=\"text\" name=\"sm-properties1\" \/><\/span><\/label>\n<\/p>\n<p><label>Empresa *<br \/>\n<span class=\"wpcf7-form-control-wrap\" data-name=\"sm-company\"><input size=\"40\" maxlength=\"400\" class=\"wpcf7-form-control wpcf7-text wpcf7-validates-as-required input-long\" aria-required=\"true\" aria-invalid=\"false\" placeholder=\"\" value=\"\" type=\"text\" name=\"sm-company\" \/><\/span><\/label>\n<\/p>\n<p><label>E-mail *<br \/>\n<span class=\"wpcf7-form-control-wrap\" data-name=\"sm-email\"><input size=\"40\" maxlength=\"400\" class=\"wpcf7-form-control wpcf7-email wpcf7-validates-as-required wpcf7-text wpcf7-validates-as-email input-long\" aria-required=\"true\" aria-invalid=\"false\" placeholder=\"\" value=\"\" type=\"email\" name=\"sm-email\" \/><\/span><\/label>\n<\/p>\n<p>Este sitio est\u00e1 protegido por reCAPTCHA y se aplican la Pol\u00edtica de privacidad y las Condiciones de servicio de Google.\n<\/p>\n<p class=\"m-form-checkbox\"><span class=\"wpcf7-form-control-wrap\" data-name=\"sm-optin\"><span class=\"wpcf7-form-control wpcf7-acceptance\"><span class=\"wpcf7-list-item\"><label><input type=\"checkbox\" name=\"sm-optin\" value=\"1\" aria-invalid=\"false\" \/><span class=\"wpcf7-list-item-label\">Autorizo a Ferrovial Corporaci\u00f3n, S.A.U para que procese mis datos personales con el fin de recibir comunicaciones comerciales relacionadas con la innovaci\u00f3n. Puedes retirar tu consentimiento en cualquier momento. Encontrar\u00e1s m\u00e1s detalles sobre c\u00f3mo se procesan tus datos personales y c\u00f3mo ejercer tus derechos de protecci\u00f3n de datos en la <a href=\"https:\/\/www.ferrovial.com\/es\/politica-de-privacidad\/\">Pol\u00edtica de privacidad de Ferrovial<\/a>.<\/span><\/label><\/span><\/span><\/span>\n<\/p>\n<p><input class=\"wpcf7-form-control wpcf7-submit has-spinner\" type=\"submit\" value=\"Enviar\" \/>\n<\/p><div class=\"wpcf7-response-output\" aria-hidden=\"true\"><\/div>\n<\/form>\n<\/div>\n            <\/div>\n            <\/m-hero-form>\n\n    \n\n\n<m-wysiwig class=\"wp-block-components-wysiwyg\"><div slot=\"maincontent\">\n<h2 class=\"wp-block-heading\"><strong>\u00bfC\u00f3mo ser\u00e1 el futuro de la energ\u00eda?<\/strong><\/h2>\n\n\n\n<ul class=\"wp-block-list\">\n<li>Los Sistemas de Almacenamiento de Energ\u00eda (SEE) son un conjunto de tecnolog\u00edas existentes y emergentes que convierten la energ\u00eda el\u00e9ctrica de los sistemas el\u00e9ctricos y la almacenan para suministrarla posteriormente cuando sea necesario.<\/li>\n\n\n\n<li>Estas tecnolog\u00edas contribuir\u00e1n a la flexibilidad, fiabilidad y resistencia del sistema el\u00e9ctrico, cada vez m\u00e1s necesarias a medida que aumenta la penetraci\u00f3n de las Energ\u00edas Renovables Variables (ERV) en la red.<\/li>\n<\/ul>\n\n\n\n<p>La importancia del almacenamiento de energ\u00eda para <strong>posibilitar la transici\u00f3n energ\u00e9tica en los pr\u00f3ximos a\u00f1os es fundamental<\/strong>. Dado el contexto actual, m\u00e1s que nunca se tiene en consideraci\u00f3n la conexi\u00f3n entre la seguridad energ\u00e9tica y el panorama econ\u00f3mico y pol\u00edtico mundial. C\u00f3mo evolucionen las diferentes tecnolog\u00edas, el papel y la configuraci\u00f3n de la combinaci\u00f3n energ\u00e9tica en las pr\u00f3ximas d\u00e9cadas, y c\u00f3mo influir\u00e1 el crecimiento previsto de la demanda energ\u00e9tica y la mayor penetraci\u00f3n de la ERV en la resistencia y adaptaci\u00f3n de la red, son cuestiones importantes en torno al futuro del almacenamiento de energ\u00eda.<\/p>\n\n\n\n<p>El objetivo de este an\u00e1lisis es aumentar la concienciaci\u00f3n externa e interna de Ferrovial en torno a los sistemas de almacenamiento de energ\u00eda para abarcar este contexto que evoluciona.<\/p>\n\n\n\n<p>Para encontrar respuestas a estas preguntas, hemos trabajado en un <strong>proceso interno de discusi\u00f3n y an\u00e1lisis para prever estos cuatro escenarios plausibles en 2035<\/strong> y las oportunidades relevantes que est\u00e1n disponibles para su descarga aqu\u00ed.<\/p>\n<\/div><\/m-wysiwig>\n\n\n\n<m-wysiwig class=\"wp-block-components-wysiwyg\"><div slot=\"maincontent\">\n<figure class=\"wp-block-image size-large\"><img v-lazy=\"'https:\/\/static.ferrovial.com\/wp-content\/uploads\/2023\/01\/24180719\/cover-energy-storage-report-foresight-1-724x1024.png'\" alt=\"\" class=\"wp-image-253664\"\/><\/figure>\n\n\n\n<h2 class=\"wp-block-heading\"><strong>\u00bfQu\u00e9 son los sistemas de almacenamiento de energ\u00eda<\/strong>?<\/h2>\n\n\n\n<p>Los sistemas de almacenamiento de energ\u00eda son un conjunto de tecnolog\u00edas existentes y emergentes que convierten la energ\u00eda el\u00e9ctrica de los sistemas el\u00e9ctricos y la almacenan para suministrarla posteriormente cuando sea necesario. Concretamente, el almacenamiento se produce en los momentos en que la producci\u00f3n de los sistemas el\u00e9ctricos supera el consumo y se utiliza en los momentos en que el consumo supera la producci\u00f3n. Los sistemas de almacenamiento de energ\u00eda presentan soluciones a algunos de los retos m\u00e1s cr\u00edticos a los que se enfrenta la transici\u00f3n energ\u00e9tica en las pr\u00f3ximas d\u00e9cadas.<\/p>\n\n\n\n<p>El almacenamiento de energ\u00eda est\u00e1 directamente relacionado con la ERV, ya que ayuda principalmente a mitigar la intermitencia y la estacionalidad asociadas a las fuentes de generaci\u00f3n basadas en la energ\u00eda solar y e\u00f3lica, a desplazar la electricidad de los momentos de mayor oferta a los de mayor demanda y a proporcionar flexibilidad y solidez a la red.<strong> Se espera que la penetraci\u00f3n de la generaci\u00f3n de energ\u00eda renovable crezca exponencialmente en los pr\u00f3ximos a\u00f1os <\/strong>debido al r\u00e1pido descenso de sus costes y a medida que los pa\u00edses se esfuerzan por cumplir sus anunciados compromisos de descarbonizaci\u00f3n. Lo que pone un gran \u00e9nfasis en el papel del almacenamiento de energ\u00eda.<\/p>\n\n\n\n<h2 class=\"wp-block-heading\"><strong>Sistema de valor del almacenamiento de energ\u00eda<\/strong><\/h2>\n\n\n\n<p>El sistema de valor del almacenamiento de energ\u00eda es complejo y emergente por naturaleza. \u00c9ste implica a una serie de partes interesadas diferentes, entre las que se incluyen operadores establecidos del sector energ\u00e9tico y nuevas empresas. A medida que maduren las distintas tecnolog\u00edas y normativas, este panorama podr\u00eda experimentar cambios en los pr\u00f3ximos a\u00f1os, con la entrada de nuevos actores o la definici\u00f3n de nuevas funciones.<\/p>\n<\/div><\/m-wysiwig>\n","protected":false},"excerpt":{"rendered":"","protected":false},"featured_media":0,"parent":174390,"menu_order":0,"comment_status":"closed","ping_status":"closed","template":"","meta":{"_acf_changed":false,"footnotes":""},"class_list":["post-254543","page","type-page","status-publish","hentry"],"acf":[],"yoast_head":"<!-- This site is optimized with the Yoast SEO plugin v27.2 - https:\/\/yoast.com\/product\/yoast-seo-wordpress\/ -->\n<title>Almacenamiento de Energ\u00eda - Foresight - Ferrovial<\/title>\n<meta name=\"description\" content=\"Welcome to the Ferrovial&#039;s website, global operator of sustainable infrastructure. Here you can find all the information about the company and subsidiaries.\" \/>\n<meta name=\"robots\" content=\"index, follow, max-snippet:-1, max-image-preview:large, max-video-preview:-1\" \/>\n<link rel=\"canonical\" href=\"https:\/\/www.ferrovial.com\/es\/foresight\/escenarios\/almacenamiento-energia\/\" \/>\n<meta property=\"og:locale\" content=\"es_ES\" \/>\n<meta property=\"og:type\" content=\"article\" \/>\n<meta property=\"og:title\" content=\"Almacenamiento de Energ\u00eda - Foresight - Ferrovial\" \/>\n<meta property=\"og:description\" content=\"Welcome to the Ferrovial&#039;s website, global operator of sustainable infrastructure. Here you can find all the information about the company and subsidiaries.\" \/>\n<meta property=\"og:url\" content=\"https:\/\/www.ferrovial.com\/es\/foresight\/escenarios\/almacenamiento-energia\/\" \/>\n<meta property=\"og:site_name\" content=\"Ferrovial\" \/>\n<meta property=\"article:publisher\" content=\"https:\/\/www.facebook.com\/ferrovial\" \/>\n<meta property=\"article:modified_time\" content=\"2024-01-09T10:56:19+00:00\" \/>\n<meta property=\"og:image\" content=\"https:\/\/www.ferrovial.com\/wp-content\/uploads\/2023\/01\/cover-energy-storage-report-foresight-1-724x1024.png\" \/>\n<meta name=\"twitter:card\" content=\"summary_large_image\" \/>\n<meta name=\"twitter:site\" content=\"@ferrovial\" \/>\n<meta name=\"twitter:label1\" content=\"Est. reading time\" \/>\n\t<meta name=\"twitter:data1\" content=\"3 minutos\" \/>\n<!-- \/ Yoast SEO plugin. -->","yoast_head_json":{"title":"Almacenamiento de Energ\u00eda - Foresight - Ferrovial","description":"Welcome to the Ferrovial's website, global operator of sustainable infrastructure. Here you can find all the information about the company and subsidiaries.","robots":{"index":"index","follow":"follow","max-snippet":"max-snippet:-1","max-image-preview":"max-image-preview:large","max-video-preview":"max-video-preview:-1"},"canonical":"https:\/\/www.ferrovial.com\/es\/foresight\/escenarios\/almacenamiento-energia\/","og_locale":"es_ES","og_type":"article","og_title":"Almacenamiento de Energ\u00eda - Foresight - Ferrovial","og_description":"Welcome to the Ferrovial's website, global operator of sustainable infrastructure. Here you can find all the information about the company and subsidiaries.","og_url":"https:\/\/www.ferrovial.com\/es\/foresight\/escenarios\/almacenamiento-energia\/","og_site_name":"Ferrovial","article_publisher":"https:\/\/www.facebook.com\/ferrovial","article_modified_time":"2024-01-09T10:56:19+00:00","og_image":[{"url":"https:\/\/www.ferrovial.com\/wp-content\/uploads\/2023\/01\/cover-energy-storage-report-foresight-1-724x1024.png","type":"","width":"","height":""}],"twitter_card":"summary_large_image","twitter_site":"@ferrovial","twitter_misc":{"Est. reading time":"3 minutos"},"schema":{"@context":"https:\/\/schema.org","@graph":[{"@type":"WebPage","@id":"https:\/\/www.ferrovial.com\/es\/foresight\/escenarios\/almacenamiento-energia\/","url":"https:\/\/www.ferrovial.com\/es\/foresight\/escenarios\/almacenamiento-energia\/","name":"Almacenamiento de Energ\u00eda - Foresight - Ferrovial","isPartOf":{"@id":"https:\/\/www.ferrovial.com\/es\/#website"},"primaryImageOfPage":{"@id":"https:\/\/www.ferrovial.com\/es\/foresight\/escenarios\/almacenamiento-energia\/#primaryimage"},"image":{"@id":"https:\/\/www.ferrovial.com\/es\/foresight\/escenarios\/almacenamiento-energia\/#primaryimage"},"thumbnailUrl":"https:\/\/www.ferrovial.com\/wp-content\/uploads\/2023\/01\/cover-energy-storage-report-foresight-1-724x1024.png","datePublished":"2023-02-16T10:48:53+00:00","dateModified":"2024-01-09T10:56:19+00:00","description":"Welcome to the Ferrovial's website, global operator of sustainable infrastructure. Here you can find all the information about the company and subsidiaries.","breadcrumb":{"@id":"https:\/\/www.ferrovial.com\/es\/foresight\/escenarios\/almacenamiento-energia\/#breadcrumb"},"inLanguage":"es","potentialAction":[{"@type":"ReadAction","target":["https:\/\/www.ferrovial.com\/es\/foresight\/escenarios\/almacenamiento-energia\/"]}]},{"@type":"ImageObject","inLanguage":"es","@id":"https:\/\/www.ferrovial.com\/es\/foresight\/escenarios\/almacenamiento-energia\/#primaryimage","url":"https:\/\/www.ferrovial.com\/wp-content\/uploads\/2023\/01\/cover-energy-storage-report-foresight-1-724x1024.png","contentUrl":"https:\/\/www.ferrovial.com\/wp-content\/uploads\/2023\/01\/cover-energy-storage-report-foresight-1-724x1024.png"},{"@type":"BreadcrumbList","@id":"https:\/\/www.ferrovial.com\/es\/foresight\/escenarios\/almacenamiento-energia\/#breadcrumb","itemListElement":[{"@type":"ListItem","position":1,"name":"Portada","item":"https:\/\/www.ferrovial.com\/es\/"},{"@type":"ListItem","position":2,"name":"Foresight","item":"https:\/\/www.ferrovial.com\/es\/foresight\/"},{"@type":"ListItem","position":3,"name":"Escenarios","item":"https:\/\/www.ferrovial.com\/es\/foresight\/escenarios\/"},{"@type":"ListItem","position":4,"name":"Almacenamiento de Energ\u00eda &#8211; Foresight"}]},{"@type":"WebSite","@id":"https:\/\/www.ferrovial.com\/es\/#website","url":"https:\/\/www.ferrovial.com\/es\/","name":"Ferrovial","description":"Welcome to the Ferrovial&#039;s website, global operator of sustainable infrastructure. Here you can find all the information about the company and subsidiaries.","publisher":{"@id":"https:\/\/www.ferrovial.com\/es\/#organization"},"potentialAction":[{"@type":"SearchAction","target":{"@type":"EntryPoint","urlTemplate":"https:\/\/www.ferrovial.com\/es\/?s={search_term_string}"},"query-input":{"@type":"PropertyValueSpecification","valueRequired":true,"valueName":"search_term_string"}}],"inLanguage":"es"},{"@type":"Organization","@id":"https:\/\/www.ferrovial.com\/es\/#organization","name":"Ferrovial S.A.","url":"https:\/\/www.ferrovial.com\/es\/","logo":{"@type":"ImageObject","inLanguage":"es","@id":"https:\/\/www.ferrovial.com\/es\/#\/schema\/logo\/image\/","url":"https:\/\/static.ferrovial.com\/wp-content\/uploads\/2020\/01\/13124948\/logo-ferrovial-cf7.png","contentUrl":"https:\/\/static.ferrovial.com\/wp-content\/uploads\/2020\/01\/13124948\/logo-ferrovial-cf7.png","width":144,"height":32,"caption":"Ferrovial S.A."},"image":{"@id":"https:\/\/www.ferrovial.com\/es\/#\/schema\/logo\/image\/"},"sameAs":["https:\/\/www.facebook.com\/ferrovial","https:\/\/x.com\/ferrovial","https:\/\/www.instagram.com\/ferrovial\/","https:\/\/www.linkedin.com\/company\/ferrovial","https:\/\/www.pinterest.es\/ferrovial\/","https:\/\/www.youtube.com\/ferrovial","https:\/\/en.wikipedia.org\/wiki\/Ferrovial"]}]}},"_links":{"self":[{"href":"https:\/\/www.ferrovial.com\/es\/wp-json\/wp\/v2\/pages\/254543","targetHints":{"allow":["GET"]}}],"collection":[{"href":"https:\/\/www.ferrovial.com\/es\/wp-json\/wp\/v2\/pages"}],"about":[{"href":"https:\/\/www.ferrovial.com\/es\/wp-json\/wp\/v2\/types\/page"}],"replies":[{"embeddable":true,"href":"https:\/\/www.ferrovial.com\/es\/wp-json\/wp\/v2\/comments?post=254543"}],"version-history":[{"count":2,"href":"https:\/\/www.ferrovial.com\/es\/wp-json\/wp\/v2\/pages\/254543\/revisions"}],"predecessor-version":[{"id":273669,"href":"https:\/\/www.ferrovial.com\/es\/wp-json\/wp\/v2\/pages\/254543\/revisions\/273669"}],"up":[{"embeddable":true,"href":"https:\/\/www.ferrovial.com\/es\/wp-json\/wp\/v2\/pages\/174390"}],"wp:attachment":[{"href":"https:\/\/www.ferrovial.com\/es\/wp-json\/wp\/v2\/media?parent=254543"}],"curies":[{"name":"wp","href":"https:\/\/api.w.org\/{rel}","templated":true}]}}