{"id":258052,"date":"2023-03-16T16:11:19","date_gmt":"2023-03-16T15:11:19","guid":{"rendered":"https:\/\/www.ferrovial.com\/?page_id=258052"},"modified":"2023-10-05T09:53:24","modified_gmt":"2023-10-05T07:53:24","slug":"convertidor-de-zona-horaria","status":"publish","type":"page","link":"https:\/\/www.ferrovial.com\/es\/recursos\/convertidor-de-zona-horaria\/","title":{"rendered":"Convertidor de zona horaria\ufffc"},"content":{"rendered":"    <m-final-content-header >\n            <c-breadcrumb label-text=\"Breadcrumb\" slot=\"breadcrumbs\" type='2' align='left' wrap='wrapped wrapped' aria-label='Vienes de Recursos'>\n                        <ol>\n\n                                                            <li><a href=\"https:\/\/www.ferrovial.com\/es\/\" title=\"Ferrovial\">Ferrovial<\/a><\/li>\n                                                                        <li><a href=\"https:\/\/www.ferrovial.com\/es\/recursos\/\" title=\"Recursos\">Recursos<\/a><\/li>\n                                    \n                <\/ol>\n\n                <\/c-breadcrumb>\n    \n        <div slot=\"header\">\n            <h1>\n                Convertidor de zona horaria            <\/h1>\n                    <\/div>\n    <\/m-final-content-header>\n\n    \n\n\n<m-wysiwig class=\"wp-block-components-wysiwyg\"><div slot=\"maincontent\">\n<h2 class=\"wp-block-heading\"><strong>\u00bfQu\u00e9 es una zona horaria?<\/strong><\/h2>\n\n\n\n<script type=\"application\/ld+json\">\n{\n  \"@context\": \"https:\/\/schema.org\",\n  \"@type\": \"FAQPage\",\n  \"mainEntity\": [{\n    \"@type\": \"Question\",\n    \"name\": \"\u00bfQu\u00e9 es una zona horaria?\",\n    \"acceptedAnswer\": {\n      \"@type\": \"Answer\",\n      \"text\": \"Una zona horaria es un \u00e1rea o una regi\u00f3n que se rige por un est\u00e1ndar horario. En general, las zonas horarias o husos horarios est\u00e1n asociados a 24 franjas imaginarias que parten desde el polo norte hasta el polo sur. Las 24 franjas corresponder\u00edan a las 24 horas del d\u00eda; sin embargo, las zonas horarias no obedecen taxativamente a la segmentaci\u00f3n de los meridianos, sino que se deforman y ajustan tambi\u00e9n por motivos hist\u00f3ricos, pol\u00edticos, geogr\u00e1ficos, econ\u00f3micos y sociales.\"\n    }\n  },{\n    \"@type\": \"Question\",\n    \"name\": \"\u00bfC\u00f3mo se calcula o se convierte una hora?\",\n    \"acceptedAnswer\": {\n      \"@type\": \"Answer\",\n      \"text\": \"Las zonas horarias se calculan sumando o restando horas a partir del Tiempo Universal Coordinado (UTC), cuyo punto cero se traza por el meridiano de Greenwich .\nLa tierra tiene una rotaci\u00f3n de oeste a este, as\u00ed que los lugares que se encuentran en husos horarios hacia el este, con relaci\u00f3n al meridiano cero, suman horas; mientras que los que se encuentran hacia el oeste restan horas. Por lo general, los husos horarios se expresan como UTC, seguidos del signo + o \u2013 y el n\u00famero de horas que corresponden a la zona. Por ejemplo: la hora de Los \u00c1ngeles, en Estados Unidos se expresa como UTC-8, porque est\u00e1 a 8 husos horarios hacia el oeste respecto al UTC. Esto quiere decir que cuando en Londres son las 12:00 (UTC), en Los \u00c1ngeles son las 4:00 (UTC-8).\nHay pa\u00edses que, por su extensi\u00f3n, adoptan varios husos horarios en su territorio. Estados Unidos, por ejemplo, abarca 6 zonas horarias distintas. Rusia tiene una diferencia de nueve husos horarios desde Kaliningrado, en Europa Oriental (UTC+2), hasta Kamchatka (UTC+12). China, en cambio, con sus 400 kil\u00f3metros de ancho, mantiene el huso horario de Pek\u00edn (UTC+8) unificado para todo el pa\u00eds, en lugar de los 5 husos distintos que le corresponder\u00edan.\"\n    }\n  },{\n    \"@type\": \"Question\",\n    \"name\": \"\u00bfExiste diferencia entre GMT y UTC?\",\n    \"acceptedAnswer\": {\n      \"@type\": \"Answer\",\n      \"text\": \"Es frecuente encontrar GMT en lugar de UTC. Estas siglas se refieren a Greenwich Mean Time u Hora Media de Greenwich. Sin embargo, para efectos de uso cotidiano ambas siglas significan lo mismo.\"\n    }\n  },{\n    \"@type\": \"Question\",\n    \"name\": \"\u00bfQu\u00e9 es un convertidor de zona horaria?\",\n    \"acceptedAnswer\": {\n      \"@type\": \"Answer\",\n      \"text\": \"Existen muchas aplicaciones y soluciones web que permiten calcular y comparar qu\u00e9 hora es un lugar determinado. Los convertidores son m\u00e1s comunes de lo que se piensa y est\u00e1n integrados en muchos servicios y aplicaciones de uso cotidiano. Por ejemplo: cuando un usuario entra a un sitio web que ofrece live streaming y encuentra un determinado evento programado para el futuro, es muy probable que el horario anunciado est\u00e9 sincronizado con la zona horaria desde donde se conecta el usuario, pese a que el evento se realizar\u00e1 en una zona horaria distinta.\nLos tel\u00e9fonos inteligentes suelen tener integrada en su aplicaci\u00f3n de reloj un convertidor que muestra la hora de distintos lugares del mundo.\"\n    }\n  },{\n    \"@type\": \"Question\",\n    \"name\": \"\u00bfPara qu\u00e9 se utilizan los convertidores de zona horaria?\",\n    \"acceptedAnswer\": {\n      \"@type\": \"Answer\",\n      \"text\": \"Los convertidores de zona horaria son muy necesarios en un mundo globalizado, especialmente para equipos de trabajo remoto, negocios transnacionales, comunicaciones y transporte.\"\n    }\n  }]\n}\n<\/script><p>Una zona horaria es un <strong>\u00e1rea o una regi\u00f3n que se rige por un est\u00e1ndar horario<\/strong>. En general, las zonas horarias o husos horarios est\u00e1n asociados a 24 franjas imaginarias que parten desde el polo norte hasta el polo sur. Las 24 franjas corresponder\u00edan a las 24 horas del d\u00eda; sin embargo, las zonas horarias no obedecen taxativamente a la segmentaci\u00f3n de los meridianos, sino que se deforman y ajustan tambi\u00e9n por motivos hist\u00f3ricos, pol\u00edticos, geogr\u00e1ficos, econ\u00f3micos y sociales.<\/p>\n\n\n\n<h2 class=\"wp-block-heading\"><strong>\u00bfC\u00f3mo se calcula o se convierte una hora?<\/strong><\/h2>\n\n\n\n<p>Las zonas horarias se calculan sumando o restando horas a partir del Tiempo Universal Coordinado (UTC), cuyo punto cero se traza por el meridiano de Greenwich (que atraviesa de norte a sur el Oc\u00e9ano \u00c1rtico, el Mar de Groenlandia, el Mar de Noruega, el Mar del Norte, el <strong>Real Observatorio de Greenwich en Reino Unido<\/strong>, el Canal de la Mancha, Francia, Espa\u00f1a, el Mar Mediterr\u00e1neo, Argelia, Mali, Burkina Faso, Togo, Ghana, el Oc\u00e9ano Atl\u00e1ntico, el Oc\u00e9ano Ant\u00e1rtico y la Ant\u00e1rtida.&nbsp;<\/p>\n\n\n\n<p>La tierra tiene una rotaci\u00f3n de oeste a este, as\u00ed que los lugares que se encuentran en husos horarios <strong>hacia el este<\/strong>, con relaci\u00f3n al meridiano cero, <strong>suman horas<\/strong>; mientras que los que se encuentran <strong>hacia el oeste restan horas<\/strong>. Por lo general, los husos horarios se expresan como UTC, seguidos del signo + o &#8211; y el n\u00famero de horas que corresponden a la zona. Por ejemplo: la hora de Los \u00c1ngeles, en Estados Unidos se expresa como UTC-8, porque est\u00e1 a 8 husos horarios hacia el oeste respecto al UTC. Esto quiere decir que cuando en Londres son las 12:00 (UTC), en Los \u00c1ngeles son las 4:00 (UTC-8).<\/p>\n\n\n\n<p>Hay pa\u00edses que, por su extensi\u00f3n, adoptan varios husos horarios en su territorio. <a href=\"https:\/\/www.ferrovial.com\/es\/recursos\/mapa-horario-eeuu\" target=\"_blank\" rel=\"noreferrer noopener\">Estados Unidos<\/a>, por ejemplo, abarca 6 zonas horarias distintas. Rusia tiene una diferencia de nueve husos horarios desde Kaliningrado, en Europa Oriental (UTC+2), hasta Kamchatka (UTC+12). China, en cambio, con sus 400 kil\u00f3metros de ancho, mantiene el huso horario de Pek\u00edn (UTC+8) unificado para todo el pa\u00eds, en lugar de los 5 husos distintos que le corresponder\u00edan.<\/p>\n\n\n\n<h2 class=\"wp-block-heading\"><strong>\u00bfExiste diferencia entre GMT y UTC?<\/strong><\/h2>\n\n\n\n<p>Es frecuente encontrar GMT en lugar de UTC. Estas siglas se refieren a <em>Greenwich Mean Time <\/em>u Hora Media de Greenwich. Sin embargo, para efectos de uso cotidiano ambas siglas significan lo mismo.<\/p>\n\n\n\n<h2 class=\"wp-block-heading\"><strong>\u00bfQu\u00e9 es un convertidor de zona horaria?<\/strong><\/h2>\n\n\n\n<p>Existen muchas aplicaciones y soluciones web que permiten calcular y comparar qu\u00e9 hora es un lugar determinado. Los convertidores son m\u00e1s comunes de lo que se piensa y est\u00e1n integrados en muchos servicios y aplicaciones de uso cotidiano. Por ejemplo: cuando un usuario entra a un sitio web que ofrece <em>live streaming<\/em> y encuentra un determinado evento programado para el futuro, es muy probable que el horario anunciado est\u00e9 sincronizado con la zona horaria desde donde se conecta el usuario, pese a que el evento se realizar\u00e1 en una zona horaria distinta.<\/p>\n\n\n\n<p>Algunos convertidores de zona horaria populares son: <a href=\"https:\/\/oncehub.com\/\" target=\"_blank\" rel=\"noreferrer noopener\">ScheduleOnce<\/a>, <a href=\"https:\/\/www.timeanddate.com\/\" target=\"_blank\" rel=\"noreferrer noopener\">Time and Date<\/a> o <a href=\"https:\/\/timezone.io\/\" target=\"_blank\" rel=\"noreferrer noopener\">Timezone.io<\/a>. Los tel\u00e9fonos inteligentes suelen tener integrada en su aplicaci\u00f3n de reloj un convertidor que muestra la hora de distintos lugares del mundo.<\/p>\n\n\n\n<h2 class=\"wp-block-heading\"><strong>\u00bfPara qu\u00e9 se utilizan los convertidores de zona horaria?<\/strong><\/h2>\n\n\n\n<p>Los convertidores de zona horaria son muy necesarios en un mundo globalizado, especialmente para equipos de trabajo remoto, negocios transnacionales, comunicaciones y transporte.<\/p>\n<\/div><\/m-wysiwig>\n\n\n    <m-projects-distributor2 :translations='{\n        &quot;prev&quot;:&quot;Anterior&quot;,\n        &quot;next&quot;:&quot;Siguiente&quot;,\n        &quot;paginationseparator&quot;:&quot;de&quot;\n    }'>\n                        <h2 slot=\"title\">\n                Nuestros proyectos destacados                <\/h2>\n                        <a slot='button' title='Conoce nuestros proyectos ' href='https:\/\/www.ferrovial.com\/es\/cintra\/proyectos\/'>\n            Conoce nuestros proyectos         <\/a>\n\n            <\/m-projects-distributor2>\n\n    ","protected":false},"excerpt":{"rendered":"","protected":false},"featured_media":0,"parent":25267,"menu_order":0,"comment_status":"closed","ping_status":"closed","template":"","meta":{"_acf_changed":false,"footnotes":""},"class_list":["post-258052","page","type-page","status-publish","hentry"],"acf":[],"yoast_head":"<!-- This site is optimized with the Yoast SEO plugin v27.2 - https:\/\/yoast.com\/product\/yoast-seo-wordpress\/ -->\n<title>Convertidor de zona horaria\ufffc - Ferrovial<\/title>\n<meta name=\"description\" content=\"Los convertidores de zona horaria son muy necesarios en un mundo globalizado, especialmente para equipos de trabajo remoto, negocios transnacionales, comunicaciones y transporte.\" \/>\n<meta name=\"robots\" content=\"index, follow, max-snippet:-1, max-image-preview:large, max-video-preview:-1\" \/>\n<link rel=\"canonical\" href=\"https:\/\/www.ferrovial.com\/es\/recursos\/convertidor-de-zona-horaria\/\" \/>\n<meta property=\"og:locale\" content=\"es_ES\" \/>\n<meta property=\"og:type\" content=\"article\" \/>\n<meta property=\"og:title\" content=\"Convertidor de zona horaria\ufffc - Ferrovial\" \/>\n<meta property=\"og:description\" content=\"Los convertidores de zona horaria son muy necesarios en un mundo globalizado, especialmente para equipos de trabajo remoto, negocios transnacionales, comunicaciones y transporte.\" \/>\n<meta property=\"og:url\" content=\"https:\/\/www.ferrovial.com\/es\/recursos\/convertidor-de-zona-horaria\/\" \/>\n<meta property=\"og:site_name\" content=\"Ferrovial\" \/>\n<meta property=\"article:publisher\" content=\"https:\/\/www.facebook.com\/ferrovial\" \/>\n<meta property=\"article:modified_time\" content=\"2023-10-05T07:53:24+00:00\" \/>\n<meta name=\"twitter:card\" content=\"summary_large_image\" \/>\n<meta name=\"twitter:site\" content=\"@ferrovial\" \/>\n<meta name=\"twitter:label1\" content=\"Est. reading time\" \/>\n\t<meta name=\"twitter:data1\" content=\"3 minutos\" \/>\n<!-- \/ Yoast SEO plugin. -->","yoast_head_json":{"title":"Convertidor de zona horaria\ufffc - Ferrovial","description":"Los convertidores de zona horaria son muy necesarios en un mundo globalizado, especialmente para equipos de trabajo remoto, negocios transnacionales, comunicaciones y transporte.","robots":{"index":"index","follow":"follow","max-snippet":"max-snippet:-1","max-image-preview":"max-image-preview:large","max-video-preview":"max-video-preview:-1"},"canonical":"https:\/\/www.ferrovial.com\/es\/recursos\/convertidor-de-zona-horaria\/","og_locale":"es_ES","og_type":"article","og_title":"Convertidor de zona horaria\ufffc - Ferrovial","og_description":"Los convertidores de zona horaria son muy necesarios en un mundo globalizado, especialmente para equipos de trabajo remoto, negocios transnacionales, comunicaciones y transporte.","og_url":"https:\/\/www.ferrovial.com\/es\/recursos\/convertidor-de-zona-horaria\/","og_site_name":"Ferrovial","article_publisher":"https:\/\/www.facebook.com\/ferrovial","article_modified_time":"2023-10-05T07:53:24+00:00","twitter_card":"summary_large_image","twitter_site":"@ferrovial","twitter_misc":{"Est. reading time":"3 minutos"},"schema":{"@context":"https:\/\/schema.org","@graph":[{"@type":"WebPage","@id":"https:\/\/www.ferrovial.com\/es\/recursos\/convertidor-de-zona-horaria\/","url":"https:\/\/www.ferrovial.com\/es\/recursos\/convertidor-de-zona-horaria\/","name":"Convertidor de zona horaria\ufffc - Ferrovial","isPartOf":{"@id":"https:\/\/www.ferrovial.com\/es\/#website"},"datePublished":"2023-03-16T15:11:19+00:00","dateModified":"2023-10-05T07:53:24+00:00","description":"Los convertidores de zona horaria son muy necesarios en un mundo globalizado, especialmente para equipos de trabajo remoto, negocios transnacionales, comunicaciones y transporte.","breadcrumb":{"@id":"https:\/\/www.ferrovial.com\/es\/recursos\/convertidor-de-zona-horaria\/#breadcrumb"},"inLanguage":"es","potentialAction":[{"@type":"ReadAction","target":["https:\/\/www.ferrovial.com\/es\/recursos\/convertidor-de-zona-horaria\/"]}]},{"@type":"BreadcrumbList","@id":"https:\/\/www.ferrovial.com\/es\/recursos\/convertidor-de-zona-horaria\/#breadcrumb","itemListElement":[{"@type":"ListItem","position":1,"name":"Portada","item":"https:\/\/www.ferrovial.com\/es\/"},{"@type":"ListItem","position":2,"name":"Recursos","item":"https:\/\/www.ferrovial.com\/es\/recursos\/"},{"@type":"ListItem","position":3,"name":"Convertidor de zona horaria\ufffc"}]},{"@type":"WebSite","@id":"https:\/\/www.ferrovial.com\/es\/#website","url":"https:\/\/www.ferrovial.com\/es\/","name":"Ferrovial","description":"Welcome to the Ferrovial&#039;s website, global operator of sustainable infrastructure. Here you can find all the information about the company and subsidiaries.","publisher":{"@id":"https:\/\/www.ferrovial.com\/es\/#organization"},"potentialAction":[{"@type":"SearchAction","target":{"@type":"EntryPoint","urlTemplate":"https:\/\/www.ferrovial.com\/es\/?s={search_term_string}"},"query-input":{"@type":"PropertyValueSpecification","valueRequired":true,"valueName":"search_term_string"}}],"inLanguage":"es"},{"@type":"Organization","@id":"https:\/\/www.ferrovial.com\/es\/#organization","name":"Ferrovial S.A.","url":"https:\/\/www.ferrovial.com\/es\/","logo":{"@type":"ImageObject","inLanguage":"es","@id":"https:\/\/www.ferrovial.com\/es\/#\/schema\/logo\/image\/","url":"https:\/\/static.ferrovial.com\/wp-content\/uploads\/2020\/01\/13124948\/logo-ferrovial-cf7.png","contentUrl":"https:\/\/static.ferrovial.com\/wp-content\/uploads\/2020\/01\/13124948\/logo-ferrovial-cf7.png","width":144,"height":32,"caption":"Ferrovial S.A."},"image":{"@id":"https:\/\/www.ferrovial.com\/es\/#\/schema\/logo\/image\/"},"sameAs":["https:\/\/www.facebook.com\/ferrovial","https:\/\/x.com\/ferrovial","https:\/\/www.instagram.com\/ferrovial\/","https:\/\/www.linkedin.com\/company\/ferrovial","https:\/\/www.pinterest.es\/ferrovial\/","https:\/\/www.youtube.com\/ferrovial","https:\/\/en.wikipedia.org\/wiki\/Ferrovial"]}]}},"_links":{"self":[{"href":"https:\/\/www.ferrovial.com\/es\/wp-json\/wp\/v2\/pages\/258052","targetHints":{"allow":["GET"]}}],"collection":[{"href":"https:\/\/www.ferrovial.com\/es\/wp-json\/wp\/v2\/pages"}],"about":[{"href":"https:\/\/www.ferrovial.com\/es\/wp-json\/wp\/v2\/types\/page"}],"replies":[{"embeddable":true,"href":"https:\/\/www.ferrovial.com\/es\/wp-json\/wp\/v2\/comments?post=258052"}],"version-history":[{"count":3,"href":"https:\/\/www.ferrovial.com\/es\/wp-json\/wp\/v2\/pages\/258052\/revisions"}],"predecessor-version":[{"id":269207,"href":"https:\/\/www.ferrovial.com\/es\/wp-json\/wp\/v2\/pages\/258052\/revisions\/269207"}],"up":[{"embeddable":true,"href":"https:\/\/www.ferrovial.com\/es\/wp-json\/wp\/v2\/pages\/25267"}],"wp:attachment":[{"href":"https:\/\/www.ferrovial.com\/es\/wp-json\/wp\/v2\/media?parent=258052"}],"curies":[{"name":"wp","href":"https:\/\/api.w.org\/{rel}","templated":true}]}}