{"id":258055,"date":"2023-03-16T16:17:46","date_gmt":"2023-03-16T15:17:46","guid":{"rendered":"https:\/\/www.ferrovial.com\/?page_id=258055"},"modified":"2024-06-05T11:58:22","modified_gmt":"2024-06-05T09:58:22","slug":"mapa-horario-eeuu","status":"publish","type":"page","link":"https:\/\/www.ferrovial.com\/es\/recursos\/mapa-horario-eeuu\/","title":{"rendered":"Mapa horario de EE.UU."},"content":{"rendered":"    <m-final-content-header >\n            <c-breadcrumb label-text=\"Breadcrumb\" slot=\"breadcrumbs\" type='2' align='left' wrap='wrapped wrapped' aria-label='Vienes de Recursos'>\n                        <ol>\n\n                                                            <li><a href=\"https:\/\/www.ferrovial.com\/es\/\" title=\"Ferrovial\">Ferrovial<\/a><\/li>\n                                                                        <li><a href=\"https:\/\/www.ferrovial.com\/es\/recursos\/\" title=\"Recursos\">Recursos<\/a><\/li>\n                                    \n                <\/ol>\n\n                <\/c-breadcrumb>\n    \n        <div slot=\"header\">\n            <h1>\n                Mapa horario de EE.UU.            <\/h1>\n                    <\/div>\n    <\/m-final-content-header>\n\n    \n\n\n<m-wysiwig class=\"wp-block-components-wysiwyg\"><div slot=\"maincontent\">\n<h2 class=\"wp-block-heading\"><strong>\u00bfCu\u00e1ntas zonas horarias hay en el mapa de Estados Unidos?<\/strong><\/h2>\n\n\n\n<p><script type=\"application\/ld+json\">\n{\n  \"@context\": \"https:\/\/schema.org\",\n  \"@type\": \"FAQPage\",\n  \"mainEntity\": [{\n    \"@type\": \"Question\",\n    \"name\": \"\u00bfCu\u00e1ntas zonas horarias hay en el mapa de Estados Unidos?\",\n    \"acceptedAnswer\": {\n      \"@type\": \"Answer\",\n      \"text\": \"El \u00e1rea principal del pa\u00eds abarca 6 zonas horarias, conformadas por las 4 zonas de los estados contiguos de Norteam\u00e9rica continental, m\u00e1s el estado de Alaska y las islas de Hawai. Sin embargo, la legislaci\u00f3n de los Estados Unidos refiere un total de 9 zonas horarias que incluyen tambi\u00e9n los territorios no incorporados, como: Puerto Rico, las Islas V\u00edrgenes, Samoa Americana, Guam y las Islas Marianas.\"\n    }\n  },{\n    \"@type\": \"Question\",\n    \"name\": \"\u00bfC\u00f3mo se calcula el huso horario de Estados Unidos?\",\n    \"acceptedAnswer\": {\n      \"@type\": \"Answer\",\n      \"text\": \"Las zonas horarias se calculan por compensaci\u00f3n, sumando o restando horas a partir del Tiempo Universal Coordinado (UTC), cuyo punto cero se traza a lo largo del meridiano de Greenwich. Los territorios que est\u00e1n hacia el oeste del meridiano de Greenwich restan horas al reloj, mientras que los que se ubican hacia el este suman horas. Por lo general, los husos horarios se expresan como UTC (o tambi\u00e9n GMT), seguidos del signo + o \u2013 y el n\u00famero de horas que corresponden a la zona. \n\nEn el mapa horario de los Estados Unidos, la \u00fanica zona que se encuentra en el lado este con relaci\u00f3n al UTC es la zona horaria de Chamorro (UTC+10). Todos los dem\u00e1s husos horarios se calculan restando horas al reloj a medida que se alejan hacia el oeste. As\u00ed, cuando en Londres (UK) son las 12:00 del mediod\u00eda, en Nueva York son las 7:00 de la ma\u00f1ana y en Los \u00c1ngeles son las 4:00.\"\n    }\n  },{\n    \"@type\": \"Question\",\n    \"name\": \"\u00bfCu\u00e1les son los husos horarios de Estados Unidos?\",\n    \"acceptedAnswer\": {\n      \"@type\": \"Answer\",\n      \"text\": \"De este a oeste, las zonas horarias que comprende la legislaci\u00f3n de Estados Unidos se ordenan as\u00ed:\n\n<ul>\n<li>En el UTC+10: la Hora Est\u00e1ndar de Chamorro, y se abrevia se abrevia ChST. En el mapa de los Estados Unidos, esta zona alcanza la isla de Guam y las Islas Marianas del Norte, que comparten huso horario con la Hora Est\u00e1ndar del Este Australiano, Pap\u00faa Nueva Guinea y la hora de Vladivostok, en Rusia. <\/li>\n<li>En el UTC-4: la Hora Est\u00e1ndar del Atl\u00e1ntico (AST), donde se encuentran Puerto Rico y las Islas V\u00edrgenes. Comparte uso con Quebec (Canad\u00e1); gran cantidad de Islas del Caribe (como Cuba y Rep\u00fablica Dominicana), Venezuela, parte de Brasil, Bolivia, Paraguay y Chile.\n<\/li>\n<li>En el UTC-5: la Hora Est\u00e1ndar del Este (EST). Abarca 23 estados de Norteam\u00e9rica continental que se encuentran hacia la Costa Atl\u00e1ntica y el Valle de Ohio. Es una de las 4 zonas de los llamados estados contiguos de Estados Unidos. Nueva York y Washington D. C. son dos de las ciudades que suelen usarse como referentes horarios de la EST. Comparte horario parcialmente con pa\u00edses como Canad\u00e1, M\u00e9xico, Per\u00fa y Brasil.\n<\/li>\n<li>En el UTC-6: la Hora Est\u00e1ndar Central (CST). Va aproximadamente desde la costa del Golfo al valle de Mississippi y las Grandes Llanuras. Dallas y Chicago suelen ser dos de los puntos de referencia cuando se habla de esta zona horaria. La CST es una de las 4 zonas de los estados contiguos de Estados Unidos. Comparte el huso con Canad\u00e1, M\u00e9xico, Guatemala, Honduras, El Salvador, Nicaragua, Costa Rica y las Islas Gal\u00e1pagos (Ecuador). \n<\/li>\n<li>En el UTC-7: la Hora Est\u00e1ndar de la Monta\u00f1a (MST). Es tambi\u00e9n una de las 4 zonas de los estados contiguos de Estados Unidos. Abarca Arizona, Montana, Nuevo M\u00e9xico, Colorado, Utah y Wyoming; as\u00ed como parcialmente Idaho, Kansas, Nebraska, Nevada, Dakota del Norte, Oklahoma, Dakota del Sur, Oreg\u00f3n y Texas. Denver, la capital de Colorado, es una ciudad que se usa frecuentemente para indicar esta zona horaria.\n<\/li>\n<li>En el UTC-8: la Hora Est\u00e1ndar del Pac\u00edfico (PST). Abarca la Regi\u00f3n Oeste del pa\u00eds: California, Washington, parte de Nevada, Oreg\u00f3n y tambi\u00e9n Idaho. Comparte el huso con M\u00e9xico y Canad\u00e1. Pertenece a una de las 4 zonas horarias de los Estados Unidos contiguos. La ciudad de referencia de la PST suele ser Los \u00c1ngeles.\n<\/li>\n<li>En el UTC-9: la Hora Est\u00e1ndar de Alaska (ALKS). Comparte el huso con las Islas Gambier de la Polinesia Francesa.\n<\/li>\n<li>En el UTC-10: la Hora Est\u00e1ndar Hawaiano-Aleutiano (HAST), tambi\u00e9n conocida como la Hora Est\u00e1ndar de Haw\u00e1i (HST). \n<\/li>\n<li>En el UTC-11: la Hora Est\u00e1ndar de Samoa (SST). Abarca la Samoa Americana, el punto m\u00e1s occidental del territorio de los Estados Unidos. Comparte el huso con Nueva Zelanda.\n<\/li><\/ul>\"\n    }\n  }]\n}\n<\/script><p>El \u00e1rea principal del pa\u00eds abarca 6 zonas horarias, conformadas por las <strong>4 zonas de los estados contiguos de Norteam\u00e9rica continental<\/strong>, m\u00e1s el estado de Alaska y las islas de Hawai. Sin embargo, la <strong>legislaci\u00f3n de los Estados Unidos refiere un total de 9 zonas horarias<\/strong> que incluyen tambi\u00e9n los territorios no incorporados, como: Puerto Rico, las Islas V\u00edrgenes, Samoa Americana, Guam y las Islas Marianas.&nbsp;<\/p><\/p>\n\n\n\n<h2 class=\"wp-block-heading\"><strong>\u00bfC\u00f3mo se calcula el huso horario de Estados Unidos?<\/strong><\/h2>\n\n\n\n<p>Las zonas horarias se calculan <strong>por compensaci\u00f3n<\/strong>, sumando o restando horas a partir del Tiempo Universal Coordinado (UTC), cuyo punto cero se traza a lo largo del meridiano de Greenwich. Los territorios que est\u00e1n hacia el oeste del meridiano de Greenwich restan horas al reloj, mientras que los que se ubican hacia el este suman horas. Por lo general, los husos horarios se expresan como UTC (o tambi\u00e9n GMT), seguidos del signo + o &#8211; y el n\u00famero de horas que corresponden a la zona.&nbsp;<\/p>\n\n\n\n<p>En el mapa horario de los Estados Unidos, la \u00fanica zona que se encuentra en el lado este con relaci\u00f3n al UTC es la zona horaria de Chamorro (UTC+10). Todos los dem\u00e1s husos horarios se calculan restando horas al reloj a medida que se alejan hacia el oeste. As\u00ed, <strong>cuando en Londres (UK) son las 12:00 del mediod\u00eda, en Nueva York son las 7:00 de la ma\u00f1ana y en Los \u00c1ngeles son las 4:00<\/strong>.<\/p>\n\n\n\n<h2 class=\"wp-block-heading\"><strong>\u00bfCu\u00e1les son los husos horarios de Estados Unidos?<\/strong><\/h2>\n\n\n\n<p>De este a oeste, las zonas horarias que comprende la legislaci\u00f3n de Estados Unidos se ordenan as\u00ed:<\/p>\n\n\n\n<ul class=\"wp-block-list\">\n<li>En el <strong>UTC+10:<\/strong> la <strong>Hora Est\u00e1ndar de Chamorro<\/strong>, y se abrevia se abrevia <strong>ChST<\/strong>. En el mapa de los Estados Unidos, esta zona alcanza la isla de <strong>Guam y las Islas Marianas del Norte<\/strong>, que comparten huso horario con la Hora Est\u00e1ndar del Este Australiano, Pap\u00faa Nueva Guinea y la hora de Vladivostok, en Rusia.&nbsp;<\/li>\n\n\n\n<li>En el <strong>UTC-4:<\/strong> la <strong>Hora Est\u00e1ndar del Atl\u00e1ntico (AST)<\/strong>, donde se encuentran <strong>Puerto Rico y las Islas V\u00edrgenes<\/strong>. Comparte uso con Quebec (Canad\u00e1); gran cantidad de Islas del Caribe (como Cuba y Rep\u00fablica Dominicana), Venezuela, parte de Brasil, Bolivia, Paraguay y Chile.<\/li>\n\n\n\n<li>En el <strong>UTC-5:<\/strong> la <strong>Hora Est\u00e1ndar del Este (EST)<\/strong>. Abarca 23 estados de Norteam\u00e9rica continental que se encuentran hacia la Costa Atl\u00e1ntica y el Valle de Ohio. <strong>Es una de las 4 zonas <\/strong>de los llamados <strong>estados contiguos <\/strong>de Estados Unidos. <strong>Nueva York <\/strong>y <strong>Washington D. C.<\/strong> son dos de las ciudades que suelen usarse como referentes horarios de la EST. Comparte horario parcialmente con pa\u00edses como Canad\u00e1, M\u00e9xico, Per\u00fa y Brasil.<\/li>\n\n\n\n<li>En el <strong>UTC-6:<\/strong> la <strong>Hora Est\u00e1ndar Central<\/strong> <strong>(CST)<\/strong>. Va aproximadamente desde la costa del Golfo al valle de Mississippi y las Grandes Llanuras. <strong>Dallas y Chicago<\/strong> suelen ser dos de los puntos de referencia cuando se habla de esta zona horaria. La CST <strong>es una de las 4 zonas de los estados contiguos <\/strong>de Estados Unidos. Comparte el huso con Canad\u00e1, M\u00e9xico, Guatemala, Honduras, El Salvador, Nicaragua, Costa Rica y las Islas Gal\u00e1pagos (Ecuador).&nbsp;<\/li>\n\n\n\n<li>En el <strong>UTC-7<\/strong>: la <strong>Hora Est\u00e1ndar de la Monta\u00f1a (MST)<\/strong>. Es tambi\u00e9n <strong>una de las 4 zonas de los estados contiguos<\/strong> de Estados Unidos. Abarca Arizona, Montana, Nuevo M\u00e9xico, Colorado, Utah y Wyoming; as\u00ed como parcialmente Idaho, Kansas, Nebraska, Nevada, Dakota del Norte, Oklahoma, Dakota del Sur, Oreg\u00f3n y Texas. <strong>Denver<\/strong>, la capital de Colorado, es una ciudad que se usa frecuentemente para indicar esta zona horaria.<\/li>\n\n\n\n<li>En el <strong>UTC-8<\/strong>: la <strong>Hora Est\u00e1ndar del Pac\u00edfico (PST)<\/strong>. Abarca la Regi\u00f3n Oeste del pa\u00eds: California, Washington, parte de Nevada, Oreg\u00f3n y tambi\u00e9n Idaho. Comparte el huso con M\u00e9xico y Canad\u00e1. <strong>Pertenece a una de las 4 zonas horarias de los Estados Unidos contiguos<\/strong>. La ciudad de referencia de la PST suele ser <strong>Los \u00c1ngeles<\/strong>.<\/li>\n\n\n\n<li>En el <strong>UTC-9:<\/strong> la <strong>Hora Est\u00e1ndar de Alaska (ALKS)<\/strong>. Comparte el huso con las Islas Gambier de la Polinesia Francesa.<\/li>\n\n\n\n<li>En el <strong>UTC-10:<\/strong> la <strong>Hora Est\u00e1ndar Hawaiano-Aleutiano (HAST)<\/strong>, tambi\u00e9n conocida como la Hora Est\u00e1ndar de Haw\u00e1i <strong>(HST)<\/strong>.&nbsp;<\/li>\n\n\n\n<li>En el <strong>UTC-11:<\/strong> la <strong>Hora Est\u00e1ndar de Samoa<\/strong> <strong>(SST)<\/strong>. Abarca la Samoa Americana, el punto m\u00e1s occidental del territorio de los Estados Unidos. Comparte el huso con Nueva Zelanda.<\/li>\n<\/ul>\n<\/div><\/m-wysiwig>\n\n\n    <m-projects-distributor2 :translations='{\n        &quot;prev&quot;:&quot;Anterior&quot;,\n        &quot;next&quot;:&quot;Siguiente&quot;,\n        &quot;paginationseparator&quot;:&quot;de&quot;\n    }'>\n                        <h2 slot=\"title\">\n                Nuestros proyectos destacados                <\/h2>\n                        <a slot='button' title='Conoce nuestros proyectos ' href='https:\/\/www.ferrovial.com\/es\/cintra\/proyectos\/'>\n            Conoce nuestros proyectos         <\/a>\n\n            <\/m-projects-distributor2>\n\n    ","protected":false},"excerpt":{"rendered":"","protected":false},"featured_media":0,"parent":25267,"menu_order":0,"comment_status":"closed","ping_status":"closed","template":"","meta":{"_acf_changed":false,"footnotes":""},"class_list":["post-258055","page","type-page","status-publish","hentry"],"acf":[],"yoast_head":"<!-- This site is optimized with the Yoast SEO plugin v27.2 - https:\/\/yoast.com\/product\/yoast-seo-wordpress\/ -->\n<title>Mapa horario de EE.UU., husos horarios y su c\u00e1lculo - Ferrovial<\/title>\n<meta name=\"description\" content=\"La legislaci\u00f3n de los Estados Unidos refiere un total de 9 zonas horarias que incluyen tambi\u00e9n los territorios no incorporados, como: Puerto Rico, las Islas V\u00edrgenes, Samoa Americana, Guam y las Islas Marianas.\" \/>\n<meta name=\"robots\" content=\"index, follow, max-snippet:-1, max-image-preview:large, max-video-preview:-1\" \/>\n<link rel=\"canonical\" href=\"https:\/\/www.ferrovial.com\/es\/recursos\/mapa-horario-eeuu\/\" \/>\n<meta property=\"og:locale\" content=\"es_ES\" \/>\n<meta property=\"og:type\" content=\"article\" \/>\n<meta property=\"og:title\" content=\"Mapa horario de EE.UU., husos horarios y su c\u00e1lculo - Ferrovial\" \/>\n<meta property=\"og:description\" content=\"La legislaci\u00f3n de los Estados Unidos refiere un total de 9 zonas horarias que incluyen tambi\u00e9n los territorios no incorporados, como: Puerto Rico, las Islas V\u00edrgenes, Samoa Americana, Guam y las Islas Marianas.\" \/>\n<meta property=\"og:url\" content=\"https:\/\/www.ferrovial.com\/es\/recursos\/mapa-horario-eeuu\/\" \/>\n<meta property=\"og:site_name\" content=\"Ferrovial\" \/>\n<meta property=\"article:publisher\" content=\"https:\/\/www.facebook.com\/ferrovial\" \/>\n<meta property=\"article:modified_time\" content=\"2024-06-05T09:58:22+00:00\" \/>\n<meta name=\"twitter:card\" content=\"summary_large_image\" \/>\n<meta name=\"twitter:site\" content=\"@ferrovial\" \/>\n<meta name=\"twitter:label1\" content=\"Est. reading time\" \/>\n\t<meta name=\"twitter:data1\" content=\"4 minutos\" \/>\n<!-- \/ Yoast SEO plugin. -->","yoast_head_json":{"title":"Mapa horario de EE.UU., husos horarios y su c\u00e1lculo - Ferrovial","description":"La legislaci\u00f3n de los Estados Unidos refiere un total de 9 zonas horarias que incluyen tambi\u00e9n los territorios no incorporados, como: Puerto Rico, las Islas V\u00edrgenes, Samoa Americana, Guam y las Islas Marianas.","robots":{"index":"index","follow":"follow","max-snippet":"max-snippet:-1","max-image-preview":"max-image-preview:large","max-video-preview":"max-video-preview:-1"},"canonical":"https:\/\/www.ferrovial.com\/es\/recursos\/mapa-horario-eeuu\/","og_locale":"es_ES","og_type":"article","og_title":"Mapa horario de EE.UU., husos horarios y su c\u00e1lculo - Ferrovial","og_description":"La legislaci\u00f3n de los Estados Unidos refiere un total de 9 zonas horarias que incluyen tambi\u00e9n los territorios no incorporados, como: Puerto Rico, las Islas V\u00edrgenes, Samoa Americana, Guam y las Islas Marianas.","og_url":"https:\/\/www.ferrovial.com\/es\/recursos\/mapa-horario-eeuu\/","og_site_name":"Ferrovial","article_publisher":"https:\/\/www.facebook.com\/ferrovial","article_modified_time":"2024-06-05T09:58:22+00:00","twitter_card":"summary_large_image","twitter_site":"@ferrovial","twitter_misc":{"Est. reading time":"4 minutos"},"schema":{"@context":"https:\/\/schema.org","@graph":[{"@type":"WebPage","@id":"https:\/\/www.ferrovial.com\/es\/recursos\/mapa-horario-eeuu\/","url":"https:\/\/www.ferrovial.com\/es\/recursos\/mapa-horario-eeuu\/","name":"Mapa horario de EE.UU., husos horarios y su c\u00e1lculo - Ferrovial","isPartOf":{"@id":"https:\/\/www.ferrovial.com\/es\/#website"},"datePublished":"2023-03-16T15:17:46+00:00","dateModified":"2024-06-05T09:58:22+00:00","description":"La legislaci\u00f3n de los Estados Unidos refiere un total de 9 zonas horarias que incluyen tambi\u00e9n los territorios no incorporados, como: Puerto Rico, las Islas V\u00edrgenes, Samoa Americana, Guam y las Islas Marianas.","breadcrumb":{"@id":"https:\/\/www.ferrovial.com\/es\/recursos\/mapa-horario-eeuu\/#breadcrumb"},"inLanguage":"es","potentialAction":[{"@type":"ReadAction","target":["https:\/\/www.ferrovial.com\/es\/recursos\/mapa-horario-eeuu\/"]}]},{"@type":"BreadcrumbList","@id":"https:\/\/www.ferrovial.com\/es\/recursos\/mapa-horario-eeuu\/#breadcrumb","itemListElement":[{"@type":"ListItem","position":1,"name":"Portada","item":"https:\/\/www.ferrovial.com\/es\/"},{"@type":"ListItem","position":2,"name":"Recursos","item":"https:\/\/www.ferrovial.com\/es\/recursos\/"},{"@type":"ListItem","position":3,"name":"Mapa horario de EE.UU."}]},{"@type":"WebSite","@id":"https:\/\/www.ferrovial.com\/es\/#website","url":"https:\/\/www.ferrovial.com\/es\/","name":"Ferrovial","description":"Welcome to the Ferrovial&#039;s website, global operator of sustainable infrastructure. Here you can find all the information about the company and subsidiaries.","publisher":{"@id":"https:\/\/www.ferrovial.com\/es\/#organization"},"potentialAction":[{"@type":"SearchAction","target":{"@type":"EntryPoint","urlTemplate":"https:\/\/www.ferrovial.com\/es\/?s={search_term_string}"},"query-input":{"@type":"PropertyValueSpecification","valueRequired":true,"valueName":"search_term_string"}}],"inLanguage":"es"},{"@type":"Organization","@id":"https:\/\/www.ferrovial.com\/es\/#organization","name":"Ferrovial S.A.","url":"https:\/\/www.ferrovial.com\/es\/","logo":{"@type":"ImageObject","inLanguage":"es","@id":"https:\/\/www.ferrovial.com\/es\/#\/schema\/logo\/image\/","url":"https:\/\/static.ferrovial.com\/wp-content\/uploads\/2020\/01\/13124948\/logo-ferrovial-cf7.png","contentUrl":"https:\/\/static.ferrovial.com\/wp-content\/uploads\/2020\/01\/13124948\/logo-ferrovial-cf7.png","width":144,"height":32,"caption":"Ferrovial S.A."},"image":{"@id":"https:\/\/www.ferrovial.com\/es\/#\/schema\/logo\/image\/"},"sameAs":["https:\/\/www.facebook.com\/ferrovial","https:\/\/x.com\/ferrovial","https:\/\/www.instagram.com\/ferrovial\/","https:\/\/www.linkedin.com\/company\/ferrovial","https:\/\/www.pinterest.es\/ferrovial\/","https:\/\/www.youtube.com\/ferrovial","https:\/\/en.wikipedia.org\/wiki\/Ferrovial"]}]}},"_links":{"self":[{"href":"https:\/\/www.ferrovial.com\/es\/wp-json\/wp\/v2\/pages\/258055","targetHints":{"allow":["GET"]}}],"collection":[{"href":"https:\/\/www.ferrovial.com\/es\/wp-json\/wp\/v2\/pages"}],"about":[{"href":"https:\/\/www.ferrovial.com\/es\/wp-json\/wp\/v2\/types\/page"}],"replies":[{"embeddable":true,"href":"https:\/\/www.ferrovial.com\/es\/wp-json\/wp\/v2\/comments?post=258055"}],"version-history":[{"count":3,"href":"https:\/\/www.ferrovial.com\/es\/wp-json\/wp\/v2\/pages\/258055\/revisions"}],"predecessor-version":[{"id":283110,"href":"https:\/\/www.ferrovial.com\/es\/wp-json\/wp\/v2\/pages\/258055\/revisions\/283110"}],"up":[{"embeddable":true,"href":"https:\/\/www.ferrovial.com\/es\/wp-json\/wp\/v2\/pages\/25267"}],"wp:attachment":[{"href":"https:\/\/www.ferrovial.com\/es\/wp-json\/wp\/v2\/media?parent=258055"}],"curies":[{"name":"wp","href":"https:\/\/api.w.org\/{rel}","templated":true}]}}