{"id":258057,"date":"2023-03-16T16:25:31","date_gmt":"2023-03-16T15:25:31","guid":{"rendered":"https:\/\/www.ferrovial.com\/?page_id=258057"},"modified":"2023-10-05T10:23:54","modified_gmt":"2023-10-05T08:23:54","slug":"planta-electrica","status":"publish","type":"page","link":"https:\/\/www.ferrovial.com\/es\/recursos\/planta-electrica\/","title":{"rendered":"Planta el\u00e9ctrica"},"content":{"rendered":"    <m-final-content-header >\n            <c-breadcrumb label-text=\"Breadcrumb\" slot=\"breadcrumbs\" type='2' align='left' wrap='wrapped wrapped' aria-label='Vienes de Recursos'>\n                        <ol>\n\n                                                            <li><a href=\"https:\/\/www.ferrovial.com\/es\/\" title=\"Ferrovial\">Ferrovial<\/a><\/li>\n                                                                        <li><a href=\"https:\/\/www.ferrovial.com\/es\/recursos\/\" title=\"Recursos\">Recursos<\/a><\/li>\n                                    \n                <\/ol>\n\n                <\/c-breadcrumb>\n    \n        <div slot=\"header\">\n            <h1>\n                Planta el\u00e9ctrica            <\/h1>\n                    <\/div>\n    <\/m-final-content-header>\n\n    \n\n\n<m-wysiwig class=\"wp-block-components-wysiwyg\"><div slot=\"maincontent\">\n<h2 class=\"wp-block-heading\"><strong>\u00bfQu\u00e9 es una planta el\u00e9ctrica?<\/strong><\/h2>\n\n\n\n<script type=\"application\/ld+json\">\n{\n  \"@context\": \"https:\/\/schema.org\",\n  \"@type\": \"FAQPage\",\n  \"mainEntity\": [{\n    \"@type\": \"Question\",\n    \"name\": \"\u00bfQu\u00e9 es una planta el\u00e9ctrica?\",\n    \"acceptedAnswer\": {\n      \"@type\": \"Answer\",\n      \"text\": \"Es una instalaci\u00f3n industrial para generar energ\u00eda el\u00e9ctrica.\"\n    }\n  },{\n    \"@type\": \"Question\",\n    \"name\": \"\u00bfCu\u00e1les son las partes de una planta el\u00e9ctrica?\",\n    \"acceptedAnswer\": {\n      \"@type\": \"Answer\",\n      \"text\": \"Las plantas el\u00e9ctricas pueden ser distintas entre ellas, pero algunos de sus componentes principales son:\n<ul>\n<li>Fuente de calor<\/li>\n<li>Generador de vapor<\/li>\n<li>Turbina<\/li>\n<li>Generador<\/li>\n<li>Condensador<\/li>\n<li>Torres de enfriamiento<\/li><\/ul>\"\n    }\n  },{\n    \"@type\": \"Question\",\n    \"name\": \"\u00bfQu\u00e9 es el ciclo de Rankine?\",\n    \"acceptedAnswer\": {\n      \"@type\": \"Answer\",\n      \"text\": \"Es un circuito termodin\u00e1mico en el que se convierte el calor en trabajo. Esto se logra calentando agua en una caldera hasta que se evapora, y aumentando la presi\u00f3n del vapor que alcanzar\u00e1 una turbina, donde producir\u00e1 energ\u00eda cin\u00e9tica al tiempo que pierde presi\u00f3n. Finalmente, el vapor se condensa, transform\u00e1ndose de nuevo en agua y cerrando el ciclo.\n\nEn las plantas nucleares, el ciclo de Rankine es activado por una reacci\u00f3n nuclear, a diferencia de lo que ocurre en otros tipos de plantas, en las que la fuente de calor que inicia el ciclo puede provenir, por ejemplo, de un combustible f\u00f3sil.\"\n    }\n  },{\n    \"@type\": \"Question\",\n    \"name\": \"\u00bfQu\u00e9 tipos de plantas el\u00e9ctricas existen?\",\n    \"acceptedAnswer\": {\n      \"@type\": \"Answer\",\n      \"text\": \"Seg\u00fan la fuente de calor, las plantas el\u00e9ctricas pueden clasificarse como:\n\n<ul>\n<li>De combustible f\u00f3sil.\n<\/li>\n<li>Nuclear.\n<\/li>\n<li>De energ\u00eda geot\u00e9rmica.\n<\/li>\n<li>De biomasa.\n<\/li>\n<li>De calor residual <\/li>\n<li>Solar t\u00e9rmica.\n<\/li>\n<\/ul>\nLas plantas tambi\u00e9n pueden tener distintos tipos de turbina:\n\n<ul>\n<li>Turbina de vapor.\n<\/li>\n<li>Turbina de gas.\n<\/li>\n<li>De ciclo combinado (turbina de gas y turbina de vapor).\n<\/li>\n<li>Microturbinas y motor Stirling.\n<\/li>\n<\/ul>\"\n    }\n  }]\n}\n<\/script><p>Es una instalaci\u00f3n industrial para <strong>generar energ\u00eda el\u00e9ctrica<\/strong>.&nbsp;<\/p>\n\n\n\n<h2 class=\"wp-block-heading\"><strong>\u00bfCu\u00e1les son las partes de una planta el\u00e9ctrica?<\/strong><\/h2>\n\n\n\n<p>Las plantas el\u00e9ctricas pueden ser distintas entre ellas, pero algunos de sus componentes principales son:<\/p>\n\n\n\n<ul class=\"wp-block-list\">\n<li><strong>Fuente de calor: <\/strong>puede ser muy diversa, pero su objetivo es generar la temperatura necesaria para iniciar el ciclo de Rankine. Las plantas el\u00e9ctricas nucleares utilizan un <strong>reactor nuclear como fuente de calor<\/strong>, y se les conoce como plantas nucleares.<\/li>\n\n\n\n<li><strong>Generador de vapor:<\/strong> es un dispositivo de ingenier\u00eda a trav\u00e9s del cual circula el agua calentada por el reactor, produciendo y presurizando el <strong>vapor de agua <\/strong>que posteriormente ir\u00e1 a la turbina.&nbsp;<\/li>\n\n\n\n<li><strong>Turbina: <\/strong>una turbom\u00e1quina motora que mediante el flujo de vapor de agua <strong>produce energ\u00eda mec\u00e1nica<\/strong>.<\/li>\n\n\n\n<li><strong>Generador: <\/strong>a partir de la energ\u00eda mec\u00e1nica producida por la turbina, el generador <strong>produce energ\u00eda el\u00e9ctrica <\/strong>en forma de corriente alterna, que luego ir\u00e1 a un <a href=\"https:\/\/www.ferrovial.com\/es\/stem\/transformadores\/\">transformador<\/a>.<\/li>\n\n\n\n<li><strong>Condensador: <\/strong>es un intercambiador de calor encargado de enfriar el vapor de agua utilizado en la producci\u00f3n de energ\u00eda el\u00e9ctrica para condensarlo nuevamente en agua y cerrar el ciclo de Rankine.<\/li>\n\n\n\n<li><strong>Torres de enfriamiento: <\/strong>son grandes torres que <strong>liberan el vapor de agua <\/strong>producido durante la <strong>refrigeraci\u00f3n del reactor<\/strong>. En la cultura popular, las torres de enfriamiento se han posicionado como el elemento visual ic\u00f3nico de las centrales nucleares de energ\u00eda.<\/li>\n<\/ul>\n\n\n\n<h2 class=\"wp-block-heading\"><strong>\u00bfQu\u00e9 es el ciclo de Rankine?<\/strong><\/h2>\n\n\n\n<p>Es un <strong>circuito termodin\u00e1mico en el que se convierte el calor en trabajo<\/strong>. Esto se logra calentando agua en una caldera hasta que se evapora, y aumentando la presi\u00f3n del vapor que alcanzar\u00e1 una turbina, donde producir\u00e1 <strong>energ\u00eda cin\u00e9tica <\/strong>al tiempo que pierde presi\u00f3n. Finalmente, el vapor se condensa, transform\u00e1ndose de nuevo en agua y cerrando el ciclo.<\/p>\n\n\n\n<p><strong>En las plantas nucleares, el ciclo de Rankine es activado por una reacci\u00f3n nuclear<\/strong>, a diferencia de lo que ocurre en otros tipos de plantas, en las que la fuente de calor que inicia el ciclo puede provenir, por ejemplo, de un combustible f\u00f3sil.<\/p>\n\n\n\n<h2 class=\"wp-block-heading\"><strong>\u00bfQu\u00e9 tipos de plantas el\u00e9ctricas existen?<\/strong><\/h2>\n\n\n\n<p>Seg\u00fan la <strong>fuente de calor<\/strong>, las plantas el\u00e9ctricas pueden clasificarse como:<\/p>\n\n\n\n<ul class=\"wp-block-list\">\n<li>De combustible f\u00f3sil.<\/li>\n\n\n\n<li>Nuclear.<\/li>\n\n\n\n<li>De energ\u00eda geot\u00e9rmica.<\/li>\n\n\n\n<li>De biomasa.<\/li>\n\n\n\n<li>De calor residual (generado por otros procesos industriales).<\/li>\n\n\n\n<li>Solar t\u00e9rmica.<\/li>\n<\/ul>\n\n\n\n<p>Las plantas tambi\u00e9n pueden tener distintos tipos de <strong>turbina<\/strong>:<\/p>\n\n\n\n<ul class=\"wp-block-list\">\n<li>Turbina de vapor.<\/li>\n\n\n\n<li>Turbina de gas.<\/li>\n\n\n\n<li>De ciclo combinado (turbina de gas y turbina de vapor).<\/li>\n\n\n\n<li>Microturbinas y motor Stirling.<\/li>\n<\/ul>\n<\/div><\/m-wysiwig>\n\n\n    <m-projects-distributor2 :translations='{\n        &quot;prev&quot;:&quot;Anterior&quot;,\n        &quot;next&quot;:&quot;Siguiente&quot;,\n        &quot;paginationseparator&quot;:&quot;de&quot;\n    }'>\n                        <h2 slot=\"title\">\n                Nuestros proyectos destacados                <\/h2>\n                        <a slot='button' title='Conoce nuestros proyectos ' href='https:\/\/www.ferrovial.com\/es\/cintra\/proyectos\/'>\n            Conoce nuestros proyectos         <\/a>\n\n            <\/m-projects-distributor2>\n\n    ","protected":false},"excerpt":{"rendered":"","protected":false},"featured_media":0,"parent":25267,"menu_order":0,"comment_status":"closed","ping_status":"closed","template":"","meta":{"_acf_changed":false,"footnotes":""},"class_list":["post-258057","page","type-page","status-publish","hentry"],"acf":[],"yoast_head":"<!-- This site is optimized with the Yoast SEO plugin v27.2 - https:\/\/yoast.com\/product\/yoast-seo-wordpress\/ -->\n<title>Planta el\u00e9ctrica - Ferrovial<\/title>\n<meta name=\"description\" content=\"Una planta el\u00e9ctrica es una instalaci\u00f3n industrial para generar energ\u00eda el\u00e9ctrica.\" \/>\n<meta name=\"robots\" content=\"index, follow, max-snippet:-1, max-image-preview:large, max-video-preview:-1\" \/>\n<link rel=\"canonical\" href=\"https:\/\/www.ferrovial.com\/es\/recursos\/planta-electrica\/\" \/>\n<meta property=\"og:locale\" content=\"es_ES\" \/>\n<meta property=\"og:type\" content=\"article\" \/>\n<meta property=\"og:title\" content=\"Planta el\u00e9ctrica - Ferrovial\" \/>\n<meta property=\"og:description\" content=\"Una planta el\u00e9ctrica es una instalaci\u00f3n industrial para generar energ\u00eda el\u00e9ctrica.\" \/>\n<meta property=\"og:url\" content=\"https:\/\/www.ferrovial.com\/es\/recursos\/planta-electrica\/\" \/>\n<meta property=\"og:site_name\" content=\"Ferrovial\" \/>\n<meta property=\"article:publisher\" content=\"https:\/\/www.facebook.com\/ferrovial\" \/>\n<meta property=\"article:modified_time\" content=\"2023-10-05T08:23:54+00:00\" \/>\n<meta name=\"twitter:card\" content=\"summary_large_image\" \/>\n<meta name=\"twitter:site\" content=\"@ferrovial\" \/>\n<meta name=\"twitter:label1\" content=\"Est. reading time\" \/>\n\t<meta name=\"twitter:data1\" content=\"2 minutos\" \/>\n<!-- \/ Yoast SEO plugin. -->","yoast_head_json":{"title":"Planta el\u00e9ctrica - Ferrovial","description":"Una planta el\u00e9ctrica es una instalaci\u00f3n industrial para generar energ\u00eda el\u00e9ctrica.","robots":{"index":"index","follow":"follow","max-snippet":"max-snippet:-1","max-image-preview":"max-image-preview:large","max-video-preview":"max-video-preview:-1"},"canonical":"https:\/\/www.ferrovial.com\/es\/recursos\/planta-electrica\/","og_locale":"es_ES","og_type":"article","og_title":"Planta el\u00e9ctrica - Ferrovial","og_description":"Una planta el\u00e9ctrica es una instalaci\u00f3n industrial para generar energ\u00eda el\u00e9ctrica.","og_url":"https:\/\/www.ferrovial.com\/es\/recursos\/planta-electrica\/","og_site_name":"Ferrovial","article_publisher":"https:\/\/www.facebook.com\/ferrovial","article_modified_time":"2023-10-05T08:23:54+00:00","twitter_card":"summary_large_image","twitter_site":"@ferrovial","twitter_misc":{"Est. reading time":"2 minutos"},"schema":{"@context":"https:\/\/schema.org","@graph":[{"@type":"WebPage","@id":"https:\/\/www.ferrovial.com\/es\/recursos\/planta-electrica\/","url":"https:\/\/www.ferrovial.com\/es\/recursos\/planta-electrica\/","name":"Planta el\u00e9ctrica - Ferrovial","isPartOf":{"@id":"https:\/\/www.ferrovial.com\/es\/#website"},"datePublished":"2023-03-16T15:25:31+00:00","dateModified":"2023-10-05T08:23:54+00:00","description":"Una planta el\u00e9ctrica es una instalaci\u00f3n industrial para generar energ\u00eda el\u00e9ctrica.","breadcrumb":{"@id":"https:\/\/www.ferrovial.com\/es\/recursos\/planta-electrica\/#breadcrumb"},"inLanguage":"es","potentialAction":[{"@type":"ReadAction","target":["https:\/\/www.ferrovial.com\/es\/recursos\/planta-electrica\/"]}]},{"@type":"BreadcrumbList","@id":"https:\/\/www.ferrovial.com\/es\/recursos\/planta-electrica\/#breadcrumb","itemListElement":[{"@type":"ListItem","position":1,"name":"Portada","item":"https:\/\/www.ferrovial.com\/es\/"},{"@type":"ListItem","position":2,"name":"Recursos","item":"https:\/\/www.ferrovial.com\/es\/recursos\/"},{"@type":"ListItem","position":3,"name":"Planta el\u00e9ctrica"}]},{"@type":"WebSite","@id":"https:\/\/www.ferrovial.com\/es\/#website","url":"https:\/\/www.ferrovial.com\/es\/","name":"Ferrovial","description":"Welcome to the Ferrovial&#039;s website, global operator of sustainable infrastructure. Here you can find all the information about the company and subsidiaries.","publisher":{"@id":"https:\/\/www.ferrovial.com\/es\/#organization"},"potentialAction":[{"@type":"SearchAction","target":{"@type":"EntryPoint","urlTemplate":"https:\/\/www.ferrovial.com\/es\/?s={search_term_string}"},"query-input":{"@type":"PropertyValueSpecification","valueRequired":true,"valueName":"search_term_string"}}],"inLanguage":"es"},{"@type":"Organization","@id":"https:\/\/www.ferrovial.com\/es\/#organization","name":"Ferrovial S.A.","url":"https:\/\/www.ferrovial.com\/es\/","logo":{"@type":"ImageObject","inLanguage":"es","@id":"https:\/\/www.ferrovial.com\/es\/#\/schema\/logo\/image\/","url":"https:\/\/static.ferrovial.com\/wp-content\/uploads\/2020\/01\/13124948\/logo-ferrovial-cf7.png","contentUrl":"https:\/\/static.ferrovial.com\/wp-content\/uploads\/2020\/01\/13124948\/logo-ferrovial-cf7.png","width":144,"height":32,"caption":"Ferrovial S.A."},"image":{"@id":"https:\/\/www.ferrovial.com\/es\/#\/schema\/logo\/image\/"},"sameAs":["https:\/\/www.facebook.com\/ferrovial","https:\/\/x.com\/ferrovial","https:\/\/www.instagram.com\/ferrovial\/","https:\/\/www.linkedin.com\/company\/ferrovial","https:\/\/www.pinterest.es\/ferrovial\/","https:\/\/www.youtube.com\/ferrovial","https:\/\/en.wikipedia.org\/wiki\/Ferrovial"]}]}},"_links":{"self":[{"href":"https:\/\/www.ferrovial.com\/es\/wp-json\/wp\/v2\/pages\/258057","targetHints":{"allow":["GET"]}}],"collection":[{"href":"https:\/\/www.ferrovial.com\/es\/wp-json\/wp\/v2\/pages"}],"about":[{"href":"https:\/\/www.ferrovial.com\/es\/wp-json\/wp\/v2\/types\/page"}],"replies":[{"embeddable":true,"href":"https:\/\/www.ferrovial.com\/es\/wp-json\/wp\/v2\/comments?post=258057"}],"version-history":[{"count":2,"href":"https:\/\/www.ferrovial.com\/es\/wp-json\/wp\/v2\/pages\/258057\/revisions"}],"predecessor-version":[{"id":269211,"href":"https:\/\/www.ferrovial.com\/es\/wp-json\/wp\/v2\/pages\/258057\/revisions\/269211"}],"up":[{"embeddable":true,"href":"https:\/\/www.ferrovial.com\/es\/wp-json\/wp\/v2\/pages\/25267"}],"wp:attachment":[{"href":"https:\/\/www.ferrovial.com\/es\/wp-json\/wp\/v2\/media?parent=258057"}],"curies":[{"name":"wp","href":"https:\/\/api.w.org\/{rel}","templated":true}]}}