{"id":258064,"date":"2023-03-16T16:40:24","date_gmt":"2023-03-16T15:40:24","guid":{"rendered":"https:\/\/www.ferrovial.com\/?page_id=258064"},"modified":"2023-10-05T10:41:34","modified_gmt":"2023-10-05T08:41:34","slug":"ozono","status":"publish","type":"page","link":"https:\/\/www.ferrovial.com\/es\/recursos\/ozono\/","title":{"rendered":"Ozono"},"content":{"rendered":"    <m-final-content-header >\n            <c-breadcrumb label-text=\"Breadcrumb\" slot=\"breadcrumbs\" type='2' align='left' wrap='wrapped wrapped' aria-label='Vienes de Recursos'>\n                        <ol>\n\n                                                            <li><a href=\"https:\/\/www.ferrovial.com\/es\/\" title=\"Ferrovial\">Ferrovial<\/a><\/li>\n                                                                        <li><a href=\"https:\/\/www.ferrovial.com\/es\/recursos\/\" title=\"Recursos\">Recursos<\/a><\/li>\n                                    \n                <\/ol>\n\n                <\/c-breadcrumb>\n    \n        <div slot=\"header\">\n            <h1>\n                Ozono            <\/h1>\n                    <\/div>\n    <\/m-final-content-header>\n\n    \n\n\n<m-wysiwig class=\"wp-block-components-wysiwyg\"><div slot=\"maincontent\">\n<h2 class=\"wp-block-heading\"><strong>\u00bfQu\u00e9 es el ozono y d\u00f3nde se encuentra?<\/strong><\/h2>\n\n\n\n<script type=\"application\/ld+json\">\n{\n  \"@context\": \"https:\/\/schema.org\",\n  \"@type\": \"FAQPage\",\n  \"mainEntity\": [{\n    \"@type\": \"Question\",\n    \"name\": \"\u00bfQu\u00e9 es el ozono y d\u00f3nde se encuentra?\",\n    \"acceptedAnswer\": {\n      \"@type\": \"Answer\",\n      \"text\": \"La mol\u00e9cula de ozono (O3) est\u00e1 compuesta por tres \u00e1tomos de ox\u00edgeno (O). En la naturaleza se encuentra en la atm\u00f3sfera, en forma gaseosa e incolora, y a diferentes concentraciones entre los 10 y los 40 kil\u00f3metros de altitud sobre el nivel del mar.\n\nLas mayores concentraciones de ozono se encuentran en la estrat\u00f3sfera, a partir de los 15 kil\u00f3metros de altitud, donde se forma por disociaci\u00f3n de las mol\u00e9culas de ox\u00edgeno a causa de la radiaci\u00f3n ultravioleta. La zona de la estrat\u00f3sfera con mayores concentraciones de ozono se denomina capa de ozono u ozonosfera.\n\nEn contextos industriales, el ozono tambi\u00e9n es conocido como ox\u00edgeno activado.\"\n    }\n  },{\n    \"@type\": \"Question\",\n    \"name\": \"\u00bfQu\u00e9 tipos de ozono existen?\",\n    \"acceptedAnswer\": {\n      \"@type\": \"Answer\",\n      \"text\": \"Se distinguen tres tipos principales de ozono:\n<ul>\n<li>Ozono atmosf\u00e9rico<\/li>\n<li>Ozono estratosf\u00e9rico<\/li>\n<li>Ozono troposf\u00e9rico u ozono ambiental<\/li>\n<\/ul>\"\n    }\n  },{\n    \"@type\": \"Question\",\n    \"name\": \"\u00bfCu\u00e1les son las principales aplicaciones del ozono?\",\n    \"acceptedAnswer\": {\n      \"@type\": \"Answer\",\n      \"text\": \"La primera aplicaci\u00f3n pr\u00e1ctica para el ozono es la purificaci\u00f3n de aire y agua. Seg\u00fan la Organizaci\u00f3n Mundial de la Salud (OMS), es el desinfectante m\u00e1s eficiente. Las ventajas de los procesos de purificaci\u00f3n con ozono respecto a otros son muchas:\n<ul>\n<li>Elimina eficazmente virus, bacterias, algas, esporas y hongos.\n<\/li>\n<li>Reduce los S\u00f3lidos Disueltos Totales (TDS) y los S\u00f3lidos Suspendidos Totales (SST) del agua.\n<\/li>\n<li>Reduce el Total de Part\u00edculas Suspendidas (TPS) en el aire.\n<\/li>\n<li>No deja residuos.\n<\/li>\n<li>No afecta el pH.\n<\/li>\n<li>Elimina los olores.\n<\/li>\n<li>Las reacciones producen \u00fanicamente ox\u00edgeno, por lo que los procesos no son contaminantes.\n<\/li>\n<\/ul>\nGracias a todas estas virtudes, el ozono tiene amplias aplicaciones en:\n<ul>\n<li>Plantas de tratamiento de agua.\n<\/li>\n<li>Desinfecci\u00f3n de piscinas, spas, parques acu\u00e1ticos y otras formas de entretenimiento relacionadas con el agua.\n<\/li>\n<li>Mantenimiento de acuarios y abrevaderos en zool\u00f3gicos y otras estructuras relacionadas con la protecci\u00f3n animal.\n<\/li>\n<\/ul>\nA nivel industrial, el ozono se utiliza para:\n<ul>\n<li>Fabricar diversos productos de salud e higiene.\n<\/li>\n<li>Desinfectar frutas y verduras en procesos agroindustriales.\n<\/li>\n<li>Blanquear la pulpa de papel sin utilizar derivados del cloro.\n<\/li>\n<li>Llevar a cabo distintos tratamientos relacionados con la salud y la est\u00e9tica.\n<\/li>\n<li>Piscicultura.\n<\/li>\n<\/ul>\"\n    }\n  },{\n    \"@type\": \"Question\",\n    \"name\": \"\u00bfCu\u00e1les son las desventajas del uso del ozono a nivel industrial?\",\n    \"acceptedAnswer\": {\n      \"@type\": \"Answer\",\n      \"text\": \"Debido a su alta inestabilidad y reactividad, el ozono no puede ser almacenado y transportado para su aplicaci\u00f3n, sino que exige ser producido in situ, por lo que los procesos industriales que lo involucran deben incluir su producci\u00f3n.\n\nUsualmente, la producci\u00f3n industrial de ozono se lleva a cabo utilizando una fuente relativamente pura de ox\u00edgeno y un generador de ozono, que produce una alta tensi\u00f3n el\u00e9ctrica conocida como efecto corona. Se trata de un fen\u00f3meno el\u00e9ctrico que se produce por la ionizaci\u00f3n de un gas.\"\n    }\n  }]\n}\n<\/script><p>La mol\u00e9cula de <strong>ozono (O<\/strong><strong><sub>3<\/sub><\/strong><strong>) <\/strong>est\u00e1 compuesta por <strong>tres \u00e1tomos de ox\u00edgeno (O)<\/strong>. En la naturaleza se encuentra en la <strong>atm\u00f3sfera<\/strong>, en forma <strong>gaseosa e incolora<\/strong>, y a diferentes concentraciones entre los 10 y los 40 kil\u00f3metros de altitud sobre el nivel del mar.<\/p>\n\n\n\n<p>Las mayores concentraciones de ozono se encuentran en la <strong>estrat\u00f3sfera<\/strong>, a partir de los 15 kil\u00f3metros de altitud, donde <strong>se forma por disociaci\u00f3n de las mol\u00e9culas de ox\u00edgeno a causa de la radiaci\u00f3n ultravioleta<\/strong>. La zona de la estrat\u00f3sfera con mayores concentraciones de ozono se denomina <strong>capa de ozono u ozonosfera<\/strong>.<\/p>\n\n\n\n<p>En contextos <strong>industriales<\/strong>, el ozono tambi\u00e9n es conocido como <strong>ox\u00edgeno activado<\/strong>.<\/p>\n\n\n\n<h2 class=\"wp-block-heading\"><strong>\u00bfQu\u00e9 tipos de ozono existen?<\/strong><\/h2>\n\n\n\n<p>Se distinguen tres tipos principales de ozono:<\/p>\n\n\n\n<ul class=\"wp-block-list\">\n<li><strong>Ozono atmosf\u00e9rico:<\/strong> el que se encuentra en el aire de forma natural, con una densidad variable, pero muy baja.<\/li>\n\n\n\n<li><strong>Ozono estratosf\u00e9rico:<\/strong> el que forma la <strong>capa de ozono<\/strong>. En esta capa se re\u00fane el <strong>90% del ozono <\/strong>que existe en la atm\u00f3sfera terrestre, y tiene un espesor de unos <strong>40 kil\u00f3metros<\/strong>. La capa de ozono absorbe casi el 100% de la <strong>radiaci\u00f3n ultravioleta <\/strong>de alta frecuencia que proviene del sol, <strong>permitiendo la vida terrestre como la conocemos<\/strong>.  Durante los a\u00f1os 70, la capa de ozono sufri\u00f3 importantes p\u00e9rdidas de densidad a causa de compuestos clorofluorocarbonados (CFC) generados por diversas actividades humanas. A este fen\u00f3meno se le conoce como <strong><em>agujero de la capa de ozono<\/em><\/strong>, y ha generado preocupaci\u00f3n desde entonces. Gracias a una serie de medidas introducidas durante los a\u00f1os 80, los niveles de ozono se estabilizaron durante la d\u00e9cada siguiente, y <strong>en los 2000 empez\u00f3 a revertirse el proceso<\/strong>. Hoy en d\u00eda la capa de ozono se encuentra casi restaurada y los estudios cient\u00edficos apuntan a que estar\u00e1 <strong>completamente regenerada en un par de d\u00e9cadas<\/strong>.<\/li>\n\n\n\n<li><strong>Ozono troposf\u00e9rico u ozono ambiental: <\/strong>lo liberan las reacciones fotoqu\u00edmicas entre los compuestos org\u00e1nicos vol\u00e1tiles (COV) desprendidos de la combusti\u00f3n y los \u00f3xidos de nitr\u00f3geno (NOx). Forma parte del denominado <strong>smog fotoqu\u00edmico<\/strong>, que se aprecia en forma de neblina sobre las zonas contaminadas, especialmente en los meses de calor. Este tipo de ozono tambi\u00e9n se conoce como <strong>ozono malo y es nocivo para la salud<\/strong>.<\/li>\n<\/ul>\n\n\n\n<h2 class=\"wp-block-heading\"><strong>\u00bfCu\u00e1les son las principales aplicaciones del ozono?<\/strong><\/h2>\n\n\n\n<p>La primera aplicaci\u00f3n pr\u00e1ctica para el ozono es la <strong>purificaci\u00f3n de aire y agua<\/strong>. Seg\u00fan la <a href=\"https:\/\/www.who.int\/es\" target=\"_blank\" rel=\"noreferrer noopener\">Organizaci\u00f3n Mundial de la Salud (OMS)<\/a>, es el desinfectante m\u00e1s eficiente. Las ventajas de los procesos de purificaci\u00f3n con ozono respecto a otros son muchas:<\/p>\n\n\n\n<ul class=\"wp-block-list\">\n<li>Elimina eficazmente <strong>virus, bacterias, algas, esporas y hongos<\/strong>.<\/li>\n\n\n\n<li>Reduce los <strong>S\u00f3lidos Disueltos Totales (TDS) <\/strong>y los <strong>S\u00f3lidos Suspendidos Totales (SST) <\/strong>del agua.<\/li>\n\n\n\n<li>Reduce el <strong>Total de Part\u00edculas Suspendidas (TPS) <\/strong>en el aire.<\/li>\n\n\n\n<li>No deja residuos.<\/li>\n\n\n\n<li>No afecta el pH.<\/li>\n\n\n\n<li>Elimina los olores.<\/li>\n\n\n\n<li>Las reacciones producen \u00fanicamente ox\u00edgeno, por lo que los procesos no son contaminantes.<\/li>\n<\/ul>\n\n\n\n<p>Gracias a todas estas virtudes, el ozono tiene amplias aplicaciones en:<\/p>\n\n\n\n<ul class=\"wp-block-list\">\n<li><strong>Plantas de tratamiento de agua<\/strong>.<\/li>\n\n\n\n<li>Desinfecci\u00f3n de <strong>piscinas, spas, parques acu\u00e1ticos <\/strong>y otras formas de entretenimiento relacionadas con el agua.<\/li>\n\n\n\n<li>Mantenimiento de <strong>acuarios<\/strong> y <strong>abrevaderos <\/strong>en zool\u00f3gicos y otras estructuras relacionadas con la protecci\u00f3n animal.<\/li>\n<\/ul>\n\n\n\n<p>A <strong>nivel industrial<\/strong>, el ozono se utiliza para:<\/p>\n\n\n\n<ul class=\"wp-block-list\">\n<li>Fabricar diversos productos de <strong>salud e higiene<\/strong>.<\/li>\n\n\n\n<li>Desinfectar frutas y verduras en procesos <strong>agroindustriales<\/strong>.<\/li>\n\n\n\n<li>Blanquear la pulpa de papel sin utilizar derivados del cloro.<\/li>\n\n\n\n<li>Llevar a cabo distintos tratamientos relacionados con la <strong>salud y la est\u00e9tica<\/strong>.<\/li>\n\n\n\n<li>Piscicultura.<\/li>\n<\/ul>\n\n\n\n<h2 class=\"wp-block-heading\"><strong>\u00bfCu\u00e1les son las desventajas del uso del ozono a nivel industrial?<\/strong><\/h2>\n\n\n\n<p>Debido a su alta inestabilidad y reactividad, el ozono no puede ser almacenado y transportado para su aplicaci\u00f3n, sino que exige ser producido <em>in situ<\/em>, por lo que los procesos industriales que lo involucran deben incluir su producci\u00f3n.<\/p>\n\n\n\n<p>Usualmente, la <strong>producci\u00f3n industrial de ozono <\/strong>se lleva a cabo utilizando una fuente relativamente pura de <strong>ox\u00edgeno y un generador de ozono<\/strong>, que produce una alta tensi\u00f3n el\u00e9ctrica conocida como <strong>efecto corona<\/strong>. Se trata de un fen\u00f3meno el\u00e9ctrico que se produce por la ionizaci\u00f3n de un gas.<\/p>\n<\/div><\/m-wysiwig>\n\n\n    <m-projects-distributor2 :translations='{\n        &quot;prev&quot;:&quot;Anterior&quot;,\n        &quot;next&quot;:&quot;Siguiente&quot;,\n        &quot;paginationseparator&quot;:&quot;de&quot;\n    }'>\n                        <h2 slot=\"title\">\n                Nuestros proyectos destacados                <\/h2>\n                        <a slot='button' title='Conoce nuestros proyectos ' href='https:\/\/www.ferrovial.com\/es\/cintra\/proyectos\/'>\n            Conoce nuestros proyectos         <\/a>\n\n            <\/m-projects-distributor2>\n\n    ","protected":false},"excerpt":{"rendered":"","protected":false},"featured_media":0,"parent":25267,"menu_order":0,"comment_status":"closed","ping_status":"closed","template":"","meta":{"_acf_changed":false,"footnotes":""},"class_list":["post-258064","page","type-page","status-publish","hentry"],"acf":[],"yoast_head":"<!-- This site is optimized with the Yoast SEO plugin v27.2 - https:\/\/yoast.com\/product\/yoast-seo-wordpress\/ -->\n<title>Ozono - Ferrovial<\/title>\n<meta name=\"description\" content=\"Las mayores concentraciones de ozono se encuentran en la estrat\u00f3sfera, a partir de los 15 kil\u00f3metros de altitud, donde se forma por disociaci\u00f3n de las mol\u00e9culas de ox\u00edgeno a causa de la radiaci\u00f3n ultravioleta.\" \/>\n<meta name=\"robots\" content=\"index, follow, max-snippet:-1, max-image-preview:large, max-video-preview:-1\" \/>\n<link rel=\"canonical\" href=\"https:\/\/www.ferrovial.com\/es\/recursos\/ozono\/\" \/>\n<meta property=\"og:locale\" content=\"es_ES\" \/>\n<meta property=\"og:type\" content=\"article\" \/>\n<meta property=\"og:title\" content=\"Ozono - Ferrovial\" \/>\n<meta property=\"og:description\" content=\"Las mayores concentraciones de ozono se encuentran en la estrat\u00f3sfera, a partir de los 15 kil\u00f3metros de altitud, donde se forma por disociaci\u00f3n de las mol\u00e9culas de ox\u00edgeno a causa de la radiaci\u00f3n ultravioleta.\" \/>\n<meta property=\"og:url\" content=\"https:\/\/www.ferrovial.com\/es\/recursos\/ozono\/\" \/>\n<meta property=\"og:site_name\" content=\"Ferrovial\" \/>\n<meta property=\"article:publisher\" content=\"https:\/\/www.facebook.com\/ferrovial\" \/>\n<meta property=\"article:modified_time\" content=\"2023-10-05T08:41:34+00:00\" \/>\n<meta name=\"twitter:card\" content=\"summary_large_image\" \/>\n<meta name=\"twitter:site\" content=\"@ferrovial\" \/>\n<meta name=\"twitter:label1\" content=\"Est. reading time\" \/>\n\t<meta name=\"twitter:data1\" content=\"4 minutos\" \/>\n<!-- \/ Yoast SEO plugin. -->","yoast_head_json":{"title":"Ozono - Ferrovial","description":"Las mayores concentraciones de ozono se encuentran en la estrat\u00f3sfera, a partir de los 15 kil\u00f3metros de altitud, donde se forma por disociaci\u00f3n de las mol\u00e9culas de ox\u00edgeno a causa de la radiaci\u00f3n ultravioleta.","robots":{"index":"index","follow":"follow","max-snippet":"max-snippet:-1","max-image-preview":"max-image-preview:large","max-video-preview":"max-video-preview:-1"},"canonical":"https:\/\/www.ferrovial.com\/es\/recursos\/ozono\/","og_locale":"es_ES","og_type":"article","og_title":"Ozono - Ferrovial","og_description":"Las mayores concentraciones de ozono se encuentran en la estrat\u00f3sfera, a partir de los 15 kil\u00f3metros de altitud, donde se forma por disociaci\u00f3n de las mol\u00e9culas de ox\u00edgeno a causa de la radiaci\u00f3n ultravioleta.","og_url":"https:\/\/www.ferrovial.com\/es\/recursos\/ozono\/","og_site_name":"Ferrovial","article_publisher":"https:\/\/www.facebook.com\/ferrovial","article_modified_time":"2023-10-05T08:41:34+00:00","twitter_card":"summary_large_image","twitter_site":"@ferrovial","twitter_misc":{"Est. reading time":"4 minutos"},"schema":{"@context":"https:\/\/schema.org","@graph":[{"@type":"WebPage","@id":"https:\/\/www.ferrovial.com\/es\/recursos\/ozono\/","url":"https:\/\/www.ferrovial.com\/es\/recursos\/ozono\/","name":"Ozono - Ferrovial","isPartOf":{"@id":"https:\/\/www.ferrovial.com\/es\/#website"},"datePublished":"2023-03-16T15:40:24+00:00","dateModified":"2023-10-05T08:41:34+00:00","description":"Las mayores concentraciones de ozono se encuentran en la estrat\u00f3sfera, a partir de los 15 kil\u00f3metros de altitud, donde se forma por disociaci\u00f3n de las mol\u00e9culas de ox\u00edgeno a causa de la radiaci\u00f3n ultravioleta.","breadcrumb":{"@id":"https:\/\/www.ferrovial.com\/es\/recursos\/ozono\/#breadcrumb"},"inLanguage":"es","potentialAction":[{"@type":"ReadAction","target":["https:\/\/www.ferrovial.com\/es\/recursos\/ozono\/"]}]},{"@type":"BreadcrumbList","@id":"https:\/\/www.ferrovial.com\/es\/recursos\/ozono\/#breadcrumb","itemListElement":[{"@type":"ListItem","position":1,"name":"Portada","item":"https:\/\/www.ferrovial.com\/es\/"},{"@type":"ListItem","position":2,"name":"Recursos","item":"https:\/\/www.ferrovial.com\/es\/recursos\/"},{"@type":"ListItem","position":3,"name":"Ozono"}]},{"@type":"WebSite","@id":"https:\/\/www.ferrovial.com\/es\/#website","url":"https:\/\/www.ferrovial.com\/es\/","name":"Ferrovial","description":"Welcome to the Ferrovial&#039;s website, global operator of sustainable infrastructure. Here you can find all the information about the company and subsidiaries.","publisher":{"@id":"https:\/\/www.ferrovial.com\/es\/#organization"},"potentialAction":[{"@type":"SearchAction","target":{"@type":"EntryPoint","urlTemplate":"https:\/\/www.ferrovial.com\/es\/?s={search_term_string}"},"query-input":{"@type":"PropertyValueSpecification","valueRequired":true,"valueName":"search_term_string"}}],"inLanguage":"es"},{"@type":"Organization","@id":"https:\/\/www.ferrovial.com\/es\/#organization","name":"Ferrovial S.A.","url":"https:\/\/www.ferrovial.com\/es\/","logo":{"@type":"ImageObject","inLanguage":"es","@id":"https:\/\/www.ferrovial.com\/es\/#\/schema\/logo\/image\/","url":"https:\/\/static.ferrovial.com\/wp-content\/uploads\/2020\/01\/13124948\/logo-ferrovial-cf7.png","contentUrl":"https:\/\/static.ferrovial.com\/wp-content\/uploads\/2020\/01\/13124948\/logo-ferrovial-cf7.png","width":144,"height":32,"caption":"Ferrovial S.A."},"image":{"@id":"https:\/\/www.ferrovial.com\/es\/#\/schema\/logo\/image\/"},"sameAs":["https:\/\/www.facebook.com\/ferrovial","https:\/\/x.com\/ferrovial","https:\/\/www.instagram.com\/ferrovial\/","https:\/\/www.linkedin.com\/company\/ferrovial","https:\/\/www.pinterest.es\/ferrovial\/","https:\/\/www.youtube.com\/ferrovial","https:\/\/en.wikipedia.org\/wiki\/Ferrovial"]}]}},"_links":{"self":[{"href":"https:\/\/www.ferrovial.com\/es\/wp-json\/wp\/v2\/pages\/258064","targetHints":{"allow":["GET"]}}],"collection":[{"href":"https:\/\/www.ferrovial.com\/es\/wp-json\/wp\/v2\/pages"}],"about":[{"href":"https:\/\/www.ferrovial.com\/es\/wp-json\/wp\/v2\/types\/page"}],"replies":[{"embeddable":true,"href":"https:\/\/www.ferrovial.com\/es\/wp-json\/wp\/v2\/comments?post=258064"}],"version-history":[{"count":2,"href":"https:\/\/www.ferrovial.com\/es\/wp-json\/wp\/v2\/pages\/258064\/revisions"}],"predecessor-version":[{"id":269214,"href":"https:\/\/www.ferrovial.com\/es\/wp-json\/wp\/v2\/pages\/258064\/revisions\/269214"}],"up":[{"embeddable":true,"href":"https:\/\/www.ferrovial.com\/es\/wp-json\/wp\/v2\/pages\/25267"}],"wp:attachment":[{"href":"https:\/\/www.ferrovial.com\/es\/wp-json\/wp\/v2\/media?parent=258064"}],"curies":[{"name":"wp","href":"https:\/\/api.w.org\/{rel}","templated":true}]}}