{"id":259780,"date":"2020-11-18T11:30:34","date_gmt":"2020-11-18T10:30:34","guid":{"rendered":"https:\/\/www.ferrovial.com\/f-aeropuertos\/quienes-somos\/management-team\/"},"modified":"2026-02-09T15:09:31","modified_gmt":"2026-02-09T14:09:31","slug":"equipo-directivo","status":"publish","type":"page","link":"https:\/\/www.ferrovial.com\/es\/f-aeropuertos\/quienes-somos\/equipo-directivo\/","title":{"rendered":"Equipo Directivo de Ferrovial Aeropuertos"},"content":{"rendered":"    <m-final-content-header >\n            <c-breadcrumb label-text=\"Breadcrumb\" slot=\"breadcrumbs\" type='2' align='left' wrap='wrapped wrapped' aria-label='Vienes de \u00bfQui\u00e9nes somos?'>\n                        <ol>\n\n                                                            <li><a href=\"https:\/\/www.ferrovial.com\/es\/\" title=\"Ferrovial\">Ferrovial<\/a><\/li>\n                                                                        <li><a href=\"https:\/\/www.ferrovial.com\/es\/f-aeropuertos\/\" title=\"Ferrovial Aeropuertos\">Ferrovial Aeropuertos<\/a><\/li>\n                                                                        <li><a href=\"https:\/\/www.ferrovial.com\/es\/f-aeropuertos\/quienes-somos\/\" title=\"\u00bfQui\u00e9nes somos?\">\u00bfQui\u00e9nes somos?<\/a><\/li>\n                                    \n                <\/ol>\n\n                <\/c-breadcrumb>\n    \n        <div slot=\"header\">\n            <h1>\n                Equipo Directivo            <\/h1>\n                    <\/div>\n    <\/m-final-content-header>\n\n    \n\n\n<m-wysiwig class=\"wp-block-components-wysiwyg\"><div slot=\"maincontent\">\n<p>Contamos con uno de los equipos de desarrollo de negocio m\u00e1s importantes y reconocidos del sector, dedicado exclusivamente a la detecci\u00f3n, an\u00e1lisis y preparaci\u00f3n de ofertas para proyectos de gesti\u00f3n aeroportuaria, an\u00e1lisis y preparaci\u00f3n de ofertas para proyectos aeroportuarios.<\/p>\n<\/div><\/m-wysiwig>\n\n\n    <m-schedule>\n        \n                <p slot=\"description\">\n                    Descripci\u00f3n por defecto                <\/p>\n\n            \n        \n                    <div class=\"card\">\n\n                        <img decoding=\"async\" src=\"https:\/\/static.ferrovial.com\/wp-content\/uploads\/2021\/05\/31171453\/luke-bugeja-ceo-ferrovial-airports.png\" alt=\"Luke Bugeja-CEO-Ferrovial_Airports\" \/>                                <p class=\"name\">\n                                    Luke Bugeja                                <\/p>\n                                                                <p class=\"job\">\n                                    CEO                                <\/p>\n                                                                <p class=\"description\">\n                                    Lorem ipsum                                <\/p>\n                                                    <\/div>\n                    \n                    <div class=\"card\">\n\n                        <img decoding=\"async\" src=\"https:\/\/static.ferrovial.com\/wp-content\/uploads\/2020\/11\/13122652\/juan-bullon.png\" alt=\"\" \/>                                <p class=\"name\">\n                                    Juan Bullo\u0301n                                <\/p>\n                                                                <p class=\"job\">\n                                    Director Legal                                <\/p>\n                                                                <p class=\"description\">\n                                    Lorem ipsum                                <\/p>\n                                                    <\/div>\n                    \n                    <div class=\"card\">\n\n                        <img decoding=\"async\" src=\"https:\/\/static.ferrovial.com\/wp-content\/uploads\/2023\/11\/15094245\/diana-chimienti-hr-ferrovial-airports.png\" alt=\"Diana Chimienti - HR Ferrovial Airports\" \/>                                <p class=\"name\">\n                                    Diana Chimienti                                <\/p>\n                                                                <p class=\"job\">\n                                    Directora de Recursos Humanos                                <\/p>\n                                                                <p class=\"description\">\n                                    Lorem ipsum                                <\/p>\n                                                    <\/div>\n                    \n                    <div class=\"card\">\n\n                        <img decoding=\"async\" src=\"https:\/\/static.ferrovial.com\/wp-content\/uploads\/2026\/02\/09145456\/huevos-fritos-management-team-200x200.png\" alt=\"\" \/>                                <p class=\"name\">\n                                    Danielle Rinsler                                <\/p>\n                                                                <p class=\"job\">\n                                    Directora de Desarrollo Corporativo y Estrategia (Interina)                                <\/p>\n                                                                <p class=\"description\">\n                                    Lorem ipsum                                <\/p>\n                                                    <\/div>\n                    \n                    <div class=\"card\">\n\n                        <img decoding=\"async\" src=\"https:\/\/static.ferrovial.com\/wp-content\/uploads\/2023\/01\/18125524\/laura-lopez-ferrovial-aeropuertos-200x200.png\" alt=\"Laura Lopez Ferrovial Aeropuertos\" \/>                                <p class=\"name\">\n                                    Laura L\u00f3pez                                <\/p>\n                                                                <p class=\"job\">\n                                    Directora Financiera                                <\/p>\n                                                                <p class=\"description\">\n                                    Lorem ipsum                                <\/p>\n                                                    <\/div>\n                    \n                    <div class=\"card\">\n\n                        <img decoding=\"async\" src=\"https:\/\/static.ferrovial.com\/wp-content\/uploads\/2023\/07\/06093902\/miguel-rodera.png\" alt=\"\" \/>                                <p class=\"name\">\n                                    Miguel Rodera                                <\/p>\n                                                                <p class=\"job\">\n                                    Director de Gesti\u00f3n de Activos                                <\/p>\n                                                                <p class=\"description\">\n                                    Lorem ipsum                                <\/p>\n                                                    <\/div>\n                        <\/m-schedule>\n    ","protected":false},"excerpt":{"rendered":"","protected":false},"featured_media":0,"parent":17967,"menu_order":0,"comment_status":"closed","ping_status":"closed","template":"","meta":{"_acf_changed":false,"footnotes":""},"class_list":["post-259780","page","type-page","status-publish","hentry"],"acf":[],"yoast_head":"<!-- This site is optimized with the Yoast SEO plugin v27.2 - https:\/\/yoast.com\/product\/yoast-seo-wordpress\/ -->\n<title>Equipo Directivo de Ferrovial Aeropuertos - Ferrovial<\/title>\n<meta name=\"description\" content=\"Ferrovial es uno de los principales inversores y promotores privados de aeropuertos del mundo, siendo un accionista clave del Aeropuerto Internacional de Dalaman y un socio significativo en el consorcio designado para dise\u00f1ar, construir y explotar la Nueva Terminal Uno del Aeropuerto Internacional JKF de Nueva York\" \/>\n<meta name=\"robots\" content=\"index, follow, max-snippet:-1, max-image-preview:large, max-video-preview:-1\" \/>\n<link rel=\"canonical\" href=\"https:\/\/www.ferrovial.com\/es\/f-aeropuertos\/quienes-somos\/equipo-directivo\/\" \/>\n<meta property=\"og:locale\" content=\"es_ES\" \/>\n<meta property=\"og:type\" content=\"article\" \/>\n<meta property=\"og:title\" content=\"Equipo Directivo de Ferrovial Aeropuertos - Ferrovial\" \/>\n<meta property=\"og:description\" content=\"Ferrovial es uno de los principales inversores y promotores privados de aeropuertos del mundo, siendo un accionista clave del Aeropuerto Internacional de Dalaman y un socio significativo en el consorcio designado para dise\u00f1ar, construir y explotar la Nueva Terminal Uno del Aeropuerto Internacional JKF de Nueva York\" \/>\n<meta property=\"og:url\" content=\"https:\/\/www.ferrovial.com\/es\/f-aeropuertos\/quienes-somos\/equipo-directivo\/\" \/>\n<meta property=\"og:site_name\" content=\"Ferrovial\" \/>\n<meta property=\"article:publisher\" content=\"https:\/\/www.facebook.com\/ferrovial\" \/>\n<meta property=\"article:modified_time\" content=\"2026-02-09T14:09:31+00:00\" \/>\n<meta name=\"twitter:card\" content=\"summary_large_image\" \/>\n<meta name=\"twitter:site\" content=\"@ferrovial\" \/>\n<meta name=\"twitter:label1\" content=\"Est. reading time\" \/>\n\t<meta name=\"twitter:data1\" content=\"1 minuto\" \/>\n<!-- \/ Yoast SEO plugin. -->","yoast_head_json":{"title":"Equipo Directivo de Ferrovial Aeropuertos - Ferrovial","description":"Ferrovial es uno de los principales inversores y promotores privados de aeropuertos del mundo, siendo un accionista clave del Aeropuerto Internacional de Dalaman y un socio significativo en el consorcio designado para dise\u00f1ar, construir y explotar la Nueva Terminal Uno del Aeropuerto Internacional JKF de Nueva York","robots":{"index":"index","follow":"follow","max-snippet":"max-snippet:-1","max-image-preview":"max-image-preview:large","max-video-preview":"max-video-preview:-1"},"canonical":"https:\/\/www.ferrovial.com\/es\/f-aeropuertos\/quienes-somos\/equipo-directivo\/","og_locale":"es_ES","og_type":"article","og_title":"Equipo Directivo de Ferrovial Aeropuertos - Ferrovial","og_description":"Ferrovial es uno de los principales inversores y promotores privados de aeropuertos del mundo, siendo un accionista clave del Aeropuerto Internacional de Dalaman y un socio significativo en el consorcio designado para dise\u00f1ar, construir y explotar la Nueva Terminal Uno del Aeropuerto Internacional JKF de Nueva York","og_url":"https:\/\/www.ferrovial.com\/es\/f-aeropuertos\/quienes-somos\/equipo-directivo\/","og_site_name":"Ferrovial","article_publisher":"https:\/\/www.facebook.com\/ferrovial","article_modified_time":"2026-02-09T14:09:31+00:00","twitter_card":"summary_large_image","twitter_site":"@ferrovial","twitter_misc":{"Est. reading time":"1 minuto"},"schema":{"@context":"https:\/\/schema.org","@graph":[{"@type":"WebPage","@id":"https:\/\/www.ferrovial.com\/es\/f-aeropuertos\/quienes-somos\/equipo-directivo\/","url":"https:\/\/www.ferrovial.com\/es\/f-aeropuertos\/quienes-somos\/equipo-directivo\/","name":"Equipo Directivo de Ferrovial Aeropuertos - Ferrovial","isPartOf":{"@id":"https:\/\/www.ferrovial.com\/es\/#website"},"datePublished":"2020-11-18T10:30:34+00:00","dateModified":"2026-02-09T14:09:31+00:00","description":"Ferrovial es uno de los principales inversores y promotores privados de aeropuertos del mundo, siendo un accionista clave del Aeropuerto Internacional de Dalaman y un socio significativo en el consorcio designado para dise\u00f1ar, construir y explotar la Nueva Terminal Uno del Aeropuerto Internacional JKF de Nueva York","breadcrumb":{"@id":"https:\/\/www.ferrovial.com\/es\/f-aeropuertos\/quienes-somos\/equipo-directivo\/#breadcrumb"},"inLanguage":"es","potentialAction":[{"@type":"ReadAction","target":["https:\/\/www.ferrovial.com\/es\/f-aeropuertos\/quienes-somos\/equipo-directivo\/"]}]},{"@type":"BreadcrumbList","@id":"https:\/\/www.ferrovial.com\/es\/f-aeropuertos\/quienes-somos\/equipo-directivo\/#breadcrumb","itemListElement":[{"@type":"ListItem","position":1,"name":"Portada","item":"https:\/\/www.ferrovial.com\/es\/"},{"@type":"ListItem","position":2,"name":"Ferrovial Aeropuertos","item":"https:\/\/www.ferrovial.com\/es\/f-aeropuertos\/"},{"@type":"ListItem","position":3,"name":"\u00bfQui\u00e9nes somos?","item":"https:\/\/www.ferrovial.com\/es\/f-aeropuertos\/quienes-somos\/"},{"@type":"ListItem","position":4,"name":"Equipo Directivo de Ferrovial Aeropuertos"}]},{"@type":"WebSite","@id":"https:\/\/www.ferrovial.com\/es\/#website","url":"https:\/\/www.ferrovial.com\/es\/","name":"Ferrovial","description":"Welcome to the Ferrovial&#039;s website, global operator of sustainable infrastructure. Here you can find all the information about the company and subsidiaries.","publisher":{"@id":"https:\/\/www.ferrovial.com\/es\/#organization"},"potentialAction":[{"@type":"SearchAction","target":{"@type":"EntryPoint","urlTemplate":"https:\/\/www.ferrovial.com\/es\/?s={search_term_string}"},"query-input":{"@type":"PropertyValueSpecification","valueRequired":true,"valueName":"search_term_string"}}],"inLanguage":"es"},{"@type":"Organization","@id":"https:\/\/www.ferrovial.com\/es\/#organization","name":"Ferrovial S.A.","url":"https:\/\/www.ferrovial.com\/es\/","logo":{"@type":"ImageObject","inLanguage":"es","@id":"https:\/\/www.ferrovial.com\/es\/#\/schema\/logo\/image\/","url":"https:\/\/static.ferrovial.com\/wp-content\/uploads\/2020\/01\/13124948\/logo-ferrovial-cf7.png","contentUrl":"https:\/\/static.ferrovial.com\/wp-content\/uploads\/2020\/01\/13124948\/logo-ferrovial-cf7.png","width":144,"height":32,"caption":"Ferrovial S.A."},"image":{"@id":"https:\/\/www.ferrovial.com\/es\/#\/schema\/logo\/image\/"},"sameAs":["https:\/\/www.facebook.com\/ferrovial","https:\/\/x.com\/ferrovial","https:\/\/www.instagram.com\/ferrovial\/","https:\/\/www.linkedin.com\/company\/ferrovial","https:\/\/www.pinterest.es\/ferrovial\/","https:\/\/www.youtube.com\/ferrovial","https:\/\/en.wikipedia.org\/wiki\/Ferrovial"]}]}},"_links":{"self":[{"href":"https:\/\/www.ferrovial.com\/es\/wp-json\/wp\/v2\/pages\/259780","targetHints":{"allow":["GET"]}}],"collection":[{"href":"https:\/\/www.ferrovial.com\/es\/wp-json\/wp\/v2\/pages"}],"about":[{"href":"https:\/\/www.ferrovial.com\/es\/wp-json\/wp\/v2\/types\/page"}],"replies":[{"embeddable":true,"href":"https:\/\/www.ferrovial.com\/es\/wp-json\/wp\/v2\/comments?post=259780"}],"version-history":[{"count":3,"href":"https:\/\/www.ferrovial.com\/es\/wp-json\/wp\/v2\/pages\/259780\/revisions"}],"predecessor-version":[{"id":324163,"href":"https:\/\/www.ferrovial.com\/es\/wp-json\/wp\/v2\/pages\/259780\/revisions\/324163"}],"up":[{"embeddable":true,"href":"https:\/\/www.ferrovial.com\/es\/wp-json\/wp\/v2\/pages\/17967"}],"wp:attachment":[{"href":"https:\/\/www.ferrovial.com\/es\/wp-json\/wp\/v2\/media?parent=259780"}],"curies":[{"name":"wp","href":"https:\/\/api.w.org\/{rel}","templated":true}]}}