{"id":260957,"date":"2023-05-16T15:31:50","date_gmt":"2023-05-16T13:31:50","guid":{"rendered":"https:\/\/www.ferrovial.com\/?page_id=260957"},"modified":"2023-10-05T11:00:41","modified_gmt":"2023-10-05T09:00:41","slug":"tuberias","status":"publish","type":"page","link":"https:\/\/www.ferrovial.com\/es\/recursos\/tuberias\/","title":{"rendered":"Tuber\u00edas"},"content":{"rendered":"    <m-final-content-header >\n            <c-breadcrumb label-text=\"Breadcrumb\" slot=\"breadcrumbs\" type='2' align='left' wrap='wrapped wrapped' aria-label='Vienes de Recursos'>\n                        <ol>\n\n                                                            <li><a href=\"https:\/\/www.ferrovial.com\/es\/\" title=\"Ferrovial\">Ferrovial<\/a><\/li>\n                                                                        <li><a href=\"https:\/\/www.ferrovial.com\/es\/recursos\/\" title=\"Recursos\">Recursos<\/a><\/li>\n                                    \n                <\/ol>\n\n                <\/c-breadcrumb>\n    \n        <div slot=\"header\">\n            <h1>\n                Tuber\u00edas            <\/h1>\n                    <\/div>\n    <\/m-final-content-header>\n\n    \n\n\n<m-wysiwig class=\"wp-block-components-wysiwyg\"><div slot=\"maincontent\">\n<h2 class=\"wp-block-heading\"><strong>\u00bfQu\u00e9 son tuber\u00edas?<\/strong><\/h2>\n\n\n\n<script type=\"application\/ld+json\">\n{\n  \"@context\": \"https:\/\/schema.org\",\n  \"@type\": \"FAQPage\",\n  \"mainEntity\": [{\n    \"@type\": \"Question\",\n    \"name\": \"\u00bfQu\u00e9 son tuber\u00edas?\",\n    \"acceptedAnswer\": {\n      \"@type\": \"Answer\",\n      \"text\": \"Las tuber\u00edas son sistemas de conductos formados principalmente por tubos que, por lo general, est\u00e1n abiertos por ambos extremos y tienen forma cil\u00edndrica. La funci\u00f3n principal de las tuber\u00edas es transportar materia fluida sin que haya p\u00e9rdida de la misma.\"\n    }\n  },{\n    \"@type\": \"Question\",\n    \"name\": \"\u00bfPara qu\u00e9 se usan las tuber\u00edas?\",\n    \"acceptedAnswer\": {\n      \"@type\": \"Answer\",\n      \"text\": \"Las tuber\u00edas se utilizan para todas las aplicaciones industriales o dom\u00e9sticas en las que sea necesario el flujo de sustancias sin que existan fugas. Entre la infinidad estos, se pueden mencionar:\n<ul>\n<li>El suministro de agua, que puede estar destinada a toda clase de procesos industriales o al consumo humano y de otros seres vivos.\n<\/li>\n<li>Los medios de protecci\u00f3n contra incendios, tales como hidrantes y rociadores.\n<\/li>\n<li>El transporte y drenaje seguro de aguas servidas, as\u00ed como el desag\u00fce de otros fluidos que podr\u00edan representar una amenaza para los humanos o para distintos ecosistemas.\n<\/li>\n<li>La extracci\u00f3n, procesamiento y transporte de diversos combustibles l\u00edquidos o gaseosos, entre los que se puede destacar el petr\u00f3leo y sus m\u00faltiples derivados: gasolina, nafta, di\u00e9sel, queroseno, gas butano, etc.\n<\/li>\n<li>Los sistemas de ventilaci\u00f3n, climatizaci\u00f3n, calefacci\u00f3n o refrigeraci\u00f3n, como radiadores, unidades condensadoras, etc.\n<\/li>\n<li>El transporte de vapor en la generaci\u00f3n de energ\u00eda el\u00e9ctrica.\n<\/li>\n<li>El transporte de agua en la generaci\u00f3n de energ\u00eda hidr\u00e1ulica.\n<\/li>\n<li>El flujo de aceites en sistemas de energ\u00eda termo solar.\n<\/li>\n<\/ul>\"\n    }\n  },{\n    \"@type\": \"Question\",\n    \"name\": \"\u00bfDe qu\u00e9 materiales se hacen las tuber\u00edas?\",\n    \"acceptedAnswer\": {\n      \"@type\": \"Answer\",\n      \"text\": \"Las tuber\u00edas pueden estar fabricadas con materiales muy variados, como metales, pl\u00e1sticos, hormig\u00f3n o arcillas.\nLos criterios para escoger un tipo de tuber\u00eda suelen tomar en cuenta distintas necesidades, como:\n<ul>\n<li>El destino que se le dar\u00e1 a la instalaci\u00f3n.\n<\/li>\n<li>El contenido que llevar\u00e1 dentro, con especial atenci\u00f3n a su peligrosidad ante un eventual derrame.\n<\/li>\n<li>Los agentes de deterioro a los que estar\u00e1 expuesta (tanto internos como externos), como la presi\u00f3n del sistema de tuber\u00edas, la tecnolog\u00eda disponible y el presupuesto del proyecto.\n<\/li>\n<\/ul>\nLas tuber\u00edas met\u00e1licas se fabrican com\u00fanmente con acero inoxidable, galvanizado o al carbono; hierro negro o hierro galvanizado; cobre; entre otros.\nEntre las tuber\u00edas pl\u00e1sticas, las m\u00e1s utilizadas son las de PVC (cloruro de polivinilo), que es un material muy vers\u00e1til, y las de PE (polietileno), de mayor flexibilidad. Tambi\u00e9n se fabrican tuber\u00edas pl\u00e1sticas de polipropileno, polibutileno y otros pl\u00e1sticos.\nLas tuber\u00edas de hormig\u00f3n, hormig\u00f3n armado o cemento pueden alcanzar grandes dimensiones a bajo costo.\nLas tuber\u00edas de gres o arcilla vitrificada son de producci\u00f3n sostenible y 100% reciclable.\"\n    }\n  },{\n    \"@type\": \"Question\",\n    \"name\": \"\u00bfQu\u00e9 otros usos se les dan a las tuber\u00edas?\",\n    \"acceptedAnswer\": {\n      \"@type\": \"Answer\",\n      \"text\": \"Los tubos neum\u00e1ticos son sistemas de tuber\u00edas dise\u00f1ados para transportar s\u00f3lidos, aprovechando el vac\u00edo y la presi\u00f3n de aire como fuerzas propulsoras de c\u00e1psulas cil\u00edndricas que viajan llevando objetos dentro de ellas. Los tubos neum\u00e1ticos suelen emplearse en bancos y supermercados para enviar dinero desde las taquillas y las cajas a la b\u00f3veda, o en ciertas empresas para enviar con celeridad piezas peque\u00f1as y documentos.\nLas tuber\u00edas vistas como elemento decorativo son un recurso apreciado en proyectos de est\u00e9tica industrial por dise\u00f1adores y arquitectos. Esto permite reducir costes y resolver m\u00faltiples problemas de manera sencilla.\nLos \u00f3rganos de tubos son instrumentos musicales dotados de uno o varios teclados y un sistema de tuber\u00edas graduadas que producen sonidos al insuflar aire a trav\u00e9s de ellas. Por otra parte, existen artistas que utilizan tuber\u00edas para fabricar distintos instrumentos de viento y de percusi\u00f3n, como el exc\u00e9ntrico tr\u00edo neoyorkino The Blue Man Group, que se ha hecho famoso por sus performances con tambores de tubos de PVC.\"\n    }\n  }]\n}\n<\/script><p>Las tuber\u00edas son <strong>sistemas de conductos <\/strong>formados principalmente por tubos que, por lo general, est\u00e1n abiertos por ambos extremos y tienen forma cil\u00edndrica. La funci\u00f3n principal de las tuber\u00edas es <strong>transportar materia fluida <\/strong>sin que haya p\u00e9rdida de la misma.<\/p>\n\n\n\n<h2 class=\"wp-block-heading\"><strong>\u00bfPara qu\u00e9 se usan las tuber\u00edas?<\/strong><\/h2>\n\n\n\n<p>Las tuber\u00edas se utilizan para todas las <strong>aplicaciones industriales o dom\u00e9sticas <\/strong>en las que sea necesario el flujo de sustancias sin que existan fugas. Entre la infinidad estos, se pueden mencionar:<\/p>\n\n\n\n<ul class=\"wp-block-list\">\n<li>El <strong>suministro de agua<\/strong>, que puede estar destinada a toda clase de procesos industriales o al consumo humano y de otros seres vivos.<\/li>\n\n\n\n<li>Los medios de <strong>protecci\u00f3n contra incendios<\/strong>, tales como hidrantes y rociadores.<\/li>\n\n\n\n<li>El transporte y drenaje seguro de <a href=\"https:\/\/www.ferrovial.com\/es-es\/negocio\/agua\/\"><strong>aguas servidas<\/strong><\/a>, as\u00ed como el desag\u00fce de otros fluidos que podr\u00edan representar una amenaza para los humanos o para distintos ecosistemas.<\/li>\n\n\n\n<li>La extracci\u00f3n, procesamiento y transporte de diversos <strong>combustibles l\u00edquidos o gaseosos<\/strong>, entre los que se puede destacar el petr\u00f3leo y sus m\u00faltiples derivados: gasolina, nafta, di\u00e9sel, queroseno, gas butano, etc.<\/li>\n\n\n\n<li>Los <strong>sistemas de ventilaci\u00f3n<\/strong>, climatizaci\u00f3n, calefacci\u00f3n o refrigeraci\u00f3n, como radiadores, unidades condensadoras, etc.<\/li>\n\n\n\n<li>El transporte de <strong>vapor <\/strong>en la generaci\u00f3n de <strong>energ\u00eda el\u00e9ctrica<\/strong>.<\/li>\n\n\n\n<li>El transporte de agua en la generaci\u00f3n de <strong>energ\u00eda hidr\u00e1ulica<\/strong>.<\/li>\n\n\n\n<li>El flujo de <strong>aceites <\/strong>en sistemas de <strong>energ\u00eda termo solar<\/strong>.<\/li>\n<\/ul>\n\n\n\n<h2 class=\"wp-block-heading\"><strong>\u00bfDe qu\u00e9 materiales se hacen las tuber\u00edas?<\/strong><\/h2>\n\n\n\n<p>Las tuber\u00edas pueden estar fabricadas con materiales muy variados, como metales, pl\u00e1sticos, <a href=\"https:\/\/www.ferrovial.com\/es\/recursos\/hormigon\/\">hormi<\/a><a href=\"https:\/\/www.ferrovial.com\/es\/recursos\/hormigon\/\" target=\"_blank\" rel=\"noreferrer noopener\">g<\/a><a href=\"https:\/\/www.ferrovial.com\/es\/recursos\/hormigon\/\">\u00f3n<\/a> o arcillas.<\/p>\n\n\n\n<p>Los criterios para escoger un tipo de tuber\u00eda suelen tomar en cuenta distintas necesidades, como:<\/p>\n\n\n\n<ul class=\"wp-block-list\">\n<li>El <strong>destino <\/strong>que se le dar\u00e1 a la instalaci\u00f3n.<\/li>\n\n\n\n<li>El <strong>contenido <\/strong>que llevar\u00e1 dentro, con especial atenci\u00f3n a su peligrosidad ante un eventual derrame.<\/li>\n\n\n\n<li>Los <strong>agentes de deterioro <\/strong>a los que estar\u00e1 expuesta (tanto internos como externos), como la presi\u00f3n del sistema de tuber\u00edas, la tecnolog\u00eda disponible y el presupuesto del proyecto.<\/li>\n<\/ul>\n\n\n\n<p>Las <strong>tuber\u00edas met\u00e1licas <\/strong>se fabrican com\u00fanmente con acero inoxidable, galvanizado o al carbono; hierro negro o hierro galvanizado; cobre; entre otros.<\/p>\n\n\n\n<p>Entre las <strong>tuber\u00edas pl\u00e1sticas<\/strong>, las m\u00e1s utilizadas son las de PVC (cloruro de polivinilo), que es un material muy vers\u00e1til, y las de PE (polietileno), de mayor flexibilidad. Tambi\u00e9n se fabrican tuber\u00edas pl\u00e1sticas de polipropileno, polibutileno y otros pl\u00e1sticos.<\/p>\n\n\n\n<p>Las <strong>tuber\u00edas de hormig\u00f3n<\/strong>, hormig\u00f3n armado o <a href=\"https:\/\/www.ferrovial.com\/es\/recursos\/cemento\/\" target=\"_blank\" rel=\"noreferrer noopener\">cemento<\/a> pueden alcanzar grandes dimensiones a bajo costo.<\/p>\n\n\n\n<p>Las <strong>tuber\u00edas de gres o arcilla vitrificada <\/strong>son de producci\u00f3n <a href=\"https:\/\/www.ferrovial.com\/es-es\/sostenibilidad\/rsc\/plan\/\" target=\"_blank\" rel=\"noreferrer noopener\">sostenible<\/a> y 100% reciclable.&nbsp;&nbsp;<\/p>\n\n\n\n<h2 class=\"wp-block-heading\"><strong>\u00bfQu\u00e9 otros usos se les dan a las tuber\u00edas?<\/strong><\/h2>\n\n\n\n<p>Los <strong>tubos neum\u00e1ticos<\/strong> son sistemas de tuber\u00edas dise\u00f1ados para <strong>transportar s\u00f3lidos<\/strong>, aprovechando el vac\u00edo y la presi\u00f3n de aire como fuerzas propulsoras de <strong>c\u00e1psulas cil\u00edndricas <\/strong>que viajan llevando objetos dentro de ellas. Los tubos neum\u00e1ticos suelen emplearse en bancos y supermercados para enviar dinero desde las taquillas y las cajas a la b\u00f3veda, o en ciertas empresas para enviar con celeridad piezas peque\u00f1as y documentos.<\/p>\n\n\n\n<p>Las tuber\u00edas vistas como <strong>elemento decorativo<\/strong> son un recurso apreciado en proyectos de est\u00e9tica industrial por dise\u00f1adores y arquitectos. Esto permite reducir costes y resolver m\u00faltiples problemas de manera sencilla.<\/p>\n\n\n\n<p>Los \u00f3rganos de tubos son <strong>instrumentos musicales <\/strong>dotados de uno o varios teclados y un sistema de tuber\u00edas graduadas que producen sonidos al insuflar aire a trav\u00e9s de ellas. Por otra parte, existen <strong>artistas<\/strong> que utilizan tuber\u00edas para fabricar distintos instrumentos de viento y de percusi\u00f3n, como el exc\u00e9ntrico tr\u00edo neoyorkino <em>The Blue Man Group<\/em>, que se ha hecho famoso por sus performances con tambores de tubos de PVC.<\/p>\n<\/div><\/m-wysiwig>\n\n\n    <m-projects-distributor2 :translations='{\n        &quot;prev&quot;:&quot;Anterior&quot;,\n        &quot;next&quot;:&quot;Siguiente&quot;,\n        &quot;paginationseparator&quot;:&quot;de&quot;\n    }'>\n                        <h2 slot=\"title\">\n                Nuestros proyectos destacados                <\/h2>\n                        <a slot='button' title='Conoce nuestros proyectos ' href='https:\/\/www.ferrovial.com\/es\/cintra\/proyectos\/'>\n            Conoce nuestros proyectos         <\/a>\n\n            <\/m-projects-distributor2>\n\n    ","protected":false},"excerpt":{"rendered":"","protected":false},"featured_media":0,"parent":25267,"menu_order":0,"comment_status":"closed","ping_status":"closed","template":"","meta":{"_acf_changed":false,"footnotes":""},"class_list":["post-260957","page","type-page","status-publish","hentry"],"acf":[],"yoast_head":"<!-- This site is optimized with the Yoast SEO plugin v27.2 - https:\/\/yoast.com\/product\/yoast-seo-wordpress\/ -->\n<title>Tuber\u00edas - Ferrovial<\/title>\n<meta name=\"description\" content=\"Las tuber\u00edas se utilizan para todas las aplicaciones industriales o dom\u00e9sticas en las que sea necesario el flujo de sustancias sin que existan fugas.\" \/>\n<meta name=\"robots\" content=\"index, follow, max-snippet:-1, max-image-preview:large, max-video-preview:-1\" \/>\n<link rel=\"canonical\" href=\"https:\/\/www.ferrovial.com\/es\/recursos\/tuberias\/\" \/>\n<meta property=\"og:locale\" content=\"es_ES\" \/>\n<meta property=\"og:type\" content=\"article\" \/>\n<meta property=\"og:title\" content=\"Tuber\u00edas - Ferrovial\" \/>\n<meta property=\"og:description\" content=\"Las tuber\u00edas se utilizan para todas las aplicaciones industriales o dom\u00e9sticas en las que sea necesario el flujo de sustancias sin que existan fugas.\" \/>\n<meta property=\"og:url\" content=\"https:\/\/www.ferrovial.com\/es\/recursos\/tuberias\/\" \/>\n<meta property=\"og:site_name\" content=\"Ferrovial\" \/>\n<meta property=\"article:publisher\" content=\"https:\/\/www.facebook.com\/ferrovial\" \/>\n<meta property=\"article:modified_time\" content=\"2023-10-05T09:00:41+00:00\" \/>\n<meta name=\"twitter:card\" content=\"summary_large_image\" \/>\n<meta name=\"twitter:site\" content=\"@ferrovial\" \/>\n<meta name=\"twitter:label1\" content=\"Est. reading time\" \/>\n\t<meta name=\"twitter:data1\" content=\"3 minutos\" \/>\n<!-- \/ Yoast SEO plugin. -->","yoast_head_json":{"title":"Tuber\u00edas - Ferrovial","description":"Las tuber\u00edas se utilizan para todas las aplicaciones industriales o dom\u00e9sticas en las que sea necesario el flujo de sustancias sin que existan fugas.","robots":{"index":"index","follow":"follow","max-snippet":"max-snippet:-1","max-image-preview":"max-image-preview:large","max-video-preview":"max-video-preview:-1"},"canonical":"https:\/\/www.ferrovial.com\/es\/recursos\/tuberias\/","og_locale":"es_ES","og_type":"article","og_title":"Tuber\u00edas - Ferrovial","og_description":"Las tuber\u00edas se utilizan para todas las aplicaciones industriales o dom\u00e9sticas en las que sea necesario el flujo de sustancias sin que existan fugas.","og_url":"https:\/\/www.ferrovial.com\/es\/recursos\/tuberias\/","og_site_name":"Ferrovial","article_publisher":"https:\/\/www.facebook.com\/ferrovial","article_modified_time":"2023-10-05T09:00:41+00:00","twitter_card":"summary_large_image","twitter_site":"@ferrovial","twitter_misc":{"Est. reading time":"3 minutos"},"schema":{"@context":"https:\/\/schema.org","@graph":[{"@type":"WebPage","@id":"https:\/\/www.ferrovial.com\/es\/recursos\/tuberias\/","url":"https:\/\/www.ferrovial.com\/es\/recursos\/tuberias\/","name":"Tuber\u00edas - Ferrovial","isPartOf":{"@id":"https:\/\/www.ferrovial.com\/es\/#website"},"datePublished":"2023-05-16T13:31:50+00:00","dateModified":"2023-10-05T09:00:41+00:00","description":"Las tuber\u00edas se utilizan para todas las aplicaciones industriales o dom\u00e9sticas en las que sea necesario el flujo de sustancias sin que existan fugas.","breadcrumb":{"@id":"https:\/\/www.ferrovial.com\/es\/recursos\/tuberias\/#breadcrumb"},"inLanguage":"es","potentialAction":[{"@type":"ReadAction","target":["https:\/\/www.ferrovial.com\/es\/recursos\/tuberias\/"]}]},{"@type":"BreadcrumbList","@id":"https:\/\/www.ferrovial.com\/es\/recursos\/tuberias\/#breadcrumb","itemListElement":[{"@type":"ListItem","position":1,"name":"Portada","item":"https:\/\/www.ferrovial.com\/es\/"},{"@type":"ListItem","position":2,"name":"Recursos","item":"https:\/\/www.ferrovial.com\/es\/recursos\/"},{"@type":"ListItem","position":3,"name":"Tuber\u00edas"}]},{"@type":"WebSite","@id":"https:\/\/www.ferrovial.com\/es\/#website","url":"https:\/\/www.ferrovial.com\/es\/","name":"Ferrovial","description":"Welcome to the Ferrovial&#039;s website, global operator of sustainable infrastructure. Here you can find all the information about the company and subsidiaries.","publisher":{"@id":"https:\/\/www.ferrovial.com\/es\/#organization"},"potentialAction":[{"@type":"SearchAction","target":{"@type":"EntryPoint","urlTemplate":"https:\/\/www.ferrovial.com\/es\/?s={search_term_string}"},"query-input":{"@type":"PropertyValueSpecification","valueRequired":true,"valueName":"search_term_string"}}],"inLanguage":"es"},{"@type":"Organization","@id":"https:\/\/www.ferrovial.com\/es\/#organization","name":"Ferrovial S.A.","url":"https:\/\/www.ferrovial.com\/es\/","logo":{"@type":"ImageObject","inLanguage":"es","@id":"https:\/\/www.ferrovial.com\/es\/#\/schema\/logo\/image\/","url":"https:\/\/static.ferrovial.com\/wp-content\/uploads\/2020\/01\/13124948\/logo-ferrovial-cf7.png","contentUrl":"https:\/\/static.ferrovial.com\/wp-content\/uploads\/2020\/01\/13124948\/logo-ferrovial-cf7.png","width":144,"height":32,"caption":"Ferrovial S.A."},"image":{"@id":"https:\/\/www.ferrovial.com\/es\/#\/schema\/logo\/image\/"},"sameAs":["https:\/\/www.facebook.com\/ferrovial","https:\/\/x.com\/ferrovial","https:\/\/www.instagram.com\/ferrovial\/","https:\/\/www.linkedin.com\/company\/ferrovial","https:\/\/www.pinterest.es\/ferrovial\/","https:\/\/www.youtube.com\/ferrovial","https:\/\/en.wikipedia.org\/wiki\/Ferrovial"]}]}},"_links":{"self":[{"href":"https:\/\/www.ferrovial.com\/es\/wp-json\/wp\/v2\/pages\/260957","targetHints":{"allow":["GET"]}}],"collection":[{"href":"https:\/\/www.ferrovial.com\/es\/wp-json\/wp\/v2\/pages"}],"about":[{"href":"https:\/\/www.ferrovial.com\/es\/wp-json\/wp\/v2\/types\/page"}],"replies":[{"embeddable":true,"href":"https:\/\/www.ferrovial.com\/es\/wp-json\/wp\/v2\/comments?post=260957"}],"version-history":[{"count":2,"href":"https:\/\/www.ferrovial.com\/es\/wp-json\/wp\/v2\/pages\/260957\/revisions"}],"predecessor-version":[{"id":269217,"href":"https:\/\/www.ferrovial.com\/es\/wp-json\/wp\/v2\/pages\/260957\/revisions\/269217"}],"up":[{"embeddable":true,"href":"https:\/\/www.ferrovial.com\/es\/wp-json\/wp\/v2\/pages\/25267"}],"wp:attachment":[{"href":"https:\/\/www.ferrovial.com\/es\/wp-json\/wp\/v2\/media?parent=260957"}],"curies":[{"name":"wp","href":"https:\/\/api.w.org\/{rel}","templated":true}]}}