{"id":260961,"date":"2023-05-16T15:40:28","date_gmt":"2023-05-16T13:40:28","guid":{"rendered":"https:\/\/www.ferrovial.com\/?page_id=260961"},"modified":"2023-10-05T11:16:58","modified_gmt":"2023-10-05T09:16:58","slug":"bateria-recargable","status":"publish","type":"page","link":"https:\/\/www.ferrovial.com\/es\/stem\/bateria-recargable\/","title":{"rendered":"Bater\u00eda Recargable"},"content":{"rendered":"    <m-final-content-header >\n            <c-breadcrumb label-text=\"Breadcrumb\" slot=\"breadcrumbs\" type='2' align='left' wrap='wrapped wrapped' aria-label='Vienes de STEM'>\n                        <ol>\n\n                                                            <li><a href=\"https:\/\/www.ferrovial.com\/es\/\" title=\"Ferrovial\">Ferrovial<\/a><\/li>\n                                                                        <li><a href=\"https:\/\/www.ferrovial.com\/es\/stem\/\" title=\"STEM\">STEM<\/a><\/li>\n                                    \n                <\/ol>\n\n                <\/c-breadcrumb>\n    \n        <div slot=\"header\">\n            <h1>\n                Bater\u00eda Recargable            <\/h1>\n                    <\/div>\n    <\/m-final-content-header>\n\n    \n\n\n<m-wysiwig class=\"wp-block-components-wysiwyg\"><div slot=\"maincontent\">\n<h2 class=\"wp-block-heading\"><strong>\u00bfQu\u00e9 es una bater\u00eda recargable?<\/strong><\/h2>\n\n\n\n<script type=\"application\/ld+json\">\n{\n  \"@context\": \"https:\/\/schema.org\",\n  \"@type\": \"FAQPage\",\n  \"mainEntity\": [{\n    \"@type\": \"Question\",\n    \"name\": \"\u00bfQu\u00e9 es una bater\u00eda recargable?\",\n    \"acceptedAnswer\": {\n      \"@type\": \"Answer\",\n      \"text\": \"Una bater\u00eda es un tipo de generador electroqu\u00edmico compuesto por un grupo de celdas electroqu\u00edmicas capaces de producir energ\u00eda el\u00e9ctrica a partir de reacciones qu\u00edmicas. Una bater\u00eda recargable, tambi\u00e9n conocida como acumulador recargable, adem\u00e1s, es capaz de revertir el proceso qu\u00edmico a partir de energ\u00eda el\u00e9ctrica.\"\n    }\n  },{\n    \"@type\": \"Question\",\n    \"name\": \"\u00bfC\u00f3mo funciona una bater\u00eda recargable?\",\n    \"acceptedAnswer\": {\n      \"@type\": \"Answer\",\n      \"text\": \"El funcionamiento de las bater\u00edas recargables se divide en dos procesos diferenciados: carga y descarga. Como otros tipos de bater\u00edas, las recargables funcionan gracias a un proceso de oxidaci\u00f3n-reducci\u00f3n. Lo que diferencia las bater\u00edas recargables de las desechables es su capacidad de reacci\u00f3n inversa.\"\n    }\n  },{\n    \"@type\": \"Question\",\n    \"name\": \"\u00bfQu\u00e9 tipos de bater\u00edas recargables existen?\",\n    \"acceptedAnswer\": {\n      \"@type\": \"Answer\",\n      \"text\": \"Las combinaciones qu\u00edmicas m\u00e1s comunes en las bater\u00edas recargables son:\n<ul>\n<li>Plomo-\u00e1cido.\n<\/li>\n<li>N\u00edquel-cadmio.\n<\/li>\n<li>N\u00edquel-metalhidruro.\n<\/li>\n<li>Iones de litio.\n<\/li>\n<li>Pol\u00edmero de iones de litio.\n<\/li>\n<li>Sal fundida.\n<\/li>\n<li>Litio-azufre.\n<\/li>\n<\/ul>\"\n    }\n  },{\n    \"@type\": \"Question\",\n    \"name\": \"\u00bfVentajas de una bater\u00eda recargable?\",\n    \"acceptedAnswer\": {\n      \"@type\": \"Answer\",\n      \"text\": \"<ul>\n<li>Menor impacto ambiental, al sustituir varias veces la funci\u00f3n de una desechable.\n<\/li>\n<li>Mejor rendimiento econ\u00f3mico, aunque requiere una mayor inversi\u00f3n inicial.\n<\/li>\n<\/ul>\"\n    }\n  },{\n    \"@type\": \"Question\",\n    \"name\": \"\u00bfCu\u00e1les son las principales aplicaciones de una bater\u00eda recargable?\",\n    \"acceptedAnswer\": {\n      \"@type\": \"Answer\",\n      \"text\": \"<ul>\n<li>Dispositivos electr\u00f3nicos.\n<\/li>\n<li>Veh\u00edculos el\u00e9ctricos.\n<\/li>\n<li>Sistemas que no puedan interrumpir su flujo el\u00e9ctrico; por ejemplo, equipos hospitalarios de cuidados intensivos.\n<\/li>\n<li>Red el\u00e9ctrica de energ\u00edas renovables, donde se utiliza para almacenar la carga durante los momentos de producci\u00f3n el\u00e9ctrica y baja demanda. La mejora de este aspecto de la tecnolog\u00eda es el principal enfoque de la investigaci\u00f3n actual.\n<\/li>\n<\/ul>\"\n    }\n  }]\n}\n<\/script><p>Una <a href=\"https:\/\/www.ferrovial.com\/es\/stem\/bateria\/\" target=\"_blank\" rel=\"noreferrer noopener\"><strong>bater\u00eda<\/strong><\/a> es un tipo de generador electroqu\u00edmico compuesto por un grupo de celdas electroqu\u00edmicas capaces de <strong>producir energ\u00eda el\u00e9ctrica a partir de reacciones qu\u00edmicas<\/strong>. Una <strong>bater\u00eda recargable<\/strong>, tambi\u00e9n conocida como <strong>acumulador recargable<\/strong>, adem\u00e1s, es capaz de <strong>revertir el proceso qu\u00edmico <\/strong>a partir de energ\u00eda el\u00e9ctrica.<\/p>\n\n\n\n<h2 class=\"wp-block-heading\"><strong>\u00bfC\u00f3mo funciona una bater\u00eda recargable?<\/strong><\/h2>\n\n\n\n<p>El funcionamiento de las bater\u00edas recargables se divide en dos procesos diferenciados: <strong>carga y descarga<\/strong>. Como otros tipos de bater\u00edas, las recargables funcionan gracias a un <strong>proceso de oxidaci\u00f3n-reducci\u00f3n<\/strong>. Lo que diferencia las bater\u00edas recargables de las desechables es su <strong>capacidad de reacci\u00f3n inversa<\/strong>.<\/p>\n\n\n\n<p>Durante el <strong>proceso de descarga<\/strong>, uno de los metales de la bater\u00eda (<strong>\u00e1nodo<\/strong>) se oxida y <strong>cede electrones<\/strong>, mientras que otro metal (<strong>c\u00e1todo<\/strong>) se reduce y <strong>gana electrones<\/strong>. Por su parte, el <strong>gel seco<\/strong> (<strong>electrolito<\/strong>) capta y organiza los electrones gracias a sus iones. El <strong>gel seco <\/strong>es s\u00f3lido,<strong> <\/strong>y actualmente sustituye la tela o cart\u00f3n ba\u00f1ado con <strong>soluci\u00f3n salina<\/strong> de las primeras bater\u00edas.<\/p>\n\n\n\n<p>En la descarga, la reacci\u00f3n qu\u00edmica entre los componentes contenidos en la bater\u00eda genera <strong>energ\u00eda el\u00e9ctrica<\/strong>. La descarga se completa cuando <strong>el metal alcanza su l\u00edmite de oxidaci\u00f3n<\/strong>.<\/p>\n\n\n\n<p>Durante el <strong>proceso de carga<\/strong>, la <strong>oxidaci\u00f3n se revierte<\/strong>, regresando los electrones al metal.<\/p>\n\n\n\n<p>Cada carga y descarga produce calor, que <strong>deforma <\/strong>la estructura interna de la bater\u00eda. El cambio de forma del metal <strong>dificulta la movilidad de los electrones<\/strong>, mientras que el gel seco se hace progresivamente l\u00edquido y emana gases.<\/p>\n\n\n\n<h2 class=\"wp-block-heading\"><strong>\u00bfQu\u00e9 tipos de bater\u00edas recargables existen?<\/strong><\/h2>\n\n\n\n<p>Las combinaciones qu\u00edmicas m\u00e1s comunes en las bater\u00edas recargables son:<\/p>\n\n\n\n<ul class=\"wp-block-list\">\n<li>Plomo-\u00e1cido.<\/li>\n\n\n\n<li>N\u00edquel-cadmio.<\/li>\n\n\n\n<li>N\u00edquel-metalhidruro.<\/li>\n\n\n\n<li>Iones de litio.<\/li>\n\n\n\n<li>Pol\u00edmero de iones de litio.<\/li>\n\n\n\n<li>Sal fundida.<\/li>\n\n\n\n<li>Litio-azufre.<\/li>\n<\/ul>\n\n\n\n<p>De todas estas bater\u00edas, la que ha cobrado mayor popularidad en los \u00faltimos a\u00f1os ha sido la de iones de litio. Sin embargo, el litio es un material costoso, y sus capacidades son relativamente limitadas, por lo que la investigaci\u00f3n sobre bater\u00edas recargables contin\u00faa en pleno apogeo. Recientemente se est\u00e1 trabajando en otros tipos de bater\u00edas, como la de magnesio, o la de metal l\u00edquido, desarrollada en el Instituto de Tecnolog\u00eda de Massachusetts (MIT).<\/p>\n\n\n\n<h2 class=\"wp-block-heading\"><strong>\u00bfVentajas de una bater\u00eda recargable?<\/strong><\/h2>\n\n\n\n<ul class=\"wp-block-list\">\n<li>Menor impacto ambiental, al sustituir varias veces la funci\u00f3n de una desechable.<\/li>\n\n\n\n<li>Mejor rendimiento econ\u00f3mico, aunque requiere una mayor inversi\u00f3n inicial.<\/li>\n<\/ul>\n\n\n\n<p>A nivel dom\u00e9stico, el mercado se decanta desde hace varios a\u00f1os por las bater\u00edas recargables respecto a las desechables. De hecho, en Estados Unidos, la demanda de bater\u00edas recargables es el doble respecto a las de un solo uso.<\/p>\n\n\n\n<h2 class=\"wp-block-heading\"><strong>\u00bfCu\u00e1les son las principales aplicaciones de una bater\u00eda recargable?<\/strong><\/h2>\n\n\n\n<ul class=\"wp-block-list\">\n<li>Dispositivos electr\u00f3nicos.<\/li>\n\n\n\n<li>Veh\u00edculos el\u00e9ctricos.<\/li>\n\n\n\n<li>Sistemas que no puedan interrumpir su flujo el\u00e9ctrico; por ejemplo, equipos hospitalarios de cuidados intensivos.<\/li>\n\n\n\n<li>Red el\u00e9ctrica de <strong>energ\u00edas renovables, <\/strong>donde se utiliza para almacenar la carga durante los momentos de producci\u00f3n el\u00e9ctrica y baja demanda. La mejora de este aspecto de la tecnolog\u00eda es el principal enfoque de la investigaci\u00f3n actual.<\/li>\n<\/ul>\n<\/div><\/m-wysiwig>\n\n\n    <m-projects-distributor2 :translations='{\n        &quot;prev&quot;:&quot;Anterior&quot;,\n        &quot;next&quot;:&quot;Siguiente&quot;,\n        &quot;paginationseparator&quot;:&quot;de&quot;\n    }'>\n                        <h2 slot=\"title\">\n                Nuestros proyectos destacados                <\/h2>\n                        <a slot='button' title='Conoce nuestros proyectos ' href='https:\/\/www.ferrovial.com\/es\/cintra\/proyectos\/'>\n            Conoce nuestros proyectos         <\/a>\n\n            <\/m-projects-distributor2>\n\n    ","protected":false},"excerpt":{"rendered":"","protected":false},"featured_media":0,"parent":227878,"menu_order":0,"comment_status":"closed","ping_status":"closed","template":"","meta":{"_acf_changed":false,"footnotes":""},"class_list":["post-260961","page","type-page","status-publish","hentry"],"acf":[],"yoast_head":"<!-- This site is optimized with the Yoast SEO plugin v27.2 - https:\/\/yoast.com\/product\/yoast-seo-wordpress\/ -->\n<title>Bater\u00eda Recargable - Ferrovial<\/title>\n<meta name=\"description\" content=\"Una bater\u00eda es un tipo de generador electroqu\u00edmico compuesto por un grupo de celdas electroqu\u00edmicas capaces de producir energ\u00eda el\u00e9ctrica a partir de reacciones qu\u00edmicas.\" \/>\n<meta name=\"robots\" content=\"index, follow, max-snippet:-1, max-image-preview:large, max-video-preview:-1\" \/>\n<link rel=\"canonical\" href=\"https:\/\/www.ferrovial.com\/es\/stem\/bateria-recargable\/\" \/>\n<meta property=\"og:locale\" content=\"es_ES\" \/>\n<meta property=\"og:type\" content=\"article\" \/>\n<meta property=\"og:title\" content=\"Bater\u00eda Recargable - Ferrovial\" \/>\n<meta property=\"og:description\" content=\"Una bater\u00eda es un tipo de generador electroqu\u00edmico compuesto por un grupo de celdas electroqu\u00edmicas capaces de producir energ\u00eda el\u00e9ctrica a partir de reacciones qu\u00edmicas.\" \/>\n<meta property=\"og:url\" content=\"https:\/\/www.ferrovial.com\/es\/stem\/bateria-recargable\/\" \/>\n<meta property=\"og:site_name\" content=\"Ferrovial\" \/>\n<meta property=\"article:publisher\" content=\"https:\/\/www.facebook.com\/ferrovial\" \/>\n<meta property=\"article:modified_time\" content=\"2023-10-05T09:16:58+00:00\" \/>\n<meta name=\"twitter:card\" content=\"summary_large_image\" \/>\n<meta name=\"twitter:site\" content=\"@ferrovial\" \/>\n<meta name=\"twitter:label1\" content=\"Est. reading time\" \/>\n\t<meta name=\"twitter:data1\" content=\"3 minutos\" \/>\n<!-- \/ Yoast SEO plugin. -->","yoast_head_json":{"title":"Bater\u00eda Recargable - Ferrovial","description":"Una bater\u00eda es un tipo de generador electroqu\u00edmico compuesto por un grupo de celdas electroqu\u00edmicas capaces de producir energ\u00eda el\u00e9ctrica a partir de reacciones qu\u00edmicas.","robots":{"index":"index","follow":"follow","max-snippet":"max-snippet:-1","max-image-preview":"max-image-preview:large","max-video-preview":"max-video-preview:-1"},"canonical":"https:\/\/www.ferrovial.com\/es\/stem\/bateria-recargable\/","og_locale":"es_ES","og_type":"article","og_title":"Bater\u00eda Recargable - Ferrovial","og_description":"Una bater\u00eda es un tipo de generador electroqu\u00edmico compuesto por un grupo de celdas electroqu\u00edmicas capaces de producir energ\u00eda el\u00e9ctrica a partir de reacciones qu\u00edmicas.","og_url":"https:\/\/www.ferrovial.com\/es\/stem\/bateria-recargable\/","og_site_name":"Ferrovial","article_publisher":"https:\/\/www.facebook.com\/ferrovial","article_modified_time":"2023-10-05T09:16:58+00:00","twitter_card":"summary_large_image","twitter_site":"@ferrovial","twitter_misc":{"Est. reading time":"3 minutos"},"schema":{"@context":"https:\/\/schema.org","@graph":[{"@type":"WebPage","@id":"https:\/\/www.ferrovial.com\/es\/stem\/bateria-recargable\/","url":"https:\/\/www.ferrovial.com\/es\/stem\/bateria-recargable\/","name":"Bater\u00eda Recargable - Ferrovial","isPartOf":{"@id":"https:\/\/www.ferrovial.com\/es\/#website"},"datePublished":"2023-05-16T13:40:28+00:00","dateModified":"2023-10-05T09:16:58+00:00","description":"Una bater\u00eda es un tipo de generador electroqu\u00edmico compuesto por un grupo de celdas electroqu\u00edmicas capaces de producir energ\u00eda el\u00e9ctrica a partir de reacciones qu\u00edmicas.","breadcrumb":{"@id":"https:\/\/www.ferrovial.com\/es\/stem\/bateria-recargable\/#breadcrumb"},"inLanguage":"es","potentialAction":[{"@type":"ReadAction","target":["https:\/\/www.ferrovial.com\/es\/stem\/bateria-recargable\/"]}]},{"@type":"BreadcrumbList","@id":"https:\/\/www.ferrovial.com\/es\/stem\/bateria-recargable\/#breadcrumb","itemListElement":[{"@type":"ListItem","position":1,"name":"Portada","item":"https:\/\/www.ferrovial.com\/es\/"},{"@type":"ListItem","position":2,"name":"STEM","item":"https:\/\/www.ferrovial.com\/es\/stem\/"},{"@type":"ListItem","position":3,"name":"Bater\u00eda Recargable"}]},{"@type":"WebSite","@id":"https:\/\/www.ferrovial.com\/es\/#website","url":"https:\/\/www.ferrovial.com\/es\/","name":"Ferrovial","description":"Welcome to the Ferrovial&#039;s website, global operator of sustainable infrastructure. Here you can find all the information about the company and subsidiaries.","publisher":{"@id":"https:\/\/www.ferrovial.com\/es\/#organization"},"potentialAction":[{"@type":"SearchAction","target":{"@type":"EntryPoint","urlTemplate":"https:\/\/www.ferrovial.com\/es\/?s={search_term_string}"},"query-input":{"@type":"PropertyValueSpecification","valueRequired":true,"valueName":"search_term_string"}}],"inLanguage":"es"},{"@type":"Organization","@id":"https:\/\/www.ferrovial.com\/es\/#organization","name":"Ferrovial S.A.","url":"https:\/\/www.ferrovial.com\/es\/","logo":{"@type":"ImageObject","inLanguage":"es","@id":"https:\/\/www.ferrovial.com\/es\/#\/schema\/logo\/image\/","url":"https:\/\/static.ferrovial.com\/wp-content\/uploads\/2020\/01\/13124948\/logo-ferrovial-cf7.png","contentUrl":"https:\/\/static.ferrovial.com\/wp-content\/uploads\/2020\/01\/13124948\/logo-ferrovial-cf7.png","width":144,"height":32,"caption":"Ferrovial S.A."},"image":{"@id":"https:\/\/www.ferrovial.com\/es\/#\/schema\/logo\/image\/"},"sameAs":["https:\/\/www.facebook.com\/ferrovial","https:\/\/x.com\/ferrovial","https:\/\/www.instagram.com\/ferrovial\/","https:\/\/www.linkedin.com\/company\/ferrovial","https:\/\/www.pinterest.es\/ferrovial\/","https:\/\/www.youtube.com\/ferrovial","https:\/\/en.wikipedia.org\/wiki\/Ferrovial"]}]}},"_links":{"self":[{"href":"https:\/\/www.ferrovial.com\/es\/wp-json\/wp\/v2\/pages\/260961","targetHints":{"allow":["GET"]}}],"collection":[{"href":"https:\/\/www.ferrovial.com\/es\/wp-json\/wp\/v2\/pages"}],"about":[{"href":"https:\/\/www.ferrovial.com\/es\/wp-json\/wp\/v2\/types\/page"}],"replies":[{"embeddable":true,"href":"https:\/\/www.ferrovial.com\/es\/wp-json\/wp\/v2\/comments?post=260961"}],"version-history":[{"count":3,"href":"https:\/\/www.ferrovial.com\/es\/wp-json\/wp\/v2\/pages\/260961\/revisions"}],"predecessor-version":[{"id":269219,"href":"https:\/\/www.ferrovial.com\/es\/wp-json\/wp\/v2\/pages\/260961\/revisions\/269219"}],"up":[{"embeddable":true,"href":"https:\/\/www.ferrovial.com\/es\/wp-json\/wp\/v2\/pages\/227878"}],"wp:attachment":[{"href":"https:\/\/www.ferrovial.com\/es\/wp-json\/wp\/v2\/media?parent=260961"}],"curies":[{"name":"wp","href":"https:\/\/api.w.org\/{rel}","templated":true}]}}