{"id":261310,"date":"2023-05-19T08:52:11","date_gmt":"2023-05-19T06:52:11","guid":{"rendered":"https:\/\/www.ferrovial.com\/?page_id=261310"},"modified":"2023-10-05T11:32:25","modified_gmt":"2023-10-05T09:32:25","slug":"seleccion-natural","status":"publish","type":"page","link":"https:\/\/www.ferrovial.com\/es\/stem\/seleccion-natural\/","title":{"rendered":"Selecci\u00f3n Natural"},"content":{"rendered":"    <m-final-content-header >\n            <c-breadcrumb label-text=\"Breadcrumb\" slot=\"breadcrumbs\" type='2' align='left' wrap='wrapped wrapped' aria-label='Vienes de STEM'>\n                        <ol>\n\n                                                            <li><a href=\"https:\/\/www.ferrovial.com\/es\/\" title=\"Ferrovial\">Ferrovial<\/a><\/li>\n                                                                        <li><a href=\"https:\/\/www.ferrovial.com\/es\/stem\/\" title=\"STEM\">STEM<\/a><\/li>\n                                    \n                <\/ol>\n\n                <\/c-breadcrumb>\n    \n        <div slot=\"header\">\n            <h1>\n                \u00bfQu\u00e9 es selecci\u00f3n natural?            <\/h1>\n                    <\/div>\n    <\/m-final-content-header>\n\n    \n\n\n<m-wysiwig class=\"wp-block-components-wysiwyg\"><div slot=\"maincontent\">\n<script type=\"application\/ld+json\">\n{\n  \"@context\": \"https:\/\/schema.org\",\n  \"@type\": \"FAQPage\",\n  \"mainEntity\": [{\n    \"@type\": \"Question\",\n    \"name\": \"\u00bfQu\u00e9 es selecci\u00f3n natural?\",\n    \"acceptedAnswer\": {\n      \"@type\": \"Answer\",\n      \"text\": \"Es una noci\u00f3n evolutiva, propuesta por Charles Darwin, que explica c\u00f3mo las especies con rasgos que les favorecen en un entorno determinado tienen m\u00e1s posibilidades de sobrevivir y de reproducirse, transmitiendo sus atributos a las siguientes generaciones y prevaleciendo sobre otras especies menos aptas.\"\n    }\n  },{\n    \"@type\": \"Question\",\n    \"name\": \"\u00bfCu\u00e1les son las premisas de la selecci\u00f3n natural?\",\n    \"acceptedAnswer\": {\n      \"@type\": \"Answer\",\n      \"text\": \"La selecci\u00f3n natural, como la describi\u00f3 Charles Darwin, deb\u00eda cumplir tres premisas:\n<ul>\n<li>Variabilidad fenot\u00edpica<\/li>\n<li>Transmisi\u00f3n<\/li>\n<li>Factor de selecci\u00f3n diferencial<\/li>\n<\/ul>\nEl fen\u00f3meno de selecci\u00f3n natural se explic\u00f3 por primera vez en biolog\u00eda; sin embargo, la noci\u00f3n de selecci\u00f3n natural puede ser aplicada en otros campos, como la econom\u00eda, la tecnolog\u00eda, las ciencias sociales o cualquier otro caso donde se cumplan los tres principios antes mencionados y exista, en consecuencia, una adaptaci\u00f3n exitosa.\"\n    }\n  },{\n    \"@type\": \"Question\",\n    \"name\": \"\u00bfQu\u00e9 es adaptaci\u00f3n?\",\n    \"acceptedAnswer\": {\n      \"@type\": \"Answer\",\n      \"text\": \"La adaptaci\u00f3n es el efecto de la selecci\u00f3n natural que permite a una especie acomodarse a las condiciones de un entorno. Los cactus, por ejemplo, son plantas que se encuentran bien adaptadas a lugares donde escasea el agua, como estepas o desiertos.\"\n    }\n  },{\n    \"@type\": \"Question\",\n    \"name\": \"\u00bfC\u00f3mo se producen las adaptaciones?\",\n    \"acceptedAnswer\": {\n      \"@type\": \"Answer\",\n      \"text\": \"Cuando una variaci\u00f3n gen\u00e9tica se manifiesta, gracias a un cambio azaroso en el ADN (mutaci\u00f3n), la selecci\u00f3n natural puede dar pie a una nueva adaptaci\u00f3n. Estas pueden ser:\n<ul>\n<li>Fisiol\u00f3gicas: cuando la variaci\u00f3n afecta el funcionamiento de un organismo;\n<\/li>\n<li>Morfol\u00f3gicas: cuando modifican su forma;\n<\/li>\n<li>Etol\u00f3gicas o de comportamiento: que implican un cambio en la conducta de la especie.\n<\/li>\n<\/ul>\"\n    }\n  }]\n}\n<\/script><p>Es una <strong>noci\u00f3n evolutiva<\/strong>, propuesta por Charles Darwin, que explica c\u00f3mo <strong>las especies con rasgos que les favorecen en un entorno determinado tienen m\u00e1s posibilidades de sobrevivir y de reproducirse<\/strong>, transmitiendo sus atributos a las siguientes generaciones y prevaleciendo sobre otras especies menos aptas.<\/p>\n\n\n\n<p>Uno de los ejemplos m\u00e1s conocidos de selecci\u00f3n natural es el de la polilla <em>Biston betularia<\/em>, cuyo fenotipo dominante, antes de la revoluci\u00f3n industrial, era el de color de alas gris claro. Este tono contribu\u00eda a su camuflaje en los l\u00edquenes de los \u00e1rboles. Cuando los l\u00edquenes empezaron a oscurecerse debido al holl\u00edn de las industrias, las mariposas negras de esta especie, que eran extremadamente inusuales, comenzaron a prosperar y hacerse cada vez m\u00e1s frecuentes, mientras que las grises se redujeron. La explicaci\u00f3n est\u00e1 en que, pese a que el gen de alas negras era recesivo, las oportunidades de las <em>Biston betularia<\/em> negras frente a este nuevo entorno eran mayores: sus depredadores ya no pod\u00edan verlas con tanta facilidad, y empezaron cazar a las mariposas grises ahora m\u00e1s visibles.<\/p>\n\n\n\n<h2 class=\"wp-block-heading\"><strong>\u00bfCu\u00e1les son las premisas de la selecci\u00f3n natural?<\/strong><\/h2>\n\n\n\n<p>La selecci\u00f3n natural, como la describi\u00f3 Charles Darwin, deb\u00eda cumplir tres premisas:<\/p>\n\n\n\n<ul class=\"wp-block-list\">\n<li><strong>Variabilidad fenot\u00edpica:<\/strong> es decir, la existencia de diferentes expresiones de una determinada caracter\u00edstica; por ejemplo: el color de las alas.<\/li>\n\n\n\n<li><strong>Transmisi\u00f3n: <\/strong>si el rasgo no se puede heredar o replicar, no puede haber selecci\u00f3n natural ni evoluci\u00f3n.<\/li>\n\n\n\n<li><strong>Factor de selecci\u00f3n diferencial:<\/strong> la variaci\u00f3n debe representar una diferencia en la cuesti\u00f3n crucial de sobrevivir o no, reproducirse o no, de tal manera que los caracteres que la constituyen puedan seguir propag\u00e1ndose. En biolog\u00eda, se le llama a esto <em>eficacia biol\u00f3gica<\/em>.<\/li>\n<\/ul>\n\n\n\n<p>La selecci\u00f3n natural no implica necesariamente un aumento en la complejidad evolutiva, ni provoca obligatoriamente innovaciones, pues muchas veces act\u00faa suprimiendo variaciones defectuosas o eliminando caracteres.<\/p>\n\n\n\n<p>El fen\u00f3meno de selecci\u00f3n natural se explic\u00f3 por primera vez en biolog\u00eda; sin embargo, la noci\u00f3n de <strong>selecci\u00f3n natural puede ser aplicada en otros campos, como la econom\u00eda, la tecnolog\u00eda, las ciencias sociales <\/strong>o cualquier otro caso donde se cumplan los tres principios antes mencionados y exista, en consecuencia, una adaptaci\u00f3n exitosa.<\/p>\n\n\n\n<h2 class=\"wp-block-heading\"><strong>\u00bfQu\u00e9 es adaptaci\u00f3n?<\/strong><\/h2>\n\n\n\n<p>La adaptaci\u00f3n es el efecto de la selecci\u00f3n natural que <strong>permite a una especie acomodarse a las condiciones de un entorno<\/strong>. Los cactus, por ejemplo, son plantas que se encuentran bien adaptadas a lugares donde escasea el agua, como estepas o desiertos.<\/p>\n\n\n\n<h2 class=\"wp-block-heading\"><strong>\u00bfC\u00f3mo se producen las adaptaciones?<\/strong><\/h2>\n\n\n\n<p>Cuando una <strong>variaci\u00f3n gen\u00e9tica <\/strong>se manifiesta, <strong>gracias a un cambio azaroso en el ADN (mutaci\u00f3n)<\/strong>, la selecci\u00f3n natural puede dar pie a una<strong> nueva adaptaci\u00f3n<\/strong>. Estas pueden ser:<\/p>\n\n\n\n<ul class=\"wp-block-list\">\n<li><strong>Fisiol\u00f3gicas:<\/strong> cuando la variaci\u00f3n afecta el funcionamiento de un organismo;<\/li>\n\n\n\n<li><strong>Morfol\u00f3gicas:<\/strong> cuando modifican su forma;<\/li>\n\n\n\n<li><strong>Etol\u00f3gicas o de comportamiento:<\/strong> que implican un cambio en la conducta de la especie.<\/li>\n<\/ul>\n\n\n\n<h2 class=\"wp-block-heading\"><strong>\u00bfQu\u00e9 otras formas de selecci\u00f3n de especies existen?<\/strong><\/h2>\n\n\n\n<ul class=\"wp-block-list\">\n<li><strong>Selecci\u00f3n sexual: <\/strong>se ha descrito como otro proceso de selecci\u00f3n gen\u00e9tica que se da, no respondiendo a la imperiosa necesidad de supervivencia, sino m\u00e1s bien a la preferencia de ciertos rasgos por sus parejas sexuales. Esto explicar\u00eda el desarrollo de morfolog\u00edas exageradas como la cola del pavo real, que puede servir para atraer, con la misma efectividad, tanto a la hembra de su especie como a cualquier depredador.<\/li>\n<\/ul>\n\n\n\n<ul class=\"wp-block-list\">\n<li><strong>Selecci\u00f3n artificial:<\/strong> es un proceso evolutivo en el que interviene el ser humano para desarrollar ciertos rasgos en animales y plantas, eligiendo progenitores con las caracter\u00edsticas deseadas y seleccionando posteriormente su descendencia hasta llevarla progresivamente a un resultado satisfactorio. La selecci\u00f3n artificial se ha hecho desde el principio de la agricultura, para conseguir cosechas m\u00e1s productivas, as\u00ed como tambi\u00e9n se ha aplicado para la domesticaci\u00f3n de animales, procur\u00e1ndolos m\u00e1s d\u00f3ciles, m\u00e1s inteligente o m\u00e1s resistentes a determinados climas, etc.&nbsp;<\/li>\n<\/ul>\n<\/div><\/m-wysiwig>\n\n\n    <m-projects-distributor2 :translations='{\n        &quot;prev&quot;:&quot;Anterior&quot;,\n        &quot;next&quot;:&quot;Siguiente&quot;,\n        &quot;paginationseparator&quot;:&quot;de&quot;\n    }'>\n                        <h2 slot=\"title\">\n                Nuestros proyectos destacados                <\/h2>\n                        <a slot='button' title='Conoce nuestros proyectos ' href='https:\/\/www.ferrovial.com\/es\/cintra\/proyectos\/'>\n            Conoce nuestros proyectos         <\/a>\n\n            <\/m-projects-distributor2>\n\n    ","protected":false},"excerpt":{"rendered":"","protected":false},"featured_media":0,"parent":227878,"menu_order":0,"comment_status":"closed","ping_status":"closed","template":"","meta":{"_acf_changed":false,"footnotes":""},"class_list":["post-261310","page","type-page","status-publish","hentry"],"acf":[],"yoast_head":"<!-- This site is optimized with the Yoast SEO plugin v27.2 - https:\/\/yoast.com\/product\/yoast-seo-wordpress\/ -->\n<title>Selecci\u00f3n Natural - Ferrovial<\/title>\n<meta name=\"description\" content=\"Uno de los ejemplos m\u00e1s conocidos de selecci\u00f3n natural es el de la polilla Biston betularia, cuyo fenotipo dominante, antes de la revoluci\u00f3n industrial, era el de color de alas gris claro.\" \/>\n<meta name=\"robots\" content=\"index, follow, max-snippet:-1, max-image-preview:large, max-video-preview:-1\" \/>\n<link rel=\"canonical\" href=\"https:\/\/www.ferrovial.com\/es\/stem\/seleccion-natural\/\" \/>\n<meta property=\"og:locale\" content=\"es_ES\" \/>\n<meta property=\"og:type\" content=\"article\" \/>\n<meta property=\"og:title\" content=\"Selecci\u00f3n Natural - Ferrovial\" \/>\n<meta property=\"og:description\" content=\"Uno de los ejemplos m\u00e1s conocidos de selecci\u00f3n natural es el de la polilla Biston betularia, cuyo fenotipo dominante, antes de la revoluci\u00f3n industrial, era el de color de alas gris claro.\" \/>\n<meta property=\"og:url\" content=\"https:\/\/www.ferrovial.com\/es\/stem\/seleccion-natural\/\" \/>\n<meta property=\"og:site_name\" content=\"Ferrovial\" \/>\n<meta property=\"article:publisher\" content=\"https:\/\/www.facebook.com\/ferrovial\" \/>\n<meta property=\"article:modified_time\" content=\"2023-10-05T09:32:25+00:00\" \/>\n<meta name=\"twitter:card\" content=\"summary_large_image\" \/>\n<meta name=\"twitter:site\" content=\"@ferrovial\" \/>\n<meta name=\"twitter:label1\" content=\"Est. reading time\" \/>\n\t<meta name=\"twitter:data1\" content=\"3 minutos\" \/>\n<!-- \/ Yoast SEO plugin. -->","yoast_head_json":{"title":"Selecci\u00f3n Natural - Ferrovial","description":"Uno de los ejemplos m\u00e1s conocidos de selecci\u00f3n natural es el de la polilla Biston betularia, cuyo fenotipo dominante, antes de la revoluci\u00f3n industrial, era el de color de alas gris claro.","robots":{"index":"index","follow":"follow","max-snippet":"max-snippet:-1","max-image-preview":"max-image-preview:large","max-video-preview":"max-video-preview:-1"},"canonical":"https:\/\/www.ferrovial.com\/es\/stem\/seleccion-natural\/","og_locale":"es_ES","og_type":"article","og_title":"Selecci\u00f3n Natural - Ferrovial","og_description":"Uno de los ejemplos m\u00e1s conocidos de selecci\u00f3n natural es el de la polilla Biston betularia, cuyo fenotipo dominante, antes de la revoluci\u00f3n industrial, era el de color de alas gris claro.","og_url":"https:\/\/www.ferrovial.com\/es\/stem\/seleccion-natural\/","og_site_name":"Ferrovial","article_publisher":"https:\/\/www.facebook.com\/ferrovial","article_modified_time":"2023-10-05T09:32:25+00:00","twitter_card":"summary_large_image","twitter_site":"@ferrovial","twitter_misc":{"Est. reading time":"3 minutos"},"schema":{"@context":"https:\/\/schema.org","@graph":[{"@type":"WebPage","@id":"https:\/\/www.ferrovial.com\/es\/stem\/seleccion-natural\/","url":"https:\/\/www.ferrovial.com\/es\/stem\/seleccion-natural\/","name":"Selecci\u00f3n Natural - Ferrovial","isPartOf":{"@id":"https:\/\/www.ferrovial.com\/es\/#website"},"datePublished":"2023-05-19T06:52:11+00:00","dateModified":"2023-10-05T09:32:25+00:00","description":"Uno de los ejemplos m\u00e1s conocidos de selecci\u00f3n natural es el de la polilla Biston betularia, cuyo fenotipo dominante, antes de la revoluci\u00f3n industrial, era el de color de alas gris claro.","breadcrumb":{"@id":"https:\/\/www.ferrovial.com\/es\/stem\/seleccion-natural\/#breadcrumb"},"inLanguage":"es","potentialAction":[{"@type":"ReadAction","target":["https:\/\/www.ferrovial.com\/es\/stem\/seleccion-natural\/"]}]},{"@type":"BreadcrumbList","@id":"https:\/\/www.ferrovial.com\/es\/stem\/seleccion-natural\/#breadcrumb","itemListElement":[{"@type":"ListItem","position":1,"name":"Portada","item":"https:\/\/www.ferrovial.com\/es\/"},{"@type":"ListItem","position":2,"name":"STEM","item":"https:\/\/www.ferrovial.com\/es\/stem\/"},{"@type":"ListItem","position":3,"name":"Selecci\u00f3n Natural"}]},{"@type":"WebSite","@id":"https:\/\/www.ferrovial.com\/es\/#website","url":"https:\/\/www.ferrovial.com\/es\/","name":"Ferrovial","description":"Welcome to the Ferrovial&#039;s website, global operator of sustainable infrastructure. Here you can find all the information about the company and subsidiaries.","publisher":{"@id":"https:\/\/www.ferrovial.com\/es\/#organization"},"potentialAction":[{"@type":"SearchAction","target":{"@type":"EntryPoint","urlTemplate":"https:\/\/www.ferrovial.com\/es\/?s={search_term_string}"},"query-input":{"@type":"PropertyValueSpecification","valueRequired":true,"valueName":"search_term_string"}}],"inLanguage":"es"},{"@type":"Organization","@id":"https:\/\/www.ferrovial.com\/es\/#organization","name":"Ferrovial S.A.","url":"https:\/\/www.ferrovial.com\/es\/","logo":{"@type":"ImageObject","inLanguage":"es","@id":"https:\/\/www.ferrovial.com\/es\/#\/schema\/logo\/image\/","url":"https:\/\/static.ferrovial.com\/wp-content\/uploads\/2020\/01\/13124948\/logo-ferrovial-cf7.png","contentUrl":"https:\/\/static.ferrovial.com\/wp-content\/uploads\/2020\/01\/13124948\/logo-ferrovial-cf7.png","width":144,"height":32,"caption":"Ferrovial S.A."},"image":{"@id":"https:\/\/www.ferrovial.com\/es\/#\/schema\/logo\/image\/"},"sameAs":["https:\/\/www.facebook.com\/ferrovial","https:\/\/x.com\/ferrovial","https:\/\/www.instagram.com\/ferrovial\/","https:\/\/www.linkedin.com\/company\/ferrovial","https:\/\/www.pinterest.es\/ferrovial\/","https:\/\/www.youtube.com\/ferrovial","https:\/\/en.wikipedia.org\/wiki\/Ferrovial"]}]}},"_links":{"self":[{"href":"https:\/\/www.ferrovial.com\/es\/wp-json\/wp\/v2\/pages\/261310","targetHints":{"allow":["GET"]}}],"collection":[{"href":"https:\/\/www.ferrovial.com\/es\/wp-json\/wp\/v2\/pages"}],"about":[{"href":"https:\/\/www.ferrovial.com\/es\/wp-json\/wp\/v2\/types\/page"}],"replies":[{"embeddable":true,"href":"https:\/\/www.ferrovial.com\/es\/wp-json\/wp\/v2\/comments?post=261310"}],"version-history":[{"count":3,"href":"https:\/\/www.ferrovial.com\/es\/wp-json\/wp\/v2\/pages\/261310\/revisions"}],"predecessor-version":[{"id":269232,"href":"https:\/\/www.ferrovial.com\/es\/wp-json\/wp\/v2\/pages\/261310\/revisions\/269232"}],"up":[{"embeddable":true,"href":"https:\/\/www.ferrovial.com\/es\/wp-json\/wp\/v2\/pages\/227878"}],"wp:attachment":[{"href":"https:\/\/www.ferrovial.com\/es\/wp-json\/wp\/v2\/media?parent=261310"}],"curies":[{"name":"wp","href":"https:\/\/api.w.org\/{rel}","templated":true}]}}