{"id":261316,"date":"2023-05-19T09:00:07","date_gmt":"2023-05-19T07:00:07","guid":{"rendered":"https:\/\/www.ferrovial.com\/?page_id=261316"},"modified":"2023-10-11T12:56:49","modified_gmt":"2023-10-11T10:56:49","slug":"acido-nucleico","status":"publish","type":"page","link":"https:\/\/www.ferrovial.com\/es\/stem\/acido-nucleico\/","title":{"rendered":"\u00c1cido Nucleico"},"content":{"rendered":"    <m-final-content-header >\n            <c-breadcrumb label-text=\"Breadcrumb\" slot=\"breadcrumbs\" type='2' align='left' wrap='wrapped wrapped' aria-label='Vienes de STEM'>\n                        <ol>\n\n                                                            <li><a href=\"https:\/\/www.ferrovial.com\/es\/\" title=\"Ferrovial\">Ferrovial<\/a><\/li>\n                                                                        <li><a href=\"https:\/\/www.ferrovial.com\/es\/stem\/\" title=\"STEM\">STEM<\/a><\/li>\n                                    \n                <\/ol>\n\n                <\/c-breadcrumb>\n    \n        <div slot=\"header\">\n            <h1>\n                \u00c1cido Nucleico            <\/h1>\n                    <\/div>\n    <\/m-final-content-header>\n\n    \n\n\n<m-wysiwig class=\"wp-block-components-wysiwyg\"><div slot=\"maincontent\">\n<h2 class=\"wp-block-heading\"><strong>\u00bfQu\u00e9 es el \u00e1cido nucleico?<\/strong><\/h2>\n\n\n\n<script type=\"application\/ld+json\">\n{\n  \"@context\": \"https:\/\/schema.org\",\n  \"@type\": \"FAQPage\",\n  \"mainEntity\": [{\n    \"@type\": \"Question\",\n    \"name\": \"\u00bfQu\u00e9 es el \u00e1cido nucleico?\",\n    \"acceptedAnswer\": {\n      \"@type\": \"Answer\",\n      \"text\": \"Los principales tipos de \u00e1cidos nucleicos son el \u00e1cido desoxirribonucleico (mejor conocido como ADN) y el \u00e1cido ribonucleico (ARN).\nLos \u00e1cidos nucleicos est\u00e1n presentes en todas las c\u00e9lulas, y se encargan de almacenar, transmitir y expresar la informaci\u00f3n gen\u00e9tica. Las c\u00e9lulas son indispensables para la vida porque realizan funciones vitales como obtener energ\u00eda, sintetizar prote\u00ednas, transportar materiales y reproducirse. Sin embargo, no todos los organismos vivos tienen c\u00e9lulas; algunos se sirven de las c\u00e9lulas de otros organismos para sus procesos metab\u00f3licos y reproductivos; por ejemplo, los virus.\"\n    }\n  },{\n    \"@type\": \"Question\",\n    \"name\": \"\u00bfQu\u00e9 es una macromol\u00e9cula y en qu\u00e9 se diferencia de las mol\u00e9culas peque\u00f1as?\",\n    \"acceptedAnswer\": {\n      \"@type\": \"Answer\",\n      \"text\": \"Las principales diferencias entre una macromol\u00e9cula y las mol\u00e9culas peque\u00f1as son:\n<ul>\n<li>Las macromol\u00e9culas suelen tener un peso molecular mucho mayor.<\/li>\n<li>Pueden tener estructuras tridimensionales complejas y funciones importantes para la vida celular. Por ejemplo, los \u00e1cidos nucleicos codifican la informaci\u00f3n gen\u00e9tica y las prote\u00ednas catalizan las reacciones qu\u00edmicas.<\/li>\n<li>Tienen propiedades f\u00edsicas y qu\u00edmicas variables. Mientras que las mol\u00e9culas peque\u00f1as tienen propiedades fijas y limitadas, las macromol\u00e9culas pueden cambiar de forma o estructura en respuesta a est\u00edmulos externos o internos. En el caso de los \u00e1cidos nucleicos y la informaci\u00f3n gen\u00e9tica, esto permite, por ejemplo, las mutaciones que intervienen en la selecci\u00f3n natural.<\/li>\n<\/ul>\"\n    }\n  },{\n    \"@type\": \"Question\",\n    \"name\": \"\u00bfCu\u00e1l es la importancia del estudio de los \u00e1cidos nucleicos?\",\n    \"acceptedAnswer\": {\n      \"@type\": \"Answer\",\n      \"text\": \"El estudio de los \u00e1cidos nucleicos, particularmente del ADN y ARN, ha sido fundamental para comprender y tratar numerosas patolog\u00edas humanas. La investigaci\u00f3n sobre este tema tiene aplicaciones terap\u00e9uticas a\u00fan insospechadas para la ciencia.\"\n    }\n  },{\n    \"@type\": \"Question\",\n    \"name\": \"\u00bfQu\u00e9 aplicaciones tienen los \u00e1cidos nucleicos en la industria?\",\n    \"acceptedAnswer\": {\n      \"@type\": \"Answer\",\n      \"text\": \"Las aplicaciones industriales de los \u00e1cidos nucleicos son muy variadas, pero todas tienen que ver, al igual que los \u00e1cidos nucleicos en s\u00ed, directa o indirectamente con la conservaci\u00f3n y mejora de la vida.\nAlgunas de las aplicaciones m\u00e9dicas de los \u00e1cidos nucleicos son:\n<ul>\n<li>Producci\u00f3n de medicamentos, especialmente en terapias g\u00e9nicas para tratar enfermedades como el c\u00e1ncer y otras enfermedades gen\u00e9ticas.\n<\/li>\n<li>Creaci\u00f3n de productos biotecnol\u00f3gicos, como enzimas y prote\u00ednas recombinantes que se utilizan en la industria farmac\u00e9utica y cosm\u00e9tica.\n<\/li>\n<li>Diagn\u00f3stico de enfermedades infecciosas y gen\u00e9ticas, mediante t\u00e9cnicas como la secuenciaci\u00f3n de ADN y la PCR (por sus siglas del ingl\u00e9s Polymerase Chain Reaction, Reacci\u00f3n en Cadena de la Polimerasa).\n<\/li>\n<li>Investigaci\u00f3n en los campos de biolog\u00eda molecular, gen\u00e9tica y biotecnolog\u00eda centrada en la estructura y funci\u00f3n de los genes y las prote\u00ednas.\n<\/li>\n<\/ul>\"\n    }\n  },{\n    \"@type\": \"Question\",\n    \"name\": \"\u00bfCu\u00e1les son las principales t\u00e9cnicas que se han utilizado para el estudio de los \u00e1cidos nucleicos?\",\n    \"acceptedAnswer\": {\n      \"@type\": \"Answer\",\n      \"text\": \"En el campo de la gen\u00f3mica y la biotecnolog\u00eda se utilizan muchas t\u00e9cnicas para el estudio y aplicaci\u00f3n de los \u00e1cidos nucleicos. Algunas de ellas son:\n<ul>\n<li>Electroforesis<\/li>\n<li>Hibridaci\u00f3n<\/li>\n<li>Clonaci\u00f3n molecular<\/li>\n<li>Secuenciaci\u00f3n de ADN<\/li>\n<li>Reacci\u00f3n en Cadena de la Polimerasa (PCR)<\/li>\n<\/ul>\"\n    }\n  }]\n}\n<\/script><p>El \u00e1cido nucleico es una <strong>macromol\u00e9cula <\/strong>esencial para la vida. Los principales tipos de \u00e1cidos nucleicos son el <strong>\u00e1cido desoxirribonucleico <\/strong>(mejor conocido como <strong>ADN<\/strong>) y el <strong>\u00e1cido ribonucleico <\/strong>(<strong>ARN<\/strong>).<\/p>\n\n\n\n<p>El <strong>ADN <\/strong>es el <strong>material gen\u00e9tico <\/strong>que se encuentra <strong>en el n\u00facleo de las c\u00e9lulas <\/strong>de los organismos complejos (eucariotas). Contiene informaci\u00f3n sobre las <strong>caracter\u00edsticas<\/strong> de los organismos.<\/p>\n\n\n\n<p>El <strong>ARN<\/strong>, en cambio, tiene diversas <strong>funciones <\/strong>en la c\u00e9lula:<\/p>\n\n\n\n<ul class=\"wp-block-list\">\n<li>El <strong>ARN ribosomal <\/strong>(ARNr) sintetiza prote\u00ednas.<\/li>\n\n\n\n<li>El <strong>ARN de transferencia <\/strong>(ARNt) transporta los amino\u00e1cidos necesarios para la s\u00edntesis de prote\u00ednas.<\/li>\n\n\n\n<li>&nbsp;El <strong>ARN regulador<\/strong> regula la expresi\u00f3n gen\u00e9tica.<\/li>\n<\/ul>\n\n\n\n<p>Los \u00e1cidos nucleicos <strong>est\u00e1n presentes en todas las c\u00e9lulas<\/strong>, y se encargan de <strong>almacenar, transmitir y expresar la informaci\u00f3n gen\u00e9tica<\/strong>. Las c\u00e9lulas son indispensables para la vida porque <strong>realizan funciones vitales <\/strong>como obtener energ\u00eda, sintetizar prote\u00ednas, transportar materiales y reproducirse. Sin embargo, no todos los organismos vivos tienen c\u00e9lulas; algunos se sirven de las c\u00e9lulas de otros organismos para sus procesos metab\u00f3licos y reproductivos; por ejemplo, los virus.<\/p>\n\n\n\n<h2 class=\"wp-block-heading\"><strong>\u00bfQu\u00e9 es una macromol\u00e9cula y en qu\u00e9 se diferencia de las mol\u00e9culas peque\u00f1as?<\/strong><\/h2>\n\n\n\n<p>Las principales diferencias entre una macromol\u00e9cula y las mol\u00e9culas peque\u00f1as son:<\/p>\n\n\n\n<ul class=\"wp-block-list\">\n<li>Las macromol\u00e9culas suelen tener un <strong>peso molecular mucho mayor<\/strong>.<\/li>\n\n\n\n<li>Pueden tener estructuras <strong>tridimensionales complejas <\/strong>y <strong>funciones importantes para la vida celular<\/strong>. Por ejemplo, <strong>los \u00e1cidos nucleicos codifican la informaci\u00f3n gen\u00e9tica<\/strong> y las prote\u00ednas catalizan las reacciones qu\u00edmicas.<\/li>\n\n\n\n<li>Tienen <strong>propiedades f\u00edsicas y qu\u00edmicas variables<\/strong>. Mientras que las mol\u00e9culas peque\u00f1as tienen propiedades fijas y limitadas, las macromol\u00e9culas <strong>pueden cambiar de forma o estructura en respuesta a est\u00edmulos externos o internos<\/strong>. En el caso de los \u00e1cidos nucleicos y la informaci\u00f3n gen\u00e9tica, esto permite, por ejemplo, las mutaciones que intervienen en la selecci\u00f3n natural.<\/li>\n<\/ul>\n\n\n\n<h2 class=\"wp-block-heading\"><strong>\u00bfCu\u00e1l es la importancia del estudio de los \u00e1cidos nucleicos?<\/strong><\/h2>\n\n\n\n<p>El estudio de los \u00e1cidos nucleicos, particularmente del ADN y ARN, ha sido fundamental para comprender y tratar numerosas patolog\u00edas humanas. La investigaci\u00f3n sobre este tema tiene aplicaciones terap\u00e9uticas a\u00fan insospechadas para la ciencia.<\/p>\n\n\n\n<h2 class=\"wp-block-heading\"><strong>\u00bfQu\u00e9 aplicaciones tienen los \u00e1cidos nucleicos en la industria?<\/strong><\/h2>\n\n\n\n<p>Las aplicaciones industriales de los \u00e1cidos nucleicos son muy variadas, pero todas tienen que ver, al igual que los \u00e1cidos nucleicos en s\u00ed, directa o indirectamente con la conservaci\u00f3n y mejora de la vida.<\/p>\n\n\n\n<p>Algunas de las aplicaciones <strong>m\u00e9dicas <\/strong>de los \u00e1cidos nucleicos son:<\/p>\n\n\n\n<ul class=\"wp-block-list\">\n<li>Producci\u00f3n de <strong>medicamentos<\/strong>, especialmente en <strong>terapias g\u00e9nicas<\/strong> para tratar enfermedades como el c\u00e1ncer y otras enfermedades gen\u00e9ticas.<\/li>\n\n\n\n<li>Creaci\u00f3n de <strong>productos biotecnol\u00f3gicos<\/strong>, como enzimas y prote\u00ednas recombinantes que se utilizan en la industria farmac\u00e9utica y cosm\u00e9tica.<\/li>\n\n\n\n<li><strong>Diagn\u00f3stico de enfermedades infecciosas y gen\u00e9ticas<\/strong>, mediante t\u00e9cnicas como la secuenciaci\u00f3n de ADN y la PCR (por sus siglas del ingl\u00e9s <em>Polymerase Chain Reaction<\/em>, Reacci\u00f3n en Cadena de la Polimerasa).<\/li>\n\n\n\n<li><strong>Investigaci\u00f3n <\/strong>en los campos de biolog\u00eda molecular, gen\u00e9tica y biotecnolog\u00eda centrada en la estructura y funci\u00f3n de los genes y las prote\u00ednas.<\/li>\n<\/ul>\n\n\n\n<p>Los \u00e1cidos nucleicos tambi\u00e9n tienen una gran importancia en el campo <strong>alimentario<\/strong>. Gracias a la ingenier\u00eda gen\u00e9tica es posible aumentar la resistencia de las plantas frente a <strong>enfermedades, <\/strong>optimizando la producci\u00f3n de alimentos, y reduciendo las posibilidades de crisis alimentarias vinculadas a<strong> plagas<\/strong> de los cultivos.<\/p>\n\n\n\n<h2 class=\"wp-block-heading\"><strong>\u00bfCu\u00e1les son las principales t\u00e9cnicas que se han utilizado para el estudio de los \u00e1cidos nucleicos?<\/strong><\/h2>\n\n\n\n<p>En el campo de la gen\u00f3mica y la biotecnolog\u00eda se utilizan muchas t\u00e9cnicas para el estudio y aplicaci\u00f3n de los \u00e1cidos nucleicos. Algunas de ellas son:<\/p>\n\n\n\n<ul class=\"wp-block-list\">\n<li><strong>Electroforesis:<\/strong> sirve para separar mol\u00e9culas de \u00e1cidos nucleicos seg\u00fan su tama\u00f1o y carga el\u00e9ctrica.<\/li>\n\n\n\n<li><strong>Hibridaci\u00f3n: <\/strong>mediante la uni\u00f3n de una sonda de ADN o ARN complementaria, puede detectar la presencia de secuencias espec\u00edficas de \u00e1cidos nucleicos.<\/li>\n\n\n\n<li><strong>Clonaci\u00f3n molecular: <\/strong>crea copias id\u00e9nticas de un fragmento de ADN, que pueden ser estudiadas y manipuladas en el laboratorio.<\/li>\n\n\n\n<li><strong>Secuenciaci\u00f3n de ADN: <\/strong>permite determinar el orden exacto de las bases nitrogenadas en una mol\u00e9cula de ADN.<\/li>\n\n\n\n<li><strong>Reacci\u00f3n en Cadena de la Polimerasa (PCR):<\/strong> se utiliza para amplificar una regi\u00f3n espec\u00edfica de ADN de inter\u00e9s, produciendo millones de copias en un corto per\u00edodo de tiempo.<\/li>\n<\/ul>\n<\/div><\/m-wysiwig>\n\n\n    <m-projects-distributor2 :translations='{\n        &quot;prev&quot;:&quot;Anterior&quot;,\n        &quot;next&quot;:&quot;Siguiente&quot;,\n        &quot;paginationseparator&quot;:&quot;de&quot;\n    }'>\n                        <h2 slot=\"title\">\n                Nuestros proyectos destacados                <\/h2>\n                        <a slot='button' title='Conoce nuestros proyectos ' href='https:\/\/www.ferrovial.com\/es\/cintra\/proyectos\/'>\n            Conoce nuestros proyectos         <\/a>\n\n            <\/m-projects-distributor2>\n\n    ","protected":false},"excerpt":{"rendered":"","protected":false},"featured_media":0,"parent":227878,"menu_order":0,"comment_status":"closed","ping_status":"closed","template":"","meta":{"_acf_changed":false,"footnotes":""},"class_list":["post-261316","page","type-page","status-publish","hentry"],"acf":[],"yoast_head":"<!-- This site is optimized with the Yoast SEO plugin v27.2 - https:\/\/yoast.com\/product\/yoast-seo-wordpress\/ -->\n<title>\u00c1cido Nucleico - Ferrovial<\/title>\n<meta name=\"description\" content=\"Los principales tipos de \u00e1cidos nucleicos son el \u00e1cido desoxirribonucleico (mejor conocido como ADN) y el \u00e1cido ribonucleico (ARN).\" \/>\n<meta name=\"robots\" content=\"index, follow, max-snippet:-1, max-image-preview:large, max-video-preview:-1\" \/>\n<link rel=\"canonical\" href=\"https:\/\/www.ferrovial.com\/es\/stem\/acido-nucleico\/\" \/>\n<meta property=\"og:locale\" content=\"es_ES\" \/>\n<meta property=\"og:type\" content=\"article\" \/>\n<meta property=\"og:title\" content=\"\u00c1cido Nucleico - Ferrovial\" \/>\n<meta property=\"og:description\" content=\"Los principales tipos de \u00e1cidos nucleicos son el \u00e1cido desoxirribonucleico (mejor conocido como ADN) y el \u00e1cido ribonucleico (ARN).\" \/>\n<meta property=\"og:url\" content=\"https:\/\/www.ferrovial.com\/es\/stem\/acido-nucleico\/\" \/>\n<meta property=\"og:site_name\" content=\"Ferrovial\" \/>\n<meta property=\"article:publisher\" content=\"https:\/\/www.facebook.com\/ferrovial\" \/>\n<meta property=\"article:modified_time\" content=\"2023-10-11T10:56:49+00:00\" \/>\n<meta name=\"twitter:card\" content=\"summary_large_image\" \/>\n<meta name=\"twitter:site\" content=\"@ferrovial\" \/>\n<meta name=\"twitter:label1\" content=\"Est. reading time\" \/>\n\t<meta name=\"twitter:data1\" content=\"3 minutos\" \/>\n<!-- \/ Yoast SEO plugin. -->","yoast_head_json":{"title":"\u00c1cido Nucleico - Ferrovial","description":"Los principales tipos de \u00e1cidos nucleicos son el \u00e1cido desoxirribonucleico (mejor conocido como ADN) y el \u00e1cido ribonucleico (ARN).","robots":{"index":"index","follow":"follow","max-snippet":"max-snippet:-1","max-image-preview":"max-image-preview:large","max-video-preview":"max-video-preview:-1"},"canonical":"https:\/\/www.ferrovial.com\/es\/stem\/acido-nucleico\/","og_locale":"es_ES","og_type":"article","og_title":"\u00c1cido Nucleico - Ferrovial","og_description":"Los principales tipos de \u00e1cidos nucleicos son el \u00e1cido desoxirribonucleico (mejor conocido como ADN) y el \u00e1cido ribonucleico (ARN).","og_url":"https:\/\/www.ferrovial.com\/es\/stem\/acido-nucleico\/","og_site_name":"Ferrovial","article_publisher":"https:\/\/www.facebook.com\/ferrovial","article_modified_time":"2023-10-11T10:56:49+00:00","twitter_card":"summary_large_image","twitter_site":"@ferrovial","twitter_misc":{"Est. reading time":"3 minutos"},"schema":{"@context":"https:\/\/schema.org","@graph":[{"@type":"WebPage","@id":"https:\/\/www.ferrovial.com\/es\/stem\/acido-nucleico\/","url":"https:\/\/www.ferrovial.com\/es\/stem\/acido-nucleico\/","name":"\u00c1cido Nucleico - Ferrovial","isPartOf":{"@id":"https:\/\/www.ferrovial.com\/es\/#website"},"datePublished":"2023-05-19T07:00:07+00:00","dateModified":"2023-10-11T10:56:49+00:00","description":"Los principales tipos de \u00e1cidos nucleicos son el \u00e1cido desoxirribonucleico (mejor conocido como ADN) y el \u00e1cido ribonucleico (ARN).","breadcrumb":{"@id":"https:\/\/www.ferrovial.com\/es\/stem\/acido-nucleico\/#breadcrumb"},"inLanguage":"es","potentialAction":[{"@type":"ReadAction","target":["https:\/\/www.ferrovial.com\/es\/stem\/acido-nucleico\/"]}]},{"@type":"BreadcrumbList","@id":"https:\/\/www.ferrovial.com\/es\/stem\/acido-nucleico\/#breadcrumb","itemListElement":[{"@type":"ListItem","position":1,"name":"Portada","item":"https:\/\/www.ferrovial.com\/es\/"},{"@type":"ListItem","position":2,"name":"STEM","item":"https:\/\/www.ferrovial.com\/es\/stem\/"},{"@type":"ListItem","position":3,"name":"\u00c1cido Nucleico"}]},{"@type":"WebSite","@id":"https:\/\/www.ferrovial.com\/es\/#website","url":"https:\/\/www.ferrovial.com\/es\/","name":"Ferrovial","description":"Welcome to the Ferrovial&#039;s website, global operator of sustainable infrastructure. Here you can find all the information about the company and subsidiaries.","publisher":{"@id":"https:\/\/www.ferrovial.com\/es\/#organization"},"potentialAction":[{"@type":"SearchAction","target":{"@type":"EntryPoint","urlTemplate":"https:\/\/www.ferrovial.com\/es\/?s={search_term_string}"},"query-input":{"@type":"PropertyValueSpecification","valueRequired":true,"valueName":"search_term_string"}}],"inLanguage":"es"},{"@type":"Organization","@id":"https:\/\/www.ferrovial.com\/es\/#organization","name":"Ferrovial S.A.","url":"https:\/\/www.ferrovial.com\/es\/","logo":{"@type":"ImageObject","inLanguage":"es","@id":"https:\/\/www.ferrovial.com\/es\/#\/schema\/logo\/image\/","url":"https:\/\/static.ferrovial.com\/wp-content\/uploads\/2020\/01\/13124948\/logo-ferrovial-cf7.png","contentUrl":"https:\/\/static.ferrovial.com\/wp-content\/uploads\/2020\/01\/13124948\/logo-ferrovial-cf7.png","width":144,"height":32,"caption":"Ferrovial S.A."},"image":{"@id":"https:\/\/www.ferrovial.com\/es\/#\/schema\/logo\/image\/"},"sameAs":["https:\/\/www.facebook.com\/ferrovial","https:\/\/x.com\/ferrovial","https:\/\/www.instagram.com\/ferrovial\/","https:\/\/www.linkedin.com\/company\/ferrovial","https:\/\/www.pinterest.es\/ferrovial\/","https:\/\/www.youtube.com\/ferrovial","https:\/\/en.wikipedia.org\/wiki\/Ferrovial"]}]}},"_links":{"self":[{"href":"https:\/\/www.ferrovial.com\/es\/wp-json\/wp\/v2\/pages\/261316","targetHints":{"allow":["GET"]}}],"collection":[{"href":"https:\/\/www.ferrovial.com\/es\/wp-json\/wp\/v2\/pages"}],"about":[{"href":"https:\/\/www.ferrovial.com\/es\/wp-json\/wp\/v2\/types\/page"}],"replies":[{"embeddable":true,"href":"https:\/\/www.ferrovial.com\/es\/wp-json\/wp\/v2\/comments?post=261316"}],"version-history":[{"count":2,"href":"https:\/\/www.ferrovial.com\/es\/wp-json\/wp\/v2\/pages\/261316\/revisions"}],"predecessor-version":[{"id":269533,"href":"https:\/\/www.ferrovial.com\/es\/wp-json\/wp\/v2\/pages\/261316\/revisions\/269533"}],"up":[{"embeddable":true,"href":"https:\/\/www.ferrovial.com\/es\/wp-json\/wp\/v2\/pages\/227878"}],"wp:attachment":[{"href":"https:\/\/www.ferrovial.com\/es\/wp-json\/wp\/v2\/media?parent=261316"}],"curies":[{"name":"wp","href":"https:\/\/api.w.org\/{rel}","templated":true}]}}