{"id":261322,"date":"2023-05-19T09:12:10","date_gmt":"2023-05-19T07:12:10","guid":{"rendered":"https:\/\/www.ferrovial.com\/?page_id=261322"},"modified":"2023-10-11T13:22:12","modified_gmt":"2023-10-11T11:22:12","slug":"bateria-ion-litio","status":"publish","type":"page","link":"https:\/\/www.ferrovial.com\/es\/stem\/bateria-ion-litio\/","title":{"rendered":"Bater\u00eda de Ion de Litio"},"content":{"rendered":"    <m-final-content-header >\n            <c-breadcrumb label-text=\"Breadcrumb\" slot=\"breadcrumbs\" type='2' align='left' wrap='wrapped wrapped' aria-label='Vienes de STEM'>\n                        <ol>\n\n                                                            <li><a href=\"https:\/\/www.ferrovial.com\/es\/\" title=\"Ferrovial\">Ferrovial<\/a><\/li>\n                                                                        <li><a href=\"https:\/\/www.ferrovial.com\/es\/stem\/\" title=\"STEM\">STEM<\/a><\/li>\n                                    \n                <\/ol>\n\n                <\/c-breadcrumb>\n    \n        <div slot=\"header\">\n            <h1>\n                Bater\u00eda de Ion de Litio            <\/h1>\n                    <\/div>\n    <\/m-final-content-header>\n\n    \n\n\n<m-wysiwig class=\"wp-block-components-wysiwyg\"><div slot=\"maincontent\">\n<script type=\"application\/ld+json\">\n{\n  \"@context\": \"https:\/\/schema.org\",\n  \"@type\": \"FAQPage\",\n  \"mainEntity\": [{\n    \"@type\": \"Question\",\n    \"name\": \"\u00bfCu\u00e1les son las ventajas de una bater\u00eda de ion de litio?\",\n    \"acceptedAnswer\": {\n      \"@type\": \"Answer\",\n      \"text\": \"<ul>\n<li>Componentes ligeros. \n<\/li>\n<li>Buena relaci\u00f3n entre  carga y unidad de peso y volumen.\n<\/li>\n<li>Gran capacidad.\n<\/li>\n<li>Efecto memoria reducido.\n<\/li>\n<li>Vida \u00fatil con numerosos, aunque no infinitos, ciclos de carga-descarga.\n<\/li>\n<li>Baja tasa de autodescarga.\n<\/li>\n<\/ul>\"\n    }\n  },{\n    \"@type\": \"Question\",\n    \"name\": \"\u00bfQu\u00e9 es el efecto memoria?\",\n    \"acceptedAnswer\": {\n      \"@type\": \"Answer\",\n      \"text\": \"El efecto memoria es una reducci\u00f3n en las capacidades de una bater\u00eda recargable ocasionada por cargas y descargas incompletas.\n\nPara disminuir el efecto memoria y alargar la vida \u00fatil de una bater\u00eda de ion de litio, es conveniente tomar las siguientes precauciones:\n<ul>\n<li>Evitar que la carga descienda del 15%.\n<\/li>\n<li>Cargar hasta aproximadamente el 85% de la capacidad total, no hasta el 100%.\n<\/li>\n<li>No prolongar la alimentaci\u00f3n el\u00e9ctrica despu\u00e9s de haber alcanzado el 100% de la carga. Hoy en d\u00eda la mayor\u00eda de los dispositivos cuentan con sistemas de seguridad que interrumpen la alimentaci\u00f3n de la bater\u00eda una vez alcanzado el 100%.\n<\/li>\n<li>Utilizar cargadores de calidad, que cumplan con las especificaciones el\u00e9ctricas de cada bater\u00eda.\n<\/li>\n<li>Calibrar la bater\u00eda completando un par de ciclos de carga y descarga de manera \u00f3ptima, especialmente despu\u00e9s de varios ciclos incompletos.\n<\/li>\n<\/ul>\"\n    }\n  },{\n    \"@type\": \"Question\",\n    \"name\": \"\u00bfCu\u00e1les son las desventajas de una bater\u00eda de ion de litio?\",\n    \"acceptedAnswer\": {\n      \"@type\": \"Answer\",\n      \"text\": \"Entre las desventajas de este tipo de bater\u00edas se puede mencionar, principalmente:\n<ul>\n<li>Sensibilidad a las temperaturas.<\/li>\n<li>Vida \u00fatil limitada, de aproximadamente 3 a\u00f1os.\n<\/li>\n<\/ul>\"\n    }\n  },{\n    \"@type\": \"Question\",\n    \"name\": \"\u00bfDe d\u00f3nde se obtiene el litio para las bater\u00edas?\",\n    \"acceptedAnswer\": {\n      \"@type\": \"Answer\",\n      \"text\": \"El litio no se encuentra de forma pura en la naturaleza, porque es un elemento muy reactivo y se oxida r\u00e1pidamente en contacto con el aire y con el agua. Se halla en sales naturales, en algunas rocas volc\u00e1nicas, en aguas minerales y en la composici\u00f3n de diversos minerales, como la petalita, la espodumena, la ambligonita o la lepidolita.\"\n    }\n  },{\n    \"@type\": \"Question\",\n    \"name\": \"\u00bfCu\u00e1les son las principales aplicaciones de una bater\u00eda de ion de litio?\",\n    \"acceptedAnswer\": {\n      \"@type\": \"Answer\",\n      \"text\": \"<ul>\n<li>Industria electr\u00f3nica de gran consumo (m\u00f3viles, ordenadores y otros dispositivos).\n<\/li>\n<li>Veh\u00edculos de bajas emisiones.\n<\/li>\n<li>Almacenamiento de energ\u00eda de fuentes renovables.\n<\/li>\n<\/ul>\"\n    }\n  }]\n}\n<\/script><p>Tambi\u00e9n llamada <strong>bater\u00eda Li-Ion<\/strong>, una bater\u00eda de ion de litio es un tipo de bater\u00eda recargable que <strong>utiliza sal de litio como electrolito<\/strong>. Comenz\u00f3 a comercializarse en los a\u00f1os 90 del siglo XX, y hoy en d\u00eda sigue siendo el <strong>tipo de bater\u00eda predilecto <\/strong>para gran n\u00famero de aplicaciones.<\/p>\n\n\n\n<h2 class=\"wp-block-heading\"><strong>\u00bfCu\u00e1les son las ventajas de una bater\u00eda de ion de litio?<\/strong><\/h2>\n\n\n\n<ul class=\"wp-block-list\">\n<li>Componentes ligeros.&nbsp;<\/li>\n\n\n\n<li>Buena relaci\u00f3n entre&nbsp; carga y unidad de peso y volumen.<\/li>\n\n\n\n<li>Gran capacidad.<\/li>\n\n\n\n<li>Efecto memoria reducido.<\/li>\n\n\n\n<li>Vida \u00fatil con numerosos, aunque no infinitos, ciclos de carga-descarga.<\/li>\n\n\n\n<li>Baja tasa de autodescarga.<\/li>\n<\/ul>\n\n\n\n<h2 class=\"wp-block-heading\"><strong>\u00bfQu\u00e9 es el efecto memoria?<\/strong><\/h2>\n\n\n\n<p>El efecto memoria es una <strong>reducci\u00f3n en las capacidades de una bater\u00eda recargable <\/strong>ocasionada por <strong>cargas y descargas incompletas<\/strong>.<\/p>\n\n\n\n<p>Para disminuir el efecto memoria y <strong>alargar la vida \u00fatil <\/strong>de una bater\u00eda de ion de litio, es conveniente tomar las siguientes precauciones:<\/p>\n\n\n\n<ul class=\"wp-block-list\">\n<li>Evitar que la carga descienda del 15%.<\/li>\n\n\n\n<li>Cargar hasta aproximadamente el 85% de la capacidad total, no hasta el 100%.<\/li>\n\n\n\n<li>No prolongar la alimentaci\u00f3n el\u00e9ctrica despu\u00e9s de haber alcanzado el 100% de la carga. Hoy en d\u00eda la mayor\u00eda de los dispositivos cuentan con sistemas de seguridad que interrumpen la alimentaci\u00f3n de la bater\u00eda una vez alcanzado el 100%.<\/li>\n\n\n\n<li>Utilizar cargadores de calidad, que cumplan con las especificaciones el\u00e9ctricas de cada bater\u00eda.<\/li>\n\n\n\n<li>Calibrar la bater\u00eda completando un par de ciclos de carga y descarga de manera \u00f3ptima, especialmente despu\u00e9s de varios ciclos incompletos.<\/li>\n<\/ul>\n\n\n\n<h2 class=\"wp-block-heading\"><strong>\u00bfCu\u00e1les son las desventajas de una bater\u00eda de ion de litio?<\/strong><\/h2>\n\n\n\n<p>Entre las <strong>desventajas<\/strong> de este tipo de bater\u00edas se puede mencionar, principalmente:<\/p>\n\n\n\n<ul class=\"wp-block-list\">\n<li><strong>Sensibilidad a las temperaturas<\/strong>:\n<ul class=\"wp-block-list\">\n<li>Estas bater\u00edas tienen un rendimiento hasta un 25% inferior en <strong>bajas temperaturas<\/strong>.<\/li>\n\n\n\n<li>Las <strong>altas temperaturas <\/strong>pueden causar la <strong>explosi\u00f3n <\/strong>de sus componentes. inflamables; esto exige que su implantaci\u00f3n vaya acompa\u00f1ada de diversos <strong>sistemas de seguridad, elevando sus costos<\/strong>.<\/li>\n<\/ul>\n<\/li>\n\n\n\n<li><strong>Vida \u00fatil limitada<\/strong>, de aproximadamente 3 a\u00f1os.<\/li>\n<\/ul>\n\n\n\n<h2 class=\"wp-block-heading\"><strong>\u00bfDe d\u00f3nde se obtiene el litio para las bater\u00edas?<\/strong><\/h2>\n\n\n\n<p>El litio <strong>no se encuentra de forma pura en la naturaleza<\/strong>, porque es un elemento muy <strong>reactivo <\/strong>y se oxida r\u00e1pidamente en contacto con el aire y con el agua. Se halla en sales naturales, en algunas rocas volc\u00e1nicas, en aguas minerales y en la composici\u00f3n de diversos minerales, como la petalita, la espodumena, la ambligonita o la lepidolita.<\/p>\n\n\n\n<p>Es un material <strong>relativamente disponible<\/strong>, y las mayores reservas conocidas y medidas del planeta se encuentran en Am\u00e9rica. En los Estados Unidos, el litio se extrae, principalmente, de las salinas de California y Nevada.<\/p>\n\n\n\n<p>Para la fabricaci\u00f3n de bater\u00edas de ion de litio se suele utilizar el <strong>carbonato de Litio (Li<\/strong><strong><sub>2<\/sub><\/strong><strong>CO<\/strong><strong><sub>3<\/sub><\/strong><strong>)<\/strong>.<\/p>\n\n\n\n<h2 class=\"wp-block-heading\"><strong>\u00bfCu\u00e1les son las principales aplicaciones de una bater\u00eda de ion de litio?<\/strong><\/h2>\n\n\n\n<ul class=\"wp-block-list\">\n<li>Industria <strong>electr\u00f3nica <\/strong>de gran consumo (m\u00f3viles, ordenadores y otros dispositivos).<\/li>\n\n\n\n<li><strong>Veh\u00edculos <\/strong>de bajas emisiones.<\/li>\n\n\n\n<li><strong>Almacenamiento de energ\u00eda de fuentes renovables<\/strong>.<\/li>\n<\/ul>\n<\/div><\/m-wysiwig>\n\n\n    <m-projects-distributor2 :translations='{\n        &quot;prev&quot;:&quot;Anterior&quot;,\n        &quot;next&quot;:&quot;Siguiente&quot;,\n        &quot;paginationseparator&quot;:&quot;de&quot;\n    }'>\n                        <h2 slot=\"title\">\n                Nuestros proyectos destacados                <\/h2>\n                        <a slot='button' title='Conoce nuestros proyectos ' href='https:\/\/www.ferrovial.com\/es\/cintra\/proyectos\/'>\n            Conoce nuestros proyectos         <\/a>\n\n            <\/m-projects-distributor2>\n\n    ","protected":false},"excerpt":{"rendered":"","protected":false},"featured_media":0,"parent":227878,"menu_order":0,"comment_status":"closed","ping_status":"closed","template":"","meta":{"_acf_changed":false,"footnotes":""},"class_list":["post-261322","page","type-page","status-publish","hentry"],"acf":[],"yoast_head":"<!-- This site is optimized with the Yoast SEO plugin v27.2 - https:\/\/yoast.com\/product\/yoast-seo-wordpress\/ -->\n<title>Bater\u00eda de Ion de Litio - Ferrovial<\/title>\n<meta name=\"description\" content=\"Tambi\u00e9n llamada bater\u00eda Li-Ion, una bater\u00eda de ion de litio es un tipo de bater\u00eda recargable que utiliza sal de litio como electrolito.\" \/>\n<meta name=\"robots\" content=\"index, follow, max-snippet:-1, max-image-preview:large, max-video-preview:-1\" \/>\n<link rel=\"canonical\" href=\"https:\/\/www.ferrovial.com\/es\/stem\/bateria-ion-litio\/\" \/>\n<meta property=\"og:locale\" content=\"es_ES\" \/>\n<meta property=\"og:type\" content=\"article\" \/>\n<meta property=\"og:title\" content=\"Bater\u00eda de Ion de Litio - Ferrovial\" \/>\n<meta property=\"og:description\" content=\"Tambi\u00e9n llamada bater\u00eda Li-Ion, una bater\u00eda de ion de litio es un tipo de bater\u00eda recargable que utiliza sal de litio como electrolito.\" \/>\n<meta property=\"og:url\" content=\"https:\/\/www.ferrovial.com\/es\/stem\/bateria-ion-litio\/\" \/>\n<meta property=\"og:site_name\" content=\"Ferrovial\" \/>\n<meta property=\"article:publisher\" content=\"https:\/\/www.facebook.com\/ferrovial\" \/>\n<meta property=\"article:modified_time\" content=\"2023-10-11T11:22:12+00:00\" \/>\n<meta name=\"twitter:card\" content=\"summary_large_image\" \/>\n<meta name=\"twitter:site\" content=\"@ferrovial\" \/>\n<meta name=\"twitter:label1\" content=\"Est. reading time\" \/>\n\t<meta name=\"twitter:data1\" content=\"3 minutos\" \/>\n<!-- \/ Yoast SEO plugin. -->","yoast_head_json":{"title":"Bater\u00eda de Ion de Litio - Ferrovial","description":"Tambi\u00e9n llamada bater\u00eda Li-Ion, una bater\u00eda de ion de litio es un tipo de bater\u00eda recargable que utiliza sal de litio como electrolito.","robots":{"index":"index","follow":"follow","max-snippet":"max-snippet:-1","max-image-preview":"max-image-preview:large","max-video-preview":"max-video-preview:-1"},"canonical":"https:\/\/www.ferrovial.com\/es\/stem\/bateria-ion-litio\/","og_locale":"es_ES","og_type":"article","og_title":"Bater\u00eda de Ion de Litio - Ferrovial","og_description":"Tambi\u00e9n llamada bater\u00eda Li-Ion, una bater\u00eda de ion de litio es un tipo de bater\u00eda recargable que utiliza sal de litio como electrolito.","og_url":"https:\/\/www.ferrovial.com\/es\/stem\/bateria-ion-litio\/","og_site_name":"Ferrovial","article_publisher":"https:\/\/www.facebook.com\/ferrovial","article_modified_time":"2023-10-11T11:22:12+00:00","twitter_card":"summary_large_image","twitter_site":"@ferrovial","twitter_misc":{"Est. reading time":"3 minutos"},"schema":{"@context":"https:\/\/schema.org","@graph":[{"@type":"WebPage","@id":"https:\/\/www.ferrovial.com\/es\/stem\/bateria-ion-litio\/","url":"https:\/\/www.ferrovial.com\/es\/stem\/bateria-ion-litio\/","name":"Bater\u00eda de Ion de Litio - Ferrovial","isPartOf":{"@id":"https:\/\/www.ferrovial.com\/es\/#website"},"datePublished":"2023-05-19T07:12:10+00:00","dateModified":"2023-10-11T11:22:12+00:00","description":"Tambi\u00e9n llamada bater\u00eda Li-Ion, una bater\u00eda de ion de litio es un tipo de bater\u00eda recargable que utiliza sal de litio como electrolito.","breadcrumb":{"@id":"https:\/\/www.ferrovial.com\/es\/stem\/bateria-ion-litio\/#breadcrumb"},"inLanguage":"es","potentialAction":[{"@type":"ReadAction","target":["https:\/\/www.ferrovial.com\/es\/stem\/bateria-ion-litio\/"]}]},{"@type":"BreadcrumbList","@id":"https:\/\/www.ferrovial.com\/es\/stem\/bateria-ion-litio\/#breadcrumb","itemListElement":[{"@type":"ListItem","position":1,"name":"Portada","item":"https:\/\/www.ferrovial.com\/es\/"},{"@type":"ListItem","position":2,"name":"STEM","item":"https:\/\/www.ferrovial.com\/es\/stem\/"},{"@type":"ListItem","position":3,"name":"Bater\u00eda de Ion de Litio"}]},{"@type":"WebSite","@id":"https:\/\/www.ferrovial.com\/es\/#website","url":"https:\/\/www.ferrovial.com\/es\/","name":"Ferrovial","description":"Welcome to the Ferrovial&#039;s website, global operator of sustainable infrastructure. Here you can find all the information about the company and subsidiaries.","publisher":{"@id":"https:\/\/www.ferrovial.com\/es\/#organization"},"potentialAction":[{"@type":"SearchAction","target":{"@type":"EntryPoint","urlTemplate":"https:\/\/www.ferrovial.com\/es\/?s={search_term_string}"},"query-input":{"@type":"PropertyValueSpecification","valueRequired":true,"valueName":"search_term_string"}}],"inLanguage":"es"},{"@type":"Organization","@id":"https:\/\/www.ferrovial.com\/es\/#organization","name":"Ferrovial S.A.","url":"https:\/\/www.ferrovial.com\/es\/","logo":{"@type":"ImageObject","inLanguage":"es","@id":"https:\/\/www.ferrovial.com\/es\/#\/schema\/logo\/image\/","url":"https:\/\/static.ferrovial.com\/wp-content\/uploads\/2020\/01\/13124948\/logo-ferrovial-cf7.png","contentUrl":"https:\/\/static.ferrovial.com\/wp-content\/uploads\/2020\/01\/13124948\/logo-ferrovial-cf7.png","width":144,"height":32,"caption":"Ferrovial S.A."},"image":{"@id":"https:\/\/www.ferrovial.com\/es\/#\/schema\/logo\/image\/"},"sameAs":["https:\/\/www.facebook.com\/ferrovial","https:\/\/x.com\/ferrovial","https:\/\/www.instagram.com\/ferrovial\/","https:\/\/www.linkedin.com\/company\/ferrovial","https:\/\/www.pinterest.es\/ferrovial\/","https:\/\/www.youtube.com\/ferrovial","https:\/\/en.wikipedia.org\/wiki\/Ferrovial"]}]}},"_links":{"self":[{"href":"https:\/\/www.ferrovial.com\/es\/wp-json\/wp\/v2\/pages\/261322","targetHints":{"allow":["GET"]}}],"collection":[{"href":"https:\/\/www.ferrovial.com\/es\/wp-json\/wp\/v2\/pages"}],"about":[{"href":"https:\/\/www.ferrovial.com\/es\/wp-json\/wp\/v2\/types\/page"}],"replies":[{"embeddable":true,"href":"https:\/\/www.ferrovial.com\/es\/wp-json\/wp\/v2\/comments?post=261322"}],"version-history":[{"count":2,"href":"https:\/\/www.ferrovial.com\/es\/wp-json\/wp\/v2\/pages\/261322\/revisions"}],"predecessor-version":[{"id":269535,"href":"https:\/\/www.ferrovial.com\/es\/wp-json\/wp\/v2\/pages\/261322\/revisions\/269535"}],"up":[{"embeddable":true,"href":"https:\/\/www.ferrovial.com\/es\/wp-json\/wp\/v2\/pages\/227878"}],"wp:attachment":[{"href":"https:\/\/www.ferrovial.com\/es\/wp-json\/wp\/v2\/media?parent=261322"}],"curies":[{"name":"wp","href":"https:\/\/api.w.org\/{rel}","templated":true}]}}