{"id":261339,"date":"2023-05-19T10:07:05","date_gmt":"2023-05-19T08:07:05","guid":{"rendered":"https:\/\/www.ferrovial.com\/?page_id=261339"},"modified":"2023-10-13T09:39:47","modified_gmt":"2023-10-13T07:39:47","slug":"excavacion","status":"publish","type":"page","link":"https:\/\/www.ferrovial.com\/es\/recursos\/excavacion\/","title":{"rendered":"Excavaci\u00f3n"},"content":{"rendered":"    <m-final-content-header >\n            <c-breadcrumb label-text=\"Breadcrumb\" slot=\"breadcrumbs\" type='2' align='left' wrap='wrapped wrapped' aria-label='Vienes de Recursos'>\n                        <ol>\n\n                                                            <li><a href=\"https:\/\/www.ferrovial.com\/es\/\" title=\"Ferrovial\">Ferrovial<\/a><\/li>\n                                                                        <li><a href=\"https:\/\/www.ferrovial.com\/es\/recursos\/\" title=\"Recursos\">Recursos<\/a><\/li>\n                                    \n                <\/ol>\n\n                <\/c-breadcrumb>\n    \n        <div slot=\"header\">\n            <h1>\n                Excavaci\u00f3n            <\/h1>\n                    <\/div>\n    <\/m-final-content-header>\n\n    \n\n\n<m-wysiwig class=\"wp-block-components-wysiwyg\"><div slot=\"maincontent\">\n<h2 class=\"wp-block-heading\"><strong>\u00bfQu\u00e9 es una excavaci\u00f3n?<\/strong><\/h2>\n\n\n\n<script type=\"application\/ld+json\">\n{\n  \"@context\": \"https:\/\/schema.org\",\n  \"@type\": \"FAQPage\",\n  \"mainEntity\": [{\n    \"@type\": \"Question\",\n    \"name\": \"\u00bfQu\u00e9 es una excavaci\u00f3n?\",\n    \"acceptedAnswer\": {\n      \"@type\": \"Answer\",\n      \"text\": \"En ingenier\u00eda civil, una excavaci\u00f3n es un procedimiento en el que se remueve tierra u otros materiales del suelo para abrir grandes cavidades, con el prop\u00f3sito de construir en ellas los cimientos que tendr\u00e1n las edificaciones, carreteras, puentes, t\u00faneles, presas u otras estructuras. Las excavaciones tambi\u00e9n son frecuentes en otras actividades como la arqueolog\u00eda y la miner\u00eda.\"\n    }\n  },{\n    \"@type\": \"Question\",\n    \"name\": \"\u00bfQu\u00e9 maquinaria se utiliza para realizar una excavaci\u00f3n?\",\n    \"acceptedAnswer\": {\n      \"@type\": \"Answer\",\n      \"text\": \"Cada proyecto puede exigir el empleo de uno o varios tipos de m\u00e1quinas, en funci\u00f3n de las condiciones del terreno y el objetivo que tenga la excavaci\u00f3n. Entre la maquinaria empleada durante las excavaciones se cuentan com\u00fanmente: las excavadoras, las retroexcavadoras, los bulldozer, las gr\u00faas, los martillos hidr\u00e1ulicos y los camiones de volteo.\"\n    }\n  },{\n    \"@type\": \"Question\",\n    \"name\": \"\u00bfQu\u00e9 riesgos puede haber durante una excavaci\u00f3n?\",\n    \"acceptedAnswer\": {\n      \"@type\": \"Answer\",\n      \"text\": \"Los derrumbes son, probablemente, el riesgo m\u00e1s evidente que puede implicar una excavaci\u00f3n. La remoci\u00f3n de tierra puede causar el colapso de las paredes del foso y el hundimiento s\u00fabito de la superficie que lo circunda. Sin embargo, existen otros peligros vinculados a la actividad, como la liberaci\u00f3n de gases t\u00f3xicos (como el mon\u00f3xido de carbono o el metano) que pueden estar contenidos en capas subterr\u00e1neas. De igual modo, si la excavaci\u00f3n coincide con una tuber\u00eda de gas o de agua, o una  l\u00ednea de alta tensi\u00f3n, tanto el proyecto como el personal involucrado puede verse amenazado.\"\n    }\n  },{\n    \"@type\": \"Question\",\n    \"name\": \"\u00bfQu\u00e9 implicaciones ecol\u00f3gicas puede tener una excavaci\u00f3n?\",\n    \"acceptedAnswer\": {\n      \"@type\": \"Answer\",\n      \"text\": \"Las excavaciones deben hacerse evitando al m\u00e1ximo la destrucci\u00f3n de los h\u00e1bitats de especies animales y vegetales, especialmente cuando se realizan en \u00e1reas naturales. Las excavaciones tambi\u00e9n pueden suponer la erosi\u00f3n del suelo y la p\u00e9rdida de sus nutrientes; al igual que la liberaci\u00f3n de gases y sustancias contaminantes que podr\u00edan estar apresadas en los suelos antes de iniciar las obras. \nTodo proyecto que implique una excavaci\u00f3n debe tener un enfoque preventivo que favorezca el medio ambiente y que contemple alternativas para reducir la huella de carbono que pudiera producir.\"\n    }\n  }]\n}\n<\/script><p>En <strong>ingenier\u00eda civil<\/strong>, una excavaci\u00f3n es un <strong>procedimiento en el que se remueve tierra u otros materiales del suelo <\/strong>para abrir grandes cavidades, con el prop\u00f3sito de construir en ellas los cimientos que tendr\u00e1n las <a href=\"https:\/\/www.ferrovial.com\/es\/recursos\/edificacion\/\" target=\"_blank\" rel=\"noreferrer noopener\">edificaciones<\/a>, <a href=\"https:\/\/www.ferrovial.com\/es\/recursos\/carreteras\/\" target=\"_blank\" rel=\"noreferrer noopener\">carreteras<\/a>, <a href=\"https:\/\/www.ferrovial.com\/es\/recursos\/puentes\/\" target=\"_blank\" rel=\"noreferrer noopener\">puentes<\/a>, <a href=\"https:\/\/www.ferrovial.com\/es\/recursos\/tuneles\/\" target=\"_blank\" rel=\"noreferrer noopener\">t\u00faneles<\/a>, presas u otras <a href=\"https:\/\/www.ferrovial.com\/es\/stem\/calculo-de-estructuras\/\" target=\"_blank\" rel=\"noreferrer noopener\">estructuras<\/a>. Las excavaciones tambi\u00e9n son frecuentes en otras actividades como la arqueolog\u00eda y la miner\u00eda.<\/p>\n\n\n\n<h2 class=\"wp-block-heading\"><strong>\u00bfQu\u00e9 maquinaria se utiliza para realizar una excavaci\u00f3n?<\/strong><\/h2>\n\n\n\n<p>Cada proyecto puede exigir el empleo de uno o varios tipos de m\u00e1quinas, en funci\u00f3n de las <strong>condiciones del terreno y el objetivo <\/strong>que tenga la excavaci\u00f3n. Entre la <a href=\"https:\/\/www.ferrovial.com\/es\/recursos\/maquinaria\/\" target=\"_blank\" rel=\"noreferrer noopener\">maquinaria <\/a>empleada durante las excavaciones se cuentan com\u00fanmente: las excavadoras, las <a href=\"https:\/\/www.ferrovial.com\/es\/stem\/retroexcavadora\/\" target=\"_blank\" rel=\"noreferrer noopener\">retroexcavadoras<\/a>, los <a href=\"https:\/\/www.ferrovial.com\/es\/stem\/topadora\/\" target=\"_blank\" rel=\"noreferrer noopener\">bulldozer<\/a>, las gr\u00faas, los <a href=\"https:\/\/www.ferrovial.com\/es\/stem\/martillo-mecanico\/\" target=\"_blank\" rel=\"noreferrer noopener\">martillos hidr\u00e1ulicos<\/a> y los camiones de volteo.<\/p>\n\n\n\n<h2 class=\"wp-block-heading\"><strong>\u00bfQu\u00e9 riesgos puede haber durante una excavaci\u00f3n?<\/strong><\/h2>\n\n\n\n<p>Los <strong>derrumbes<\/strong> son, probablemente, el riesgo m\u00e1s evidente que puede implicar una excavaci\u00f3n. La remoci\u00f3n de tierra puede causar el colapso de las paredes del foso y el hundimiento s\u00fabito de la superficie que lo circunda. Sin embargo, existen otros peligros vinculados a la actividad, como la <strong>liberaci\u00f3n de gases t\u00f3xicos <\/strong>(como el mon\u00f3xido de carbono o el metano) que pueden estar contenidos en capas subterr\u00e1neas. De igual modo, si la excavaci\u00f3n coincide con una <a href=\"https:\/\/www.ferrovial.com\/es\/recursos\/tuberias\/\" target=\"_blank\" rel=\"noreferrer noopener\">tuber\u00eda<\/a> de gas o de agua, o una&nbsp; l\u00ednea de <a href=\"https:\/\/www.ferrovial.com\/es\/stem\/alta-tension-electrica\/\" target=\"_blank\" rel=\"noreferrer noopener\">alta tensi\u00f3n<\/a>, tanto el proyecto como el personal involucrado puede verse amenazado.<\/p>\n\n\n\n<p>Antes de iniciar una excavaci\u00f3n, es indispensable realizar un riguroso an\u00e1lisis&nbsp; para identificar cualquier posible contingencia, y observando cuidadosamente las caracter\u00edsticas del terreno, las previsiones meteorol\u00f3gicas, la ubicaci\u00f3n, las l\u00edneas el\u00e9ctricas, las tuber\u00edas de gas y agua, el alcantarillado, la presencia de edificaciones aleda\u00f1as, etc.&nbsp;<\/p>\n\n\n\n<h2 class=\"wp-block-heading\"><strong>\u00bfQu\u00e9 implicaciones ecol\u00f3gicas puede tener una excavaci\u00f3n?<\/strong><\/h2>\n\n\n\n<p>Las excavaciones deben hacerse evitando al m\u00e1ximo la destrucci\u00f3n de los h\u00e1bitats de especies animales y vegetales, especialmente cuando se realizan en \u00e1reas naturales. Las excavaciones tambi\u00e9n pueden suponer la <strong>erosi\u00f3n del suelo <\/strong>y la <strong>p\u00e9rdida de sus nutrientes<\/strong>; al igual que la <strong>liberaci\u00f3n de gases y sustancias contaminantes <\/strong>que podr\u00edan estar apresadas en los suelos antes de iniciar las obras.&nbsp;<\/p>\n\n\n\n<p>Todo proyecto que implique una excavaci\u00f3n debe tener un <strong>enfoque preventivo <\/strong>que favorezca el medio ambiente y que contemple alternativas para reducir la <a href=\"https:\/\/www.ferrovial.com\/es\/recursos\/huella-carbono\/\" target=\"_blank\" rel=\"noreferrer noopener\">huella de carbono<\/a> que pudiera producir.<\/p>\n<\/div><\/m-wysiwig>\n\n\n    <m-projects-distributor2 :translations='{\n        &quot;prev&quot;:&quot;Anterior&quot;,\n        &quot;next&quot;:&quot;Siguiente&quot;,\n        &quot;paginationseparator&quot;:&quot;de&quot;\n    }'>\n                        <h2 slot=\"title\">\n                Nuestros proyectos destacados                <\/h2>\n                        <a slot='button' title='Conoce nuestros proyectos ' href='https:\/\/www.ferrovial.com\/es\/cintra\/proyectos\/'>\n            Conoce nuestros proyectos         <\/a>\n\n            <\/m-projects-distributor2>\n\n    ","protected":false},"excerpt":{"rendered":"","protected":false},"featured_media":0,"parent":25267,"menu_order":0,"comment_status":"closed","ping_status":"closed","template":"","meta":{"_acf_changed":false,"footnotes":""},"class_list":["post-261339","page","type-page","status-publish","hentry"],"acf":[],"yoast_head":"<!-- This site is optimized with the Yoast SEO plugin v27.2 - https:\/\/yoast.com\/product\/yoast-seo-wordpress\/ -->\n<title>Excavaci\u00f3n - Ferrovial<\/title>\n<meta name=\"description\" content=\"Las excavaciones deben hacerse evitando al m\u00e1ximo la destrucci\u00f3n de los h\u00e1bitats de especies animales y vegetales, especialmente cuando se realizan en \u00e1reas naturales.\" \/>\n<meta name=\"robots\" content=\"index, follow, max-snippet:-1, max-image-preview:large, max-video-preview:-1\" \/>\n<link rel=\"canonical\" href=\"https:\/\/www.ferrovial.com\/es\/recursos\/excavacion\/\" \/>\n<meta property=\"og:locale\" content=\"es_ES\" \/>\n<meta property=\"og:type\" content=\"article\" \/>\n<meta property=\"og:title\" content=\"Excavaci\u00f3n - Ferrovial\" \/>\n<meta property=\"og:description\" content=\"Las excavaciones deben hacerse evitando al m\u00e1ximo la destrucci\u00f3n de los h\u00e1bitats de especies animales y vegetales, especialmente cuando se realizan en \u00e1reas naturales.\" \/>\n<meta property=\"og:url\" content=\"https:\/\/www.ferrovial.com\/es\/recursos\/excavacion\/\" \/>\n<meta property=\"og:site_name\" content=\"Ferrovial\" \/>\n<meta property=\"article:publisher\" content=\"https:\/\/www.facebook.com\/ferrovial\" \/>\n<meta property=\"article:modified_time\" content=\"2023-10-13T07:39:47+00:00\" \/>\n<meta name=\"twitter:card\" content=\"summary_large_image\" \/>\n<meta name=\"twitter:site\" content=\"@ferrovial\" \/>\n<meta name=\"twitter:label1\" content=\"Est. reading time\" \/>\n\t<meta name=\"twitter:data1\" content=\"2 minutos\" \/>\n<!-- \/ Yoast SEO plugin. -->","yoast_head_json":{"title":"Excavaci\u00f3n - Ferrovial","description":"Las excavaciones deben hacerse evitando al m\u00e1ximo la destrucci\u00f3n de los h\u00e1bitats de especies animales y vegetales, especialmente cuando se realizan en \u00e1reas naturales.","robots":{"index":"index","follow":"follow","max-snippet":"max-snippet:-1","max-image-preview":"max-image-preview:large","max-video-preview":"max-video-preview:-1"},"canonical":"https:\/\/www.ferrovial.com\/es\/recursos\/excavacion\/","og_locale":"es_ES","og_type":"article","og_title":"Excavaci\u00f3n - Ferrovial","og_description":"Las excavaciones deben hacerse evitando al m\u00e1ximo la destrucci\u00f3n de los h\u00e1bitats de especies animales y vegetales, especialmente cuando se realizan en \u00e1reas naturales.","og_url":"https:\/\/www.ferrovial.com\/es\/recursos\/excavacion\/","og_site_name":"Ferrovial","article_publisher":"https:\/\/www.facebook.com\/ferrovial","article_modified_time":"2023-10-13T07:39:47+00:00","twitter_card":"summary_large_image","twitter_site":"@ferrovial","twitter_misc":{"Est. reading time":"2 minutos"},"schema":{"@context":"https:\/\/schema.org","@graph":[{"@type":"WebPage","@id":"https:\/\/www.ferrovial.com\/es\/recursos\/excavacion\/","url":"https:\/\/www.ferrovial.com\/es\/recursos\/excavacion\/","name":"Excavaci\u00f3n - Ferrovial","isPartOf":{"@id":"https:\/\/www.ferrovial.com\/es\/#website"},"datePublished":"2023-05-19T08:07:05+00:00","dateModified":"2023-10-13T07:39:47+00:00","description":"Las excavaciones deben hacerse evitando al m\u00e1ximo la destrucci\u00f3n de los h\u00e1bitats de especies animales y vegetales, especialmente cuando se realizan en \u00e1reas naturales.","breadcrumb":{"@id":"https:\/\/www.ferrovial.com\/es\/recursos\/excavacion\/#breadcrumb"},"inLanguage":"es","potentialAction":[{"@type":"ReadAction","target":["https:\/\/www.ferrovial.com\/es\/recursos\/excavacion\/"]}]},{"@type":"BreadcrumbList","@id":"https:\/\/www.ferrovial.com\/es\/recursos\/excavacion\/#breadcrumb","itemListElement":[{"@type":"ListItem","position":1,"name":"Portada","item":"https:\/\/www.ferrovial.com\/es\/"},{"@type":"ListItem","position":2,"name":"Recursos","item":"https:\/\/www.ferrovial.com\/es\/recursos\/"},{"@type":"ListItem","position":3,"name":"Excavaci\u00f3n"}]},{"@type":"WebSite","@id":"https:\/\/www.ferrovial.com\/es\/#website","url":"https:\/\/www.ferrovial.com\/es\/","name":"Ferrovial","description":"Welcome to the Ferrovial&#039;s website, global operator of sustainable infrastructure. Here you can find all the information about the company and subsidiaries.","publisher":{"@id":"https:\/\/www.ferrovial.com\/es\/#organization"},"potentialAction":[{"@type":"SearchAction","target":{"@type":"EntryPoint","urlTemplate":"https:\/\/www.ferrovial.com\/es\/?s={search_term_string}"},"query-input":{"@type":"PropertyValueSpecification","valueRequired":true,"valueName":"search_term_string"}}],"inLanguage":"es"},{"@type":"Organization","@id":"https:\/\/www.ferrovial.com\/es\/#organization","name":"Ferrovial S.A.","url":"https:\/\/www.ferrovial.com\/es\/","logo":{"@type":"ImageObject","inLanguage":"es","@id":"https:\/\/www.ferrovial.com\/es\/#\/schema\/logo\/image\/","url":"https:\/\/static.ferrovial.com\/wp-content\/uploads\/2020\/01\/13124948\/logo-ferrovial-cf7.png","contentUrl":"https:\/\/static.ferrovial.com\/wp-content\/uploads\/2020\/01\/13124948\/logo-ferrovial-cf7.png","width":144,"height":32,"caption":"Ferrovial S.A."},"image":{"@id":"https:\/\/www.ferrovial.com\/es\/#\/schema\/logo\/image\/"},"sameAs":["https:\/\/www.facebook.com\/ferrovial","https:\/\/x.com\/ferrovial","https:\/\/www.instagram.com\/ferrovial\/","https:\/\/www.linkedin.com\/company\/ferrovial","https:\/\/www.pinterest.es\/ferrovial\/","https:\/\/www.youtube.com\/ferrovial","https:\/\/en.wikipedia.org\/wiki\/Ferrovial"]}]}},"_links":{"self":[{"href":"https:\/\/www.ferrovial.com\/es\/wp-json\/wp\/v2\/pages\/261339","targetHints":{"allow":["GET"]}}],"collection":[{"href":"https:\/\/www.ferrovial.com\/es\/wp-json\/wp\/v2\/pages"}],"about":[{"href":"https:\/\/www.ferrovial.com\/es\/wp-json\/wp\/v2\/types\/page"}],"replies":[{"embeddable":true,"href":"https:\/\/www.ferrovial.com\/es\/wp-json\/wp\/v2\/comments?post=261339"}],"version-history":[{"count":3,"href":"https:\/\/www.ferrovial.com\/es\/wp-json\/wp\/v2\/pages\/261339\/revisions"}],"predecessor-version":[{"id":269581,"href":"https:\/\/www.ferrovial.com\/es\/wp-json\/wp\/v2\/pages\/261339\/revisions\/269581"}],"up":[{"embeddable":true,"href":"https:\/\/www.ferrovial.com\/es\/wp-json\/wp\/v2\/pages\/25267"}],"wp:attachment":[{"href":"https:\/\/www.ferrovial.com\/es\/wp-json\/wp\/v2\/media?parent=261339"}],"curies":[{"name":"wp","href":"https:\/\/api.w.org\/{rel}","templated":true}]}}