{"id":261346,"date":"2023-05-19T10:23:01","date_gmt":"2023-05-19T08:23:01","guid":{"rendered":"https:\/\/www.ferrovial.com\/?page_id=261346"},"modified":"2025-06-18T13:53:52","modified_gmt":"2025-06-18T11:53:52","slug":"capa-de-ozono","status":"publish","type":"page","link":"https:\/\/www.ferrovial.com\/es\/recursos\/capa-de-ozono\/","title":{"rendered":"Capa de Ozono"},"content":{"rendered":"    <m-final-content-header >\n            <c-breadcrumb label-text=\"Breadcrumb\" slot=\"breadcrumbs\" type='2' align='left' wrap='wrapped wrapped' aria-label='Vienes de Recursos'>\n                        <ol>\n\n                                                            <li><a href=\"https:\/\/www.ferrovial.com\/es\/\" title=\"Ferrovial\">Ferrovial<\/a><\/li>\n                                                                        <li><a href=\"https:\/\/www.ferrovial.com\/es\/recursos\/\" title=\"Recursos\">Recursos<\/a><\/li>\n                                    \n                <\/ol>\n\n                <\/c-breadcrumb>\n    \n        <div slot=\"header\">\n            <h1>\n                Capa de Ozono            <\/h1>\n                    <\/div>\n    <\/m-final-content-header>\n\n    \n\n\n<m-wysiwig class=\"wp-block-components-wysiwyg\"><div slot=\"maincontent\">\n<h2 class=\"wp-block-heading\"><strong>\u00bfQu\u00e9 es la capa de ozono?<\/strong><\/h2>\n\n\n\n<p><script type=\"application\/ld+json\">\n{\n  \"@context\": \"https:\/\/schema.org\",\n  \"@type\": \"FAQPage\",\n  \"mainEntity\": [{\n    \"@type\": \"Question\",\n    \"name\": \"\u00bfQu\u00e9 es la capa de ozono?\",\n    \"acceptedAnswer\": {\n      \"@type\": \"Answer\",\n      \"text\": \"La capa de ozono, como lo dice su nombre, es una capa de gas ozono (O3) que se encuentra en la atm\u00f3sfera del planeta Tierra, y que ocupa el espacio comprendido entre los 10 y los 50 kil\u00f3metros por encima de la superficie terrestre.\n\nLa capa de ozono re\u00fane el 90% del ozono que existe en la atm\u00f3sfera terrestre, y absorbe casi el 100% de la radiaci\u00f3n ultravioleta de alta frecuencia que proviene del sol, permitiendo la vida terrestre como la conocemos.\"\n    }\n  },{\n    \"@type\": \"Question\",\n    \"name\": \"\u00bfPara qu\u00e9 sirve la capa de ozono?\",\n    \"acceptedAnswer\": {\n      \"@type\": \"Answer\",\n      \"text\": \"La capa de ozono forma un escudo protector que absorbe gran parte de los rayos ultravioleta (UV) de la radiaci\u00f3n solar, dejando filtrar, mayormente, solo la luz visible.\nLa capa de ozono es importante porque los rayos UV pueden ocasionar gran cantidad de efectos negativos sobre la vida terrestre. Algunos de estos son:\n\n<ul>\n<li>Alteraci\u00f3n del ADN de los seres vivos, causando mutaciones gen\u00e9ticas que pueden llevar a innumerables problemas de salud.\n<\/li>\n<li>Lesiones en la piel, como quemaduras, envejecimiento prematuro y aumento del riesgo de c\u00e1ncer de piel.\n<\/li>\n<li>Reducci\u00f3n de la fotos\u00edntesis en las plantas debido al deterioro de las mol\u00e9culas de clorofila. Esto puede tener consecuencias negativas sobre el equilibrio de los ecosistemas.\n<\/li>\n<li>Desequilibrios en la vida marina. As\u00ed como en la vida terrestre, la radiaci\u00f3n UV tambi\u00e9n puede tener efectos perjudiciales en la vida que se desarrolla bajo el agua (da\u00f1o del ADN, problemas de reproducci\u00f3n, reducci\u00f3n de la fotos\u00edntesis en los organismos marinos, etc.).\n<\/li>\n<\/ul>\"\n    }\n  },{\n    \"@type\": \"Question\",\n    \"name\": \"\u00bfCu\u00e1les son los principales riesgos para la capa de ozono?\",\n    \"acceptedAnswer\": {\n      \"@type\": \"Answer\",\n      \"text\": \"Durante los a\u00f1os 70, la capa de ozono sufri\u00f3 importantes p\u00e9rdidas de densidad a causa de compuestos clorofluorocarbonados (CFC) generados por diversas actividades humanas, especialmente las relacionadas con los aerosoles y la refrigeraci\u00f3n. Los CFC liberados a la atm\u00f3sfera se descomponen y liberan \u00e1tomos de cloro que, a su vez, destruyen las mol\u00e9culas de ozono.\nA este fen\u00f3meno se le conoce como agujero de la capa de ozono, y ha generado preocupaci\u00f3n desde entonces.\n\nOtros compuestos qu\u00edmicos que deterioran la capa de ozono son:\n\n<ul>\n<li>Halones<\/li>\n<li>Hidroclorofluorocarbonos (HCFC)<\/li>\n<li>Tetracloruro de carbono (CCl4)<\/li>\n<li>Metilcloroformo (CH3CCl3)<\/li>\n<li>Halocarbonos de vida corta (VSLS)<\/li>\n<\/ul>\"\n    }\n  },{\n    \"@type\": \"Question\",\n    \"name\": \"\u00bfQu\u00e9 medidas se han tomado para la protecci\u00f3n de la capa de ozono?\",\n    \"acceptedAnswer\": {\n      \"@type\": \"Answer\",\n      \"text\": \"En 1987, frente al alarmante crecimiento del agujero de la capa de ozono, se estableci\u00f3 el Protocolo de Montreal en m\u00e1s de 190 pa\u00edses. El protocolo estipulaba la eliminaci\u00f3n gradual de los CFC y otros compuestos qu\u00edmicos perjudiciales para la capa de ozono.\n\nA partir de entonces se ha desarrollado la investigaci\u00f3n en torno a la composici\u00f3n y la din\u00e1mica de la capa de ozono para desarrollar estrategias eficaces de recuperaci\u00f3n. Tambi\u00e9n se le ha dado gran importancia al monitoreo de su espesor y su distribuci\u00f3n a lo largo del planeta.\n\nLa educaci\u00f3n y concienciaci\u00f3n han sido fundamentales para fomentar la cooperaci\u00f3n internacional y el compromiso de los diferentes actores para proteger la capa de ozono. La difusi\u00f3n de informaci\u00f3n sobre los efectos de la disminuci\u00f3n de la capa de ozono y los riesgos de la exposici\u00f3n a la radiaci\u00f3n UV han motivado a las personas a reducir su impacto. Por otra parte, el cambio de los h\u00e1bitos de consumo es el aliciente final para que las empresas modifiquen sus productos y procesos.\nGracias a la conjunci\u00f3n de esta serie de factores, los niveles de ozono se estabilizaron durante la d\u00e9cada de los 90, y en los 2000 empez\u00f3 a revertirse el proceso de deterioro. Hoy en d\u00eda la capa de ozono se encuentra casi restaurada y los estudios cient\u00edficos apuntan a que estar\u00e1 completamente regenerada en un par de d\u00e9cadas.\n\nLa protecci\u00f3n de la capa de ozono est\u00e1 relacionada de forma directa con cuatro de los Objetivos de Desarrollo Sostenible (ODS) establecidos por la Organizaci\u00f3n de las Naciones Unidas para el a\u00f1o 2030:\n<ul>\n<li>ODS 13: Acci\u00f3n por el clima.<\/li>\n<li>ODS 12: Producci\u00f3n y consumo responsables.<\/li>\n<li>ODS 14: Vida submarina.<\/li>\n<li>ODS 15: Vida de ecosistemas terrestres.<\/li>\n<\/ul>\"\n    }\n  }]\n}\n<\/script><p>La capa de ozono, como lo dice su nombre, es una capa de gas <a href=\"https:\/\/www.ferrovial.com\/es\/recursos\/ozono\/\" target=\"_blank\" rel=\"noreferrer noopener\">ozono (O<sub>3<\/sub>)<\/a> que se encuentra en la <strong>atm\u00f3sfera <\/strong>del planeta Tierra, y que ocupa el espacio comprendido entre los <strong>10 y los 50 kil\u00f3metros<\/strong> por encima de la superficie terrestre.<\/p><\/p>\n\n\n\n<p>La capa de ozono re\u00fane el <strong>90% del ozono <\/strong>que existe en la atm\u00f3sfera terrestre, y absorbe casi el 100% de la <strong>radiaci\u00f3n ultravioleta <\/strong>de alta frecuencia que proviene del sol, <strong>permitiendo la vida terrestre como la conocemos<\/strong>.<\/p>\n\n\n\n<h2 class=\"wp-block-heading\"><strong>\u00bfPara qu\u00e9 sirve la capa de ozono?<\/strong><\/h2>\n\n\n\n<p>La capa de ozono forma un <strong>escudo protector que absorbe gran parte de los rayos ultravioleta (UV) <\/strong>de la radiaci\u00f3n solar, dejando filtrar, mayormente, solo la luz visible.<\/p>\n\n\n\n<p>La capa de ozono es importante porque los rayos UV pueden ocasionar gran cantidad de efectos negativos sobre la vida terrestre. Algunos de estos son:<\/p>\n\n\n\n<ul class=\"wp-block-list\">\n<li><strong>Alteraci\u00f3n del ADN <\/strong>de los seres vivos, causando mutaciones gen\u00e9ticas que pueden llevar a innumerables problemas de salud.<\/li>\n\n\n\n<li><strong>Lesiones en la piel<\/strong>, como quemaduras, envejecimiento prematuro y aumento del riesgo de c\u00e1ncer de piel.<\/li>\n\n\n\n<li><strong>Reducci\u00f3n de la fotos\u00edntesis<\/strong> en las plantas debido al deterioro de las mol\u00e9culas de clorofila. Esto puede tener consecuencias negativas sobre el equilibrio de los ecosistemas.<\/li>\n\n\n\n<li><strong>Desequilibrios en la vida marina<\/strong>. As\u00ed como en la vida terrestre, la radiaci\u00f3n UV tambi\u00e9n puede tener efectos perjudiciales en la vida que se desarrolla bajo el agua (da\u00f1o del ADN, problemas de reproducci\u00f3n, reducci\u00f3n de la fotos\u00edntesis en los organismos marinos, etc.).<\/li>\n<\/ul>\n\n\n\n<h2 class=\"wp-block-heading\"><strong>\u00bfCu\u00e1les son los principales riesgos para la capa de ozono?<\/strong><\/h2>\n\n\n\n<p>Durante los a\u00f1os 70, la capa de ozono sufri\u00f3 importantes <strong>p\u00e9rdidas de densidad a causa de compuestos clorofluorocarbonados (CFC) <\/strong>generados por diversas actividades humanas, especialmente las relacionadas con los aerosoles y la refrigeraci\u00f3n. Los CFC liberados a la atm\u00f3sfera se descomponen y liberan <strong>\u00e1tomos de cloro <\/strong>que, a su vez, destruyen las mol\u00e9culas de ozono.<\/p>\n\n\n\n<p>A este fen\u00f3meno se le conoce como <strong><em>agujero de la capa de ozono<\/em><\/strong>, y ha generado preocupaci\u00f3n desde entonces.<\/p>\n\n\n\n<p>Otros compuestos qu\u00edmicos que deterioran la capa de ozono son:<\/p>\n\n\n\n<ul class=\"wp-block-list\">\n<li><strong>Halones: <\/strong>contienen bromo, cloro y fl\u00faor, y se utilizan como agentes extintores de incendios, aunque han sido progresivamente reemplazados por alternativas m\u00e1s sostenibles.<\/li>\n\n\n\n<li><strong>Hidroclorofluorocarbonos (HCFC): <\/strong>contienen cloro, fl\u00faor e hidr\u00f3geno, y se utilizan como refrigerantes y como agentes espumantes en la producci\u00f3n de pl\u00e1sticos y aislantes.<\/li>\n\n\n\n<li><strong>Tetracloruro de carbono (CCl4):<\/strong> contiene cloro y carbono, y se utiliza en la producci\u00f3n de refrigerantes y disolventes, entre otros.<\/li>\n\n\n\n<li><strong>Metilcloroformo (CH3CCl3): <\/strong>contiene carbono, hidr\u00f3geno y cloro. Se utiliza como disolvente y como limpiador en la industria electr\u00f3nica.<\/li>\n\n\n\n<li><strong>Halocarbonos de vida corta (VSLS): <\/strong>contienen cloro y bromo. Aunque tienen una vida corta en la atm\u00f3sfera (usualmente menos de 6 meses), tienen una alta capacidad para degradar el ozono. Se utilizan para la fabricaci\u00f3n de solventes, productos de limpieza, refrigerantes y propulsores de aerosol.<\/li>\n<\/ul>\n\n\n\n<h2 class=\"wp-block-heading\"><strong>\u00bfQu\u00e9 medidas se han tomado para la protecci\u00f3n de la capa de ozono?<\/strong><\/h2>\n\n\n\n<p>En 1987, frente al alarmante crecimiento del agujero de la capa de ozono, se estableci\u00f3 el <strong>Protocolo de Montreal <\/strong>en m\u00e1s de 190 pa\u00edses. El protocolo estipulaba la eliminaci\u00f3n gradual de los CFC y otros compuestos qu\u00edmicos perjudiciales para la capa de ozono.<\/p>\n\n\n\n<p>A partir de entonces se ha desarrollado la <strong>investigaci\u00f3n en torno a la composici\u00f3n y la din\u00e1mica de la capa de ozono <\/strong>para desarrollar estrategias eficaces de recuperaci\u00f3n. Tambi\u00e9n se le ha dado gran importancia al monitoreo de su espesor y su distribuci\u00f3n a lo largo del planeta.<\/p>\n\n\n\n<p>La necesidad de eliminar los compuestos qu\u00edmicos perjudiciales para la capa de ozono ha llevado al <strong>desarrollo de tecnolog\u00edas alternativas <\/strong>en diferentes sectores, como la refrigeraci\u00f3n, la industria y los aerosoles. Esto ha permitido continuar las actividades humanas reduciendo su impacto negativo en esta capa.<\/p>\n\n\n\n<p>La <strong>educaci\u00f3n y concienciaci\u00f3n<\/strong> han sido fundamentales para <strong>fomentar la cooperaci\u00f3n internacional y el compromiso <\/strong>de los diferentes actores para proteger la capa de ozono. La difusi\u00f3n de informaci\u00f3n sobre los efectos de la disminuci\u00f3n de la capa de ozono y los riesgos de la exposici\u00f3n a la radiaci\u00f3n UV han motivado a las personas a reducir su impacto. Por otra parte, <strong>el cambio de los h\u00e1bitos de consumo <\/strong>es el aliciente final para que las empresas modifiquen sus productos y procesos.<\/p>\n\n\n\n<p>Gracias a la conjunci\u00f3n de esta serie de factores, los niveles de ozono se estabilizaron durante la d\u00e9cada de los 90, y <strong>en los 2000 empez\u00f3 a revertirse el proceso de deterioro<\/strong>. Hoy en d\u00eda la capa de ozono se encuentra casi restaurada y los estudios cient\u00edficos apuntan a que estar\u00e1 <strong>completamente regenerada en un par de d\u00e9cadas<\/strong>.<\/p>\n<\/div><\/m-wysiwig>\n\n\n    <m-projects-distributor2 :translations='{\n        &quot;prev&quot;:&quot;Anterior&quot;,\n        &quot;next&quot;:&quot;Siguiente&quot;,\n        &quot;paginationseparator&quot;:&quot;de&quot;\n    }'>\n                        <h2 slot=\"title\">\n                Nuestros proyectos destacados                <\/h2>\n                        <a slot='button' title='Conoce nuestros proyectos ' href='https:\/\/www.ferrovial.com\/es\/cintra\/proyectos\/'>\n            Conoce nuestros proyectos         <\/a>\n\n            <\/m-projects-distributor2>\n\n    ","protected":false},"excerpt":{"rendered":"","protected":false},"featured_media":0,"parent":25267,"menu_order":0,"comment_status":"closed","ping_status":"closed","template":"","meta":{"_acf_changed":false,"footnotes":""},"class_list":["post-261346","page","type-page","status-publish","hentry"],"acf":[],"yoast_head":"<!-- This site is optimized with the Yoast SEO plugin v27.2 - https:\/\/yoast.com\/product\/yoast-seo-wordpress\/ -->\n<title>Capa de Ozono - Ferrovial<\/title>\n<meta name=\"description\" content=\"La capa de ozono forma un escudo protector que absorbe gran parte de los rayos ultravioleta (UV) de la radiaci\u00f3n solar, dejando filtrar, mayormente, solo la luz visible.\" \/>\n<meta name=\"robots\" content=\"index, follow, max-snippet:-1, max-image-preview:large, max-video-preview:-1\" \/>\n<link rel=\"canonical\" href=\"https:\/\/www.ferrovial.com\/es\/recursos\/capa-de-ozono\/\" \/>\n<meta property=\"og:locale\" content=\"es_ES\" \/>\n<meta property=\"og:type\" content=\"article\" \/>\n<meta property=\"og:title\" content=\"Capa de Ozono - Ferrovial\" \/>\n<meta property=\"og:description\" content=\"La capa de ozono forma un escudo protector que absorbe gran parte de los rayos ultravioleta (UV) de la radiaci\u00f3n solar, dejando filtrar, mayormente, solo la luz visible.\" \/>\n<meta property=\"og:url\" content=\"https:\/\/www.ferrovial.com\/es\/recursos\/capa-de-ozono\/\" \/>\n<meta property=\"og:site_name\" content=\"Ferrovial\" \/>\n<meta property=\"article:publisher\" content=\"https:\/\/www.facebook.com\/ferrovial\" \/>\n<meta property=\"article:modified_time\" content=\"2025-06-18T11:53:52+00:00\" \/>\n<meta name=\"twitter:card\" content=\"summary_large_image\" \/>\n<meta name=\"twitter:site\" content=\"@ferrovial\" \/>\n<meta name=\"twitter:label1\" content=\"Est. reading time\" \/>\n\t<meta name=\"twitter:data1\" content=\"4 minutos\" \/>\n<!-- \/ Yoast SEO plugin. -->","yoast_head_json":{"title":"Capa de Ozono - Ferrovial","description":"La capa de ozono forma un escudo protector que absorbe gran parte de los rayos ultravioleta (UV) de la radiaci\u00f3n solar, dejando filtrar, mayormente, solo la luz visible.","robots":{"index":"index","follow":"follow","max-snippet":"max-snippet:-1","max-image-preview":"max-image-preview:large","max-video-preview":"max-video-preview:-1"},"canonical":"https:\/\/www.ferrovial.com\/es\/recursos\/capa-de-ozono\/","og_locale":"es_ES","og_type":"article","og_title":"Capa de Ozono - Ferrovial","og_description":"La capa de ozono forma un escudo protector que absorbe gran parte de los rayos ultravioleta (UV) de la radiaci\u00f3n solar, dejando filtrar, mayormente, solo la luz visible.","og_url":"https:\/\/www.ferrovial.com\/es\/recursos\/capa-de-ozono\/","og_site_name":"Ferrovial","article_publisher":"https:\/\/www.facebook.com\/ferrovial","article_modified_time":"2025-06-18T11:53:52+00:00","twitter_card":"summary_large_image","twitter_site":"@ferrovial","twitter_misc":{"Est. reading time":"4 minutos"},"schema":{"@context":"https:\/\/schema.org","@graph":[{"@type":"WebPage","@id":"https:\/\/www.ferrovial.com\/es\/recursos\/capa-de-ozono\/","url":"https:\/\/www.ferrovial.com\/es\/recursos\/capa-de-ozono\/","name":"Capa de Ozono - Ferrovial","isPartOf":{"@id":"https:\/\/www.ferrovial.com\/es\/#website"},"datePublished":"2023-05-19T08:23:01+00:00","dateModified":"2025-06-18T11:53:52+00:00","description":"La capa de ozono forma un escudo protector que absorbe gran parte de los rayos ultravioleta (UV) de la radiaci\u00f3n solar, dejando filtrar, mayormente, solo la luz visible.","breadcrumb":{"@id":"https:\/\/www.ferrovial.com\/es\/recursos\/capa-de-ozono\/#breadcrumb"},"inLanguage":"es","potentialAction":[{"@type":"ReadAction","target":["https:\/\/www.ferrovial.com\/es\/recursos\/capa-de-ozono\/"]}]},{"@type":"BreadcrumbList","@id":"https:\/\/www.ferrovial.com\/es\/recursos\/capa-de-ozono\/#breadcrumb","itemListElement":[{"@type":"ListItem","position":1,"name":"Portada","item":"https:\/\/www.ferrovial.com\/es\/"},{"@type":"ListItem","position":2,"name":"Recursos","item":"https:\/\/www.ferrovial.com\/es\/recursos\/"},{"@type":"ListItem","position":3,"name":"Capa de Ozono"}]},{"@type":"WebSite","@id":"https:\/\/www.ferrovial.com\/es\/#website","url":"https:\/\/www.ferrovial.com\/es\/","name":"Ferrovial","description":"Welcome to the Ferrovial&#039;s website, global operator of sustainable infrastructure. Here you can find all the information about the company and subsidiaries.","publisher":{"@id":"https:\/\/www.ferrovial.com\/es\/#organization"},"potentialAction":[{"@type":"SearchAction","target":{"@type":"EntryPoint","urlTemplate":"https:\/\/www.ferrovial.com\/es\/?s={search_term_string}"},"query-input":{"@type":"PropertyValueSpecification","valueRequired":true,"valueName":"search_term_string"}}],"inLanguage":"es"},{"@type":"Organization","@id":"https:\/\/www.ferrovial.com\/es\/#organization","name":"Ferrovial S.A.","url":"https:\/\/www.ferrovial.com\/es\/","logo":{"@type":"ImageObject","inLanguage":"es","@id":"https:\/\/www.ferrovial.com\/es\/#\/schema\/logo\/image\/","url":"https:\/\/static.ferrovial.com\/wp-content\/uploads\/2020\/01\/13124948\/logo-ferrovial-cf7.png","contentUrl":"https:\/\/static.ferrovial.com\/wp-content\/uploads\/2020\/01\/13124948\/logo-ferrovial-cf7.png","width":144,"height":32,"caption":"Ferrovial S.A."},"image":{"@id":"https:\/\/www.ferrovial.com\/es\/#\/schema\/logo\/image\/"},"sameAs":["https:\/\/www.facebook.com\/ferrovial","https:\/\/x.com\/ferrovial","https:\/\/www.instagram.com\/ferrovial\/","https:\/\/www.linkedin.com\/company\/ferrovial","https:\/\/www.pinterest.es\/ferrovial\/","https:\/\/www.youtube.com\/ferrovial","https:\/\/en.wikipedia.org\/wiki\/Ferrovial"]}]}},"_links":{"self":[{"href":"https:\/\/www.ferrovial.com\/es\/wp-json\/wp\/v2\/pages\/261346","targetHints":{"allow":["GET"]}}],"collection":[{"href":"https:\/\/www.ferrovial.com\/es\/wp-json\/wp\/v2\/pages"}],"about":[{"href":"https:\/\/www.ferrovial.com\/es\/wp-json\/wp\/v2\/types\/page"}],"replies":[{"embeddable":true,"href":"https:\/\/www.ferrovial.com\/es\/wp-json\/wp\/v2\/comments?post=261346"}],"version-history":[{"count":3,"href":"https:\/\/www.ferrovial.com\/es\/wp-json\/wp\/v2\/pages\/261346\/revisions"}],"predecessor-version":[{"id":307693,"href":"https:\/\/www.ferrovial.com\/es\/wp-json\/wp\/v2\/pages\/261346\/revisions\/307693"}],"up":[{"embeddable":true,"href":"https:\/\/www.ferrovial.com\/es\/wp-json\/wp\/v2\/pages\/25267"}],"wp:attachment":[{"href":"https:\/\/www.ferrovial.com\/es\/wp-json\/wp\/v2\/media?parent=261346"}],"curies":[{"name":"wp","href":"https:\/\/api.w.org\/{rel}","templated":true}]}}