{"id":261354,"date":"2023-05-19T10:33:33","date_gmt":"2023-05-19T08:33:33","guid":{"rendered":"https:\/\/www.ferrovial.com\/?page_id=261354"},"modified":"2025-07-09T16:19:48","modified_gmt":"2025-07-09T14:19:48","slug":"definicion-de-cuenca-hidrica","status":"publish","type":"page","link":"https:\/\/www.ferrovial.com\/es\/recursos\/definicion-de-cuenca-hidrica\/","title":{"rendered":"Definici\u00f3n de Cuenca h\u00eddrica"},"content":{"rendered":"    <m-final-content-header >\n            <c-breadcrumb label-text=\"Breadcrumb\" slot=\"breadcrumbs\" type='2' align='left' wrap='wrapped wrapped' aria-label='Vienes de Recursos'>\n                        <ol>\n\n                                                            <li><a href=\"https:\/\/www.ferrovial.com\/es\/\" title=\"Ferrovial\">Ferrovial<\/a><\/li>\n                                                                        <li><a href=\"https:\/\/www.ferrovial.com\/es\/recursos\/\" title=\"Recursos\">Recursos<\/a><\/li>\n                                    \n                <\/ol>\n\n                <\/c-breadcrumb>\n    \n        <div slot=\"header\">\n            <h1>\n                Definici\u00f3n de Cuenca h\u00eddrica            <\/h1>\n                    <\/div>\n    <\/m-final-content-header>\n\n    \n\n\n<m-wysiwig class=\"wp-block-components-wysiwyg\"><div slot=\"maincontent\">\n<h2 class=\"wp-block-heading\"><strong>\u00bfQu\u00e9 es una cuenca h\u00eddrica?<\/strong><\/h2>\n\n\n\n<p><script type=\"application\/ld+json\">\n{\n  \"@context\": \"https:\/\/schema.org\",\n  \"@type\": \"FAQPage\",\n  \"mainEntity\": [{\n    \"@type\": \"Question\",\n    \"name\": \"\u00bfQu\u00e9 es una cuenca h\u00eddrica?\",\n    \"acceptedAnswer\": {\n      \"@type\": \"Answer\",\n      \"text\": \"Es un \u00e1rea en la que confluyen todas las aguas pertenecientes a una misma red de drenaje natural; esto es la desembocadura de un r\u00edo o el afluente en un cuerpo de agua, como un lago o mar.\"\n    }\n  },{\n    \"@type\": \"Question\",\n    \"name\": \"\u00bfQu\u00e9 es una red de drenaje?\",\n    \"acceptedAnswer\": {\n      \"@type\": \"Answer\",\n      \"text\": \"Red de drenaje es un t\u00e9rmino de la geomorfolog\u00eda que hace referencia al sistema de r\u00edos, lagos y corrientes subterr\u00e1neas que transportan agua y sedimentos. Su configuraci\u00f3n morfol\u00f3gica est\u00e1 determinada por la gravedad, la topograf\u00eda y la din\u00e1mica fluvial.\"\n    }\n  },{\n    \"@type\": \"Question\",\n    \"name\": \"\u00bfCu\u00e1l es la diferencia entre una cuenca hidrogr\u00e1fica y una cuenca hidrol\u00f3gica?\",\n    \"acceptedAnswer\": {\n      \"@type\": \"Answer\",\n      \"text\": \"La cuenca hidrogr\u00e1fica \u00fanicamente toma en cuenta las aguas superficiales, mientras que en la cuenca hidrol\u00f3gica tambi\u00e9n se consideran las aguas subterr\u00e1neas.\"\n    }\n  },{\n    \"@type\": \"Question\",\n    \"name\": \"\u00bfQu\u00e9 tipos de cuencas hidrogr\u00e1ficas existen?\",\n    \"acceptedAnswer\": {\n      \"@type\": \"Answer\",\n      \"text\": \"<ul>\n<li>Exorreicas<\/li>\n<li>Endorreicas<\/li>\n<li>Arreicas<\/li>\n<\/ul>\"\n    }\n  },{\n    \"@type\": \"Question\",\n    \"name\": \"\u00bfQu\u00e9 es la delimitaci\u00f3n hidrogr\u00e1fica?\",\n    \"acceptedAnswer\": {\n      \"@type\": \"Answer\",\n      \"text\": \"Es el proceso de ingenier\u00eda ambiental a trav\u00e9s del cual se definen los l\u00edmites de una cuenca hidrogr\u00e1fica. Esto sirve para calcular el \u00e1rea de la cuenca, as\u00ed como para comprender sus din\u00e1micas. Este proceso de demarcaci\u00f3n hidrogr\u00e1fica es fundamental para la planificaci\u00f3n hidrol\u00f3gica.\"\n    }\n  },{\n    \"@type\": \"Question\",\n    \"name\": \"\u00bfQu\u00e9 es la planificaci\u00f3n hidrol\u00f3gica y para qu\u00e9 sirve?\",\n    \"acceptedAnswer\": {\n      \"@type\": \"Answer\",\n      \"text\": \"La planificaci\u00f3n hidrol\u00f3gica es el conjunto de estrategias y acciones que tienen como finalidad:\n\n<ul>\n<li>La conservaci\u00f3n del capital h\u00eddrico.<\/li>\n<li>La satisfacci\u00f3n de las necesidades humanas relacionadas con el recurso h\u00eddrico de manera econ\u00f3mica, social y medioambientalmente sostenible.<\/li>\n<li>El desarrollo regional y sectorial.<\/li>\n<li>La urbanizaci\u00f3n eficiente y sostenible.<\/li>\n<li>La protecci\u00f3n de la calidad del agua, evitando que agentes contaminantes se incorporen en la red de drenaje.<\/li>\n<li>La mitigaci\u00f3n de los efectos de las temporadas de sequ\u00eda.<\/li>\n<li>La prevenci\u00f3n y minimizaci\u00f3n de los da\u00f1os de las inundaciones.<\/li>\n<\/ul>\"\n    }\n  },{\n    \"@type\": \"Question\",\n    \"name\": \"\u00bfCu\u00e1les son las cuencas h\u00eddricas m\u00e1s grandes del mundo?\",\n    \"acceptedAnswer\": {\n      \"@type\": \"Answer\",\n      \"text\": \"La cuenca h\u00eddrica m\u00e1s grande del mundo es la cuenca del Amazonas. Su extensi\u00f3n abarca 8 pa\u00edses de Am\u00e9rica del Sur. Comprende dos sistemas: uno superficial (fluvial), que es el r\u00edo Amazonas, y uno subterr\u00e1neo, que es el r\u00edo Hamza, probablemente el r\u00edo subterr\u00e1neo m\u00e1s largo del mundo.\nEn Am\u00e9rica del Norte, la cuenca m\u00e1s grande es la cuenca del Mississippi, constituida por los r\u00edos Mississippi y Missouri. Es la cuarta cuenca m\u00e1s grande del mundo. Tiene un \u00e1rea de m\u00e1s de tres millones de kil\u00f3metros cuadrados, su caudal medio es de 18 mil metros c\u00fabicos por segundo y atraviesa 10 de los 50 estados de Estados Unidos.\nLa cuenca m\u00e1s grande de \u00c1frica es la del r\u00edo Congo, con casi 4 millones de kil\u00f3metros cuadrados que abarcan territorios de nueve pa\u00edses. Tiene un caudal superior a los 40 mil metros c\u00fabicos por segundo, y es la segunda cuenca m\u00e1s grande del mundo.\"\n    }\n  }]\n}\n<\/script><p>Es un \u00e1rea en la que <strong>confluyen todas las aguas pertenecientes a una misma red de drenaje natural<\/strong>; esto es la <strong>desembocadura de un r\u00edo <\/strong>o el <strong>afluente <\/strong>en un cuerpo de agua, como un lago o mar.<\/p><\/p>\n\n\n\n<h2 class=\"wp-block-heading\"><strong>\u00bfQu\u00e9 es una red de drenaje?<\/strong><\/h2>\n\n\n\n<p><em>Red de drenaje <\/em>es un t\u00e9rmino de la <strong>geomorfolog\u00eda <\/strong>que hace referencia al <strong>sistema de r\u00edos, lagos y corrientes subterr\u00e1neas <\/strong>que transportan agua y sedimentos. Su <strong>configuraci\u00f3n morfol\u00f3gica <\/strong>est\u00e1 determinada por la <strong>gravedad, la topograf\u00eda y la din\u00e1mica fluvial<\/strong>.<\/p>\n\n\n\n<h2 class=\"wp-block-heading\"><strong>\u00bfCu\u00e1l es la diferencia entre una cuenca hidrogr\u00e1fica y una cuenca hidrol\u00f3gica?<\/strong><\/h2>\n\n\n\n<p>La <strong>cuenca hidrogr\u00e1fica <\/strong>\u00fanicamente toma en cuenta las <strong>aguas superficiales<\/strong>, mientras que en la <strong>cuenca hidrol\u00f3gica <\/strong>tambi\u00e9n se consideran las <a href=\"https:\/\/www.ferrovial.com\/es\/recursos\/aguas-subterraneas\/\" target=\"_blank\" rel=\"noreferrer noopener\">aguas subterr\u00e1neas<\/a>.<\/p>\n\n\n\n<h2 class=\"wp-block-heading\"><strong>\u00bfQu\u00e9 tipos de cuencas hidrogr\u00e1ficas existen?<\/strong><\/h2>\n\n\n\n<ul class=\"wp-block-list\">\n<li><strong>Exorreicas: <\/strong>van a dar a grandes cuerpos de agua abiertos; es decir, al mar o al oc\u00e9ano.<\/li>\n\n\n\n<li><strong>Endorreicas: <\/strong>desembocan en cuerpos de agua cerrados, como lagos, lagunas o salares.<\/li>\n\n\n\n<li><strong>Arreicas: <\/strong>las aguas de estas cuencas no se incorporan en ninguna red de drenaje porque, debido a las caracter\u00edsticas del terreno y el clima, se filtran o se evaporan antes de conseguir fluir.<\/li>\n<\/ul>\n\n\n\n<h2 class=\"wp-block-heading\"><strong>\u00bfQu\u00e9 es la delimitaci\u00f3n hidrogr\u00e1fica?<\/strong><\/h2>\n\n\n\n<p>Es el proceso de <strong>ingenier\u00eda ambiental<\/strong> a trav\u00e9s del cual se definen los <strong>l\u00edmites de una cuenca hidrogr\u00e1fica<\/strong>. Esto sirve para calcular el \u00e1rea de la cuenca, as\u00ed como para comprender sus din\u00e1micas. Este proceso de <strong>demarcaci\u00f3n hidrogr\u00e1fica<\/strong> es fundamental para la <strong>planificaci\u00f3n hidrol\u00f3gica<\/strong>.<\/p>\n\n\n\n<p>En la delimitaci\u00f3n hidrogr\u00e1fica se establece la l\u00ednea de <strong><em>divortium aquarum <\/em><\/strong>(divisoria de aguas), un <strong>concepto legal seg\u00fan el cual se establecen las regulaciones en materia de recursos h\u00eddricos<\/strong>. Cada pa\u00eds y regi\u00f3n tiene sus propias legislaciones en materia de agua, pero en general todas est\u00e1n orientadas a determinar los <strong>derechos y deberes <\/strong>de distintos usuarios y actores, tomando en cuenta la <strong>disponibilidad h\u00eddrica<\/strong>, las <strong>necesidades <\/strong>de quienes hacen uso del recurso (dom\u00e9stico, agr\u00edcola o industrial) y el <strong>impacto ambiental<\/strong>.<\/p>\n\n\n\n<h2 class=\"wp-block-heading\"><strong>\u00bfQu\u00e9 es la planificaci\u00f3n hidrol\u00f3gica y para qu\u00e9 sirve?<\/strong><\/h2>\n\n\n\n<p>La planificaci\u00f3n hidrol\u00f3gica es el conjunto de <strong>estrategias y acciones <\/strong>que tienen como finalidad:<\/p>\n\n\n\n<ul class=\"wp-block-list\">\n<li>La <strong>conservaci\u00f3n <\/strong>del capital h\u00eddrico.<\/li>\n\n\n\n<li>La <strong>satisfacci\u00f3n de las necesidades <\/strong>humanas relacionadas con el recurso h\u00eddrico de manera econ\u00f3mica, social y medioambientalmente sostenible.<\/li>\n\n\n\n<li>El <strong>desarrollo <\/strong>regional y sectorial.<\/li>\n\n\n\n<li>La <strong>urbanizaci\u00f3n eficiente y sostenible<\/strong>.<\/li>\n\n\n\n<li>La protecci\u00f3n de la <strong>calidad del agua<\/strong>, evitando que agentes contaminantes se incorporen en la red de drenaje.<\/li>\n\n\n\n<li>La mitigaci\u00f3n de los efectos de las temporadas de <strong>sequ\u00eda<\/strong>.<\/li>\n\n\n\n<li>La prevenci\u00f3n y minimizaci\u00f3n de los da\u00f1os de las <strong>inundaciones<\/strong>.<\/li>\n<\/ul>\n\n\n\n<p>Gracias a la planificaci\u00f3n hidrol\u00f3gica tambi\u00e9n es posible aprovechar el <strong>potencial energ\u00e9tico <\/strong>de las cuencas. La diferencia de cotas en la cuenca puede servir para generar <strong>energ\u00eda hidroel\u00e9ctrica<\/strong>, una de las principales y m\u00e1s limpias fuentes de <a href=\"https:\/\/www.ferrovial.com\/es\/recursos\/energias-renovables\/\" target=\"_blank\" rel=\"noreferrer noopener\">energ\u00eda renovable<\/a>.<\/p>\n\n\n\n<h2 class=\"wp-block-heading\"><strong>\u00bfCu\u00e1les son las cuencas h\u00eddricas m\u00e1s grandes del mundo?<\/strong><\/h2>\n\n\n\n<p>La cuenca h\u00eddrica m\u00e1s grande del mundo es la <strong>cuenca del Amazonas<\/strong>. Tiene un \u00e1rea de m\u00e1s de 7 millones de kil\u00f3metros cuadrados, y transporta un caudal de unos 200 mil metros c\u00fabicos por segundo (aproximadamente el 20% de las aguas dulces continentales). Su extensi\u00f3n abarca 8 pa\u00edses de Am\u00e9rica del Sur. Comprende dos sistemas: uno superficial (fluvial), que es el r\u00edo Amazonas, y uno subterr\u00e1neo, que es el r\u00edo Hamza, probablemente el r\u00edo subterr\u00e1neo m\u00e1s largo del mundo.<\/p>\n\n\n\n<p>En Am\u00e9rica del Norte, la cuenca m\u00e1s grande es la <strong>cuenca del Mississippi<\/strong>, constituida por los r\u00edos Mississippi y Missouri. Es la cuarta cuenca m\u00e1s grande del mundo. Tiene un \u00e1rea de m\u00e1s de tres millones de kil\u00f3metros cuadrados, su caudal medio es de 18 mil metros c\u00fabicos por segundo y atraviesa 10 de los 50 estados de Estados Unidos.<\/p>\n\n\n\n<p>La cuenca m\u00e1s grande de \u00c1frica es la del <strong>r\u00edo Congo<\/strong>, con casi 4 millones de kil\u00f3metros cuadrados que abarcan territorios de nueve pa\u00edses. Tiene un caudal superior a los 40 mil metros c\u00fabicos por segundo, y es la segunda cuenca m\u00e1s grande del mundo.<\/p>\n<\/div><\/m-wysiwig>\n\n\n    <m-projects-distributor2 :translations='{\n        &quot;prev&quot;:&quot;Anterior&quot;,\n        &quot;next&quot;:&quot;Siguiente&quot;,\n        &quot;paginationseparator&quot;:&quot;de&quot;\n    }'>\n                        <h2 slot=\"title\">\n                Nuestros proyectos destacados                <\/h2>\n                        <a slot='button' title='Conoce nuestros proyectos ' href='https:\/\/www.ferrovial.com\/es\/cintra\/proyectos\/'>\n            Conoce nuestros proyectos         <\/a>\n\n            <\/m-projects-distributor2>\n\n    ","protected":false},"excerpt":{"rendered":"","protected":false},"featured_media":0,"parent":25267,"menu_order":0,"comment_status":"closed","ping_status":"closed","template":"","meta":{"_acf_changed":false,"footnotes":""},"class_list":["post-261354","page","type-page","status-publish","hentry"],"acf":[],"yoast_head":"<!-- This site is optimized with the Yoast SEO plugin v27.2 - https:\/\/yoast.com\/product\/yoast-seo-wordpress\/ -->\n<title>Definici\u00f3n de Cuenca h\u00eddrica - Ferrovial<\/title>\n<meta name=\"description\" content=\"Es un \u00e1rea en la que confluyen todas las aguas pertenecientes a una misma red de drenaje natural.\" \/>\n<meta name=\"robots\" content=\"index, follow, max-snippet:-1, max-image-preview:large, max-video-preview:-1\" \/>\n<link rel=\"canonical\" href=\"https:\/\/www.ferrovial.com\/es\/recursos\/definicion-de-cuenca-hidrica\/\" \/>\n<meta property=\"og:locale\" content=\"es_ES\" \/>\n<meta property=\"og:type\" content=\"article\" \/>\n<meta property=\"og:title\" content=\"Definici\u00f3n de Cuenca h\u00eddrica - Ferrovial\" \/>\n<meta property=\"og:description\" content=\"Es un \u00e1rea en la que confluyen todas las aguas pertenecientes a una misma red de drenaje natural.\" \/>\n<meta property=\"og:url\" content=\"https:\/\/www.ferrovial.com\/es\/recursos\/definicion-de-cuenca-hidrica\/\" \/>\n<meta property=\"og:site_name\" content=\"Ferrovial\" \/>\n<meta property=\"article:publisher\" content=\"https:\/\/www.facebook.com\/ferrovial\" \/>\n<meta property=\"article:modified_time\" content=\"2025-07-09T14:19:48+00:00\" \/>\n<meta name=\"twitter:card\" content=\"summary_large_image\" \/>\n<meta name=\"twitter:site\" content=\"@ferrovial\" \/>\n<meta name=\"twitter:label1\" content=\"Est. reading time\" \/>\n\t<meta name=\"twitter:data1\" content=\"3 minutos\" \/>\n<!-- \/ Yoast SEO plugin. -->","yoast_head_json":{"title":"Definici\u00f3n de Cuenca h\u00eddrica - Ferrovial","description":"Es un \u00e1rea en la que confluyen todas las aguas pertenecientes a una misma red de drenaje natural.","robots":{"index":"index","follow":"follow","max-snippet":"max-snippet:-1","max-image-preview":"max-image-preview:large","max-video-preview":"max-video-preview:-1"},"canonical":"https:\/\/www.ferrovial.com\/es\/recursos\/definicion-de-cuenca-hidrica\/","og_locale":"es_ES","og_type":"article","og_title":"Definici\u00f3n de Cuenca h\u00eddrica - Ferrovial","og_description":"Es un \u00e1rea en la que confluyen todas las aguas pertenecientes a una misma red de drenaje natural.","og_url":"https:\/\/www.ferrovial.com\/es\/recursos\/definicion-de-cuenca-hidrica\/","og_site_name":"Ferrovial","article_publisher":"https:\/\/www.facebook.com\/ferrovial","article_modified_time":"2025-07-09T14:19:48+00:00","twitter_card":"summary_large_image","twitter_site":"@ferrovial","twitter_misc":{"Est. reading time":"3 minutos"},"schema":{"@context":"https:\/\/schema.org","@graph":[{"@type":"WebPage","@id":"https:\/\/www.ferrovial.com\/es\/recursos\/definicion-de-cuenca-hidrica\/","url":"https:\/\/www.ferrovial.com\/es\/recursos\/definicion-de-cuenca-hidrica\/","name":"Definici\u00f3n de Cuenca h\u00eddrica - Ferrovial","isPartOf":{"@id":"https:\/\/www.ferrovial.com\/es\/#website"},"datePublished":"2023-05-19T08:33:33+00:00","dateModified":"2025-07-09T14:19:48+00:00","description":"Es un \u00e1rea en la que confluyen todas las aguas pertenecientes a una misma red de drenaje natural.","breadcrumb":{"@id":"https:\/\/www.ferrovial.com\/es\/recursos\/definicion-de-cuenca-hidrica\/#breadcrumb"},"inLanguage":"es","potentialAction":[{"@type":"ReadAction","target":["https:\/\/www.ferrovial.com\/es\/recursos\/definicion-de-cuenca-hidrica\/"]}]},{"@type":"BreadcrumbList","@id":"https:\/\/www.ferrovial.com\/es\/recursos\/definicion-de-cuenca-hidrica\/#breadcrumb","itemListElement":[{"@type":"ListItem","position":1,"name":"Portada","item":"https:\/\/www.ferrovial.com\/es\/"},{"@type":"ListItem","position":2,"name":"Recursos","item":"https:\/\/www.ferrovial.com\/es\/recursos\/"},{"@type":"ListItem","position":3,"name":"Definici\u00f3n de Cuenca h\u00eddrica"}]},{"@type":"WebSite","@id":"https:\/\/www.ferrovial.com\/es\/#website","url":"https:\/\/www.ferrovial.com\/es\/","name":"Ferrovial","description":"Welcome to the Ferrovial&#039;s website, global operator of sustainable infrastructure. Here you can find all the information about the company and subsidiaries.","publisher":{"@id":"https:\/\/www.ferrovial.com\/es\/#organization"},"potentialAction":[{"@type":"SearchAction","target":{"@type":"EntryPoint","urlTemplate":"https:\/\/www.ferrovial.com\/es\/?s={search_term_string}"},"query-input":{"@type":"PropertyValueSpecification","valueRequired":true,"valueName":"search_term_string"}}],"inLanguage":"es"},{"@type":"Organization","@id":"https:\/\/www.ferrovial.com\/es\/#organization","name":"Ferrovial S.A.","url":"https:\/\/www.ferrovial.com\/es\/","logo":{"@type":"ImageObject","inLanguage":"es","@id":"https:\/\/www.ferrovial.com\/es\/#\/schema\/logo\/image\/","url":"https:\/\/static.ferrovial.com\/wp-content\/uploads\/2020\/01\/13124948\/logo-ferrovial-cf7.png","contentUrl":"https:\/\/static.ferrovial.com\/wp-content\/uploads\/2020\/01\/13124948\/logo-ferrovial-cf7.png","width":144,"height":32,"caption":"Ferrovial S.A."},"image":{"@id":"https:\/\/www.ferrovial.com\/es\/#\/schema\/logo\/image\/"},"sameAs":["https:\/\/www.facebook.com\/ferrovial","https:\/\/x.com\/ferrovial","https:\/\/www.instagram.com\/ferrovial\/","https:\/\/www.linkedin.com\/company\/ferrovial","https:\/\/www.pinterest.es\/ferrovial\/","https:\/\/www.youtube.com\/ferrovial","https:\/\/en.wikipedia.org\/wiki\/Ferrovial"]}]}},"_links":{"self":[{"href":"https:\/\/www.ferrovial.com\/es\/wp-json\/wp\/v2\/pages\/261354","targetHints":{"allow":["GET"]}}],"collection":[{"href":"https:\/\/www.ferrovial.com\/es\/wp-json\/wp\/v2\/pages"}],"about":[{"href":"https:\/\/www.ferrovial.com\/es\/wp-json\/wp\/v2\/types\/page"}],"replies":[{"embeddable":true,"href":"https:\/\/www.ferrovial.com\/es\/wp-json\/wp\/v2\/comments?post=261354"}],"version-history":[{"count":2,"href":"https:\/\/www.ferrovial.com\/es\/wp-json\/wp\/v2\/pages\/261354\/revisions"}],"predecessor-version":[{"id":309357,"href":"https:\/\/www.ferrovial.com\/es\/wp-json\/wp\/v2\/pages\/261354\/revisions\/309357"}],"up":[{"embeddable":true,"href":"https:\/\/www.ferrovial.com\/es\/wp-json\/wp\/v2\/pages\/25267"}],"wp:attachment":[{"href":"https:\/\/www.ferrovial.com\/es\/wp-json\/wp\/v2\/media?parent=261354"}],"curies":[{"name":"wp","href":"https:\/\/api.w.org\/{rel}","templated":true}]}}