{"id":261396,"date":"2023-05-22T10:30:24","date_gmt":"2023-05-22T08:30:24","guid":{"rendered":"https:\/\/www.ferrovial.com\/?page_id=261396"},"modified":"2024-06-05T11:39:03","modified_gmt":"2024-06-05T09:39:03","slug":"energia-solar","status":"publish","type":"page","link":"https:\/\/www.ferrovial.com\/es\/recursos\/energia-solar\/","title":{"rendered":"Energ\u00eda Solar"},"content":{"rendered":"    <m-final-content-header >\n            <c-breadcrumb label-text=\"Breadcrumb\" slot=\"breadcrumbs\" type='2' align='left' wrap='wrapped wrapped' aria-label='Vienes de Recursos'>\n                        <ol>\n\n                                                            <li><a href=\"https:\/\/www.ferrovial.com\/es\/\" title=\"Ferrovial\">Ferrovial<\/a><\/li>\n                                                                        <li><a href=\"https:\/\/www.ferrovial.com\/es\/recursos\/\" title=\"Recursos\">Recursos<\/a><\/li>\n                                    \n                <\/ol>\n\n                <\/c-breadcrumb>\n    \n        <div slot=\"header\">\n            <h1>\n                Energ\u00eda Solar            <\/h1>\n                    <\/div>\n    <\/m-final-content-header>\n\n    \n\n\n<m-wysiwig class=\"wp-block-components-wysiwyg\"><div slot=\"maincontent\">\n<h2 class=\"wp-block-heading\"><strong>\u00bfQu\u00e9 es la energ\u00eda solar?<\/strong><\/h2>\n\n\n\n<p><script type=\"application\/ld+json\">\n{\n  \"@context\": \"https:\/\/schema.org\",\n  \"@type\": \"FAQPage\",\n  \"mainEntity\": [{\n    \"@type\": \"Question\",\n    \"name\": \"\u00bfQu\u00e9 es la energ\u00eda solar?\",\n    \"acceptedAnswer\": {\n      \"@type\": \"Answer\",\n      \"text\": \"La energ\u00eda solar es una forma de energ\u00eda renovable. Como su nombre lo indica, su fuente es el Sol; m\u00e1s espec\u00edficamente, la radiaci\u00f3n electromagn\u00e9tica que proviene de \u00e9l.\n\nLa energ\u00eda solar se puede aprovechar para generar dos tipos de energ\u00edas:\n\n<ol>\n<li>El\u00e9ctrica (sistema fotovoltaico)<\/li>\n<li>T\u00e9rmica (sistema fotot\u00e9rmico)<\/li>\n<\/ol>\"\n    }\n  },{\n    \"@type\": \"Question\",\n    \"name\": \"\u00bfCu\u00e1ndo se empez\u00f3 a utilizar la energ\u00eda solar?\",\n    \"acceptedAnswer\": {\n      \"@type\": \"Answer\",\n      \"text\": \"La energ\u00eda solar se ha utilizado desde la antig\u00fcedad como fuente de calor y para calentar y secar alimentos. Sin embargo, en lo que se refiere a la tecnolog\u00eda para el aprovechamiento de la energ\u00eda solar, los inicios se remontan al a\u00f1o 1839, cuando el f\u00edsico franc\u00e9s Alexandre Edmond Becquerel descubri\u00f3 el efecto fotovoltaico.\n\nLa primera c\u00e9lula fotovoltaica fue creada en Estados Unidos por Charles Fritts, en 1883. Consist\u00eda en una capa de selenio sobre una fina capa de oro, y su objetivo era medir la cantidad de luz que recib\u00edan las plantas. Esta c\u00e9lula primitiva ten\u00eda una eficiencia de apenas el 1%.\nNo fue sino hasta 1954 que se desarroll\u00f3 el primer dispositivo fotovoltaico compuesto por c\u00e9lulas solares de silicio en estado s\u00f3lido. Fue creado por los cient\u00edficos estadounidenses Daryl Chapin, Calvin Fuller y Gerald Pearson. Ten\u00eda un tama\u00f1o de apenas 4 cm2, y produc\u00eda una corriente el\u00e9ctrica de aproximadamente 0,1 amperios a una tensi\u00f3n de 0,5 voltios. La eficiencia de estas c\u00e9lulas era solo de 6%, mientras que los paneles solares de hoy alcanzan una eficiencia que ronda el 25%, e incluso 47% en condiciones de laboratorio.\"\n    }\n  },{\n    \"@type\": \"Question\",\n    \"name\": \"\u00bfQu\u00e9 es un panel solar y c\u00f3mo funciona?\",\n    \"acceptedAnswer\": {\n      \"@type\": \"Answer\",\n      \"text\": \"Un panel solar es una placa compuesta por una serie de dispositivos semiconductores, fabricados principalmente con silicio, llamados c\u00e9lulas solares.\nLas c\u00e9lulas solares de un panel est\u00e1n interconectadas y convierten la energ\u00eda solar en electricidad gracias al efecto fotovoltaico; es decir: los fotones de la luz solar excitan los electrones del material semiconductor de las c\u00e9lulas solares, creando una corriente el\u00e9ctrica.\n\nLa corriente generada por los paneles solares es una corriente continua. Esta corriente debe pasar por un inversor para ser transformada en corriente alterna y ser incorporada a la red el\u00e9ctrica.\"\n    }\n  },{\n    \"@type\": \"Question\",\n    \"name\": \"\u00bfQu\u00e9 es un colector solar t\u00e9rmico y c\u00f3mo funciona?\",\n    \"acceptedAnswer\": {\n      \"@type\": \"Answer\",\n      \"text\": \"Tambi\u00e9n llamado captador solar, un colector solar, es un dispositivo dise\u00f1ado para captar y utilizar la energ\u00eda solar para subir la temperatura de un fluido. Este fluido, luego, puede tener distintas aplicaciones, como: calefacci\u00f3n dom\u00e9stica, preparaci\u00f3n de alimentos, climatizaci\u00f3n de piscinas; e incluso algunas aplicaciones menos obvias como: refrigeraci\u00f3n (intercambiador de calor) y sustituci\u00f3n de combustibles f\u00f3siles dentro de instalaciones el\u00e9ctricas convencionales.\"\n    }\n  },{\n    \"@type\": \"Question\",\n    \"name\": \"\u00bfCu\u00e1les son las ventajas y las limitaciones de la energ\u00eda solar?\",\n    \"acceptedAnswer\": {\n      \"@type\": \"Answer\",\n      \"text\": \"Las principales ventajas de la energ\u00eda solar son las relacionadas con la sostenibilidad. Dado que la luz solar es un recurso virtualmente infinito, se considera la mayor fuente de energ\u00eda renovable.\nAdem\u00e1s, gracias a su popularizaci\u00f3n, la tecnolog\u00eda para aprovechar la energ\u00eda solar se ha hecho m\u00e1s asequible, creando as\u00ed un c\u00edrculo virtuoso de sostenibilidad, tanto ambiental como econ\u00f3mica.\n\nLas principales desventajas tienen que ver con la naturaleza de esta energ\u00eda, que es variable a lo largo del d\u00eda y del a\u00f1o, y con las condiciones clim\u00e1ticas espec\u00edficas, por lo que no se puede contar con una producci\u00f3n precisa.\n\nPor otro lado, la energ\u00eda solar con frecuencia es m\u00e1s abundante en momentos de menor demanda; por ejemplo: en invierno, cuando hay menos horas de luz, se utiliza m\u00e1s energ\u00eda para producir luz el\u00e9ctrica y climatizar los ambientes. Asimismo, durante las horas del d\u00eda es necesaria menos iluminaci\u00f3n artificial. Es por esto que los mayores retos de la energ\u00eda solar no tienen que ver con la producci\u00f3n, sino con el almacenamiento y distribuci\u00f3n.\nFinalmente, otra dificultad es la necesidad de grandes extensiones para la colocaci\u00f3n de paneles solares. Este problema se mitiga utilizando superficies muertas, como los techos, que est\u00e1n constantemente expuestos a la luz solar y, sin paneles, no son m\u00e1s que superficies ociosas.\"\n    }\n  },{\n    \"@type\": \"Question\",\n    \"name\": \"\u00bfCu\u00e1les son las potencias mundiales en energ\u00eda solar?\",\n    \"acceptedAnswer\": {\n      \"@type\": \"Answer\",\n      \"text\": \"Seg\u00fan el ranking establecido en 2021, el primer puesto mundial de potencia fotovoltaica instalada lo ocupa China (54,9 GW), seguida por los Estados Unidos (26,9 GW), quien supera a toda la Uni\u00f3n Europea por 0,1 puntos.\"\n    }\n  }]\n}\n<\/script><p>La energ\u00eda solar es una forma de <a href=\"https:\/\/www.ferrovial.com\/es\/recursos\/energias-renovables\/\" target=\"_blank\" rel=\"noreferrer noopener\"><strong>energ\u00eda renovable<\/strong><\/a>. Como su nombre lo indica, su fuente es el <strong>Sol<\/strong>; m\u00e1s espec\u00edficamente, la <strong>radiaci\u00f3n <\/strong><a href=\"https:\/\/www.ferrovial.com\/es\/stem\/electromagnetismo\/\" target=\"_blank\" rel=\"noreferrer noopener\"><strong>electromagn\u00e9tica<\/strong><\/a> que proviene de \u00e9l.<\/p><\/p>\n\n\n\n<p>La energ\u00eda solar se puede aprovechar para generar dos tipos de energ\u00edas:<\/p>\n\n\n\n<ol class=\"wp-block-list\">\n<li><strong>El\u00e9ctrica (sistema fotovoltaico)<\/strong><\/li>\n\n\n\n<li><strong>T\u00e9rmica (sistema fotot\u00e9rmico)<\/strong><\/li>\n<\/ol>\n\n\n\n<p>En el <strong>sistema fotovoltaico<\/strong>, la luz solar es captada por <strong>paneles solares <\/strong>y transformada en energ\u00eda el\u00e9ctrica para su aprovechamiento. En cambio, en el <strong>sistema fotot\u00e9rmico<\/strong>, la luz solar es captada por <strong>colectores solares t\u00e9rmicos <\/strong>y utilizada para generar calor.<\/p>\n\n\n\n<p>Dentro de las posibilidades de aprovechamiento de la energ\u00eda solar tambi\u00e9n se encuentran las <strong>t\u00e9cnicas pasivas<\/strong>, aplicadas por la <strong>arquitectura bioclim\u00e1tica <\/strong>para la edificaci\u00f3n de <a href=\"https:\/\/www.ferrovial.com\/es\/stem\/construccion-sostenible\/\" target=\"_blank\" rel=\"noreferrer noopener\">construcciones sostenibles<\/a>. Estas consisten en el dise\u00f1o de <a href=\"https:\/\/www.ferrovial.com\/es\/stem\/estructuras\/\" target=\"_blank\" rel=\"noreferrer noopener\">estructuras<\/a> para el mayor <strong>aprovechamiento de los recursos clim\u00e1ticos<\/strong>; por ejemplo: la <strong>energ\u00eda solar como fuente de <\/strong><a href=\"https:\/\/www.ferrovial.com\/es\/stem\/iluminacion\/\" target=\"_blank\" rel=\"noreferrer noopener\"><strong>iluminaci\u00f3n<\/strong><\/a><strong> natural o climatizaci\u00f3n para espacios<\/strong>.<\/p>\n\n\n\n<h2 class=\"wp-block-heading\"><strong>\u00bfCu\u00e1ndo se empez\u00f3 a utilizar la energ\u00eda solar?<\/strong><\/h2>\n\n\n\n<p>La energ\u00eda solar se ha utilizado desde la <strong>antig\u00fcedad <\/strong>como fuente de calor y para calentar y secar alimentos. Sin embargo, en lo que se refiere a la <strong>tecnolog\u00eda para el aprovechamiento de la energ\u00eda solar<\/strong>, los inicios se remontan al a\u00f1o <strong>1839<\/strong>, cuando el f\u00edsico franc\u00e9s Alexandre Edmond Becquerel descubri\u00f3 el <strong>efecto fotovoltaico<\/strong>.<\/p>\n\n\n\n<p>La <strong>primera c\u00e9lula fotovoltaica <\/strong>fue creada en Estados Unidos por Charles Fritts, en 1883. Consist\u00eda en una capa de <strong>selenio sobre una fina capa de oro<\/strong>, y su objetivo era medir la cantidad de luz que recib\u00edan las plantas. Esta c\u00e9lula primitiva ten\u00eda una <strong>eficiencia de apenas el 1%<\/strong>.<\/p>\n\n\n\n<p>No fue sino hasta <strong>1954 <\/strong>que se desarroll\u00f3 el primer dispositivo fotovoltaico compuesto por c\u00e9lulas solares de <strong>silicio en estado s\u00f3lido<\/strong>. Fue creado por los cient\u00edficos estadounidenses Daryl Chapin, Calvin Fuller y Gerald Pearson. Ten\u00eda un tama\u00f1o de apenas 4 cm<sup>2<\/sup>, y produc\u00eda una corriente el\u00e9ctrica de aproximadamente 0,1 amperios a una tensi\u00f3n de 0,5 voltios. La eficiencia de estas c\u00e9lulas era solo de 6%, mientras que los paneles solares de hoy alcanzan una eficiencia que ronda el 25%, e incluso 47% en condiciones de laboratorio.<\/p>\n\n\n\n<h2 class=\"wp-block-heading\"><strong>\u00bfQu\u00e9 es un panel solar y c\u00f3mo funciona?<\/strong><\/h2>\n\n\n\n<p>Un panel solar es una placa compuesta por una serie de <strong>dispositivos <\/strong><a href=\"https:\/\/www.ferrovial.com\/es\/recursos\/materiales-conductores\/\" target=\"_blank\" rel=\"noreferrer noopener\"><strong>semiconductores<\/strong><\/a>, fabricados principalmente con silicio, llamados <strong>c\u00e9lulas solares<\/strong>.<\/p>\n\n\n\n<p>Las c\u00e9lulas solares de un panel est\u00e1n interconectadas y <strong>convierten la energ\u00eda solar en electricidad <\/strong>gracias al <strong>efecto fotovoltaico<\/strong>; es decir: los <strong>fotones <\/strong>de la luz solar excitan los <strong>electrones <\/strong>del material semiconductor de las c\u00e9lulas solares, creando una <a href=\"https:\/\/www.ferrovial.com\/es\/stem\/corriente-electrica\/\" target=\"_blank\" rel=\"noreferrer noopener\"><strong>corriente el\u00e9ctrica<\/strong><\/a>.<\/p>\n\n\n\n<p>La corriente generada por los paneles solares es una <strong>corriente continua<\/strong>. Esta corriente debe pasar por un <strong>inversor<\/strong> para ser transformada en <strong>corriente alterna <\/strong>y ser incorporada a la <strong>red el\u00e9ctrica<\/strong>.<\/p>\n\n\n\n<h2 class=\"wp-block-heading\"><strong>\u00bfQu\u00e9 es un colector solar t\u00e9rmico y c\u00f3mo funciona?<\/strong><\/h2>\n\n\n\n<p>Tambi\u00e9n llamado <strong>captador solar<\/strong>, un colector solar, es un dispositivo dise\u00f1ado para <strong>captar y utilizar la energ\u00eda solar para subir la temperatura de un fluido<\/strong>. Este fluido, luego, puede tener distintas <strong>aplicaciones<\/strong>, como: calefacci\u00f3n dom\u00e9stica, preparaci\u00f3n de alimentos, climatizaci\u00f3n de piscinas; e incluso algunas aplicaciones menos obvias como: refrigeraci\u00f3n (intercambiador de calor) y sustituci\u00f3n de combustibles f\u00f3siles dentro de instalaciones el\u00e9ctricas convencionales.<\/p>\n\n\n\n<p>Seg\u00fan su aplicaci\u00f3n, se pueden utilizar distintos tipos de colectores:<\/p>\n\n\n\n<ul class=\"wp-block-list\">\n<li><strong>De baja temperatura: <\/strong>para aplicaciones dom\u00e9sticas. Puede ser plano (tambi\u00e9n se le conoce como <strong>panel solar t\u00e9rmico<\/strong>) o de tubos.<\/li>\n\n\n\n<li><strong>De alta temperatura: <\/strong>conocido como concentrador solar, funciona con un sistema de espejos.<\/li>\n\n\n\n<li><strong>De muy alta temperatura: <\/strong>conocido como <strong>horno solar<\/strong>, es capaz de obtener temperaturas muy elevadas, y tambi\u00e9n funciona con espejos.<\/li>\n<\/ul>\n\n\n\n<h2 class=\"wp-block-heading\"><strong>\u00bfCu\u00e1les son las ventajas y las limitaciones de la energ\u00eda solar?<\/strong><\/h2>\n\n\n\n<p>Las principales <strong>ventajas<\/strong> de la energ\u00eda solar son las relacionadas con la <a href=\"https:\/\/www.ferrovial.com\/blog\/es\/2021\/04\/sostenibilidad-una-herramienta-para-la-competitividad\/\" target=\"_blank\" rel=\"noreferrer noopener\"><strong>sostenibilidad<\/strong><\/a>. Dado que la luz solar es un recurso <strong>virtualmente infinito<\/strong>, se considera la <strong>mayor fuente de energ\u00eda renovable<\/strong>.<\/p>\n\n\n\n<p>Adem\u00e1s, gracias a su popularizaci\u00f3n, la tecnolog\u00eda para aprovechar la energ\u00eda solar se ha hecho m\u00e1s <strong>asequible<\/strong>, creando as\u00ed un <strong>c\u00edrculo virtuoso de sostenibilidad, tanto ambiental como econ\u00f3mica<\/strong>.<\/p>\n\n\n\n<p>Las principales <strong>desventajas <\/strong>tienen que ver con la naturaleza de esta energ\u00eda, que es <strong>variable <\/strong>a lo largo del d\u00eda y del a\u00f1o, y con las condiciones clim\u00e1ticas espec\u00edficas, por lo que no se puede contar con una producci\u00f3n precisa.<\/p>\n\n\n\n<p>Por otro lado, la energ\u00eda solar con frecuencia es <strong>m\u00e1s abundante en momentos de menor demanda<\/strong>; por ejemplo: en invierno, cuando hay menos horas de luz, se utiliza m\u00e1s energ\u00eda para producir luz el\u00e9ctrica y climatizar los ambientes. Asimismo, durante las horas del d\u00eda es necesaria menos iluminaci\u00f3n artificial. Es por esto que los <strong>mayores retos de la energ\u00eda solar <\/strong>no tienen que ver con la producci\u00f3n, sino con el <strong>almacenamiento y distribuci\u00f3n<\/strong>.<\/p>\n\n\n\n<p>Finalmente, otra dificultad es la necesidad de <strong>grandes extensiones para la colocaci\u00f3n de paneles solares<\/strong>. Este problema se mitiga utilizando superficies muertas, como los <strong>techos<\/strong>, que est\u00e1n constantemente expuestos a la luz solar y, sin paneles, no son m\u00e1s que superficies ociosas.<\/p>\n\n\n\n<h2 class=\"wp-block-heading\"><strong>\u00bfCu\u00e1les son las potencias mundiales en energ\u00eda solar?<\/strong><\/h2>\n\n\n\n<p>Seg\u00fan el ranking establecido en 2021, el primer puesto mundial de <strong>potencia fotovoltaica instalada <\/strong>lo ocupa <strong>China <\/strong>(54,9 GW), seguida por los <strong>Estados Unidos <\/strong>(26,9 GW), quien supera a toda la <strong>Uni\u00f3n Europea<\/strong> por 0,1 puntos.&nbsp;<\/p>\n<\/div><\/m-wysiwig>\n\n\n    <m-projects-distributor2 :translations='{\n        &quot;prev&quot;:&quot;Anterior&quot;,\n        &quot;next&quot;:&quot;Siguiente&quot;,\n        &quot;paginationseparator&quot;:&quot;de&quot;\n    }'>\n                        <h2 slot=\"title\">\n                Nuestros proyectos destacados                <\/h2>\n                        <a slot='button' title='Conoce nuestros proyectos ' href='https:\/\/www.ferrovial.com\/es\/cintra\/proyectos\/'>\n            Conoce nuestros proyectos         <\/a>\n\n            <\/m-projects-distributor2>\n\n    ","protected":false},"excerpt":{"rendered":"","protected":false},"featured_media":0,"parent":25267,"menu_order":0,"comment_status":"closed","ping_status":"closed","template":"","meta":{"_acf_changed":false,"footnotes":""},"class_list":["post-261396","page","type-page","status-publish","hentry"],"acf":[],"yoast_head":"<!-- This site is optimized with the Yoast SEO plugin v27.2 - https:\/\/yoast.com\/product\/yoast-seo-wordpress\/ -->\n<title>Energ\u00eda Solar, qu\u00e9 es, usos, funcionamiento, ventajas y limitaciones<\/title>\n<meta name=\"description\" content=\"La energ\u00eda solar se puede aprovechar para generar dos tipos de energ\u00edas: El\u00e9ctrica (sistema fotovoltaico) y T\u00e9rmica (sistema fotot\u00e9rmico)\" \/>\n<meta name=\"robots\" content=\"index, follow, max-snippet:-1, max-image-preview:large, max-video-preview:-1\" \/>\n<link rel=\"canonical\" href=\"https:\/\/www.ferrovial.com\/es\/recursos\/energia-solar\/\" \/>\n<meta property=\"og:locale\" content=\"es_ES\" \/>\n<meta property=\"og:type\" content=\"article\" \/>\n<meta property=\"og:title\" content=\"Energ\u00eda Solar, qu\u00e9 es, usos, funcionamiento, ventajas y limitaciones\" \/>\n<meta property=\"og:description\" content=\"La energ\u00eda solar se puede aprovechar para generar dos tipos de energ\u00edas: El\u00e9ctrica (sistema fotovoltaico) y T\u00e9rmica (sistema fotot\u00e9rmico)\" \/>\n<meta property=\"og:url\" content=\"https:\/\/www.ferrovial.com\/es\/recursos\/energia-solar\/\" \/>\n<meta property=\"og:site_name\" content=\"Ferrovial\" \/>\n<meta property=\"article:publisher\" content=\"https:\/\/www.facebook.com\/ferrovial\" \/>\n<meta property=\"article:modified_time\" content=\"2024-06-05T09:39:03+00:00\" \/>\n<meta name=\"twitter:card\" content=\"summary_large_image\" \/>\n<meta name=\"twitter:site\" content=\"@ferrovial\" \/>\n<meta name=\"twitter:label1\" content=\"Est. reading time\" \/>\n\t<meta name=\"twitter:data1\" content=\"4 minutos\" \/>\n<!-- \/ Yoast SEO plugin. -->","yoast_head_json":{"title":"Energ\u00eda Solar, qu\u00e9 es, usos, funcionamiento, ventajas y limitaciones","description":"La energ\u00eda solar se puede aprovechar para generar dos tipos de energ\u00edas: El\u00e9ctrica (sistema fotovoltaico) y T\u00e9rmica (sistema fotot\u00e9rmico)","robots":{"index":"index","follow":"follow","max-snippet":"max-snippet:-1","max-image-preview":"max-image-preview:large","max-video-preview":"max-video-preview:-1"},"canonical":"https:\/\/www.ferrovial.com\/es\/recursos\/energia-solar\/","og_locale":"es_ES","og_type":"article","og_title":"Energ\u00eda Solar, qu\u00e9 es, usos, funcionamiento, ventajas y limitaciones","og_description":"La energ\u00eda solar se puede aprovechar para generar dos tipos de energ\u00edas: El\u00e9ctrica (sistema fotovoltaico) y T\u00e9rmica (sistema fotot\u00e9rmico)","og_url":"https:\/\/www.ferrovial.com\/es\/recursos\/energia-solar\/","og_site_name":"Ferrovial","article_publisher":"https:\/\/www.facebook.com\/ferrovial","article_modified_time":"2024-06-05T09:39:03+00:00","twitter_card":"summary_large_image","twitter_site":"@ferrovial","twitter_misc":{"Est. reading time":"4 minutos"},"schema":{"@context":"https:\/\/schema.org","@graph":[{"@type":"WebPage","@id":"https:\/\/www.ferrovial.com\/es\/recursos\/energia-solar\/","url":"https:\/\/www.ferrovial.com\/es\/recursos\/energia-solar\/","name":"Energ\u00eda Solar, qu\u00e9 es, usos, funcionamiento, ventajas y limitaciones","isPartOf":{"@id":"https:\/\/www.ferrovial.com\/es\/#website"},"datePublished":"2023-05-22T08:30:24+00:00","dateModified":"2024-06-05T09:39:03+00:00","description":"La energ\u00eda solar se puede aprovechar para generar dos tipos de energ\u00edas: El\u00e9ctrica (sistema fotovoltaico) y T\u00e9rmica (sistema fotot\u00e9rmico)","breadcrumb":{"@id":"https:\/\/www.ferrovial.com\/es\/recursos\/energia-solar\/#breadcrumb"},"inLanguage":"es","potentialAction":[{"@type":"ReadAction","target":["https:\/\/www.ferrovial.com\/es\/recursos\/energia-solar\/"]}]},{"@type":"BreadcrumbList","@id":"https:\/\/www.ferrovial.com\/es\/recursos\/energia-solar\/#breadcrumb","itemListElement":[{"@type":"ListItem","position":1,"name":"Portada","item":"https:\/\/www.ferrovial.com\/es\/"},{"@type":"ListItem","position":2,"name":"Recursos","item":"https:\/\/www.ferrovial.com\/es\/recursos\/"},{"@type":"ListItem","position":3,"name":"Energ\u00eda Solar"}]},{"@type":"WebSite","@id":"https:\/\/www.ferrovial.com\/es\/#website","url":"https:\/\/www.ferrovial.com\/es\/","name":"Ferrovial","description":"Welcome to the Ferrovial&#039;s website, global operator of sustainable infrastructure. Here you can find all the information about the company and subsidiaries.","publisher":{"@id":"https:\/\/www.ferrovial.com\/es\/#organization"},"potentialAction":[{"@type":"SearchAction","target":{"@type":"EntryPoint","urlTemplate":"https:\/\/www.ferrovial.com\/es\/?s={search_term_string}"},"query-input":{"@type":"PropertyValueSpecification","valueRequired":true,"valueName":"search_term_string"}}],"inLanguage":"es"},{"@type":"Organization","@id":"https:\/\/www.ferrovial.com\/es\/#organization","name":"Ferrovial S.A.","url":"https:\/\/www.ferrovial.com\/es\/","logo":{"@type":"ImageObject","inLanguage":"es","@id":"https:\/\/www.ferrovial.com\/es\/#\/schema\/logo\/image\/","url":"https:\/\/static.ferrovial.com\/wp-content\/uploads\/2020\/01\/13124948\/logo-ferrovial-cf7.png","contentUrl":"https:\/\/static.ferrovial.com\/wp-content\/uploads\/2020\/01\/13124948\/logo-ferrovial-cf7.png","width":144,"height":32,"caption":"Ferrovial S.A."},"image":{"@id":"https:\/\/www.ferrovial.com\/es\/#\/schema\/logo\/image\/"},"sameAs":["https:\/\/www.facebook.com\/ferrovial","https:\/\/x.com\/ferrovial","https:\/\/www.instagram.com\/ferrovial\/","https:\/\/www.linkedin.com\/company\/ferrovial","https:\/\/www.pinterest.es\/ferrovial\/","https:\/\/www.youtube.com\/ferrovial","https:\/\/en.wikipedia.org\/wiki\/Ferrovial"]}]}},"_links":{"self":[{"href":"https:\/\/www.ferrovial.com\/es\/wp-json\/wp\/v2\/pages\/261396","targetHints":{"allow":["GET"]}}],"collection":[{"href":"https:\/\/www.ferrovial.com\/es\/wp-json\/wp\/v2\/pages"}],"about":[{"href":"https:\/\/www.ferrovial.com\/es\/wp-json\/wp\/v2\/types\/page"}],"replies":[{"embeddable":true,"href":"https:\/\/www.ferrovial.com\/es\/wp-json\/wp\/v2\/comments?post=261396"}],"version-history":[{"count":3,"href":"https:\/\/www.ferrovial.com\/es\/wp-json\/wp\/v2\/pages\/261396\/revisions"}],"predecessor-version":[{"id":283105,"href":"https:\/\/www.ferrovial.com\/es\/wp-json\/wp\/v2\/pages\/261396\/revisions\/283105"}],"up":[{"embeddable":true,"href":"https:\/\/www.ferrovial.com\/es\/wp-json\/wp\/v2\/pages\/25267"}],"wp:attachment":[{"href":"https:\/\/www.ferrovial.com\/es\/wp-json\/wp\/v2\/media?parent=261396"}],"curies":[{"name":"wp","href":"https:\/\/api.w.org\/{rel}","templated":true}]}}